{"id":14679,"date":"2023-05-29T16:57:09","date_gmt":"2023-05-29T08:57:09","guid":{"rendered":"https:\/\/www.agriculture-machine.com\/?page_id=14679"},"modified":"2023-05-29T17:52:28","modified_gmt":"2023-05-29T09:52:28","slug":"corporate-culture","status":"publish","type":"page","link":"https:\/\/www.agriculture-machine.com\/de\/corporate-culture\/","title":{"rendered":"Unternehmenskultur"},"content":{"rendered":"<p class=\"translation-block\"><strong>Taizys Unternehmenskultur: Lassen Sie chinesische Maschinen jeden Winkel der Welt ver\u00e4ndern!<\/strong><\/p>    <p>Unsere Unternehmenskultur basiert auf den folgenden Kernelementen, die darauf abzielen, die kollektiven Anstrengungen unserer Mitarbeiter bei der Erreichung unserer Mission und Vision zu lenken.<\/p>    <p class=\"translation-block\"><strong>Unternehmensmission:<\/strong> Chinesische Maschinen bef\u00e4higen, jeden Winkel der Welt zu ver\u00e4ndern<\/p>    <p>Als Maschinenhersteller ist es unsere Mission, chinesische Maschinen eine Rolle spielen zu lassen, Ver\u00e4nderungen herbeizuf\u00fchren und jeden Winkel der Welt durch Innovation und hochwertige Produkte zu beeinflussen. Wir verpflichten uns, fortschrittliche, zuverl\u00e4ssige und effiziente Maschinenl\u00f6sungen anzubieten, die unseren Kunden Mehrwert schaffen.<\/p>    <p class=\"translation-block\"><strong>Unternehmensvision:<\/strong> Mehr Wert f\u00fcr Kunden schaffen, Wachstum f\u00fcr Mitarbeiter f\u00f6rdern!<\/p>    <p>Unsere Vision ist es, ein vertrauensw\u00fcrdiger Partner f\u00fcr unsere Kunden zu werden, kontinuierlich Mehrwert durch au\u00dfergew\u00f6hnliche Produkte und Dienstleistungen zu bieten. Gleichzeitig setzen wir uns daf\u00fcr ein, eine Umgebung f\u00fcr unsere Mitarbeiter zu schaffen, die Entwicklungsm\u00f6glichkeiten, Herausforderungen und eine Plattform f\u00fcr pers\u00f6nliches und berufliches Wachstum bietet.<\/p>    <p class=\"translation-block\"><strong>Taizy-Werte:<\/strong> Integrit\u00e4t, Dankbarkeit, Altruismus, Positive Energie, Ver\u00e4nderung annehmen, Teamgeist<\/p>    <figure class=\"wp-block-image size-full\"><img loading=\"lazy\" decoding=\"async\" width=\"720\" height=\"540\" src=\"https:\/\/www.agriculture-machine.com\/wp-content\/uploads\/2023\/05\/Corporate-culture-.webp\" alt=\"\" class=\"wp-image-14688\" srcset=\"https:\/\/www.agriculture-machine.com\/wp-content\/uploads\/2023\/05\/Corporate-culture-.webp 720w, https:\/\/www.agriculture-machine.com\/wp-content\/uploads\/2023\/05\/Corporate-culture--360x270.webp 360w, https:\/\/www.agriculture-machine.com\/wp-content\/uploads\/2023\/05\/Corporate-culture--240x180.webp 240w\" sizes=\"auto, (max-width: 720px) 100vw, 720px\" \/><\/figure>    <p>In unserer Unternehmenskultur halten wir uns an die folgenden Taizy-Werte als Leitprinzipien und Ausdruck unseres Geistes:<\/p>    <p class=\"translation-block\"><strong>Integrit\u00e4t:<\/strong> Wir bauen vertrauensvolle Beziehungen zu unseren Kunden, Partnern und Mitarbeitern auf, die auf Integrit\u00e4t basieren. Wir vertreten Prinzipien von Ehrlichkeit, Integrit\u00e4t und Fairness und halten unsere Verpflichtungen stets ein.<\/p>    <p class=\"translation-block\"><strong>Dankbarkeit:<\/strong> Wir dr\u00fccken unsere Dankbarkeit f\u00fcr die Unterst\u00fctzung und das Vertrauen unserer Kunden, die Hingabe unserer Mitarbeiter und die Hilfe unserer Partner aus. Wir sch\u00e4tzen kooperative Beziehungen und w\u00fcrdigen die Beitr\u00e4ge anderer.<\/p>    <p class=\"translation-block\"><strong>Altruismus:<\/strong> Wir legen Wert auf Altruismus, k\u00fcmmern uns um die Bed\u00fcrfnisse und Interessen anderer und sehen es als unsere Verantwortung an, ihnen zu dienen. Wir ermutigen die Mitarbeiter, einander zu helfen und zu unterst\u00fctzen, um den Erfolg des Teams zu sichern.<\/p>    <p class=\"translation-block\"><strong>Positive Energie:<\/strong> Wir f\u00f6rdern aktiv positive Energie, ermutigen die Mitarbeiter, bei Herausforderungen und Schwierigkeiten eine optimistische Haltung zu bewahren. Wir sind \u00fcberzeugt, dass eine positive Einstellung Innovationen inspiriert und Ver\u00e4nderungen vorantreibt.<\/p>    <p class=\"translation-block\"><strong>Ver\u00e4nderung annehmen:<\/strong> Wir nehmen Ver\u00e4nderungen an, erkennen ihre Unvermeidlichkeit an und streben kontinuierlich nach Verbesserung und Innovation. Wir ermutigen die Mitarbeiter, sich an Ver\u00e4nderungen anzupassen und mutig neue Herausforderungen anzunehmen.<\/p>    <p class=\"translation-block\"><strong>Teamgeist:<\/strong> Wir bef\u00fcrworten Teamgeist, f\u00f6rdern Zusammenarbeit, Kommunikation und Kooperation unter den Mitarbeitern. Wir glauben an die Kraft der Einheit und daran, gemeinsam Exzellenz zu erreichen.<\/p>    <p>Durch eine solche Unternehmenskultur glauben wir, dass wir unsere Mission und Vision erreichen k\u00f6nnen und ein einflussreiches Unternehmen werden.<\/p>    <figure class=\"wp-block-image size-full\"><img loading=\"lazy\" decoding=\"async\" width=\"720\" height=\"540\" src=\"https:\/\/www.agriculture-machine.com\/wp-content\/uploads\/2023\/05\/Corporate-culture1-.webp\" alt=\"\" class=\"wp-image-14690\" srcset=\"https:\/\/www.agriculture-machine.com\/wp-content\/uploads\/2023\/05\/Corporate-culture1-.webp 720w, https:\/\/www.agriculture-machine.com\/wp-content\/uploads\/2023\/05\/Corporate-culture1--360x270.webp 360w, https:\/\/www.agriculture-machine.com\/wp-content\/uploads\/2023\/05\/Corporate-culture1--240x180.webp 240w\" sizes=\"auto, (max-width: 720px) 100vw, 720px\" \/><\/figure>","protected":false},"excerpt":{"rendered":"<p>Taizy&#8217;s Corporate Culture: Let Chinese Machines Change Every Corner of the World! Our corporate culture is built upon the following core elements, aiming to guide our employees&#8217; collective efforts in achieving our mission and vision. Corporate Mission: Empowering Chinese Machines to Transform Every Corner of the World As a machine manufacturing company, our mission is [&hellip;]<\/p>\n","protected":false},"author":1,"featured_media":0,"parent":0,"menu_order":0,"comment_status":"closed","ping_status":"closed","template":"","meta":{"footnotes":""},"class_list":["post-14679","page","type-page","status-publish","hentry"],"_links":{"self":[{"href":"https:\/\/www.agriculture-machine.com\/de\/wp-json\/wp\/v2\/pages\/14679","targetHints":{"allow":["GET"]}}],"collection":[{"href":"https:\/\/www.agriculture-machine.com\/de\/wp-json\/wp\/v2\/pages"}],"about":[{"href":"https:\/\/www.agriculture-machine.com\/de\/wp-json\/wp\/v2\/types\/page"}],"author":[{"embeddable":true,"href":"https:\/\/www.agriculture-machine.com\/de\/wp-json\/wp\/v2\/users\/1"}],"replies":[{"embeddable":true,"href":"https:\/\/www.agriculture-machine.com\/de\/wp-json\/wp\/v2\/comments?post=14679"}],"version-history":[{"count":0,"href":"https:\/\/www.agriculture-machine.com\/de\/wp-json\/wp\/v2\/pages\/14679\/revisions"}],"wp:attachment":[{"href":"https:\/\/www.agriculture-machine.com\/de\/wp-json\/wp\/v2\/media?parent=14679"}],"curies":[{"name":"wp","href":"https:\/\/api.w.org\/{rel}","templated":true}]}}