{"id":14683,"date":"2023-05-29T16:56:18","date_gmt":"2023-05-29T08:56:18","guid":{"rendered":"https:\/\/www.agriculture-machine.com\/?page_id=14683"},"modified":"2023-05-29T17:51:22","modified_gmt":"2023-05-29T09:51:22","slug":"global-customer","status":"publish","type":"page","link":"https:\/\/www.agriculture-machine.com\/de\/global-customer\/","title":{"rendered":"Weltweite Kunden"},"content":{"rendered":"<p>Seit der Gr\u00fcndung von Taizy sind wir im Exportgesch\u00e4ft t\u00e4tig und bedienen Kunden weltweit. Nach Jahren der Entwicklung haben sich unsere Kunden auf viele L\u00e4nder ausgedehnt. Zum Beispiel Nigeria, Ghana, Tansania, Peru, Philippinen, S\u00fcdafrika, Angola, Portugal, Marokko usw. Wir haben die Unterst\u00fctzung von Kunden in vielen L\u00e4ndern gewonnen, dank der folgenden Qualit\u00e4ten:<\/p>    <figure class=\"wp-block-image size-full\"><img loading=\"lazy\" decoding=\"async\" width=\"720\" height=\"540\" src=\"https:\/\/www.agriculture-machine.com\/wp-content\/uploads\/2023\/05\/global-customer-.webp\" alt=\"\" class=\"wp-image-14692\" srcset=\"https:\/\/www.agriculture-machine.com\/wp-content\/uploads\/2023\/05\/global-customer-.webp 720w, https:\/\/www.agriculture-machine.com\/wp-content\/uploads\/2023\/05\/global-customer--360x270.webp 360w, https:\/\/www.agriculture-machine.com\/wp-content\/uploads\/2023\/05\/global-customer--240x180.webp 240w\" sizes=\"auto, (max-width: 720px) 100vw, 720px\" \/><\/figure>    <p class=\"translation-block\"><strong>Reiche Exporterfahrung:<\/strong> Mit jahrelanger Exporterfahrung haben wir ein umfangreiches Wissen und Fachkenntnisse gesammelt, um unseren Kunden bei der L\u00f6sung verschiedener Exportprobleme zu helfen. Wir verstehen die Komplexit\u00e4ten und Herausforderungen des Exportprozesses und verpflichten uns, umfassende Unterst\u00fctzung und Beratung zu bieten.<\/p>    <p class=\"translation-block\"><strong>Ma\u00dfgeschneiderter Service:<\/strong> Eine der Kernst\u00e4rken von Taizy ist die F\u00e4higkeit, die richtige Ausr\u00fcstung zu empfehlen und professionelle L\u00f6sungen anzubieten, um die einzigartigen Bed\u00fcrfnisse unserer Kunden zu erf\u00fcllen. Dar\u00fcber hinaus k\u00f6nnen wir auch einzigartige Ausr\u00fcstung erstellen, um den Bed\u00fcrfnissen unserer Kunden gerecht zu werden und ihnen einen reibungslosen Gesch\u00e4ftsstart zu erm\u00f6glichen.<\/p>    <p class=\"translation-block\"><strong>Die vielf\u00e4ltige Palette an Dienstleistungen:<\/strong> Wir bieten die beste L\u00f6sung und einen All-in-One-Service f\u00fcr verschiedene Arten von landwirtschaftlicher Ausr\u00fcstung. Wir bieten Gro\u00dfh\u00e4ndlern, H\u00e4ndlern und Verkaufsvertretern Unterst\u00fctzung f\u00fcr ihre lokalen Gesch\u00e4fte. Wir verf\u00fcgen \u00fcber umfangreiche Erfahrung in der Durchf\u00fchrung von Ausschreibungsprojekten f\u00fcr NGOs, FAO, UNDP und Regierungsbeschaffungen.<\/p>    <p class=\"translation-block\"><strong>Hochwertige Ausr\u00fcstung:<\/strong> Bei Taizy hat Qualit\u00e4t oberste Priorit\u00e4t. Wir halten uns an strenge Standards und Qualit\u00e4tskontrollma\u00dfnahmen, um sicherzustellen, dass unsere Ausr\u00fcstung internationalen Standards entspricht und diese \u00fcbertrifft. Wir sind stolz auf die Haltbarkeit, Zuverl\u00e4ssigkeit und Leistung unserer Produkte.<\/p>    <p>Sie sind herzlich eingeladen, unsere Website zu durchsuchen. Unsere Ausr\u00fcstung enth\u00e4lt die meisten Dinge, die Sie f\u00fcr landwirtschaftliche Arbeiten ben\u00f6tigen. Wir k\u00f6nnen eine umfassende Palette an Ausr\u00fcstung und L\u00f6sungen anbieten. Z\u00f6gern Sie nicht, uns nach unserer landwirtschaftlichen Ausr\u00fcstung zu fragen. Unser Team von Fachleuten steht Ihnen zur Verf\u00fcgung.<\/p>    <figure class=\"wp-block-image size-full\"><img loading=\"lazy\" decoding=\"async\" width=\"720\" height=\"540\" src=\"https:\/\/www.agriculture-machine.com\/wp-content\/uploads\/2023\/05\/Global-customer-2.webp\" alt=\"\" class=\"wp-image-14694\" srcset=\"https:\/\/www.agriculture-machine.com\/wp-content\/uploads\/2023\/05\/Global-customer-2.webp 720w, https:\/\/www.agriculture-machine.com\/wp-content\/uploads\/2023\/05\/Global-customer-2-360x270.webp 360w, https:\/\/www.agriculture-machine.com\/wp-content\/uploads\/2023\/05\/Global-customer-2-240x180.webp 240w\" sizes=\"auto, (max-width: 720px) 100vw, 720px\" \/><\/figure>","protected":false},"excerpt":{"rendered":"<p>Since the establishment of Taizy, we have been in the export business, serving customers worldwide. After years of development, our customers have spread to many countries. For example Nigeria, Ghana, Tanzania, Peru, Philippines, South Africa, Angola, Portugal, Morocco, etc We have won the support of customers in many countries due to the following qualities: Rich [&hellip;]<\/p>\n","protected":false},"author":1,"featured_media":0,"parent":0,"menu_order":0,"comment_status":"closed","ping_status":"closed","template":"","meta":{"footnotes":""},"class_list":["post-14683","page","type-page","status-publish","hentry"],"_links":{"self":[{"href":"https:\/\/www.agriculture-machine.com\/de\/wp-json\/wp\/v2\/pages\/14683","targetHints":{"allow":["GET"]}}],"collection":[{"href":"https:\/\/www.agriculture-machine.com\/de\/wp-json\/wp\/v2\/pages"}],"about":[{"href":"https:\/\/www.agriculture-machine.com\/de\/wp-json\/wp\/v2\/types\/page"}],"author":[{"embeddable":true,"href":"https:\/\/www.agriculture-machine.com\/de\/wp-json\/wp\/v2\/users\/1"}],"replies":[{"embeddable":true,"href":"https:\/\/www.agriculture-machine.com\/de\/wp-json\/wp\/v2\/comments?post=14683"}],"version-history":[{"count":0,"href":"https:\/\/www.agriculture-machine.com\/de\/wp-json\/wp\/v2\/pages\/14683\/revisions"}],"wp:attachment":[{"href":"https:\/\/www.agriculture-machine.com\/de\/wp-json\/wp\/v2\/media?parent=14683"}],"curies":[{"name":"wp","href":"https:\/\/api.w.org\/{rel}","templated":true}]}}