{"id":10078,"date":"2021-04-22T15:14:47","date_gmt":"2021-04-22T07:14:47","guid":{"rendered":"https:\/\/www.agriculture-machine.com\/?p=10078"},"modified":"2024-09-18T16:16:09","modified_gmt":"2024-09-18T08:16:09","slug":"thresher-machine-5td-50-for-rice-wheat-bean-corn-sorghum-millet","status":"publish","type":"product","link":"https:\/\/www.agriculture-machine.com\/de\/thresher-machine-5td-50-for-rice-wheat-bean-corn-sorghum-millet\/","title":{"rendered":"Sch\u00e4lmaschine 5TD-50 f\u00fcr Reis, Weizen, Bohnen, Mais, Sorghum, Hirse"},"content":{"rendered":"<p>Die TD-Serie Maschine ist unsere neueste Reaper. Derzeit haben wir 5TD-50, 5TD-70, 5TD-90, 5TD-125, 5TD-1000. Dieser Artikel teilt haupts\u00e4chlich die Reaper-Maschine 5TD-50 mit Ihnen.<\/p> <h2>Welche Kulturen kann diese Reaper verarbeiten?<\/h2> <p>Diese Reaper-Maschine kann zum Dreschen von Sojabohnen, Mais, Reis, Weizen, Quinoa, Raps, Sorghum, Hirse usw. verwendet werden. Sie m\u00fcssen die Siebgr\u00f6\u00dfe nicht \u00e4ndern, sondern nur den Rollabstand anpassen, wenn Sie verschiedene Kulturen dreschen.<\/p> <figure id=\"attachment_10082\" aria-describedby=\"caption-attachment-10082\" style=\"width: 720px\" class=\"wp-caption alignnone\"><img loading=\"lazy\" decoding=\"async\" class=\"size-full wp-image-10082\" src=\"https:\/\/www.agriculture-machine.com\/wp-content\/uploads\/2021\/04\/5-TD-thresher-for-rice-wheat-corn-beans-rape-sorghum.jpg\" alt=\"5-TD Reaper f\u00fcr Reis, Weizen, Mais, Bohnen, Raps, Sorghum\" width=\"720\" height=\"540\" srcset=\"https:\/\/www.agriculture-machine.com\/wp-content\/uploads\/2021\/04\/5-TD-thresher-for-rice-wheat-corn-beans-rape-sorghum.jpg 720w, https:\/\/www.agriculture-machine.com\/wp-content\/uploads\/2021\/04\/5-TD-thresher-for-rice-wheat-corn-beans-rape-sorghum-360x270.jpg 360w, https:\/\/www.agriculture-machine.com\/wp-content\/uploads\/2021\/04\/5-TD-thresher-for-rice-wheat-corn-beans-rape-sorghum-240x180.jpg 240w\" sizes=\"auto, (max-width: 720px) 100vw, 720px\" \/><figcaption id=\"caption-attachment-10082\" class=\"wp-caption-text\">5-TD Reaper f\u00fcr Reis, Weizen, Mais, Bohnen, Raps, Sorghum<\/figcaption><\/figure> <h2>Welche Vorteile hat die Weizenreaper-Maschine?<\/h2> <p>Die Weizenreaper-Maschine hat eine hohe Produktionseffizienz, sauberes Dreschen, keine Sch\u00e4den und einen niedrigen Fremdk\u00f6rpergehalt. Sie wird mit fortschrittlicher Technologie hergestellt und hat eine ausgezeichnete Qualit\u00e4t. Die neue Dreschmaschine ist bereits auf dem Markt und hat viele Bestellungen im In- und Ausland erhalten, insbesondere aus Nigeria, Ghana und Kenia. Dieses Produkt integriert die Funktionen Dreschen, Trennen und Reinigen.<\/p> <h2>Strukturdetails der Bohnenreaper-Maschine<\/h2> <p>Diese Reaper-Maschine 5TD-50 besteht haupts\u00e4chlich aus Zuf\u00fchr\u00f6ffnung, Fremdk\u00f6rperauslass, gereinigtem Getreideauslass, Ventilator, Antriebsstruktur, interner Zahnraddial, Walze usw. Die Maschine hat nur einen Ventilator, kann aber eine sekund\u00e4re Fremdk\u00f6rperentfernung erreichen. Das Getreide ist nach dem Dreschen sehr sauber.<\/p> <div id='gallery-1' class='gallery galleryid-10078 gallery-columns-2 gallery-size-full'><figure class='gallery-item'> \t\t\t<div class='gallery-icon landscape'> \t\t\t\t<a href='https:\/\/www.agriculture-machine.com\/wp-content\/uploads\/2021\/04\/structure-details-of-5TD-50-thresher-machine.jpg'><img loading=\"lazy\" decoding=\"async\" width=\"720\" height=\"540\" src=\"https:\/\/www.agriculture-machine.com\/wp-content\/uploads\/2021\/04\/structure-details-of-5TD-50-thresher-machine.jpg\" class=\"attachment-full size-full\" alt=\"Strukturdetails der 5TD-50 Reaper-Maschine\" aria-describedby=\"gallery-1-10083\" srcset=\"https:\/\/www.agriculture-machine.com\/wp-content\/uploads\/2021\/04\/structure-details-of-5TD-50-thresher-machine.jpg 720w, https:\/\/www.agriculture-machine.com\/wp-content\/uploads\/2021\/04\/structure-details-of-5TD-50-thresher-machine-360x270.jpg 360w, https:\/\/www.agriculture-machine.com\/wp-content\/uploads\/2021\/04\/structure-details-of-5TD-50-thresher-machine-240x180.jpg 240w\" sizes=\"auto, (max-width: 720px) 100vw, 720px\" \/><\/a> \t\t\t<\/div> \t\t\t\t<figcaption class='wp-caption-text gallery-caption' id='gallery-1-10083'> \t\t\t\tStrukturdetails der 5TD-50 Reaper-Maschine \t\t\t\t<\/figcaption><\/figure><figure class='gallery-item'> \t\t\t<div class='gallery-icon landscape'> \t\t\t\t<a href='https:\/\/www.agriculture-machine.com\/wp-content\/uploads\/2021\/04\/structure-of-5TD-50-thresher-machine.jpg'><img loading=\"lazy\" decoding=\"async\" width=\"720\" height=\"540\" src=\"https:\/\/www.agriculture-machine.com\/wp-content\/uploads\/2021\/04\/structure-of-5TD-50-thresher-machine.jpg\" class=\"attachment-full size-full\" alt=\"Struktur der 5TD-50 Reaper-Maschine\" aria-describedby=\"gallery-1-10084\" srcset=\"https:\/\/www.agriculture-machine.com\/wp-content\/uploads\/2021\/04\/structure-of-5TD-50-thresher-machine.jpg 720w, https:\/\/www.agriculture-machine.com\/wp-content\/uploads\/2021\/04\/structure-of-5TD-50-thresher-machine-360x270.jpg 360w, https:\/\/www.agriculture-machine.com\/wp-content\/uploads\/2021\/04\/structure-of-5TD-50-thresher-machine-240x180.jpg 240w\" sizes=\"auto, (max-width: 720px) 100vw, 720px\" \/><\/a> \t\t\t<\/div> \t\t\t\t<figcaption class='wp-caption-text gallery-caption' id='gallery-1-10084'> \t\t\t\tStruktur der 5TD-50 Reaper-Maschine \t\t\t\t<\/figcaption><\/figure> \t\t<\/div>  <h2>Welche Art von Energie kann ausgestattet werden?<\/h2> <p>5TD-50 Reaper kann mit Motor, Dieselmotor, Benzinmotor ausgestattet werden. 6-8 Pferdest\u00e4rken (Diesel) Benzinmotor oder 2,2-3 kW Motor.<\/p> <div id='gallery-2' class='gallery galleryid-10078 gallery-columns-2 gallery-size-full'><figure class='gallery-item'> \t\t\t<div class='gallery-icon landscape'> \t\t\t\t<a href='https:\/\/www.agriculture-machine.com\/wp-content\/uploads\/2021\/04\/5.jpg'><img loading=\"lazy\" decoding=\"async\" width=\"720\" height=\"540\" src=\"https:\/\/www.agriculture-machine.com\/wp-content\/uploads\/2021\/04\/5.jpg\" class=\"attachment-full size-full\" alt=\"Benzinmotor-Reaper\" aria-describedby=\"gallery-2-10086\" srcset=\"https:\/\/www.agriculture-machine.com\/wp-content\/uploads\/2021\/04\/5.jpg 720w, https:\/\/www.agriculture-machine.com\/wp-content\/uploads\/2021\/04\/5-360x270.jpg 360w, https:\/\/www.agriculture-machine.com\/wp-content\/uploads\/2021\/04\/5-240x180.jpg 240w\" sizes=\"auto, (max-width: 720px) 100vw, 720px\" \/><\/a> \t\t\t<\/div> \t\t\t\t<figcaption class='wp-caption-text gallery-caption' id='gallery-2-10086'> \t\t\t\tBenzinmotor-Reaper \t\t\t\t<\/figcaption><\/figure><figure class='gallery-item'> \t\t\t<div class='gallery-icon landscape'> \t\t\t\t<a href='https:\/\/www.agriculture-machine.com\/wp-content\/uploads\/2021\/04\/4.jpg'><img loading=\"lazy\" decoding=\"async\" width=\"720\" height=\"540\" src=\"https:\/\/www.agriculture-machine.com\/wp-content\/uploads\/2021\/04\/4.jpg\" class=\"attachment-full size-full\" alt=\"Motor-Typ Reaper\" aria-describedby=\"gallery-2-10085\" srcset=\"https:\/\/www.agriculture-machine.com\/wp-content\/uploads\/2021\/04\/4.jpg 720w, https:\/\/www.agriculture-machine.com\/wp-content\/uploads\/2021\/04\/4-360x270.jpg 360w, https:\/\/www.agriculture-machine.com\/wp-content\/uploads\/2021\/04\/4-240x180.jpg 240w\" sizes=\"auto, (max-width: 720px) 100vw, 720px\" \/><\/a> \t\t\t<\/div> \t\t\t\t<figcaption class='wp-caption-text gallery-caption' id='gallery-2-10085'> \t\t\t\tMotor-Typ Reaper \t\t\t\t<\/figcaption><\/figure> \t\t<\/div>  <h2>Was sind die Highlights dieser Reaper-Maschine?<\/h2> <p class=\"translation-block\">Is this machine different from the previous rice and wheat thresher?<br \/> Yes, of course.<br \/> Difference 1: This thresher does not need to change the screen when you threshing different grains, so the operation is very simple. The <a href=\"https:\/\/www.agriculture-machine.com\/de\/wheat-thresher-for-sale-sorghum-rice-thresher-beans-millet-threshing-machine\/\">other rice and wheat thresher<\/a> needs to change the screen when threshing different grains.<br \/> Difference 2: This 5TD-50 thresher is more customizable. It can equip PTO, big tires, traction frame, etc. It can be customized according to your requirements.<br \/> Difference 3: The output of the 5TD-50 thresher is higher. The output of this TD-50 thresher is 500-800kg per hour, while the output of the previous rice and wheat thresher is 400-500Kg.<br \/> Difference 4: In addition to threshing other grains, this newest thresher can also thresh corn. But <a href=\"https:\/\/www.agriculture-machine.com\/de\/wheat-thresher-for-sale-sorghum-rice-thresher-beans-millet-threshing-machine\/\">the old thresher can thresh rice and wheat better<\/a>. You can choose the machine according to the grain you want to thresh.<\/p> <div id='gallery-3' class='gallery galleryid-10078 gallery-columns-2 gallery-size-full'><figure class='gallery-item'> \t\t\t<div class='gallery-icon landscape'> \t\t\t\t<a href='https:\/\/www.agriculture-machine.com\/wp-content\/uploads\/2021\/04\/6.jpg'><img loading=\"lazy\" decoding=\"async\" width=\"720\" height=\"540\" src=\"https:\/\/www.agriculture-machine.com\/wp-content\/uploads\/2021\/04\/6.jpg\" class=\"attachment-full size-full\" alt=\"5TD-50 Reaper-Maschine\" aria-describedby=\"gallery-3-10087\" srcset=\"https:\/\/www.agriculture-machine.com\/wp-content\/uploads\/2021\/04\/6.jpg 720w, https:\/\/www.agriculture-machine.com\/wp-content\/uploads\/2021\/04\/6-360x270.jpg 360w, https:\/\/www.agriculture-machine.com\/wp-content\/uploads\/2021\/04\/6-240x180.jpg 240w\" sizes=\"auto, (max-width: 720px) 100vw, 720px\" \/><\/a> \t\t\t<\/div> \t\t\t\t<figcaption class='wp-caption-text gallery-caption' id='gallery-3-10087'> \t\t\t\t5TD-50 Reaper-Maschine \t\t\t\t<\/figcaption><\/figure><figure class='gallery-item'> \t\t\t<div class='gallery-icon landscape'> \t\t\t\t<a href='https:\/\/www.agriculture-machine.com\/wp-content\/uploads\/2021\/04\/wheat-thresher-13.jpg'><img loading=\"lazy\" decoding=\"async\" width=\"600\" height=\"500\" src=\"https:\/\/www.agriculture-machine.com\/wp-content\/uploads\/2021\/04\/wheat-thresher-13.jpg\" class=\"attachment-full size-full\" alt=\"Weizenreaper\" aria-describedby=\"gallery-3-10088\" srcset=\"https:\/\/www.agriculture-machine.com\/wp-content\/uploads\/2021\/04\/wheat-thresher-13.jpg 600w, https:\/\/www.agriculture-machine.com\/wp-content\/uploads\/2021\/04\/wheat-thresher-13-324x270.jpg 324w\" sizes=\"auto, (max-width: 600px) 100vw, 600px\" \/><\/a> \t\t\t<\/div> \t\t\t\t<figcaption class='wp-caption-text gallery-caption' id='gallery-3-10088'> \t\t\t\tWeizenreaper \t\t\t\t<\/figcaption><\/figure> \t\t<\/div>  <h2>Kundenfall<\/h2> <p>Die neueste Charge der multifunktionalen Reaper-Maschine 5TD-50 wurde nach Nigeria verkauft, sie wird zum Dreschen von Reis und Mais verwendet. Dieser Kunde bestellte insgesamt 5 Reaper-S\u00e4tze. Da es sich um eine neu eingef\u00fchrte Maschine handelt, haben wir viel Lagerbestand und werden sie innerhalb weniger Tage an den Kunden versenden.<\/p> <div id='gallery-4' class='gallery galleryid-10078 gallery-columns-2 gallery-size-full'><figure class='gallery-item'> \t\t\t<div class='gallery-icon landscape'> \t\t\t\t<a href='https:\/\/www.agriculture-machine.com\/wp-content\/uploads\/2021\/04\/5TD-50-thresher-machine-in-stock.jpg'><img loading=\"lazy\" decoding=\"async\" width=\"720\" height=\"540\" src=\"https:\/\/www.agriculture-machine.com\/wp-content\/uploads\/2021\/04\/5TD-50-thresher-machine-in-stock.jpg\" class=\"attachment-full size-full\" alt=\"5TD-50 Reaper-Maschine auf Lager\" aria-describedby=\"gallery-4-10090\" srcset=\"https:\/\/www.agriculture-machine.com\/wp-content\/uploads\/2021\/04\/5TD-50-thresher-machine-in-stock.jpg 720w, https:\/\/www.agriculture-machine.com\/wp-content\/uploads\/2021\/04\/5TD-50-thresher-machine-in-stock-360x270.jpg 360w, https:\/\/www.agriculture-machine.com\/wp-content\/uploads\/2021\/04\/5TD-50-thresher-machine-in-stock-240x180.jpg 240w\" sizes=\"auto, (max-width: 720px) 100vw, 720px\" \/><\/a> \t\t\t<\/div> \t\t\t\t<figcaption class='wp-caption-text gallery-caption' id='gallery-4-10090'> \t\t\t\t5TD-50 Reaper-Maschine auf Lager \t\t\t\t<\/figcaption><\/figure><figure class='gallery-item'> \t\t\t<div class='gallery-icon landscape'> \t\t\t\t<a href='https:\/\/www.agriculture-machine.com\/wp-content\/uploads\/2021\/04\/5TD-50-thresher-in-stock.jpg'><img loading=\"lazy\" decoding=\"async\" width=\"720\" height=\"540\" src=\"https:\/\/www.agriculture-machine.com\/wp-content\/uploads\/2021\/04\/5TD-50-thresher-in-stock.jpg\" class=\"attachment-full size-full\" alt=\"5TD-50 Reaper auf Lager\" aria-describedby=\"gallery-4-10089\" srcset=\"https:\/\/www.agriculture-machine.com\/wp-content\/uploads\/2021\/04\/5TD-50-thresher-in-stock.jpg 720w, https:\/\/www.agriculture-machine.com\/wp-content\/uploads\/2021\/04\/5TD-50-thresher-in-stock-360x270.jpg 360w, https:\/\/www.agriculture-machine.com\/wp-content\/uploads\/2021\/04\/5TD-50-thresher-in-stock-240x180.jpg 240w\" sizes=\"auto, (max-width: 720px) 100vw, 720px\" \/><\/a> \t\t\t<\/div> \t\t\t\t<figcaption class='wp-caption-text gallery-caption' id='gallery-4-10089'> \t\t\t\t5TD-50 Reaper auf Lager \t\t\t\t<\/figcaption><\/figure><figure class='gallery-item'> \t\t\t<div class='gallery-icon landscape'> \t\t\t\t<a href='https:\/\/www.agriculture-machine.com\/wp-content\/uploads\/2021\/04\/7.jpg'><img loading=\"lazy\" decoding=\"async\" width=\"720\" height=\"540\" src=\"https:\/\/www.agriculture-machine.com\/wp-content\/uploads\/2021\/04\/7.jpg\" class=\"attachment-full size-full\" alt=\"Reaper-Maschine zum Verkauf\" aria-describedby=\"gallery-4-10092\" srcset=\"https:\/\/www.agriculture-machine.com\/wp-content\/uploads\/2021\/04\/7.jpg 720w, https:\/\/www.agriculture-machine.com\/wp-content\/uploads\/2021\/04\/7-360x270.jpg 360w, https:\/\/www.agriculture-machine.com\/wp-content\/uploads\/2021\/04\/7-240x180.jpg 240w\" sizes=\"auto, (max-width: 720px) 100vw, 720px\" \/><\/a> \t\t\t<\/div> \t\t\t\t<figcaption class='wp-caption-text gallery-caption' id='gallery-4-10092'> \t\t\t\tReaper-Maschine zum Verkauf \t\t\t\t<\/figcaption><\/figure><figure class='gallery-item'> \t\t\t<div class='gallery-icon landscape'> \t\t\t\t<a href='https:\/\/www.agriculture-machine.com\/wp-content\/uploads\/2021\/04\/packing-and-shipping-of-5TD-50-thresher-machine.jpg'><img loading=\"lazy\" decoding=\"async\" width=\"720\" height=\"540\" src=\"https:\/\/www.agriculture-machine.com\/wp-content\/uploads\/2021\/04\/packing-and-shipping-of-5TD-50-thresher-machine.jpg\" class=\"attachment-full size-full\" alt=\"Verpackung und Versand der 5TD-50 Reaper-Maschine\" aria-describedby=\"gallery-4-10091\" srcset=\"https:\/\/www.agriculture-machine.com\/wp-content\/uploads\/2021\/04\/packing-and-shipping-of-5TD-50-thresher-machine.jpg 720w, https:\/\/www.agriculture-machine.com\/wp-content\/uploads\/2021\/04\/packing-and-shipping-of-5TD-50-thresher-machine-360x270.jpg 360w, https:\/\/www.agriculture-machine.com\/wp-content\/uploads\/2021\/04\/packing-and-shipping-of-5TD-50-thresher-machine-240x180.jpg 240w\" sizes=\"auto, (max-width: 720px) 100vw, 720px\" \/><\/a> \t\t\t<\/div> \t\t\t\t<figcaption class='wp-caption-text gallery-caption' id='gallery-4-10091'> \t\t\t\tVerpackung und Versand der 5TD-50 Reaper-Maschine \t\t\t\t<\/figcaption><\/figure> \t\t<\/div>","protected":false},"excerpt":{"rendered":"<p>The TD series machine is our latest thresher. At present, we have 5TD-50, 5TD-70, 5TD-90, 5TD-125, 5TD-1000. This article mainly shares with you the thresher machine 5TD-50 . What crops can this thresher process? This thresher machine\u00a0can be used for threshing soybean, corn, rice, wheat, quinoa, rape, sorghum, millet, etc. You do not need to [&hellip;]<\/p>\n","protected":false},"author":1,"featured_media":10093,"parent":0,"comment_status":"closed","ping_status":"closed","template":"","tags":[489,491,796,135,2614,158],"product-type":[872],"class_list":["post-10078","product","type-product","status-publish","has-post-thumbnail","hentry","tag-bean","tag-corn","tag-rice","tag-sorghum","tag-thresher","tag-wheat","product-type-thresher-sheller"],"_links":{"self":[{"href":"https:\/\/www.agriculture-machine.com\/de\/wp-json\/wp\/v2\/product\/10078","targetHints":{"allow":["GET"]}}],"collection":[{"href":"https:\/\/www.agriculture-machine.com\/de\/wp-json\/wp\/v2\/product"}],"about":[{"href":"https:\/\/www.agriculture-machine.com\/de\/wp-json\/wp\/v2\/types\/product"}],"author":[{"embeddable":true,"href":"https:\/\/www.agriculture-machine.com\/de\/wp-json\/wp\/v2\/users\/1"}],"replies":[{"embeddable":true,"href":"https:\/\/www.agriculture-machine.com\/de\/wp-json\/wp\/v2\/comments?post=10078"}],"wp:featuredmedia":[{"embeddable":true,"href":"https:\/\/www.agriculture-machine.com\/de\/wp-json\/wp\/v2\/media\/10093"}],"wp:attachment":[{"href":"https:\/\/www.agriculture-machine.com\/de\/wp-json\/wp\/v2\/media?parent=10078"}],"wp:term":[{"taxonomy":"post_tag","embeddable":true,"href":"https:\/\/www.agriculture-machine.com\/de\/wp-json\/wp\/v2\/tags?post=10078"},{"taxonomy":"product-type","embeddable":true,"href":"https:\/\/www.agriculture-machine.com\/de\/wp-json\/wp\/v2\/product-type?post=10078"}],"curies":[{"name":"wp","href":"https:\/\/api.w.org\/{rel}","templated":true}]}}