{"id":10097,"date":"2021-04-22T16:59:16","date_gmt":"2021-04-22T08:59:16","guid":{"rendered":"https:\/\/www.agriculture-machine.com\/?p=10097"},"modified":"2024-09-18T16:15:17","modified_gmt":"2024-09-18T08:15:17","slug":"thresher-5td-70-for-rice-wheat-bean-sorghum-millet-pearl-millet","status":"publish","type":"product","link":"https:\/\/www.agriculture-machine.com\/de\/thresher-5td-70-for-rice-wheat-bean-sorghum-millet-pearl-millet\/","title":{"rendered":"Sch\u00e4ler 5TD-70 f\u00fcr Reis, Weizen, Bohnen, Sorghum, Hirse, Perlhirse"},"content":{"rendered":"<p class=\"translation-block\">This article will show you the thresher 5TD-70, which is also a multifunctional thresher machine. The difference from the <a href=\"https:\/\/www.agriculture-machine.com\/de\/walk-behind-rice-transplanter-rice-planting-machine\/\">5TD-50 thresher machine<\/a> is that 5TD-70 thresher can&#8217;t thresh corn. The structure is bigger than 5TD-50 thresher, so it is a medium-sized thresher machine. Let&#8217;s take a look at the 5TD-70 thresher machine.<\/p> <h2>Welche Pflanzen kann der Schwad 5TD-70 verarbeiten?<\/h2> <p>Diese Schwadmaschine kann Breite Bohne, Sojabohne, Sorghum, Hirse, Reis, Weizen, Hirse Gugur, Sorghum, Perlhirse, Kichererbse usw. sch\u00e4len. Sie k\u00f6nnen uns kontaktieren, wenn Sie irgendein Getreide m\u00f6chten. Wir passen die am besten geeignete Schwadmaschine f\u00fcr Sie an.<\/p> <figure id=\"attachment_10099\" aria-describedby=\"caption-attachment-10099\" style=\"width: 720px\" class=\"wp-caption alignnone\"><img loading=\"lazy\" decoding=\"async\" class=\"size-full wp-image-10099\" src=\"https:\/\/www.agriculture-machine.com\/wp-content\/uploads\/2021\/04\/thresher-for-rice-wheat-sorghum-bean-millet.jpg\" alt=\"Schwad f\u00fcr Reis Weizen Sorghum Bohne Hirse\" width=\"720\" height=\"540\" srcset=\"https:\/\/www.agriculture-machine.com\/wp-content\/uploads\/2021\/04\/thresher-for-rice-wheat-sorghum-bean-millet.jpg 720w, https:\/\/www.agriculture-machine.com\/wp-content\/uploads\/2021\/04\/thresher-for-rice-wheat-sorghum-bean-millet-360x270.jpg 360w, https:\/\/www.agriculture-machine.com\/wp-content\/uploads\/2021\/04\/thresher-for-rice-wheat-sorghum-bean-millet-240x180.jpg 240w\" sizes=\"auto, (max-width: 720px) 100vw, 720px\" \/><figcaption id=\"caption-attachment-10099\" class=\"wp-caption-text\">Schwad f\u00fcr Reis Weizen Sorghum Bohne Hirse<\/figcaption><\/figure> <h2>5TD-50-Schwadmaschinendisplay<\/h2> <p>Diese multifunktionale Schwadmaschine kann je nach unterschiedlichen Anforderungen der Kunden in unterschiedlichen Farben gespr\u00fcht werden. Zus\u00e4tzlich k\u00f6nnen gro\u00dfe Reifen, Zugrahmen und vom Traktor gezogene Fahrgestelle angepasst werden. Die Schwingmaschine verf\u00fcgt \u00fcber zwei Ventilatoren, und die K\u00f6rner nach dem Sch\u00e4len sind sehr sauber. Die Schwadmaschine kann nur mit Elektromotoren und Dieselmotoren ausgestattet werden.<\/p> <div id='gallery-1' class='gallery galleryid-10097 gallery-columns-3 gallery-size-full'><figure class='gallery-item'> \t\t\t<div class='gallery-icon landscape'> \t\t\t\t<a href='https:\/\/www.agriculture-machine.com\/wp-content\/uploads\/2021\/04\/Big-tire-thresher-machine.jpg'><img loading=\"lazy\" decoding=\"async\" width=\"720\" height=\"540\" src=\"https:\/\/www.agriculture-machine.com\/wp-content\/uploads\/2021\/04\/Big-tire-thresher-machine.jpg\" class=\"attachment-full size-full\" alt=\"Schwadmaschine mit gro\u00dfem Reifensatz\" aria-describedby=\"gallery-1-10100\" srcset=\"https:\/\/www.agriculture-machine.com\/wp-content\/uploads\/2021\/04\/Big-tire-thresher-machine.jpg 720w, https:\/\/www.agriculture-machine.com\/wp-content\/uploads\/2021\/04\/Big-tire-thresher-machine-360x270.jpg 360w, https:\/\/www.agriculture-machine.com\/wp-content\/uploads\/2021\/04\/Big-tire-thresher-machine-240x180.jpg 240w\" sizes=\"auto, (max-width: 720px) 100vw, 720px\" \/><\/a> \t\t\t<\/div> \t\t\t\t<figcaption class='wp-caption-text gallery-caption' id='gallery-1-10100'> \t\t\t\tSchwadmaschine mit gro\u00dfem Reifensatz \t\t\t\t<\/figcaption><\/figure><figure class='gallery-item'> \t\t\t<div class='gallery-icon landscape'> \t\t\t\t<a href='https:\/\/www.agriculture-machine.com\/wp-content\/uploads\/2021\/04\/Big-tire-thresher.jpg'><img loading=\"lazy\" decoding=\"async\" width=\"720\" height=\"540\" src=\"https:\/\/www.agriculture-machine.com\/wp-content\/uploads\/2021\/04\/Big-tire-thresher.jpg\" class=\"attachment-full size-full\" alt=\"Schwad mit gro\u00dfem Reifen\" aria-describedby=\"gallery-1-10101\" srcset=\"https:\/\/www.agriculture-machine.com\/wp-content\/uploads\/2021\/04\/Big-tire-thresher.jpg 720w, https:\/\/www.agriculture-machine.com\/wp-content\/uploads\/2021\/04\/Big-tire-thresher-360x270.jpg 360w, https:\/\/www.agriculture-machine.com\/wp-content\/uploads\/2021\/04\/Big-tire-thresher-240x180.jpg 240w\" sizes=\"auto, (max-width: 720px) 100vw, 720px\" \/><\/a> \t\t\t<\/div> \t\t\t\t<figcaption class='wp-caption-text gallery-caption' id='gallery-1-10101'> \t\t\t\tSchwad mit gro\u00dfem Reifen \t\t\t\t<\/figcaption><\/figure><figure class='gallery-item'> \t\t\t<div class='gallery-icon landscape'> \t\t\t\t<a href='https:\/\/www.agriculture-machine.com\/wp-content\/uploads\/2021\/04\/Diesel-engine-thresher-machine-5TD-70.jpg'><img loading=\"lazy\" decoding=\"async\" width=\"720\" height=\"540\" src=\"https:\/\/www.agriculture-machine.com\/wp-content\/uploads\/2021\/04\/Diesel-engine-thresher-machine-5TD-70.jpg\" class=\"attachment-full size-full\" alt=\"Dieselmotor-Schwadmaschine 5TD-70\" aria-describedby=\"gallery-1-10102\" srcset=\"https:\/\/www.agriculture-machine.com\/wp-content\/uploads\/2021\/04\/Diesel-engine-thresher-machine-5TD-70.jpg 720w, https:\/\/www.agriculture-machine.com\/wp-content\/uploads\/2021\/04\/Diesel-engine-thresher-machine-5TD-70-360x270.jpg 360w, https:\/\/www.agriculture-machine.com\/wp-content\/uploads\/2021\/04\/Diesel-engine-thresher-machine-5TD-70-240x180.jpg 240w\" sizes=\"auto, (max-width: 720px) 100vw, 720px\" \/><\/a> \t\t\t<\/div> \t\t\t\t<figcaption class='wp-caption-text gallery-caption' id='gallery-1-10102'> \t\t\t\tDieselmotor-Schwadmaschine 5TD-70 \t\t\t\t<\/figcaption><\/figure> \t\t<\/div>  <h2>Was sollten Sie wissen, wenn Sie den 5TD-70-Schwad verwenden?<\/h2> <ol> <li>Sie m\u00fcssen das Sieb wechseln, wenn Sie verschiedene Kulturpflanzen sch\u00e4len.<\/li> <li>Die Drehgeschwindigkeit des Rollers ist unterschiedlich, je nachdem, ob es sich um Reis- oder Sojabohne-Schaden handelt.<\/li> <li>Die Ausbeute beim Sch\u00e4len von Reis und Weizen betr\u00e4gt 600-1000 kg\/h. Die Ausbeute beim Sch\u00e4len von Sojabohne und Sorghum betr\u00e4gt 400-800 kg\/h.<\/li> <\/ol> <h2>Kundenfall<\/h2> <p>Ein sambischer Kunde bestellte eine 5TD-70-Schwadmaschine mit 40 Hochschr\u00e4nken bei uns, die zum Sch\u00e4len von Reis, Weizen und Sojabohnen verwendet wird. Wir haben drei Arten von Bildschirmen f\u00fcr unsere Kunden konfiguriert. Sie sind Motormodelle, und einige sind Dieselmodelle. Unser Ziel ist es, alle Bed\u00fcrfnisse der Kunden zu erf\u00fcllen. Wenn Sie landwirtschaftliche Maschinen ben\u00f6tigen, k\u00f6nnen Sie uns kontaktieren.<\/p> <div id='gallery-2' class='gallery galleryid-10097 gallery-columns-2 gallery-size-full'><figure class='gallery-item'> \t\t\t<div class='gallery-icon landscape'> \t\t\t\t<a href='https:\/\/www.agriculture-machine.com\/wp-content\/uploads\/2021\/04\/packing.jpg'><img loading=\"lazy\" decoding=\"async\" width=\"720\" height=\"540\" src=\"https:\/\/www.agriculture-machine.com\/wp-content\/uploads\/2021\/04\/packing.jpg\" class=\"attachment-full size-full\" alt=\"Verpackung\" aria-describedby=\"gallery-2-10103\" srcset=\"https:\/\/www.agriculture-machine.com\/wp-content\/uploads\/2021\/04\/packing.jpg 720w, https:\/\/www.agriculture-machine.com\/wp-content\/uploads\/2021\/04\/packing-360x270.jpg 360w, https:\/\/www.agriculture-machine.com\/wp-content\/uploads\/2021\/04\/packing-240x180.jpg 240w\" sizes=\"auto, (max-width: 720px) 100vw, 720px\" \/><\/a> \t\t\t<\/div> \t\t\t\t<figcaption class='wp-caption-text gallery-caption' id='gallery-2-10103'> \t\t\t\tVerpackung \t\t\t\t<\/figcaption><\/figure><figure class='gallery-item'> \t\t\t<div class='gallery-icon landscape'> \t\t\t\t<a href='https:\/\/www.agriculture-machine.com\/wp-content\/uploads\/2021\/04\/shipping.jpg'><img loading=\"lazy\" decoding=\"async\" width=\"720\" height=\"540\" src=\"https:\/\/www.agriculture-machine.com\/wp-content\/uploads\/2021\/04\/shipping.jpg\" class=\"attachment-full size-full\" alt=\"Versand\" aria-describedby=\"gallery-2-10104\" srcset=\"https:\/\/www.agriculture-machine.com\/wp-content\/uploads\/2021\/04\/shipping.jpg 720w, https:\/\/www.agriculture-machine.com\/wp-content\/uploads\/2021\/04\/shipping-360x270.jpg 360w, https:\/\/www.agriculture-machine.com\/wp-content\/uploads\/2021\/04\/shipping-240x180.jpg 240w\" sizes=\"auto, (max-width: 720px) 100vw, 720px\" \/><\/a> \t\t\t<\/div> \t\t\t\t<figcaption class='wp-caption-text gallery-caption' id='gallery-2-10104'> \t\t\t\tVersand \t\t\t\t<\/figcaption><\/figure> \t\t<\/div>  <h2>Technische Parameter<\/h2> <table> <tbody> <tr> <td width=\"534\">Modell<\/td> <td width=\"632\">5TD-70<\/td> <\/tr> <tr> <td>Leistung<\/td> <td>7,5 kW, 380 V Motor oder 12-15 hp Dieselmotor<\/td> <\/tr> <tr> <td>Maschinengewicht<\/td> <td>230 kg<\/td> <\/tr> <tr> <td>Wendeldrehzahl<\/td> <td>1200r\/min<\/td> <\/tr> <tr> <td>Maschinengr\u00f6\u00dfe<\/td> <td>1340*2030*1380mm<\/td> <\/tr> <tr> <td>Verpackungsgr\u00f6\u00dfe<\/td> <td>1050*850*1300mm<\/td> <\/tr> <tr> <td>Doppelter Ventilator<\/td> <td>2500r\/min<\/td> <\/tr> <tr> <td>Ausgabe<\/td> <td>600\u20131000kg\/h (Reis und Weizen)<\/p> <p>400&#8211;800kg\/h(bean sorghum)<\/td> <\/tr> <\/tbody> <\/table>","protected":false},"excerpt":{"rendered":"<p>This article will show you the thresher 5TD-70, which is also a multifunctional thresher machine. The difference from the 5TD-50 thresher machine is that 5TD-70 thresher can&#8217;t thresh corn. The structure is bigger than 5TD-50 thresher, so it is a medium-sized thresher machine. Let&#8217;s take a look at the 5TD-70 thresher machine. What crops does [&hellip;]<\/p>\n","protected":false},"author":1,"featured_media":10098,"parent":0,"comment_status":"closed","ping_status":"closed","template":"","tags":[796,135,2614,158],"product-type":[872],"class_list":["post-10097","product","type-product","status-publish","has-post-thumbnail","hentry","tag-rice","tag-sorghum","tag-thresher","tag-wheat","product-type-thresher-sheller"],"_links":{"self":[{"href":"https:\/\/www.agriculture-machine.com\/de\/wp-json\/wp\/v2\/product\/10097","targetHints":{"allow":["GET"]}}],"collection":[{"href":"https:\/\/www.agriculture-machine.com\/de\/wp-json\/wp\/v2\/product"}],"about":[{"href":"https:\/\/www.agriculture-machine.com\/de\/wp-json\/wp\/v2\/types\/product"}],"author":[{"embeddable":true,"href":"https:\/\/www.agriculture-machine.com\/de\/wp-json\/wp\/v2\/users\/1"}],"replies":[{"embeddable":true,"href":"https:\/\/www.agriculture-machine.com\/de\/wp-json\/wp\/v2\/comments?post=10097"}],"wp:featuredmedia":[{"embeddable":true,"href":"https:\/\/www.agriculture-machine.com\/de\/wp-json\/wp\/v2\/media\/10098"}],"wp:attachment":[{"href":"https:\/\/www.agriculture-machine.com\/de\/wp-json\/wp\/v2\/media?parent=10097"}],"wp:term":[{"taxonomy":"post_tag","embeddable":true,"href":"https:\/\/www.agriculture-machine.com\/de\/wp-json\/wp\/v2\/tags?post=10097"},{"taxonomy":"product-type","embeddable":true,"href":"https:\/\/www.agriculture-machine.com\/de\/wp-json\/wp\/v2\/product-type?post=10097"}],"curies":[{"name":"wp","href":"https:\/\/api.w.org\/{rel}","templated":true}]}}