{"id":10112,"date":"2021-04-23T11:38:08","date_gmt":"2021-04-23T03:38:08","guid":{"rendered":"https:\/\/www.agriculture-machine.com\/?p=10112"},"modified":"2024-09-18T16:16:29","modified_gmt":"2024-09-18T08:16:29","slug":"thresher-machine-5td-90-for-rice-wheat-beans-millet-sorghum","status":"publish","type":"product","link":"https:\/\/www.agriculture-machine.com\/de\/thresher-machine-5td-90-for-rice-wheat-beans-millet-sorghum\/","title":{"rendered":"Schwingschleuder 5TD-90 f\u00fcr Reis, Weizen, Bohnen, Hirse, Sorghum"},"content":{"rendered":"<p class=\"translation-block\">Die Siebmaschine 5TD-90 ist eine verbesserte Version von <a href=\"https:\/\/www.agriculture-machine.com\/de\/thresher-machine-5td-50-for-rice-wheat-bean-corn-sorghum-millet\/\">5TD-50 Siebmaschine<\/a> und <a href=\"https:\/\/www.agriculture-machine.com\/de\/thresher-5td-70-for-rice-wheat-bean-sorghum-millet-pearl-millet\/\">5TD-70 Siebmaschine<\/a>. Ihre Leistung ist h\u00f6her. Es ist auch eine multifunktionale Siebmaschine, die verschiedene Getreidesorten s\u00e4ubern kann. Sie verwendet einen 7,5 kW Einphasen-Elektromotor oder einen 12-PS-Dieselmotor als Antrieb.<\/p> <h2>Welche Kulturen kann die 5TD-90 Weizensiebmaschine verarbeiten?<\/h2> <p>Der 5TD-90 Weizensiebmaschine wird zum S\u00e4ubern von Reis, Weizen, Bohnen, Hirse, Sorghum, Foxtail-Hirse, Sojabohnen, Kichererbsen, Saubohnen usw. verwendet. Sie m\u00fcssen nur den Sieb wechseln, wenn Sie verschiedene Kulturen s\u00e4ubern. Es ist einfach zu bedienen und befreit die Landwirte von schwerer manueller Arbeit.<\/p> <figure id=\"attachment_10114\" aria-describedby=\"caption-attachment-10114\" style=\"width: 720px\" class=\"wp-caption alignnone\"><img loading=\"lazy\" decoding=\"async\" class=\"size-full wp-image-10114\" src=\"https:\/\/www.agriculture-machine.com\/wp-content\/uploads\/2021\/04\/thresher-machine-5TD-90-for-rice-corn-wheat-bean.jpg\" alt=\"Siebmaschine 5TD-90 f\u00fcr Reis \" width=\"720\" height=\"540\" srcset=\"https:\/\/www.agriculture-machine.com\/wp-content\/uploads\/2021\/04\/thresher-machine-5TD-90-for-rice-corn-wheat-bean.jpg 720w, https:\/\/www.agriculture-machine.com\/wp-content\/uploads\/2021\/04\/thresher-machine-5TD-90-for-rice-corn-wheat-bean-360x270.jpg 360w, https:\/\/www.agriculture-machine.com\/wp-content\/uploads\/2021\/04\/thresher-machine-5TD-90-for-rice-corn-wheat-bean-240x180.jpg 240w\" sizes=\"auto, (max-width: 720px) 100vw, 720px\" \/><figcaption id=\"caption-attachment-10114\" class=\"wp-caption-text\">Siebmaschine 5TD-90 f\u00fcr Reis<\/figcaption><\/figure> <h2>Welche Vorteile bietet die Reissiebmaschine 5TD-90?<\/h2> <p>Diese Reissiebmaschine hat zwei Ventilatoren, sodass das Getreide nach dem S\u00e4ubern sehr sauber ist. Die Reissiebmaschine kann auch mit gro\u00dfem Rad und Rahmen ausgestattet werden, die leicht an Traktoren angeschlossen werden k\u00f6nnen. So ist sie einfach zu bewegen und kann auf jedem Gel\u00e4nde laufen. Der Anteil an Bruchreis oder Weizen betr\u00e4gt nur 0,1 %. Wenige Reisk\u00f6rner, die aus 5TD-90 kommen, sind besch\u00e4digt.<\/p> <div id='gallery-1' class='gallery galleryid-10112 gallery-columns-2 gallery-size-full'><figure class='gallery-item'> \t\t\t<div class='gallery-icon landscape'> \t\t\t\t<a href='https:\/\/www.agriculture-machine.com\/wp-content\/uploads\/2021\/04\/thresher-machine-1.jpg'><img loading=\"lazy\" decoding=\"async\" width=\"720\" height=\"540\" src=\"https:\/\/www.agriculture-machine.com\/wp-content\/uploads\/2021\/04\/thresher-machine-1.jpg\" class=\"attachment-full size-full\" alt=\"Siebmaschine\" aria-describedby=\"gallery-1-10118\" srcset=\"https:\/\/www.agriculture-machine.com\/wp-content\/uploads\/2021\/04\/thresher-machine-1.jpg 720w, https:\/\/www.agriculture-machine.com\/wp-content\/uploads\/2021\/04\/thresher-machine-1-360x270.jpg 360w, https:\/\/www.agriculture-machine.com\/wp-content\/uploads\/2021\/04\/thresher-machine-1-240x180.jpg 240w\" sizes=\"auto, (max-width: 720px) 100vw, 720px\" \/><\/a> \t\t\t<\/div> \t\t\t\t<figcaption class='wp-caption-text gallery-caption' id='gallery-1-10118'> \t\t\t\tSiebmaschine \t\t\t\t<\/figcaption><\/figure><figure class='gallery-item'> \t\t\t<div class='gallery-icon landscape'> \t\t\t\t<a href='https:\/\/www.agriculture-machine.com\/wp-content\/uploads\/2021\/04\/grain-thresher-machine.jpg'><img loading=\"lazy\" decoding=\"async\" width=\"720\" height=\"540\" src=\"https:\/\/www.agriculture-machine.com\/wp-content\/uploads\/2021\/04\/grain-thresher-machine.jpg\" class=\"attachment-full size-full\" alt=\"Getreidesiebmaschine\" aria-describedby=\"gallery-1-10115\" srcset=\"https:\/\/www.agriculture-machine.com\/wp-content\/uploads\/2021\/04\/grain-thresher-machine.jpg 720w, https:\/\/www.agriculture-machine.com\/wp-content\/uploads\/2021\/04\/grain-thresher-machine-360x270.jpg 360w, https:\/\/www.agriculture-machine.com\/wp-content\/uploads\/2021\/04\/grain-thresher-machine-240x180.jpg 240w\" sizes=\"auto, (max-width: 720px) 100vw, 720px\" \/><\/a> \t\t\t<\/div> \t\t\t\t<figcaption class='wp-caption-text gallery-caption' id='gallery-1-10115'> \t\t\t\tGetreidesiebmaschine \t\t\t\t<\/figcaption><\/figure><figure class='gallery-item'> \t\t\t<div class='gallery-icon landscape'> \t\t\t\t<a href='https:\/\/www.agriculture-machine.com\/wp-content\/uploads\/2021\/04\/in-stock.jpg'><img loading=\"lazy\" decoding=\"async\" width=\"720\" height=\"422\" src=\"https:\/\/www.agriculture-machine.com\/wp-content\/uploads\/2021\/04\/in-stock.jpg\" class=\"attachment-full size-full\" alt=\"Auf Lager\" aria-describedby=\"gallery-1-10116\" srcset=\"https:\/\/www.agriculture-machine.com\/wp-content\/uploads\/2021\/04\/in-stock.jpg 720w, https:\/\/www.agriculture-machine.com\/wp-content\/uploads\/2021\/04\/in-stock-360x211.jpg 360w\" sizes=\"auto, (max-width: 720px) 100vw, 720px\" \/><\/a> \t\t\t<\/div> \t\t\t\t<figcaption class='wp-caption-text gallery-caption' id='gallery-1-10116'> \t\t\t\tAuf Lager \t\t\t\t<\/figcaption><\/figure><figure class='gallery-item'> \t\t\t<div class='gallery-icon landscape'> \t\t\t\t<a href='https:\/\/www.agriculture-machine.com\/wp-content\/uploads\/2021\/04\/thresher-machine-in-stock.jpg'><img loading=\"lazy\" decoding=\"async\" width=\"720\" height=\"422\" src=\"https:\/\/www.agriculture-machine.com\/wp-content\/uploads\/2021\/04\/thresher-machine-in-stock.jpg\" class=\"attachment-full size-full\" alt=\"Siebmaschine auf Lager\" aria-describedby=\"gallery-1-10117\" srcset=\"https:\/\/www.agriculture-machine.com\/wp-content\/uploads\/2021\/04\/thresher-machine-in-stock.jpg 720w, https:\/\/www.agriculture-machine.com\/wp-content\/uploads\/2021\/04\/thresher-machine-in-stock-360x211.jpg 360w\" sizes=\"auto, (max-width: 720px) 100vw, 720px\" \/><\/a> \t\t\t<\/div> \t\t\t\t<figcaption class='wp-caption-text gallery-caption' id='gallery-1-10117'> \t\t\t\tSiebmaschine auf Lager \t\t\t\t<\/figcaption><\/figure> \t\t<\/div>  <h2>Aufbau der Kornsiebmaschine<\/h2> <p>Der Aufbau dieser Kornsiebmaschine ist einfach, was die Bedienung und Wartung erleichtert. Der Deckel der Kornsiebmaschine kann leicht ge\u00f6ffnet werden, sodass sie bequem \u00fcberpr\u00fcft und gereinigt werden kann. Diese Kornsiebmaschine kann normalerweise unter Volllast arbeiten und hat eine hohe Produktionseffizienz sowie niedrigen Energieverbrauch.<\/p> <div id='gallery-2' class='gallery galleryid-10112 gallery-columns-2 gallery-size-full'><figure class='gallery-item'> \t\t\t<div class='gallery-icon landscape'> \t\t\t\t<a href='https:\/\/www.agriculture-machine.com\/wp-content\/uploads\/2021\/04\/structure-details-of-thresher-machine-5TD-90.jpg'><img loading=\"lazy\" decoding=\"async\" width=\"720\" height=\"540\" src=\"https:\/\/www.agriculture-machine.com\/wp-content\/uploads\/2021\/04\/structure-details-of-thresher-machine-5TD-90.jpg\" class=\"attachment-full size-full\" alt=\"Strukturdetails der Siebmaschine 5TD-90\" aria-describedby=\"gallery-2-10119\" srcset=\"https:\/\/www.agriculture-machine.com\/wp-content\/uploads\/2021\/04\/structure-details-of-thresher-machine-5TD-90.jpg 720w, https:\/\/www.agriculture-machine.com\/wp-content\/uploads\/2021\/04\/structure-details-of-thresher-machine-5TD-90-360x270.jpg 360w, https:\/\/www.agriculture-machine.com\/wp-content\/uploads\/2021\/04\/structure-details-of-thresher-machine-5TD-90-240x180.jpg 240w\" sizes=\"auto, (max-width: 720px) 100vw, 720px\" \/><\/a> \t\t\t<\/div> \t\t\t\t<figcaption class='wp-caption-text gallery-caption' id='gallery-2-10119'> \t\t\t\tStrukturdetails der Siebmaschine 5TD-90 \t\t\t\t<\/figcaption><\/figure><figure class='gallery-item'> \t\t\t<div class='gallery-icon landscape'> \t\t\t\t<a href='https:\/\/www.agriculture-machine.com\/wp-content\/uploads\/2021\/04\/structure-of-thresher-machine.jpg'><img loading=\"lazy\" decoding=\"async\" width=\"720\" height=\"540\" src=\"https:\/\/www.agriculture-machine.com\/wp-content\/uploads\/2021\/04\/structure-of-thresher-machine.jpg\" class=\"attachment-full size-full\" alt=\"Aufbau der Siebmaschine\" aria-describedby=\"gallery-2-10120\" srcset=\"https:\/\/www.agriculture-machine.com\/wp-content\/uploads\/2021\/04\/structure-of-thresher-machine.jpg 720w, https:\/\/www.agriculture-machine.com\/wp-content\/uploads\/2021\/04\/structure-of-thresher-machine-360x270.jpg 360w, https:\/\/www.agriculture-machine.com\/wp-content\/uploads\/2021\/04\/structure-of-thresher-machine-240x180.jpg 240w\" sizes=\"auto, (max-width: 720px) 100vw, 720px\" \/><\/a> \t\t\t<\/div> \t\t\t\t<figcaption class='wp-caption-text gallery-caption' id='gallery-2-10120'> \t\t\t\tAufbau der Siebmaschine \t\t\t\t<\/figcaption><\/figure> \t\t<\/div>  <h2>Technische Parameter<\/h2> <table> <tbody> <tr> <td>Drehzahl der Siebrollen<\/td> <td>900-1040\u00a0r\/min<\/td> <\/tr> <tr> <td>\u00a0\u00a0\u00a0\u00a0\u00a0Leistung<\/td> <td>7,5 kW Motor oder 12-15 PS Dieselmotor<\/td> <\/tr> <tr> <td>Reinigungsmethode<\/td> <td>Vibrationssieb, gro\u00dfer Ventilator<\/td> <\/tr> <tr> <td>Vibrationsfrequenz<\/td> <td>340<\/td> <\/tr> <tr> <td>Ventilatordrehzahl<\/td> <td>1040-1100 r\/min<\/td> <\/tr> <tr> <td>Ventildurchmesser<\/td> <td>D=480mm<\/td> <\/tr> <tr> <td>\u00b7<\/p> <p>Trommeldurchmesser x L\u00e4nge<\/p> <p>\u00b7<\/td> <td>D=520mm\uff1bL=900mm<\/td> <\/tr> <tr> <td>Kapazit\u00e4t<\/td> <td>800-1200\u00a0kg\/h<\/td> <\/tr> <tr> <td>\u00a0\u00a0\u00a0\u00a0\u00a0\u00a0Gewicht<\/td> <td>260\u00a0kg<\/td> <\/tr> <tr> <td>Bruchrate\u00a0\uff08\uff05\uff09<\/td> <td>\u22640,5<\/td> <\/tr> <tr> <td>Siebrate\u00a0\uff08\uff05\uff09<\/td> <td>\u226599<\/td> <\/tr> <tr> <td>Verlustrate\u00a0\u00a0\u00a0\uff08\uff05\uff09<\/td> <td>\u22641,0<\/td> <\/tr> <tr> <td>Gr\u00f6\u00dfe<\/td> <td>310*170*140cm<\/td> <\/tr> <\/tbody> <\/table>","protected":false},"excerpt":{"rendered":"<p>Thresher machine 5TD-90 is an upgraded version of 5TD-50 thresher machine and 5TD-70 thresher machine. Its output is higher. It is also a multi-functional thresher machine, which can thresher a variety of grains. It use 7.5kw single phase electric motor or 12 hp diesel engine as power. What crops do the 5TD-90 wheat thresher can [&hellip;]<\/p>\n","protected":false},"author":1,"featured_media":10113,"parent":0,"comment_status":"closed","ping_status":"closed","template":"","tags":[36,94,796,135,2614,158],"product-type":[872],"class_list":["post-10112","product","type-product","status-publish","has-post-thumbnail","hentry","tag-beans","tag-millet","tag-rice","tag-sorghum","tag-thresher","tag-wheat","product-type-thresher-sheller"],"_links":{"self":[{"href":"https:\/\/www.agriculture-machine.com\/de\/wp-json\/wp\/v2\/product\/10112","targetHints":{"allow":["GET"]}}],"collection":[{"href":"https:\/\/www.agriculture-machine.com\/de\/wp-json\/wp\/v2\/product"}],"about":[{"href":"https:\/\/www.agriculture-machine.com\/de\/wp-json\/wp\/v2\/types\/product"}],"author":[{"embeddable":true,"href":"https:\/\/www.agriculture-machine.com\/de\/wp-json\/wp\/v2\/users\/1"}],"replies":[{"embeddable":true,"href":"https:\/\/www.agriculture-machine.com\/de\/wp-json\/wp\/v2\/comments?post=10112"}],"wp:featuredmedia":[{"embeddable":true,"href":"https:\/\/www.agriculture-machine.com\/de\/wp-json\/wp\/v2\/media\/10113"}],"wp:attachment":[{"href":"https:\/\/www.agriculture-machine.com\/de\/wp-json\/wp\/v2\/media?parent=10112"}],"wp:term":[{"taxonomy":"post_tag","embeddable":true,"href":"https:\/\/www.agriculture-machine.com\/de\/wp-json\/wp\/v2\/tags?post=10112"},{"taxonomy":"product-type","embeddable":true,"href":"https:\/\/www.agriculture-machine.com\/de\/wp-json\/wp\/v2\/product-type?post=10112"}],"curies":[{"name":"wp","href":"https:\/\/api.w.org\/{rel}","templated":true}]}}