{"id":10136,"date":"2021-04-26T16:16:15","date_gmt":"2021-04-26T08:16:15","guid":{"rendered":"https:\/\/www.agriculture-machine.com\/?p=10136"},"modified":"2024-09-18T16:15:45","modified_gmt":"2024-09-18T08:15:45","slug":"thresher-machine-5td-125-for-beans-rice-wheat-corn-sorghum","status":"publish","type":"product","link":"https:\/\/www.agriculture-machine.com\/de\/thresher-machine-5td-125-for-beans-rice-wheat-corn-sorghum\/","title":{"rendered":"Dreschmaschine 5TD-125 f\u00fcr Bohnen, Reis, Weizen, Mais, Sorghum"},"content":{"rendered":"<h2>Welche Getreidesorten kann die 5TD-125 Sch\u00e4lmaschine verarbeiten?<\/h2> <p>Dieses Modell der Sch\u00e4lmaschine wird haupts\u00e4chlich zum Sch\u00e4len von Weizen, Mais, Sojabohnen, Gerste, Reis, Sorghum, Hirse, Perlhirse und anderen Getreidesorten verwendet. Es ist einfach aufgebaut und leicht zu bedienen. Es hat eine hohe Effizienz.<\/p> <figure id=\"attachment_10138\" aria-describedby=\"caption-attachment-10138\" style=\"width: 720px\" class=\"wp-caption alignnone\"><img loading=\"lazy\" decoding=\"async\" class=\"size-full wp-image-10138\" src=\"https:\/\/www.agriculture-machine.com\/wp-content\/uploads\/2021\/04\/5TD-125-thresher-machine-for-wheat-rice-sorghum-bean-millet.jpg\" alt=\"5TD-125 Sch\u00e4lmaschine f\u00fcr Weizen, Reis, Sorghum, Bohnen, Hirse\" width=\"720\" height=\"540\" srcset=\"https:\/\/www.agriculture-machine.com\/wp-content\/uploads\/2021\/04\/5TD-125-thresher-machine-for-wheat-rice-sorghum-bean-millet.jpg 720w, https:\/\/www.agriculture-machine.com\/wp-content\/uploads\/2021\/04\/5TD-125-thresher-machine-for-wheat-rice-sorghum-bean-millet-360x270.jpg 360w, https:\/\/www.agriculture-machine.com\/wp-content\/uploads\/2021\/04\/5TD-125-thresher-machine-for-wheat-rice-sorghum-bean-millet-240x180.jpg 240w\" sizes=\"auto, (max-width: 720px) 100vw, 720px\" \/><figcaption id=\"caption-attachment-10138\" class=\"wp-caption-text\">5TD-125 Sch\u00e4lmaschine f\u00fcr Weizen, Reis, Sorghum, Bohnen, Hirse<\/figcaption><\/figure> <h2>Welche Anforderungen werden an das Getreide beim Sch\u00e4len gestellt?<\/h2> <p>Wie oben erw\u00e4hnt, kann diese Sch\u00e4lmaschine von vielen Getreidesorten getrennt werden. Hier nehmen wir Reis, Weizen und Sorghum als Beispiele, um die Nachfrage nach Getreide bei der Verwendung der Maschine zu veranschaulichen.<br \/> Weizen<br \/> Der Feuchtigkeitsgehalt des Weizens betr\u00e4gt 15-20%.<br \/> St\u00e4ngelfeuchtigkeitsgehalt: 10-25%.<br \/> Gras-zu-Getreide-Verh\u00e4ltnis: 0,8-1,2<br \/> Reis<br \/> Der Feuchtigkeitsgehalt des Reises betr\u00e4gt 15-28%.<br \/> Gras-zu-Getreide-Verh\u00e4ltnis ist 1,0-2,4<\/p> <div id='gallery-1' class='gallery galleryid-10136 gallery-columns-3 gallery-size-full'><figure class='gallery-item'> \t\t\t<div class='gallery-icon landscape'> \t\t\t\t<a href='https:\/\/www.agriculture-machine.com\/wp-content\/uploads\/2021\/04\/5TD-125-thresher-machine-for-wheat.jpg'><img loading=\"lazy\" decoding=\"async\" width=\"720\" height=\"540\" src=\"https:\/\/www.agriculture-machine.com\/wp-content\/uploads\/2021\/04\/5TD-125-thresher-machine-for-wheat.jpg\" class=\"attachment-full size-full\" alt=\"Sorghum-Sch\u00e4lmaschine 5TD-125 f\u00fcr Weizen\" aria-describedby=\"gallery-1-10141\" srcset=\"https:\/\/www.agriculture-machine.com\/wp-content\/uploads\/2021\/04\/5TD-125-thresher-machine-for-wheat.jpg 720w, https:\/\/www.agriculture-machine.com\/wp-content\/uploads\/2021\/04\/5TD-125-thresher-machine-for-wheat-360x270.jpg 360w, https:\/\/www.agriculture-machine.com\/wp-content\/uploads\/2021\/04\/5TD-125-thresher-machine-for-wheat-240x180.jpg 240w\" sizes=\"auto, (max-width: 720px) 100vw, 720px\" \/><\/a> \t\t\t<\/div> \t\t\t\t<figcaption class='wp-caption-text gallery-caption' id='gallery-1-10141'> \t\t\t\tSorghum-Sch\u00e4lmaschine 5TD-125 f\u00fcr Weizen \t\t\t\t<\/figcaption><\/figure><figure class='gallery-item'> \t\t\t<div class='gallery-icon landscape'> \t\t\t\t<a href='https:\/\/www.agriculture-machine.com\/wp-content\/uploads\/2021\/04\/5TD-125-thresher-machine-for-sorghum.jpg'><img loading=\"lazy\" decoding=\"async\" width=\"720\" height=\"540\" src=\"https:\/\/www.agriculture-machine.com\/wp-content\/uploads\/2021\/04\/5TD-125-thresher-machine-for-sorghum.jpg\" class=\"attachment-full size-full\" alt=\"Sorghum-Sch\u00e4lmaschine 5TD-125\" aria-describedby=\"gallery-1-10140\" srcset=\"https:\/\/www.agriculture-machine.com\/wp-content\/uploads\/2021\/04\/5TD-125-thresher-machine-for-sorghum.jpg 720w, https:\/\/www.agriculture-machine.com\/wp-content\/uploads\/2021\/04\/5TD-125-thresher-machine-for-sorghum-360x270.jpg 360w, https:\/\/www.agriculture-machine.com\/wp-content\/uploads\/2021\/04\/5TD-125-thresher-machine-for-sorghum-240x180.jpg 240w\" sizes=\"auto, (max-width: 720px) 100vw, 720px\" \/><\/a> \t\t\t<\/div> \t\t\t\t<figcaption class='wp-caption-text gallery-caption' id='gallery-1-10140'> \t\t\t\tSorghum-Sch\u00e4lmaschine 5TD-125 \t\t\t\t<\/figcaption><\/figure><figure class='gallery-item'> \t\t\t<div class='gallery-icon landscape'> \t\t\t\t<a href='https:\/\/www.agriculture-machine.com\/wp-content\/uploads\/2021\/04\/5TD-125-thresher-machine-for-rice.jpg'><img loading=\"lazy\" decoding=\"async\" width=\"720\" height=\"540\" src=\"https:\/\/www.agriculture-machine.com\/wp-content\/uploads\/2021\/04\/5TD-125-thresher-machine-for-rice.jpg\" class=\"attachment-full size-full\" alt=\"5TD-125 Sch\u00e4lmaschine f\u00fcr Reis\" aria-describedby=\"gallery-1-10139\" srcset=\"https:\/\/www.agriculture-machine.com\/wp-content\/uploads\/2021\/04\/5TD-125-thresher-machine-for-rice.jpg 720w, https:\/\/www.agriculture-machine.com\/wp-content\/uploads\/2021\/04\/5TD-125-thresher-machine-for-rice-360x270.jpg 360w, https:\/\/www.agriculture-machine.com\/wp-content\/uploads\/2021\/04\/5TD-125-thresher-machine-for-rice-240x180.jpg 240w\" sizes=\"auto, (max-width: 720px) 100vw, 720px\" \/><\/a> \t\t\t<\/div> \t\t\t\t<figcaption class='wp-caption-text gallery-caption' id='gallery-1-10139'> \t\t\t\t5TD-125 Sch\u00e4lmaschine f\u00fcr Reis \t\t\t\t<\/figcaption><\/figure> \t\t<\/div>  <h2>Was ist das Funktionsprinzip der Sch\u00e4lmaschine<\/h2> <p>Die Ernteg\u00fcter werden w\u00e4hrend des Betriebs kontinuierlich und gleichm\u00e4\u00dfig zugef\u00fchrt. Zwischen dem Gestell auf der Trommel und der Siebzusammenstellung entstehen Reibung, Quetschen, Kollision und Sch\u00fctteln, sodass die K\u00f6rner von den St\u00e4ngeln getrennt werden und dann durch die Siebe ausflie\u00dfen. Die St\u00e4ngel werden durch Zentrifugalkraft weggeworfen, um den gesamten Sch\u00e4lvorgang abzuschlie\u00dfen.<\/p> <h2>Maschinenstrukturdetails der Sch\u00e4lmaschine 5TD-125<\/h2> <p>Diese Art von Sch\u00e4lmaschine verf\u00fcgt haupts\u00e4chlich \u00fcber Zuf\u00fchr\u00f6ffnung, Sch\u00e4leteil, Ventilatoren, Sieb, Ablauffach, Fremdk\u00f6rperauslass, PTO, Halterung, Reifen usw.<\/p> <div id='gallery-2' class='gallery galleryid-10136 gallery-columns-2 gallery-size-full'><figure class='gallery-item'> \t\t\t<div class='gallery-icon landscape'> \t\t\t\t<a href='https:\/\/www.agriculture-machine.com\/wp-content\/uploads\/2021\/04\/structure-details1.jpg'><img loading=\"lazy\" decoding=\"async\" width=\"720\" height=\"540\" src=\"https:\/\/www.agriculture-machine.com\/wp-content\/uploads\/2021\/04\/structure-details1.jpg\" class=\"attachment-full size-full\" alt=\"Strukturdetails1\" aria-describedby=\"gallery-2-10142\" srcset=\"https:\/\/www.agriculture-machine.com\/wp-content\/uploads\/2021\/04\/structure-details1.jpg 720w, https:\/\/www.agriculture-machine.com\/wp-content\/uploads\/2021\/04\/structure-details1-360x270.jpg 360w, https:\/\/www.agriculture-machine.com\/wp-content\/uploads\/2021\/04\/structure-details1-240x180.jpg 240w\" sizes=\"auto, (max-width: 720px) 100vw, 720px\" \/><\/a> \t\t\t<\/div> \t\t\t\t<figcaption class='wp-caption-text gallery-caption' id='gallery-2-10142'> \t\t\t\tStrukturdetails1 \t\t\t\t<\/figcaption><\/figure><figure class='gallery-item'> \t\t\t<div class='gallery-icon landscape'> \t\t\t\t<a href='https:\/\/www.agriculture-machine.com\/wp-content\/uploads\/2021\/04\/structure-details2.jpg'><img loading=\"lazy\" decoding=\"async\" width=\"720\" height=\"540\" src=\"https:\/\/www.agriculture-machine.com\/wp-content\/uploads\/2021\/04\/structure-details2.jpg\" class=\"attachment-full size-full\" alt=\"Strukturdetails2\" aria-describedby=\"gallery-2-10143\" srcset=\"https:\/\/www.agriculture-machine.com\/wp-content\/uploads\/2021\/04\/structure-details2.jpg 720w, https:\/\/www.agriculture-machine.com\/wp-content\/uploads\/2021\/04\/structure-details2-360x270.jpg 360w, https:\/\/www.agriculture-machine.com\/wp-content\/uploads\/2021\/04\/structure-details2-240x180.jpg 240w\" sizes=\"auto, (max-width: 720px) 100vw, 720px\" \/><\/a> \t\t\t<\/div> \t\t\t\t<figcaption class='wp-caption-text gallery-caption' id='gallery-2-10143'> \t\t\t\tStrukturdetails2 \t\t\t\t<\/figcaption><\/figure> \t\t<\/div>  <h2>Kundenfeedback zur Sch\u00e4lmaschine<\/h2> <p>Aus dem Bild k\u00f6nnen wir sehen, dass die Maschine sehr effizient ist und die Menschen nicht so hart arbeiten m\u00fcssen. Normalerweise k\u00f6nnen ein oder zwei Personen das Sch\u00e4len erledigen.<br \/> Eine der Anwendungsszenarien ist ein nigerianischer Kunde, der Reis sch\u00e4lt, und das andere ist ein kanadischer Kunde, der Weizen sch\u00e4lt. Wir k\u00f6nnen sehen, dass der gesamte Sch\u00e4lerfolg sehr gut ist und die Arbeitseffizienz ebenfalls sehr hoch ist.<\/p> <div id='gallery-3' class='gallery galleryid-10136 gallery-columns-2 gallery-size-full'><figure class='gallery-item'> \t\t\t<div class='gallery-icon landscape'> \t\t\t\t<a href='https:\/\/www.agriculture-machine.com\/wp-content\/uploads\/2021\/04\/thresher-machine-for-rice-in-Nigeria.jpg'><img loading=\"lazy\" decoding=\"async\" width=\"720\" height=\"540\" src=\"https:\/\/www.agriculture-machine.com\/wp-content\/uploads\/2021\/04\/thresher-machine-for-rice-in-Nigeria.jpg\" class=\"attachment-full size-full\" alt=\"Sch\u00e4lmaschine f\u00fcr Reis in Nigeria\" aria-describedby=\"gallery-3-10144\" srcset=\"https:\/\/www.agriculture-machine.com\/wp-content\/uploads\/2021\/04\/thresher-machine-for-rice-in-Nigeria.jpg 720w, https:\/\/www.agriculture-machine.com\/wp-content\/uploads\/2021\/04\/thresher-machine-for-rice-in-Nigeria-360x270.jpg 360w, https:\/\/www.agriculture-machine.com\/wp-content\/uploads\/2021\/04\/thresher-machine-for-rice-in-Nigeria-240x180.jpg 240w\" sizes=\"auto, (max-width: 720px) 100vw, 720px\" \/><\/a> \t\t\t<\/div> \t\t\t\t<figcaption class='wp-caption-text gallery-caption' id='gallery-3-10144'> \t\t\t\tSch\u00e4lmaschine f\u00fcr Reis in Nigeria \t\t\t\t<\/figcaption><\/figure><figure class='gallery-item'> \t\t\t<div class='gallery-icon landscape'> \t\t\t\t<a href='https:\/\/www.agriculture-machine.com\/wp-content\/uploads\/2021\/04\/thresher-machine-for-wheat-in-Canada.jpg'><img loading=\"lazy\" decoding=\"async\" width=\"720\" height=\"540\" src=\"https:\/\/www.agriculture-machine.com\/wp-content\/uploads\/2021\/04\/thresher-machine-for-wheat-in-Canada.jpg\" class=\"attachment-full size-full\" alt=\"Sch\u00e4lmaschine f\u00fcr Weizen in Kanada\" aria-describedby=\"gallery-3-10145\" srcset=\"https:\/\/www.agriculture-machine.com\/wp-content\/uploads\/2021\/04\/thresher-machine-for-wheat-in-Canada.jpg 720w, https:\/\/www.agriculture-machine.com\/wp-content\/uploads\/2021\/04\/thresher-machine-for-wheat-in-Canada-360x270.jpg 360w, https:\/\/www.agriculture-machine.com\/wp-content\/uploads\/2021\/04\/thresher-machine-for-wheat-in-Canada-240x180.jpg 240w\" sizes=\"auto, (max-width: 720px) 100vw, 720px\" \/><\/a> \t\t\t<\/div> \t\t\t\t<figcaption class='wp-caption-text gallery-caption' id='gallery-3-10145'> \t\t\t\tSch\u00e4lmaschine f\u00fcr Weizen in Kanada \t\t\t\t<\/figcaption><\/figure> \t\t<\/div>  <h2>Verpackung und Versand<\/h2> <p>Dies ist die Szene, in der nigerianische und kanadische Kunden unsere Maschinen bestellt haben, und wir haben sie verpackt und versendet. Kunden, die Maschinen bei uns bestellen, k\u00f6nnen sicher sein, dass wir jede Maschine sorgf\u00e4ltig verpacken, damit Sie eine vollst\u00e4ndige Maschine erhalten. Sie k\u00f6nnen uns kontaktieren, wenn Sie landwirtschaftliche Maschinen ben\u00f6tigen.<\/p> <div id='gallery-4' class='gallery galleryid-10136 gallery-columns-2 gallery-size-full'><figure class='gallery-item'> \t\t\t<div class='gallery-icon landscape'> \t\t\t\t<a href='https:\/\/www.agriculture-machine.com\/wp-content\/uploads\/2021\/04\/shipping-1.jpg'><img loading=\"lazy\" decoding=\"async\" width=\"720\" height=\"540\" src=\"https:\/\/www.agriculture-machine.com\/wp-content\/uploads\/2021\/04\/shipping-1.jpg\" class=\"attachment-full size-full\" alt=\"Versand\" aria-describedby=\"gallery-4-10148\" srcset=\"https:\/\/www.agriculture-machine.com\/wp-content\/uploads\/2021\/04\/shipping-1.jpg 720w, https:\/\/www.agriculture-machine.com\/wp-content\/uploads\/2021\/04\/shipping-1-360x270.jpg 360w, https:\/\/www.agriculture-machine.com\/wp-content\/uploads\/2021\/04\/shipping-1-240x180.jpg 240w\" sizes=\"auto, (max-width: 720px) 100vw, 720px\" \/><\/a> \t\t\t<\/div> \t\t\t\t<figcaption class='wp-caption-text gallery-caption' id='gallery-4-10148'> \t\t\t\tVersand \t\t\t\t<\/figcaption><\/figure><figure class='gallery-item'> \t\t\t<div class='gallery-icon landscape'> \t\t\t\t<a href='https:\/\/www.agriculture-machine.com\/wp-content\/uploads\/2021\/04\/packing1.jpg'><img loading=\"lazy\" decoding=\"async\" width=\"720\" height=\"540\" src=\"https:\/\/www.agriculture-machine.com\/wp-content\/uploads\/2021\/04\/packing1.jpg\" class=\"attachment-full size-full\" alt=\"Verpackung1\" aria-describedby=\"gallery-4-10146\" srcset=\"https:\/\/www.agriculture-machine.com\/wp-content\/uploads\/2021\/04\/packing1.jpg 720w, https:\/\/www.agriculture-machine.com\/wp-content\/uploads\/2021\/04\/packing1-360x270.jpg 360w, https:\/\/www.agriculture-machine.com\/wp-content\/uploads\/2021\/04\/packing1-240x180.jpg 240w\" sizes=\"auto, (max-width: 720px) 100vw, 720px\" \/><\/a> \t\t\t<\/div> \t\t\t\t<figcaption class='wp-caption-text gallery-caption' id='gallery-4-10146'> \t\t\t\tVerpackung1 \t\t\t\t<\/figcaption><\/figure><figure class='gallery-item'> \t\t\t<div class='gallery-icon landscape'> \t\t\t\t<a href='https:\/\/www.agriculture-machine.com\/wp-content\/uploads\/2021\/04\/packing2.jpg'><img loading=\"lazy\" decoding=\"async\" width=\"720\" height=\"352\" src=\"https:\/\/www.agriculture-machine.com\/wp-content\/uploads\/2021\/04\/packing2.jpg\" class=\"attachment-full size-full\" alt=\"Verpackung2\" aria-describedby=\"gallery-4-10147\" srcset=\"https:\/\/www.agriculture-machine.com\/wp-content\/uploads\/2021\/04\/packing2.jpg 720w, https:\/\/www.agriculture-machine.com\/wp-content\/uploads\/2021\/04\/packing2-360x176.jpg 360w\" sizes=\"auto, (max-width: 720px) 100vw, 720px\" \/><\/a> \t\t\t<\/div> \t\t\t\t<figcaption class='wp-caption-text gallery-caption' id='gallery-4-10147'> \t\t\t\tVerpackung2 \t\t\t\t<\/figcaption><\/figure><figure class='gallery-item'> \t\t\t<div class='gallery-icon landscape'> \t\t\t\t<a href='https:\/\/www.agriculture-machine.com\/wp-content\/uploads\/2021\/04\/shipping2.jpg'><img loading=\"lazy\" decoding=\"async\" width=\"720\" height=\"391\" src=\"https:\/\/www.agriculture-machine.com\/wp-content\/uploads\/2021\/04\/shipping2.jpg\" class=\"attachment-full size-full\" alt=\"\" aria-describedby=\"gallery-4-10149\" srcset=\"https:\/\/www.agriculture-machine.com\/wp-content\/uploads\/2021\/04\/shipping2.jpg 720w, https:\/\/www.agriculture-machine.com\/wp-content\/uploads\/2021\/04\/shipping2-360x196.jpg 360w\" sizes=\"auto, (max-width: 720px) 100vw, 720px\" \/><\/a> \t\t\t<\/div> \t\t\t\t<figcaption class='wp-caption-text gallery-caption' id='gallery-4-10149'> \t\t\t\tVersand2 \t\t\t\t<\/figcaption><\/figure> \t\t<\/div>  <h2>Technische Parameter<\/h2> <table style=\"border-collapse: collapse; width: 381.02pt;\" border=\"0\" width=\"762\" cellspacing=\"0\" cellpadding=\"0\"> <tbody> <tr style=\"height: 14.00pt;\"> <td style=\"height: 14.00pt; width: 100.50pt;\" width=\"201\" height=\"28\">Modell<\/td> <td style=\"width: 280.50pt;\" width=\"561\">5TD-125<\/td> <\/tr> <tr style=\"height: 14.00pt;\"> <td style=\"height: 14.00pt;\" height=\"28\">Produktivit\u00e4t<\/td> <td>1000-1500kg\/h(wheat and rice),600&#8211;800kg\/h(beans)<\/td> <\/tr> <tr style=\"height: 14.00pt;\"> <td style=\"height: 14.00pt;\" height=\"28\">Passende Leistung<\/td> <td>22-PS-Dieselmaschine oder 11-13kW-Motor<\/td> <\/tr> <tr style=\"height: 14.00pt;\"> <td style=\"height: 14.00pt;\" height=\"28\">Maschinengewicht<\/td> <td>420kg<\/td> <\/tr> <tr style=\"height: 14.00pt;\"> <td style=\"height: 14.00pt;\" height=\"28\">Wendeldrehzahl<\/td> <td>1050 U\/min, 550 U\/min (Bohnen sch\u00e4len)<\/td> <\/tr> <tr style=\"height: 14.00pt;\"> <td style=\"height: 14.00pt;\" height=\"28\">Doppel-L\u00fcftergeschwindigkeit<\/td> <td>2500 U\/min<\/td> <\/tr> <tr style=\"height: 14.00pt;\"> <td style=\"height: 14.00pt;\" height=\"28\">Maschinengr\u00f6\u00dfe<\/td> <td>2500*1770*1550mm<\/td> <\/tr> <tr style=\"height: 14.00pt;\"> <td style=\"height: 14.00pt;\" height=\"28\">Verpackungsgr\u00f6\u00dfe<\/td> <td>1600*1200*1500mm<\/td> <\/tr> <\/tbody> <\/table>","protected":false},"excerpt":{"rendered":"<p>What crops do the 5TD-125 thresher machine can process? This model thresher machine is mainly used for the threshing of wheat, corn, soybeans, barley, rice, sorghum, millet, pearl millet and other crops. It is simple in structure, and it is convenient to operate. It has high efficiency. What are the requirements for crops when threshing? [&hellip;]<\/p>\n","protected":false},"author":1,"featured_media":10137,"parent":0,"comment_status":"closed","ping_status":"closed","template":"","tags":[491,796,135,2614,158],"product-type":[872],"class_list":["post-10136","product","type-product","status-publish","has-post-thumbnail","hentry","tag-corn","tag-rice","tag-sorghum","tag-thresher","tag-wheat","product-type-thresher-sheller"],"_links":{"self":[{"href":"https:\/\/www.agriculture-machine.com\/de\/wp-json\/wp\/v2\/product\/10136","targetHints":{"allow":["GET"]}}],"collection":[{"href":"https:\/\/www.agriculture-machine.com\/de\/wp-json\/wp\/v2\/product"}],"about":[{"href":"https:\/\/www.agriculture-machine.com\/de\/wp-json\/wp\/v2\/types\/product"}],"author":[{"embeddable":true,"href":"https:\/\/www.agriculture-machine.com\/de\/wp-json\/wp\/v2\/users\/1"}],"replies":[{"embeddable":true,"href":"https:\/\/www.agriculture-machine.com\/de\/wp-json\/wp\/v2\/comments?post=10136"}],"wp:featuredmedia":[{"embeddable":true,"href":"https:\/\/www.agriculture-machine.com\/de\/wp-json\/wp\/v2\/media\/10137"}],"wp:attachment":[{"href":"https:\/\/www.agriculture-machine.com\/de\/wp-json\/wp\/v2\/media?parent=10136"}],"wp:term":[{"taxonomy":"post_tag","embeddable":true,"href":"https:\/\/www.agriculture-machine.com\/de\/wp-json\/wp\/v2\/tags?post=10136"},{"taxonomy":"product-type","embeddable":true,"href":"https:\/\/www.agriculture-machine.com\/de\/wp-json\/wp\/v2\/product-type?post=10136"}],"curies":[{"name":"wp","href":"https:\/\/api.w.org\/{rel}","templated":true}]}}