{"id":10256,"date":"2021-05-07T15:02:07","date_gmt":"2021-05-07T07:02:07","guid":{"rendered":"https:\/\/www.agriculture-machine.com\/?p=10256"},"modified":"2024-09-18T16:07:18","modified_gmt":"2024-09-18T08:07:18","slug":"multifunctional-thresher-5t-1000-for-rice-corn-wheat-sorghum","status":"publish","type":"product","link":"https:\/\/www.agriculture-machine.com\/de\/multifunctional-thresher-5t-1000-for-rice-corn-wheat-sorghum\/","title":{"rendered":"Multifunktionaler Reiser 5T-1000 f\u00fcr Reis, Mais, Weizen, Sorghum"},"content":{"rendered":"<h2>Welche Kulturarten kann der 5T-1000 Multifunktionstrescher verarbeiten?<\/h2> <p>Die Dreschmaschine 5T-1000 ist multifunktional. Sie kann Broad Bean, Sojabohne, Sorghum, Mais, Reis, Weizen, Hirse, Pearl Millet, Kichererbse usw. dreschen. Beim Dreschen verschiedener Kulturen m\u00fcssen unterschiedlich gro\u00dfe Siebe eingesetzt werden. Mit unterschiedlichen Sieben f\u00fcr verschiedene Kulturen ist der Dreschergebnis besser.<\/p> <figure id=\"attachment_10262\" aria-describedby=\"caption-attachment-10262\" style=\"width: 720px\" class=\"wp-caption alignnone\"><img loading=\"lazy\" decoding=\"async\" class=\"size-full wp-image-10262\" src=\"https:\/\/www.agriculture-machine.com\/wp-content\/uploads\/2021\/05\/multifunctional-thresher-for-rice-wheat-corn-sorghum-millet.jpg\" alt=\"Multifunktionale Dreschmaschine f\u00fcr Reis, Weizen, Mais, Sorghum, Hirse\" width=\"720\" height=\"540\" srcset=\"https:\/\/www.agriculture-machine.com\/wp-content\/uploads\/2021\/05\/multifunctional-thresher-for-rice-wheat-corn-sorghum-millet.jpg 720w, https:\/\/www.agriculture-machine.com\/wp-content\/uploads\/2021\/05\/multifunctional-thresher-for-rice-wheat-corn-sorghum-millet-360x270.jpg 360w, https:\/\/www.agriculture-machine.com\/wp-content\/uploads\/2021\/05\/multifunctional-thresher-for-rice-wheat-corn-sorghum-millet-240x180.jpg 240w\" sizes=\"auto, (max-width: 720px) 100vw, 720px\" \/><figcaption id=\"caption-attachment-10262\" class=\"wp-caption-text\">Multifunktionale Dreschmaschine f\u00fcr Reis-Weizen-Maissorghum-Hirse-Millet<\/figcaption><\/figure> <h2>5T-1000 Multifunktionstrescher Maschinenstruktur<\/h2> <p>Diese Dreschter Typ hat haupts\u00e4chlich eine Einlass\u00f6ffnung, Dreschnteil, Halterung, gro\u00dfen Reifen, Doppelventilator, Auslass, Zapfwellenantrieb (PTO).<br \/> Nehmen Sie Reis als Beispiel: Beutelweise F\u00fctterung, das Reisgetreide in den F\u00fctterungseingang geben, das Dreschen erfolgt im Dreschteil, anschlie\u00dfend werden Verunreinigungen und Staub oder Reiskleie durch den Doppelventilator weggeblasen. Danach kommt der gedreschte Reis aus dem Auslass. Da die Maschine zwei Ventilatoren hat, ist der gedresste Reis sehr sauber.<\/p> <figure id=\"attachment_10268\" aria-describedby=\"caption-attachment-10268\" style=\"width: 720px\" class=\"wp-caption alignnone\"><img loading=\"lazy\" decoding=\"async\" class=\"size-full wp-image-10268\" src=\"https:\/\/www.agriculture-machine.com\/wp-content\/uploads\/2021\/05\/multifunctional-thresher-structure.jpg\" alt=\"Multifunktionale Dreschstruktur\" width=\"720\" height=\"540\" srcset=\"https:\/\/www.agriculture-machine.com\/wp-content\/uploads\/2021\/05\/multifunctional-thresher-structure.jpg 720w, https:\/\/www.agriculture-machine.com\/wp-content\/uploads\/2021\/05\/multifunctional-thresher-structure-360x270.jpg 360w, https:\/\/www.agriculture-machine.com\/wp-content\/uploads\/2021\/05\/multifunctional-thresher-structure-240x180.jpg 240w\" sizes=\"auto, (max-width: 720px) 100vw, 720px\" \/><figcaption id=\"caption-attachment-10268\" class=\"wp-caption-text\">Multifunktionale Dreschstruktur<\/figcaption><\/figure> <h2>Maschinendisplay<\/h2> <p>Gro\u00dfvolumen-Dreschmaschine gibt es in drei Typen: Basistyp, Typ mit gro\u00dfen R\u00e4dern und PTO-angetriebener Typ. Es ist f\u00fcr Kunden einfacher, ihn auf dem Hof zu bewegen und zu arbeiten. Au\u00dferdem gibt es drei Antriebsarten: Dieselmotor, Traktor und Elektromotor. Die H\u00f6he der Maschine ohne Reifen betr\u00e4gt 1900 cm, die Breite 150 cm, und die l\u00e4ngste einschlie\u00dflich der Halterung betr\u00e4gt 340 cm. Der Dieselmotor-Drescher ist mit einem Dieselrahmen verschwei\u00dft, um die Maschine im Arbeitsprozess stabiler zu machen. Wir haben einen Anh\u00e4ngerrahmen f\u00fcr den Traktor verschwei\u00dft, der es der Maschine erm\u00f6glicht, auch unter wechselnden Bodenverh\u00e4ltnissen besser zu laufen. Au\u00dferdem hat jede Maschine eine Halterung.<\/p> <div id='gallery-1' class='gallery galleryid-10256 gallery-columns-2 gallery-size-full'><figure class='gallery-item'> \t\t\t<div class='gallery-icon landscape'> \t\t\t\t<a href='https:\/\/www.agriculture-machine.com\/wp-content\/uploads\/2021\/05\/thresher-machine.jpg'><img loading=\"lazy\" decoding=\"async\" width=\"720\" height=\"540\" src=\"https:\/\/www.agriculture-machine.com\/wp-content\/uploads\/2021\/05\/thresher-machine.jpg\" class=\"attachment-full size-full\" alt=\"Multifunktionale Dreschmaschine\" aria-describedby=\"gallery-1-10267\" srcset=\"https:\/\/www.agriculture-machine.com\/wp-content\/uploads\/2021\/05\/thresher-machine.jpg 720w, https:\/\/www.agriculture-machine.com\/wp-content\/uploads\/2021\/05\/thresher-machine-360x270.jpg 360w, https:\/\/www.agriculture-machine.com\/wp-content\/uploads\/2021\/05\/thresher-machine-240x180.jpg 240w\" sizes=\"auto, (max-width: 720px) 100vw, 720px\" \/><\/a> \t\t\t<\/div> \t\t\t\t<figcaption class='wp-caption-text gallery-caption' id='gallery-1-10267'> \t\t\t\tDreschmaschine f\u00fcr Weizen, Mais, Sojabohnen, Gerste, Reis, Sorghum, Hirse, Pearl-Millet und andere Kulturen \t\t\t\t<\/figcaption><\/figure><figure class='gallery-item'> \t\t\t<div class='gallery-icon landscape'> \t\t\t\t<a href='https:\/\/www.agriculture-machine.com\/wp-content\/uploads\/2021\/05\/2.jpg'><img loading=\"lazy\" decoding=\"async\" width=\"720\" height=\"441\" src=\"https:\/\/www.agriculture-machine.com\/wp-content\/uploads\/2021\/05\/2.jpg\" class=\"attachment-full size-full\" alt=\"Multifunktionale Dreschmaschine\" aria-describedby=\"gallery-1-10264\" srcset=\"https:\/\/www.agriculture-machine.com\/wp-content\/uploads\/2021\/05\/2.jpg 720w, https:\/\/www.agriculture-machine.com\/wp-content\/uploads\/2021\/05\/2-360x221.jpg 360w\" sizes=\"auto, (max-width: 720px) 100vw, 720px\" \/><\/a> \t\t\t<\/div> \t\t\t\t<figcaption class='wp-caption-text gallery-caption' id='gallery-1-10264'> \t\t\t\tDreschmaschine f\u00fcr Weizen, Mais, Sojabohnen, Gerste, Reis, Sorghum, Hirse, Pearl-Millet und andere Kulturen \t\t\t\t<\/figcaption><\/figure><figure class='gallery-item'> \t\t\t<div class='gallery-icon landscape'> \t\t\t\t<a href='https:\/\/www.agriculture-machine.com\/wp-content\/uploads\/2021\/05\/3.jpg'><img loading=\"lazy\" decoding=\"async\" width=\"720\" height=\"495\" src=\"https:\/\/www.agriculture-machine.com\/wp-content\/uploads\/2021\/05\/3.jpg\" class=\"attachment-full size-full\" alt=\"Multifunktionale Dreschmaschine\" aria-describedby=\"gallery-1-10265\" srcset=\"https:\/\/www.agriculture-machine.com\/wp-content\/uploads\/2021\/05\/3.jpg 720w, https:\/\/www.agriculture-machine.com\/wp-content\/uploads\/2021\/05\/3-360x248.jpg 360w\" sizes=\"auto, (max-width: 720px) 100vw, 720px\" \/><\/a> \t\t\t<\/div> \t\t\t\t<figcaption class='wp-caption-text gallery-caption' id='gallery-1-10265'> \t\t\t\tDreschmaschine f\u00fcr Weizen, Mais, Sojabohnen, Gerste, Reis, Sorghum, Hirse, Pearl-Millet und andere Kulturen \t\t\t\t<\/figcaption><\/figure><figure class='gallery-item'> \t\t\t<div class='gallery-icon landscape'> \t\t\t\t<a href='https:\/\/www.agriculture-machine.com\/wp-content\/uploads\/2021\/05\/4.jpg'><img loading=\"lazy\" decoding=\"async\" width=\"720\" height=\"494\" src=\"https:\/\/www.agriculture-machine.com\/wp-content\/uploads\/2021\/05\/4.jpg\" class=\"attachment-full size-full\" alt=\"Multifunktionale Dreschmaschine\" aria-describedby=\"gallery-1-10266\" srcset=\"https:\/\/www.agriculture-machine.com\/wp-content\/uploads\/2021\/05\/4.jpg 720w, https:\/\/www.agriculture-machine.com\/wp-content\/uploads\/2021\/05\/4-360x247.jpg 360w\" sizes=\"auto, (max-width: 720px) 100vw, 720px\" \/><\/a> \t\t\t<\/div> \t\t\t\t<figcaption class='wp-caption-text gallery-caption' id='gallery-1-10266'> \t\t\t\tMultifunktionale Dreschmaschine  \t\t\t\t<\/figcaption><\/figure> \t\t<\/div>  <h2>Verpackung und Versand<\/h2> <p>Derzeit wird unsere Dreschmaschine nach Nigeria, Botswana, Uganda, in die Vereinigten Staaten, Bangladesh usw. verkauft. Wir verpacken die Maschine vor dem Versand, einige befinden sich in einem Eisenrahmen oder Holzkiste.<\/p> <div id='gallery-2' class='gallery galleryid-10256 gallery-columns-3 gallery-size-full'><figure class='gallery-item'> \t\t\t<div class='gallery-icon landscape'> \t\t\t\t<a href='https:\/\/www.agriculture-machine.com\/wp-content\/uploads\/2021\/05\/packing.jpg'><img loading=\"lazy\" decoding=\"async\" width=\"720\" height=\"498\" src=\"https:\/\/www.agriculture-machine.com\/wp-content\/uploads\/2021\/05\/packing.jpg\" class=\"attachment-full size-full\" alt=\"\" aria-describedby=\"gallery-2-10271\" srcset=\"https:\/\/www.agriculture-machine.com\/wp-content\/uploads\/2021\/05\/packing.jpg 720w, https:\/\/www.agriculture-machine.com\/wp-content\/uploads\/2021\/05\/packing-360x249.jpg 360w\" sizes=\"auto, (max-width: 720px) 100vw, 720px\" \/><\/a> \t\t\t<\/div> \t\t\t\t<figcaption class='wp-caption-text gallery-caption' id='gallery-2-10271'> \t\t\t\tVerpackung \t\t\t\t<\/figcaption><\/figure><figure class='gallery-item'> \t\t\t<div class='gallery-icon landscape'> \t\t\t\t<a href='https:\/\/www.agriculture-machine.com\/wp-content\/uploads\/2021\/05\/multifunctional-thresher-packing.jpg'><img loading=\"lazy\" decoding=\"async\" width=\"720\" height=\"404\" src=\"https:\/\/www.agriculture-machine.com\/wp-content\/uploads\/2021\/05\/multifunctional-thresher-packing.jpg\" class=\"attachment-full size-full\" alt=\"Multifunktionale Dreschverpackung\" aria-describedby=\"gallery-2-10270\" srcset=\"https:\/\/www.agriculture-machine.com\/wp-content\/uploads\/2021\/05\/multifunctional-thresher-packing.jpg 720w, https:\/\/www.agriculture-machine.com\/wp-content\/uploads\/2021\/05\/multifunctional-thresher-packing-360x202.jpg 360w\" sizes=\"auto, (max-width: 720px) 100vw, 720px\" \/><\/a> \t\t\t<\/div> \t\t\t\t<figcaption class='wp-caption-text gallery-caption' id='gallery-2-10270'> \t\t\t\tMultifunktionale Dreschverpackung \t\t\t\t<\/figcaption><\/figure><figure class='gallery-item'> \t\t\t<div class='gallery-icon landscape'> \t\t\t\t<a href='https:\/\/www.agriculture-machine.com\/wp-content\/uploads\/2021\/05\/multifunctional-shipping.jpg'><img loading=\"lazy\" decoding=\"async\" width=\"720\" height=\"540\" src=\"https:\/\/www.agriculture-machine.com\/wp-content\/uploads\/2021\/05\/multifunctional-shipping.jpg\" class=\"attachment-full size-full\" alt=\"Dreschversand der Multifunktionstrescher\" aria-describedby=\"gallery-2-10269\" srcset=\"https:\/\/www.agriculture-machine.com\/wp-content\/uploads\/2021\/05\/multifunctional-shipping.jpg 720w, https:\/\/www.agriculture-machine.com\/wp-content\/uploads\/2021\/05\/multifunctional-shipping-360x270.jpg 360w, https:\/\/www.agriculture-machine.com\/wp-content\/uploads\/2021\/05\/multifunctional-shipping-240x180.jpg 240w\" sizes=\"auto, (max-width: 720px) 100vw, 720px\" \/><\/a> \t\t\t<\/div> \t\t\t\t<figcaption class='wp-caption-text gallery-caption' id='gallery-2-10269'> \t\t\t\tDreschversand der Multifunktionstrescher \t\t\t\t<\/figcaption><\/figure> \t\t<\/div>  <h2>Technische Parameter<\/h2> <table> <tbody> <tr> <td width=\"284\">Modell<\/td> <td width=\"284\">5T-1000<\/td> <\/tr> <tr> <td width=\"284\">Kapazit\u00e4t<\/td> <td width=\"284\">2000-4000 kg\/h f\u00fcr Mais, 1000-2000 kg\/h f\u00fcr Hirse<\/td> <\/tr> <tr> <td width=\"284\">Sch\u00e4l-\/Sch\u00e4lrate<\/td> <td width=\"284\">99%<\/td> <\/tr> <tr> <td width=\"284\">Leistung<\/td> <td width=\"284\">7,5 kW Elektromotor oder 12 PS Dieselmotor<\/td> <\/tr> <tr> <td width=\"284\">Gr\u00f6\u00dfe<\/td> <td width=\"284\">3400*2100*1980mm<\/td> <\/tr> <tr> <td width=\"284\">Gewicht<\/td> <td width=\"284\">700kg<\/td> <\/tr> <\/tbody> <\/table> <p>&nbsp;<\/p>","protected":false},"excerpt":{"rendered":"<p>What crops do the 5T-1000 multifunctional thresher can process? The 5T-1000 thresher machine is multifunctional. It can thresh broad bean, soybean, sorghum, corn, rice, wheat, millet, pearl millet, chickpea, etc. When threshing different crops, it is necessary to replace screens of different sizes. With different screens for different crops, the threshing effect is better. 5T-1000 [&hellip;]<\/p>\n","protected":false},"author":1,"featured_media":10261,"parent":0,"comment_status":"closed","ping_status":"closed","template":"","tags":[2614],"product-type":[872],"class_list":["post-10256","product","type-product","status-publish","has-post-thumbnail","hentry","tag-thresher","product-type-thresher-sheller"],"_links":{"self":[{"href":"https:\/\/www.agriculture-machine.com\/de\/wp-json\/wp\/v2\/product\/10256","targetHints":{"allow":["GET"]}}],"collection":[{"href":"https:\/\/www.agriculture-machine.com\/de\/wp-json\/wp\/v2\/product"}],"about":[{"href":"https:\/\/www.agriculture-machine.com\/de\/wp-json\/wp\/v2\/types\/product"}],"author":[{"embeddable":true,"href":"https:\/\/www.agriculture-machine.com\/de\/wp-json\/wp\/v2\/users\/1"}],"replies":[{"embeddable":true,"href":"https:\/\/www.agriculture-machine.com\/de\/wp-json\/wp\/v2\/comments?post=10256"}],"wp:featuredmedia":[{"embeddable":true,"href":"https:\/\/www.agriculture-machine.com\/de\/wp-json\/wp\/v2\/media\/10261"}],"wp:attachment":[{"href":"https:\/\/www.agriculture-machine.com\/de\/wp-json\/wp\/v2\/media?parent=10256"}],"wp:term":[{"taxonomy":"post_tag","embeddable":true,"href":"https:\/\/www.agriculture-machine.com\/de\/wp-json\/wp\/v2\/tags?post=10256"},{"taxonomy":"product-type","embeddable":true,"href":"https:\/\/www.agriculture-machine.com\/de\/wp-json\/wp\/v2\/product-type?post=10256"}],"curies":[{"name":"wp","href":"https:\/\/api.w.org\/{rel}","templated":true}]}}