{"id":10273,"date":"2021-05-07T18:46:54","date_gmt":"2021-05-07T10:46:54","guid":{"rendered":"https:\/\/www.agriculture-machine.com\/?p=10273"},"modified":"2024-09-23T11:37:01","modified_gmt":"2024-09-23T03:37:01","slug":"corn-thresher-maize-thresher-corn-sheller-5tym-650","status":"publish","type":"product","link":"https:\/\/www.agriculture-machine.com\/de\/corn-thresher-maize-thresher-corn-sheller-5tym-650\/","title":{"rendered":"Maisreiser | Maisreiser | Mais-Sch\u00e4ler 5TYM-650"},"content":{"rendered":"<p>Dies ist eine neue Art von Mais-Sch\u00e4ler. Die interne Struktur verwendet Sch\u00e4lz\u00e4hne, die eine bessere Sch\u00e4lwirkung haben. Der neue Mais-Sch\u00e4ler ist eine professionelle Maschine zum Sch\u00e4len von Mais. Die Maschine kann mit gro\u00dfen R\u00e4dern ausgestattet werden, die eine hohe Effizienz beim Sch\u00e4len, eine hohe Reinigungsrate bieten und bequem zu bedienen sind.<\/p> <figure id=\"attachment_10281\" aria-describedby=\"caption-attachment-10281\" style=\"width: 720px\" class=\"wp-caption alignnone\"><img loading=\"lazy\" decoding=\"async\" class=\"size-full wp-image-10281\" src=\"https:\/\/www.agriculture-machine.com\/wp-content\/uploads\/2021\/05\/The-internal-structure-of-the-corn-thresher.jpg\" alt=\"Die-intern-aufbau-des-Mais-Sch\u00e4lers\" width=\"720\" height=\"540\" srcset=\"https:\/\/www.agriculture-machine.com\/wp-content\/uploads\/2021\/05\/The-internal-structure-of-the-corn-thresher.jpg 720w, https:\/\/www.agriculture-machine.com\/wp-content\/uploads\/2021\/05\/The-internal-structure-of-the-corn-thresher-360x270.jpg 360w, https:\/\/www.agriculture-machine.com\/wp-content\/uploads\/2021\/05\/The-internal-structure-of-the-corn-thresher-240x180.jpg 240w\" sizes=\"auto, (max-width: 720px) 100vw, 720px\" \/><figcaption id=\"caption-attachment-10281\" class=\"wp-caption-text\">Die-intern-aufbau-des-Mais-Sch\u00e4lers<\/figcaption><\/figure> <h2>Welche Art von Antrieb kann die Maschine haben<\/h2> <p>Unser Mais-Sch\u00e4ler kann mit einem Elektromotor, Dieselmotor, Benzinmotor als Antrieb ausgestattet werden. Au\u00dferdem k\u00f6nnen wir gro\u00dfe Reifen, Halterungen, Zugrahmen anpassen. Wenn Ihr Gel\u00e4nde eben ist, k\u00f6nnen Sie einen Mais-Sch\u00e4ler mit kleinen Reifen w\u00e4hlen. Wenn Ihr Gel\u00e4nde uneben ist, k\u00f6nnen Sie einen Mais-Sch\u00e4ler mit gro\u00dfen Reifen oder mit Halterungen w\u00e4hlen, sodass die Maschine auf jedem Terrain reibungslos l\u00e4uft.<br \/> Au\u00dferdem, wenn es f\u00fcr Sie bequem ist, Strom zu verwenden, k\u00f6nnen Sie einen Mais-Sch\u00e4ler mit Motor w\u00e4hlen. Wenn Strom nicht bequem ist, k\u00f6nnen Sie einen Mais-Sch\u00e4ler mit Benzin- oder Dieselmotor w\u00e4hlen. Wichtig ist, dass dieser Mais-Sch\u00e4ler auch mit einem Walktractor verbunden werden kann und direkt im Feld arbeiten kann. Wenn Sie Mais anbauen, k\u00f6nnen Sie diesen Sch\u00e4ler w\u00e4hlen.<\/p> <div id='gallery-1' class='gallery galleryid-10273 gallery-columns-3 gallery-size-full'><figure class='gallery-item'> \t\t\t<div class='gallery-icon landscape'> \t\t\t\t<a href='https:\/\/www.agriculture-machine.com\/wp-content\/uploads\/2021\/05\/maize-threshing-.jpg'><img loading=\"lazy\" decoding=\"async\" width=\"720\" height=\"526\" src=\"https:\/\/www.agriculture-machine.com\/wp-content\/uploads\/2021\/05\/maize-threshing-.jpg\" class=\"attachment-full size-full\" alt=\"Mais-Sch\u00e4lmaschine\" aria-describedby=\"gallery-1-10278\" srcset=\"https:\/\/www.agriculture-machine.com\/wp-content\/uploads\/2021\/05\/maize-threshing-.jpg 720w, https:\/\/www.agriculture-machine.com\/wp-content\/uploads\/2021\/05\/maize-threshing--360x263.jpg 360w\" sizes=\"auto, (max-width: 720px) 100vw, 720px\" \/><\/a> \t\t\t<\/div> \t\t\t\t<figcaption class='wp-caption-text gallery-caption' id='gallery-1-10278'> \t\t\t\tMais-Sch\u00e4lmaschine \t\t\t\t<\/figcaption><\/figure><figure class='gallery-item'> \t\t\t<div class='gallery-icon landscape'> \t\t\t\t<a href='https:\/\/www.agriculture-machine.com\/wp-content\/uploads\/2021\/05\/maize-thresher.jpg'><img loading=\"lazy\" decoding=\"async\" width=\"720\" height=\"540\" src=\"https:\/\/www.agriculture-machine.com\/wp-content\/uploads\/2021\/05\/maize-thresher.jpg\" class=\"attachment-full size-full\" alt=\"Mais-Sch\u00e4ler\" aria-describedby=\"gallery-1-10277\" srcset=\"https:\/\/www.agriculture-machine.com\/wp-content\/uploads\/2021\/05\/maize-thresher.jpg 720w, https:\/\/www.agriculture-machine.com\/wp-content\/uploads\/2021\/05\/maize-thresher-360x270.jpg 360w, https:\/\/www.agriculture-machine.com\/wp-content\/uploads\/2021\/05\/maize-thresher-240x180.jpg 240w\" sizes=\"auto, (max-width: 720px) 100vw, 720px\" \/><\/a> \t\t\t<\/div> \t\t\t\t<figcaption class='wp-caption-text gallery-caption' id='gallery-1-10277'> \t\t\t\tMais-Sch\u00e4ler \t\t\t\t<\/figcaption><\/figure><figure class='gallery-item'> \t\t\t<div class='gallery-icon landscape'> \t\t\t\t<a href='https:\/\/www.agriculture-machine.com\/wp-content\/uploads\/2021\/05\/Diesel-engine-model.jpg'><img loading=\"lazy\" decoding=\"async\" width=\"720\" height=\"528\" src=\"https:\/\/www.agriculture-machine.com\/wp-content\/uploads\/2021\/05\/Diesel-engine-model.jpg\" class=\"attachment-full size-full\" alt=\"Dieselmotor-Modell\" aria-describedby=\"gallery-1-10276\" srcset=\"https:\/\/www.agriculture-machine.com\/wp-content\/uploads\/2021\/05\/Diesel-engine-model.jpg 720w, https:\/\/www.agriculture-machine.com\/wp-content\/uploads\/2021\/05\/Diesel-engine-model-360x264.jpg 360w\" sizes=\"auto, (max-width: 720px) 100vw, 720px\" \/><\/a> \t\t\t<\/div> \t\t\t\t<figcaption class='wp-caption-text gallery-caption' id='gallery-1-10276'> \t\t\t\tDieselmotor-Modell \t\t\t\t<\/figcaption><\/figure> \t\t<\/div>  <h2>Vorteile der Mais-Sch\u00e4lmaschine<\/h2> <ul> <li>Die Abwurfrate erreichte 98%.<\/li> <li>Die st\u00fcndliche Leistung kann 2 Tonnen erreichen.<\/li> <li>Starke Anpassungsf\u00e4higkeit.<\/li> <li>Mehrere Wahlm\u00f6glichkeiten bei den Antriebsarten.<\/li> <li>Einzigartige interne Struktur (Zahnwurf).<\/li> <li>Der Maiskolben (Maiskolben) nach dem Sch\u00e4len ist vollst\u00e4ndig und beeintr\u00e4chtigt die sp\u00e4tere Verwendung nicht.<\/li> <\/ul> <figure id=\"attachment_10279\" aria-describedby=\"caption-attachment-10279\" style=\"width: 720px\" class=\"wp-caption alignnone\"><img loading=\"lazy\" decoding=\"async\" class=\"size-full wp-image-10279\" src=\"https:\/\/www.agriculture-machine.com\/wp-content\/uploads\/2021\/05\/corn-maize.jpg\" alt=\"Mais\" width=\"720\" height=\"540\" srcset=\"https:\/\/www.agriculture-machine.com\/wp-content\/uploads\/2021\/05\/corn-maize.jpg 720w, https:\/\/www.agriculture-machine.com\/wp-content\/uploads\/2021\/05\/corn-maize-360x270.jpg 360w, https:\/\/www.agriculture-machine.com\/wp-content\/uploads\/2021\/05\/corn-maize-240x180.jpg 240w\" sizes=\"auto, (max-width: 720px) 100vw, 720px\" \/><figcaption id=\"caption-attachment-10279\" class=\"wp-caption-text\">Mais<\/figcaption><\/figure> <h2>Struktur des Mais-Sch\u00e4lers 5TYM-650<\/h2> <p>Dieser Mais-Sch\u00e4ler hat Zuf\u00fchr\u00f6ffnung, gro\u00dfen Reifen, Halterung, Ausgang, Antrieb, Zugrahmen.<\/p> <figure id=\"attachment_10282\" aria-describedby=\"caption-attachment-10282\" style=\"width: 720px\" class=\"wp-caption alignnone\"><img loading=\"lazy\" decoding=\"async\" class=\"size-full wp-image-10282\" src=\"https:\/\/www.agriculture-machine.com\/wp-content\/uploads\/2021\/05\/the-structure-of-5TYM-650-maize-thresher.jpg\" alt=\"die Struktur des 5TYM-650 Mais-Sch\u00e4lers\" width=\"720\" height=\"540\" srcset=\"https:\/\/www.agriculture-machine.com\/wp-content\/uploads\/2021\/05\/the-structure-of-5TYM-650-maize-thresher.jpg 720w, https:\/\/www.agriculture-machine.com\/wp-content\/uploads\/2021\/05\/the-structure-of-5TYM-650-maize-thresher-360x270.jpg 360w, https:\/\/www.agriculture-machine.com\/wp-content\/uploads\/2021\/05\/the-structure-of-5TYM-650-maize-thresher-240x180.jpg 240w\" sizes=\"auto, (max-width: 720px) 100vw, 720px\" \/><figcaption id=\"caption-attachment-10282\" class=\"wp-caption-text\">die Struktur des 5TYM-650 Mais-Sch\u00e4lers<\/figcaption><\/figure> <h2>Technische Parameter<\/h2> <table> <tbody> <tr> <td width=\"284\">Modell<\/td> <td width=\"284\">5TYM-650<\/td> <\/tr> <tr> <td width=\"284\">Gewicht<\/td> <td width=\"284\">50kg<\/td> <\/tr> <tr> <td width=\"284\">Passende Leistung<\/td> <td width=\"284\">2,2-3 kW oder 5-8 PS<\/td> <\/tr> <tr> <td width=\"284\">Gr\u00f6\u00dfe<\/td> <td width=\"284\">900*600*920<\/td> <\/tr> <tr> <td width=\"284\">Produktivit\u00e4t<\/td> <td width=\"284\">1-2t\/h<\/td> <\/tr> <tr> <td width=\"284\">Reinigungsrate<\/td> <td width=\"284\">99%<\/td> <\/tr> <\/tbody> <\/table>","protected":false},"excerpt":{"rendered":"<p>This is a new type of maize thresher. The internal structure adopts threshing teeth, which has a better threshing effect. The new type of corn thresher is a professional machine for threshing maize. The machine can be equipped with large wheels, which can thresh corn with high efficiency, high cleaning rate, and it is convenient [&hellip;]<\/p>\n","protected":false},"author":1,"featured_media":10275,"parent":0,"comment_status":"closed","ping_status":"closed","template":"","tags":[2614],"product-type":[872],"class_list":["post-10273","product","type-product","status-publish","has-post-thumbnail","hentry","tag-thresher","product-type-thresher-sheller"],"_links":{"self":[{"href":"https:\/\/www.agriculture-machine.com\/de\/wp-json\/wp\/v2\/product\/10273","targetHints":{"allow":["GET"]}}],"collection":[{"href":"https:\/\/www.agriculture-machine.com\/de\/wp-json\/wp\/v2\/product"}],"about":[{"href":"https:\/\/www.agriculture-machine.com\/de\/wp-json\/wp\/v2\/types\/product"}],"author":[{"embeddable":true,"href":"https:\/\/www.agriculture-machine.com\/de\/wp-json\/wp\/v2\/users\/1"}],"replies":[{"embeddable":true,"href":"https:\/\/www.agriculture-machine.com\/de\/wp-json\/wp\/v2\/comments?post=10273"}],"wp:featuredmedia":[{"embeddable":true,"href":"https:\/\/www.agriculture-machine.com\/de\/wp-json\/wp\/v2\/media\/10275"}],"wp:attachment":[{"href":"https:\/\/www.agriculture-machine.com\/de\/wp-json\/wp\/v2\/media?parent=10273"}],"wp:term":[{"taxonomy":"post_tag","embeddable":true,"href":"https:\/\/www.agriculture-machine.com\/de\/wp-json\/wp\/v2\/tags?post=10273"},{"taxonomy":"product-type","embeddable":true,"href":"https:\/\/www.agriculture-machine.com\/de\/wp-json\/wp\/v2\/product-type?post=10273"}],"curies":[{"name":"wp","href":"https:\/\/api.w.org\/{rel}","templated":true}]}}