{"id":10313,"date":"2021-05-10T14:15:10","date_gmt":"2021-05-10T06:15:10","guid":{"rendered":"https:\/\/www.agriculture-machine.com\/?p=10313"},"modified":"2024-09-18T16:06:34","modified_gmt":"2024-09-18T08:06:34","slug":"maize-thresher-machine-wheel-corn-thresher-corn-sheller-5tym-850","status":"publish","type":"product","link":"https:\/\/www.agriculture-machine.com\/de\/maize-thresher-machine-wheel-corn-thresher-corn-sheller-5tym-850\/","title":{"rendered":"Mais-Sch\u00e4lmaschine | Rad-Mais-Sch\u00e4ler | Mais-Schale 5TYM-850"},"content":{"rendered":"<p>Der 5TYM-850-Rad-Maisrechen ist weit verbreitet in der Tierhaltung, auf Bauernh\u00f6fen und in Haushalten.<\/p> <h2>Funktion und Anwendung<\/h2> <p>Der 5TYM-850-Maisrechen wird haupts\u00e4chlich zum Sch\u00e4len und Rechen von Mais verwendet. Diese Rechenmaschine kann die Maisk\u00f6rner schnell von den Maiskolben trennen und zeichnet sich durch hohe Arbeitseffizienz und niedrige Zerst\u00f6rungsrate aus. Sie kann mit einem Dieselmotor, Motor oder Traktor-PTO betrieben werden. Sie k\u00f6nnen je nach Bedarf ausw\u00e4hlen. Gleichzeitig kann sie mit Reifen und einem St\u00fctzrahmen f\u00fcr den Transport ausgestattet werden.<\/p> <figure id=\"attachment_10319\" aria-describedby=\"caption-attachment-10319\" style=\"width: 720px\" class=\"wp-caption alignnone\"><img loading=\"lazy\" decoding=\"async\" class=\"size-full wp-image-10319\" src=\"https:\/\/www.agriculture-machine.com\/wp-content\/uploads\/2021\/05\/corn-thresher-1.jpg\" alt=\"maise-rechen\" width=\"720\" height=\"540\" srcset=\"https:\/\/www.agriculture-machine.com\/wp-content\/uploads\/2021\/05\/corn-thresher-1.jpg 720w, https:\/\/www.agriculture-machine.com\/wp-content\/uploads\/2021\/05\/corn-thresher-1-360x270.jpg 360w, https:\/\/www.agriculture-machine.com\/wp-content\/uploads\/2021\/05\/corn-thresher-1-240x180.jpg 240w\" sizes=\"auto, (max-width: 720px) 100vw, 720px\" \/><figcaption id=\"caption-attachment-10319\" class=\"wp-caption-text\">maise-rechen<\/figcaption><\/figure> <h2>Struktur der 5TYM-850 Rechenmaschine<\/h2> <p>Die Maisrechenmaschine besteht aus einem Einlass, einem Ventilator und zwei Ausg\u00e4ngen f\u00fcr Maiskolben und Mais, Untergestellen, gro\u00dfen Reifen, St\u00fctzen und Traktortriebrahmen.<\/p> <p>&nbsp;<\/p> <p>&nbsp;<\/p> <figure id=\"attachment_10320\" aria-describedby=\"caption-attachment-10320\" style=\"width: 720px\" class=\"wp-caption alignnone\"><img loading=\"lazy\" decoding=\"async\" class=\"size-full wp-image-10320\" src=\"https:\/\/www.agriculture-machine.com\/wp-content\/uploads\/2021\/05\/structure-maize-thresher-850.jpg\" alt=\"struktur-maise-rechen-850\" width=\"720\" height=\"540\" srcset=\"https:\/\/www.agriculture-machine.com\/wp-content\/uploads\/2021\/05\/structure-maize-thresher-850.jpg 720w, https:\/\/www.agriculture-machine.com\/wp-content\/uploads\/2021\/05\/structure-maize-thresher-850-360x270.jpg 360w, https:\/\/www.agriculture-machine.com\/wp-content\/uploads\/2021\/05\/structure-maize-thresher-850-240x180.jpg 240w\" sizes=\"auto, (max-width: 720px) 100vw, 720px\" \/><figcaption id=\"caption-attachment-10320\" class=\"wp-caption-text\">struktur-maise-rechen-850<\/figcaption><\/figure> <p>Details der Strukturansicht<\/p> <p>PTO, Traktortriebrahmen, Sieb, Wurfmechanismus, Riemen.<\/p> <div id='gallery-1' class='gallery galleryid-10313 gallery-columns-2 gallery-size-full'><figure class='gallery-item'> \t\t\t<div class='gallery-icon landscape'> \t\t\t\t<a href='https:\/\/www.agriculture-machine.com\/wp-content\/uploads\/2021\/05\/structure-details.jpg'><img loading=\"lazy\" decoding=\"async\" width=\"720\" height=\"540\" src=\"https:\/\/www.agriculture-machine.com\/wp-content\/uploads\/2021\/05\/structure-details.jpg\" class=\"attachment-full size-full\" alt=\"\" aria-describedby=\"gallery-1-10322\" srcset=\"https:\/\/www.agriculture-machine.com\/wp-content\/uploads\/2021\/05\/structure-details.jpg 720w, https:\/\/www.agriculture-machine.com\/wp-content\/uploads\/2021\/05\/structure-details-360x270.jpg 360w, https:\/\/www.agriculture-machine.com\/wp-content\/uploads\/2021\/05\/structure-details-240x180.jpg 240w\" sizes=\"auto, (max-width: 720px) 100vw, 720px\" \/><\/a> \t\t\t<\/div> \t\t\t\t<figcaption class='wp-caption-text gallery-caption' id='gallery-1-10322'> \t\t\t\tStruktur-Details \t\t\t\t<\/figcaption><\/figure><figure class='gallery-item'> \t\t\t<div class='gallery-icon landscape'> \t\t\t\t<a href='https:\/\/www.agriculture-machine.com\/wp-content\/uploads\/2021\/05\/structure-detail.jpg'><img loading=\"lazy\" decoding=\"async\" width=\"720\" height=\"540\" src=\"https:\/\/www.agriculture-machine.com\/wp-content\/uploads\/2021\/05\/structure-detail.jpg\" class=\"attachment-full size-full\" alt=\"struktur-detail\" aria-describedby=\"gallery-1-10321\" srcset=\"https:\/\/www.agriculture-machine.com\/wp-content\/uploads\/2021\/05\/structure-detail.jpg 720w, https:\/\/www.agriculture-machine.com\/wp-content\/uploads\/2021\/05\/structure-detail-360x270.jpg 360w, https:\/\/www.agriculture-machine.com\/wp-content\/uploads\/2021\/05\/structure-detail-240x180.jpg 240w\" sizes=\"auto, (max-width: 720px) 100vw, 720px\" \/><\/a> \t\t\t<\/div> \t\t\t\t<figcaption class='wp-caption-text gallery-caption' id='gallery-1-10321'> \t\t\t\tstruktur-detail \t\t\t\t<\/figcaption><\/figure> \t\t<\/div>  <h2>Der Unterschied zwischen dem 850-Rechen und dem 650-Rechen<\/h2> <ol> <li>Die Leistung der 850-Maisrechenmaschine ist gr\u00f6\u00dfer als die der <a href=\"https:\/\/www.agriculture-machine.com\/de\/corn-thresher-maize-thresher-corn-sheller-5tym-650\/\">650-Maisrechen<\/a>. Die st\u00fcndliche Leistung der 850-Rechenmaschinen betr\u00e4gt 4-6t, die der 650-Rechenmaschinen 1-2t.<\/li> <li>Die 850-Maisrechenmaschine hat einen weiteren Ventilator als der 650-Maisrechen, sodass der nach dem Rechen gereinigte Mais sauberer ist.<\/li> <li>Der 850-Maisrechen ist gr\u00f6\u00dfer als der 650-Maisrechen.<br \/> Sie k\u00f6nnen je nach Bedarf den 850-Maisrechen oder den 650-Maisrechen w\u00e4hlen.<\/li> <\/ol> <h2>Wie funktioniert der Maisrechen?<\/h2> <p><iframe loading=\"lazy\" title=\"Maisreinigungsmaschine\" width=\"500\" height=\"281\" src=\"https:\/\/www.youtube.com\/embed\/spbXao261AY?feature=oembed\" frameborder=\"0\" allow=\"accelerometer; autoplay; clipboard-write; encrypted-media; gyroscope; picture-in-picture; web-share\" referrerpolicy=\"strict-origin-when-cross-origin\" allowfullscreen><\/iframe><\/p> <h2>Was kostet der Rechen?<\/h2> <p>Kunden, die unseren Webshop abonnieren, wissen, dass unser Maisrechen st\u00e4ndig aktualisiert wird. Wir haben verschiedene Arten von Maisrechenmaschinen, darunter Hochleistungs-, Kleinleistungs-, Vielseitigkeits- und Gro\u00dfreifen-Maisrechen f\u00fcr Afrika. Wenn Sie einen detaillierteren Preis erhalten m\u00f6chten, k\u00f6nnen Sie uns kontaktieren und uns mitteilen, welches Modell Sie w\u00fcnschen.<\/p> <h2>Technische Parameter<\/h2> <table> <tbody> <tr> <td width=\"284\">Modell<\/td> <td width=\"284\">5TYM-850<\/td> <\/tr> <tr> <td width=\"284\">Kapazit\u00e4t<\/td> <td width=\"284\">4-6t\/h<\/td> <\/tr> <tr> <td width=\"284\">Sch\u00e4l-\/Sch\u00e4lrate<\/td> <td width=\"284\">99%<\/td> <\/tr> <tr> <td width=\"284\">Leistung<\/td> <td width=\"284\">5,5-7,5 kW oder 12-18 PS oder PTO<\/td> <\/tr> <tr> <td width=\"284\">Gr\u00f6\u00dfe<\/td> <td width=\"284\">1270x720x1000mm<\/td> <\/tr> <tr> <td width=\"284\">Gewicht<\/td> <td width=\"284\">120 kg<\/td> <\/tr> <\/tbody> <\/table>","protected":false},"excerpt":{"rendered":"<p>5TYM-850 wheel maize thresher machine is widely used in animal husbandry, farms, and households. Function and application The 5TYM-850 corn thresher is mainly used for corn peeling and threshing. This thresher can quickly separate the corn kernels from the corn cobs and has the characteristics of high work efficiency and low crushing rate. The thresher [&hellip;]<\/p>\n","protected":false},"author":1,"featured_media":10318,"parent":0,"comment_status":"closed","ping_status":"closed","template":"","tags":[491,2619],"product-type":[872],"class_list":["post-10313","product","type-product","status-publish","has-post-thumbnail","hentry","tag-corn","tag-sheller","product-type-thresher-sheller"],"_links":{"self":[{"href":"https:\/\/www.agriculture-machine.com\/de\/wp-json\/wp\/v2\/product\/10313","targetHints":{"allow":["GET"]}}],"collection":[{"href":"https:\/\/www.agriculture-machine.com\/de\/wp-json\/wp\/v2\/product"}],"about":[{"href":"https:\/\/www.agriculture-machine.com\/de\/wp-json\/wp\/v2\/types\/product"}],"author":[{"embeddable":true,"href":"https:\/\/www.agriculture-machine.com\/de\/wp-json\/wp\/v2\/users\/1"}],"replies":[{"embeddable":true,"href":"https:\/\/www.agriculture-machine.com\/de\/wp-json\/wp\/v2\/comments?post=10313"}],"wp:featuredmedia":[{"embeddable":true,"href":"https:\/\/www.agriculture-machine.com\/de\/wp-json\/wp\/v2\/media\/10318"}],"wp:attachment":[{"href":"https:\/\/www.agriculture-machine.com\/de\/wp-json\/wp\/v2\/media?parent=10313"}],"wp:term":[{"taxonomy":"post_tag","embeddable":true,"href":"https:\/\/www.agriculture-machine.com\/de\/wp-json\/wp\/v2\/tags?post=10313"},{"taxonomy":"product-type","embeddable":true,"href":"https:\/\/www.agriculture-machine.com\/de\/wp-json\/wp\/v2\/product-type?post=10313"}],"curies":[{"name":"wp","href":"https:\/\/api.w.org\/{rel}","templated":true}]}}