{"id":1032,"date":"2018-10-17T10:25:36","date_gmt":"2018-10-17T02:25:36","guid":{"rendered":"https:\/\/www.agriculture-machine.com\/?p=1032"},"modified":"2026-03-10T11:23:51","modified_gmt":"2026-03-10T03:23:51","slug":"baling-and-wrapping-machine","status":"publish","type":"product","link":"https:\/\/www.agriculture-machine.com\/de\/baling-and-wrapping-machine\/","title":{"rendered":"55-52 Silageballen- und Wickelmaschine Heu-Presseger\u00e4t"},"content":{"rendered":"<p>Die Silageballenpresse und Umreifungsmaschine ist eine Art landwirtschaftlicher und tierz\u00fcchterischer Ausr\u00fcstung, die weit verbreitet bei der Sammlung und Konservierung von Futter, Stroh und anderen Futtermitteln eingesetzt wird.<\/p>    <p>Das Ger\u00e4t b\u00fcndelt und wickelt das Futter mit Kunststofffolie, Netzseil oder Schnur und erm\u00f6glicht die Silagefermentation in einer anaeroben Umgebung. Dies schlie\u00dft die N\u00e4hrstoffe des Futters effektiv ein, verl\u00e4ngert die Konservierungszeit und erf\u00fcllt die ganzj\u00e4hrige F\u00fctterung der Wiederk\u00e4uer wie Rinder, Schafe, Pferde, Hirsche und Esel.<\/p>    <figure class=\"wp-block-embed is-type-video is-provider-youtube wp-block-embed-youtube wp-embed-aspect-16-9 wp-has-aspect-ratio\"><div class=\"wp-block-embed__wrapper\"> <iframe loading=\"lazy\" title=\"Effiziente Silage-Futterballen- und Umreifungsmaschine - Steigerung der landwirtschaftlichen Verpackungseffizienz!\" width=\"500\" height=\"281\" src=\"https:\/\/www.youtube.com\/embed\/McQj2v6Lsx8?feature=oembed\" frameborder=\"0\" allow=\"accelerometer; autoplay; clipboard-write; encrypted-media; gyroscope; picture-in-picture; web-share\" referrerpolicy=\"strict-origin-when-cross-origin\" allowfullscreen><\/iframe> <\/div><figcaption class=\"wp-element-caption\">Arbeitsvideo der Silageballenpresse und Umreifungsmaschine<\/figcaption><\/figure>    <p>Besonders die TZ-55-52 Ballen- und Umreifungsmaschine hat eine kompakte Struktur, stabile Leistung und einfache Bedienung. Sie ist mit einem 5,5kw-Motor ausgestattet, misst 1600x1450x1060mm und kann 30-50 Ballen Gras pro Stunde binden, wobei jeder Ballen 30-90kg wiegt.<\/p>    <p>Die Anzahl der Mulchschichten ist 2-4, das Gewicht nach dem Mulchen betr\u00e4gt 135kg, was die ideale Wahl f\u00fcr kleine und mittlere Landwirte und Betriebe ist, um die Effizienz der Futterverarbeitung zu verbessern.<\/p>    <figure class=\"wp-block-gallery has-nested-images columns-default is-cropped wp-block-gallery-2 is-layout-flex wp-block-gallery-is-layout-flex\"> <figure class=\"wp-block-image size-large\"><img loading=\"lazy\" decoding=\"async\" width=\"720\" height=\"540\" data-id=\"13674\" src=\"https:\/\/www.agriculture-machine.com\/wp-content\/uploads\/2022\/05\/round-silage-baler0-1.jpg\" alt=\"runder Silageballen\" class=\"wp-image-13674\" title=\"runder Silageballen\" srcset=\"https:\/\/www.agriculture-machine.com\/wp-content\/uploads\/2022\/05\/round-silage-baler0-1.jpg 720w, https:\/\/www.agriculture-machine.com\/wp-content\/uploads\/2022\/05\/round-silage-baler0-1-240x180.jpg 240w, https:\/\/www.agriculture-machine.com\/wp-content\/uploads\/2022\/05\/round-silage-baler0-1-360x270.jpg 360w\" sizes=\"auto, (max-width: 720px) 100vw, 720px\" \/><figcaption class=\"wp-element-caption\">runder Silageballen<\/figcaption><\/figure>    <figure class=\"wp-block-image size-large\"><img loading=\"lazy\" decoding=\"async\" width=\"720\" height=\"540\" data-id=\"13675\" src=\"https:\/\/www.agriculture-machine.com\/wp-content\/uploads\/2022\/05\/silage-packing-machine0-1.jpg\" alt=\"Silageverpackungsmaschine\" class=\"wp-image-13675\" title=\"Silageverpackungsmaschine\" srcset=\"https:\/\/www.agriculture-machine.com\/wp-content\/uploads\/2022\/05\/silage-packing-machine0-1.jpg 720w, https:\/\/www.agriculture-machine.com\/wp-content\/uploads\/2022\/05\/silage-packing-machine0-1-240x180.jpg 240w, https:\/\/www.agriculture-machine.com\/wp-content\/uploads\/2022\/05\/silage-packing-machine0-1-360x270.jpg 360w\" sizes=\"auto, (max-width: 720px) 100vw, 720px\" \/><figcaption class=\"wp-element-caption\">Silageverpackungsmaschine<\/figcaption><\/figure> <\/figure>    <h2 class=\"wp-block-heading\" id=\"h-brief-introduction-to-baling-and-wrapping-machine\">Anwendungsspektrum der Silageballenpresse<\/h2>    <ul class=\"wp-block-list\"> <li>Weit anwendbare Rohstoffe: Es kann f\u00fcr Silage-Weide, frisches Stroh und trockenes Stroh verwendet werden, z.B. Weizenstroh, Reisschrot, Sojabohnenstroh, Maisst\u00e4ngel usw.<\/li>    <li>Geeignet f\u00fcr viele Arten der Tierf\u00fctterung: Ballierte Silage kann an Rinder, Schafe, Pferde, Hirsche, Esel, Schweine, Kamele, Kaninchen und andere Arten von Nutztieren und Wiederk\u00e4uern gef\u00fcttert werden.<\/li>    <li>Anpassungsf\u00e4hig an verschiedene Regionen und landwirtschaftliche Gr\u00f6\u00dfen: Es kann effizient in Familienbetrieben, Genossenschaften sowie kleinen und mittleren Betrieben eingesetzt werden und ist praktisch f\u00fcr die Langzeitlagerung und den Transport.<\/li> <\/ul>    <figure class=\"wp-block-gallery has-nested-images columns-default is-cropped wp-block-gallery-3 is-layout-flex wp-block-gallery-is-layout-flex\"> <figure class=\"wp-block-image size-large\"><img loading=\"lazy\" decoding=\"async\" width=\"720\" height=\"540\" data-id=\"13676\" src=\"https:\/\/www.agriculture-machine.com\/wp-content\/uploads\/2022\/05\/application-scope_-1.jpg\" alt=\"Anwendungsspektrum\" class=\"wp-image-13676\" title=\"Anwendungsspektrum\" srcset=\"https:\/\/www.agriculture-machine.com\/wp-content\/uploads\/2022\/05\/application-scope_-1.jpg 720w, https:\/\/www.agriculture-machine.com\/wp-content\/uploads\/2022\/05\/application-scope_-1-240x180.jpg 240w, https:\/\/www.agriculture-machine.com\/wp-content\/uploads\/2022\/05\/application-scope_-1-360x270.jpg 360w\" sizes=\"auto, (max-width: 720px) 100vw, 720px\" \/><figcaption class=\"wp-element-caption\">Anwendungsspektrum<\/figcaption><\/figure>    <figure class=\"wp-block-image size-large\"><img loading=\"lazy\" decoding=\"async\" width=\"720\" height=\"540\" data-id=\"13677\" src=\"https:\/\/www.agriculture-machine.com\/wp-content\/uploads\/2022\/05\/application.jpg\" alt=\"Anwendung der Ballenpresse- und Umreifungsmaschine\" class=\"wp-image-13677\" title=\"Ballen- und Umreifungsmaschine\" srcset=\"https:\/\/www.agriculture-machine.com\/wp-content\/uploads\/2022\/05\/application.jpg 720w, https:\/\/www.agriculture-machine.com\/wp-content\/uploads\/2022\/05\/application-240x180.jpg 240w, https:\/\/www.agriculture-machine.com\/wp-content\/uploads\/2022\/05\/application-360x270.jpg 360w\" sizes=\"auto, (max-width: 720px) 100vw, 720px\" \/><figcaption class=\"wp-element-caption\">Anwendung der Ballenpresse- und Umreifungsmaschine<\/figcaption><\/figure> <\/figure>    <h2 class=\"wp-block-heading\">Ma\u00dfgeschneiderte gro\u00dfe Reifenantrieb-Ballenpresse und Wickler<\/h2>    <p>Unsere neueste ma\u00dfgeschneiderte mobile 55-52 Silageballenpresse und Wickler wurde vom urspr\u00fcnglichen Modell verbessert, jetzt mit gr\u00f6\u00dferen Reifen, die einfaches Abschleppen und schnelles Bewegen auf verschiedenen Fl\u00e4chen erm\u00f6glichen, was die Betriebssflexibilit\u00e4t erheblich erh\u00f6ht. <\/p>    <figure class=\"wp-block-gallery has-nested-images columns-default is-cropped wp-block-gallery-4 is-layout-flex wp-block-gallery-is-layout-flex\"> <figure class=\"wp-block-image size-large\"><img loading=\"lazy\" decoding=\"async\" width=\"720\" height=\"540\" data-id=\"16875\" src=\"https:\/\/www.agriculture-machine.com\/wp-content\/uploads\/2018\/10\/hay-baling-wrapping-machine.webp\" alt=\"Heuballenwickelmaschine\" class=\"wp-image-16875\" srcset=\"https:\/\/www.agriculture-machine.com\/wp-content\/uploads\/2018\/10\/hay-baling-wrapping-machine.webp 720w, https:\/\/www.agriculture-machine.com\/wp-content\/uploads\/2018\/10\/hay-baling-wrapping-machine-360x270.webp 360w, https:\/\/www.agriculture-machine.com\/wp-content\/uploads\/2018\/10\/hay-baling-wrapping-machine-240x180.webp 240w, https:\/\/www.agriculture-machine.com\/wp-content\/uploads\/2018\/10\/hay-baling-wrapping-machine-16x12.webp 16w\" sizes=\"auto, (max-width: 720px) 100vw, 720px\" \/><figcaption class=\"wp-element-caption\">Heuballenwickelmaschine<\/figcaption><\/figure>    <figure class=\"wp-block-image size-large\"><img loading=\"lazy\" decoding=\"async\" width=\"720\" height=\"540\" data-id=\"16876\" src=\"https:\/\/www.agriculture-machine.com\/wp-content\/uploads\/2018\/10\/mobile-type-forage-baler-machine.webp\" alt=\"mobiler Futterballenpresse-Maschine\" class=\"wp-image-16876\" srcset=\"https:\/\/www.agriculture-machine.com\/wp-content\/uploads\/2018\/10\/mobile-type-forage-baler-machine.webp 720w, https:\/\/www.agriculture-machine.com\/wp-content\/uploads\/2018\/10\/mobile-type-forage-baler-machine-360x270.webp 360w, https:\/\/www.agriculture-machine.com\/wp-content\/uploads\/2018\/10\/mobile-type-forage-baler-machine-240x180.webp 240w, https:\/\/www.agriculture-machine.com\/wp-content\/uploads\/2018\/10\/mobile-type-forage-baler-machine-16x12.webp 16w\" sizes=\"auto, (max-width: 720px) 100vw, 720px\" \/><figcaption class=\"wp-element-caption\">mobiler Futterballenpresse-Maschine<\/figcaption><\/figure> <\/figure>    <p>Dieses Upgrade ist besonders vorteilhaft f\u00fcr Afrika und andere Gebiete mit schwierigem Gel\u00e4nde und verstreuten Farmen, was den Prozess des Silageballens und der Lagerung effizienter und benutzerfreundlicher macht. Ob f\u00fcr eine gro\u00dfe Ranch oder einen kleinen Bauernhof, dieses Modell ist eine ausgezeichnete Option zur Steigerung der landwirtschaftlichen Produktivit\u00e4t.<\/p>    <figure class=\"wp-block-embed aligncenter is-type-video is-provider-youtube wp-block-embed-youtube wp-embed-aspect-16-9 wp-has-aspect-ratio\"><div class=\"wp-block-embed__wrapper\"> <iframe loading=\"lazy\" title=\"Benutzerdefinierter gro\u00dfer Reifenanh\u00e4nger-Rundballenwickler - Effiziente Ballenwickell\u00f6sung#silagebaler\" width=\"500\" height=\"281\" src=\"https:\/\/www.youtube.com\/embed\/b_8wTFsUBp4?feature=oembed\" frameborder=\"0\" allow=\"accelerometer; autoplay; clipboard-write; encrypted-media; gyroscope; picture-in-picture; web-share\" referrerpolicy=\"strict-origin-when-cross-origin\" allowfullscreen><\/iframe> <\/div><figcaption class=\"wp-element-caption\">Arbeitsvideo der Silageballenpresse und Umreifungsmaschine<\/figcaption><\/figure>    <h2 class=\"wp-block-heading\">Hauptstruktur der Heuballenpresse<\/h2>    <ul class=\"wp-block-list\"> <li><strong>Zerst\u00f6render Teil<\/strong><br>Silage or forage is prepared by shredding, crushing, and extruding to break down the tough stem segments on the straw&#8217;s surface, making it easier for livestock to consume the parts of the straw that are not directly edible.<\/li>    <li><strong>Ballen-Teil<\/strong><br>Das Futter wird schnell und gleichm\u00e4\u00dfig in die Ballenarbeitskammer gef\u00fcttert, um komprimiert zu werden. Sobald jeder Ballen etwa 80kg wiegt, dreht sich das Signalkrad mit konstanter Geschwindigkeit, um die Wickelkupplung zu aktivieren und den Ballen mit Seil zu umwickeln. Nach dem Schneiden des Seils bedient der Benutzer den \u00d6ffnungshebel, um den Ballen freizugeben.<\/li>    <li><strong>Umreifungsteil<\/strong><br>Die Ballen sind auf den beiden parallelen B\u00e4ndern der Umreifungsmaschine positioniert. Wenn der Umreifungsschalter aktiviert wird, dreht sich der Rahmen, um die Ballen zu bewegen. Die Ballen dehnen dann die Kunststofffolie, um sich automatisch zu umwickeln. Benutzer k\u00f6nnen auch die Anzahl der Beschichtungs-Schichten anpassen, zwischen 2 und 4 Schichten w\u00e4hlen.<\/li> <\/ul>    <figure class=\"wp-block-image aligncenter size-full\"><img loading=\"lazy\" decoding=\"async\" width=\"720\" height=\"540\" src=\"https:\/\/www.agriculture-machine.com\/wp-content\/uploads\/2022\/05\/structure-of-silage-baler-1-1.jpg\" alt=\" Struktur der Silageballenpresse\" class=\"wp-image-13678\" title=\" Struktur der Silageballenpresse\" srcset=\"https:\/\/www.agriculture-machine.com\/wp-content\/uploads\/2022\/05\/structure-of-silage-baler-1-1.jpg 720w, https:\/\/www.agriculture-machine.com\/wp-content\/uploads\/2022\/05\/structure-of-silage-baler-1-1-240x180.jpg 240w, https:\/\/www.agriculture-machine.com\/wp-content\/uploads\/2022\/05\/structure-of-silage-baler-1-1-360x270.jpg 360w\" sizes=\"auto, (max-width: 720px) 100vw, 720px\" \/><figcaption class=\"wp-element-caption\"> Struktur der Silageballenpresse<\/figcaption><\/figure>    <h2 class=\"wp-block-heading\"><a href=\"https:\/\/www.agriculture-machine.com\/de\/silage-baler-and-wrapping-machines-working-principle\/\">Funktionsprinzip der Ballenpresse<\/a><\/h2>    <ul class=\"wp-block-list\"> <li>Der Bediener benutzt die Schaufel, um das Stroh in den Einlass zu legen.<\/li>    <li>Nach einigen Minuten sind die B\u00fcndel unter Zug der Seile fertig.<\/li>    <li>Der Benutzer schiebt die B\u00fcndel vorw\u00e4rts und dr\u00fcckt dann einen Knopf, und die B\u00fcndel werden automatisch gebunden.<\/li> <\/ul>    <figure class=\"wp-block-embed aligncenter is-type-video is-provider-youtube wp-block-embed-youtube wp-embed-aspect-16-9 wp-has-aspect-ratio\"><div class=\"wp-block-embed__wrapper\"> <iframe loading=\"lazy\" title=\"Echtzeit-Demonstration einer effizienten automatischen Ballen- und Umreifungsmaschine!#silage #silagebaler\" width=\"500\" height=\"281\" src=\"https:\/\/www.youtube.com\/embed\/K28IRyNOT1A?feature=oembed\" frameborder=\"0\" allow=\"accelerometer; autoplay; clipboard-write; encrypted-media; gyroscope; picture-in-picture; web-share\" referrerpolicy=\"strict-origin-when-cross-origin\" allowfullscreen><\/iframe> <\/div><figcaption class=\"wp-element-caption\">Automatischer Silageballenwickler-Arbeitsplatz<\/figcaption><\/figure>    <h2 class=\"wp-block-heading\" id=\"h-how-to-install-a-corn-silage-baler-machine\">Wie installiert man eine Mais-Silageballenpresse?\ufffc<\/h2>   <div id=\"rank-math-howto\" class=\"rank-math-block\" > <div class=\"rank-math-howto-description\">  <\/div>  <div class=\"rank-math-steps\"> <div id=\"howto-step-1716370344060\" class=\"rank-math-step\"> <div class=\"rank-math-step-content\"><p>Der rote Chip des Silagefilms zeigt nach oben und wird dann auf den Filmf\u00f6rderrahmen fixiert. Dann sollten Sie eine Vorrichtung verwenden, um den Winkel einzustellen. Der Abstand zwischen den Silagefolien sollte angemessen sein. Wenn der Abstand zu gro\u00df ist, kann er durch zwei Schrauben unter dem F\u00f6rderer eingestellt werden.<\/p> <\/div> <\/div> <div id=\"howto-step-1716370378589\" class=\"rank-math-step\"> <div class=\"rank-math-step-content\"><p>Zweitens, legen Sie das Seil durch das Loch in der Ballenpresse und der Umreifungsmaschine.<\/p> <\/div> <\/div> <div id=\"howto-step-1716370385500\" class=\"rank-math-step\"> <h3 class=\"rank-math-step-title\"> <\/h3> <div class=\"rank-math-step-content\"><p>Drittens, verbinden Sie die Dr\u00e4hte. Sie sollten die Drehstromkabel in das Steuergeh\u00e4use anschlie\u00dfen. Es gibt zwei Zeitschaltregler, einschlie\u00dflich F\u00f6rderseil und Ballen, die eingestellt werden k\u00f6nnen.<\/p> <\/div> <\/div> <div id=\"howto-step-1716370393227\" class=\"rank-math-step\"> <div class=\"rank-math-step-content\"><p>Viertens, die Installation der Luftpumpe. Verbinden Sie den Motor der Luftpumpe mit der Stromversorgung. Verbinden Sie das Luftrohr mit der Maschine und \u00f6ffnen Sie den Ventilschalter. Der Luftdruck w\u00e4hrend des Betriebs sollte zwischen 0,6 und 0,8 Pa gehalten werden.<\/p> <\/div> <\/div> <div id=\"howto-step-1716370411875\" class=\"rank-math-step\"> <div class=\"rank-math-step-content\"><p>\u00dcberpr\u00fcfen Sie alle Teile der Ballenpresse und Umreifungsmaschine vor der Verwendung sorgf\u00e4ltig und best\u00e4tigen Sie, dass die Maschine in die richtige Richtung l\u00e4uft.<\/p> <\/div> <\/div> <\/div> <\/div>       <figure class=\"wp-block-embed is-type-video is-provider-youtube wp-block-embed-youtube wp-embed-aspect-16-9 wp-has-aspect-ratio\"><div class=\"wp-block-embed__wrapper\"> <iframe loading=\"lazy\" title=\"Mais-Silageballenpresse \/ Strohballenpresse \/ Schritte der Silageballen- und Wickelmaschine\" width=\"500\" height=\"281\" src=\"https:\/\/www.youtube.com\/embed\/stBWAHxhA-c?feature=oembed\" frameborder=\"0\" allow=\"accelerometer; autoplay; clipboard-write; encrypted-media; gyroscope; picture-in-picture; web-share\" referrerpolicy=\"strict-origin-when-cross-origin\" allowfullscreen><\/iframe> <\/div><figcaption class=\"wp-element-caption\">Installationsprozess der Silageballenpresse<\/figcaption><\/figure>    <h2 class=\"wp-block-heading\" id=\"h-technical-parameter-of-the-baling-and-wrapping-machine\">Parameter der Ballenpresse- und Umreifungsmaschine<\/h2>    <figure class=\"wp-block-table is-style-stripes\"><table class=\"has-fixed-layout\"><tbody><tr><td><strong><strong>Modell<\/strong><\/strong><\/td><td>TZ-55-52<\/td><\/tr><tr><td><strong><strong>Motor<\/strong><\/strong><\/td><td>5,5KW<\/td><\/tr><tr><td><strong><strong>Abmessung<\/strong><\/strong><\/td><td>1600x1450x1060mm<\/td><\/tr><tr><td><strong><strong>Gewicht<\/strong><\/strong><\/td><td>380kg<\/td><\/tr><tr><td><strong>Betriebsgeschwindigkeit<\/strong><\/td><td>30-50 B\u00fcndel\/h<\/td><\/tr><tr><td><strong>Ballengewicht<\/strong><\/td><td>30-90kg<\/td><\/tr><tr><td><strong>Beschichtete Schicht<\/strong><\/td><td>2-4 Schichten<\/td><\/tr><tr><td><strong>Beschichtungs-Effizienz<\/strong><\/td><td>12Sekunden\/Ballen 2 Schichten\u2026<\/td><\/tr><tr><td><strong>Gewicht der Beschichtungsmaschine<\/strong><\/td><td>135kg<\/td><\/tr><tr><td><strong>Ballenart<\/strong><\/td><td>Runde Form mit Folie f\u00fcr langfristige Lagerung<\/td><\/tr><tr><td><strong>Rohmaterial<\/strong><\/td><td>Geeignet f\u00fcr fast alle Arten von Silage, Weizen-, Reis-, Soja-, Maisstroh, frisch oder trocken<\/td><\/tr><\/tbody><\/table><\/figure>    <h2 class=\"wp-block-heading\">Silageverpackungsballenpresse verkauft nach Bangladesch<\/h2>    <p class=\"translation-block\">Unsere Kunden kommen haupts\u00e4chlich aus <a href=\"https:\/\/en.wikipedia.org\/wiki\/Bangladesh\" target=\"_blank\" rel=\"noopener\">Bangladesch<\/a>, und sie kontaktieren uns \u00fcber unseren YouTube-Kanal. Der Kunde beabsichtigt, eine Ballenpresse und Umreifungsmaschine f\u00fcr den pers\u00f6nlichen Gebrauch zu kaufen.<\/p>    <p>During discussions, our sales managers gather information about the client&#8217;s budget. As a result, the sales manager suggested the small silage packing baler machine TZ-55-52.<\/p>    <p>Customers believe this machine fits their requirements well. Additionally, the client expressed a desire to pack the forage using nets and ropes. This machine is versatile enough to accommodate both options, catering to the customer&#8217;s needs.<\/p>    <figure class=\"wp-block-gallery has-nested-images columns-default is-cropped wp-block-gallery-5 is-layout-flex wp-block-gallery-is-layout-flex\"> <figure class=\"wp-block-image size-large\"><img loading=\"lazy\" decoding=\"async\" width=\"720\" height=\"540\" data-id=\"13679\" src=\"https:\/\/www.agriculture-machine.com\/wp-content\/uploads\/2022\/05\/1.-film-packing-1-1.jpg\" alt=\"Folienverpackung\" class=\"wp-image-13679\" title=\"Folienverpackung\" srcset=\"https:\/\/www.agriculture-machine.com\/wp-content\/uploads\/2022\/05\/1.-film-packing-1-1.jpg 720w, https:\/\/www.agriculture-machine.com\/wp-content\/uploads\/2022\/05\/1.-film-packing-1-1-240x180.jpg 240w, https:\/\/www.agriculture-machine.com\/wp-content\/uploads\/2022\/05\/1.-film-packing-1-1-360x270.jpg 360w\" sizes=\"auto, (max-width: 720px) 100vw, 720px\" \/><figcaption class=\"wp-element-caption\">Folienverpackung<\/figcaption><\/figure>    <figure class=\"wp-block-image size-large\"><img loading=\"lazy\" decoding=\"async\" width=\"720\" height=\"540\" data-id=\"13680\" src=\"https:\/\/www.agriculture-machine.com\/wp-content\/uploads\/2022\/05\/wooden-package-1-1.jpg\" alt=\"Holzrahmenverpackung der Silageverpackungsmaschine\" class=\"wp-image-13680\" title=\"Holzrahmenverpackung der Silageverpackungsmaschine\" srcset=\"https:\/\/www.agriculture-machine.com\/wp-content\/uploads\/2022\/05\/wooden-package-1-1.jpg 720w, https:\/\/www.agriculture-machine.com\/wp-content\/uploads\/2022\/05\/wooden-package-1-1-240x180.jpg 240w, https:\/\/www.agriculture-machine.com\/wp-content\/uploads\/2022\/05\/wooden-package-1-1-360x270.jpg 360w\" sizes=\"auto, (max-width: 720px) 100vw, 720px\" \/><figcaption class=\"wp-element-caption\">Holzrahmenverpackung der Silageverpackungsmaschine<\/figcaption><\/figure> <\/figure>    <p class=\"translation-block\">Normalerweise k\u00f6nnen wir vor der Verwendung der Ballenpresse und Umreifungsmaschine das Futter mit einem <a href=\"https:\/\/www.agriculture-machine.com\/de\/4-15t-h-grass-cutting-machine-cutting-wet-grass-grass-cutter\/\">Schlegelm\u00e4her<\/a> zerkleinern. Das behandelte Futter l\u00e4sst sich dadurch leichter zu Ballen verarbeiten. <\/p>    <figure class=\"wp-block-embed aligncenter is-type-video is-provider-youtube wp-block-embed-youtube wp-embed-aspect-16-9 wp-has-aspect-ratio\"><div class=\"wp-block-embed__wrapper\"> <iframe loading=\"lazy\" title=\"Silageh\u00e4cksler mit Ballenwickler-Kombination | Hochleistungs-Futterverarbeitung#silage #baler\" width=\"500\" height=\"281\" src=\"https:\/\/www.youtube.com\/embed\/WnhgAncaJ2s?feature=oembed\" frameborder=\"0\" allow=\"accelerometer; autoplay; clipboard-write; encrypted-media; gyroscope; picture-in-picture; web-share\" referrerpolicy=\"strict-origin-when-cross-origin\" allowfullscreen><\/iframe> <\/div><figcaption class=\"wp-element-caption\">Silageballenpresse und Umreifungsmaschine arbeitet mit einem Futterh\u00e4cksler<\/figcaption><\/figure>    <p class=\"translation-block\">Wenn Sie mehr Details zu unserer Silageballenpresse und Umreifungsmaschinen erfahren m\u00f6chten, klicken Sie bitte auf <strong><em><a href=\"https:\/\/www.agriculture-machine.com\/de\/full-automatic-silage-baling-machine\/\">Silage-Ballenpresse | Vollautomatische Silage-Ballenpresse<\/a><\/em><\/strong>. Z\u00f6gern Sie nicht, uns jederzeit zu kontaktieren.<\/p>    <h2 class=\"wp-block-heading\">FAQ<\/h2>   <div id=\"rank-math-faq\" class=\"rank-math-block\"> <div class=\"rank-math-list\"> <div id=\"faq-question-1716370592680\" class=\"rank-math-list-item\"> <h3 class=\"rank-math-question\">Was ist die Leistung der Maschine?<\/h3> <div class=\"rank-math-answer\">  <p>Die Leistung kann ein Dieselmotor, Benzinmotor oder Elektromotor sein. Verschiedene Modelle haben unterschiedliche Leistungsanforderungen.<\/p>  <\/div> <\/div> <div id=\"faq-question-1716370601077\" class=\"rank-math-list-item\"> <h3 class=\"rank-math-question\">Was ist der Zweck der Ballenwickelmaschine?<\/h3> <div class=\"rank-math-answer\">  <p>Trockene oder nasse Silage, Unkraut, Stroh.<\/p>  <\/div> <\/div> <div id=\"faq-question-1716370606396\" class=\"rank-math-list-item\"> <h3 class=\"rank-math-question\">Wie lange kann das verpackte Futter gelagert werden?<\/h3> <div class=\"rank-math-answer\">  <p>2-3 Jahre.<\/p>  <\/div> <\/div> <div id=\"faq-question-1716370614540\" class=\"rank-math-list-item\"> <h3 class=\"rank-math-question\">Verwendet die Maschine einen Luftkompressor?<\/h3> <div class=\"rank-math-answer\">  <p>Vollautomatische Anforderungen, halbautomatisch ben\u00f6tigt keinen Luftkompressor.<\/p>  <\/div> <\/div> <\/div> <\/div>","protected":false},"excerpt":{"rendered":"<p>Die Ballenpresse und Umreifungsmaschine ist geeignet f\u00fcr die Silagekonservierung vieler Arten von Stroh und Futter, und bedient alle Arten von Wiederk\u00e4uerfarmen.<\/p>","protected":false},"author":1,"featured_media":17512,"parent":0,"comment_status":"closed","ping_status":"closed","template":"","tags":[591],"product-type":[876,908],"class_list":["post-1032","product","type-product","status-publish","has-post-thumbnail","hentry","tag-silage","product-type-silage-machine","product-type-sliage-baler"],"_links":{"self":[{"href":"https:\/\/www.agriculture-machine.com\/de\/wp-json\/wp\/v2\/product\/1032","targetHints":{"allow":["GET"]}}],"collection":[{"href":"https:\/\/www.agriculture-machine.com\/de\/wp-json\/wp\/v2\/product"}],"about":[{"href":"https:\/\/www.agriculture-machine.com\/de\/wp-json\/wp\/v2\/types\/product"}],"author":[{"embeddable":true,"href":"https:\/\/www.agriculture-machine.com\/de\/wp-json\/wp\/v2\/users\/1"}],"replies":[{"embeddable":true,"href":"https:\/\/www.agriculture-machine.com\/de\/wp-json\/wp\/v2\/comments?post=1032"}],"wp:featuredmedia":[{"embeddable":true,"href":"https:\/\/www.agriculture-machine.com\/de\/wp-json\/wp\/v2\/media\/17512"}],"wp:attachment":[{"href":"https:\/\/www.agriculture-machine.com\/de\/wp-json\/wp\/v2\/media?parent=1032"}],"wp:term":[{"taxonomy":"post_tag","embeddable":true,"href":"https:\/\/www.agriculture-machine.com\/de\/wp-json\/wp\/v2\/tags?post=1032"},{"taxonomy":"product-type","embeddable":true,"href":"https:\/\/www.agriculture-machine.com\/de\/wp-json\/wp\/v2\/product-type?post=1032"}],"curies":[{"name":"wp","href":"https:\/\/api.w.org\/{rel}","templated":true}]}}