{"id":10328,"date":"2021-05-10T16:41:47","date_gmt":"2021-05-10T08:41:47","guid":{"rendered":"https:\/\/www.agriculture-machine.com\/?p=10328"},"modified":"2024-09-18T16:07:43","modified_gmt":"2024-09-18T08:07:43","slug":"multifunctional-thresher-mt-860-for-corn-wheat-sorghum-rice","status":"publish","type":"product","link":"https:\/\/www.agriculture-machine.com\/de\/multifunctional-thresher-mt-860-for-corn-wheat-sorghum-rice\/","title":{"rendered":"Multifunktionaler Reiser MT-860 f\u00fcr Mais, Weizen, Sorghum, Reis"},"content":{"rendered":"<p class=\"translation-block\">Dieser multifunktionale Rechen ist<a href=\"https:\/\/www.agriculture-machine.com\/de\/multifunctional-thresher-for-maize-beans-sorghum-millet\/\"> ein kleiner Haushalt-Rechen<\/a>. Das einzigartige Merkmal ist, dass es zwei Luftkan\u00e4le gibt, sodass das Getreide, egal welcher Art, sehr sauber rechen wird.<\/p> <h2>Anwendung<\/h2> <p>Dieser multifunktionale Rechen kann Mais, Weizen, Sorghum, Bohnen, Hirse, Reis, Perlhirse usw. rechen.<\/p> <figure id=\"attachment_10331\" aria-describedby=\"caption-attachment-10331\" style=\"width: 720px\" class=\"wp-caption alignnone\"><img loading=\"lazy\" decoding=\"async\" class=\"size-full wp-image-10331\" src=\"https:\/\/www.agriculture-machine.com\/wp-content\/uploads\/2021\/05\/application-of-Multifunctional-thresher-MT-860.jpg\" alt=\"Anwendung des multifunktionalen Rechens MT-860\" width=\"720\" height=\"540\" srcset=\"https:\/\/www.agriculture-machine.com\/wp-content\/uploads\/2021\/05\/application-of-Multifunctional-thresher-MT-860.jpg 720w, https:\/\/www.agriculture-machine.com\/wp-content\/uploads\/2021\/05\/application-of-Multifunctional-thresher-MT-860-360x270.jpg 360w, https:\/\/www.agriculture-machine.com\/wp-content\/uploads\/2021\/05\/application-of-Multifunctional-thresher-MT-860-240x180.jpg 240w\" sizes=\"auto, (max-width: 720px) 100vw, 720px\" \/><figcaption id=\"caption-attachment-10331\" class=\"wp-caption-text\">Anwendung des multifunktionalen Rechens MT-860<\/figcaption><\/figure> <h2>Vorteile des multifunktionalen Rechens<\/h2> <ol> <li>Das vom Ger\u00e4t entworfene Luftd\u00fcsen- und Siebdesign entfernt direkt Verunreinigungen aus dem gerechneten Getreide.<\/li> <li>Weit verbreitet, die Rechenmaschine kann eine Vielzahl von Nutzpflanzen rechen.<\/li> <li>Vergr\u00f6\u00dferte Zuf\u00fchr\u00f6ffnung und hoher Neigungswinkel sorgen f\u00fcr schnellere und reibungslosere Zuf\u00fchrung.<\/li> <li>L\u00e4ngerer Maschinengestell, vierachsiger Hochdichte-Wurfhammer, h\u00f6here Rechenertragsrate.<\/li> <li>Der Stroh-Export wird erneut gesiebt. Wenn Getreide austritt, f\u00e4llt es direkt ab.<\/li> <li>Nach dem Rechen wird das Korn direkt gesiebt, und das Korn wird sauber entladen. Es spart Arbeit.<\/li> <li>Windkraftanpassungsfunktion, verschiedene Nutzpflanzen haben unterschiedliche Anteile, und die H\u00f6he der Luftd\u00fcse kann je nach Bedarf angepasst werden, um die Windkraft einzustellen.<\/li> <\/ol> <h2>Struktur des multifunktionalen Rechens<\/h2> <figure id=\"attachment_10332\" aria-describedby=\"caption-attachment-10332\" style=\"width: 720px\" class=\"wp-caption alignnone\"><img loading=\"lazy\" decoding=\"async\" class=\"size-full wp-image-10332\" src=\"https:\/\/www.agriculture-machine.com\/wp-content\/uploads\/2021\/05\/structure-Multifunctional-thresher-MT-860.jpg\" alt=\"Struktur des multifunktionalen Rechens MT-860\" width=\"720\" height=\"540\" srcset=\"https:\/\/www.agriculture-machine.com\/wp-content\/uploads\/2021\/05\/structure-Multifunctional-thresher-MT-860.jpg 720w, https:\/\/www.agriculture-machine.com\/wp-content\/uploads\/2021\/05\/structure-Multifunctional-thresher-MT-860-360x270.jpg 360w, https:\/\/www.agriculture-machine.com\/wp-content\/uploads\/2021\/05\/structure-Multifunctional-thresher-MT-860-240x180.jpg 240w\" sizes=\"auto, (max-width: 720px) 100vw, 720px\" \/><figcaption id=\"caption-attachment-10332\" class=\"wp-caption-text\">Struktur des multifunktionalen Rechens MT-860<\/figcaption><\/figure> <h2>Unterschied zwischen zwei Arten von multifunktionalen Rechen<\/h2> <p>Wir hatten zuvor einen multifunktionalen Rechen, der nur einen Luftkanal hatte, aber der heute gezeigte multifunktionale Rechen hat zwei Luftkan\u00e4le, sodass die Rechenleistung im Vergleich sauberer ist.<br \/> Dar\u00fcber hinaus kann diese Rechenmaschine auch mit gro\u00dfen Reifen, gro\u00dfen Halterungen, Traktor-Zugrahmen usw. ausgestattet werden. Das Rechen verschiedener Nutzpflanzen erfordert st\u00e4ndiger Austausch der Siebe.<\/p> <h3>Wie w\u00e4hlt man zwischen den beiden Arten von Rechenmaschinen?<\/h3> <p>Sie k\u00f6nnen diese beiden multifunktionalen Rechen vergleichen und je nach Funktion, Ausgabe, Struktur und Budget ausw\u00e4hlen.<\/p> <div id='gallery-1' class='gallery galleryid-10328 gallery-columns-2 gallery-size-full'><figure class='gallery-item'> \t\t\t<div class='gallery-icon landscape'> \t\t\t\t<a href='https:\/\/www.agriculture-machine.com\/wp-content\/uploads\/2021\/05\/Multifunctional-thresher-machine.jpg'><img loading=\"lazy\" decoding=\"async\" width=\"720\" height=\"540\" src=\"https:\/\/www.agriculture-machine.com\/wp-content\/uploads\/2021\/05\/Multifunctional-thresher-machine.jpg\" class=\"attachment-full size-full\" alt=\"Multifunktionaler-Rechen-Maschine\" aria-describedby=\"gallery-1-10333\" srcset=\"https:\/\/www.agriculture-machine.com\/wp-content\/uploads\/2021\/05\/Multifunctional-thresher-machine.jpg 720w, https:\/\/www.agriculture-machine.com\/wp-content\/uploads\/2021\/05\/Multifunctional-thresher-machine-360x270.jpg 360w, https:\/\/www.agriculture-machine.com\/wp-content\/uploads\/2021\/05\/Multifunctional-thresher-machine-240x180.jpg 240w\" sizes=\"auto, (max-width: 720px) 100vw, 720px\" \/><\/a> \t\t\t<\/div> \t\t\t\t<figcaption class='wp-caption-text gallery-caption' id='gallery-1-10333'> \t\t\t\tMultifunktionaler-Rechen-Maschine \t\t\t\t<\/figcaption><\/figure><figure class='gallery-item'> \t\t\t<div class='gallery-icon landscape'> \t\t\t\t<a href='https:\/\/www.agriculture-machine.com\/wp-content\/uploads\/2021\/05\/Multifunctional-thresher-MT-860-1.jpg'><img loading=\"lazy\" decoding=\"async\" width=\"720\" height=\"540\" src=\"https:\/\/www.agriculture-machine.com\/wp-content\/uploads\/2021\/05\/Multifunctional-thresher-MT-860-1.jpg\" class=\"attachment-full size-full\" alt=\"\" aria-describedby=\"gallery-1-10334\" srcset=\"https:\/\/www.agriculture-machine.com\/wp-content\/uploads\/2021\/05\/Multifunctional-thresher-MT-860-1.jpg 720w, https:\/\/www.agriculture-machine.com\/wp-content\/uploads\/2021\/05\/Multifunctional-thresher-MT-860-1-360x270.jpg 360w, https:\/\/www.agriculture-machine.com\/wp-content\/uploads\/2021\/05\/Multifunctional-thresher-MT-860-1-240x180.jpg 240w\" sizes=\"auto, (max-width: 720px) 100vw, 720px\" \/><\/a> \t\t\t<\/div> \t\t\t\t<figcaption class='wp-caption-text gallery-caption' id='gallery-1-10334'> \t\t\t\tMultifunktionaler-Rechen-MT-860 \t\t\t\t<\/figcaption><\/figure> \t\t<\/div>  <h2>Was kostet der Rechen?<\/h2> <p>Wie im Artikel zuvor erw\u00e4hnt, hatten wir zuvor einen multifunktionalen Rechen, daher sind die Preise f\u00fcr diese beiden Arten von multifunktionalen Rechen definitiv unterschiedlich. Wenn Sie ein genaues Angebot erhalten m\u00f6chten, teilen Sie uns bitte mit, welchen multifunktionalen Rechen Sie ben\u00f6tigen.<\/p> <h2>Arbeitsvideo des multifunktionalen Rechens<\/h2> <p><iframe loading=\"lazy\" title=\"Sie bereuen nie, die -Maisdrescher-Maschine, Hirse, Sorghum, Bohnen-Sch\u00e4ler, Maisdrescher zu kaufen\" width=\"500\" height=\"281\" src=\"https:\/\/www.youtube.com\/embed\/GR28h0y-wcc?feature=oembed\" frameborder=\"0\" allow=\"accelerometer; autoplay; clipboard-write; encrypted-media; gyroscope; picture-in-picture; web-share\" referrerpolicy=\"strict-origin-when-cross-origin\" allowfullscreen><\/iframe><\/p> <h2>Technische Parameter<\/h2> <table width=\"388\"> <tbody> <tr> <td width=\"178\">Modell<\/td> <td width=\"210\">MT-860<\/td> <\/tr> <tr> <td width=\"178\">Kapazit\u00e4t<\/td> <td>1-1,5T\/h<\/td> <\/tr> <tr> <td width=\"178\">Motor<\/td> <td>Benzinmotor<\/td> <\/tr> <tr> <td>Gewicht<\/td> <td>112kg<\/td> <\/tr> <tr> <td>Gr\u00f6\u00dfe<\/td> <td>1150*860*1160mm<\/td> <\/tr> <\/tbody> <\/table>","protected":false},"excerpt":{"rendered":"<p>This multifunctional thresher is a small household thresher. The unique feature is that there are two air ducts, so no matter what grain is threshed, it is very clean. Application This multifunctional thresher can thresh corn, wheat, sorghum, beans, millet, rice, pearl millet, etc. Advantages of the multifunctional thresher The air duct and screening function [&hellip;]<\/p>\n","protected":false},"author":1,"featured_media":10330,"parent":0,"comment_status":"closed","ping_status":"closed","template":"","tags":[2614],"product-type":[872],"class_list":["post-10328","product","type-product","status-publish","has-post-thumbnail","hentry","tag-thresher","product-type-thresher-sheller"],"_links":{"self":[{"href":"https:\/\/www.agriculture-machine.com\/de\/wp-json\/wp\/v2\/product\/10328","targetHints":{"allow":["GET"]}}],"collection":[{"href":"https:\/\/www.agriculture-machine.com\/de\/wp-json\/wp\/v2\/product"}],"about":[{"href":"https:\/\/www.agriculture-machine.com\/de\/wp-json\/wp\/v2\/types\/product"}],"author":[{"embeddable":true,"href":"https:\/\/www.agriculture-machine.com\/de\/wp-json\/wp\/v2\/users\/1"}],"replies":[{"embeddable":true,"href":"https:\/\/www.agriculture-machine.com\/de\/wp-json\/wp\/v2\/comments?post=10328"}],"wp:featuredmedia":[{"embeddable":true,"href":"https:\/\/www.agriculture-machine.com\/de\/wp-json\/wp\/v2\/media\/10330"}],"wp:attachment":[{"href":"https:\/\/www.agriculture-machine.com\/de\/wp-json\/wp\/v2\/media?parent=10328"}],"wp:term":[{"taxonomy":"post_tag","embeddable":true,"href":"https:\/\/www.agriculture-machine.com\/de\/wp-json\/wp\/v2\/tags?post=10328"},{"taxonomy":"product-type","embeddable":true,"href":"https:\/\/www.agriculture-machine.com\/de\/wp-json\/wp\/v2\/product-type?post=10328"}],"curies":[{"name":"wp","href":"https:\/\/api.w.org\/{rel}","templated":true}]}}