{"id":10381,"date":"2021-05-14T17:07:42","date_gmt":"2021-05-14T09:07:42","guid":{"rendered":"https:\/\/www.agriculture-machine.com\/?p=10381"},"modified":"2024-09-18T15:51:42","modified_gmt":"2024-09-18T07:51:42","slug":"cocoa-pod-breaker-cocoa-pod-splitter-cocoa-pod-opener","status":"publish","type":"product","link":"https:\/\/www.agriculture-machine.com\/de\/cocoa-pod-breaker-cocoa-pod-splitter-cocoa-pod-opener\/","title":{"rendered":"Kakaoschotenbrecher | Kakaoschoten-Teiler | Kakaoschoten-\u00d6ffner"},"content":{"rendered":"<p class=\"translation-block\"><strong>Kakaoschotenbrecher<\/strong> ist eine Getreideverarbeitungsmaschine. Sie wird haupts\u00e4chlich zum Schneiden frischer Kakaoschoten und zum Sortieren der Kakaobohnen verwendet. <\/p>    <p>Der Kakaoschoten-Splitter ist eine neu entwickelte Maschine. Er spart erheblich Arbeitskosten, verbessert die Arbeitseffizienz und reduziert die Besch\u00e4digungsrate der Kakaobohnen. Er ist geeignet f\u00fcr Kakaoplantagen und gro\u00dfe Farmen.<\/p>    <figure class=\"wp-block-embed is-type-video is-provider-youtube wp-block-embed-youtube wp-embed-aspect-16-9 wp-has-aspect-ratio\"><div class=\"wp-block-embed__wrapper\"> <iframe loading=\"lazy\" title=\"Wie \u00f6ffnet man eine Kakaoschote mit der Kakaoschotenbrechmaschine? Kakaoschotenbrecher | Kakaoschoten-Splitter\" width=\"500\" height=\"281\" src=\"https:\/\/www.youtube.com\/embed\/fzDi_NHatYo?start=8&#038;feature=oembed\" frameborder=\"0\" allow=\"accelerometer; autoplay; clipboard-write; encrypted-media; gyroscope; picture-in-picture; web-share\" referrerpolicy=\"strict-origin-when-cross-origin\" allowfullscreen><\/iframe> <\/div><figcaption class=\"wp-element-caption\">Arbeitsvideo der Kakaoverarbeitungsmaschinen<\/figcaption><\/figure>    <h2 class=\"wp-block-heading\">Was ist die Zusammensetzung des Kakaoschotenbrechers?<\/h2>    <p>Der Kakaoschoten-Splitter besteht haupts\u00e4chlich aus einem Hebe-, Schneide-, Schalen- und Kakaobohnen-Siebsystem. <\/p>    <p>Die Hebe- und Schneidemaschine wird haupts\u00e4chlich verwendet, um frische Kakaoschoten in zwei H\u00e4lften zu schneiden. Die Schalen- und Kakaobohnen-Siebmaschine wird haupts\u00e4chlich verwendet, um Kakaoschoten und Kakaobohnen durch ein Sieb zu trennen.<\/p>    <h2 class=\"wp-block-heading\">Wie benutzt man den Kakaoschoten-Splitter?<\/h2>    <p>Der Betrieb unseres Kakaoschoten\u00f6ffners ist sehr einfach und erfordert kein hohes technisches Niveau. Der gesamte Betriebsprozess kann von nur einer Person durchgef\u00fchrt werden.<br>1. Der Bediener muss nur vor dem Kakaoschoten-Splitter stehen und die Kakaobohnen nacheinander auf das F\u00f6rderband legen.<br>2. Die ganzen Kakaobohnen werden durch den Aufzug zum Schneidger\u00e4t transportiert.<br>3. Die Schneidemaschine verwendet ein Schneidmesser, um die Kakaobohnen in zwei H\u00e4lften zu teilen, und die geschnittenen Kakaoschoten gelangen in die Kakaobohnen-Siebmaschine. Kakaobohnen und Schoten werden in der Kakaobohnen-Siebmaschine getrennt und durch verschiedene Ausg\u00e4nge ausgegeben.<\/p>    <figure class=\"wp-block-gallery has-nested-images columns-2 is-cropped wp-block-gallery-2 is-layout-flex wp-block-gallery-is-layout-flex\"> <figure class=\"wp-block-image size-large\"><a href=\"https:\/\/www.agriculture-machine.com\/wp-content\/uploads\/2021\/05\/cocoa-bean-pod-opening-machine.jpg\"><img loading=\"lazy\" decoding=\"async\" width=\"720\" height=\"406\" data-id=\"10385\" src=\"https:\/\/www.agriculture-machine.com\/wp-content\/uploads\/2021\/05\/cocoa-bean-pod-opening-machine.jpg\" alt=\"Kakaobohnen-\u00d6ffnermaschine\" class=\"wp-image-10385\" srcset=\"https:\/\/www.agriculture-machine.com\/wp-content\/uploads\/2021\/05\/cocoa-bean-pod-opening-machine.jpg 720w, https:\/\/www.agriculture-machine.com\/wp-content\/uploads\/2021\/05\/cocoa-bean-pod-opening-machine-360x203.jpg 360w\" sizes=\"auto, (max-width: 720px) 100vw, 720px\" \/><\/a><figcaption class=\"wp-element-caption\">Kakaobohnen-\u00d6ffnermaschine<\/figcaption><\/figure>    <figure class=\"wp-block-image size-large\"><a href=\"https:\/\/www.agriculture-machine.com\/wp-content\/uploads\/2021\/05\/cocoa-bean-pod-opener.jpg\"><img loading=\"lazy\" decoding=\"async\" width=\"720\" height=\"407\" data-id=\"10384\" src=\"https:\/\/www.agriculture-machine.com\/wp-content\/uploads\/2021\/05\/cocoa-bean-pod-opener.jpg\" alt=\"Kakaoschoten\u00f6ffner\" class=\"wp-image-10384\" srcset=\"https:\/\/www.agriculture-machine.com\/wp-content\/uploads\/2021\/05\/cocoa-bean-pod-opener.jpg 720w, https:\/\/www.agriculture-machine.com\/wp-content\/uploads\/2021\/05\/cocoa-bean-pod-opener-360x204.jpg 360w\" sizes=\"auto, (max-width: 720px) 100vw, 720px\" \/><\/a><figcaption class=\"wp-element-caption\">Kakaoschoten\u00f6ffner<\/figcaption><\/figure>    <figure class=\"wp-block-image size-large\"><a href=\"https:\/\/www.agriculture-machine.com\/wp-content\/uploads\/2021\/05\/cocoa-pod-breaker-machine.jpg\"><img loading=\"lazy\" decoding=\"async\" width=\"720\" height=\"407\" data-id=\"10387\" src=\"https:\/\/www.agriculture-machine.com\/wp-content\/uploads\/2021\/05\/cocoa-pod-breaker-machine.jpg\" alt=\"Kakaoschotenbrechmaschine\" class=\"wp-image-10387\" srcset=\"https:\/\/www.agriculture-machine.com\/wp-content\/uploads\/2021\/05\/cocoa-pod-breaker-machine.jpg 720w, https:\/\/www.agriculture-machine.com\/wp-content\/uploads\/2021\/05\/cocoa-pod-breaker-machine-360x204.jpg 360w\" sizes=\"auto, (max-width: 720px) 100vw, 720px\" \/><\/a><figcaption class=\"wp-element-caption\">Kakaoschotenbrechmaschine<\/figcaption><\/figure>    <figure class=\"wp-block-image size-large\"><a href=\"https:\/\/www.agriculture-machine.com\/wp-content\/uploads\/2021\/05\/cocoa-bean-pod-splitter.jpg\"><img loading=\"lazy\" decoding=\"async\" width=\"720\" height=\"407\" data-id=\"10386\" src=\"https:\/\/www.agriculture-machine.com\/wp-content\/uploads\/2021\/05\/cocoa-bean-pod-splitter.jpg\" alt=\"Kakaobohnen-Splitter\" class=\"wp-image-10386\" srcset=\"https:\/\/www.agriculture-machine.com\/wp-content\/uploads\/2021\/05\/cocoa-bean-pod-splitter.jpg 720w, https:\/\/www.agriculture-machine.com\/wp-content\/uploads\/2021\/05\/cocoa-bean-pod-splitter-360x204.jpg 360w\" sizes=\"auto, (max-width: 720px) 100vw, 720px\" \/><\/a><figcaption class=\"wp-element-caption\">Kakaobohnen-Splitter<\/figcaption><\/figure> <\/figure>    <h2 class=\"wp-block-heading\">Was sind die Vorteile einer automatischen Kakaobohnen-Splittermachine?<\/h2>    <ol class=\"wp-block-list\"> <li>Die Kakaoschotenbrechmaschine ist einfach aufgebaut und leicht zu bedienen.<\/li>    <li>Das Hauptmaterial ist Edelstahl und Kohlenstoffstahl, was leicht zu reinigen ist.<\/li>    <li>Unsere automatische Kakaobohnen-Trennmaschine ist effizienter als manuelles \u00d6ffnen der Schoten und kann 98 % der Kakaobohnen trennen.<\/li>    <li>Die Einheitserzeugung des Kakaoschotenbrechers ist gro\u00df.<\/li>    <li>Im Vergleich zum manuellen \u00d6ffnen der Kakaoschoten spart der Kakaoschotenbrecher Arbeitskraft.<\/li> <\/ol>    <figure class=\"wp-block-gallery has-nested-images columns-1 is-cropped wp-block-gallery-3 is-layout-flex wp-block-gallery-is-layout-flex\"> <figure class=\"wp-block-image aligncenter size-large\"><a href=\"https:\/\/www.agriculture-machine.com\/wp-content\/uploads\/2021\/05\/screening.jpg\"><img loading=\"lazy\" decoding=\"async\" width=\"720\" height=\"364\" data-id=\"10391\" src=\"https:\/\/www.agriculture-machine.com\/wp-content\/uploads\/2021\/05\/screening.jpg\" alt=\"Sieben\" class=\"wp-image-10391\" srcset=\"https:\/\/www.agriculture-machine.com\/wp-content\/uploads\/2021\/05\/screening.jpg 720w, https:\/\/www.agriculture-machine.com\/wp-content\/uploads\/2021\/05\/screening-360x182.jpg 360w\" sizes=\"auto, (max-width: 720px) 100vw, 720px\" \/><\/a><figcaption class=\"wp-element-caption\">Sieben<\/figcaption><\/figure>    <figure class=\"wp-block-image aligncenter size-large\"><a href=\"https:\/\/www.agriculture-machine.com\/wp-content\/uploads\/2021\/05\/display-of-cocoa-bean-splitter-1.jpg\"><img loading=\"lazy\" decoding=\"async\" width=\"720\" height=\"367\" data-id=\"10390\" src=\"https:\/\/www.agriculture-machine.com\/wp-content\/uploads\/2021\/05\/display-of-cocoa-bean-splitter-1.jpg\" alt=\"Anzeige\" class=\"wp-image-10390\" srcset=\"https:\/\/www.agriculture-machine.com\/wp-content\/uploads\/2021\/05\/display-of-cocoa-bean-splitter-1.jpg 720w, https:\/\/www.agriculture-machine.com\/wp-content\/uploads\/2021\/05\/display-of-cocoa-bean-splitter-1-360x184.jpg 360w\" sizes=\"auto, (max-width: 720px) 100vw, 720px\" \/><\/a><figcaption class=\"wp-element-caption\">Anzeige <\/figcaption><\/figure>    <figure class=\"wp-block-image aligncenter size-large\"><a href=\"https:\/\/www.agriculture-machine.com\/wp-content\/uploads\/2021\/05\/display-of-cocoa-bean-splitter.jpg\"><img loading=\"lazy\" decoding=\"async\" width=\"720\" height=\"365\" data-id=\"10389\" src=\"https:\/\/www.agriculture-machine.com\/wp-content\/uploads\/2021\/05\/display-of-cocoa-bean-splitter.jpg\" alt=\"Anzeige des Kakaobohnen-Splitters\" class=\"wp-image-10389\" srcset=\"https:\/\/www.agriculture-machine.com\/wp-content\/uploads\/2021\/05\/display-of-cocoa-bean-splitter.jpg 720w, https:\/\/www.agriculture-machine.com\/wp-content\/uploads\/2021\/05\/display-of-cocoa-bean-splitter-360x183.jpg 360w\" sizes=\"auto, (max-width: 720px) 100vw, 720px\" \/><\/a><figcaption class=\"wp-element-caption\">Anzeige des Kakaobohnen-Splitters<\/figcaption><\/figure> <\/figure>    <h2 class=\"wp-block-heading\">Wie viel kostet der Kakaoschoten\u00f6ffner?<\/h2>    <p>Aufgrund der unterschiedlichen Modelle der Kakaoschoten\u00f6ffner sind auch die Preise unterschiedlich. Wenn Sie mehr \u00fcber die Preisgestaltung erfahren m\u00f6chten, kontaktieren Sie uns bitte.<\/p>    <h2 class=\"wp-block-heading\">Wie w\u00e4hlt man eine Kakaoschoten-Splittermachine?<\/h2>    <p>Der Kakaoschotenbrecher hat zwei Typen: Gro\u00df HT-SF800 und klein HT-SF400. Wenn Sie viele Kakaob\u00e4ume pflanzen, wird empfohlen, eine gro\u00dfe Kakaoschotenmaschine zu w\u00e4hlen. Dieses Modell kann Ihre Arbeit schneller erledigen. Wenn Ihr Output jedoch nicht hoch ist, k\u00f6nnen Sie eine kleine Maschine w\u00e4hlen. So k\u00f6nnen Ressourcenverschwendung vermieden und Kosten gespart werden.<\/p>    <figure class=\"wp-block-image aligncenter size-full wp-image-10388\"><img loading=\"lazy\" decoding=\"async\" width=\"720\" height=\"507\" src=\"https:\/\/www.agriculture-machine.com\/wp-content\/uploads\/2021\/05\/cocoa-pod-breaking-machine.jpg\" alt=\"Kakaoschotenbrechmaschine\" class=\"wp-image-10388\" srcset=\"https:\/\/www.agriculture-machine.com\/wp-content\/uploads\/2021\/05\/cocoa-pod-breaking-machine.jpg 720w, https:\/\/www.agriculture-machine.com\/wp-content\/uploads\/2021\/05\/cocoa-pod-breaking-machine-360x254.jpg 360w\" sizes=\"auto, (max-width: 720px) 100vw, 720px\" \/><figcaption class=\"wp-element-caption\">Kakaoschotenbrechmaschine<\/figcaption><\/figure>    <h2 class=\"wp-block-heading\">In welche L\u00e4nder wird exportiert?<\/h2>    <p>Unsere automatische Kakaobohnenbrecher wird haupts\u00e4chlich nach Mittel- und S\u00fcdamerika, Westafrika und S\u00fcdostasien exportiert, einschlie\u00dflich \u00c4gypten, T\u00fcrkei, USA, Italien, Deutschland, Philippinen, Peru, Pakistan, Mexiko, Spanien, Kenia, S\u00fcdkorea, VAE, Algerien, Rum\u00e4nien, S\u00fcdafrika, Ukraine, Nigeria, Tadschikistan, Malaysia, Marokko usw. <\/p>    <p>Diese Maschinen bieten den Nutzern viel Komfort und sind in diesen L\u00e4ndern und Regionen sehr beliebt. Ein Kunde hat uns auch ein Video geschickt, in dem er den Kakaoschotenbrecher benutzt.<\/p>    <h2 class=\"wp-block-heading\">Maschinenparameter<\/h2>    <figure class=\"wp-block-table is-style-stripes\"><table><tbody><tr><td>Modell<\/td><td colspan=\"2\">KKFQ-800 Kakaobohnen-Extractor<\/td><td colspan=\"2\">KKFQ-800 Kakaobohnen-Extractor<\/td><\/tr><tr><td>Name<\/td><td>F\u00f6rderband und Schneidesystem<\/td><td>Trennungssystem<\/td><td>F\u00f6rderband und Schneidesystem<\/td><td>Trennungssystem<\/td><\/tr><tr><td>Kapazit\u00e4t<\/td><td colspan=\"2\">300-400kg\/h<\/td><td colspan=\"2\">800kg\/h<\/td><\/tr><tr><td>Leistung<\/td><td>0,75 kW<\/td><td>1,1 kW<\/td><td>0,75 kW<\/td><td>1,1 kW<\/td><\/tr><tr><td>Abmessung<\/td><td>1600*600*1900mm<\/td><td>2000*1300*1700mm<\/td><td>1600*600*1600mm<\/td><td>3000*1300*2000mm<\/td><\/tr><tr><td>Gewicht<\/td><td>150kg<\/td><td>180kg<\/td><td>150kg<\/td><td>230 kg<\/td><\/tr><tr><td>Material<\/td><td>Edelstahl<\/td><td>Edelstahl<\/td><td>Edelstahl<\/td><td>Edelstahl<\/td><\/tr><\/tbody><\/table><figcaption class=\"wp-element-caption\">Technische Daten des Kakaoschoten\u00f6ffners<\/figcaption><\/figure>    <h2 class=\"wp-block-heading\">Kontaktieren Sie uns jederzeit<\/h2>    <p>Wir hei\u00dfen alle Kunden herzlich willkommen, aktiv die Anwendungen und Vorteile von Kakaoschoten\u00f6ffnern zu beraten und zu diskutieren. Egal, ob Sie ein gro\u00dfer Schokoladenhersteller oder eine kleine Kakaobohnenverarbeitungsfabrik sind, wir sind bestrebt, Ihnen die professionellsten L\u00f6sungen anzubieten!<\/p>","protected":false},"excerpt":{"rendered":"<p>Der Kakaoschotenbrecher ben\u00f6tigt nur eine Person zum Bedienen, und die Kapazit\u00e4t kann 800kg\/h erreichen. Er verwendet Edelstahl, und die Qualit\u00e4t ist hoch.<\/p>","protected":false},"author":1,"featured_media":10383,"parent":0,"comment_status":"closed","ping_status":"closed","template":"","tags":[2612],"product-type":[904],"class_list":["post-10381","product","type-product","status-publish","has-post-thumbnail","hentry","tag-cocoa","product-type-cocao-beans-dehuller-machine"],"_links":{"self":[{"href":"https:\/\/www.agriculture-machine.com\/de\/wp-json\/wp\/v2\/product\/10381","targetHints":{"allow":["GET"]}}],"collection":[{"href":"https:\/\/www.agriculture-machine.com\/de\/wp-json\/wp\/v2\/product"}],"about":[{"href":"https:\/\/www.agriculture-machine.com\/de\/wp-json\/wp\/v2\/types\/product"}],"author":[{"embeddable":true,"href":"https:\/\/www.agriculture-machine.com\/de\/wp-json\/wp\/v2\/users\/1"}],"replies":[{"embeddable":true,"href":"https:\/\/www.agriculture-machine.com\/de\/wp-json\/wp\/v2\/comments?post=10381"}],"wp:featuredmedia":[{"embeddable":true,"href":"https:\/\/www.agriculture-machine.com\/de\/wp-json\/wp\/v2\/media\/10383"}],"wp:attachment":[{"href":"https:\/\/www.agriculture-machine.com\/de\/wp-json\/wp\/v2\/media?parent=10381"}],"wp:term":[{"taxonomy":"post_tag","embeddable":true,"href":"https:\/\/www.agriculture-machine.com\/de\/wp-json\/wp\/v2\/tags?post=10381"},{"taxonomy":"product-type","embeddable":true,"href":"https:\/\/www.agriculture-machine.com\/de\/wp-json\/wp\/v2\/product-type?post=10381"}],"curies":[{"name":"wp","href":"https:\/\/api.w.org\/{rel}","templated":true}]}}