{"id":1044,"date":"2018-10-17T10:35:57","date_gmt":"2018-10-17T02:35:57","guid":{"rendered":"https:\/\/www.agriculture-machine.com\/?p=1044"},"modified":"2024-09-26T09:28:46","modified_gmt":"2024-09-26T01:28:46","slug":"reaper-binder","status":"publish","type":"product","link":"https:\/\/www.agriculture-machine.com\/de\/reaper-binder\/","title":{"rendered":"Die Reis-Weizen-Schneid-, Trocknungs- und Bindemaschine kombiniert die\u2026"},"content":{"rendered":"<p>Die Reisschneide-, Trocknungs- und Bindemaschine kombiniert die traditionelle Ernte- und Ballenbildung in einem, mit erstaunlicher Geschwindigkeit und Pr\u00e4zision bei Feldarbeiten, bis zu 3 Acres pro Stunde Ernteleistung.<\/p>    <p>It accurately recognizes crop boundaries and automatically adjusts cutting width and bale tightness to ensure that every bale is optimized, reducing losses by up to 20% or more. Whether it&#8217;s a vast wheat field or an intricate crop field, this machine is suitable for both.<\/p>    <figure class=\"wp-block-embed aligncenter is-type-video is-provider-youtube wp-block-embed-youtube wp-embed-aspect-16-9 wp-has-aspect-ratio\"><div class=\"wp-block-embed__wrapper\"> <iframe loading=\"lazy\" title=\"Reisschneide-, Ernte- und Bindemaschine, Reaper und Binder\" width=\"500\" height=\"281\" src=\"https:\/\/www.youtube.com\/embed\/JbwK5OtIwqE?feature=oembed\" frameborder=\"0\" allow=\"accelerometer; autoplay; clipboard-write; encrypted-media; gyroscope; picture-in-picture; web-share\" referrerpolicy=\"strict-origin-when-cross-origin\" allowfullscreen><\/iframe> <\/div><figcaption class=\"wp-element-caption\">Arbeitsvideo der Reisschneide-, Trocknungs- und Bindemaschine<\/figcaption><\/figure>    <h2 class=\"wp-block-heading\"><strong><b>Typ eins<\/b><\/strong><\/h2>    <p>Diese Reisschneide- und Bindemaschine ist bei den meisten unserer Kunden sehr beliebt, mit einer Kapazit\u00e4t von 1300-2000\u33a1\/h, passend zu einem 8PS Wassergek\u00fchlten Dieselmotor. Die Schnittbreite betr\u00e4gt 900mm, die Schnitt-H\u00f6he ist verstellbar, die minimale Schnitt-H\u00f6he liegt bei 50mm.<\/p>    <figure class=\"wp-block-image aligncenter size-large\"><img loading=\"lazy\" decoding=\"async\" width=\"720\" height=\"540\" src=\"https:\/\/www.agriculture-machine.com\/wp-content\/uploads\/2018\/10\/harvesting-rice10-720x540.jpg\" alt=\"Reis- und Weizen-Schneide-, Trocknungs- und Bindemaschine\" class=\"wp-image-2744\" srcset=\"https:\/\/www.agriculture-machine.com\/wp-content\/uploads\/2018\/10\/harvesting-rice10-720x540.jpg 720w, https:\/\/www.agriculture-machine.com\/wp-content\/uploads\/2018\/10\/harvesting-rice10-360x270.jpg 360w, https:\/\/www.agriculture-machine.com\/wp-content\/uploads\/2018\/10\/harvesting-rice10-240x180.jpg 240w, https:\/\/www.agriculture-machine.com\/wp-content\/uploads\/2018\/10\/harvesting-rice10-768x576.jpg 768w, https:\/\/www.agriculture-machine.com\/wp-content\/uploads\/2018\/10\/harvesting-rice10.jpg 1000w\" sizes=\"auto, (max-width: 720px) 100vw, 720px\" \/><figcaption class=\"wp-element-caption\">Reis- und Weizen-Schneide-, Trocknungs- und Bindemaschine<\/figcaption><\/figure>    <h2 class=\"wp-block-heading\">Parameter der Reisschneide-, Trocknungs- und Bindemaschine<\/h2>    <figure class=\"wp-block-table is-style-stripes\"><table><tbody><tr><td>Modell<\/td><td>4GK90 Reaper Binder<\/td><\/tr><tr><td>Schnittbreite (mm)<\/td><td>900<\/td><\/tr><tr><td>Minimale Schnitt-H\u00f6he (mm)<\/td><td>\u226550<\/td><\/tr><tr><td>Platzierungstyp<\/td><td>Seitenrichtung &amp; bandartige Platzierung<\/td><\/tr><tr><td>Produktivit\u00e4t (m2\/h)<\/td><td>1300-2000<\/td><\/tr><tr><td>Abgestimmte Leistung<\/td><td>8PS Wassergek\u00fchlter Dieselmotor<\/td><\/tr><tr><td>Nettogewicht (kg)<\/td><td>262<\/td><\/tr><tr><td>Bruttogewicht (kg)<\/td><td>302<\/td><\/tr><tr><td>Verpackungsgr\u00f6\u00dfe (L*W*H) (m)<\/td><td>1.4*1.4*0.8<\/td><\/tr><tr><td>20 GP<\/td><td>16 S\u00e4tze<\/td><\/tr><tr><td>40GP<\/td><td>34 S\u00e4tze<\/td><\/tr><\/tbody><\/table><figcaption class=\"wp-element-caption\">Technische Daten der 4GK90 Reisschneide-, Trocknungs- und Bindemaschine<\/figcaption><\/figure>    <h2 class=\"wp-block-heading\">Struktur der Reiserntemaschine<\/h2>    <p>Weizen-Erntemaschine besteht haupts\u00e4chlich aus Motoren, Halmenf\u00f6rderanlagen, Kraft\u00fcbertragungssystemen, Laufwerken, Schneideeinheiten und Bindeeinheiten.<\/p>    <h2 class=\"wp-block-heading\">Wie funktioniert die Reaper-Binder-Maschine?<\/h2>    <p>Wenn die Weizenreaper arbeitet, werden zuerst die Halme durch einen Trennsteg getrennt und durch einen Schneidkopf abgeschnitten. Dann werden die geschnittenen Halme mit Hilfe einer F\u00f6rderkette und einer Federf\u00fchrung zum Bindevorrichtung transportiert. Nach dem Binden zu B\u00fcndeln werden die B\u00fcndel freigegeben und auf die rechte Seite der Bewegungsrichtung geworfen, so dass die Maschine den Ernte- und Bindevorgang abschlie\u00dft.<\/p>    <figure class=\"wp-block-embed aligncenter is-type-video is-provider-youtube wp-block-embed-youtube wp-embed-aspect-16-9 wp-has-aspect-ratio\"><div class=\"wp-block-embed__wrapper\"> <iframe loading=\"lazy\" title=\"Frau bedient Weizen-Schneide-, Reaper- und Binder-Maschine \/ Ernte-Reaper und Binder zu niedrigem Preis\" width=\"500\" height=\"281\" src=\"https:\/\/www.youtube.com\/embed\/bPWeR1oB120?feature=oembed\" frameborder=\"0\" allow=\"accelerometer; autoplay; clipboard-write; encrypted-media; gyroscope; picture-in-picture; web-share\" referrerpolicy=\"strict-origin-when-cross-origin\" allowfullscreen><\/iframe> <\/div><figcaption class=\"wp-element-caption\">Arbeitsplatz der Reisschneide- und Bindemaschine<\/figcaption><\/figure>    <h2 class=\"wp-block-heading\">Vorteile der Reisschneide-, Trocknungs- und Bindemaschine<\/h2>    <ul class=\"wp-block-list\"> <li>Schnitt und Bindung werden gleichzeitig durchgef\u00fchrt, was manuelle Arbeit und Arbeitszeit reduziert.<\/li>    <li>Verstellbarer Griff: nach oben und unten 90\u00b0, um 360\u00b0 drehbar. Flexibel an verschiedene Umgebungen anpassbar.<\/li>    <li>Die H\u00f6he der Halme und die B\u00fcndelgr\u00f6\u00dfe k\u00f6nnen eingestellt werden.<\/li>    <li>Die Weizenreaper- und Bindemaschine ist mit einem Differentialdrehsystem ausgestattet, das flexibel zu bedienen ist.<\/li>    <li>Niedrige Halmeh\u00f6he erleichtert die zuk\u00fcnftige Feldpflege.<\/li>    <li>Kompakte Struktur, leichtes Gewicht und zuverl\u00e4ssige Leistung erleichtern die Weizenernte.<\/li>    <li>Diese handgef\u00fchrte und selbstfahrende Weizen- und Reisschneide-, Trocknungs- und Bindemaschine ist bequem zu bewegen.<\/li>    <li>Das Wellenantriebssystem garantiert stabile und sichere Arbeit.<\/li> <\/ul>    <figure class=\"wp-block-image aligncenter size-large\"><img loading=\"lazy\" decoding=\"async\" width=\"561\" height=\"540\" src=\"https:\/\/www.agriculture-machine.com\/wp-content\/uploads\/2018\/10\/harvesting-rice12-561x540.jpg\" alt=\"Reaper- und Bindestruktur\" class=\"wp-image-2746\" srcset=\"https:\/\/www.agriculture-machine.com\/wp-content\/uploads\/2018\/10\/harvesting-rice12-561x540.jpg 561w, https:\/\/www.agriculture-machine.com\/wp-content\/uploads\/2018\/10\/harvesting-rice12-280x270.jpg 280w, https:\/\/www.agriculture-machine.com\/wp-content\/uploads\/2018\/10\/harvesting-rice12.jpg 750w\" sizes=\"auto, (max-width: 561px) 100vw, 561px\" \/><figcaption class=\"wp-element-caption\">Reaper- und Bindestruktur<\/figcaption><\/figure>    <h2 class=\"wp-block-heading\">Wartung der Reisschneide- und Erntemaschine<\/h2>    <ul class=\"wp-block-list\"> <li>Der Benutzer sollte die R\u00fcckst\u00e4nde der Unkr\u00e4uter entfernen.<\/li>    <li>Pr\u00fcfen Sie, ob die Befestigungs- und Verbindungsteile locker sind.<\/li>    <li>\u00d6len Sie den Motor und das B\u00fcndelger\u00e4t rechtzeitig.<\/li>    <li>Pr\u00fcfen Sie, ob die Steuerungsteile flexibel und zuverl\u00e4ssig sind.<\/li> <\/ul>    <h2 class=\"wp-block-heading\">Erfolgreiche F\u00e4lle<\/h2>    <p>Wir haben in diesem Jahr 100 S\u00e4tze Reisschneide-, Trocknungs- und Bindemaschinen nach Pakistan verkauft, und es ist die erste Zusammenarbeit zwischen unseren Kunden und uns. Warum vertraut er uns? Ich glaube, professionelle Produktkenntnisse, eine aufrichtige Haltung und ein perfekter Kundendienst sind alles wichtige Faktoren.<\/p>    <figure class=\"wp-block-gallery has-nested-images columns-2 is-cropped wp-block-gallery-2 is-layout-flex wp-block-gallery-is-layout-flex\"> <figure class=\"wp-block-image size-large\"><img loading=\"lazy\" decoding=\"async\" width=\"720\" height=\"540\" data-id=\"2742\" src=\"https:\/\/www.agriculture-machine.com\/wp-content\/uploads\/2018\/10\/harvesting-rice08-720x540.jpg\" alt=\"Feldbinder\" class=\"wp-image-2742\" srcset=\"https:\/\/www.agriculture-machine.com\/wp-content\/uploads\/2018\/10\/harvesting-rice08-720x540.jpg 720w, https:\/\/www.agriculture-machine.com\/wp-content\/uploads\/2018\/10\/harvesting-rice08-360x270.jpg 360w, https:\/\/www.agriculture-machine.com\/wp-content\/uploads\/2018\/10\/harvesting-rice08-240x180.jpg 240w, https:\/\/www.agriculture-machine.com\/wp-content\/uploads\/2018\/10\/harvesting-rice08-768x576.jpg 768w, https:\/\/www.agriculture-machine.com\/wp-content\/uploads\/2018\/10\/harvesting-rice08.jpg 1000w\" sizes=\"auto, (max-width: 720px) 100vw, 720px\" \/><figcaption class=\"wp-element-caption\">Feldbinder<\/figcaption><\/figure>    <figure class=\"wp-block-image size-large\"><img loading=\"lazy\" decoding=\"async\" width=\"720\" height=\"540\" data-id=\"2741\" src=\"https:\/\/www.agriculture-machine.com\/wp-content\/uploads\/2018\/10\/harvesting-rice07-720x540.jpg\" alt=\"Getreidebinder\" class=\"wp-image-2741\" srcset=\"https:\/\/www.agriculture-machine.com\/wp-content\/uploads\/2018\/10\/harvesting-rice07-720x540.jpg 720w, https:\/\/www.agriculture-machine.com\/wp-content\/uploads\/2018\/10\/harvesting-rice07-360x270.jpg 360w, https:\/\/www.agriculture-machine.com\/wp-content\/uploads\/2018\/10\/harvesting-rice07-240x180.jpg 240w, https:\/\/www.agriculture-machine.com\/wp-content\/uploads\/2018\/10\/harvesting-rice07-768x576.jpg 768w, https:\/\/www.agriculture-machine.com\/wp-content\/uploads\/2018\/10\/harvesting-rice07.jpg 1000w\" sizes=\"auto, (max-width: 720px) 100vw, 720px\" \/><figcaption class=\"wp-element-caption\">Getreidebinder<\/figcaption><\/figure> <\/figure>    <figure class=\"wp-block-gallery has-nested-images columns-2 is-cropped wp-block-gallery-3 is-layout-flex wp-block-gallery-is-layout-flex\"> <figure class=\"wp-block-image size-large\"><img loading=\"lazy\" decoding=\"async\" width=\"405\" height=\"540\" data-id=\"2736\" src=\"https:\/\/www.agriculture-machine.com\/wp-content\/uploads\/2018\/10\/harvesting-rice02-405x540.jpg\" alt=\"Landmaschinen\" class=\"wp-image-2736\" srcset=\"https:\/\/www.agriculture-machine.com\/wp-content\/uploads\/2018\/10\/harvesting-rice02-405x540.jpg 405w, https:\/\/www.agriculture-machine.com\/wp-content\/uploads\/2018\/10\/harvesting-rice02-203x270.jpg 203w, https:\/\/www.agriculture-machine.com\/wp-content\/uploads\/2018\/10\/harvesting-rice02-768x1024.jpg 768w, https:\/\/www.agriculture-machine.com\/wp-content\/uploads\/2018\/10\/harvesting-rice02.jpg 1000w\" sizes=\"auto, (max-width: 405px) 100vw, 405px\" \/><figcaption class=\"wp-element-caption\">Landmaschinen<\/figcaption><\/figure>    <figure class=\"wp-block-image size-large\"><img loading=\"lazy\" decoding=\"async\" width=\"405\" height=\"540\" data-id=\"2739\" src=\"https:\/\/www.agriculture-machine.com\/wp-content\/uploads\/2018\/10\/harvesting-rice05-405x540.jpg\" alt=\"Weizen-Erntedbinder\" class=\"wp-image-2739\" srcset=\"https:\/\/www.agriculture-machine.com\/wp-content\/uploads\/2018\/10\/harvesting-rice05-405x540.jpg 405w, https:\/\/www.agriculture-machine.com\/wp-content\/uploads\/2018\/10\/harvesting-rice05-203x270.jpg 203w, https:\/\/www.agriculture-machine.com\/wp-content\/uploads\/2018\/10\/harvesting-rice05-768x1024.jpg 768w, https:\/\/www.agriculture-machine.com\/wp-content\/uploads\/2018\/10\/harvesting-rice05.jpg 1000w\" sizes=\"auto, (max-width: 405px) 100vw, 405px\" \/><figcaption class=\"wp-element-caption\">Weizen-Erntedbinder<\/figcaption><\/figure> <\/figure>    <h2 class=\"wp-block-heading\">Typ zwei<\/h2>    <p>Diese Reisschneide-, Trocknungs- und Bindemaschine besteht aus einem Beschleuniger, R\u00e4dern, F\u00f6rderband, Messern, Motorleistung, Riemen und Weizenhalter und passt zu einem Benzinmotor. Sie hat eine Kapazit\u00e4t von 0,32-0,41 Hektar\/h, mit den gleichen Funktionen wie die erste Variante, ist aber leichter.<\/p>    <figure class=\"wp-block-image\"><img decoding=\"async\" src=\"https:\/\/www.agriculture-machine.com\/wp-content\/uploads\/2018\/10\/IMG_20190314_164752.jpg\" alt=\"Reiserntemaschine\" class=\"wp-image-3196\"\/><figcaption class=\"wp-element-caption\">Reiserntemaschine<\/figcaption><\/figure>    <p>Wichtig ist, dass der Getreideheber die Pflanzen unterst\u00fctzt, was das geerntete Getreide ordentlich macht. Das F\u00f6rderband und die Sternr\u00e4der transportieren die Pflanzen nach dem Schnitt auf eine Seite. Beim Betrieb der Maschine sollten Sie zuerst den D\u00e4mpfer \u00f6ffnen, dann das Startventil.<\/p>    <figure class=\"wp-block-image aligncenter\"><img loading=\"lazy\" decoding=\"async\" width=\"750\" height=\"750\" src=\"https:\/\/www.agriculture-machine.com\/wp-content\/uploads\/2018\/10\/03.jpg\" alt=\"landwirtschaftliche Erntemaschine\" class=\"wp-image-3192\" srcset=\"https:\/\/www.agriculture-machine.com\/wp-content\/uploads\/2018\/10\/03.jpg 750w, https:\/\/www.agriculture-machine.com\/wp-content\/uploads\/2018\/10\/03-270x270.jpg 270w, https:\/\/www.agriculture-machine.com\/wp-content\/uploads\/2018\/10\/03-540x540.jpg 540w\" sizes=\"auto, (max-width: 750px) 100vw, 750px\" \/><figcaption class=\"wp-element-caption\">landwirtschaftliche Erntemaschine<\/figcaption><\/figure>    <figure class=\"wp-block-image aligncenter\"><img decoding=\"async\" src=\"https:\/\/www.agriculture-machine.com\/wp-content\/uploads\/2018\/10\/IMG_20190314_165837.jpg\" alt=\"Erntemaschine f\u00fcr Getreide\" class=\"wp-image-3199\"\/><figcaption class=\"wp-element-caption\">Erntemaschine f\u00fcr Getreide<\/figcaption><\/figure>    <h2 class=\"wp-block-heading\">Technische Parameter der Weizen-Erntemaschine<\/h2>    <figure class=\"wp-block-table is-style-stripes\"><table><tbody><tr><td>Modell<\/td><td>TZY-90<\/td><\/tr><tr><td>Kapazit\u00e4t<\/td><td>0,32-0,41 Hektar\/h<\/td><\/tr><tr><td>Leistung<\/td><td>Benzinmotor<\/td><\/tr><tr><td>Schnitt-H\u00f6he<\/td><td>50-100mm<\/td><\/tr><tr><td>Schnittbreite<\/td><td>900mm<\/td><\/tr><tr><td>Gr\u00f6\u00dfe (L*B*H)<\/td><td>1800*1000*1100mm<\/td><\/tr><tr><td>Gewicht<\/td><td>75kg<\/td><\/tr><tr><td>20GP<\/td><td>55 S\u00e4tze<\/td><\/tr><\/tbody><\/table><figcaption class=\"wp-element-caption\">Technische Daten der TZY-90 Reisschneide-, Trocknungs- und Bindemaschine<\/figcaption><\/figure>    <h2 class=\"wp-block-heading\">Vorteile der Reisschneide-, Trocknungs- und Bindemaschine<\/h2>    <ul class=\"wp-block-list\"> <li>Hohe Anpassungsf\u00e4higkeit. Die Reisschneide-, Trocknungs- und Bindemaschine f\u00fcr Weizen wird in verschiedenen Feldern wie H\u00fcgeln und Ebenen eingesetzt.<\/li>    <li>Eine Person kann alle Prozesse abschlie\u00dfen.<\/li>    <li>Das gro\u00dfe Rad erm\u00f6glicht das Gehen auch im schlammigen Feld.<\/li>    <li>Ein gelber Reishalter, der wie ein Stern aussieht, kann Weizen an der Seite des Reisschneiders platzieren.<\/li>    <li>Die Reisschneide- und Weizenerntemaschine kann in Reis, Hirse, Weizen, Soja, Stroh usw. mit verschiedenen Funktionen eingesetzt werden. <\/li>    <li>Die Reisschneide-, Trocknungs- und Bindemaschine hat drei Arbeitsg\u00e4nge: Vorw\u00e4rts, R\u00fcckw\u00e4rts und Stopp, und ist einfach zu bedienen.<\/li>    <li>Der linke Griff hat einen Geschwindigkeitsregler, mit dem die Arbeitsgeschwindigkeit der Maschine eingestellt werden kann.<\/li>    <li>Es kann breit in gro\u00dfe, mittlere und kleine Felder eingesetzt werden, besonders auf schlammigem Land.<\/li> <\/ul>    <figure class=\"wp-block-gallery has-nested-images columns-default is-cropped wp-block-gallery-4 is-layout-flex wp-block-gallery-is-layout-flex\"> <figure class=\"wp-block-image size-large\"><img loading=\"lazy\" decoding=\"async\" width=\"540\" height=\"540\" data-id=\"3191\" src=\"https:\/\/www.agriculture-machine.com\/wp-content\/uploads\/2018\/10\/02-540x540.jpg\" alt=\"Reiserntemaschine\" class=\"wp-image-3191\" srcset=\"https:\/\/www.agriculture-machine.com\/wp-content\/uploads\/2018\/10\/02-540x540.jpg 540w, https:\/\/www.agriculture-machine.com\/wp-content\/uploads\/2018\/10\/02-270x270.jpg 270w, https:\/\/www.agriculture-machine.com\/wp-content\/uploads\/2018\/10\/02.jpg 750w\" sizes=\"auto, (max-width: 540px) 100vw, 540px\" \/><figcaption class=\"wp-element-caption\">Reiserntemaschine<\/figcaption><\/figure>    <figure class=\"wp-block-image size-large\"><img loading=\"lazy\" decoding=\"async\" width=\"592\" height=\"540\" data-id=\"3194\" src=\"https:\/\/www.agriculture-machine.com\/wp-content\/uploads\/2018\/10\/CMRZI60KOBGCONEIG9W-592x540.jpg\" alt=\"Maschinendetails\" class=\"wp-image-3194\" srcset=\"https:\/\/www.agriculture-machine.com\/wp-content\/uploads\/2018\/10\/CMRZI60KOBGCONEIG9W-592x540.jpg 592w, https:\/\/www.agriculture-machine.com\/wp-content\/uploads\/2018\/10\/CMRZI60KOBGCONEIG9W-296x270.jpg 296w, https:\/\/www.agriculture-machine.com\/wp-content\/uploads\/2018\/10\/CMRZI60KOBGCONEIG9W.jpg 750w\" sizes=\"auto, (max-width: 592px) 100vw, 592px\" \/><figcaption class=\"wp-element-caption\">Maschinendetails<\/figcaption><\/figure> <\/figure>    <h2 class=\"wp-block-heading\">Gro\u00dflieferung von Traktor-Reaper-Bindern<\/h2>    <p>Der Kunde aus Saudi-Arabien besuchte unsere Fabrik unter Leitung unseres Managers. Nach dem Testen der Maschinen und Gespr\u00e4chen mit den Technikern entschied er sich schlie\u00dflich, 16 S\u00e4tze zu kaufen. Unten ist das Foto des Verk\u00e4ufers im B\u00fcro, wir haben keine M\u00fchen gescheut, um ihm den besten Service zu bieten.<\/p>    <figure class=\"wp-block-image aligncenter\"><img decoding=\"async\" src=\"https:\/\/www.agriculture-machine.com\/wp-content\/uploads\/2018\/10\/IMG_20190314_170210.jpg\" alt=\"Mechanischer Gerstenreaper und Binder\" class=\"wp-image-3200\"\/><figcaption class=\"wp-element-caption\">Mechanischer Gerstenreaper und Binder<\/figcaption><\/figure>    <figure class=\"wp-block-image aligncenter\"><img decoding=\"async\" src=\"https:\/\/www.agriculture-machine.com\/wp-content\/uploads\/2018\/10\/IMG_20190314_184617.jpg\" alt=\"Kundenbesuch\" class=\"wp-image-3202\"\/><figcaption class=\"wp-element-caption\">Kundenbesuch<\/figcaption><\/figure>    <p class=\"translation-block\">Au\u00dferdem, wenn Sie Mais ernten m\u00f6chten, k\u00f6nnen Sie unseren <a href=\"https:\/\/www.agriculture-machine.com\/de\/corn-maize-harvester-machine\/\"><strong><em>Maisernter<\/em><\/strong><\/a> verwenden. Sie k\u00f6nnen unsere <a href=\"https:\/\/www.agriculture-machine.com\/de\/multifunctional-thresher-for-maize-beans-sorghum-millet\/\"><strong><em>Mais-Weizen-Getreideabsch\u00e4umer<\/em><\/strong><\/a> Maschine verwenden, die f\u00fcr Landwirte bequemer ist, um Weizenk\u00f6rner und Maisk\u00f6rner zu gewinnen.<\/p>    <h2 class=\"wp-block-heading\">FAQ zu Reiserntemaschinen<\/h2>    <h3 class=\"wp-block-heading\"><strong>Typ eins<\/strong><\/h3>   <div id=\"rank-math-faq\" class=\"rank-math-block\"> <div class=\"rank-math-list\"> <div id=\"faq-question-1724815881356\" class=\"rank-math-list-item\"> <h3 class=\"rank-math-question\">In welches Land haben Sie zuvor exportiert?<\/h3> <div class=\"rank-math-answer\">  <p>Indien, Philippinen, Australien, Vereinigtes K\u00f6nigreich, Pakistan, Kanada, Vereinigte Staaten.<\/p>  <\/div> <\/div> <div id=\"faq-question-1724815885099\" class=\"rank-math-list-item\"> <h3 class=\"rank-math-question\">Wie viele S\u00e4tze k\u00f6nnen in 20 GP und 40 GP geladen werden?<\/h3> <div class=\"rank-math-answer\">  <p>16 S\u00e4tze und 34 S\u00e4tze jeweils.<\/p>  <\/div> <\/div> <div id=\"faq-question-1724815893530\" class=\"rank-math-list-item\"> <h3 class=\"rank-math-question\">Welche Kultur kann geerntet werden?<\/h3> <div class=\"rank-math-answer\">  <p>Reis, Weizen und Raps.<\/p>  <\/div> <\/div> <div id=\"faq-question-1724815901853\" class=\"rank-math-list-item\"> <h3 class=\"rank-math-question\">K\u00f6nnen Landwirte den Durchmesser des Reisschneide- und Bindebinders anpassen?<\/h3> <div class=\"rank-math-answer\">  <p>Nein, der Durchmesser des Binders ist fest.<\/p>  <\/div> <\/div> <div id=\"faq-question-1724815908603\" class=\"rank-math-list-item\"> <h3 class=\"rank-math-question\">Warum kann eine Maschine w\u00e4hrend des Betriebs das Reiss und Weizen binden?<\/h3> <div class=\"rank-math-answer\"> <img loading=\"lazy\" decoding=\"async\" width=\"240\" height=\"180\" src=\"https:\/\/www.agriculture-machine.com\/wp-content\/uploads\/2018\/10\/harvesting-rice09-240x180.jpg\" class=\"alignright\" alt=\"Reiserntung 09\" \/> <p>An der Seite der Maschine befindet sich eine Schnur, die die geernteten Reisk\u00f6rner zu einem Binder zusammenbindet.<\/p>  <\/div> <\/div> <div id=\"faq-question-1724815949162\" class=\"rank-math-list-item\"> <h3 class=\"rank-math-question\">Sind Schnitt-H\u00f6he und Schnitt-Breite verstellbar?<\/h3> <div class=\"rank-math-answer\">  <p>Die Schnitth\u00f6he ist verstellbar und darf nicht weniger als 50mm sein, aber die Schnittbreite sollte 900mm betragen.<\/p>  <\/div> <\/div> <\/div> <\/div>   <h3 class=\"wp-block-heading\"><strong>Typ zwei<\/strong><\/h3>   <div id=\"rank-math-faq\" class=\"rank-math-block\"> <div class=\"rank-math-list\"> <div id=\"faq-question-1724816049983\" class=\"rank-math-list-item\"> <h3 class=\"rank-math-question\">Sind Schnitt-H\u00f6he und Schnitt-Breite verstellbar?<\/h3> <div class=\"rank-math-answer\">  <p>Nein, keine von beiden ist verstellbar. Aufgrund der unterschiedlichen Felder mit verschiedenen H\u00f6hen betr\u00e4gt die Schnitt-H\u00f6he 50-100mm.<\/p>  <\/div> <\/div> <div id=\"faq-question-1724816053020\" class=\"rank-math-list-item\"> <h3 class=\"rank-math-question\">Kann eine Maschine die auf den Boden gefallenen Reiss oder Weizen schneiden?<\/h3> <div class=\"rank-math-answer\">  <p>Ja, diese Reaper-Maschine kann sie effektiv ernten.<\/p>  <\/div> <\/div> <div id=\"faq-question-1724816066346\" class=\"rank-math-list-item\"> <h3 class=\"rank-math-question\">Wie viele G\u00e4nge hat die Maschine?<\/h3> <div class=\"rank-math-answer\">  <p>Sie hat 3 G\u00e4nge: Schalter, Arbeitsgang und Leerlauf.<\/p>  <\/div> <\/div> <div id=\"faq-question-1724816074930\" class=\"rank-math-list-item\"> <h3 class=\"rank-math-question\">Ist die Halme-H\u00f6he verstellbar?<\/h3> <div class=\"rank-math-answer\">  <p>Nein, es kann nicht angepasst werden.<\/p>  <\/div> <\/div> <div id=\"faq-question-1724816083266\" class=\"rank-math-list-item\"> <h3 class=\"rank-math-question\">Sind beide Maschinen gleich?<\/h3> <div class=\"rank-math-answer\">  <p>Bez\u00fcglich der Funktion sind sie gleich (Weizen schneiden und binden), aber ihre Struktur ist etwas unterschiedlich.<\/p>  <\/div> <\/div> <\/div> <\/div>","protected":false},"excerpt":{"rendered":"<p>Unsere neue Reisschneide-, Trocknungs- und Bindemaschine hat eine Kapazit\u00e4t von 1300-200m2\/h. Sie spart Zeit und Energie und kann verschiedene Kulturen ernten.<\/p>","protected":false},"author":1,"featured_media":3208,"parent":0,"comment_status":"closed","ping_status":"closed","template":"","tags":[2609],"product-type":[888],"class_list":["post-1044","product","type-product","status-publish","has-post-thumbnail","hentry","tag-cutter","product-type-rice-reaper"],"_links":{"self":[{"href":"https:\/\/www.agriculture-machine.com\/de\/wp-json\/wp\/v2\/product\/1044","targetHints":{"allow":["GET"]}}],"collection":[{"href":"https:\/\/www.agriculture-machine.com\/de\/wp-json\/wp\/v2\/product"}],"about":[{"href":"https:\/\/www.agriculture-machine.com\/de\/wp-json\/wp\/v2\/types\/product"}],"author":[{"embeddable":true,"href":"https:\/\/www.agriculture-machine.com\/de\/wp-json\/wp\/v2\/users\/1"}],"replies":[{"embeddable":true,"href":"https:\/\/www.agriculture-machine.com\/de\/wp-json\/wp\/v2\/comments?post=1044"}],"wp:featuredmedia":[{"embeddable":true,"href":"https:\/\/www.agriculture-machine.com\/de\/wp-json\/wp\/v2\/media\/3208"}],"wp:attachment":[{"href":"https:\/\/www.agriculture-machine.com\/de\/wp-json\/wp\/v2\/media?parent=1044"}],"wp:term":[{"taxonomy":"post_tag","embeddable":true,"href":"https:\/\/www.agriculture-machine.com\/de\/wp-json\/wp\/v2\/tags?post=1044"},{"taxonomy":"product-type","embeddable":true,"href":"https:\/\/www.agriculture-machine.com\/de\/wp-json\/wp\/v2\/product-type?post=1044"}],"curies":[{"name":"wp","href":"https:\/\/api.w.org\/{rel}","templated":true}]}}