{"id":10441,"date":"2021-05-19T16:47:31","date_gmt":"2021-05-19T08:47:31","guid":{"rendered":"https:\/\/www.agriculture-machine.com\/?p=10441"},"modified":"2024-09-23T11:15:12","modified_gmt":"2024-09-23T03:15:12","slug":"cocoa-bean-peeling-machine-roasted-cocoa-peeling-machine","status":"publish","type":"product","link":"https:\/\/www.agriculture-machine.com\/de\/cocoa-bean-peeling-machine-roasted-cocoa-peeling-machine\/","title":{"rendered":"Kakaobohnen-Peeling-Maschine | ger\u00f6stete Kakaobohnen-Peeling-Maschine"},"content":{"rendered":"<p class=\"translation-block\"><strong>Kakaobohnen-Sch\u00e4lmaschine<\/strong> ist eine Maschine, die h\u00e4ufig zur Verarbeitung von Kakaobohnen verwendet wird. Nach dem \u00d6ffnen der Schote m\u00fcssen die Kakaobohnen gesch\u00e4lt werden. Der beste Effekt beim Sch\u00e4len wird erzielt, wenn die Kakaobohnen vorher ger\u00f6stet werden, um die Qualit\u00e4t der gesch\u00e4lten Kakaobohnen zu erh\u00f6hen.<\/p>    <h2 class=\"wp-block-heading\">Arbeitsprozess der Kakaobohnen-Sch\u00e4lmaschine<\/h2>    <p>Bei der Verwendung dieser Maschine m\u00fcssen Sie nur Kakaobohnen oder Erdn\u00fcsse in die Zuf\u00fchrung geben. Die Maschine erledigt automatisch das Sch\u00e4len und Sieben.<\/p>    <figure class=\"wp-block-embed is-type-video is-provider-youtube wp-block-embed-youtube wp-embed-aspect-16-9 wp-has-aspect-ratio\"><div class=\"wp-block-embed__wrapper\"> <iframe loading=\"lazy\" title=\"Neueste automatische Kakaobohnen-Sch\u00e4lmaschine 2021 \/ Video der Arbeitsweise der Kakaobohnen-Sch\u00e4lmaschine.\" width=\"500\" height=\"281\" src=\"https:\/\/www.youtube.com\/embed\/EsiFnIqnjnA?feature=oembed\" frameborder=\"0\" allow=\"accelerometer; autoplay; clipboard-write; encrypted-media; gyroscope; picture-in-picture; web-share\" referrerpolicy=\"strict-origin-when-cross-origin\" allowfullscreen><\/iframe> <\/div><figcaption class=\"wp-element-caption\">Video der Arbeitsweise der Kakaobohnen-Sch\u00e4lmaschine<\/figcaption><\/figure>    <h2 class=\"wp-block-heading\">Wie wird Schokolade aus Kakaobohnen hergestellt?<\/h2>    <p>Kakaobohnen k\u00f6nnen in f\u00fcnf Schritten zu Schokolade verarbeitet werden.<\/p>    <ol class=\"wp-block-list\"> <li>Schote \u00f6ffnen<\/li>    <li>Fermentation<\/li>    <li>Trocknen (Backen)<\/li>    <li>Sch\u00e4len<\/li>    <li>Mahlen<\/li> <\/ol>    <p class=\"translation-block\">Der <a href=\"https:\/\/www.agriculture-machine.com\/de\/cocoa-pod-breaker-cocoa-pod-splitter-cocoa-pod-opener\/\">Schlitz der Kakaoschote<\/a> wurde bereits erw\u00e4hnt, verwenden Sie einfach den Kakaoschotenbrecher. Fermentation und Trocknung ben\u00f6tigen keine Maschine. Wenn Sie eine Gro\u00dfproduktion haben, k\u00f6nnen Sie eine R\u00f6stmaschine kaufen. Heute m\u00f6chte ich mit Ihnen das Sch\u00e4len von Kakaobohnen teilen. Wie sch\u00e4lt man Kakaobohnen?<\/p>    <h2 class=\"wp-block-heading\">Wie sch\u00e4lt man Kakaobohnen?<\/h2>    <p>Eine Kakaobohnen-Sch\u00e4lmaschine ist eine Maschine, die zum Sch\u00e4len von Kakao ben\u00f6tigt wird. Nach dem Einlegen ger\u00f6steter Kakaobohnen in die Kakaobohnen-Sch\u00e4lmaschine erh\u00e4lt man saubere Kakaobohnen. Die gesch\u00e4lten Kakaobohnen sind sehr n\u00fctzlich, z.B. f\u00fcr die Herstellung von Schokolade, Kakaopulver, Kakaosaft usw. Daher ist die Kakaobohnen-Sch\u00e4lmaschine immer unser meistverkauftes Ger\u00e4t.<\/p>    <h2 class=\"wp-block-heading\">Anwendung der ger\u00f6steten Kakaoschalen-Sch\u00e4lmaschine<\/h2>    <p>Unsere Sch\u00e4lmaschine kann nicht nur Kakaobohnen sch\u00e4len, sondern auch Erdn\u00fcsse, also die rote Haut der Erdn\u00fcsse entfernen.<\/p>    <figure class=\"wp-block-image aligncenter size-full wp-image-10450\"><img loading=\"lazy\" decoding=\"async\" width=\"720\" height=\"540\" src=\"https:\/\/www.agriculture-machine.com\/wp-content\/uploads\/2021\/05\/application-of-cocoa-bean-peeler.jpg\" alt=\"Anwendung des Kakaobohnen-Sch\u00e4lers\" class=\"wp-image-10450\" srcset=\"https:\/\/www.agriculture-machine.com\/wp-content\/uploads\/2021\/05\/application-of-cocoa-bean-peeler.jpg 720w, https:\/\/www.agriculture-machine.com\/wp-content\/uploads\/2021\/05\/application-of-cocoa-bean-peeler-360x270.jpg 360w, https:\/\/www.agriculture-machine.com\/wp-content\/uploads\/2021\/05\/application-of-cocoa-bean-peeler-240x180.jpg 240w\" sizes=\"auto, (max-width: 720px) 100vw, 720px\" \/><figcaption class=\"wp-element-caption\">Anwendung des Kakaobohnen-Sch\u00e4lers<\/figcaption><\/figure>    <h2 class=\"wp-block-heading\">Vorteile der Kakaobohnen-Sch\u00e4lmaschine<\/h2>    <ol class=\"wp-block-list\"> <li>Sch\u00e4lrate \u00fcber 98%<\/li>    <li>Zerdr\u00fccken und Trennen von Kakaoh\u00fclsen und Bohnenkernen 2~3 kg pro Minute<\/li>    <li>Der Betrieb ist einfach, fast keine manuelle Bedienung ist erforderlich.<\/li>    <li>Der Automatisierungsgrad ist hoch, nur die Bediener m\u00fcssen die Materialien in die Maschine einf\u00fcllen, und die Maschine kann automatisch sch\u00e4len, trennen und sieben.<\/li> <\/ol>    <figure class=\"wp-block-gallery has-nested-images columns-2 is-cropped wp-block-gallery-2 is-layout-flex wp-block-gallery-is-layout-flex\"> <figure class=\"wp-block-image size-large\"><a href=\"https:\/\/www.agriculture-machine.com\/wp-content\/uploads\/2021\/05\/cocoa-bean-peeler-working.jpg\"><img loading=\"lazy\" decoding=\"async\" width=\"720\" height=\"540\" data-id=\"10444\" src=\"https:\/\/www.agriculture-machine.com\/wp-content\/uploads\/2021\/05\/cocoa-bean-peeler-working.jpg\" alt=\"Kakaobohnen-Sch\u00e4ler in Betrieb\" class=\"wp-image-10444\" srcset=\"https:\/\/www.agriculture-machine.com\/wp-content\/uploads\/2021\/05\/cocoa-bean-peeler-working.jpg 720w, https:\/\/www.agriculture-machine.com\/wp-content\/uploads\/2021\/05\/cocoa-bean-peeler-working-360x270.jpg 360w, https:\/\/www.agriculture-machine.com\/wp-content\/uploads\/2021\/05\/cocoa-bean-peeler-working-240x180.jpg 240w\" sizes=\"auto, (max-width: 720px) 100vw, 720px\" \/><\/a><figcaption class=\"wp-element-caption\">Kakaobohnen-Sch\u00e4ler in Betrieb<\/figcaption><\/figure>    <figure class=\"wp-block-image size-large\"><a href=\"https:\/\/www.agriculture-machine.com\/wp-content\/uploads\/2021\/05\/woking.jpg\"><img loading=\"lazy\" decoding=\"async\" width=\"720\" height=\"540\" data-id=\"10445\" src=\"https:\/\/www.agriculture-machine.com\/wp-content\/uploads\/2021\/05\/woking.jpg\" alt=\"In Betrieb\" class=\"wp-image-10445\" srcset=\"https:\/\/www.agriculture-machine.com\/wp-content\/uploads\/2021\/05\/woking.jpg 720w, https:\/\/www.agriculture-machine.com\/wp-content\/uploads\/2021\/05\/woking-360x270.jpg 360w, https:\/\/www.agriculture-machine.com\/wp-content\/uploads\/2021\/05\/woking-240x180.jpg 240w\" sizes=\"auto, (max-width: 720px) 100vw, 720px\" \/><\/a><figcaption class=\"wp-element-caption\">In Betrieb<\/figcaption><\/figure> <\/figure>    <h2 class=\"wp-block-heading\">Welche Anforderungen gibt es an Kakaobohnen beim Sch\u00e4len?<\/h2>    <ol class=\"wp-block-list\"> <li>Fermentation ist erforderlich, damit die Fruchtfleisch von den Kakaobohnen getrennt werden kann. Sch\u00e4len Sie die Kakaobohnen nicht direkt nach dem \u00d6ffnen der Schote.<\/li>    <li>Don&#8217;t get moldy. The way to avoid moldy is to dry and reduce the moisture from 70% to 7%.<\/li>    <li>Kakaobohnen m\u00fcssen ger\u00f6stet werden, und w\u00e4hrend des R\u00f6stvorgangs fallen die Schalen allm\u00e4hlich ab. Dies f\u00f6rdert das Sch\u00e4len der Kakaobohnen. W\u00e4hrend des R\u00f6stens nehmen die Kakaobohnen W\u00e4rme auf, wobei sie den nat\u00fcrlichen Geschmack und den w\u00e4hrend der Fermentation erzeugten Geschmack ausbalancieren, die Bitterkeit wird reduziert und das Aroma, das beim R\u00f6sten entsteht, wird aufgenommen.<\/li> <\/ol>    <h2 class=\"wp-block-heading\">Maschinendisplay<\/h2>    <figure class=\"wp-block-gallery has-nested-images columns-2 is-cropped wp-block-gallery-3 is-layout-flex wp-block-gallery-is-layout-flex\"> <figure class=\"wp-block-image size-large\"><a href=\"https:\/\/www.agriculture-machine.com\/wp-content\/uploads\/2021\/05\/cocoa-bean-peeler-1.jpg\"><img loading=\"lazy\" decoding=\"async\" width=\"720\" height=\"540\" data-id=\"10446\" src=\"https:\/\/www.agriculture-machine.com\/wp-content\/uploads\/2021\/05\/cocoa-bean-peeler-1.jpg\" alt=\"Kakaobohnen-Sch\u00e4ler 1\" class=\"wp-image-10446\" srcset=\"https:\/\/www.agriculture-machine.com\/wp-content\/uploads\/2021\/05\/cocoa-bean-peeler-1.jpg 720w, https:\/\/www.agriculture-machine.com\/wp-content\/uploads\/2021\/05\/cocoa-bean-peeler-1-360x270.jpg 360w, https:\/\/www.agriculture-machine.com\/wp-content\/uploads\/2021\/05\/cocoa-bean-peeler-1-240x180.jpg 240w\" sizes=\"auto, (max-width: 720px) 100vw, 720px\" \/><\/a><figcaption class=\"wp-element-caption\">Kakaobohnen-Sch\u00e4ler 1<\/figcaption><\/figure>    <figure class=\"wp-block-image size-large\"><a href=\"https:\/\/www.agriculture-machine.com\/wp-content\/uploads\/2021\/05\/cocoa-bean-peeler-2.jpg\"><img loading=\"lazy\" decoding=\"async\" width=\"720\" height=\"540\" data-id=\"10447\" src=\"https:\/\/www.agriculture-machine.com\/wp-content\/uploads\/2021\/05\/cocoa-bean-peeler-2.jpg\" alt=\"Kakaobohnen-Sch\u00e4ler 2\" class=\"wp-image-10447\" srcset=\"https:\/\/www.agriculture-machine.com\/wp-content\/uploads\/2021\/05\/cocoa-bean-peeler-2.jpg 720w, https:\/\/www.agriculture-machine.com\/wp-content\/uploads\/2021\/05\/cocoa-bean-peeler-2-360x270.jpg 360w, https:\/\/www.agriculture-machine.com\/wp-content\/uploads\/2021\/05\/cocoa-bean-peeler-2-240x180.jpg 240w\" sizes=\"auto, (max-width: 720px) 100vw, 720px\" \/><\/a><figcaption class=\"wp-element-caption\">Kakaobohnen-Sch\u00e4ler 2<\/figcaption><\/figure>    <figure class=\"wp-block-image size-large\"><a href=\"https:\/\/www.agriculture-machine.com\/wp-content\/uploads\/2021\/05\/cocoa-bean-peeler-3.jpg\"><img loading=\"lazy\" decoding=\"async\" width=\"720\" height=\"540\" data-id=\"10448\" src=\"https:\/\/www.agriculture-machine.com\/wp-content\/uploads\/2021\/05\/cocoa-bean-peeler-3.jpg\" alt=\"Kakaobohnen-Sch\u00e4ler 3\" class=\"wp-image-10448\" srcset=\"https:\/\/www.agriculture-machine.com\/wp-content\/uploads\/2021\/05\/cocoa-bean-peeler-3.jpg 720w, https:\/\/www.agriculture-machine.com\/wp-content\/uploads\/2021\/05\/cocoa-bean-peeler-3-360x270.jpg 360w, https:\/\/www.agriculture-machine.com\/wp-content\/uploads\/2021\/05\/cocoa-bean-peeler-3-240x180.jpg 240w\" sizes=\"auto, (max-width: 720px) 100vw, 720px\" \/><\/a><figcaption class=\"wp-element-caption\">Kakaobohnen-Sch\u00e4ler 3<\/figcaption><\/figure>    <figure class=\"wp-block-image size-large\"><a href=\"https:\/\/www.agriculture-machine.com\/wp-content\/uploads\/2021\/05\/cocoa-bean-peeler-4.jpg\"><img loading=\"lazy\" decoding=\"async\" width=\"720\" height=\"540\" data-id=\"10449\" src=\"https:\/\/www.agriculture-machine.com\/wp-content\/uploads\/2021\/05\/cocoa-bean-peeler-4.jpg\" alt=\"Kakaobohnen-Sch\u00e4ler 4\" class=\"wp-image-10449\" srcset=\"https:\/\/www.agriculture-machine.com\/wp-content\/uploads\/2021\/05\/cocoa-bean-peeler-4.jpg 720w, https:\/\/www.agriculture-machine.com\/wp-content\/uploads\/2021\/05\/cocoa-bean-peeler-4-360x270.jpg 360w, https:\/\/www.agriculture-machine.com\/wp-content\/uploads\/2021\/05\/cocoa-bean-peeler-4-240x180.jpg 240w\" sizes=\"auto, (max-width: 720px) 100vw, 720px\" \/><\/a><figcaption class=\"wp-element-caption\">Kakaobohnen-Sch\u00e4ler 4<\/figcaption><\/figure> <\/figure>    <h2 class=\"wp-block-heading\">Technische Parameter<\/h2>    <figure class=\"wp-block-table is-style-stripes\"><table><tbody><tr><td>Kapazit\u00e4t<\/td><td>500-700kg\/h<\/td><\/tr><tr><td>Spannung<\/td><td>220V\/380V\/50HZ<\/td><\/tr><tr><td>Leistung<\/td><td>1,5kw*2<\/td><\/tr><tr><td>Sch\u00e4lrate<\/td><td>98%<\/td><\/tr><tr><td>Gr\u00f6\u00dfe<\/td><td>1900*850*1350<\/td><\/tr><\/tbody><\/table><figcaption class=\"wp-element-caption\">Technische Daten der Kakaobohnen-Sch\u00e4lmaschine<\/figcaption><\/figure>    <h2 class=\"wp-block-heading\">Kontaktieren Sie uns jederzeit<\/h2>    <p>Wir laden alle Kunden herzlich ein, aktiv Beratung einzuholen und mehr \u00fcber Kakaobohnen-Sch\u00e4lmaschinen zu erfahren. Unser professionelles Team ist bereit, Ihnen detaillierte Produktvorstellungen, ma\u00dfgeschneiderte L\u00f6sungen und technischen Support zu bieten, um zu besprechen, wie Sie die Effizienz Ihrer Kakaobohnenverarbeitung verbessern k\u00f6nnen!<\/p>","protected":false},"excerpt":{"rendered":"<p>Dies ist eine Kakaobohnen-Sch\u00e4lmaschine. Die Kakaobohnen m\u00fcssen nach dem \u00d6ffnen der Schote gesch\u00e4lt werden. Die Ausgabe dieser Maschine betr\u00e4gt 500-700 kg\/h.<\/p>","protected":false},"author":1,"featured_media":10443,"parent":0,"comment_status":"closed","ping_status":"closed","template":"","tags":[2612,2613],"product-type":[874],"class_list":["post-10441","product","type-product","status-publish","has-post-thumbnail","hentry","tag-cocoa","tag-peeling","product-type-grains-peeling-machine"],"_links":{"self":[{"href":"https:\/\/www.agriculture-machine.com\/de\/wp-json\/wp\/v2\/product\/10441","targetHints":{"allow":["GET"]}}],"collection":[{"href":"https:\/\/www.agriculture-machine.com\/de\/wp-json\/wp\/v2\/product"}],"about":[{"href":"https:\/\/www.agriculture-machine.com\/de\/wp-json\/wp\/v2\/types\/product"}],"author":[{"embeddable":true,"href":"https:\/\/www.agriculture-machine.com\/de\/wp-json\/wp\/v2\/users\/1"}],"replies":[{"embeddable":true,"href":"https:\/\/www.agriculture-machine.com\/de\/wp-json\/wp\/v2\/comments?post=10441"}],"wp:featuredmedia":[{"embeddable":true,"href":"https:\/\/www.agriculture-machine.com\/de\/wp-json\/wp\/v2\/media\/10443"}],"wp:attachment":[{"href":"https:\/\/www.agriculture-machine.com\/de\/wp-json\/wp\/v2\/media?parent=10441"}],"wp:term":[{"taxonomy":"post_tag","embeddable":true,"href":"https:\/\/www.agriculture-machine.com\/de\/wp-json\/wp\/v2\/tags?post=10441"},{"taxonomy":"product-type","embeddable":true,"href":"https:\/\/www.agriculture-machine.com\/de\/wp-json\/wp\/v2\/product-type?post=10441"}],"curies":[{"name":"wp","href":"https:\/\/api.w.org\/{rel}","templated":true}]}}