{"id":1054,"date":"2018-10-17T10:51:19","date_gmt":"2018-10-17T02:51:19","guid":{"rendered":"https:\/\/www.agriculture-machine.com\/?p=1054"},"modified":"2024-09-18T16:25:26","modified_gmt":"2024-09-18T08:25:26","slug":"rice-destoner-machine","status":"publish","type":"product","link":"https:\/\/www.agriculture-machine.com\/de\/rice-destoner-machine\/","title":{"rendered":"Weizen-Reissortiermaschine | Steinverunreinigungen entfernen Maschine"},"content":{"rendered":"<p class=\"translation-block\"><strong>Reis-Entsteinermaschine <\/strong>wird haupts\u00e4chlich in der Getreideverarbeitungsanlage verwendet, um Steine und andere Verunreinigungen aus Getreide wie Weizen und Reis zu trennen. Seine Kapazit\u00e4t betr\u00e4gt 1 t\/h, und die Maschine ist mit einem 2,2 kW Motor ausgestattet. In den meisten F\u00e4llen enthalten Weizen und Reis einige Steine, die schwer zu entfernen sind, daher l\u00f6st diese Reis-Entsteinungsmaschine dieses Problem mit hoher Effizienz.<\/p> <p><img loading=\"lazy\" decoding=\"async\" class=\"alignnone wp-image-2715\" title=\"Reis-Entsch\u00e4umer\" src=\"https:\/\/www.agriculture-machine.com\/wp-content\/uploads\/2019\/03\/rice-destoner-machine-4-2.jpg\" alt=\"Reis-Entsch\u00e4umer\" width=\"611\" height=\"619\" srcset=\"https:\/\/www.agriculture-machine.com\/wp-content\/uploads\/2019\/03\/rice-destoner-machine-4-2.jpg 750w, https:\/\/www.agriculture-machine.com\/wp-content\/uploads\/2019\/03\/rice-destoner-machine-4-2-266x270.jpg 266w, https:\/\/www.agriculture-machine.com\/wp-content\/uploads\/2019\/03\/rice-destoner-machine-4-2-533x540.jpg 533w\" sizes=\"auto, (max-width: 611px) 100vw, 611px\" \/><\/p> <h2>Technische Parameter von SQ50<\/h2> <table style=\"height: 173px;\" width=\"399\"> <tbody> <tr> <td width=\"346\"><strong><b>Modell<\/b><\/strong><\/td> <td width=\"293\">SQ50<\/td> <\/tr> <tr> <td width=\"346\">Produktivit\u00e4t<\/td> <td width=\"293\">1t\/h<\/td> <\/tr> <tr> <td width=\"346\">Leistung<\/td> <td width=\"293\">2,2kw Motor<\/td> <\/tr> <tr> <td width=\"346\">Abmessung<\/td> <td width=\"293\">900*610*320mm<\/td> <\/tr> <tr> <td width=\"346\">N\uff0eGewicht<\/td> <td width=\"293\">86kg<\/td> <\/tr> <\/tbody> <\/table> <h2>Aufbau der Reis-Entsteinermaschine<\/h2> <p>Unsere Weizensteinentfernungsmaschine besteht haupts\u00e4chlich aus einem gro\u00dfen Steinausgang, einem Verunreinigungs-Ausgang, einem sauberen Reisausgang, einem kleinen Steinausgang und einem Reisspeicher.<\/p> <p><img loading=\"lazy\" decoding=\"async\" class=\"alignnone wp-image-2711\" title=\"Produktdetails\" src=\"https:\/\/www.agriculture-machine.com\/wp-content\/uploads\/2019\/03\/rice-destoner-machine-5-1.jpg\" alt=\"Produktdetails\" width=\"607\" height=\"617\" srcset=\"https:\/\/www.agriculture-machine.com\/wp-content\/uploads\/2019\/03\/rice-destoner-machine-5-1.jpg 750w, https:\/\/www.agriculture-machine.com\/wp-content\/uploads\/2019\/03\/rice-destoner-machine-5-1-266x270.jpg 266w, https:\/\/www.agriculture-machine.com\/wp-content\/uploads\/2019\/03\/rice-destoner-machine-5-1-531x540.jpg 531w\" sizes=\"auto, (max-width: 607px) 100vw, 607px\" \/><\/p> <h2>Das Funktionsprinzip der Reis-Entsteinermaschine<\/h2> <ol> <li>Der Bediener gibt Reis oder Weizen in den Zuf\u00fchrtrichter, wenn die Reis-Entsteinungsmaschine in Nigeria in Betrieb genommen wird.<\/li> <li>2,2 kW Motor treibt Maschine an, daher vibriert der elektrische Bildschirm st\u00e4ndig.<\/li> <li>Der Stein bewegt sich nach oben, w\u00e4hrend Reis oder Weizen in die entgegengesetzte Richtung laufen.<\/li> <li>Nach einigen Minuten verlassen gereinigter Reis, kleine Steine, gro\u00dfe Steine und andere Verunreinigungen die verschiedenen Ausg\u00e4nge.<\/li> <\/ol> <h2>Vorteile der Reis-Entsteinermaschine<\/h2> <ol> <li>Hohe Reinigungsrate. Der Endreis ist sehr sauber und frei von Verunreinigungen.<\/li> <li>Die Maschine ist w\u00e4hrend des Betriebs stabil.<\/li> <li>Hohe Kapazit\u00e4t. Ihre Kapazit\u00e4t betr\u00e4gt 1 t\/h.<\/li> <li>Die Maschine ist einfach zu bedienen, spart Zeit und Energie.<img loading=\"lazy\" decoding=\"async\" class=\"alignnone wp-image-2708\" title=\"Reis\" src=\"https:\/\/www.agriculture-machine.com\/wp-content\/uploads\/2019\/03\/rice-destoner-machine-2-1.jpg\" alt=\"Reis\" width=\"645\" height=\"430\" srcset=\"https:\/\/www.agriculture-machine.com\/wp-content\/uploads\/2019\/03\/rice-destoner-machine-2-1.jpg 750w, https:\/\/www.agriculture-machine.com\/wp-content\/uploads\/2019\/03\/rice-destoner-machine-2-1-360x240.jpg 360w, https:\/\/www.agriculture-machine.com\/wp-content\/uploads\/2019\/03\/rice-destoner-machine-2-1-720x480.jpg 720w\" sizes=\"auto, (max-width: 645px) 100vw, 645px\" \/> <img loading=\"lazy\" decoding=\"async\" class=\"alignnone wp-image-2709\" title=\"Reis\" src=\"https:\/\/www.agriculture-machine.com\/wp-content\/uploads\/2019\/03\/rice-destoner-machine-3-1.jpg\" alt=\"Reis\" width=\"645\" height=\"430\" srcset=\"https:\/\/www.agriculture-machine.com\/wp-content\/uploads\/2019\/03\/rice-destoner-machine-3-1.jpg 750w, https:\/\/www.agriculture-machine.com\/wp-content\/uploads\/2019\/03\/rice-destoner-machine-3-1-360x240.jpg 360w, https:\/\/www.agriculture-machine.com\/wp-content\/uploads\/2019\/03\/rice-destoner-machine-3-1-720x480.jpg 720w\" sizes=\"auto, (max-width: 645px) 100vw, 645px\" \/><\/li> <\/ol> <h2>Die Vorbeugung unserer Maschine<\/h2> <ol> <li>Vor dem Starten der Maschine sollte der Benutzer die Bildschirmoberfl\u00e4che und den Ventilator sorgf\u00e4ltig \u00fcberpr\u00fcfen, ob die Befestigungen locker sind oder nicht, und die Riemenscheibe von Hand drehen. Es kann gestartet werden, wenn kein abnormaler Ton zu h\u00f6ren ist.<\/li> <li>Die Neigung des Bildschirms sollte zwischen 10 \u00b0 und 13 \u00b0 liegen, und eine zu gro\u00dfe Neigung stoppt die Steine beim Aufsteigen. In diesem Fall verringert sich die Geschwindigkeit beim Eintritt in die Auswahlkammer, was die Steinausgabe erschwert.<\/li> <li>Au\u00dferdem bewegt sich der Reis mit h\u00f6herer Geschwindigkeit, was die Unreinheit im Endreis ausl\u00f6st. Daher sollte die Arbeitsneigung innerhalb des geeigneten Bereichs gehalten und entsprechend der Steinmenge im Endreis angepasst werden. Wenn der Reis viele Steine enth\u00e4lt, kann der Neigungswinkel entsprechend reduziert werden.<\/li> <li>Es sollte angemessener Reis im Einlass sein, um zu verhindern, dass der Reis direkt auf die Bildschirmoberfl\u00e4che trifft und den Schwebezustand sowie die Steinentfernung beeintr\u00e4chtigt.<\/li> <li>Die Luftvolumenregulierung der Weizen-Entsteinermaschine basiert auf dem Bewegungszustand des Reises auf dem Bildschirm und der Qualit\u00e4t des Endreises. Wenn der Reis stark vibriert, ist das Luftvolumen zu gro\u00df; wenn der Reis nicht locker und schwebend ist, ist das Luftvolumen zu klein. Dadurch bleiben noch Steine im Endreis, und der D\u00e4mpfer sollte rechtzeitig angepasst werden.<\/li> <li>Die Siebplatte, die Luftverteilungsplatte und die Luftansaugklappe sollten den Luftstrom ungehindert lassen. Wenn das Siebloch verstopft ist, kann es mit einer Drahtb\u00fcrste gereinigt werden.<\/li> <li>Der Bediener sollte immer die Anzahl der Steine im Endreis \u00fcberpr\u00fcfen.<\/li> <li>Die Reissteinentfernungsmaschine sollte regelm\u00e4\u00dfig inspiziert werden, und die Lager sollten regelm\u00e4\u00dfig gereinigt und nachgef\u00fcllt werden. Nach der Inspektion muss ein Leerlauftest durchgef\u00fchrt werden.<\/li> <\/ol> <h2>Ein erfolgreicher Fall der Reis-Entsteinermaschine<\/h2> <p>Unser Kunde aus S\u00fcdafrika hat in diesem Jahr 500 Sets Reis-Entsteinungsmaschinen bei uns bestellt. Wir haben mehrfach mit ihm zusammengearbeitet, und er arbeitet f\u00fcr die lokale Regierung. Daher legen wir gro\u00dfen Wert auf diese Weizen-Entsteinermaschine, um ihn zufrieden zu stellen.<\/p> <p>Wir haben alle Maschinen innerhalb eines Monats fertiggestellt und sorgf\u00e4ltig verpackt, um bei der Lieferung keine Unf\u00e4lle zu riskieren. Bis jetzt hat er die Maschinen erhalten und uns gutes Feedback gegeben.<\/p> <p><img loading=\"lazy\" decoding=\"async\" class=\"alignnone wp-image-2717\" title=\"Versandbild 12\" src=\"https:\/\/www.agriculture-machine.com\/wp-content\/uploads\/2018\/10\/rice-destoner-machine-6.jpg\" alt=\"Versandbild 12\" width=\"645\" height=\"484\" \/><\/p> <p>FAQ<\/p> <ol> <li>Was ist das Rohmaterial der De-Stonings-Maschine?<\/li> <\/ol> <p>Das Rohmaterial ist Reis und Weizen.<\/p> <ol start=\"2\"> <li>Was ist die Reinigungsrate<\/li> <\/ol> <p>Die Reinigungsrate betr\u00e4gt 98 %, was bedeutet, dass die endg\u00fcltigen K\u00f6rner sehr sauber sind.<\/p> <ol start=\"3\"> <li>Warum enth\u00e4lt der endg\u00fcltige Reis wenig Steine?<\/li> <\/ol> <p>Das Windvolumen ist klein und sollte rechtzeitig angepasst werden.<\/p> <p><center><\/center><center><\/center><\/p>","protected":false},"excerpt":{"rendered":"<p>Rice destoner machine\u00a0is mainly used in the grain processing plant, separating the stone and other impurities from crops such as wheat, rice. Its capacity is 1t\/h and machine matches with 2.2kw motor. In most case, wheat and rice contain some stones that are not easy to remove, so this rice destoning machine solves this problem [&hellip;]<\/p>\n","protected":false},"author":1,"featured_media":1059,"parent":0,"comment_status":"closed","ping_status":"closed","template":"","tags":[2621],"product-type":[907],"class_list":["post-1054","product","type-product","status-publish","has-post-thumbnail","hentry","tag-destoner","product-type-paddy-rice-destoner"],"_links":{"self":[{"href":"https:\/\/www.agriculture-machine.com\/de\/wp-json\/wp\/v2\/product\/1054","targetHints":{"allow":["GET"]}}],"collection":[{"href":"https:\/\/www.agriculture-machine.com\/de\/wp-json\/wp\/v2\/product"}],"about":[{"href":"https:\/\/www.agriculture-machine.com\/de\/wp-json\/wp\/v2\/types\/product"}],"author":[{"embeddable":true,"href":"https:\/\/www.agriculture-machine.com\/de\/wp-json\/wp\/v2\/users\/1"}],"replies":[{"embeddable":true,"href":"https:\/\/www.agriculture-machine.com\/de\/wp-json\/wp\/v2\/comments?post=1054"}],"wp:featuredmedia":[{"embeddable":true,"href":"https:\/\/www.agriculture-machine.com\/de\/wp-json\/wp\/v2\/media\/1059"}],"wp:attachment":[{"href":"https:\/\/www.agriculture-machine.com\/de\/wp-json\/wp\/v2\/media?parent=1054"}],"wp:term":[{"taxonomy":"post_tag","embeddable":true,"href":"https:\/\/www.agriculture-machine.com\/de\/wp-json\/wp\/v2\/tags?post=1054"},{"taxonomy":"product-type","embeddable":true,"href":"https:\/\/www.agriculture-machine.com\/de\/wp-json\/wp\/v2\/product-type?post=1054"}],"curies":[{"name":"wp","href":"https:\/\/api.w.org\/{rel}","templated":true}]}}