{"id":10553,"date":"2021-05-26T17:18:38","date_gmt":"2021-05-26T09:18:38","guid":{"rendered":"https:\/\/www.agriculture-machine.com\/?p=10553"},"modified":"2024-09-18T15:49:13","modified_gmt":"2024-09-18T07:49:13","slug":"brick-making-machine-for-sale-block-making-machine","status":"publish","type":"product","link":"https:\/\/www.agriculture-machine.com\/de\/brick-making-machine-for-sale-block-making-machine\/","title":{"rendered":"Ziegelherstellungsmaschine zum Verkauf | Blockherstellungsmaschine"},"content":{"rendered":"<h2 class=\"wp-block-heading\">Was ist die Ziegelherstellungsmaschine?<\/h2>    <p>Wie der Name schon sagt, ist die Ziegelmaschine die mechanische Ausr\u00fcstung zur Ziegelproduktion. Sie verwendet in der Regel Steinpulver, Flugasche, Schlacke, Kies, Sand, Wasser usw. als Rohstoffe zur Herstellung neuer Wandmaterialien, wie autoklavierte Flugasche-Ziegel, autoklavierte Asche-Sand-Ziegel und Porenbetonprodukte.<\/p>    <p>A summary is as follows: the scientific ratio of raw materials&#8212;-add water and stir&#8212;- high-pressure vibration molding&#8212;-short time drying&#8212;&#8211;the finished brick<\/p>    <figure class=\"wp-block-image aligncenter size-full wp-image-10566\"><img loading=\"lazy\" decoding=\"async\" width=\"720\" height=\"540\" src=\"https:\/\/www.agriculture-machine.com\/wp-content\/uploads\/2021\/05\/bloack-making-machine.jpg\" alt=\"Blockherstellungsmaschine\" class=\"wp-image-10566\" srcset=\"https:\/\/www.agriculture-machine.com\/wp-content\/uploads\/2021\/05\/bloack-making-machine.jpg 720w, https:\/\/www.agriculture-machine.com\/wp-content\/uploads\/2021\/05\/bloack-making-machine-360x270.jpg 360w, https:\/\/www.agriculture-machine.com\/wp-content\/uploads\/2021\/05\/bloack-making-machine-240x180.jpg 240w\" sizes=\"auto, (max-width: 720px) 100vw, 720px\" \/><figcaption class=\"wp-element-caption\">Blockherstellungsmaschine<\/figcaption><\/figure>    <h2 class=\"wp-block-heading\">Arten von Ziegeln, die mit der Blockmaschine hergestellt werden<\/h2>    <h3 class=\"wp-block-heading\">Zementziegel<\/h3>    <p>Zusammensetzung von Ziegeln aus Zement<\/p>    <p>Zementziegel ist ein Oberbegriff, einschlie\u00dflich Zement-Standardziegel, Zement-Hohlziegel, Zement-por\u00f6se Ziegel, Zementblockziegel und Zement-Farbziegel usw. Der Herstellungsprozess und Ablauf dieser Ziegel sind gleich. Nat\u00fcrlich gibt es Unterschiede. F\u00fcr die Produktion von Zementziegeln gibt es viele Rohstoffe. Die meisten Rohstoffe in Zementziegelwerken sind Steine, Sand, Flugasche, Schlacke, Bauschutt, Keramik usw. \u00dcbrigens ist Zement, und Zement ist die wichtige Zutat der Zementziegel. Denn die Formgebung der Zementziegel basiert haupts\u00e4chlich auf Zement als Klebstoff.<\/p>    <figure class=\"wp-block-gallery has-nested-images columns-2 is-cropped wp-block-gallery-2 is-layout-flex wp-block-gallery-is-layout-flex\"> <figure class=\"wp-block-image size-large\"><a href=\"https:\/\/www.agriculture-machine.com\/wp-content\/uploads\/2021\/05\/cement-bricks.jpg\"><img loading=\"lazy\" decoding=\"async\" width=\"720\" height=\"540\" data-id=\"10556\" src=\"https:\/\/www.agriculture-machine.com\/wp-content\/uploads\/2021\/05\/cement-bricks.jpg\" alt=\"Zement-Ziegel\" class=\"wp-image-10556\" srcset=\"https:\/\/www.agriculture-machine.com\/wp-content\/uploads\/2021\/05\/cement-bricks.jpg 720w, https:\/\/www.agriculture-machine.com\/wp-content\/uploads\/2021\/05\/cement-bricks-360x270.jpg 360w, https:\/\/www.agriculture-machine.com\/wp-content\/uploads\/2021\/05\/cement-bricks-240x180.jpg 240w\" sizes=\"auto, (max-width: 720px) 100vw, 720px\" \/><\/a><figcaption class=\"wp-element-caption\">Zement-Ziegel<\/figcaption><\/figure>    <figure class=\"wp-block-image size-large\"><a href=\"https:\/\/www.agriculture-machine.com\/wp-content\/uploads\/2021\/05\/cement-brick.jpg\"><img loading=\"lazy\" decoding=\"async\" width=\"720\" height=\"540\" data-id=\"10555\" src=\"https:\/\/www.agriculture-machine.com\/wp-content\/uploads\/2021\/05\/cement-brick.jpg\" alt=\"Zement-Ziegel\" class=\"wp-image-10555\" srcset=\"https:\/\/www.agriculture-machine.com\/wp-content\/uploads\/2021\/05\/cement-brick.jpg 720w, https:\/\/www.agriculture-machine.com\/wp-content\/uploads\/2021\/05\/cement-brick-360x270.jpg 360w, https:\/\/www.agriculture-machine.com\/wp-content\/uploads\/2021\/05\/cement-brick-240x180.jpg 240w\" sizes=\"auto, (max-width: 720px) 100vw, 720px\" \/><\/a><figcaption class=\"wp-element-caption\">Zement-Ziegel<\/figcaption><\/figure> <\/figure>    <h3 class=\"wp-block-heading\">Ton-Ziegel<\/h3>    <p>Zusammensetzung von Ziegeln aus Ton<\/p>    <p>Tonziegel werden aus Ton als Hauptrohstoff hergestellt, der zu Plastizit\u00e4t gest\u00f6rt und durch mechanische Extrusion geformt wird. Die extrudierten Bodenbl\u00f6cke werden als gr\u00fcne Ziegel bezeichnet, die nach Lufttrocknung in den Ofen geschickt werden, wo sie bei hoher Temperatur von 900-1000\u00b0C calciniert werden, um Ziegel zu werden. Es gibt gew\u00f6hnliche Tonziegel, Mehrklinker-Tonziegel, Rohstoff-Tonziegel und Hochsilikat-Tonziegel. Sie zeichnen sich durch gute Hochtemperaturbest\u00e4ndigkeit und gute W\u00e4rme- und Sto\u00dffestigkeit aus.<\/p>    <figure class=\"wp-block-gallery has-nested-images columns-2 is-cropped wp-block-gallery-3 is-layout-flex wp-block-gallery-is-layout-flex\"> <figure class=\"wp-block-image size-large\"><a href=\"https:\/\/www.agriculture-machine.com\/wp-content\/uploads\/2021\/05\/clay-brick.jpg\"><img loading=\"lazy\" decoding=\"async\" width=\"720\" height=\"540\" data-id=\"10557\" src=\"https:\/\/www.agriculture-machine.com\/wp-content\/uploads\/2021\/05\/clay-brick.jpg\" alt=\"Ton-Ziegel\" class=\"wp-image-10557\" srcset=\"https:\/\/www.agriculture-machine.com\/wp-content\/uploads\/2021\/05\/clay-brick.jpg 720w, https:\/\/www.agriculture-machine.com\/wp-content\/uploads\/2021\/05\/clay-brick-360x270.jpg 360w, https:\/\/www.agriculture-machine.com\/wp-content\/uploads\/2021\/05\/clay-brick-240x180.jpg 240w\" sizes=\"auto, (max-width: 720px) 100vw, 720px\" \/><\/a><figcaption class=\"wp-element-caption\">Ton-Ziegel<\/figcaption><\/figure>    <figure class=\"wp-block-image size-large\"><a href=\"https:\/\/www.agriculture-machine.com\/wp-content\/uploads\/2021\/05\/clay-bricks.jpg\"><img loading=\"lazy\" decoding=\"async\" width=\"720\" height=\"540\" data-id=\"10558\" src=\"https:\/\/www.agriculture-machine.com\/wp-content\/uploads\/2021\/05\/clay-bricks.jpg\" alt=\"Ton-Ziegel\" class=\"wp-image-10558\" srcset=\"https:\/\/www.agriculture-machine.com\/wp-content\/uploads\/2021\/05\/clay-bricks.jpg 720w, https:\/\/www.agriculture-machine.com\/wp-content\/uploads\/2021\/05\/clay-bricks-360x270.jpg 360w, https:\/\/www.agriculture-machine.com\/wp-content\/uploads\/2021\/05\/clay-bricks-240x180.jpg 240w\" sizes=\"auto, (max-width: 720px) 100vw, 720px\" \/><\/a><figcaption class=\"wp-element-caption\">Ton-Ziegel<\/figcaption><\/figure> <\/figure>    <h2 class=\"wp-block-heading\">Die Leistung der Ziegelmaschine<\/h2>    <p>Unsere Ziegelformmaschine ist in elektrischen und dieselbetriebenen Modellen erh\u00e4ltlich. Sie k\u00f6nnen den Antriebsmodus der Ziegelmaschine entsprechend Ihrer Stromversorgung w\u00e4hlen. Die automatische Ziegelmaschine ist mit einem 7,5W-Motor ausgestattet. Die maximale Leistung unserer manuellen Ziegelmaschine betr\u00e4gt bis zu 7W, und sie kann auch mit einem 8-PS-Dieselmotor ausgestattet werden.<\/p>    <figure class=\"wp-block-gallery has-nested-images columns-2 is-cropped wp-block-gallery-4 is-layout-flex wp-block-gallery-is-layout-flex\"> <figure class=\"wp-block-image size-large\"><a href=\"https:\/\/www.agriculture-machine.com\/wp-content\/uploads\/2021\/05\/Diesel-engine-brick-machine.jpg\"><img loading=\"lazy\" decoding=\"async\" width=\"720\" height=\"540\" data-id=\"10559\" src=\"https:\/\/www.agriculture-machine.com\/wp-content\/uploads\/2021\/05\/Diesel-engine-brick-machine.jpg\" alt=\"Dieselmotor-Ziegelmaschine\" class=\"wp-image-10559\" srcset=\"https:\/\/www.agriculture-machine.com\/wp-content\/uploads\/2021\/05\/Diesel-engine-brick-machine.jpg 720w, https:\/\/www.agriculture-machine.com\/wp-content\/uploads\/2021\/05\/Diesel-engine-brick-machine-360x270.jpg 360w, https:\/\/www.agriculture-machine.com\/wp-content\/uploads\/2021\/05\/Diesel-engine-brick-machine-240x180.jpg 240w\" sizes=\"auto, (max-width: 720px) 100vw, 720px\" \/><\/a><figcaption class=\"wp-element-caption\">Dieselmotor-Ziegelmaschine<\/figcaption><\/figure>    <figure class=\"wp-block-image size-large\"><a href=\"https:\/\/www.agriculture-machine.com\/wp-content\/uploads\/2021\/05\/Motor-type-brick-machine.jpg\"><img loading=\"lazy\" decoding=\"async\" width=\"720\" height=\"540\" data-id=\"10560\" src=\"https:\/\/www.agriculture-machine.com\/wp-content\/uploads\/2021\/05\/Motor-type-brick-machine.jpg\" alt=\"Motor-Typ-Ziegelmaschine\" class=\"wp-image-10560\" srcset=\"https:\/\/www.agriculture-machine.com\/wp-content\/uploads\/2021\/05\/Motor-type-brick-machine.jpg 720w, https:\/\/www.agriculture-machine.com\/wp-content\/uploads\/2021\/05\/Motor-type-brick-machine-360x270.jpg 360w, https:\/\/www.agriculture-machine.com\/wp-content\/uploads\/2021\/05\/Motor-type-brick-machine-240x180.jpg 240w\" sizes=\"auto, (max-width: 720px) 100vw, 720px\" \/><\/a><figcaption class=\"wp-element-caption\">Motor-Typ-Ziegelmaschine<\/figcaption><\/figure> <\/figure>    <h2 class=\"wp-block-heading\">Arten unserer Blockmaschine<\/h2>    <p>Wir haben automatische und manuelle Blockmaschinen. Die manuelle Blockmaschine hat viele Modelle zur Auswahl. Beide Ziegelmaschinenarten k\u00f6nnen Zement- und Tonziegel herstellen.<\/p>    <figure class=\"wp-block-gallery has-nested-images columns-2 is-cropped wp-block-gallery-5 is-layout-flex wp-block-gallery-is-layout-flex\"> <figure class=\"wp-block-image size-large\"><a href=\"https:\/\/www.agriculture-machine.com\/wp-content\/uploads\/2021\/05\/DF2-45-small-brick-making-machine.jpg\"><img loading=\"lazy\" decoding=\"async\" width=\"600\" height=\"540\" data-id=\"10586\" src=\"https:\/\/www.agriculture-machine.com\/wp-content\/uploads\/2021\/05\/DF2-45-small-brick-making-machine-600x540.jpg\" alt=\"DF2-45 kleine Ziegelmaschine\" class=\"wp-image-10586\" srcset=\"https:\/\/www.agriculture-machine.com\/wp-content\/uploads\/2021\/05\/DF2-45-small-brick-making-machine-600x540.jpg 600w, https:\/\/www.agriculture-machine.com\/wp-content\/uploads\/2021\/05\/DF2-45-small-brick-making-machine-300x270.jpg 300w, https:\/\/www.agriculture-machine.com\/wp-content\/uploads\/2021\/05\/DF2-45-small-brick-making-machine.jpg 692w\" sizes=\"auto, (max-width: 600px) 100vw, 600px\" \/><\/a><figcaption class=\"wp-element-caption\">DF2-45 kleine Ziegelmaschine<\/figcaption><\/figure>    <figure class=\"wp-block-image size-large\"><a href=\"https:\/\/www.agriculture-machine.com\/wp-content\/uploads\/2021\/05\/DF3-45small-brick-making-machine.jpg\"><img loading=\"lazy\" decoding=\"async\" width=\"600\" height=\"540\" data-id=\"10587\" src=\"https:\/\/www.agriculture-machine.com\/wp-content\/uploads\/2021\/05\/DF3-45small-brick-making-machine-600x540.jpg\" alt=\"DF3-45 kleine Ziegelmaschine\" class=\"wp-image-10587\" srcset=\"https:\/\/www.agriculture-machine.com\/wp-content\/uploads\/2021\/05\/DF3-45small-brick-making-machine-600x540.jpg 600w, https:\/\/www.agriculture-machine.com\/wp-content\/uploads\/2021\/05\/DF3-45small-brick-making-machine-300x270.jpg 300w, https:\/\/www.agriculture-machine.com\/wp-content\/uploads\/2021\/05\/DF3-45small-brick-making-machine.jpg 692w\" sizes=\"auto, (max-width: 600px) 100vw, 600px\" \/><\/a><figcaption class=\"wp-element-caption\">DF3-45 kleine Ziegelmaschine<\/figcaption><\/figure>    <figure class=\"wp-block-image size-large\"><a href=\"https:\/\/www.agriculture-machine.com\/wp-content\/uploads\/2021\/05\/DF-diesel-block-making-machine.jpg\"><img loading=\"lazy\" decoding=\"async\" width=\"600\" height=\"540\" data-id=\"10589\" src=\"https:\/\/www.agriculture-machine.com\/wp-content\/uploads\/2021\/05\/DF-diesel-block-making-machine-600x540.jpg\" alt=\"DF-Diesel-Blockformmaschine\" class=\"wp-image-10589\" srcset=\"https:\/\/www.agriculture-machine.com\/wp-content\/uploads\/2021\/05\/DF-diesel-block-making-machine-600x540.jpg 600w, https:\/\/www.agriculture-machine.com\/wp-content\/uploads\/2021\/05\/DF-diesel-block-making-machine-300x270.jpg 300w, https:\/\/www.agriculture-machine.com\/wp-content\/uploads\/2021\/05\/DF-diesel-block-making-machine.jpg 692w\" sizes=\"auto, (max-width: 600px) 100vw, 600px\" \/><\/a><figcaption class=\"wp-element-caption\">DF-Diesel-Blockformmaschine<\/figcaption><\/figure>    <figure class=\"wp-block-image size-large\"><a href=\"https:\/\/www.agriculture-machine.com\/wp-content\/uploads\/2021\/05\/DF4-35A-block-molding-machine.jpg\"><img loading=\"lazy\" decoding=\"async\" width=\"600\" height=\"540\" data-id=\"10588\" src=\"https:\/\/www.agriculture-machine.com\/wp-content\/uploads\/2021\/05\/DF4-35A-block-molding-machine-600x540.jpg\" alt=\"DF4-35A Blockformmaschine\" class=\"wp-image-10588\" srcset=\"https:\/\/www.agriculture-machine.com\/wp-content\/uploads\/2021\/05\/DF4-35A-block-molding-machine-600x540.jpg 600w, https:\/\/www.agriculture-machine.com\/wp-content\/uploads\/2021\/05\/DF4-35A-block-molding-machine-300x270.jpg 300w, https:\/\/www.agriculture-machine.com\/wp-content\/uploads\/2021\/05\/DF4-35A-block-molding-machine.jpg 692w\" sizes=\"auto, (max-width: 600px) 100vw, 600px\" \/><\/a><figcaption class=\"wp-element-caption\">DF4-35A Blockformmaschine<\/figcaption><\/figure> <\/figure>    <h2 class=\"wp-block-heading\">Was ist der Herstellungsprozess von Ziegeln?<\/h2>    <p>Alle Rohstoffe\u2014Mischen\u2014Formen\u2014Trocknen\u2014(Ofenbrennen)\u2014Fertiges Produkt<\/p>    <h3 class=\"wp-block-heading\">Rohstoffe ausw\u00e4hlen<\/h3>    <p>Vielleicht haben Sie alle oben genannten Rohstoffe. Dann ist es noch reicher und g\u00fcnstiger. Die Wahl reicher Materialien und g\u00fcnstiger Preise spart einen gro\u00dfen Teil der Kosten.<\/p>    <h3 class=\"wp-block-heading\">Materialien mischen<\/h3>    <p>Nach der Auswahl der Rohstoffe, eine bestimmte Menge Zement und Wasser hinzuf\u00fcgen und die Materialien mischen. L\u00e4ngeres Mischen sorgt f\u00fcr eine gleichm\u00e4\u00dfige Durchmischung. Die Festigkeit bei Trockenvorgang nach 20 Minuten ist 15-23% h\u00f6her als nach 10 Minuten. Das nasse Mischen ist gut, wenn das Material nicht verklumpt. Die Lagerzeit des gemischten Materials betr\u00e4gt etwa 2 Stunden. Ist die Zeit zu lang oder zu kurz, verringert sich die Druckfestigkeit des Ziegels.<\/p>    <h3 class=\"wp-block-heading\">Formen<\/h3>    <p>Der Druck beim Formen des Zement-Ton-Ziegels sollte vorzugsweise 500 kg pro Quadratzentimeter betragen. Unter diesem Druck haben die Produkte eine hohe Druckfestigkeit und gute Wasserbest\u00e4ndigkeit. Der Druck ist zu niedrig, um leicht verdichtet zu werden.<\/p>    <h3 class=\"wp-block-heading\">Aush\u00e4rtungsbedingungen<\/h3>    <p>Ton-Zement-Ziegel werden in der Regel durch Solarenergie gesch\u00fctzt. Die nat\u00fcrliche Aush\u00e4rtung f\u00fcr 7 Tage entspricht 67 bis 90% der Festigkeit nach 28 Tagen. Daher k\u00f6nnen bei kleinem Aush\u00e4rtungsplatz die Ton-Zement-Ziegel nach 7 Tagen nat\u00fcrlicher Aush\u00e4rtung das Werk verlassen.<\/p>    <h2 class=\"wp-block-heading\">Welche Arten von Ziegeln gibt es?<\/h2>    <p>Die aktuellen Ziegelarten umfassen leichte Betonausgleichs-Hohlbl\u00f6cke, gebrannte gew\u00f6hnliche Ziegel, gebrannte por\u00f6se Ziegel, autoklavierte Sand-Zement-Ziegel, Flugasche-Ziegel, kleine Betonhaushohlbl\u00f6cke, Hohlziegel und autoklavierte Porenbetonbl\u00f6cke. Alle oben genannten Ziegelarten k\u00f6nnen mit unserer Ziegelmaschine hergestellt werden.<\/p>    <figure class=\"wp-block-image aligncenter size-full wp-image-10564\"><img loading=\"lazy\" decoding=\"async\" width=\"720\" height=\"540\" src=\"https:\/\/www.agriculture-machine.com\/wp-content\/uploads\/2021\/05\/types-of-brick.jpg\" alt=\"Arten von Ziegeln\" class=\"wp-image-10564\" srcset=\"https:\/\/www.agriculture-machine.com\/wp-content\/uploads\/2021\/05\/types-of-brick.jpg 720w, https:\/\/www.agriculture-machine.com\/wp-content\/uploads\/2021\/05\/types-of-brick-360x270.jpg 360w, https:\/\/www.agriculture-machine.com\/wp-content\/uploads\/2021\/05\/types-of-brick-240x180.jpg 240w\" sizes=\"auto, (max-width: 720px) 100vw, 720px\" \/><figcaption class=\"wp-element-caption\">Arten von Ziegeln<\/figcaption><\/figure>    <h2 class=\"wp-block-heading\">Passende Ausr\u00fcstung mit Ziegelmaschine<\/h2>    <h3 class=\"wp-block-heading\">Kleiner Mischer<\/h3>    <p>Kaufen Sie unsere Ziegelmaschine, k\u00f6nnen Sie auch einen kleinen Mischer ausstatten. Denn Ziegel erfordern immer eine gro\u00dfe Menge an Rohstoffen zum Mischen. Die Mischwirkung der Maschine ist gleichm\u00e4\u00dfiger als manuelles Mischen, sodass die Ziegel gleichm\u00e4\u00dfig in der Farbe und von hoher Qualit\u00e4t sind. Es wird zu einem guten Preis verkauft.<\/p>    <h2 class=\"wp-block-heading\">Was ist der Preis der Ziegelherstellungsmaschine?<\/h2>    <p>Wie oben erw\u00e4hnt, haben wir viele Arten von Ziegelmaschinen. Die beliebteste ist die manuelle Blockmaschine. Sie ist einfach zu bedienen und hat eine hohe Effizienz, sie kann 8000-10000 Ziegel in einer Stunde produzieren. Kontaktieren Sie uns, wenn Sie die Ziegelmaschine ben\u00f6tigen. Wir werden Ihnen eine pr\u00e4zise Ziegelmaschine vorstellen.<\/p>    <figure class=\"wp-block-image aligncenter size-full wp-image-10561\"><img loading=\"lazy\" decoding=\"async\" width=\"720\" height=\"540\" src=\"https:\/\/www.agriculture-machine.com\/wp-content\/uploads\/2021\/05\/block-making-machine.jpg\" alt=\"Blockherstellungsmaschine\" class=\"wp-image-10561\" srcset=\"https:\/\/www.agriculture-machine.com\/wp-content\/uploads\/2021\/05\/block-making-machine.jpg 720w, https:\/\/www.agriculture-machine.com\/wp-content\/uploads\/2021\/05\/block-making-machine-360x270.jpg 360w, https:\/\/www.agriculture-machine.com\/wp-content\/uploads\/2021\/05\/block-making-machine-240x180.jpg 240w\" sizes=\"auto, (max-width: 720px) 100vw, 720px\" \/><figcaption class=\"wp-element-caption\">Blockherstellungsmaschine<\/figcaption><\/figure>    <h2 class=\"wp-block-heading\">Technische Parameter<\/h2>    <figure class=\"wp-block-table\"><table><tbody><tr><td>Modell<\/td><td>DF2-45<\/td><td>DF3-45<\/td><td>DF-Diesel<\/td><td>DF4-35A<\/td><\/tr><tr><td>Mit Leistung ausgestattet<\/td><td>1,1 kW<\/td><td>1,1 kW<\/td><td>8P<\/td><td>4.8kw<\/td><\/tr><tr><td>Formzeit<\/td><td>45s<\/td><td>45s<\/td><td>45s<\/td><td>35s<\/td><\/tr><tr><td rowspan=\"2\">Ziegelherstellungsgeschwindigkeit<\/td><td>3600 St\u00fcck  240*53*110mm (Standardziegel)<\/td><td>8000 St\u00fcck  240*53*115mm (Standardziegel)<\/td><td>3600 St\u00fcck  240*53*110mm (Standardziegel)<\/td><td>15000 St\u00fcck  240*53*110mm (Standardziegel)<\/td><\/tr><tr><td>600 St\u00fcck  390*190*190mm (Hohlziegel)<\/td><td>1000 St\u00fcck  390*190*190mm (Hohlziegel)<\/td><td>600 St\u00fcck  390*190*190mm (Hohlziegel)<\/td><td>2400 St\u00fcck  390*190*190mm (Hohlziegel)<\/td><\/tr><tr><td>Maschinengr\u00f6\u00dfe<\/td><td>900*700*1100mm<\/td><td>1100*1050*1300mm<\/td><td>1900*1000*1550mm<\/td><td>1250*1350*15500mm<\/td><\/tr><tr><td>Maschinengewicht<\/td><td>200kg<\/td><td>300kg<\/td><td>250kg<\/td><td>750kg<\/td><\/tr><tr><td>Anzahl der Bediener<\/td><td>1-2<\/td><td>1-2<\/td><td>1-2<\/td><td>1-2<\/td><\/tr><\/tbody><\/table><figcaption class=\"wp-element-caption\">Technische Daten der Ziegelpressmaschine<\/figcaption><\/figure>    <p>Wenn Sie an unseren Maschinen interessiert sind, kontaktieren Sie uns jederzeit. Wir bieten Ihnen detailliertere Informationen und Angebote. Wir freuen uns auf die Zusammenarbeit.<\/p>","protected":false},"excerpt":{"rendered":"<p>Dies zeigt viele Arten von Ziegelmaschinen. Au\u00dferdem zeigt es die Arten von Ziegeln, den Herstellungsprozess von Ziegeln. Erhalten Sie weitere Details zur Ziegelmaschine.<\/p>","protected":false},"author":1,"featured_media":10567,"parent":0,"comment_status":"closed","ping_status":"closed","template":"","tags":[2608],"product-type":[1],"class_list":["post-10553","product","type-product","status-publish","has-post-thumbnail","hentry","tag-brick","product-type-other"],"_links":{"self":[{"href":"https:\/\/www.agriculture-machine.com\/de\/wp-json\/wp\/v2\/product\/10553","targetHints":{"allow":["GET"]}}],"collection":[{"href":"https:\/\/www.agriculture-machine.com\/de\/wp-json\/wp\/v2\/product"}],"about":[{"href":"https:\/\/www.agriculture-machine.com\/de\/wp-json\/wp\/v2\/types\/product"}],"author":[{"embeddable":true,"href":"https:\/\/www.agriculture-machine.com\/de\/wp-json\/wp\/v2\/users\/1"}],"replies":[{"embeddable":true,"href":"https:\/\/www.agriculture-machine.com\/de\/wp-json\/wp\/v2\/comments?post=10553"}],"wp:featuredmedia":[{"embeddable":true,"href":"https:\/\/www.agriculture-machine.com\/de\/wp-json\/wp\/v2\/media\/10567"}],"wp:attachment":[{"href":"https:\/\/www.agriculture-machine.com\/de\/wp-json\/wp\/v2\/media?parent=10553"}],"wp:term":[{"taxonomy":"post_tag","embeddable":true,"href":"https:\/\/www.agriculture-machine.com\/de\/wp-json\/wp\/v2\/tags?post=10553"},{"taxonomy":"product-type","embeddable":true,"href":"https:\/\/www.agriculture-machine.com\/de\/wp-json\/wp\/v2\/product-type?post=10553"}],"curies":[{"name":"wp","href":"https:\/\/api.w.org\/{rel}","templated":true}]}}