{"id":10611,"date":"2021-06-04T15:46:59","date_gmt":"2021-06-04T07:46:59","guid":{"rendered":"https:\/\/www.agriculture-machine.com\/?p=10611"},"modified":"2024-10-24T14:11:33","modified_gmt":"2024-10-24T06:11:33","slug":"small-rice-destoner-blowing-gravity-destoner-machine","status":"publish","type":"product","link":"https:\/\/www.agriculture-machine.com\/de\/small-rice-destoner-blowing-gravity-destoner-machine\/","title":{"rendered":"Kleiner Reissortierer | Blas-Gravity-Destoner Maschine"},"content":{"rendered":"<p class=\"translation-block\">Dies ist ein kleines Reisdestoner-Ger\u00e4t. Sein Arbeitsprinzip besteht darin, unterschiedliche Gravit\u00e4t zu verwenden und dann die Verunreinigungen mit einem Ventilator auszublasen, daher wird dieses Ger\u00e4t auch Blas-Luft-Reistdestoner genannt. Im Vergleich zu <a href=\"https:\/\/www.agriculture-machine.com\/de\/rice-destoner-machine\/\">anderen Steinenentfernungsmaschinen<\/a> hat dieses Ger\u00e4t eine kleine Struktur und ist sehr benutzerfreundlich.<\/p>    <h2 class=\"wp-block-heading\">G\u00fcnstiges und kleines Modell-Reisdestoner-Testen f\u00fcr den Kunden<\/h2>    <figure class=\"wp-block-embed aligncenter is-type-video is-provider-youtube wp-block-embed-youtube wp-embed-aspect-16-9 wp-has-aspect-ratio\"><div class=\"wp-block-embed__wrapper\"> <iframe loading=\"lazy\" title=\"neueste Reisdestoner-Maschine | Mini-De-Stone-Maschine mit Kapazit\u00e4t 400-2000 kg\/h\" width=\"500\" height=\"281\" src=\"https:\/\/www.youtube.com\/embed\/dK00e-AiYC8?feature=oembed\" frameborder=\"0\" allow=\"accelerometer; autoplay; clipboard-write; encrypted-media; gyroscope; picture-in-picture; web-share\" referrerpolicy=\"strict-origin-when-cross-origin\" allowfullscreen><\/iframe> <\/div><figcaption class=\"wp-element-caption\">kleiner Reisdestoner Betriebsvideo<\/figcaption><\/figure>    <h2 class=\"wp-block-heading\">Funktionen des Destoner-Ger\u00e4ts<\/h2>    <p>Die Funktion des Destone-Ger\u00e4ts besteht darin, Verunreinigungen, Staub, Steine und andere Verunreinigungen aus dem Getreide zu entfernen. Wir r\u00fcsten Modelle von Entsteinungsmaschinen weiterhin auf, und derzeit haben wir vier verschiedene Reisteine-Entfernungsmaschinen. <\/p>    <p>Die Leistung reicht von 400-2000 kg\/h, und die Funktionen werden st\u00e4ndig weiterentwickelt. Es kann nicht nur Reis, sondern auch alle Arten von Getreide verarbeiten, um Verunreinigungen zu entfernen. Wie Gr\u00fcnkorn, Weizen, Reis, Sojabohnen, gr\u00fcne Bohnen usw.<\/p>    <figure class=\"wp-block-image aligncenter size-full wp-image-10613\"><img loading=\"lazy\" decoding=\"async\" width=\"720\" height=\"420\" src=\"https:\/\/www.agriculture-machine.com\/wp-content\/uploads\/2021\/06\/remove-impurities-in-millet-wheat-rice-soybeans-mung-beans.jpg\" alt=\"Verunreinigungen in Hirse, Weizen, Reis, Sojabohnen, gr\u00fcne Bohnen entfernen\" class=\"wp-image-10613\" srcset=\"https:\/\/www.agriculture-machine.com\/wp-content\/uploads\/2021\/06\/remove-impurities-in-millet-wheat-rice-soybeans-mung-beans.jpg 720w, https:\/\/www.agriculture-machine.com\/wp-content\/uploads\/2021\/06\/remove-impurities-in-millet-wheat-rice-soybeans-mung-beans-360x210.jpg 360w\" sizes=\"auto, (max-width: 720px) 100vw, 720px\" \/><figcaption class=\"wp-element-caption\">Reinigt Verunreinigungen in Hirse, Weizen, Reis, Sojabohnen, gr\u00fcnnen Bohnen und so weiter.<\/figcaption><\/figure>    <h2 class=\"wp-block-heading\">Strukturansicht<\/h2>    <p>Dieses kleine Reisdestoner-Ger\u00e4t wird von einem Motor angetrieben. Es besteht aus einem F\u00f6rdereingang, einem F\u00f6rdereingang, einem Verunreinigungsabwurf, einem Ventilator, einem Schalter usw.<\/p>    <figure class=\"wp-block-gallery has-nested-images columns-2 is-cropped wp-block-gallery-2 is-layout-flex wp-block-gallery-is-layout-flex\"> <figure class=\"wp-block-image size-large\"><a href=\"https:\/\/www.agriculture-machine.com\/wp-content\/uploads\/2021\/06\/Small-rice-destoner-structure-2.jpg\"><img loading=\"lazy\" decoding=\"async\" width=\"720\" height=\"540\" data-id=\"10615\" src=\"https:\/\/www.agriculture-machine.com\/wp-content\/uploads\/2021\/06\/Small-rice-destoner-structure-2.jpg\" alt=\"Kleine Reisdestoner-Struktur 2\" class=\"wp-image-10615\" srcset=\"https:\/\/www.agriculture-machine.com\/wp-content\/uploads\/2021\/06\/Small-rice-destoner-structure-2.jpg 720w, https:\/\/www.agriculture-machine.com\/wp-content\/uploads\/2021\/06\/Small-rice-destoner-structure-2-360x270.jpg 360w, https:\/\/www.agriculture-machine.com\/wp-content\/uploads\/2021\/06\/Small-rice-destoner-structure-2-240x180.jpg 240w\" sizes=\"auto, (max-width: 720px) 100vw, 720px\" \/><\/a><\/figure>    <figure class=\"wp-block-image size-large\"><a href=\"https:\/\/www.agriculture-machine.com\/wp-content\/uploads\/2021\/06\/Small-rice-destoner-structure-1.jpg\"><img loading=\"lazy\" decoding=\"async\" width=\"720\" height=\"540\" data-id=\"10614\" src=\"https:\/\/www.agriculture-machine.com\/wp-content\/uploads\/2021\/06\/Small-rice-destoner-structure-1.jpg\" alt=\"Kleine Reisdestoner-Struktur 1\" class=\"wp-image-10614\" srcset=\"https:\/\/www.agriculture-machine.com\/wp-content\/uploads\/2021\/06\/Small-rice-destoner-structure-1.jpg 720w, https:\/\/www.agriculture-machine.com\/wp-content\/uploads\/2021\/06\/Small-rice-destoner-structure-1-360x270.jpg 360w, https:\/\/www.agriculture-machine.com\/wp-content\/uploads\/2021\/06\/Small-rice-destoner-structure-1-240x180.jpg 240w\" sizes=\"auto, (max-width: 720px) 100vw, 720px\" \/><\/a><\/figure> <\/figure>    <h2 class=\"wp-block-heading\">Details des Mini-Reisdestoners<\/h2>    <figure class=\"wp-block-gallery has-nested-images columns-2 is-cropped wp-block-gallery-3 is-layout-flex wp-block-gallery-is-layout-flex\"> <figure class=\"wp-block-image size-large\"><a href=\"https:\/\/www.agriculture-machine.com\/wp-content\/uploads\/2021\/06\/stainless-steel.jpg\"><img loading=\"lazy\" decoding=\"async\" width=\"450\" height=\"278\" data-id=\"10619\" src=\"https:\/\/www.agriculture-machine.com\/wp-content\/uploads\/2021\/06\/stainless-steel.jpg\" alt=\"Edelstahl-Einlass\" class=\"wp-image-10619\" srcset=\"https:\/\/www.agriculture-machine.com\/wp-content\/uploads\/2021\/06\/stainless-steel.jpg 450w, https:\/\/www.agriculture-machine.com\/wp-content\/uploads\/2021\/06\/stainless-steel-360x222.jpg 360w\" sizes=\"auto, (max-width: 450px) 100vw, 450px\" \/><\/a><\/figure>    <figure class=\"wp-block-image size-large\"><a href=\"https:\/\/www.agriculture-machine.com\/wp-content\/uploads\/2021\/06\/inlet.jpg\"><img loading=\"lazy\" decoding=\"async\" width=\"450\" height=\"278\" data-id=\"10617\" src=\"https:\/\/www.agriculture-machine.com\/wp-content\/uploads\/2021\/06\/inlet.jpg\" alt=\"F\u00f6rderkettenrolle\" class=\"wp-image-10617\" srcset=\"https:\/\/www.agriculture-machine.com\/wp-content\/uploads\/2021\/06\/inlet.jpg 450w, https:\/\/www.agriculture-machine.com\/wp-content\/uploads\/2021\/06\/inlet-360x222.jpg 360w\" sizes=\"auto, (max-width: 450px) 100vw, 450px\" \/><\/a><\/figure>    <figure class=\"wp-block-image size-large\"><a href=\"https:\/\/www.agriculture-machine.com\/wp-content\/uploads\/2021\/06\/stainless-steel-discharge-hopper.jpg\"><img loading=\"lazy\" decoding=\"async\" width=\"450\" height=\"278\" data-id=\"10618\" src=\"https:\/\/www.agriculture-machine.com\/wp-content\/uploads\/2021\/06\/stainless-steel-discharge-hopper.jpg\" alt=\"Edelstahl-Entladebeh\u00e4lter\" class=\"wp-image-10618\" srcset=\"https:\/\/www.agriculture-machine.com\/wp-content\/uploads\/2021\/06\/stainless-steel-discharge-hopper.jpg 450w, https:\/\/www.agriculture-machine.com\/wp-content\/uploads\/2021\/06\/stainless-steel-discharge-hopper-360x222.jpg 360w\" sizes=\"auto, (max-width: 450px) 100vw, 450px\" \/><\/a><\/figure>    <figure class=\"wp-block-image size-large\"><a href=\"https:\/\/www.agriculture-machine.com\/wp-content\/uploads\/2021\/06\/High-precision-sieve.jpg\"><img loading=\"lazy\" decoding=\"async\" width=\"450\" height=\"278\" data-id=\"10616\" src=\"https:\/\/www.agriculture-machine.com\/wp-content\/uploads\/2021\/06\/High-precision-sieve.jpg\" alt=\"Hochpr\u00e4zisions-Sieb\" class=\"wp-image-10616\" srcset=\"https:\/\/www.agriculture-machine.com\/wp-content\/uploads\/2021\/06\/High-precision-sieve.jpg 450w, https:\/\/www.agriculture-machine.com\/wp-content\/uploads\/2021\/06\/High-precision-sieve-360x222.jpg 360w\" sizes=\"auto, (max-width: 450px) 100vw, 450px\" \/><\/a><\/figure> <\/figure>    <ol class=\"wp-block-list\"> <li>Der Einlass des kleinen Reisdestoner-Ger\u00e4ts besteht aus Edelstahl, was die K\u00f6rner sicherer macht, ohne die Farbe zu ber\u00fchren.<\/li>    <li>Vertiefen Sie den F\u00f6rdereingang, in dem gleichzeitig 40 kg Getreide platziert werden kann.<\/li>    <li>Der dicke Edelstahl-Ausstossbeh\u00e4lter und die Entladestelle bestehen ebenfalls aus Edelstahl und entsprechen den hygienischen Inspektionsstandards.<\/li>    <li>Hochpr\u00e4zisions-Siebfilterung, der Entladestelle kann zerbrochenes Reis, R\u00fcckst\u00e4nde, Steinschleim und andere relativ kleine Partikel durch das Sieb filtern.<\/li> <\/ol>    <h2 class=\"wp-block-heading\">G\u00fcnstige und kleine Reisdestoner-Vorteile<\/h2>    <ul class=\"wp-block-list\"> <li>Energieeinsparung und Umweltfreundlichkeit, pr\u00e4zise Herstellung, rein Kupfer-Motor.<\/li>    <li>Einfache Struktur, geringe Gr\u00f6\u00dfe, geringer Energieverbrauch.<\/li>    <li>Breites Anwendungsspektrum: Reis, Hirse, Weizen, Sojabohnen, Mungbohnen<\/li>    <li>Unter Verwendung von hochqualisiertem kaltgewalztem Stahl nach nationalem Standard.<\/li> <\/ul>    <figure class=\"wp-block-gallery has-nested-images columns-2 is-cropped wp-block-gallery-4 is-layout-flex wp-block-gallery-is-layout-flex\"> <figure class=\"wp-block-image size-large\"><a href=\"https:\/\/www.agriculture-machine.com\/wp-content\/uploads\/2021\/06\/Small-white-rice-destoner.jpg\"><img loading=\"lazy\" decoding=\"async\" width=\"720\" height=\"540\" data-id=\"10622\" src=\"https:\/\/www.agriculture-machine.com\/wp-content\/uploads\/2021\/06\/Small-white-rice-destoner.jpg\" alt=\"Kleiner wei\u00dfer Reisdestoner\" class=\"wp-image-10622\" srcset=\"https:\/\/www.agriculture-machine.com\/wp-content\/uploads\/2021\/06\/Small-white-rice-destoner.jpg 720w, https:\/\/www.agriculture-machine.com\/wp-content\/uploads\/2021\/06\/Small-white-rice-destoner-360x270.jpg 360w, https:\/\/www.agriculture-machine.com\/wp-content\/uploads\/2021\/06\/Small-white-rice-destoner-240x180.jpg 240w\" sizes=\"auto, (max-width: 720px) 100vw, 720px\" \/><\/a><\/figure>    <figure class=\"wp-block-image size-large\"><a href=\"https:\/\/www.agriculture-machine.com\/wp-content\/uploads\/2021\/06\/blowing-gravity-destoner-machine.jpg\"><img loading=\"lazy\" decoding=\"async\" width=\"720\" height=\"540\" data-id=\"10621\" src=\"https:\/\/www.agriculture-machine.com\/wp-content\/uploads\/2021\/06\/blowing-gravity-destoner-machine.jpg\" alt=\"Blas-Luft-Destoner-Maschine\" class=\"wp-image-10621\" srcset=\"https:\/\/www.agriculture-machine.com\/wp-content\/uploads\/2021\/06\/blowing-gravity-destoner-machine.jpg 720w, https:\/\/www.agriculture-machine.com\/wp-content\/uploads\/2021\/06\/blowing-gravity-destoner-machine-360x270.jpg 360w, https:\/\/www.agriculture-machine.com\/wp-content\/uploads\/2021\/06\/blowing-gravity-destoner-machine-240x180.jpg 240w\" sizes=\"auto, (max-width: 720px) 100vw, 720px\" \/><\/a><\/figure> <\/figure>    <h2 class=\"wp-block-heading\">Kundennachweis des Reisstaubentfernungsger\u00e4ts<\/h2>    <p>Wir exportieren wei\u00dfe Reisdestoner-Maschinen nach Togo. Der Kunde handelt mit wei\u00dfem Reis und m\u00f6chte feinen Sand und Verunreinigungen im wei\u00dfen Reis filtern. <\/p>    <p>Dieses kleine und billige wei\u00dfe Reiskorndestoner-Ger\u00e4t ist in Afrika sehr beliebt, und jede Familie muss eines zum Reisessen haben. <\/p>    <p>Deshalb exportieren wir jeden Monat diese Art von kleinem Reisdestoner mit einem Bonus von 1000 Einheiten. Unsere Fabrik produziert monatlich 2000 S\u00e4tze blowing gravity rice destoner.<\/p>    <figure class=\"wp-block-gallery has-nested-images columns-2 is-cropped wp-block-gallery-5 is-layout-flex wp-block-gallery-is-layout-flex\"> <figure class=\"wp-block-image size-large\"><a href=\"https:\/\/www.agriculture-machine.com\/wp-content\/uploads\/2021\/06\/pack.jpg\"><img loading=\"lazy\" decoding=\"async\" width=\"720\" height=\"540\" data-id=\"10624\" src=\"https:\/\/www.agriculture-machine.com\/wp-content\/uploads\/2021\/06\/pack.jpg\" alt=\"Verpackung\" class=\"wp-image-10624\" srcset=\"https:\/\/www.agriculture-machine.com\/wp-content\/uploads\/2021\/06\/pack.jpg 720w, https:\/\/www.agriculture-machine.com\/wp-content\/uploads\/2021\/06\/pack-360x270.jpg 360w, https:\/\/www.agriculture-machine.com\/wp-content\/uploads\/2021\/06\/pack-240x180.jpg 240w\" sizes=\"auto, (max-width: 720px) 100vw, 720px\" \/><\/a><\/figure>    <figure class=\"wp-block-image size-large\"><a href=\"https:\/\/www.agriculture-machine.com\/wp-content\/uploads\/2021\/06\/packaging.jpg\"><img loading=\"lazy\" decoding=\"async\" width=\"720\" height=\"540\" data-id=\"10625\" src=\"https:\/\/www.agriculture-machine.com\/wp-content\/uploads\/2021\/06\/packaging.jpg\" alt=\"\" class=\"wp-image-10625\" srcset=\"https:\/\/www.agriculture-machine.com\/wp-content\/uploads\/2021\/06\/packaging.jpg 720w, https:\/\/www.agriculture-machine.com\/wp-content\/uploads\/2021\/06\/packaging-360x270.jpg 360w, https:\/\/www.agriculture-machine.com\/wp-content\/uploads\/2021\/06\/packaging-240x180.jpg 240w\" sizes=\"auto, (max-width: 720px) 100vw, 720px\" \/><\/a><\/figure> <\/figure>    <h2 class=\"wp-block-heading\"><\/h2>    <h2 class=\"wp-block-heading\">Technische Parameter<\/h2>    <figure class=\"wp-block-table is-style-stripes\"><table><tbody><tr><td>Modell<\/td><td>I<\/td><td>II<\/td><td>III<\/td><td>IV<\/td><\/tr><tr><td>Leistung<\/td><td>250 W, 220 V<\/td><td>370 W, 220 V<\/td><td>&nbsp;550 W, 380 V<\/td><td>750 W, 380 V<\/td><\/tr><tr><td>Maschinenma\u00dfe<\/td><td>67*48*63 cm<\/td><td>68*50*69,5 cm<\/td><td>83*59*76 cm<\/td><td>95*72*82 cm<\/td><\/tr><tr><td>Kapazit\u00e4t<\/td><td>400 kg\/h<\/td><td>400 kg\/h<\/td><td>1000kg\/h<\/td><td>2000 kg\/h<\/td><\/tr><\/tbody><\/table><figcaption class=\"wp-element-caption\">Kleiner Reisdestoner technische Daten<\/figcaption><\/figure>    <h2 class=\"wp-block-heading\">Wie wartet man die Maschine?<\/h2>    <ol class=\"wp-block-list\"> <li><strong>Regelm\u00e4\u00dfige Reinigung<\/strong>: Reinigen Sie den R\u00fcckstand im Destonierungsger\u00e4t nach t\u00e4glichem Gebrauch, um Verstopfungen und Kontaminationen zu verhindern.<\/li>    <li><strong>Schmierungspflege<\/strong>: regelm\u00e4\u00dfiges Pr\u00fcfen und Nachf\u00fcllen von Schmiermitteln, um einen reibungslosen Betrieb der mechanischen Teile zu gew\u00e4hrleisten und die Lebensdauer zu verl\u00e4ngern.<\/li>    <li><strong>Den Bildschirm \u00fcberpr\u00fcfen<\/strong>: regelm\u00e4\u00dfig den Verschlei\u00df des Bildschirms \u00fcberpr\u00fcfen, bei Besch\u00e4digung oder Verstopfung rechtzeitig austauschen oder reinigen.<\/li>    <li><strong>Elektrische Pr\u00fcfung:<\/strong> regelm\u00e4\u00dfig den Motor, die Verdrahtung und das Steuersystem pr\u00fcfen, um sicherzustellen, dass die elektrischen Teile sicher und zuverl\u00e4ssig sind.<\/li>    <li><strong>Befestigungsteile:<\/strong> Regelm\u00e4\u00dfiges Pr\u00fcfen und Festziehen aller Bolzen, Muttern und anderer Befestigungselemente, um Lockerungen und mechanische Ausf\u00e4lle zu verhindern.<\/li>    <li><strong>Antifl\u00fcssige Behandlung<\/strong>: F\u00fcr Maschinen, die l\u00e4ngere Zeit nicht benutzt werden, sollten sie antifl\u00fcssig behandelt und in einer trockenen und bel\u00fcfteten Umgebung gelagert werden.<\/li> <\/ol>    <p>Our company offers many types of small rice destoner machines to meet different customers&#8217; needs. Whether you need a small home machine or a large industrial machine, we can provide you with the right solution. Feel free to contact us for more machine information and quotation, we are looking forward to cooperating with you to improve your production efficiency and rice product quality.<\/p>","protected":false},"excerpt":{"rendered":"<p>Dies ist ein kleines Reisdestoner-Ger\u00e4t. Kleine Kapazit\u00e4t ist sehr gut f\u00fcr den Household-Einsatz geeignet, und gro\u00dfe Kapazit\u00e4t kann von M\u00fchlen verwendet werden.<\/p>","protected":false},"author":1,"featured_media":10623,"parent":0,"comment_status":"closed","ping_status":"closed","template":"","tags":[2621],"product-type":[907,875],"class_list":["post-10611","product","type-product","status-publish","has-post-thumbnail","hentry","tag-destoner","product-type-paddy-rice-destoner","product-type-rice-mill-category"],"_links":{"self":[{"href":"https:\/\/www.agriculture-machine.com\/de\/wp-json\/wp\/v2\/product\/10611","targetHints":{"allow":["GET"]}}],"collection":[{"href":"https:\/\/www.agriculture-machine.com\/de\/wp-json\/wp\/v2\/product"}],"about":[{"href":"https:\/\/www.agriculture-machine.com\/de\/wp-json\/wp\/v2\/types\/product"}],"author":[{"embeddable":true,"href":"https:\/\/www.agriculture-machine.com\/de\/wp-json\/wp\/v2\/users\/1"}],"replies":[{"embeddable":true,"href":"https:\/\/www.agriculture-machine.com\/de\/wp-json\/wp\/v2\/comments?post=10611"}],"wp:featuredmedia":[{"embeddable":true,"href":"https:\/\/www.agriculture-machine.com\/de\/wp-json\/wp\/v2\/media\/10623"}],"wp:attachment":[{"href":"https:\/\/www.agriculture-machine.com\/de\/wp-json\/wp\/v2\/media?parent=10611"}],"wp:term":[{"taxonomy":"post_tag","embeddable":true,"href":"https:\/\/www.agriculture-machine.com\/de\/wp-json\/wp\/v2\/tags?post=10611"},{"taxonomy":"product-type","embeddable":true,"href":"https:\/\/www.agriculture-machine.com\/de\/wp-json\/wp\/v2\/product-type?post=10611"}],"curies":[{"name":"wp","href":"https:\/\/api.w.org\/{rel}","templated":true}]}}