{"id":10672,"date":"2021-06-11T10:04:44","date_gmt":"2021-06-11T02:04:44","guid":{"rendered":"https:\/\/www.agriculture-machine.com\/?p=10672"},"modified":"2024-09-18T15:51:29","modified_gmt":"2024-09-18T07:51:29","slug":"chicken-cow-pig-horse-dung-dehydrator-manure-dehydrator","status":"publish","type":"product","link":"https:\/\/www.agriculture-machine.com\/de\/chicken-cow-pig-horse-dung-dehydrator-manure-dehydrator\/","title":{"rendered":"Gefl\u00fcgel-, Rinder-, Schweine-, Pferdemist-Entw\u00e4sserer | Mist-Entw\u00e4sserer"},"content":{"rendered":"<p>Der Tiermist-Entw\u00e4sserer wird auch als Gefl\u00fcgelmist-Entw\u00e4sserer bezeichnet. Er dient zur Entw\u00e4sserung von Schweine-, Rinder-, Kaninchen-, H\u00fchner- und mittelgro\u00dfen bis gro\u00dfen Viehbetrieben zur Behandlung von Tiermist. Er wird auch von manchen als Fest-Fl\u00fcssig-Separator bezeichnet, der zur Trennung von hochkonzentriertem Schlacke und Fl\u00fcssigkeit in Destillationsr\u00fcckst\u00e4nden, Medikamentenresten, Abf\u00e4llen, Schlachtabf\u00e4llen und Abwassertechnik verwendet werden kann. Es ist eine ideale Entw\u00e4sserungsausr\u00fcstung.<\/p>    <div class=\"wp-block-image\"><figure class=\"aligncenter size-large\"><img loading=\"lazy\" decoding=\"async\" width=\"720\" height=\"540\" src=\"https:\/\/www.agriculture-machine.com\/wp-content\/uploads\/2021\/06\/poultry-dung-dehydrator.jpg\" alt=\"Gefl\u00fcgelmist-Entw\u00e4sserer\" class=\"wp-image-10676\" srcset=\"https:\/\/www.agriculture-machine.com\/wp-content\/uploads\/2021\/06\/poultry-dung-dehydrator.jpg 720w, https:\/\/www.agriculture-machine.com\/wp-content\/uploads\/2021\/06\/poultry-dung-dehydrator-360x270.jpg 360w, https:\/\/www.agriculture-machine.com\/wp-content\/uploads\/2021\/06\/poultry-dung-dehydrator-240x180.jpg 240w\" sizes=\"auto, (max-width: 720px) 100vw, 720px\" \/><figcaption>Gefl\u00fcgelmist-Entw\u00e4sserer<\/figcaption><\/figure><\/div>    <h2 class=\"wp-block-heading\" id=\"h-structure-composition-of-screw-extrusion-dung-dehydrator\">Strukturzusammensetzung des Schraubenextrusions-Mist-Entw\u00e4sserers<\/h2>    <p>Der Schraubenextrusions-Fest-Fl\u00fcssig-Separator besteht haupts\u00e4chlich aus einem Hauptger\u00e4t, einer verstopfungsfreien Pumpe, einem Schaltschrank, Rohrleitungen und anderen Ger\u00e4ten. Der Hauptmotor, das Maschensieb, die Extrusionsschraube, der Getriebemotor, das Gegengewicht und die Entladevorrichtung bestehen aus Teilen.<\/p>    <div class=\"wp-block-image\"><figure class=\"aligncenter size-large\"><img loading=\"lazy\" decoding=\"async\" width=\"720\" height=\"540\" src=\"https:\/\/www.agriculture-machine.com\/wp-content\/uploads\/2021\/06\/Structure-composition-of-screw-extrusion-dehydrator.jpg\" alt=\"Strukturzusammensetzung des Schraubenextrusions-Entw\u00e4sserers\" class=\"wp-image-10674\" srcset=\"https:\/\/www.agriculture-machine.com\/wp-content\/uploads\/2021\/06\/Structure-composition-of-screw-extrusion-dehydrator.jpg 720w, https:\/\/www.agriculture-machine.com\/wp-content\/uploads\/2021\/06\/Structure-composition-of-screw-extrusion-dehydrator-360x270.jpg 360w, https:\/\/www.agriculture-machine.com\/wp-content\/uploads\/2021\/06\/Structure-composition-of-screw-extrusion-dehydrator-240x180.jpg 240w\" sizes=\"auto, (max-width: 720px) 100vw, 720px\" \/><figcaption>Strukturzusammensetzung des Schraubenextrusions-Entw\u00e4sserers<\/figcaption><\/figure><\/div>    <h2 class=\"wp-block-heading\" id=\"h-working-principle-of-the-manure-dehydrator\">Funktionsprinzip des Mist-Entw\u00e4sserers<\/h2>    <p>Die Schlamm-Pumpe wird verwendet, um den rohen Mist in die Maschine zu bef\u00f6rdern. Das feste Material wird durch die zusammengedr\u00fcckte Schraubenwelle, die im Sieb angeordnet ist, getrennt. Der Kot wird durch das Sieb gefiltert und entw\u00e4ssert, dann aus dem Entladeanschluss ausgetragen. Der entw\u00e4sserte Kot kann direkt verkauft oder zu D\u00fcnger verarbeitet werden. Die Fl\u00fcssigkeit flie\u00dft durch den Fl\u00fcssigkeitsauslass und wird zum Becken transportiert, wodurch Abfall in Wert verwandelt wird.<\/p>    <p>Der obere Teil des Hauptger\u00e4ts ist mit einem \u00dcberlaufanschluss versehen, und der Entleerungsanschluss kann die Trocknungsfeuchte des ausgehenden Materials einstellen.<\/p>    <div class=\"wp-block-image\"><figure class=\"aligncenter size-large\"><img loading=\"lazy\" decoding=\"async\" width=\"720\" height=\"518\" src=\"https:\/\/www.agriculture-machine.com\/wp-content\/uploads\/2021\/06\/working-principle-of-the-fecal-dehydrator-720x518.jpg\" alt=\"Funktionsprinzip des F\u00e4kalien-Entw\u00e4sserers\" class=\"wp-image-10677\" srcset=\"https:\/\/www.agriculture-machine.com\/wp-content\/uploads\/2021\/06\/working-principle-of-the-fecal-dehydrator-720x518.jpg 720w, https:\/\/www.agriculture-machine.com\/wp-content\/uploads\/2021\/06\/working-principle-of-the-fecal-dehydrator-360x259.jpg 360w, https:\/\/www.agriculture-machine.com\/wp-content\/uploads\/2021\/06\/working-principle-of-the-fecal-dehydrator.jpg 750w\" sizes=\"auto, (max-width: 720px) 100vw, 720px\" \/><figcaption>Funktionsprinzip des F\u00e4kalien-Entw\u00e4sserers<\/figcaption><\/figure><\/div>    <h2 class=\"wp-block-heading\" id=\"h-advantages-of-manure-dehydrator-machine\">Vorteile der G\u00fclle-Entw\u00e4sserungsmaschine<\/h2>    <ul class=\"wp-block-list\"><li>1. Edelstahl-Schraubenf\u00f6rderer, der gesamte Maschinenk\u00f6rper rostet nicht.<\/li><li>2. Neue Art von Edelstahl-Oberschutzdeckel, leicht zu demontieren.<\/li><li>3. Vergr\u00f6\u00dfern Sie den Filter, er ist leicht zu reinigen und nicht leicht zu besch\u00e4digen.<\/li><li>Hochwertiger Kupferkernmotor, leise und leistungsstark.<\/li><li>5. Abwasser-Schneidpumpe, Unrat kann ohne Verstopfung gepumpt werden.<\/li><\/ul>    <div class=\"wp-block-image\"><figure class=\"aligncenter size-large\"><img loading=\"lazy\" decoding=\"async\" width=\"720\" height=\"540\" src=\"https:\/\/www.agriculture-machine.com\/wp-content\/uploads\/2021\/06\/solid-liquid-separator.jpg\" alt=\"Fest-Fl\u00fcssig-Separator\" class=\"wp-image-10675\" srcset=\"https:\/\/www.agriculture-machine.com\/wp-content\/uploads\/2021\/06\/solid-liquid-separator.jpg 720w, https:\/\/www.agriculture-machine.com\/wp-content\/uploads\/2021\/06\/solid-liquid-separator-360x270.jpg 360w, https:\/\/www.agriculture-machine.com\/wp-content\/uploads\/2021\/06\/solid-liquid-separator-240x180.jpg 240w\" sizes=\"auto, (max-width: 720px) 100vw, 720px\" \/><figcaption>Fest-Fl\u00fcssig-Separator<\/figcaption><\/figure><\/div>    <h2 class=\"wp-block-heading\" id=\"h-why-should-dung-be-dehydrated\">Warum sollte Mist entw\u00e4ssert werden?<\/h2>    <p>Nach der Verwendung des F\u00e4kalien-Entw\u00e4sserers werden Schweineg\u00fclle, Enteng\u00fclle, Kuhg\u00fclle, H\u00fchnermist und andere Gefl\u00fcgelmist in Fl\u00fcssigd\u00fcnger und Festd\u00fcnger getrennt. Fl\u00fcssigd\u00fcnger kann direkt f\u00fcr den Anbau und die Aufnahme von Nutzpflanzen verwendet werden. Und Festd\u00fcnger kann in Gebiete ohne D\u00fcnger transportiert werden. Au\u00dferdem kann es die Bodenstruktur sch\u00fctzen. Gleichzeitig kann es nach Fermentation zu Mischd\u00fcnger verarbeitet werden.<\/p>    <div class=\"wp-block-image\"><figure class=\"aligncenter size-large\"><img loading=\"lazy\" decoding=\"async\" width=\"720\" height=\"540\" src=\"https:\/\/www.agriculture-machine.com\/wp-content\/uploads\/2021\/06\/Manure-Organic-Fertilizer.jpg\" alt=\"Mist-Organischer-D\u00fcnger\" class=\"wp-image-10678\" srcset=\"https:\/\/www.agriculture-machine.com\/wp-content\/uploads\/2021\/06\/Manure-Organic-Fertilizer.jpg 720w, https:\/\/www.agriculture-machine.com\/wp-content\/uploads\/2021\/06\/Manure-Organic-Fertilizer-360x270.jpg 360w, https:\/\/www.agriculture-machine.com\/wp-content\/uploads\/2021\/06\/Manure-Organic-Fertilizer-240x180.jpg 240w\" sizes=\"auto, (max-width: 720px) 100vw, 720px\" \/><figcaption>Mist-Organischer-D\u00fcnger<\/figcaption><\/figure><\/div>    <h2 class=\"wp-block-heading\" id=\"h-who-can-buy-a-fecal-dehydrator\">Wer kann einen F\u00e4kalien-Entw\u00e4sserer kaufen?<\/h2>    <p>1. Behandlung von Schweinemist in Schweinefarmen. Schweinefarmen k\u00f6nnen einen solchen Mist-Entw\u00e4sserer kaufen. Mit dem entw\u00e4sserten Schweinemist k\u00f6nnen Pelletprodukte hergestellt werden, der Feuchtigkeitsgehalt liegt unter 12 %. Es enth\u00e4lt keine chemischen Komponenten. Es ist ein idealer organischer D\u00fcnger f\u00fcr landwirtschaftliche Fl\u00e4chen.<\/p>    <div class=\"wp-block-image\"><figure class=\"aligncenter size-large\"><img loading=\"lazy\" decoding=\"async\" width=\"720\" height=\"540\" src=\"https:\/\/www.agriculture-machine.com\/wp-content\/uploads\/2021\/06\/pellet-organic-fertilizer.jpg\" alt=\"Pellet-Organischer-D\u00fcnger\" class=\"wp-image-10679\" srcset=\"https:\/\/www.agriculture-machine.com\/wp-content\/uploads\/2021\/06\/pellet-organic-fertilizer.jpg 720w, https:\/\/www.agriculture-machine.com\/wp-content\/uploads\/2021\/06\/pellet-organic-fertilizer-360x270.jpg 360w, https:\/\/www.agriculture-machine.com\/wp-content\/uploads\/2021\/06\/pellet-organic-fertilizer-240x180.jpg 240w\" sizes=\"auto, (max-width: 720px) 100vw, 720px\" \/><figcaption>Pellet-Organischer-D\u00fcnger<\/figcaption><\/figure><\/div>    <p class=\"translation-block\">2. Der getrennte Kot kann mit <a href=\"https:\/\/www.agriculture-machine.com\/de\/combined-chaff-cutter-and-grinder-straw-cutter-and-grain-grinder\/\">Strohsp\u00e4nen<\/a> vollst\u00e4ndig vermischt und dann mit St\u00e4mmen fermentiert werden. Nach der Granulierung kann er zu organischem Mischd\u00fcnger verarbeitet werden. Au\u00dferdem kann er die Bodenqualit\u00e4t verbessern und die Ernte direkt steigern. Er kann auch zur Zucht von Regenw\u00fcrmern, zum Anbau von Pilzen, zum Fischfutter usw. verwendet werden, was Ihrem Bauernhof erheblichen zus\u00e4tzlichen Ertrag bringt. Daher ist der Mist-Entw\u00e4sserer ein gutes Werkzeug f\u00fcr die Landwirtschaft.<\/p>    <div class=\"wp-block-image\"><figure class=\"aligncenter size-large\"><img loading=\"lazy\" decoding=\"async\" width=\"720\" height=\"540\" src=\"https:\/\/www.agriculture-machine.com\/wp-content\/uploads\/2021\/06\/separated-feces-can-mix-with-straw-chaff.jpg\" alt=\"Getrennter Kot kann mit Strohsp\u00e4nen vermischt werden\" class=\"wp-image-10680\" srcset=\"https:\/\/www.agriculture-machine.com\/wp-content\/uploads\/2021\/06\/separated-feces-can-mix-with-straw-chaff.jpg 720w, https:\/\/www.agriculture-machine.com\/wp-content\/uploads\/2021\/06\/separated-feces-can-mix-with-straw-chaff-360x270.jpg 360w, https:\/\/www.agriculture-machine.com\/wp-content\/uploads\/2021\/06\/separated-feces-can-mix-with-straw-chaff-240x180.jpg 240w\" sizes=\"auto, (max-width: 720px) 100vw, 720px\" \/><figcaption>Getrennter Kot kann mit Strohsp\u00e4nen vermischt werden<\/figcaption><\/figure><\/div>    <p>3. Behandlung von Kuhmist auf Rinderfarmen. Der durch einen Fest-Fl\u00fcssig-Separator getrennte Kuhmist kann als Einstreu verwendet werden. Au\u00dferdem kann Kuhmistbrennstoff hergestellt werden, um Kosten zu sparen. Der getrennte Fl\u00fcssigmist kann direkt in den Biogasreaktor eingeleitet werden, was die Biogasproduktion erh\u00f6ht. Der Biogasreaktor wird nicht verstopft, was die Lebensdauer verl\u00e4ngert. Der feste Mist ist leicht zu transportieren und kann zu einem hohen Preis verkauft werden.<\/p>    <p>4. Biogas-Generatoren. Bevor das Mistwasser in den Biogasreaktor gelangt, k\u00f6nnen Fest-Fl\u00fcssig-Trennma\u00dfnahmen das Absetzproblem des Schweinemists im Biogasreaktor l\u00f6sen. Dies erh\u00f6ht die Behandlungskapazit\u00e4t des Biogasreaktors erheblich. Gleichzeitig wird die Baufl\u00e4che f\u00fcr Biogas- und Biochemietanks deutlich reduziert. Es spart Baukosten und Landnutzung f\u00fcr Umweltschutzma\u00dfnahmen.<\/p>    <h2 class=\"wp-block-heading\" id=\"h-why-choose-us\">Warum sollten Sie uns w\u00e4hlen?<\/h2>    <p>Wir sind ein professioneller Hersteller landwirtschaftlicher Maschinen. Derzeit wurde unser Mist-Entw\u00e4sserer nach Pakistan, Indien, Malaysia, die Philippinen usw. exportiert. Der Kunde, der den Mist-Entw\u00e4sserer nach Pakistan exportiert hat, nutzt ihn zur Entw\u00e4sserung von Kuhmist, da er viele K\u00fche h\u00e4lt. Au\u00dferdem m\u00f6chte er keinen Mist verschwenden, daher hat er einen F\u00e4kalien-Entw\u00e4sserer bei uns gekauft mit einer Leistung von 7 Kubikmetern pro Stunde.<\/p>    <div class=\"wp-block-image\"><figure class=\"aligncenter size-large\"><img loading=\"lazy\" decoding=\"async\" width=\"720\" height=\"339\" src=\"https:\/\/www.agriculture-machine.com\/wp-content\/uploads\/2021\/06\/manure-dehydrator.jpg\" alt=\"Mist-Entw\u00e4sserer\" class=\"wp-image-10687\" srcset=\"https:\/\/www.agriculture-machine.com\/wp-content\/uploads\/2021\/06\/manure-dehydrator.jpg 720w, https:\/\/www.agriculture-machine.com\/wp-content\/uploads\/2021\/06\/manure-dehydrator-360x170.jpg 360w\" sizes=\"auto, (max-width: 720px) 100vw, 720px\" \/><figcaption>Mist-Entw\u00e4sserer<\/figcaption><\/figure><\/div>    <h2 class=\"wp-block-heading\" id=\"h-what-does-a-fecal-dehydrator-include\">Was enth\u00e4lt ein F\u00e4kalien-Entw\u00e4sserer?<\/h2>    <p>Der G\u00fclle-Entw\u00e4sserer umfasst einen Hauptger\u00e4t, eine 4 kW Pumpe, einen Schaltschrank, ein Gegengewichtspaar, ein Saugrohrset, ein Abflussrohrset, eine Gebrauchsanweisung und eine Garantiekarte.<\/p>    <h2 class=\"wp-block-heading\" id=\"h-technical-parameters\">Technische Parameter<\/h2>    <figure class=\"wp-block-table\"><table><tbody><tr><td>Modell<\/td><td>180<\/td><td>200<\/td><td>300<\/td><\/tr><tr><td>Leistung<\/td><td>220\/380V<\/td><td>380V<\/td><td>380V<\/td><\/tr><tr><td>Maschinenleistung<\/td><td>4kw<\/td><td>5,5 kW<\/td><td>7.5kw<\/td><\/tr><tr><td>Pumpenleistung<\/td><td>3 kW<\/td><td>3 kW<\/td><td>3 kW<\/td><\/tr><tr><td>R\u00fcckw\u00e4rts-Schalter<\/td><td>76 mm<\/td><td>76 mm<\/td><td>76 mm<\/td><\/tr><tr><td>Abfluss<\/td><td>102 mm<\/td><td>102 mm<\/td><td>102 mm<\/td><\/tr><tr><td>Material<\/td><td>304 Edelstahl<\/td><td>304 Edelstahl<\/td><td>304 Edelstahl<\/td><\/tr><tr><td>Mist-Extraktor<\/td><td>20M3\/h<\/td><td>20M3\/h<\/td><td>25M3\/h<\/td><\/tr><tr><td>Trockener Mist<\/td><td>5M3\/h<\/td><td>7M3\/h<\/td><td>15M3\/h<\/td><\/tr><tr><td>L\u00e4nge des Zylindernetzes<\/td><td>180*600mm<\/td><td>200*600mm<\/td><td>300*600mm<\/td><\/tr><\/tbody><\/table><\/figure>","protected":false},"excerpt":{"rendered":"<p>Livestock dung dehydrator is also called poultry manure dehydrator. It is used for dehydrating&nbsp;pig dung, cattle dung, rabbits dung, chickens dung, and large and medium-sized livestock farms to treat animal manure.&nbsp;It is also called a solid-liquid separator by some people, which can be used to separate high-concentration slag and liquid in distiller grains, medicine residue, [&hellip;]<\/p>\n","protected":false},"author":1,"featured_media":10682,"parent":0,"comment_status":"closed","ping_status":"closed","template":"","tags":[2611],"product-type":[1],"class_list":["post-10672","product","type-product","status-publish","has-post-thumbnail","hentry","tag-dehydrator","product-type-other"],"_links":{"self":[{"href":"https:\/\/www.agriculture-machine.com\/de\/wp-json\/wp\/v2\/product\/10672","targetHints":{"allow":["GET"]}}],"collection":[{"href":"https:\/\/www.agriculture-machine.com\/de\/wp-json\/wp\/v2\/product"}],"about":[{"href":"https:\/\/www.agriculture-machine.com\/de\/wp-json\/wp\/v2\/types\/product"}],"author":[{"embeddable":true,"href":"https:\/\/www.agriculture-machine.com\/de\/wp-json\/wp\/v2\/users\/1"}],"replies":[{"embeddable":true,"href":"https:\/\/www.agriculture-machine.com\/de\/wp-json\/wp\/v2\/comments?post=10672"}],"wp:featuredmedia":[{"embeddable":true,"href":"https:\/\/www.agriculture-machine.com\/de\/wp-json\/wp\/v2\/media\/10682"}],"wp:attachment":[{"href":"https:\/\/www.agriculture-machine.com\/de\/wp-json\/wp\/v2\/media?parent=10672"}],"wp:term":[{"taxonomy":"post_tag","embeddable":true,"href":"https:\/\/www.agriculture-machine.com\/de\/wp-json\/wp\/v2\/tags?post=10672"},{"taxonomy":"product-type","embeddable":true,"href":"https:\/\/www.agriculture-machine.com\/de\/wp-json\/wp\/v2\/product-type?post=10672"}],"curies":[{"name":"wp","href":"https:\/\/api.w.org\/{rel}","templated":true}]}}