{"id":10692,"date":"2021-06-17T09:08:09","date_gmt":"2021-06-17T01:08:09","guid":{"rendered":"https:\/\/www.agriculture-machine.com\/?p=10692"},"modified":"2024-08-20T17:43:39","modified_gmt":"2024-08-20T09:43:39","slug":"portable-milking-machine-for-cows-goats","status":"publish","type":"product","link":"https:\/\/www.agriculture-machine.com\/de\/portable-milking-machine-for-cows-goats\/","title":{"rendered":"Kuhmelkmaschine | Ziege Melkmaschine | Ziege Melker"},"content":{"rendered":"<p>Die Kuhmelkmaschine kann zum Melken von K\u00fchen, Schafen und Ziegen verwendet werden. Unsere Melkmaschinen f\u00fcr Ziegen und K\u00fche sind in Pistonpumpen-Melkanlagen und Vakuumpumpen-Melkanlagen unterteilt. Die Melkgeschwindigkeit der Vakuum-Melkanlage ist sehr hoch, und die ausgedr\u00fcckte Milch ist relativ sauber und hygienisch.<\/p>    <figure class=\"wp-block-image aligncenter size-large\"><img loading=\"lazy\" decoding=\"async\" width=\"720\" height=\"381\" src=\"https:\/\/www.agriculture-machine.com\/wp-content\/uploads\/2021\/06\/milking-machine-for-cow-cattle.jpg\" alt=\"Melkmaschine f\u00fcr K\u00fche und Rinder\" class=\"wp-image-10707\" srcset=\"https:\/\/www.agriculture-machine.com\/wp-content\/uploads\/2021\/06\/milking-machine-for-cow-cattle.jpg 720w, https:\/\/www.agriculture-machine.com\/wp-content\/uploads\/2021\/06\/milking-machine-for-cow-cattle-360x191.jpg 360w\" sizes=\"auto, (max-width: 720px) 100vw, 720px\" \/><figcaption class=\"wp-element-caption\">Melkmaschine f\u00fcr K\u00fche und Rinder<\/figcaption><\/figure>    <h2 class=\"wp-block-heading\" id=\"h-types-of-cow-milking-machine\">Arten von Melkmaschinen f\u00fcr K\u00fche<\/h2>    <p>Unser Kuhmelkungsequipment hat eine Einzelkammer-Melkanlage und eine exquisite Doppelkammer-Goat-Melkanlage. Das Milchvolumen hat eine 25-Liter-Milchkammer mit Edelstahl und eine 32-Liter durchsichtige Milchkammers. Die Leistung kann mit Elektromotoren und Benzinmotoren ausger\u00fcstet werden, und die Spannung der Elektromotoren kann angepasst werden.<\/p>    <figure class=\"wp-block-gallery has-nested-images columns-2 is-cropped wp-block-gallery-2 is-layout-flex wp-block-gallery-is-layout-flex\"> <figure class=\"wp-block-image size-large\"><a href=\"https:\/\/www.agriculture-machine.com\/wp-content\/uploads\/2021\/06\/Gasoline-double-barrel-milking-machine.jpg\"><img loading=\"lazy\" decoding=\"async\" width=\"720\" height=\"540\" data-id=\"10696\" src=\"https:\/\/www.agriculture-machine.com\/wp-content\/uploads\/2021\/06\/Gasoline-double-barrel-milking-machine.jpg\" alt=\"Gasdoppelkamm-Melkanlage\" class=\"wp-image-10696\" srcset=\"https:\/\/www.agriculture-machine.com\/wp-content\/uploads\/2021\/06\/Gasoline-double-barrel-milking-machine.jpg 720w, https:\/\/www.agriculture-machine.com\/wp-content\/uploads\/2021\/06\/Gasoline-double-barrel-milking-machine-360x270.jpg 360w, https:\/\/www.agriculture-machine.com\/wp-content\/uploads\/2021\/06\/Gasoline-double-barrel-milking-machine-240x180.jpg 240w\" sizes=\"auto, (max-width: 720px) 100vw, 720px\" \/><\/a><figcaption class=\"wp-element-caption\">Gasdoppelkamm-Melkanlage<\/figcaption><\/figure>    <figure class=\"wp-block-image size-large\"><a href=\"https:\/\/www.agriculture-machine.com\/wp-content\/uploads\/2021\/06\/Piston-single-barrel-milking-machine.jpg\"><img loading=\"lazy\" decoding=\"async\" width=\"720\" height=\"540\" data-id=\"10697\" src=\"https:\/\/www.agriculture-machine.com\/wp-content\/uploads\/2021\/06\/Piston-single-barrel-milking-machine.jpg\" alt=\"Piston-Einzelkammer-Melkmachine\" class=\"wp-image-10697\" srcset=\"https:\/\/www.agriculture-machine.com\/wp-content\/uploads\/2021\/06\/Piston-single-barrel-milking-machine.jpg 720w, https:\/\/www.agriculture-machine.com\/wp-content\/uploads\/2021\/06\/Piston-single-barrel-milking-machine-360x270.jpg 360w, https:\/\/www.agriculture-machine.com\/wp-content\/uploads\/2021\/06\/Piston-single-barrel-milking-machine-240x180.jpg 240w\" sizes=\"auto, (max-width: 720px) 100vw, 720px\" \/><\/a><figcaption class=\"wp-element-caption\">Piston-Einzelkammer-Melkmachine<\/figcaption><\/figure>    <figure class=\"wp-block-image size-large\"><a href=\"https:\/\/www.agriculture-machine.com\/wp-content\/uploads\/2021\/06\/Vacuum-double-barrel-milking-machine.jpg\"><img loading=\"lazy\" decoding=\"async\" width=\"720\" height=\"540\" data-id=\"10698\" src=\"https:\/\/www.agriculture-machine.com\/wp-content\/uploads\/2021\/06\/Vacuum-double-barrel-milking-machine.jpg\" alt=\"Vakuum-Doppelkamm-Melkanlage\" class=\"wp-image-10698\" srcset=\"https:\/\/www.agriculture-machine.com\/wp-content\/uploads\/2021\/06\/Vacuum-double-barrel-milking-machine.jpg 720w, https:\/\/www.agriculture-machine.com\/wp-content\/uploads\/2021\/06\/Vacuum-double-barrel-milking-machine-360x270.jpg 360w, https:\/\/www.agriculture-machine.com\/wp-content\/uploads\/2021\/06\/Vacuum-double-barrel-milking-machine-240x180.jpg 240w\" sizes=\"auto, (max-width: 720px) 100vw, 720px\" \/><\/a><figcaption class=\"wp-element-caption\">Vakuum-Doppelkamm-Melkanlage<\/figcaption><\/figure>    <figure class=\"wp-block-image size-large\"><a href=\"https:\/\/www.agriculture-machine.com\/wp-content\/uploads\/2021\/06\/Vacuum-single-barrel-milking-machine.jpg\"><img loading=\"lazy\" decoding=\"async\" width=\"720\" height=\"540\" data-id=\"10699\" src=\"https:\/\/www.agriculture-machine.com\/wp-content\/uploads\/2021\/06\/Vacuum-single-barrel-milking-machine.jpg\" alt=\"Vakuum-Einzelkammer-Melkanlage\" class=\"wp-image-10699\" srcset=\"https:\/\/www.agriculture-machine.com\/wp-content\/uploads\/2021\/06\/Vacuum-single-barrel-milking-machine.jpg 720w, https:\/\/www.agriculture-machine.com\/wp-content\/uploads\/2021\/06\/Vacuum-single-barrel-milking-machine-360x270.jpg 360w, https:\/\/www.agriculture-machine.com\/wp-content\/uploads\/2021\/06\/Vacuum-single-barrel-milking-machine-240x180.jpg 240w\" sizes=\"auto, (max-width: 720px) 100vw, 720px\" \/><\/a><figcaption class=\"wp-element-caption\">Vakuum-Einzelkammer-Melkanlage<\/figcaption><\/figure> <\/figure>    <h2 class=\"wp-block-heading\" id=\"h-piston-pump-type-milking-machine-structure\">Pistonpumpen-Melkanlagenstruktur<\/h2>    <p>Unser tragbares Milchmaschinen-Set f\u00fcr K\u00fche besteht haupts\u00e4chlich aus einem St\u00fctzrahmen, Milchk\u00fcbel, Milchkupplungsgruppe, Regulierventil, Milchsammler, Pipeline, Vakuummesser, Kolbenpumpe, \u00dcbertragungseinheit, Motor und Arbeitslampe.<\/p>    <figure class=\"wp-block-image aligncenter size-large\"><img loading=\"lazy\" decoding=\"async\" width=\"720\" height=\"540\" src=\"https:\/\/www.agriculture-machine.com\/wp-content\/uploads\/2021\/06\/Piston-pump-type-milking-machine-structure.jpg\" alt=\"Melkausr\u00fcstung\" class=\"wp-image-10694\" srcset=\"https:\/\/www.agriculture-machine.com\/wp-content\/uploads\/2021\/06\/Piston-pump-type-milking-machine-structure.jpg 720w, https:\/\/www.agriculture-machine.com\/wp-content\/uploads\/2021\/06\/Piston-pump-type-milking-machine-structure-360x270.jpg 360w, https:\/\/www.agriculture-machine.com\/wp-content\/uploads\/2021\/06\/Piston-pump-type-milking-machine-structure-240x180.jpg 240w\" sizes=\"auto, (max-width: 720px) 100vw, 720px\" \/><figcaption class=\"wp-element-caption\">Melkausr\u00fcstung<\/figcaption><\/figure>    <h3 class=\"wp-block-heading\" id=\"h-technical-parameters\">Technische Parameter der Kuhmelkmaschine<\/h3>    <figure class=\"wp-block-table is-style-stripes\"><table><tbody><tr><td>Modell<\/td><td>HL-JN01<\/td><td>HL-JN02<\/td><\/tr><tr><td>Vakuum<\/td><td>kPa 50<\/td><td>kPa 50<\/td><\/tr><tr><td>Vakuumpumpe<\/td><td>250 L\/MIN<\/td><td>250 L\/MIN<\/td><\/tr><tr><td>Spannung<\/td><td>220V\/50Hz (Motor kann angepasst werden)<\/td><td>220\/50 Hz ((Motor kann angepasst werden))<\/td><\/tr><tr><td>Leistung<\/td><td>0,75 kW.<\/td><td>1,1 kW<\/td><\/tr><tr><td>Melkbeh\u00e4lter aus Edelstahl<\/td><td>25 L (durchsichtiger Milchk\u00fcbel)<\/td><td>25 L (durchsichtiger Milchk\u00fcbel)<\/td><\/tr><tr><td>Kapazit\u00e4t<\/td><td>10-12 K\u00fche\/Stunde<\/td><td>20-24 K\u00fche\/Stunde<\/td><\/tr><tr><td>Melkzeit<\/td><td>5-6 Minuten\/Kuh<\/td><td>5-6 Minuten\/Kuh<\/td><\/tr><tr><td>Impulsrate<\/td><td>60:40<\/td><td>60:40<\/td><\/tr><tr><td>Geeignet<\/td><td>K\u00fche, Ziegen (kann den Melkbecher ersetzen)<\/td><td>K\u00fche, Ziegen (kann den Melkbecher ersetzen)<\/td><\/tr><tr><td>Maschinengewicht<\/td><td>90kg<\/td><td>100kg<\/td><\/tr><tr><td>Verpackungsgr\u00f6\u00dfe (L x B x H)<\/td><td>800*650*980mm<\/td><td>800x720x980mm<\/td><\/tr><\/tbody><\/table><figcaption class=\"wp-element-caption\">Technische Daten der Kuhmelkmaschine<\/figcaption><\/figure>    <h2 class=\"wp-block-heading\" id=\"h-composition-of-vacuum-cow-milking-machine\">Zusammensetzung derVakuum-Kuhmelkmaschine<\/h2>    <p>Die Vakuumpumpe f\u00fcr die Melk-Kuh-St\u00fctzrahmen verf\u00fcgt \u00fcber ein Druckregelventil, Melkbeh\u00e4lter, Schalld\u00e4mpfer, Pulsator, Milchk\u00fcbel, Vakuummesser, Luftrohr, Melkliner, Melkrohr und Vakuumpumpe.<\/p>    <figure class=\"wp-block-image aligncenter size-large\"><img loading=\"lazy\" decoding=\"async\" width=\"720\" height=\"540\" src=\"https:\/\/www.agriculture-machine.com\/wp-content\/uploads\/2021\/06\/vacuum-milking-machine.jpg\" alt=\"Vakuum-Melker\" class=\"wp-image-10695\" srcset=\"https:\/\/www.agriculture-machine.com\/wp-content\/uploads\/2021\/06\/vacuum-milking-machine.jpg 720w, https:\/\/www.agriculture-machine.com\/wp-content\/uploads\/2021\/06\/vacuum-milking-machine-360x270.jpg 360w, https:\/\/www.agriculture-machine.com\/wp-content\/uploads\/2021\/06\/vacuum-milking-machine-240x180.jpg 240w\" sizes=\"auto, (max-width: 720px) 100vw, 720px\" \/><figcaption class=\"wp-element-caption\">Vakuum-Melker <\/figcaption><\/figure>    <p>Diese Vakuumpumpe f\u00fcr Ziegenmelkmaschinen verwendet eine Rotations-Vakuumpumpe, eine direkte \u00dcbertragung, eine kompakte und vern\u00fcnftige Struktur, und verf\u00fcgt \u00fcber eine automatische Schmierstelle, um einen st\u00f6rungsfreien Betrieb zu gew\u00e4hrleisten.<\/p>    <h3 class=\"wp-block-heading\" id=\"h-technical-parameters-1\">Technische Parameter<\/h3>    <figure class=\"wp-block-table is-style-stripes\"><table><tbody><tr><td>Modell<\/td><td>HL-JN04<\/td><td>HL-JN05<\/td><\/tr><tr><td>Name<\/td><td>Einzelkammer-Piston-Melkanlage<\/td><td>Doppelkammer-Piston-Melkanlage<\/td><\/tr><tr><td>Vakuum<\/td><td>kPa 50<\/td><td>kPa 50<\/td><\/tr><tr><td>Vakuumpumpe<\/td><td>250 L\/MIN<\/td><td>250 L\/MIN<\/td><\/tr><tr><td>Spannung<\/td><td>220V\/50Hz (Motor kann angepasst werden)<\/td><td>220\/50 Hz ((Motor kann angepasst werden))<\/td><\/tr><tr><td>Leistung<\/td><td>0,55 kW<\/td><td>0,75 kW.<\/td><\/tr><tr><td>Melkbeh\u00e4lter aus Edelstahl<\/td><td>25 L (durchsichtiger Milchk\u00fcbel)<\/td><td>25 L (durchsichtiger Milchk\u00fcbel)<\/td><\/tr><tr><td>Kapazit\u00e4t<\/td><td>10-12 K\u00fche\/Stunde<\/td><td>20-24 K\u00fche\/Stunde<\/td><\/tr><tr><td>Melkzeit<\/td><td>5-6 Minuten\/Kuh<\/td><td>5-6 Minuten\/Kuh<\/td><\/tr><tr><td>Impulsrate<\/td><td>60:40<\/td><td>60:40<\/td><\/tr><tr><td>Geeignet<\/td><td>K\u00fche, Ziegen (kann den Melkbecher ersetzen)<\/td><td>K\u00fche, Ziegen (kann den Melkbecher ersetzen)<\/td><\/tr><tr><td>Maschinengewicht<\/td><td>68 kg<\/td><td>98 kg<\/td><\/tr><tr><td>Verpackungsgr\u00f6\u00dfe (L x B x H)<\/td><td>800x620x1000mm<\/td><td>800x650x1000mm<\/td><\/tr><\/tbody><\/table><figcaption class=\"wp-element-caption\">Detaillierte Informationen zur Kuhmelkmaschine<\/figcaption><\/figure>    <p>Ein Edelstahl-Vakuumtank wird verwendet, und Ziegenmilch wird durch ein Gummirohr in den Vakuumtank gepumpt. Der Vakuumtank ist mit einem Vakuumregler und einem Pulsator ausgestattet. Der Milchk\u00fcbel besteht aus Edelstahl und verf\u00fcgt \u00fcber eine Gummidichtung, um beim Betrieb einen luftdichten Beh\u00e4lter zu bilden. <\/p>    <p>Der Melkbecher ist mit einem automatischen Schalter ausgestattet, der eine wichtige Ma\u00dfnahme zum Schutz der Brust ist, und verf\u00fcgt \u00fcber ein Ansaugstoppventil. Unter Verwendung eines importierten Pulsators ist dessen Pulsationswellenform \u00e4u\u00dferst stabil und zuverl\u00e4ssig.<\/p>    <h2 class=\"wp-block-heading\" id=\"h-working-of-cow-milking-machine\">Arbeiten an der Kuhmelkanlage<\/h2>    <p>\u00dcberpr\u00fcfen Sie den Melkdruck und lassen Sie ihn nach dem Start der Maschine 2-3 Minuten laufen. Es sollte kein Haften oder ungew\u00f6hnliches Ger\u00e4usch in allen beweglichen Teilen geben. Drehen Sie dann die Milchkupplungsgruppe um (das hei\u00dft, die Anschlussports des Milchsammlers zeigen nach oben und der Milchkupplenschlupf nach unten) und der Zeiger des Vakuummessers sollte 0,04-0,045 MPa erreichen. <\/p>    <p>Wenn das Vakuum zu hoch oder zu niedrig ist, justieren Sie das Regelventil (im Uhrzeigersinn). Das Rotationsvakuumgrad nimmt zu, wenn man im Gegenuhrzeigersinn dreht, und das Vakuum steigt an, um den erforderlichen Melkdruck zu erreichen, bevor die Melkarbeiten durchgef\u00fchrt werden. Dies ist sehr wichtig, wenn die Melkkomponenten bedient werden.<\/p>    <h3 class=\"wp-block-heading\" id=\"h-installation-of-milk-cup\">Anbringen des Melkbechers<\/h3>    <p>Der Melker sollte neben dem Tier stehen, mit dem Melkbecher-Set in der linken Hand (die Verbindungsschl\u00e4uche des Milchsammlers zeigen nach oben und der Milchkuppler zeigt nach unten) und sie unter den Zitzen platzieren. Entsprechend die kurzen R\u00f6hren nacheinander biegen, damit keine Atmosph\u00e4ren eindringen k\u00f6nnen), schnell auf den Brustzylinder setzen, die kurzen R\u00f6hren ziehen und das Vakuum beginnt, die Zitze zu saugen.<\/p>    <h3 class=\"wp-block-heading\" id=\"h-milk-flow-control\">Milchflussregelung<\/h3>    <p>Melken sollte unter normalem Arbeitsvakuum erfolgen (in der Regel nicht mehr als 0,05 MPa). Wenn der Milchfluss gering ist, kann die Brust von Hand massiert werden. Sobald der Milchfluss stoppt, sollte der Milchsammler von Hand 5-10 Sekunden gedr\u00fcckt werden, um das Melken fortzusetzen. <\/p>    <p>Dann halten Sie den Brustbeh\u00e4lter mit einer Hand fest und dr\u00fccken Sie mit der anderen Hand die \u00d6ffnung des Milchkupplers auf die Brust, damit die Atmosph\u00e4re eindringen kann, und bewegen Sie die Milchkupfer schnell von verschiedenen Richtungen voneinander.<\/p>    <h3 class=\"wp-block-heading\" id=\"h-other-conditions\">Andere Bedingungen<\/h3>    <p>K\u00fche und Schafe, die noch nie eine Kuhmelkmaschine verwendet haben, k\u00f6nnen in den ersten Tagen eine geringere Milchleistung haben oder sogar den Milchkuppler verlieren. Verwenden Sie in dieser Zeit niemals manuelles Melken, da es f\u00fcr K\u00fche und Schafe schwierig ist, mechanisches Melken zu akzeptieren. <\/p>    <p>Stellen Sie die Melkmaschine einige Tage vor der ersten Verwendung in den Stall, damit sie sich an den Ger\u00e4uschpegel der Maschine und die Dinge an der Kuhmelkanlage gew\u00f6hnen k\u00f6nnen, etwa 2-4 Tage. Die Kuh wird sich allm\u00e4hlich an die Melkmaschine gew\u00f6hnen und die Milchproduktion kehrt zur Normalit\u00e4t zur\u00fcck.<\/p>    <h2 class=\"wp-block-heading\" id=\"h-advantages-of-vacuum-pump-milking-machine\">Vorteile der Vakuumpumpen-Melkanlage<\/h2>    <ul class=\"wp-block-list\"> <li>Geringes Ger\u00e4usch, einfache Struktur, flexible und bequeme Bedienung, stabiles Arbeiten, hohe Melkleistung, abwechselndes Melken.<\/li>    <li>Ausger\u00fcstet mit einem Pulsator ist das Melken sanft, schadet den Zitzen nicht und hilft, die Milchproduktion der Milchkrotschaf zu steigern.<\/li>    <li>Die vakuum-mobile Schafmelkausr\u00fcstung hat Vorteile wie stabile Leistung, gro\u00dfes effektives Vakuumtankspeicher, geringe Ger\u00e4uschentwicklung und einfache Bedienung.<\/li>    <li>Die Melkmaschine arbeitet in horizontaler Lage und wird an die Seite des Milchziegens gebracht, um gemelkt zu werden. Sie kann auch als Vakuququelle f\u00fcr Rohrmelken verbunden werden.<\/li> <\/ul>    <h2 class=\"wp-block-heading\" id=\"h-packing-and-shipping\">Verpackung und Versand<\/h2>    <p>Nachdem Kunden eine Bestellung bei uns aufgegeben haben, versenden wir sofort, da unsere verschiedenen Typen von Kuhmelkmachines vorr\u00e4tig sind. Wir verwenden Holzk\u00e4stchen-Verpackung, daher haben viele exportierte Maschinen vom Kunden viel Lob erhalten. Da der Kunde die Maschine in gutem Zustand erh\u00e4lt.<\/p>    <figure class=\"wp-block-gallery has-nested-images columns-2 is-cropped wp-block-gallery-3 is-layout-flex wp-block-gallery-is-layout-flex\"> <figure class=\"wp-block-image size-large\"><a href=\"https:\/\/www.agriculture-machine.com\/wp-content\/uploads\/2021\/06\/milking-machine-in-stock-.jpg\"><img loading=\"lazy\" decoding=\"async\" width=\"720\" height=\"540\" data-id=\"10708\" src=\"https:\/\/www.agriculture-machine.com\/wp-content\/uploads\/2021\/06\/milking-machine-in-stock-.jpg\" alt=\"Melkmaschine vorr\u00e4tig\" class=\"wp-image-10708\" srcset=\"https:\/\/www.agriculture-machine.com\/wp-content\/uploads\/2021\/06\/milking-machine-in-stock-.jpg 720w, https:\/\/www.agriculture-machine.com\/wp-content\/uploads\/2021\/06\/milking-machine-in-stock--360x270.jpg 360w, https:\/\/www.agriculture-machine.com\/wp-content\/uploads\/2021\/06\/milking-machine-in-stock--240x180.jpg 240w\" sizes=\"auto, (max-width: 720px) 100vw, 720px\" \/><\/a><figcaption class=\"wp-element-caption\">Melkmaschine vorr\u00e4tig<\/figcaption><\/figure>    <figure class=\"wp-block-image size-large\"><a href=\"https:\/\/www.agriculture-machine.com\/wp-content\/uploads\/2021\/06\/Milking-machine-in-stock.jpg\"><img loading=\"lazy\" decoding=\"async\" width=\"720\" height=\"540\" data-id=\"10709\" src=\"https:\/\/www.agriculture-machine.com\/wp-content\/uploads\/2021\/06\/Milking-machine-in-stock.jpg\" alt=\"Melkmaschine vorr\u00e4tig\" class=\"wp-image-10709\" srcset=\"https:\/\/www.agriculture-machine.com\/wp-content\/uploads\/2021\/06\/Milking-machine-in-stock.jpg 720w, https:\/\/www.agriculture-machine.com\/wp-content\/uploads\/2021\/06\/Milking-machine-in-stock-360x270.jpg 360w, https:\/\/www.agriculture-machine.com\/wp-content\/uploads\/2021\/06\/Milking-machine-in-stock-240x180.jpg 240w\" sizes=\"auto, (max-width: 720px) 100vw, 720px\" \/><\/a><figcaption class=\"wp-element-caption\">Melkmaschine vorr\u00e4tig<\/figcaption><\/figure>    <figure class=\"wp-block-image size-large\"><a href=\"https:\/\/www.agriculture-machine.com\/wp-content\/uploads\/2021\/06\/packing-of-cow-milking-machine.jpg\"><img loading=\"lazy\" decoding=\"async\" width=\"720\" height=\"540\" data-id=\"10710\" src=\"https:\/\/www.agriculture-machine.com\/wp-content\/uploads\/2021\/06\/packing-of-cow-milking-machine.jpg\" alt=\"Verpackung der Kuhmelkmaschine\" class=\"wp-image-10710\" srcset=\"https:\/\/www.agriculture-machine.com\/wp-content\/uploads\/2021\/06\/packing-of-cow-milking-machine.jpg 720w, https:\/\/www.agriculture-machine.com\/wp-content\/uploads\/2021\/06\/packing-of-cow-milking-machine-360x270.jpg 360w, https:\/\/www.agriculture-machine.com\/wp-content\/uploads\/2021\/06\/packing-of-cow-milking-machine-240x180.jpg 240w\" sizes=\"auto, (max-width: 720px) 100vw, 720px\" \/><\/a><figcaption class=\"wp-element-caption\">Verpackung der Kuhmelkmaschine<\/figcaption><\/figure>    <figure class=\"wp-block-image size-large\"><a href=\"https:\/\/www.agriculture-machine.com\/wp-content\/uploads\/2021\/06\/shipping-of-goat-milking-machine.jpg\"><img loading=\"lazy\" decoding=\"async\" width=\"720\" height=\"540\" data-id=\"10711\" src=\"https:\/\/www.agriculture-machine.com\/wp-content\/uploads\/2021\/06\/shipping-of-goat-milking-machine.jpg\" alt=\"Versand der Ziege-Melkanlage\" class=\"wp-image-10711\" srcset=\"https:\/\/www.agriculture-machine.com\/wp-content\/uploads\/2021\/06\/shipping-of-goat-milking-machine.jpg 720w, https:\/\/www.agriculture-machine.com\/wp-content\/uploads\/2021\/06\/shipping-of-goat-milking-machine-360x270.jpg 360w, https:\/\/www.agriculture-machine.com\/wp-content\/uploads\/2021\/06\/shipping-of-goat-milking-machine-240x180.jpg 240w\" sizes=\"auto, (max-width: 720px) 100vw, 720px\" \/><\/a><figcaption class=\"wp-element-caption\">Versand der Ziege-Melkanlage<\/figcaption><\/figure> <\/figure>","protected":false},"excerpt":{"rendered":"<p>Dieser Artikel zeigt den Typ der Kuhmelkmaschine. Wir haben Pistonmelkmaschinen, Vakuummelkmaschinen. Sie ist geeignet f\u00fcr Ziegen, K\u00fche usw.<\/p>","protected":false},"author":1,"featured_media":10704,"parent":0,"comment_status":"closed","ping_status":"closed","template":"","tags":[947,946],"product-type":[1],"class_list":["post-10692","product","type-product","status-publish","has-post-thumbnail","hentry","tag-cow","tag-goat","product-type-other"],"_links":{"self":[{"href":"https:\/\/www.agriculture-machine.com\/de\/wp-json\/wp\/v2\/product\/10692","targetHints":{"allow":["GET"]}}],"collection":[{"href":"https:\/\/www.agriculture-machine.com\/de\/wp-json\/wp\/v2\/product"}],"about":[{"href":"https:\/\/www.agriculture-machine.com\/de\/wp-json\/wp\/v2\/types\/product"}],"author":[{"embeddable":true,"href":"https:\/\/www.agriculture-machine.com\/de\/wp-json\/wp\/v2\/users\/1"}],"replies":[{"embeddable":true,"href":"https:\/\/www.agriculture-machine.com\/de\/wp-json\/wp\/v2\/comments?post=10692"}],"wp:featuredmedia":[{"embeddable":true,"href":"https:\/\/www.agriculture-machine.com\/de\/wp-json\/wp\/v2\/media\/10704"}],"wp:attachment":[{"href":"https:\/\/www.agriculture-machine.com\/de\/wp-json\/wp\/v2\/media?parent=10692"}],"wp:term":[{"taxonomy":"post_tag","embeddable":true,"href":"https:\/\/www.agriculture-machine.com\/de\/wp-json\/wp\/v2\/tags?post=10692"},{"taxonomy":"product-type","embeddable":true,"href":"https:\/\/www.agriculture-machine.com\/de\/wp-json\/wp\/v2\/product-type?post=10692"}],"curies":[{"name":"wp","href":"https:\/\/api.w.org\/{rel}","templated":true}]}}