{"id":10716,"date":"2021-06-17T18:25:19","date_gmt":"2021-06-17T10:25:19","guid":{"rendered":"https:\/\/www.agriculture-machine.com\/?p=10716"},"modified":"2024-10-24T14:11:26","modified_gmt":"2024-10-24T06:11:26","slug":"small-sweet-corn-sheller-for-fresh-maize","status":"publish","type":"product","link":"https:\/\/www.agriculture-machine.com\/de\/small-sweet-corn-sheller-for-fresh-maize\/","title":{"rendered":"Frischer Mais-Sch\u00e4ler | S\u00fc\u00dfer Mais-Sch\u00e4lmaschine | S\u00fc\u00dfer Mais-Sch\u00e4ler"},"content":{"rendered":"<p class=\"translation-block\">Der <strong>frische Mais-Drescher<\/strong> kann alle Arten von frischem Mais, S\u00fc\u00dfmais, waxy Mais, gekochtem Mais und aufgetautem Mais dreschen. Er verarbeitet bis zu 600 kg frische Maisk\u00f6rner pro Stunde, was die Effizienz im Vergleich zur traditionellen manuellen Dreschung um mehr als 30-mal erh\u00f6ht und das Problem des Arbeitskr\u00e4ftemangels sowie der niedrigen Effizienz w\u00e4hrend der arbeitsreichen Landwirtschaftssaison vollst\u00e4ndig l\u00f6st.<\/p>    <p>Das einzigartige Anti-Sch\u00e4digungs-Design des S\u00fc\u00dfmais-Sch\u00e4lers sorgt daf\u00fcr, dass jeder Maiskorn voll und unbesch\u00e4digt bleibt, und die Dreschrate liegt bei bis zu 98%. Es eignet sich f\u00fcr Fabriken und Unternehmen wie Zentral-K\u00fcchen, Konserven-Mais, Schnellgefroren-Mais, Maiskornfabriken, Trockenlebensmittelverarbeitung, landwirtschaftliche Nebenprodukte usw.<\/p>    <figure class=\"wp-block-embed aligncenter is-type-video is-provider-youtube wp-block-embed-youtube wp-embed-aspect-16-9 wp-has-aspect-ratio\"><div class=\"wp-block-embed__wrapper\"> <iframe loading=\"lazy\" title=\"Edelstahl-Frischmais-Sch\u00e4lmaschine! Sauberer Drescher f\u00fcr S\u00fc\u00dfmais zum Verkauf\" width=\"500\" height=\"281\" src=\"https:\/\/www.youtube.com\/embed\/f_IO5_pMlug?feature=oembed\" frameborder=\"0\" allow=\"accelerometer; autoplay; clipboard-write; encrypted-media; gyroscope; picture-in-picture; web-share\" referrerpolicy=\"strict-origin-when-cross-origin\" allowfullscreen><\/iframe> <\/div><figcaption class=\"wp-element-caption\">Wie funktioniert die S\u00fc\u00dfmais-Sch\u00e4lmaschine<\/figcaption><\/figure>    <p>Mehrere S\u00fc\u00dfmais-Sch\u00e4ler k\u00f6nnen mit gro\u00dfen Montagelinien arbeiten, z.B. Mais-Dresch- und Waschanlagen. Eine einzelne Maschine kann f\u00fcr die Lebensmittelverarbeitung, z.B. Konservenproduktion und -verarbeitung, verwendet werden.<\/p>    <figure class=\"wp-block-image aligncenter size-large\"><img loading=\"lazy\" decoding=\"async\" width=\"720\" height=\"540\" src=\"https:\/\/www.agriculture-machine.com\/wp-content\/uploads\/2021\/06\/Sweet-corn-sheller.jpg\" alt=\"S\u00fc\u00dfmais-Sch\u00e4ler\" class=\"wp-image-10718\" srcset=\"https:\/\/www.agriculture-machine.com\/wp-content\/uploads\/2021\/06\/Sweet-corn-sheller.jpg 720w, https:\/\/www.agriculture-machine.com\/wp-content\/uploads\/2021\/06\/Sweet-corn-sheller-360x270.jpg 360w, https:\/\/www.agriculture-machine.com\/wp-content\/uploads\/2021\/06\/Sweet-corn-sheller-240x180.jpg 240w\" sizes=\"auto, (max-width: 720px) 100vw, 720px\" \/><figcaption class=\"wp-element-caption\">S\u00fc\u00dfmais-Sch\u00e4ler<\/figcaption><\/figure>    <h2 class=\"wp-block-heading\" id=\"h-structure-of-the-fresh-corn-threshing-machine\">Struktur und Merkmale des Frischmais-Dreschers<\/h2>    <p>Die gesamte Frischmais-Dreschmaschine ist aus Edelstahl gefertigt, was sich vollst\u00e4ndig an die feuchte Umgebung des Verarbeitungszentrums anpassen kann. Die wichtigsten Komponenten sind in der Abbildung unten dargestellt.<\/p>    <ul class=\"wp-block-list\"> <li><strong>Vern\u00fcnftiges Design:<\/strong> Die gesamte Maschine ist aus Edelstahl gefertigt und l\u00e4sst sich leicht mit Rollen bewegen. Der Frequenzumrichter steuert die Geschwindigkeit, und die Bedienung ist einfach.<\/li>    <li><strong>Bequeme Zuf\u00fctterung: <\/strong>Der Zuf\u00fchrungsport ist mit einer Kettenzuf\u00fchrvorrichtung ausgestattet, die die Arbeitseffizienz effektiv verbessert.<\/li>    <li><strong>Entlade\u00f6ffnung: <\/strong>Es ist mit einem Gebl\u00e4se ausgestattet, um die Maisk\u00f6rner nach dem Entfernen sauber und sch\u00f6n zu machen.<\/li>    <li><strong>Hohe Anpassungsf\u00e4higkeit: <\/strong>Sie ist nicht nur f\u00fcr die Gro\u00dfproduktion in Fabriken und Montagelinien geeignet, sondern auch f\u00fcr die Verarbeitung in Familienwerkst\u00e4tten.<\/li>    <li><strong>Hohe Dreschrate: <\/strong>Geeignet f\u00fcr das Dreschen verschiedener Maisgr\u00f6\u00dfen, und die Dreschtiefe ist einstellbar.<\/li>    <li><strong>Langlebige Messertools: <\/strong>Sie sind aus speziellem Edelstahl gefertigt, durchlaufen eine spezielle Behandlung, ben\u00f6tigen kein langes Sch\u00e4rfen und sind langlebig.<\/li> <\/ul>    <figure class=\"wp-block-image aligncenter size-large is-resized\"><img loading=\"lazy\" decoding=\"async\" width=\"720\" height=\"540\" src=\"https:\/\/www.agriculture-machine.com\/wp-content\/uploads\/2021\/06\/Sweet-corn-thresher-structure.jpg\" alt=\"Struktur des S\u00fc\u00dfmais-Dreschers\" class=\"wp-image-10719\" style=\"width:720px;height:auto\" srcset=\"https:\/\/www.agriculture-machine.com\/wp-content\/uploads\/2021\/06\/Sweet-corn-thresher-structure.jpg 720w, https:\/\/www.agriculture-machine.com\/wp-content\/uploads\/2021\/06\/Sweet-corn-thresher-structure-360x270.jpg 360w, https:\/\/www.agriculture-machine.com\/wp-content\/uploads\/2021\/06\/Sweet-corn-thresher-structure-240x180.jpg 240w\" sizes=\"auto, (max-width: 720px) 100vw, 720px\" \/><figcaption class=\"wp-element-caption\">Struktur des S\u00fc\u00dfmais-Dreschers<\/figcaption><\/figure>    <h2 class=\"wp-block-heading\" id=\"h-introduction-of-threshing-sweet-corn\">Funktionsprinzip des Dreschens von S\u00fc\u00dfmais<\/h2>    <h3 class=\"wp-block-heading\" id=\"h-place-peeled-fresh-corn-on-the-conveyor-chain\">Frischen gesch\u00e4lten Mais auf die F\u00f6rderkette legen<\/h3>    <ul class=\"wp-block-list\"> <li>Der Mais wird einzeln durch die F\u00f6rderkette in die Maschine gef\u00fcttert.<\/li>    <li>Das F\u00f6rdersystem verwendet eine Edelstahlkette f\u00fcr gleichm\u00e4\u00dfigen Transport. V=15 m\/min.<\/li>    <li>Maiszuf\u00fctterung.<\/li>    <li>Der Gummiwalze dreht sich in Richtung des Pfeils, greift und transportiert den Maiskolben in den Schneidkopf.<\/li>    <li>Der Gummiwalze besteht aus einem speziellen ungiftigen Material mit weicher und elastischer Textur. Er sorgt daf\u00fcr, dass der ultra-d\u00fcnne Mais nicht bricht oder platzt.<\/li> <\/ul>    <figure class=\"wp-block-image aligncenter size-large is-resized\"><img loading=\"lazy\" decoding=\"async\" width=\"720\" height=\"540\" src=\"https:\/\/www.agriculture-machine.com\/wp-content\/uploads\/2021\/06\/corn.jpg\" alt=\"Innerer Aufbau\" class=\"wp-image-10720\" style=\"width:540px;height:405px\" srcset=\"https:\/\/www.agriculture-machine.com\/wp-content\/uploads\/2021\/06\/corn.jpg 720w, https:\/\/www.agriculture-machine.com\/wp-content\/uploads\/2021\/06\/corn-360x270.jpg 360w, https:\/\/www.agriculture-machine.com\/wp-content\/uploads\/2021\/06\/corn-240x180.jpg 240w\" sizes=\"auto, (max-width: 720px) 100vw, 720px\" \/><figcaption class=\"wp-element-caption\">Innerer Aufbau<\/figcaption><\/figure>    <h3 class=\"wp-block-heading\" id=\"h-core-structure-separation-of-kernel-and-stem\">Kern- und St\u00e4ngeltrennung<\/h3>    <ul class=\"wp-block-list\"> <li>Einzigartige Messer und Schneidk\u00f6pfe k\u00f6nnen Maiskolben unterschiedlicher Durchmesser leicht schneiden. <\/li>    <li>Ein f\u00fcnfteiliger Messerrotator rotiert mit hoher Geschwindigkeit, nahe am Maiskolben. <\/li>    <li>Der Schneidkopf dreht sich gegen den Uhrzeigersinn, um die Maiskolben zu schneiden. <\/li>    <li>Das Schneidwerkzeug besteht aus hochharten, z\u00e4hen und verschlei\u00dffesten Materialien. Es hat mehrere Entwicklungsphasen durchlaufen, was die Sch\u00e4rfzyklus erheblich verl\u00e4ngert und die Produktionseffizienz deutlich steigert.<\/li> <\/ul>    <figure class=\"wp-block-image aligncenter size-large is-resized\"><img loading=\"lazy\" decoding=\"async\" width=\"720\" height=\"540\" src=\"https:\/\/www.agriculture-machine.com\/wp-content\/uploads\/2021\/06\/maize.jpg\" alt=\"Innere Details\" class=\"wp-image-10721\" style=\"width:540px;height:405px\" srcset=\"https:\/\/www.agriculture-machine.com\/wp-content\/uploads\/2021\/06\/maize.jpg 720w, https:\/\/www.agriculture-machine.com\/wp-content\/uploads\/2021\/06\/maize-360x270.jpg 360w, https:\/\/www.agriculture-machine.com\/wp-content\/uploads\/2021\/06\/maize-240x180.jpg 240w\" sizes=\"auto, (max-width: 720px) 100vw, 720px\" \/><figcaption class=\"wp-element-caption\">Innere Details<\/figcaption><\/figure>    <h3 class=\"wp-block-heading\" id=\"h-radial-cutting-of-corn-cob\">Radiales Schneiden des Maiskolbens<\/h3>    <ul class=\"wp-block-list\"> <li>Der Schnitt ist ordentlich, glatt und trocken, ohne die Inhalte der K\u00f6rner zu besch\u00e4digen.<\/li>    <li>Die Schnitttiefe ist einstellbar und kann die Bed\u00fcrfnisse aller Nutzer erf\u00fcllen.<\/li> <\/ul>    <figure class=\"wp-block-image aligncenter size-large is-resized\"><img loading=\"lazy\" decoding=\"async\" width=\"720\" height=\"540\" src=\"https:\/\/www.agriculture-machine.com\/wp-content\/uploads\/2021\/06\/Radial-cutting.jpg\" alt=\"Radiales Schneiden\" class=\"wp-image-10722\" style=\"width:540px;height:405px\" srcset=\"https:\/\/www.agriculture-machine.com\/wp-content\/uploads\/2021\/06\/Radial-cutting.jpg 720w, https:\/\/www.agriculture-machine.com\/wp-content\/uploads\/2021\/06\/Radial-cutting-360x270.jpg 360w, https:\/\/www.agriculture-machine.com\/wp-content\/uploads\/2021\/06\/Radial-cutting-240x180.jpg 240w\" sizes=\"auto, (max-width: 720px) 100vw, 720px\" \/><figcaption class=\"wp-element-caption\">Radiales Schneiden<\/figcaption><\/figure>    <h3 class=\"wp-block-heading\" id=\"h-axial-cutting-of-corn-cob\">Axiales Schneiden des Maiskolbens<\/h3>    <ul class=\"wp-block-list\"> <li>Axial konisches Schneiden ist m\u00f6glich, was die Maiskorn-Ausbeute erheblich verbessert.<\/li>    <li>Spezialf\u00f6rmige Mais- und gebogene Maisk\u00f6rner glatt schneiden.<\/li>    <li>Die minimale L\u00e4nge des Maiskolbens zum Schneiden betr\u00e4gt 80 mm.<\/li> <\/ul>    <figure class=\"wp-block-image aligncenter size-large is-resized\"><img loading=\"lazy\" decoding=\"async\" width=\"720\" height=\"540\" src=\"https:\/\/www.agriculture-machine.com\/wp-content\/uploads\/2021\/06\/Axial-cutting.jpg\" alt=\"Axiales Schneiden\" class=\"wp-image-10723\" style=\"width:540px;height:405px\" srcset=\"https:\/\/www.agriculture-machine.com\/wp-content\/uploads\/2021\/06\/Axial-cutting.jpg 720w, https:\/\/www.agriculture-machine.com\/wp-content\/uploads\/2021\/06\/Axial-cutting-360x270.jpg 360w, https:\/\/www.agriculture-machine.com\/wp-content\/uploads\/2021\/06\/Axial-cutting-240x180.jpg 240w\" sizes=\"auto, (max-width: 720px) 100vw, 720px\" \/><figcaption class=\"wp-element-caption\">Axiales Schneiden<\/figcaption><\/figure>    <h3 class=\"wp-block-heading\" id=\"h-corn-cob-discharge\">Maiskolben-Entladung<\/h3>    <ul class=\"wp-block-list\"> <li>In der Mitte der Kunststoffrolle befindet sich eine gezahnte Scheibe.<\/li>    <li>Der Maiskolben kann gegriffen, transportiert und entladen werden.<\/li>    <li>Der Maiskolben wird coaxial durch zwei S\u00e4tze von vier Entladewagen gef\u00fchrt, was die Entladung stabilisiert und Verstopfungen vermeidet.<\/li> <\/ul>    <figure class=\"wp-block-image aligncenter size-large is-resized\"><img loading=\"lazy\" decoding=\"async\" width=\"506\" height=\"540\" src=\"https:\/\/www.agriculture-machine.com\/wp-content\/uploads\/2021\/06\/Corn-cob-discharge.jpg\" alt=\"Maiskolben-Entladung\" class=\"wp-image-10724\" style=\"width:380px;height:405px\" srcset=\"https:\/\/www.agriculture-machine.com\/wp-content\/uploads\/2021\/06\/Corn-cob-discharge.jpg 506w, https:\/\/www.agriculture-machine.com\/wp-content\/uploads\/2021\/06\/Corn-cob-discharge-253x270.jpg 253w\" sizes=\"auto, (max-width: 506px) 100vw, 506px\" \/><figcaption class=\"wp-element-caption\">Maiskolben-Entladung<\/figcaption><\/figure>    <h3 class=\"wp-block-heading\" id=\"h-electrical-control\">Elektrische Steuerung<\/h3>    <p>Der gesamte Betriebsprozess des Frischmais-Dreschers wird von einem Motor gesteuert. Die Maschine ist mit Bedienungstasten ausgestattet, und im inneren befindet sich ein Umrichter.<\/p>    <figure class=\"wp-block-image aligncenter size-large is-resized\"><img loading=\"lazy\" decoding=\"async\" width=\"720\" height=\"540\" src=\"https:\/\/www.agriculture-machine.com\/wp-content\/uploads\/2021\/06\/Electrical-control.jpg\" alt=\"Elektrische Steuerung\" class=\"wp-image-10725\" style=\"width:540px;height:405px\" srcset=\"https:\/\/www.agriculture-machine.com\/wp-content\/uploads\/2021\/06\/Electrical-control.jpg 720w, https:\/\/www.agriculture-machine.com\/wp-content\/uploads\/2021\/06\/Electrical-control-360x270.jpg 360w, https:\/\/www.agriculture-machine.com\/wp-content\/uploads\/2021\/06\/Electrical-control-240x180.jpg 240w\" sizes=\"auto, (max-width: 720px) 100vw, 720px\" \/><figcaption class=\"wp-element-caption\">Elektrische Steuerung<\/figcaption><\/figure>    <h2 class=\"wp-block-heading\" id=\"h-application-of-fresh-corn-thresher-in-the-production-line\">Anwendung des Frischmais-Dreschers in Produktionslinien<\/h2>    <p>In der Konservenverarbeitungsanlage f\u00fcr Mais k\u00f6nnen bei gro\u00dfem gleichzeitigen Kapazit\u00e4tsbedarf mehrere Frischmais-Drescher eingesetzt werden. Sie k\u00f6nnen gewaschen, verpackt, eingefroren und nach dem Dreschen verkauft werden.<\/p>    <figure class=\"wp-block-image aligncenter size-large\"><img loading=\"lazy\" decoding=\"async\" width=\"720\" height=\"540\" src=\"https:\/\/www.agriculture-machine.com\/wp-content\/uploads\/2021\/06\/Sweet-corn-thresher-in-production-line.jpg\" alt=\"S\u00fc\u00dfmais-Drescher in der Produktionslinie\" class=\"wp-image-10727\" srcset=\"https:\/\/www.agriculture-machine.com\/wp-content\/uploads\/2021\/06\/Sweet-corn-thresher-in-production-line.jpg 720w, https:\/\/www.agriculture-machine.com\/wp-content\/uploads\/2021\/06\/Sweet-corn-thresher-in-production-line-360x270.jpg 360w, https:\/\/www.agriculture-machine.com\/wp-content\/uploads\/2021\/06\/Sweet-corn-thresher-in-production-line-240x180.jpg 240w\" sizes=\"auto, (max-width: 720px) 100vw, 720px\" \/><figcaption class=\"wp-element-caption\">S\u00fc\u00dfmaissch\u00e4ler in der Produktionslinie<\/figcaption><\/figure>    <h2 class=\"wp-block-heading\">Vorteile des S\u00fc\u00dfmaissch\u00e4lers<\/h2>    <p>Heutzutage verwenden Menschen in ihrem Alltag Konserven, verschiedene Mais-Beilagen und Mais. Daher besteht eine hohe Nachfrage nach frischem Mais. Die Produktion von gro\u00dfen Mengen an frischem Mais ist zu einem g\u00e4ngigen Ph\u00e4nomen geworden. Das Maschinenmaterial ist lebensmittelechter Edelstahl, der saubere und hygienische Maisk\u00f6rner produziert.<\/p>    <ul class=\"wp-block-list\"> <li><strong>Erh\u00f6hte Effizienz:<\/strong> S\u00fc\u00dfmaissch\u00e4ler k\u00f6nnen gro\u00dfe Mengen Mais in kurzer Zeit verarbeiten, was dazu beitr\u00e4gt, Arbeitskosten zu senken und die Produktivit\u00e4t gro\u00dfer Maisverarbeitungsanlagen zu steigern.<\/li>    <li><strong>Konsistenz:<\/strong> Frischmais-Drescher k\u00f6nnen Mais gleichm\u00e4\u00dfig und nahezu ohne Bruch sch\u00e4len, was die Gesamtqualit\u00e4t des Mais verbessert und Abfall reduziert.<\/li>    <li><strong>Verbesserte Lebensmittelsicherheit:<\/strong> S\u00fc\u00dfmais-Drescher sind so konzipiert, dass sie Maisk\u00f6rner ohne Kontamination sch\u00e4len, was besonders f\u00fcr Unternehmen wichtig ist, die S\u00fc\u00dfmais als Lebensmittel verkaufen.<\/li>    <li><strong>Anpassungsf\u00e4hig:<\/strong> Der Dreschabschnitt unserer S\u00fc\u00dfmaissch\u00e4ler passt sich automatisch an die spezifische Maisgr\u00f6\u00dfe an, sodass sie Mais aller Durchmessergr\u00f6\u00dfen verarbeiten k\u00f6nnen.<\/li> <\/ul>    <figure class=\"wp-block-image aligncenter size-full\"><img loading=\"lazy\" decoding=\"async\" width=\"720\" height=\"540\" src=\"https:\/\/www.agriculture-machine.com\/wp-content\/uploads\/2023\/04\/sweet-corn-shelling-machine-.webp\" alt=\"S\u00fc\u00dfmais-Sch\u00e4ler\" class=\"wp-image-14539\" title=\"S\u00fc\u00dfmais-Sch\u00e4ler\"\/><figcaption class=\"wp-element-caption\">S\u00fc\u00dfmais-Sch\u00e4ler<\/figcaption><\/figure>    <p>In der Regel verwenden gro\u00dfe Frischmaisverarbeitungsanlagen mehr als eine Frischmais-Dreschmaschine, um gleichzeitig zu starten.<\/p>    <figure class=\"wp-block-image aligncenter size-full\"><img loading=\"lazy\" decoding=\"async\" width=\"720\" height=\"540\" src=\"https:\/\/www.agriculture-machine.com\/wp-content\/uploads\/2023\/04\/fresh-corn-thresher-.webp\" alt=\"Frischer Mais-Drescher\" class=\"wp-image-14542\" title=\"Frischer Mais-Drescher\"\/><figcaption class=\"wp-element-caption\">Frischer Mais-Drescher<\/figcaption><\/figure>    <h2 class=\"wp-block-heading\">S\u00fc\u00dfmais-Sch\u00e4ler technische Informationen<\/h2>    <figure class=\"wp-block-table is-style-stripes\"><table><tbody><tr><td>Modell<\/td><td>HYMZ-268<\/td><td>HYMZ-368<\/td><\/tr><tr><td>Spannung<\/td><td>220V 1 Phase<\/td><td>220V 1 Phase<\/td><\/tr><tr><td>Motor<\/td><td>1HP 1\/2HP 1\/4HP<\/td><td>1HP 1\/2HP 1\/4HP<\/td><\/tr><tr><td>Produktion<\/td><td>400-500kg\/h (nur Samen)<\/td><td>600kg\/h (nur Samen)<\/td><\/tr><tr><td>Eingabekonveiorgr\u00f6\u00dfe<\/td><td>Ohne<\/td><td>690*260*380mm<\/td><\/tr><tr><td>Maschinengr\u00f6\u00dfe<\/td><td>630*620*1250mm<\/td><td>1320*620*1250mm<\/td><\/tr><tr><td>Maschinengewicht<\/td><td>100kg<\/td><td>100kg<\/td><\/tr><\/tbody><\/table><figcaption class=\"wp-element-caption\">Parameter des S\u00fc\u00dfmais-Sch\u00e4lers<\/figcaption><\/figure>    <h2 class=\"wp-block-heading\">Frischer Mais-Sch\u00e4ler nach Amerika verkauft<\/h2>    <p>Ein Kunde aus den USA hat einen Frischmais-Drescher f\u00fcr den eigenen Gebrauch gekauft. W\u00e4hrend der Kommunikation mit dem Kunden stellen wir alle Informationen \u00fcber die Maschine bereit, z.B. Bilder, Videos, Parameter, Struktur usw.<\/p>    <p>Wir sind auch bereit, alle Fragen des Kunden zur Maschine zu beantworten. Zus\u00e4tzlich zum Frischmais-Drescher hat der Kunde auch ein Messersatzset gekauft. <\/p>    <p>Nachdem der Kunde den Frischmais-Drescher gekauft hat, stellen wir das Handbuch und die Bedienungsanleitung bereit. Daher muss sich der Kunde keine Sorgen machen, dass er nicht wei\u00df, wie man die Maschine bedient.<\/p>    <figure class=\"wp-block-gallery has-nested-images columns-default is-cropped wp-block-gallery-2 is-layout-flex wp-block-gallery-is-layout-flex\"> <figure class=\"wp-block-image size-large\"><img loading=\"lazy\" decoding=\"async\" width=\"720\" height=\"540\" data-id=\"14544\" src=\"https:\/\/www.agriculture-machine.com\/wp-content\/uploads\/2023\/04\/wooden-case-packing-of-the-fresh-corn-thresher-.webp\" alt=\"Verpackung im Holzrahmen des Frischmais-Dreschers\" class=\"wp-image-14544\" title=\"Verpackung im Holzrahmen des Frischmais-Dreschers\"\/><figcaption class=\"wp-element-caption\">Verpackung im Holzrahmen des Frischmais-Dreschers<\/figcaption><\/figure>    <figure class=\"wp-block-image size-large\"><img loading=\"lazy\" decoding=\"async\" width=\"720\" height=\"540\" data-id=\"14545\" src=\"https:\/\/www.agriculture-machine.com\/wp-content\/uploads\/2023\/04\/packed-sweet-corn-sheller-.webp\" alt=\"Verpackter S\u00fc\u00dfmais-Sch\u00e4ler\" class=\"wp-image-14545\" title=\"Verpackter S\u00fc\u00dfmais-Sch\u00e4ler \"\/><figcaption class=\"wp-element-caption\">Verpackter S\u00fc\u00dfmais-Sch\u00e4ler<\/figcaption><\/figure>    <figure class=\"wp-block-image size-large\"><img loading=\"lazy\" decoding=\"async\" width=\"720\" height=\"540\" data-id=\"14546\" src=\"https:\/\/www.agriculture-machine.com\/wp-content\/uploads\/2023\/04\/spare-parts-.webp\" alt=\"Ersatzteile der Maschine\" class=\"wp-image-14546\" title=\"Ersatzteile\"\/><figcaption class=\"wp-element-caption\">Ersatzteile der Maschine<\/figcaption><\/figure> <\/figure>    <h2 class=\"wp-block-heading\">FAQ zum S\u00fc\u00dfmais-Drescher<\/h2>   <div id=\"rank-math-faq\" class=\"rank-math-block\"> <div class=\"rank-math-list\"> <div id=\"faq-question-63172586910d0\" class=\"rank-math-list-item\"> <h3 class=\"rank-math-question\">Kann dieses Ger\u00e4t Mais sch\u00e4len?<\/h3> <div class=\"rank-math-answer\">  <p class=\"translation-block\">Nein, beim Dreschen mit einem S\u00fc\u00dfmais-Drescher muss die H\u00fclse entfernt werden, bevor man sie in die Maschine gibt. Wir haben andere Arten von <a href=\"https:\/\/www.agriculture-machine.com\/de\/maize-peeler-and-thresher\/\">Mais-Sch\u00e4l- und Dreschmaschinen<\/a>.<\/p>  <\/div> <\/div> <div id=\"faq-question-63172586910d5\" class=\"rank-math-list-item\"> <h3 class=\"rank-math-question\">Ist die Geschwindigkeit des Messers einstellbar?<\/h3> <div class=\"rank-math-answer\">  <p>Die Drehzahl des Messers wird durch den Frequenzumrichter gesteuert, die Zuf\u00fchrgeschwindigkeit ist festgelegt.<\/p>  <\/div> <\/div> <div id=\"faq-question-63172586910d6\" class=\"rank-math-list-item\"> <h3 class=\"rank-math-question\">Kann Mais zur\u00fcckgezogen werden?<\/h3> <div class=\"rank-math-answer\">  <p>Ja, das ist m\u00f6glich. Der Frischmais-Drescher ist mit einer Zuf\u00fchrrad-Umdrehung und -R\u00fccklaufvorrichtung ausgestattet. Wenn der Maiskolben zerbrochen oder stecken bleibt, dr\u00fccken Sie die R\u00fccklauf-Taste, um ihn reibungslos auszugeben.<\/p>  <\/div> <\/div> <div id=\"faq-question-63172586910d7\" class=\"rank-math-list-item\"> <h3 class=\"rank-math-question\">Was ist die Ausbeute eines Frischmais-Dreschers?<\/h3> <div class=\"rank-math-answer\">  <p>Die Maschine kann 75 Mais pro Minute dreschen, die Ausbeute betr\u00e4gt etwa 300 kg\/h (Maisk\u00f6rner).<\/p>  <\/div> <\/div> <\/div> <\/div>   <figure class=\"wp-block-embed aligncenter is-type-video is-provider-youtube wp-block-embed-youtube wp-embed-aspect-4-3 wp-has-aspect-ratio\"><div class=\"wp-block-embed__wrapper\"> <iframe loading=\"lazy\" title=\"Frischer Mais-Sch\u00e4ler \/ Preis f\u00fcr S\u00fc\u00dfmais-Sch\u00e4ler \/ Edelstahl-Mais-Sch\u00e4lmaschine Fabrik\" width=\"500\" height=\"375\" src=\"https:\/\/www.youtube.com\/embed\/bH8ETVh9jv8?start=11&#038;feature=oembed\" frameborder=\"0\" allow=\"accelerometer; autoplay; clipboard-write; encrypted-media; gyroscope; picture-in-picture; web-share\" referrerpolicy=\"strict-origin-when-cross-origin\" allowfullscreen><\/iframe> <\/div><figcaption class=\"wp-element-caption\">Video der Edelstahl-S\u00fc\u00dfmaissch\u00e4ler in Betrieb<\/figcaption><\/figure>    <h2 class=\"wp-block-heading\">Kontaktieren Sie uns jederzeit<\/h2>    <p>Landwirte und landwirtschaftliche Unternehmer sind herzlich eingeladen, sich aktiv nach unserem Frischmais-Drescher zu erkundigen! Wir verpflichten uns, Ihnen effiziente und zuverl\u00e4ssige L\u00f6sungen anzubieten und bieten eine vollst\u00e4ndige Vorverkaufsberatung sowie After-Sales-Service-Unterst\u00fctzung. Wir freuen uns auf die Zusammenarbeit!<\/p>","protected":false},"excerpt":{"rendered":"<p>Die Frischmais-Dreschmaschine kann S\u00fc\u00dfmais, frischen S\u00fc\u00dfmais, waxy Mais, gekochten Mais und aufgetauten Mais dreschen. Die Kapazit\u00e4t betr\u00e4gt 600 kg\/h und die Dreschrate liegt bei bis zu 98 %.<\/p>","protected":false},"author":1,"featured_media":10729,"parent":0,"comment_status":"closed","ping_status":"closed","template":"","tags":[491,2614],"product-type":[893,872],"class_list":["post-10716","product","type-product","status-publish","has-post-thumbnail","hentry","tag-corn","tag-thresher","product-type-corn-thresher","product-type-thresher-sheller"],"_links":{"self":[{"href":"https:\/\/www.agriculture-machine.com\/de\/wp-json\/wp\/v2\/product\/10716","targetHints":{"allow":["GET"]}}],"collection":[{"href":"https:\/\/www.agriculture-machine.com\/de\/wp-json\/wp\/v2\/product"}],"about":[{"href":"https:\/\/www.agriculture-machine.com\/de\/wp-json\/wp\/v2\/types\/product"}],"author":[{"embeddable":true,"href":"https:\/\/www.agriculture-machine.com\/de\/wp-json\/wp\/v2\/users\/1"}],"replies":[{"embeddable":true,"href":"https:\/\/www.agriculture-machine.com\/de\/wp-json\/wp\/v2\/comments?post=10716"}],"wp:featuredmedia":[{"embeddable":true,"href":"https:\/\/www.agriculture-machine.com\/de\/wp-json\/wp\/v2\/media\/10729"}],"wp:attachment":[{"href":"https:\/\/www.agriculture-machine.com\/de\/wp-json\/wp\/v2\/media?parent=10716"}],"wp:term":[{"taxonomy":"post_tag","embeddable":true,"href":"https:\/\/www.agriculture-machine.com\/de\/wp-json\/wp\/v2\/tags?post=10716"},{"taxonomy":"product-type","embeddable":true,"href":"https:\/\/www.agriculture-machine.com\/de\/wp-json\/wp\/v2\/product-type?post=10716"}],"curies":[{"name":"wp","href":"https:\/\/api.w.org\/{rel}","templated":true}]}}