{"id":10764,"date":"2021-06-21T16:13:31","date_gmt":"2021-06-21T08:13:31","guid":{"rendered":"https:\/\/www.agriculture-machine.com\/?p=10764"},"modified":"2024-09-18T16:12:33","modified_gmt":"2024-09-18T08:12:33","slug":"small-corn-peeler-thresher-for-sale","status":"publish","type":"product","link":"https:\/\/www.agriculture-machine.com\/de\/small-corn-peeler-thresher-for-sale\/","title":{"rendered":"Kleiner Mais-Sch\u00e4ler-Reiser | Mini-Maissch\u00e4ler-Maschine"},"content":{"rendered":"<p class=\"translation-block\">Die vertikale kleine <strong>Maissch\u00e4ler-Entstapper<\/strong>-Maschine hat zwei Funktionen: Sch\u00e4len und Entstapfen. Zus\u00e4tzlich kann die Mini-Mais-Entstapper-Maschine mit Elektromotoren oder Benzinmotoren ausgestattet werden. <\/p>    <p>Die Ausgabe betr\u00e4gt 1500-2000 kg\/h (Maisk\u00f6rner), was f\u00fcr den Hausgebrauch sehr geeignet ist. Wenn Ihre Familie Mais anbaut, k\u00f6nnen Sie eine solche kleine Maissch\u00e4ler-Entstapper-Maschine kaufen, sie ist sehr praktisch zur Verarbeitung von Mais.<\/p>    <figure class=\"wp-block-embed is-type-video is-provider-youtube wp-block-embed-youtube wp-embed-aspect-16-9 wp-has-aspect-ratio\"><div class=\"wp-block-embed__wrapper\"> <iframe loading=\"lazy\" title=\"Betrieb der Hochleistungs-Maisentskampfer-Maschine | Pioneer f\u00fcr landwirtschaftliche Maschinen\" width=\"500\" height=\"281\" src=\"https:\/\/www.youtube.com\/embed\/Hfeg1nPOT2Y?feature=oembed\" frameborder=\"0\" allow=\"accelerometer; autoplay; clipboard-write; encrypted-media; gyroscope; picture-in-picture; web-share\" referrerpolicy=\"strict-origin-when-cross-origin\" allowfullscreen><\/iframe> <\/div><figcaption class=\"wp-element-caption\">Tragbare kleine Maissch\u00e4ler-Entstapper-Maschine Arbeitsvideo<\/figcaption><\/figure>    <h2 class=\"wp-block-heading\">Kurze Einf\u00fchrung in die kleine Maissch\u00e4ler-Entstapper-Maschine<\/h2>    <p>Unsere Haushalts-Maissch\u00e4ler-Entstappe-Maschine ist einfach zu bedienen und erfordert kein Personal, das erst entspelzt, bis der Mais gesch\u00e4lt ist. Die Maschine ist klein, arbeitet aber effizient, um den t\u00e4glichen Bed\u00fcrfnissen von Familien gerecht zu werden. <\/p>    <p>Au\u00dferdem funktioniert die Mais-Sch\u00e4ler-Entstapper-Maschine gut, der verarbeitete Maiskolben ist vollst\u00e4ndig und weniger zerbrochen. Er ist auch sauber und erfordert kein erneutes Durchsieben des Kolbens, was Zeit und M\u00fche spart. <\/p>    <p class=\"translation-block\">Au\u00dferdem haben wir auch gr\u00f6\u00dfere Modelle von Mais-Entstapfern, <a href=\"https:\/\/www.agriculture-machine.com\/de\/multifunctional-thresher-for-maize-beans-sorghum-millet\/\"><strong> Multifunktionale Entstapper<\/strong><\/a>, Reismus- und Weizen-Entstapfer, und <a href=\"https:\/\/www.agriculture-machine.com\/de\/small-sweet-corn-sheller-for-fresh-maize\/\"><strong>S\u00fc\u00dfmais-Entstapfer<\/strong><\/a>. Kunden k\u00f6nnen die Maschine je nach Bedarf ausw\u00e4hlen.<\/p>    <figure class=\"wp-block-gallery has-nested-images columns-default is-cropped wp-block-gallery-2 is-layout-flex wp-block-gallery-is-layout-flex\"> <figure class=\"wp-block-image size-large\"><img loading=\"lazy\" decoding=\"async\" width=\"720\" height=\"540\" data-id=\"13409\" src=\"https:\/\/www.agriculture-machine.com\/wp-content\/uploads\/2022\/05\/small-maize-peeler-and-thresher.jpg\" alt=\"kleiner Maissch\u00e4ler und Entstopper\" class=\"wp-image-13409\" title=\"kleiner Maissch\u00e4ler und Entstopper\" srcset=\"https:\/\/www.agriculture-machine.com\/wp-content\/uploads\/2022\/05\/small-maize-peeler-and-thresher.jpg 720w, https:\/\/www.agriculture-machine.com\/wp-content\/uploads\/2022\/05\/small-maize-peeler-and-thresher-360x270.jpg 360w, https:\/\/www.agriculture-machine.com\/wp-content\/uploads\/2022\/05\/small-maize-peeler-and-thresher-240x180.jpg 240w\" sizes=\"auto, (max-width: 720px) 100vw, 720px\" \/><figcaption class=\"wp-element-caption\">kleiner Maissch\u00e4ler und Entstopper<\/figcaption><\/figure>    <figure class=\"wp-block-image size-large\"><img loading=\"lazy\" decoding=\"async\" width=\"720\" height=\"540\" data-id=\"13410\" src=\"https:\/\/www.agriculture-machine.com\/wp-content\/uploads\/2022\/05\/corn-threshing-machine.jpg\" alt=\"Maisdreschmaschine\" class=\"wp-image-13410\" title=\"Maisdreschmaschine\" srcset=\"https:\/\/www.agriculture-machine.com\/wp-content\/uploads\/2022\/05\/corn-threshing-machine.jpg 720w, https:\/\/www.agriculture-machine.com\/wp-content\/uploads\/2022\/05\/corn-threshing-machine-360x270.jpg 360w, https:\/\/www.agriculture-machine.com\/wp-content\/uploads\/2022\/05\/corn-threshing-machine-240x180.jpg 240w\" sizes=\"auto, (max-width: 720px) 100vw, 720px\" \/><figcaption class=\"wp-element-caption\">Maisdreschmaschine<\/figcaption><\/figure>    <figure class=\"wp-block-image size-large\"><img loading=\"lazy\" decoding=\"async\" width=\"720\" height=\"540\" data-id=\"13411\" src=\"https:\/\/www.agriculture-machine.com\/wp-content\/uploads\/2022\/05\/mini-corn-thresher.jpg\" alt=\"Mini-Maisentstapper\" class=\"wp-image-13411\" title=\"Mini-Maisentstapper\" srcset=\"https:\/\/www.agriculture-machine.com\/wp-content\/uploads\/2022\/05\/mini-corn-thresher.jpg 720w, https:\/\/www.agriculture-machine.com\/wp-content\/uploads\/2022\/05\/mini-corn-thresher-360x270.jpg 360w, https:\/\/www.agriculture-machine.com\/wp-content\/uploads\/2022\/05\/mini-corn-thresher-240x180.jpg 240w\" sizes=\"auto, (max-width: 720px) 100vw, 720px\" \/><figcaption class=\"wp-element-caption\">Mini-Maisentstapper<\/figcaption><\/figure> <\/figure>    <h2 class=\"wp-block-heading\">Aufbau der kleinma\u00dfst\u00e4blichen Maisentstapfer-Maschine<\/h2>    <p>Diese kleinma\u00dfst\u00e4bliche Mais-Entstapfer-Maschine besteht haupts\u00e4chlich aus dem Materialeinlass, dem Rahmen, der Leistung (Elektromotor oder Benzinmotor), dem Maiskorn-Ausgang, dem Sch\u00e4le- und Entstappe-Kammer, dem Ventilator usw. <\/p>    <figure class=\"wp-block-image aligncenter size-full\"><img loading=\"lazy\" decoding=\"async\" width=\"720\" height=\"540\" src=\"https:\/\/www.agriculture-machine.com\/wp-content\/uploads\/2022\/05\/small-scale-corn-threshing-machines-structure.jpg\" alt=\"Struktur der kleinen Mais-Entstapper-Maschine\" class=\"wp-image-13406\" title=\"Struktur der kleinen Mais-Entstapper-Maschine\" srcset=\"https:\/\/www.agriculture-machine.com\/wp-content\/uploads\/2022\/05\/small-scale-corn-threshing-machines-structure.jpg 720w, https:\/\/www.agriculture-machine.com\/wp-content\/uploads\/2022\/05\/small-scale-corn-threshing-machines-structure-360x270.jpg 360w, https:\/\/www.agriculture-machine.com\/wp-content\/uploads\/2022\/05\/small-scale-corn-threshing-machines-structure-240x180.jpg 240w\" sizes=\"auto, (max-width: 720px) 100vw, 720px\" \/><figcaption class=\"wp-element-caption\">small-scale corn threshing machine&#8217;s structure<\/figcaption><\/figure>    <h2 class=\"wp-block-heading\" id=\"h-5-reasons-to-use-the-mini-corn-thresher-machine\">5 Gr\u00fcnde, die Mini-Mais-Entstapper-Maschine zu verwenden<\/h2>    <ol class=\"wp-block-list\"> <li>The threshing effect is high. Its capacity is 2000 kg per hour. So, it can meet people&#8217;s threshing needs, when the corn is harvested.<\/li>    <li>High removal rate. It has a 99% removal rate. So we don&#8217;t need to worry about missing a lot of corn seeds.<\/li>    <li>Der Futterstutzen ist gro\u00df, die Breite des Futterstutzens betr\u00e4gt 330 mm und 360 mm L\u00e4nge. Er kann viel Mais auf einmal zuf\u00fchren. So spart man Zeit und Energie, wenn wir diese Haushaltskleine Maissch\u00e4ler-Entstapper-Maschine verwenden.<\/li>    <li>Die Samen und Kolben werden automatisch getrennt mit weniger Zeit und M\u00fche, und die Kolben und K\u00f6rner werden automatisch getrennt.<\/li>    <li>Mit mehreren Funktionen kann sie Sch\u00e4len und Entstapfen durchf\u00fchren.<\/li> <\/ol>    <figure class=\"wp-block-image aligncenter size-full\"><img loading=\"lazy\" decoding=\"async\" width=\"720\" height=\"540\" src=\"https:\/\/www.agriculture-machine.com\/wp-content\/uploads\/2022\/05\/traditional-threshing-method.jpg\" alt=\"traditionelle Schleudern\/Entstapfen Methode\" class=\"wp-image-13412\" title=\"traditionelle Schleudern\/Entstapfen Methode\" srcset=\"https:\/\/www.agriculture-machine.com\/wp-content\/uploads\/2022\/05\/traditional-threshing-method.jpg 720w, https:\/\/www.agriculture-machine.com\/wp-content\/uploads\/2022\/05\/traditional-threshing-method-360x270.jpg 360w, https:\/\/www.agriculture-machine.com\/wp-content\/uploads\/2022\/05\/traditional-threshing-method-240x180.jpg 240w\" sizes=\"auto, (max-width: 720px) 100vw, 720px\" \/><figcaption class=\"wp-element-caption\">traditionelle Schleudern\/Entstapfen Methode<\/figcaption><\/figure>    <h2 class=\"wp-block-heading\" id=\"h-advantages-of-small-maize-peeler-and-thresher-machine\">Vorteile des kleinen Maisk\u00f6rner-Sch\u00e4ler-Entstappers<\/h2>    <p>Der Mini-Maissch\u00e4ler-Entstapper hat einen verdickten und verst\u00e4rkten Rahmen. Dadurch hat er eine l\u00e4ngere Lebensdauer. Gleichzeitig sorgt ein stabiler Rahmen daf\u00fcr, dass die Entstapper-Maschine stabil und haltbar arbeitet. Der vertikale Mais-Entstapper besitzt einen besonders leistungsstarken Ventilator, die Maisk\u00f6rner nach dem Entstappen sind besonders sauber. So k\u00f6nnen die K\u00f6rner direkt verkauft werden.<\/p>    <figure class=\"wp-block-image aligncenter size-full\"><img loading=\"lazy\" decoding=\"async\" width=\"720\" height=\"540\" src=\"https:\/\/www.agriculture-machine.com\/wp-content\/uploads\/2022\/05\/maize-peeler-and-thresher-machine.jpg\" alt=\"Mais-Entkerner und -Entstoppmaschinene\" class=\"wp-image-13413\" title=\"Mais-Entkerner und -Entstoppmaschinene\" srcset=\"https:\/\/www.agriculture-machine.com\/wp-content\/uploads\/2022\/05\/maize-peeler-and-thresher-machine.jpg 720w, https:\/\/www.agriculture-machine.com\/wp-content\/uploads\/2022\/05\/maize-peeler-and-thresher-machine-360x270.jpg 360w, https:\/\/www.agriculture-machine.com\/wp-content\/uploads\/2022\/05\/maize-peeler-and-thresher-machine-240x180.jpg 240w\" sizes=\"auto, (max-width: 720px) 100vw, 720px\" \/><figcaption class=\"wp-element-caption\">Mais-Entkerner und -Entstoppmaschinene<\/figcaption><\/figure>    <h2 class=\"wp-block-heading\" id=\"h-use-of-small-corn-peeler-thresher\">Verwendung eines kleinen Maissch\u00e4ler-Entmanners<\/h2>    <ol class=\"wp-block-list\"> <li>Zuerst starten Sie den Mais-Sch\u00e4ler-Entstapper. Pr\u00fcfen Sie, ob es Probleme mit der Maschine gibt. <\/li>    <li>Wenn mit der Maschine kein Problem besteht, den Mais direkt in den Maschinen-Einlass legen. <\/li>    <li>Then the maize peeler and thresher&#8217;s threshing device will work. <\/li>    <li>Schlie\u00dflich f\u00fchrt die Maschine die Maiskolben, Schalenreste und K\u00f6rner \u00fcber verschiedene Ausl\u00e4ufe ab. <\/li>    <li>Legen Sie einfach den Mais in die Maschine, und die Maschine kann automatisch Sch\u00e4len und Entstappen durchf\u00fchren.<\/li> <\/ol>    <figure class=\"wp-block-gallery has-nested-images columns-default is-cropped wp-block-gallery-3 is-layout-flex wp-block-gallery-is-layout-flex\"> <figure class=\"wp-block-image size-large\"><a href=\"https:\/\/www.agriculture-machine.com\/wp-content\/uploads\/2021\/06\/Use-of-small-corn-peeler-thresher.jpg\"><img loading=\"lazy\" decoding=\"async\" width=\"415\" height=\"540\" data-id=\"10778\" src=\"https:\/\/www.agriculture-machine.com\/wp-content\/uploads\/2021\/06\/Use-of-small-corn-peeler-thresher.jpg\" alt=\"\" class=\"wp-image-10778\" srcset=\"https:\/\/www.agriculture-machine.com\/wp-content\/uploads\/2021\/06\/Use-of-small-corn-peeler-thresher.jpg 415w, https:\/\/www.agriculture-machine.com\/wp-content\/uploads\/2021\/06\/Use-of-small-corn-peeler-thresher-208x270.jpg 208w\" sizes=\"auto, (max-width: 415px) 100vw, 415px\" \/><\/a><\/figure>    <figure class=\"wp-block-image size-large\"><a href=\"https:\/\/www.agriculture-machine.com\/wp-content\/uploads\/2021\/06\/Use-of-mini-corn-peeler-thresher.jpg\"><img loading=\"lazy\" decoding=\"async\" width=\"415\" height=\"540\" data-id=\"10777\" src=\"https:\/\/www.agriculture-machine.com\/wp-content\/uploads\/2021\/06\/Use-of-mini-corn-peeler-thresher.jpg\" alt=\"\" class=\"wp-image-10777\" srcset=\"https:\/\/www.agriculture-machine.com\/wp-content\/uploads\/2021\/06\/Use-of-mini-corn-peeler-thresher.jpg 415w, https:\/\/www.agriculture-machine.com\/wp-content\/uploads\/2021\/06\/Use-of-mini-corn-peeler-thresher-208x270.jpg 208w\" sizes=\"auto, (max-width: 415px) 100vw, 415px\" \/><\/a><\/figure> <\/figure>    <h2 class=\"wp-block-heading\" id=\"h-difference-between-the-two-types-of-corn-thresher\">Unterschied zwischen den beiden Arten von Maisentvanner\/Maisstrohsch\u00e4ler<\/h2>    <p>Wir haben auch einen weiteren Mais-Entsch\u00e4ler-Entstapper. Sie unterscheiden sich in folgenden Punkten.<\/p>    <ol class=\"wp-block-list\"> <li>Verschiedene Leistungen. Die <a href=\"https:\/\/www.agriculture-machine.com\/de\/maize-peeler-and-thresher\/\">vorheriger Typ von Sch\u00e4len und Entstapfen<\/a> Es kann mit Elektromotoren, Benzin- und Dieselmotoren betrieben werden. Die Leistung dieses vertikalen kleinen Maissch\u00e4ler-Entstappers erfordert keinen Dieselmotor; er kann nur mit Motor und Benzinmotor gestartet werden. <\/li>    <li>Sie unterscheiden sich in der Gr\u00f6\u00dfe. Der vertikale Mais-Entstapper ist kleiner.<\/li>    <li>Die anderen Arten von Mais-Sch\u00e4lern und Entstappern haben gr\u00f6\u00dfere Kapazit\u00e4ten.<\/li> <\/ol>    <h2 class=\"wp-block-heading\" id=\"h-reseller-customers\">Wiederverk\u00e4ufer-Kunden<\/h2>    <p class=\"translation-block\">Die Gr\u00f6\u00dfe dieser Maschine ist sehr klein. Sie eignet sich sehr gut f\u00fcr den Hausgebrauch. F\u00fcr H\u00e4ndler ist diese Maschine sehr gut zum Kauf geeignet. Es ist ein sehr gutes Investitionsprojekt. Ein 40-Fu\u00df-Container kann ca. 600 solcher Maschinen aufnehmen. Dann an lokale Landwirte verkaufen. So wie unsere Kunden in Simbabwe bereits gekauft haben <a href=\"https:\/\/www.agriculture-machine.com\/de\/40-hq-agriculture-machine-sold-to-zimbabwe\/\">viele kleine Multifunktions-Entvanner<\/a>, und bald Auftr\u00e4ge erhielten, weil diese kleine Maschine sich sehr gut f\u00fcr den Hausgebrauch eignet.<\/p>    <figure class=\"wp-block-gallery has-nested-images columns-default is-cropped wp-block-gallery-4 is-layout-flex wp-block-gallery-is-layout-flex\"> <figure class=\"wp-block-image size-large\"><a href=\"https:\/\/www.agriculture-machine.com\/wp-content\/uploads\/2022\/05\/mini-maize-procesor.jpg\"><img loading=\"lazy\" decoding=\"async\" width=\"720\" height=\"540\" data-id=\"13415\" src=\"https:\/\/www.agriculture-machine.com\/wp-content\/uploads\/2022\/05\/mini-maize-procesor.jpg\" alt=\"Mini-Maisprozessor\" class=\"wp-image-13415\" title=\"Mini-Maisprozessor\" srcset=\"https:\/\/www.agriculture-machine.com\/wp-content\/uploads\/2022\/05\/mini-maize-procesor.jpg 720w, https:\/\/www.agriculture-machine.com\/wp-content\/uploads\/2022\/05\/mini-maize-procesor-360x270.jpg 360w, https:\/\/www.agriculture-machine.com\/wp-content\/uploads\/2022\/05\/mini-maize-procesor-240x180.jpg 240w\" sizes=\"auto, (max-width: 720px) 100vw, 720px\" \/><\/a><figcaption class=\"wp-element-caption\">Mini-Maisprozessor<\/figcaption><\/figure>    <figure class=\"wp-block-image size-large\"><a href=\"https:\/\/www.agriculture-machine.com\/wp-content\/uploads\/2022\/05\/small-corn-thresher.jpg\"><img loading=\"lazy\" decoding=\"async\" width=\"720\" height=\"540\" data-id=\"13414\" src=\"https:\/\/www.agriculture-machine.com\/wp-content\/uploads\/2022\/05\/small-corn-thresher.jpg\" alt=\"kleiner Maisentstapper\" class=\"wp-image-13414\" title=\"kleiner Maisentstapper\" srcset=\"https:\/\/www.agriculture-machine.com\/wp-content\/uploads\/2022\/05\/small-corn-thresher.jpg 720w, https:\/\/www.agriculture-machine.com\/wp-content\/uploads\/2022\/05\/small-corn-thresher-360x270.jpg 360w, https:\/\/www.agriculture-machine.com\/wp-content\/uploads\/2022\/05\/small-corn-thresher-240x180.jpg 240w\" sizes=\"auto, (max-width: 720px) 100vw, 720px\" \/><\/a><figcaption class=\"wp-element-caption\">kleiner Maisentstapper<\/figcaption><\/figure> <\/figure>    <h2 class=\"wp-block-heading\" id=\"h-specification-of-the-home-use-corn-peeling-and-threshing-machine\">Spezifikation der Haushalts-Mais-Sch\u00e4ler-Entstapper-Maschine<\/h2>    <figure class=\"wp-block-table is-style-stripes\"><table><tbody><tr><td>Modell<\/td><td>Kleine Maissch\u00e4ler-Entstapper<\/td><\/tr><tr><td>Leistung<\/td><td>Benzinmotor oder Elektromotor<\/td><\/tr><tr><td>Kapazit\u00e4t<\/td><td>1500-2000kg\/h<\/td><\/tr><tr><td>Maschinengewicht<\/td><td>65 kg<\/td><\/tr><tr><td>Maschinengr\u00f6\u00dfe<\/td><td>440*400*800 mm<\/td><\/tr><\/tbody><\/table><figcaption class=\"wp-element-caption\">corn peeling and threshing machine&#8217;s parameter<\/figcaption><\/figure>    <h2 class=\"wp-block-heading\">Kombinierter Mais-Sch\u00e4ler-Entstapper, der nach Mexiko verkauft wurde<\/h2>    <p>Letzte Woche hat unser mexikanischer Kunde 20 kleine Maissch\u00e4ler-Entstapper bei uns bestellt. Er erfuhr \u00fcber unsere Website von der Mais-Sch\u00e4l- und Entstapfer-Maschine und hinterlie\u00df seine Kontaktdaten. <\/p>    <p>Our sales manager added the customer&#8217;s WhatsApp, and through thorough communication, we realized that our small corn threshers were perfect for the customer&#8217;s needs. <\/p>    <p>Der Kunde hat sich schlie\u00dflich entschieden, unsere Haushalts-Mais-Sch\u00e4ler-Entstapper-Maschine zu kaufen. Hier ist das Verpackungs- und Versandbild der Maschine.<\/p>    <figure class=\"wp-block-gallery has-nested-images columns-default is-cropped wp-block-gallery-5 is-layout-flex wp-block-gallery-is-layout-flex\"> <figure class=\"wp-block-image size-large\"><img loading=\"lazy\" decoding=\"async\" width=\"720\" height=\"540\" data-id=\"13416\" src=\"https:\/\/www.agriculture-machine.com\/wp-content\/uploads\/2022\/05\/wooden-case-package-of-corn-thresher.jpg\" alt=\"Holzkistenverpackung des Maisentstappers\" class=\"wp-image-13416\" title=\"Holzkistenverpackung des Maisentstappers\" srcset=\"https:\/\/www.agriculture-machine.com\/wp-content\/uploads\/2022\/05\/wooden-case-package-of-corn-thresher.jpg 720w, https:\/\/www.agriculture-machine.com\/wp-content\/uploads\/2022\/05\/wooden-case-package-of-corn-thresher-360x270.jpg 360w, https:\/\/www.agriculture-machine.com\/wp-content\/uploads\/2022\/05\/wooden-case-package-of-corn-thresher-240x180.jpg 240w\" sizes=\"auto, (max-width: 720px) 100vw, 720px\" \/><figcaption class=\"wp-element-caption\">Holzkistenverpackung des Maisentstappers<\/figcaption><\/figure>    <figure class=\"wp-block-image size-large\"><img loading=\"lazy\" decoding=\"async\" width=\"720\" height=\"540\" data-id=\"13417\" src=\"https:\/\/www.agriculture-machine.com\/wp-content\/uploads\/2022\/05\/loading-of-the-machine.jpg\" alt=\"Beladung der Maschine\" class=\"wp-image-13417\" title=\"Beladung der Maschine\" srcset=\"https:\/\/www.agriculture-machine.com\/wp-content\/uploads\/2022\/05\/loading-of-the-machine.jpg 720w, https:\/\/www.agriculture-machine.com\/wp-content\/uploads\/2022\/05\/loading-of-the-machine-360x270.jpg 360w, https:\/\/www.agriculture-machine.com\/wp-content\/uploads\/2022\/05\/loading-of-the-machine-240x180.jpg 240w\" sizes=\"auto, (max-width: 720px) 100vw, 720px\" \/><figcaption class=\"wp-element-caption\">Beladung der Maschine<\/figcaption><\/figure>    <figure class=\"wp-block-image size-large\"><img loading=\"lazy\" decoding=\"async\" width=\"720\" height=\"540\" data-id=\"13404\" src=\"https:\/\/www.agriculture-machine.com\/wp-content\/uploads\/2022\/05\/shipping-of-corn-peeler-and-thresher.jpg\" alt=\"Versand des Maissch\u00e4ler-Entstappers\" class=\"wp-image-13404\" title=\"Versand des Maissch\u00e4ler-Entstappers\" srcset=\"https:\/\/www.agriculture-machine.com\/wp-content\/uploads\/2022\/05\/shipping-of-corn-peeler-and-thresher.jpg 720w, https:\/\/www.agriculture-machine.com\/wp-content\/uploads\/2022\/05\/shipping-of-corn-peeler-and-thresher-360x270.jpg 360w, https:\/\/www.agriculture-machine.com\/wp-content\/uploads\/2022\/05\/shipping-of-corn-peeler-and-thresher-240x180.jpg 240w\" sizes=\"auto, (max-width: 720px) 100vw, 720px\" \/><figcaption class=\"wp-element-caption\">Versand des Maissch\u00e4ler-Entstappers<\/figcaption><\/figure> <\/figure>    <h2 class=\"wp-block-heading\">Kontaktieren Sie uns jederzeit<\/h2>    <p>Wenn Sie an unserer Mais-Entk\u00f6rnungs- und -Entstapper-Maschine interessiert sind oder Fragen haben, stehen wir Ihnen jederzeit gerne mit detaillierten Informationen und professioneller Beratung zur Verf\u00fcgung. Bitte z\u00f6gern Sie nicht, uns sofort zu kontaktieren! Unser professionelles Team wird Ihnen gerne helfen und Ihre Bedenken beantworten.<\/p>","protected":false},"excerpt":{"rendered":"<p>Dies ist eine kleine Maissch\u00e4ler-Entstapper-Maschine. Sie eignet sich sehr gut f\u00fcr den Hausgebrauch. Ihre Kapazit\u00e4t betr\u00e4gt 1500-2000 kg\/h (Maisk\u00f6rner). <\/p>","protected":false},"author":1,"featured_media":13408,"parent":0,"comment_status":"closed","ping_status":"closed","template":"","tags":[2614],"product-type":[872],"class_list":["post-10764","product","type-product","status-publish","has-post-thumbnail","hentry","tag-thresher","product-type-thresher-sheller"],"_links":{"self":[{"href":"https:\/\/www.agriculture-machine.com\/de\/wp-json\/wp\/v2\/product\/10764","targetHints":{"allow":["GET"]}}],"collection":[{"href":"https:\/\/www.agriculture-machine.com\/de\/wp-json\/wp\/v2\/product"}],"about":[{"href":"https:\/\/www.agriculture-machine.com\/de\/wp-json\/wp\/v2\/types\/product"}],"author":[{"embeddable":true,"href":"https:\/\/www.agriculture-machine.com\/de\/wp-json\/wp\/v2\/users\/1"}],"replies":[{"embeddable":true,"href":"https:\/\/www.agriculture-machine.com\/de\/wp-json\/wp\/v2\/comments?post=10764"}],"wp:featuredmedia":[{"embeddable":true,"href":"https:\/\/www.agriculture-machine.com\/de\/wp-json\/wp\/v2\/media\/13408"}],"wp:attachment":[{"href":"https:\/\/www.agriculture-machine.com\/de\/wp-json\/wp\/v2\/media?parent=10764"}],"wp:term":[{"taxonomy":"post_tag","embeddable":true,"href":"https:\/\/www.agriculture-machine.com\/de\/wp-json\/wp\/v2\/tags?post=10764"},{"taxonomy":"product-type","embeddable":true,"href":"https:\/\/www.agriculture-machine.com\/de\/wp-json\/wp\/v2\/product-type?post=10764"}],"curies":[{"name":"wp","href":"https:\/\/api.w.org\/{rel}","templated":true}]}}