{"id":10851,"date":"2021-07-09T11:26:57","date_gmt":"2021-07-09T03:26:57","guid":{"rendered":"https:\/\/www.agriculture-machine.com\/?p=10851"},"modified":"2024-09-26T09:29:22","modified_gmt":"2024-09-26T01:29:22","slug":"disc-plough-disc-plow-for-sale","status":"publish","type":"product","link":"https:\/\/www.agriculture-machine.com\/de\/disc-plough-disc-plow-for-sale\/","title":{"rendered":"Scheibenegge | Scheibenegge Landmaschinen zum Verkauf"},"content":{"rendered":"<p>Die Scheibenegge wird von einem Traktor gezogen, haupts\u00e4chlich zum Pfl\u00fcgen des Ackerlandes in Trockenanbaugebieten. Sie verf\u00fcgt \u00fcber ein markantes 360\u00b0-Omni-Direktional-Dreh-Scheiben-Design aus hochfesten Legierungsmaterialien, das eine einzelne Arbeitstiefe von bis zu 30 cm erm\u00f6glicht. Diese Innovation steigert die Effizienz im Vergleich zu herk\u00f6mmlichen Eggen um bis zu 40%. <\/p>    <p>Dar\u00fcber hinaus minimiert diese Scheibenegge das Risiko der Bodenverdichtung erheblich, w\u00e4hrend sie die Bel\u00fcftung und Wasserdurchl\u00e4ssigkeit des Bodens durch pr\u00e4zise Bearbeitung verbessert und so eine starke Bodenbasis f\u00fcr das Pflanzenwachstum schafft.<\/p>    <figure class=\"wp-block-embed aligncenter is-type-video is-provider-youtube wp-block-embed-youtube wp-embed-aspect-4-3 wp-has-aspect-ratio\"><div class=\"wp-block-embed__wrapper\"> <iframe loading=\"lazy\" title=\"Scheibenegge\/Scheibenegge\/Hochleistung\/Hochwertig\/Niedriger Preis\" width=\"500\" height=\"375\" src=\"https:\/\/www.youtube.com\/embed\/OOuBYkUNlNE?feature=oembed\" frameborder=\"0\" allow=\"accelerometer; autoplay; clipboard-write; encrypted-media; gyroscope; picture-in-picture; web-share\" referrerpolicy=\"strict-origin-when-cross-origin\" allowfullscreen><\/iframe> <\/div><figcaption class=\"wp-element-caption\">Arbeitsvideo der Scheibenegge<\/figcaption><\/figure>    <h2 class=\"wp-block-heading\">Verschiedene Arten von Scheibeneggen<\/h2>    <h3 class=\"wp-block-heading\" id=\"h-type-one-single-disc-plough\">Typ 1: Einzelscheibenegge<\/h3>    <p>Die Einzel-Scheibenegge wird von einem Traktor gezogen. Beim Arbeiten bewegt sich die Einheit vorw\u00e4rts, die Scheibe rollt und schneidet in den Boden, und der Boden hebt sich entlang der konkaven Oberfl\u00e4che der Scheibe. Gleichzeitig wird mit Hilfe des Kratzers der Boden gewendet und zerbrochen.<\/p>    <p class=\"translation-block\">Wir haben sieben verschiedene Modelle dieser Einweg-Scheibenegge. Die ersten drei Tillage-Breiten sind unterschiedlich, aber die Tillage-Tiefe betr\u00e4gt 200 mm, und die letzten vier Modelle sind alle 250 bis 300 mm tief. Bei einer passenden Leistung von 18 verwenden wir einen <a href=\"https:\/\/www.agriculture-machine.com\/de\/walking-tractor-simplicity-walking-tractor\/\">kleinen Lauftraktor<\/a>.<\/p>    <figure class=\"wp-block-gallery has-nested-images columns-default is-cropped wp-block-gallery-2 is-layout-flex wp-block-gallery-is-layout-flex\"> <figure class=\"wp-block-image size-large\"><img loading=\"lazy\" decoding=\"async\" width=\"720\" height=\"540\" data-id=\"10854\" src=\"https:\/\/www.agriculture-machine.com\/wp-content\/uploads\/2021\/07\/Disc-plough1.jpg\" alt=\"Einzelscheibenegge\" class=\"wp-image-10854\" srcset=\"https:\/\/www.agriculture-machine.com\/wp-content\/uploads\/2021\/07\/Disc-plough1.jpg 720w, https:\/\/www.agriculture-machine.com\/wp-content\/uploads\/2021\/07\/Disc-plough1-360x270.jpg 360w, https:\/\/www.agriculture-machine.com\/wp-content\/uploads\/2021\/07\/Disc-plough1-240x180.jpg 240w\" sizes=\"auto, (max-width: 720px) 100vw, 720px\" \/><figcaption class=\"wp-element-caption\">Einzelscheibenegge<\/figcaption><\/figure>    <figure class=\"wp-block-image size-large\"><img loading=\"lazy\" decoding=\"async\" width=\"720\" height=\"540\" data-id=\"10855\" src=\"https:\/\/www.agriculture-machine.com\/wp-content\/uploads\/2021\/07\/Disc-plough2.jpg\" alt=\"Einzelscheibenegge\" class=\"wp-image-10855\" srcset=\"https:\/\/www.agriculture-machine.com\/wp-content\/uploads\/2021\/07\/Disc-plough2.jpg 720w, https:\/\/www.agriculture-machine.com\/wp-content\/uploads\/2021\/07\/Disc-plough2-360x270.jpg 360w, https:\/\/www.agriculture-machine.com\/wp-content\/uploads\/2021\/07\/Disc-plough2-240x180.jpg 240w\" sizes=\"auto, (max-width: 720px) 100vw, 720px\" \/><figcaption class=\"wp-element-caption\">Einzelscheibenegge<\/figcaption><\/figure> <\/figure>    <h3 class=\"wp-block-heading\" id=\"h-the-structure-of-single-disc-plough\">Aufbau der Einzelscheibenegge<\/h3>    <p>Sehen Sie sich das Bild an, unsere Einzel-Scheibenegge besteht aus den folgenden Teilen: aufrecht, Schwei\u00dfrahmen, Spindelstange, Unterh\u00e4ngung, Fasennaht, Front-eggentr\u00e4ger, und Scheibendisk. Verschiedene Arten von Einzel-Scheibeneggen sollten von unterschiedlichen Traktoren angetrieben werden.<\/p>    <figure class=\"wp-block-image aligncenter size-large\"><img loading=\"lazy\" decoding=\"async\" width=\"720\" height=\"540\" src=\"https:\/\/www.agriculture-machine.com\/wp-content\/uploads\/2021\/07\/structure-1.jpg\" alt=\"Struktur\" class=\"wp-image-10928\" srcset=\"https:\/\/www.agriculture-machine.com\/wp-content\/uploads\/2021\/07\/structure-1.jpg 720w, https:\/\/www.agriculture-machine.com\/wp-content\/uploads\/2021\/07\/structure-1-360x270.jpg 360w, https:\/\/www.agriculture-machine.com\/wp-content\/uploads\/2021\/07\/structure-1-240x180.jpg 240w\" sizes=\"auto, (max-width: 720px) 100vw, 720px\" \/><figcaption class=\"wp-element-caption\">Struktur<\/figcaption><\/figure>    <h3 class=\"wp-block-heading\" id=\"h-technical-parameter-of-our-machine\">Technische Parameter<\/h3>    <figure class=\"wp-block-image aligncenter size-large\"><img loading=\"lazy\" decoding=\"async\" width=\"720\" height=\"142\" src=\"https:\/\/www.agriculture-machine.com\/wp-content\/uploads\/2021\/07\/Single-disc-plough-720x142.png?v=1625739321\" alt=\"Einzelscheibenegge\" class=\"wp-image-10868\" srcset=\"https:\/\/www.agriculture-machine.com\/wp-content\/uploads\/2021\/07\/Single-disc-plough-720x142.png 720w, https:\/\/www.agriculture-machine.com\/wp-content\/uploads\/2021\/07\/Single-disc-plough-360x71.png 360w, https:\/\/www.agriculture-machine.com\/wp-content\/uploads\/2021\/07\/Single-disc-plough.png 736w\" sizes=\"auto, (max-width: 720px) 100vw, 720px\" \/><\/figure>    <h3 class=\"wp-block-heading\" id=\"h-type-two-circular-tube-disc-plough\">Typ 2: Kreisrohr-Scheibenegge<\/h3>    <p>The circular tube disc plow is matched with the tractor&#8217;s full suspension link, and the plow blade rotates during operation to plow and turn the soil. We have four different models of circular tube disc plows. The tillage depth is 250 to 300 mm.<\/p>    <p>Es hat die Eigenschaften, kein Gras zu verheddern, den Boden nicht einzuschr\u00e4nken, nicht zu blockieren, in der Lage zu sein, Pflanzenst\u00e4ngel und Rhizome abzuschneiden, und hat weniger Arbeitswiderstand.<\/p>    <figure class=\"wp-block-gallery has-nested-images columns-default is-cropped wp-block-gallery-3 is-layout-flex wp-block-gallery-is-layout-flex\"> <figure class=\"wp-block-image size-large\"><img loading=\"lazy\" decoding=\"async\" width=\"720\" height=\"540\" data-id=\"10856\" src=\"https:\/\/www.agriculture-machine.com\/wp-content\/uploads\/2021\/07\/Disc-plough3.jpg\" alt=\"Kreisrohr-Scheibenegge\" class=\"wp-image-10856\" srcset=\"https:\/\/www.agriculture-machine.com\/wp-content\/uploads\/2021\/07\/Disc-plough3.jpg 720w, https:\/\/www.agriculture-machine.com\/wp-content\/uploads\/2021\/07\/Disc-plough3-360x270.jpg 360w, https:\/\/www.agriculture-machine.com\/wp-content\/uploads\/2021\/07\/Disc-plough3-240x180.jpg 240w\" sizes=\"auto, (max-width: 720px) 100vw, 720px\" \/><figcaption class=\"wp-element-caption\">Kreisrohr-Scheibenegge<\/figcaption><\/figure>    <figure class=\"wp-block-image size-large\"><img loading=\"lazy\" decoding=\"async\" width=\"720\" height=\"540\" data-id=\"10857\" src=\"https:\/\/www.agriculture-machine.com\/wp-content\/uploads\/2021\/07\/Disc-plough4.jpg\" alt=\"Kreisrohr-Scheibenegge\" class=\"wp-image-10857\" srcset=\"https:\/\/www.agriculture-machine.com\/wp-content\/uploads\/2021\/07\/Disc-plough4.jpg 720w, https:\/\/www.agriculture-machine.com\/wp-content\/uploads\/2021\/07\/Disc-plough4-360x270.jpg 360w, https:\/\/www.agriculture-machine.com\/wp-content\/uploads\/2021\/07\/Disc-plough4-240x180.jpg 240w\" sizes=\"auto, (max-width: 720px) 100vw, 720px\" \/><figcaption class=\"wp-element-caption\">Kreisrohr-Scheibenegge<\/figcaption><\/figure> <\/figure>    <h3 class=\"wp-block-heading\" id=\"h-the-structure-of-circular-tube-plough\">Aufbau des Kreisrohr-Profils<\/h3>    <p>Die Kreisrohr-Scheibenegge besteht haupts\u00e4chlich aus folgenden Teilen: Schwanzrad, schwere Aufh\u00e4ngung, und Scheibentr\u00e4ger.<\/p>    <figure class=\"wp-block-image aligncenter size-large\"><img loading=\"lazy\" decoding=\"async\" width=\"720\" height=\"540\" src=\"https:\/\/www.agriculture-machine.com\/wp-content\/uploads\/2021\/07\/structure-of-circular-tube-disc-plough.jpg\" alt=\"Aufbau der Kreisrohr-Scheibenegge\" class=\"wp-image-10938\" srcset=\"https:\/\/www.agriculture-machine.com\/wp-content\/uploads\/2021\/07\/structure-of-circular-tube-disc-plough.jpg 720w, https:\/\/www.agriculture-machine.com\/wp-content\/uploads\/2021\/07\/structure-of-circular-tube-disc-plough-360x270.jpg 360w, https:\/\/www.agriculture-machine.com\/wp-content\/uploads\/2021\/07\/structure-of-circular-tube-disc-plough-240x180.jpg 240w\" sizes=\"auto, (max-width: 720px) 100vw, 720px\" \/><figcaption class=\"wp-element-caption\">Aufbau der Kreisrohr-Scheibenegge<\/figcaption><\/figure>    <h3 class=\"wp-block-heading\" id=\"h-technical-parameter-of-circular-tube-disc-plough\">Technische Parameter<\/h3>    <figure class=\"wp-block-image aligncenter size-large\"><img loading=\"lazy\" decoding=\"async\" width=\"520\" height=\"145\" src=\"https:\/\/www.agriculture-machine.com\/wp-content\/uploads\/2021\/07\/Circular-tube-disc-plough.png\" alt=\"Kreisrohr-Scheibenegge\" class=\"wp-image-10869\" srcset=\"https:\/\/www.agriculture-machine.com\/wp-content\/uploads\/2021\/07\/Circular-tube-disc-plough.png 520w, https:\/\/www.agriculture-machine.com\/wp-content\/uploads\/2021\/07\/Circular-tube-disc-plough-360x100.png 360w\" sizes=\"auto, (max-width: 520px) 100vw, 520px\" \/><\/figure>    <h3 class=\"wp-block-heading\" id=\"h-type-three-1ly-disc-plough\">Typ 3: 1LY\u00a0Scheibenegge<\/h3>    <p>Die 1LY-Scheibenegge basiert auf den Eigenschaften ausl\u00e4ndischer Scheibeneggen und gestaltet sie entsprechend. Die 1LY-Serie wird haupts\u00e4chlich f\u00fcr die Bodenbearbeitung in Trocken- oder Rohboden verwendet. Sie zeichnet sich durch geringe Widerstandskraft und einfache Bedienung aus. <\/p>    <p>Die 1LY-Serie Scheibenegge umfasst vier verschiedene Modelle. Die Arbeitsbreiten benachbarter Modelle unterscheiden sich um 300 mm, die Bearbeitungstiefe ist gleich, und Traktoren mit unterschiedlicher Leistung sind erforderlich, um sie zu ziehen.<\/p>    <figure class=\"wp-block-gallery has-nested-images columns-default is-cropped wp-block-gallery-4 is-layout-flex wp-block-gallery-is-layout-flex\"> <figure class=\"wp-block-image size-large\"><img loading=\"lazy\" decoding=\"async\" width=\"720\" height=\"540\" data-id=\"10858\" src=\"https:\/\/www.agriculture-machine.com\/wp-content\/uploads\/2021\/07\/Disc-plough5.jpg\" alt=\"1LY-Scheibenegge\" class=\"wp-image-10858\" srcset=\"https:\/\/www.agriculture-machine.com\/wp-content\/uploads\/2021\/07\/Disc-plough5.jpg 720w, https:\/\/www.agriculture-machine.com\/wp-content\/uploads\/2021\/07\/Disc-plough5-360x270.jpg 360w, https:\/\/www.agriculture-machine.com\/wp-content\/uploads\/2021\/07\/Disc-plough5-240x180.jpg 240w\" sizes=\"auto, (max-width: 720px) 100vw, 720px\" \/><figcaption class=\"wp-element-caption\">1LY-Scheibenegge<\/figcaption><\/figure>    <figure class=\"wp-block-image size-large\"><img loading=\"lazy\" decoding=\"async\" width=\"720\" height=\"540\" data-id=\"10859\" src=\"https:\/\/www.agriculture-machine.com\/wp-content\/uploads\/2021\/07\/Disc-plough6.jpg\" alt=\"1LY-Scheibenegge\" class=\"wp-image-10859\" srcset=\"https:\/\/www.agriculture-machine.com\/wp-content\/uploads\/2021\/07\/Disc-plough6.jpg 720w, https:\/\/www.agriculture-machine.com\/wp-content\/uploads\/2021\/07\/Disc-plough6-360x270.jpg 360w, https:\/\/www.agriculture-machine.com\/wp-content\/uploads\/2021\/07\/Disc-plough6-240x180.jpg 240w\" sizes=\"auto, (max-width: 720px) 100vw, 720px\" \/><figcaption class=\"wp-element-caption\">1LY-Scheibenegge<\/figcaption><\/figure> <\/figure>    <h3 class=\"wp-block-heading\" id=\"h-the-structure-of-1ly-disc-plough\">Aufbau der 1LY-Scheibenegge<\/h3>    <p>Die 1LY-Scheibenegge besteht aus drei Hauptteilen: Rahmen, Verbindungspunkt, und Scheibendisk. Weitere Bilder sind eine detaillierte Einf\u00fchrung in die Teile.<\/p>    <figure class=\"wp-block-gallery has-nested-images columns-default is-cropped wp-block-gallery-5 is-layout-flex wp-block-gallery-is-layout-flex\"> <figure class=\"wp-block-image size-large\"><img loading=\"lazy\" decoding=\"async\" width=\"720\" height=\"382\" data-id=\"10932\" src=\"https:\/\/www.agriculture-machine.com\/wp-content\/uploads\/2021\/07\/blade.jpg\" alt=\"Klinge\" class=\"wp-image-10932\" srcset=\"https:\/\/www.agriculture-machine.com\/wp-content\/uploads\/2021\/07\/blade.jpg 720w, https:\/\/www.agriculture-machine.com\/wp-content\/uploads\/2021\/07\/blade-360x191.jpg 360w\" sizes=\"auto, (max-width: 720px) 100vw, 720px\" \/><figcaption class=\"wp-element-caption\">Klinge<\/figcaption><\/figure>    <figure class=\"wp-block-image size-large\"><img loading=\"lazy\" decoding=\"async\" width=\"720\" height=\"267\" data-id=\"10931\" src=\"https:\/\/www.agriculture-machine.com\/wp-content\/uploads\/2021\/07\/plow-post.jpg\" alt=\"Eggenpfosten\" class=\"wp-image-10931\" srcset=\"https:\/\/www.agriculture-machine.com\/wp-content\/uploads\/2021\/07\/plow-post.jpg 720w, https:\/\/www.agriculture-machine.com\/wp-content\/uploads\/2021\/07\/plow-post-360x134.jpg 360w\" sizes=\"auto, (max-width: 720px) 100vw, 720px\" \/><figcaption class=\"wp-element-caption\">Eggenpfosten<\/figcaption><\/figure>    <figure class=\"wp-block-image size-large\"><img loading=\"lazy\" decoding=\"async\" width=\"720\" height=\"235\" data-id=\"10933\" src=\"https:\/\/www.agriculture-machine.com\/wp-content\/uploads\/2021\/07\/three-point-suspension.jpg\" alt=\"Dreipunktaufh\u00e4ngung\" class=\"wp-image-10933\" srcset=\"https:\/\/www.agriculture-machine.com\/wp-content\/uploads\/2021\/07\/three-point-suspension.jpg 720w, https:\/\/www.agriculture-machine.com\/wp-content\/uploads\/2021\/07\/three-point-suspension-360x118.jpg 360w\" sizes=\"auto, (max-width: 720px) 100vw, 720px\" \/><figcaption class=\"wp-element-caption\">Dreipunktaufh\u00e4ngung<\/figcaption><\/figure>    <figure class=\"wp-block-image aligncenter size-large\"><img loading=\"lazy\" decoding=\"async\" width=\"720\" height=\"498\" data-id=\"10930\" src=\"https:\/\/www.agriculture-machine.com\/wp-content\/uploads\/2021\/07\/structure-of-1LY.jpg\" alt=\"Aufbau der 1LY\" class=\"wp-image-10930\" srcset=\"https:\/\/www.agriculture-machine.com\/wp-content\/uploads\/2021\/07\/structure-of-1LY.jpg 720w, https:\/\/www.agriculture-machine.com\/wp-content\/uploads\/2021\/07\/structure-of-1LY-360x249.jpg 360w\" sizes=\"auto, (max-width: 720px) 100vw, 720px\" \/><figcaption class=\"wp-element-caption\">Aufbau der 1LY<\/figcaption><\/figure> <\/figure>    <h3 class=\"wp-block-heading\" id=\"h-technical-parameter-of-1ly-disc-plough\">Technische Parameter<\/h3>    <figure class=\"wp-block-image aligncenter size-large\"><img loading=\"lazy\" decoding=\"async\" width=\"520\" height=\"145\" src=\"https:\/\/www.agriculture-machine.com\/wp-content\/uploads\/2021\/07\/1LY-disc-plough.png\" alt=\"\" class=\"wp-image-10870\" srcset=\"https:\/\/www.agriculture-machine.com\/wp-content\/uploads\/2021\/07\/1LY-disc-plough.png 520w, https:\/\/www.agriculture-machine.com\/wp-content\/uploads\/2021\/07\/1LY-disc-plough-360x100.png 360w\" sizes=\"auto, (max-width: 520px) 100vw, 520px\" \/><\/figure>    <h2 class=\"wp-block-heading\">Anwendungen der landwirtschaftlichen Scheibenbearbeitung<\/h2>    <p>Unsere Scheibeneggen sind f\u00fcr Trockenland und Reisanbaufl\u00e4chen geeignet. Vor dem Reisanpflanzen ist das Pfl\u00fcgen des Landes gut f\u00fcr das Wachstum des Reises. Beim Pfl\u00fcgen im Reisboden kann der Boden vollst\u00e4ndig umgedreht und nivelliert werden.<\/p>    <p>Sie kann Weizen- und Reisspelzen schneiden und in den Boden vergraben. Sie verrotten im Boden und erh\u00f6hen die organische Substanz des Bodens. Die Scheibenegge ist mit der Vollaufh\u00e4ngung des Traktors verbunden. <\/p>    <p>W\u00e4hrend des Betriebs dreht sich die Klinge und wendet den Boden. Besonders geeignet f\u00fcr Unkrautbefall, aufrechte St\u00e4ngel, hohe Bodenspezifische Widerstandskraft und B\u00f6den mit komplexer Mauerung.<\/p>    <figure class=\"wp-block-image aligncenter size-large\"><img loading=\"lazy\" decoding=\"async\" width=\"720\" height=\"540\" src=\"https:\/\/www.agriculture-machine.com\/wp-content\/uploads\/2021\/07\/application-of-disc-plough.jpg\" alt=\"Anwendung der Scheibenegge\" class=\"wp-image-10929\" srcset=\"https:\/\/www.agriculture-machine.com\/wp-content\/uploads\/2021\/07\/application-of-disc-plough.jpg 720w, https:\/\/www.agriculture-machine.com\/wp-content\/uploads\/2021\/07\/application-of-disc-plough-360x270.jpg 360w, https:\/\/www.agriculture-machine.com\/wp-content\/uploads\/2021\/07\/application-of-disc-plough-240x180.jpg 240w\" sizes=\"auto, (max-width: 720px) 100vw, 720px\" \/><figcaption class=\"wp-element-caption\">Anwendung der Scheibenegge<\/figcaption><\/figure>    <h2 class=\"wp-block-heading\">Wie wartet man die Scheibenegge?<\/h2>    <ul class=\"wp-block-list\"> <li>Das Erscheinungsbild der Maschine umfassend \u00fcberpr\u00fcfen, neu streichen und \u00d6l auf die Klinge und die Splineschraube auftragen, um Rost zu verhindern.<\/li>    <li>\u00dcberpr\u00fcfen Sie, ob das Getriebe, die zehn Bolzen und die Lager\u00f6l haben, und f\u00fcllen Sie bei Bedarf sofort nach.<\/li>    <li>\u00dcberpr\u00fcfen und ziehen Sie die Verbindungsschrauben fest.<\/li>    <li>\u00dcberpr\u00fcfen Sie, ob schwache Teile wie Schrauben und Splinte besch\u00e4digt sind, und ersetzen Sie sie bei Bedarf.<\/li>    <li>Entfernen Sie gr\u00fcndlich Schlamm, Staub und \u00d6l auf der Ausr\u00fcstung.<\/li>    <li>\u00d6l und Fett gr\u00fcndlich austauschen.<\/li> <\/ul>    <h2 class=\"wp-block-heading\">Traktor mit landwirtschaftlicher Egge<\/h2>    <p>Wie oben erw\u00e4hnt, haben wir viele Arten von Scheibeneggen, 3 Scheibeneggen, 4 Scheibeneggen, 5 Scheibeneggen, 6 Scheibeneggen usw. Verschiedene Scheibeneggen erfordern Traktoren mit unterschiedlicher Leistung. Kleine Scheibeneggen k\u00f6nnen mit 18-PS-Lauftraktoren verwendet werden, gro\u00dfe Scheibeneggen mit mittelgro\u00dfen oder gro\u00dfen Traktoren.<\/p>    <figure class=\"wp-block-image aligncenter size-large\"><img loading=\"lazy\" decoding=\"async\" width=\"720\" height=\"540\" src=\"https:\/\/www.agriculture-machine.com\/wp-content\/uploads\/2021\/07\/Tractor-with-disc-plough.jpg\" alt=\"Traktor mit Scheibenegge\" class=\"wp-image-10864\" srcset=\"https:\/\/www.agriculture-machine.com\/wp-content\/uploads\/2021\/07\/Tractor-with-disc-plough.jpg 720w, https:\/\/www.agriculture-machine.com\/wp-content\/uploads\/2021\/07\/Tractor-with-disc-plough-360x270.jpg 360w, https:\/\/www.agriculture-machine.com\/wp-content\/uploads\/2021\/07\/Tractor-with-disc-plough-240x180.jpg 240w\" sizes=\"auto, (max-width: 720px) 100vw, 720px\" \/><figcaption class=\"wp-element-caption\">Traktor mit Scheibenegge<\/figcaption><\/figure>    <h2 class=\"wp-block-heading\">Warum verwenden wir eine Egge?<\/h2>    <ul class=\"wp-block-list\"> <li>In der Vergangenheit nutzten Menschen Arbeit oder Vieh, um das Land zu pfl\u00fcgen, aber das ist eine Verschwendung der Arbeitskraft und ineffizient. Der vertikale Scheibenegge kann dieses Problem effektiv l\u00f6sen und den Boden fruchtbarer machen.<\/li>    <li>Fruchtbarer Boden kann besser Pflanzen anbauen und h\u00f6here Ertr\u00e4ge erzielen. Im gepfl\u00fcgten Boden wird die Bodenschicht vergr\u00f6\u00dfert und die Luftdurchl\u00e4ssigkeit verbessert. <\/li>    <li>Wasser und Luft k\u00f6nnen gut in den Boden eindringen und gut gehalten werden. Das Pfl\u00fcgen macht den Boden weich und f\u00f6rdert das Wachstum der Wurzeln und die N\u00e4hrstoffaufnahme der Pflanzen.\u00a0<\/li>    <li>Die Temperatur w\u00e4hrend des Fr\u00fchjahrs-Pfl\u00fcgens ist noch relativ niedrig, und das Pfl\u00fcgen kann einige der im Boden \u00fcberwinternden Sch\u00e4dlinge abt\u00f6ten, was den Schaden an den Samen durch die Sch\u00e4dlinge verringert. Daher ist die Egge f\u00fcr Landwirte sehr wichtig.<\/li> <\/ul>    <figure class=\"wp-block-gallery has-nested-images columns-default is-cropped wp-block-gallery-6 is-layout-flex wp-block-gallery-is-layout-flex\"> <figure class=\"wp-block-image size-large\"><img loading=\"lazy\" decoding=\"async\" width=\"720\" height=\"371\" data-id=\"10936\" src=\"https:\/\/www.agriculture-machine.com\/wp-content\/uploads\/2021\/07\/Primitive-farming-method-1.jpg\" alt=\"Urspr\u00fcngliche landwirtschaftliche Methode \" class=\"wp-image-10936\" srcset=\"https:\/\/www.agriculture-machine.com\/wp-content\/uploads\/2021\/07\/Primitive-farming-method-1.jpg 720w, https:\/\/www.agriculture-machine.com\/wp-content\/uploads\/2021\/07\/Primitive-farming-method-1-360x186.jpg 360w\" sizes=\"auto, (max-width: 720px) 100vw, 720px\" \/><figcaption class=\"wp-element-caption\">Urspr\u00fcngliche landwirtschaftliche Methode <\/figcaption><\/figure>    <figure class=\"wp-block-image size-large\"><img loading=\"lazy\" decoding=\"async\" width=\"720\" height=\"540\" data-id=\"10937\" src=\"https:\/\/www.agriculture-machine.com\/wp-content\/uploads\/2021\/07\/effect-of-disc-plow-1.jpg\" alt=\"Wirkung der Scheibenegge \" class=\"wp-image-10937\" srcset=\"https:\/\/www.agriculture-machine.com\/wp-content\/uploads\/2021\/07\/effect-of-disc-plow-1.jpg 720w, https:\/\/www.agriculture-machine.com\/wp-content\/uploads\/2021\/07\/effect-of-disc-plow-1-360x270.jpg 360w, https:\/\/www.agriculture-machine.com\/wp-content\/uploads\/2021\/07\/effect-of-disc-plow-1-240x180.jpg 240w\" sizes=\"auto, (max-width: 720px) 100vw, 720px\" \/><figcaption class=\"wp-element-caption\">Wirkung der Scheibenegge<\/figcaption><\/figure> <\/figure>    <h2 class=\"wp-block-heading\">Was ist der Preis der Ausr\u00fcstung?<\/h2>    <p>Laut der obigen Parameters Tabelle sehen wir, dass die Anzahl der Scheibeneggenmesser bei verschiedenen Modellen unterschiedlich ist, ebenso die Bearbeitungstiefe und die Arbeitsbreite. <\/p>    <p>Daher ist der Preis jeder Scheibenegge nicht festgelegt, Sie k\u00f6nnen die passende Scheibenegge entsprechend Ihren Bed\u00fcrfnissen w\u00e4hlen, und unser Gesch\u00e4ftsleiter wird Ihnen ein genaues Angebot machen.<\/p>    <h2 class=\"wp-block-heading\">Scheibenegge auf den Philippinen<\/h2>    <p>Dies ist ein Kundenfeedback-Video aus den Philippinen, er glaubt, dass unsere Scheibenegge mit passender Traktorzugkraft eine starke Arbeitsintensit\u00e4t hat und den tiefen Boden umw\u00e4lzen kann. <\/p>    <p>Die Scheibenegge wird von einem Traktor gezogen, was die Fahrt \u00e4u\u00dferst stabil und sicher macht, ohne Turbulenzen, und verhindert, dass einem schwindelig wird.<\/p>    <figure class=\"wp-block-embed aligncenter is-type-video is-provider-youtube wp-block-embed-youtube wp-embed-aspect-4-3 wp-has-aspect-ratio\"><div class=\"wp-block-embed__wrapper\"> <iframe loading=\"lazy\" title=\"Kreisrohr-Scheibenegge Scheibenegge\" width=\"500\" height=\"375\" src=\"https:\/\/www.youtube.com\/embed\/yvRkHE4Uqfo?feature=oembed\" frameborder=\"0\" allow=\"accelerometer; autoplay; clipboard-write; encrypted-media; gyroscope; picture-in-picture; web-share\" referrerpolicy=\"strict-origin-when-cross-origin\" allowfullscreen><\/iframe> <\/div><figcaption class=\"wp-element-caption\">Landwirtschaftliche Farm-Eggenarbeitsstelle<\/figcaption><\/figure>    <h2 class=\"wp-block-heading\">Unsere Fabrik und Produkte<\/h2>    <p>Our company specializes in agricultural machinery products, established for many years. Our factory has strong strength and sufficient inventory, so please don&#8217;t worry about out-of-stock issues. Our products are made of upper-level materials, and the production process is checked several times, so the quality is guaranteed.<\/p>    <p>Wenn Sie an unseren Produkten interessiert sind, hinterlassen Sie bitte Ihre Kontaktinformationen, und unsere Mitarbeiter werden Sie innerhalb von 24 Stunden kontaktieren. Wir versprechen Ihnen hiermit, den intimsten Service, den g\u00fcnstigsten Preis und die beste Produktqualit\u00e4t zu bieten. Kontaktieren Sie uns gerne.<\/p>","protected":false},"excerpt":{"rendered":"<p>Wir haben viele Arten von Eggen, wie Einzel-Scheibenegge, Kreisrohr-Scheibenegge, 1LY-Scheibenegge. Die Schnitttiefe betr\u00e4gt 200-300 mm.<\/p>","protected":false},"author":1,"featured_media":10871,"parent":0,"comment_status":"closed","ping_status":"closed","template":"","tags":[698],"product-type":[878],"class_list":["post-10851","product","type-product","status-publish","has-post-thumbnail","hentry","tag-tractor","product-type-manual-tractor"],"_links":{"self":[{"href":"https:\/\/www.agriculture-machine.com\/de\/wp-json\/wp\/v2\/product\/10851","targetHints":{"allow":["GET"]}}],"collection":[{"href":"https:\/\/www.agriculture-machine.com\/de\/wp-json\/wp\/v2\/product"}],"about":[{"href":"https:\/\/www.agriculture-machine.com\/de\/wp-json\/wp\/v2\/types\/product"}],"author":[{"embeddable":true,"href":"https:\/\/www.agriculture-machine.com\/de\/wp-json\/wp\/v2\/users\/1"}],"replies":[{"embeddable":true,"href":"https:\/\/www.agriculture-machine.com\/de\/wp-json\/wp\/v2\/comments?post=10851"}],"wp:featuredmedia":[{"embeddable":true,"href":"https:\/\/www.agriculture-machine.com\/de\/wp-json\/wp\/v2\/media\/10871"}],"wp:attachment":[{"href":"https:\/\/www.agriculture-machine.com\/de\/wp-json\/wp\/v2\/media?parent=10851"}],"wp:term":[{"taxonomy":"post_tag","embeddable":true,"href":"https:\/\/www.agriculture-machine.com\/de\/wp-json\/wp\/v2\/tags?post=10851"},{"taxonomy":"product-type","embeddable":true,"href":"https:\/\/www.agriculture-machine.com\/de\/wp-json\/wp\/v2\/product-type?post=10851"}],"curies":[{"name":"wp","href":"https:\/\/api.w.org\/{rel}","templated":true}]}}