{"id":10893,"date":"2021-07-12T17:20:09","date_gmt":"2021-07-12T09:20:09","guid":{"rendered":"https:\/\/www.agriculture-machine.com\/?p=10893"},"modified":"2024-05-30T11:25:41","modified_gmt":"2024-05-30T03:25:41","slug":"peanut-groundmut-sheller-removing-machine","status":"publish","type":"product","link":"https:\/\/www.agriculture-machine.com\/de\/peanut-groundmut-sheller-removing-machine\/","title":{"rendered":"Erdnuss-Sch\u00e4lmaschine f\u00fcr die Ernte von Groundnut"},"content":{"rendered":"<p>Diese Erdnusssch\u00e4lmaschine ist f\u00fcr die effiziente Verarbeitung gro\u00dfer Mengen an Erdn\u00fcssen konzipiert und eignet sich f\u00fcr alle Arten von Bauernh\u00f6fen und Lebensmittelverarbeitungsbetrieben. Die Maschine kann schnell Schalen entfernen und sorgt daf\u00fcr, dass die Kerne intakt bleiben, mit einer Leistung von bis zu 800-1100kg\/h.<\/p>    <figure class=\"wp-block-embed aligncenter is-type-video is-provider-youtube wp-block-embed-youtube wp-embed-aspect-16-9 wp-has-aspect-ratio\"><div class=\"wp-block-embed__wrapper\"> <iframe loading=\"lazy\" title=\"Hocheffiziente Erdnusssch\u00e4lmaschine zum Entfernen der Erdnussschale\" width=\"500\" height=\"281\" src=\"https:\/\/www.youtube.com\/embed\/xr2Nq49hSSs?feature=oembed\" frameborder=\"0\" allow=\"accelerometer; autoplay; clipboard-write; encrypted-media; gyroscope; picture-in-picture; web-share\" referrerpolicy=\"strict-origin-when-cross-origin\" allowfullscreen><\/iframe> <\/div><figcaption class=\"wp-element-caption\">Arbeitsvideo der Erdnusssch\u00e4lmaschine<\/figcaption><\/figure>    <h2 class=\"wp-block-heading\" id=\"h-brief-introduction-of-peanut-sheller-removing-machine\"><span class=\"has-inline-color has-black-color\">Kurze Einf\u00fchrung in die Erdnusssch\u00e4lmaschine<\/span><\/h2>    <p>As a common crop, peanuts often appear in people&#8217;s daily lives. The shell of peanuts is inedible, and artificial threshing is difficult, so more and more users are buying peanut sheller removing machines. <\/p>    <p>Unsere Erdnusssch\u00e4lmaschine hat viele Verbesserungen gegen\u00fcber dem urspr\u00fcnglichen Modell und kann mit Benzin, Diesel und Strom betrieben werden. Im Vergleich zum manuellen Dreschen kann das Entfernen der Erdnussschalen durch die Maschine die Arbeit der Landwirte erheblich reduzieren, viel Arbeitskraft sparen und die Arbeitseffizienz deutlich steigern.<\/p>    <figure class=\"wp-block-image aligncenter size-large\"><img loading=\"lazy\" decoding=\"async\" width=\"720\" height=\"540\" src=\"https:\/\/www.agriculture-machine.com\/wp-content\/uploads\/2021\/07\/Peanut-sheller-removing-machine.jpg\" alt=\"Erdnusssch\u00e4lmaschine\" class=\"wp-image-10913\" srcset=\"https:\/\/www.agriculture-machine.com\/wp-content\/uploads\/2021\/07\/Peanut-sheller-removing-machine.jpg 720w, https:\/\/www.agriculture-machine.com\/wp-content\/uploads\/2021\/07\/Peanut-sheller-removing-machine-360x270.jpg 360w, https:\/\/www.agriculture-machine.com\/wp-content\/uploads\/2021\/07\/Peanut-sheller-removing-machine-240x180.jpg 240w\" sizes=\"auto, (max-width: 720px) 100vw, 720px\" \/><figcaption class=\"wp-element-caption\">Erdnusssch\u00e4lmaschine<\/figcaption><\/figure>    <h2 class=\"wp-block-heading\" id=\"h-structure-of-groundnut-thresher\"><span class=\"has-inline-color has-black-color\">Aufbau der Erdnusssch\u00e4lmaschine<\/span> Maschine<\/h2>    <p>Unsere Erdnusssch\u00e4lmaschine besteht aus f\u00fcnf Hauptteilen: Ein- und Auslauf, Dieselmotor, gro\u00dfer Reifen, Tr\u00e4gerrahmen. Unser Erdnusssch\u00e4ler wird von einem Dieselmotor angetrieben, der mit Diesel betrieben werden kann und die Bed\u00fcrfnisse der Kunden erf\u00fcllt, die Diesel bevorzugen. Die gro\u00dfen Reifen und der Tr\u00e4gerrahmen arbeiten zusammen, was die Bewegung der Erdnusssch\u00e4lmaschine bequemer macht und Arbeitskraft spart.<\/p>    <figure class=\"wp-block-image aligncenter size-large\"><img loading=\"lazy\" decoding=\"async\" width=\"720\" height=\"540\" src=\"https:\/\/www.agriculture-machine.com\/wp-content\/uploads\/2021\/07\/Structure.jpg\" alt=\"Erdnuss-Sch\u00e4lmaschine\" class=\"wp-image-10895\" srcset=\"https:\/\/www.agriculture-machine.com\/wp-content\/uploads\/2021\/07\/Structure.jpg 720w, https:\/\/www.agriculture-machine.com\/wp-content\/uploads\/2021\/07\/Structure-360x270.jpg 360w, https:\/\/www.agriculture-machine.com\/wp-content\/uploads\/2021\/07\/Structure-240x180.jpg 240w\" sizes=\"auto, (max-width: 720px) 100vw, 720px\" \/><figcaption class=\"wp-element-caption\">Erdnuss-Sch\u00e4lmaschine<\/figcaption><\/figure>    <h2 class=\"wp-block-heading\" id=\"h-advantages-of-our-groundnut-sheller\"><span class=\"has-inline-color has-black-color\">Vorteile unserer Erdnusssch\u00e4lmaschine<\/span><\/h2>    <p class=\"translation-block\">Unsere automatische <a href=\"https:\/\/www.agriculture-machine.com\/de\/combined-peanut-cleaning-and-shelling-machine\/\">Erdnuss-Sch\u00e4lmaschine<\/a> hat den Vorteil einer kompakten Bauweise, einfachen Bedienung sowie stabiler und zuverl\u00e4ssiger Leistung. Sie hat eine hohe Sch\u00e4lleistung, eine niedrige Bruchrate, gute Sortierung und eine geringe Verlustrate. Unsere Erdnusssch\u00e4lmaschine kann mindestens 800 Kilogramm pro Stunde sch\u00e4len, die Sch\u00e4lrate betr\u00e4gt mindestens 98 %, und die Bruchrate \u00fcberschreitet 4 % nicht.<\/p>    <p>Die Erdnusssch\u00e4lmaschine wird durch Strom, Benzin und Diesel angetrieben, sodass Sie viele Optionen haben. Um die Bed\u00fcrfnisse afrikanischer Kunden zu erf\u00fcllen, haben wir eine Halterung und einen Tr\u00e4gerrahmen unter der Erdnusssch\u00e4lmaschine hinzugef\u00fcgt. Wenn Sie diesen Bedarf haben, kontaktieren Sie uns bitte, und wir passen sie f\u00fcr Sie an.<\/p>    <figure class=\"wp-block-table is-style-stripes\"><table><tbody><tr><td>Modell<\/td><td>6BHD-800B (Doppel-Trommel)<\/td><\/tr><tr><td>Produktivit\u00e4t(kg\/h)<\/td><td>\u2265800&#8211;1100<\/td><\/tr><tr><td>Schadensrate(%)<\/td><td>\u22644.0<\/td><\/tr><tr><td>Schadensrate(%)<\/td><td>\u22643.5<\/td><\/tr><tr><td>Sch\u00e4lrate(%)<\/td><td>\u226598<\/td><\/tr><tr><td>Verunreinigungsrate(%)<\/td><td>\u22643.0<\/td><\/tr><tr><td>Verlustrate(%)<\/td><td>\u22640,5<\/td><\/tr><tr><td>Lastausgleich Ger\u00e4uschpegel dB(A)<\/td><td>\u226490<\/td><\/tr><\/tbody><\/table><figcaption class=\"wp-element-caption\">Technische Daten der Erdnusssch\u00e4lmaschine<\/figcaption><\/figure>    <h2 class=\"wp-block-heading\" id=\"h-working-process-of-peanut-thresher\"><span class=\"has-inline-color has-black-color\">Arbeitsprozess der Erdnusssch\u00e4lmaschine<\/span><\/h2>   <div id=\"rank-math-howto\" class=\"rank-math-block\" > <div class=\"rank-math-howto-description\">  <\/div>  <div class=\"rank-math-steps\"> <div id=\"howto-step-1717037437398\" class=\"rank-math-step\"> <div class=\"rank-math-step-content\"><p>Die Erdn\u00fcsse gelangen vom Zuf\u00fchrtrichter in die vordere Trommel, und dann wird die Erdnuss durch die Rotation der Aufh\u00e4ngungsh\u00fclse und die Reibungskraft der konkaven Platte aufgespalten, um die Trennung von Kernen und Schalen zu realisieren. Die getrennten Erdnusskerne und Schalen fallen gleichzeitig durch die vordere konkave Platte und passieren die vordere Rutschplatte.<\/p> <\/div> <\/div> <div id=\"howto-step-1717037451816\" class=\"rank-math-step\"> <div class=\"rank-math-step-content\"><p>Im Luftkanal werden die Erdnussschalen durch den Wind aus der Erdnusssch\u00e4lmaschine geblasen, um eine vorl\u00e4ufige Windselektion zu erreichen; die Erdnusskerne und die ungesch\u00e4lten Erdn\u00fcsse fallen in das Dichte-Trennsieb zur Selektion, und die ausgew\u00e4hlten Erdn\u00fcsse passieren die Kerne entlang der Sieboberfl\u00e4che und gelangen in den Sack.<\/p> <\/div> <\/div> <div id=\"howto-step-1717037488983\" class=\"rank-math-step\"> <div class=\"rank-math-step-content\"><p>Die ungesch\u00e4lten Erdn\u00fcsse fallen auf die Sieboberfl\u00e4che und gelangen dann durch den Entleerungstrichter in den Luftf\u00f6rderer, der sie in die hintere Trommel f\u00fcr die sekund\u00e4re Sch\u00e4lung bef\u00f6rdert.<\/p> <\/div> <\/div> <div id=\"howto-step-1717037590696\" class=\"rank-math-step\"> <div class=\"rank-math-step-content\"><p>Schlie\u00dflich fallen die gesch\u00e4lten Kerne und Schalen durch die konkave Platte, gefolgt von einer vorl\u00e4ufigen Windselektion, bei der die Dichte getrennt und ausgew\u00e4hlt wird. Danach k\u00f6nnen alle Schalen entfernt werden.<\/p> <\/div> <\/div> <\/div> <\/div>       <figure class=\"wp-block-image aligncenter size-large\"><img loading=\"lazy\" decoding=\"async\" width=\"720\" height=\"540\" src=\"https:\/\/www.agriculture-machine.com\/wp-content\/uploads\/2021\/07\/start-end.jpg\" alt=\"Erdnuss-Sch\u00e4lmaschine\" class=\"wp-image-10899\" srcset=\"https:\/\/www.agriculture-machine.com\/wp-content\/uploads\/2021\/07\/start-end.jpg 720w, https:\/\/www.agriculture-machine.com\/wp-content\/uploads\/2021\/07\/start-end-360x270.jpg 360w, https:\/\/www.agriculture-machine.com\/wp-content\/uploads\/2021\/07\/start-end-240x180.jpg 240w\" sizes=\"auto, (max-width: 720px) 100vw, 720px\" \/><figcaption class=\"wp-element-caption\">Erdnussdrescher<\/figcaption><\/figure>    <h2 class=\"wp-block-heading\" id=\"h-maintenance-of-peanut-thresher\"><span class=\"has-inline-color has-black-color\">Wartung der Erdnusssch\u00e4lmaschine<\/span><\/h2>    <ol class=\"wp-block-list\"> <li>Die Erdnusssch\u00e4lmaschine verwendet einen Dreiecksriemen. Nach l\u00e4ngerer Nutzung dehnt sich der neue Riemen allm\u00e4hlich aus und wird locker, daher ist es notwendig, die Spannung der Antriebsriemen regelm\u00e4\u00dfig zu \u00fcberpr\u00fcfen, ob der Abstand zwischen den passenden Teilen angemessen ist, und sie rechtzeitig anzupassen.<\/li>    <li>During operation, you should always pay attention to whether the machine&#8217;s speed, sound, and temperature are normal.<\/li>    <li>You should check the screen body&#8217;s suspension shaft and all the movable joints&#8217; bearings in time for lack of oil and wear, and if they appear, they should be replaced in time.<\/li>    <li>Nach jedem Betrieb sollte die Unterseite des Siebs der Fruchtreibemaschine, also die L\u00f6cher und N\u00e4hte der Fischschuppen, regelm\u00e4\u00dfig mit einer Drahtb\u00fcrste gereinigt werden.<\/li>    <li>Nach der Verarbeitungssaison sollte eine Hauptinspektion der Erdnusssch\u00e4lmaschine durchgef\u00fchrt werden. Nach der Inspektion werden besch\u00e4digte Teile repariert und Schmutz sowie Resterdn\u00fcsse aus der Maschine entfernt.<\/li>    <li>Nach der Verwendung der Erdnusssch\u00e4lmaschine entfernen Sie den Riemen und lagern die Maschine in einem trockenen Lagerraum. Nach dem Entfernen des Riemens h\u00e4ngen Sie ihn an eine Innent\u00fcr, die nicht direktem Sonnenlicht ausgesetzt ist.<\/li> <\/ol>    <h2 class=\"wp-block-heading\" id=\"h-something-about-stock-and-shipping\"><span class=\"has-inline-color has-black-color\">Informationen zu Lagerbestand und Versand<\/span><\/h2>    <p>Wie im Bild unten gezeigt, hat unsere Fabrik starke Kapazit\u00e4ten, daher haben wir ausreichend Lagerbestand. Kaufen Sie unsere Produkte mit Vertrauen. Das erste Bild zeigt die Erdnusssch\u00e4lmaschine ohne Lackierung, das zweite Bild das Fertigprodukt. <\/p>    <p>Unsere Erdnusssch\u00e4lmaschine sieht exquisit aus, und Sie sind herzlich eingeladen, sie zu kaufen. F\u00fcr die Lieferung verwenden wir Holzkisten zur Verpackung und treffen angemessene Sicherheitsma\u00dfnahmen. Daher brauchen Sie sich keine Sorgen um Sch\u00e4den w\u00e4hrend des Transports zu machen.<\/p>    <figure class=\"wp-block-gallery aligncenter has-nested-images columns-default is-cropped wp-block-gallery-2 is-layout-flex wp-block-gallery-is-layout-flex\"> <figure class=\"wp-block-image size-large\"><img loading=\"lazy\" decoding=\"async\" width=\"720\" height=\"540\" data-id=\"10900\" src=\"https:\/\/www.agriculture-machine.com\/wp-content\/uploads\/2021\/07\/groundnut-sheller-machine.jpg\" alt=\"Erdnuss-Sch\u00e4lmaschine\" class=\"wp-image-10900\" srcset=\"https:\/\/www.agriculture-machine.com\/wp-content\/uploads\/2021\/07\/groundnut-sheller-machine.jpg 720w, https:\/\/www.agriculture-machine.com\/wp-content\/uploads\/2021\/07\/groundnut-sheller-machine-360x270.jpg 360w, https:\/\/www.agriculture-machine.com\/wp-content\/uploads\/2021\/07\/groundnut-sheller-machine-240x180.jpg 240w\" sizes=\"auto, (max-width: 720px) 100vw, 720px\" \/><figcaption class=\"wp-element-caption\">Erdnuss-Sch\u00e4lmaschine<\/figcaption><\/figure>    <figure class=\"wp-block-image size-large\"><img loading=\"lazy\" decoding=\"async\" width=\"720\" height=\"540\" data-id=\"10901\" src=\"https:\/\/www.agriculture-machine.com\/wp-content\/uploads\/2021\/07\/stock.jpg\" alt=\"Vorrat\" class=\"wp-image-10901\" srcset=\"https:\/\/www.agriculture-machine.com\/wp-content\/uploads\/2021\/07\/stock.jpg 720w, https:\/\/www.agriculture-machine.com\/wp-content\/uploads\/2021\/07\/stock-360x270.jpg 360w, https:\/\/www.agriculture-machine.com\/wp-content\/uploads\/2021\/07\/stock-240x180.jpg 240w\" sizes=\"auto, (max-width: 720px) 100vw, 720px\" \/><figcaption class=\"wp-element-caption\">Vorrat<\/figcaption><\/figure>    <figure class=\"wp-block-image size-large\"><img loading=\"lazy\" decoding=\"async\" width=\"720\" height=\"540\" data-id=\"10902\" src=\"https:\/\/www.agriculture-machine.com\/wp-content\/uploads\/2021\/07\/factory.jpg\" alt=\"Erdnuss-Sch\u00e4lmaschine\" class=\"wp-image-10902\" srcset=\"https:\/\/www.agriculture-machine.com\/wp-content\/uploads\/2021\/07\/factory.jpg 720w, https:\/\/www.agriculture-machine.com\/wp-content\/uploads\/2021\/07\/factory-360x270.jpg 360w, https:\/\/www.agriculture-machine.com\/wp-content\/uploads\/2021\/07\/factory-240x180.jpg 240w\" sizes=\"auto, (max-width: 720px) 100vw, 720px\" \/><figcaption class=\"wp-element-caption\">Erdnuss-Sch\u00e4lmaschine<\/figcaption><\/figure>    <figure class=\"wp-block-image aligncenter size-large\"><img loading=\"lazy\" decoding=\"async\" width=\"720\" height=\"540\" data-id=\"10903\" src=\"https:\/\/www.agriculture-machine.com\/wp-content\/uploads\/2021\/07\/packaging.jpg\" alt=\"Verpackung\" class=\"wp-image-10903\" srcset=\"https:\/\/www.agriculture-machine.com\/wp-content\/uploads\/2021\/07\/packaging.jpg 720w, https:\/\/www.agriculture-machine.com\/wp-content\/uploads\/2021\/07\/packaging-360x270.jpg 360w, https:\/\/www.agriculture-machine.com\/wp-content\/uploads\/2021\/07\/packaging-240x180.jpg 240w\" sizes=\"auto, (max-width: 720px) 100vw, 720px\" \/><figcaption class=\"wp-element-caption\">Verpackung<\/figcaption><\/figure> <\/figure>    <h2 class=\"wp-block-heading\" id=\"h-the-price-of-peanut-thresher\"><span class=\"has-inline-color has-black-color\">Preis der Erdnusssch\u00e4lmaschine<\/span><\/h2>    <p>Aufgrund unterschiedlicher Komponenten k\u00f6nnen wir keinen genauen Preis nennen, aber wir versprechen, Ihnen den besten Service und den g\u00fcnstigsten Preis zu bieten. Hinterlassen Sie Ihre Kontaktdaten, und unser Personal wird sich innerhalb von 24 Stunden mit Ihnen in Verbindung setzen, um Ihre Bed\u00fcrfnisse zu verstehen. Willkommen zur Beratung.<\/p>    <h2 class=\"wp-block-heading\" id=\"h-technical-parameter\">Technische Parameter<\/h2>    <figure class=\"wp-block-image aligncenter size-large\"><img loading=\"lazy\" decoding=\"async\" width=\"720\" height=\"360\" src=\"https:\/\/www.agriculture-machine.com\/wp-content\/uploads\/2021\/07\/Technical-parameter-of-peanut-sheller-removing-machine-720x360.jpg\" alt=\"Technische Parameter der Erdnusssch\u00e4lmaschine\" class=\"wp-image-10918\" srcset=\"https:\/\/www.agriculture-machine.com\/wp-content\/uploads\/2021\/07\/Technical-parameter-of-peanut-sheller-removing-machine-720x360.jpg 720w, https:\/\/www.agriculture-machine.com\/wp-content\/uploads\/2021\/07\/Technical-parameter-of-peanut-sheller-removing-machine-360x180.jpg 360w, https:\/\/www.agriculture-machine.com\/wp-content\/uploads\/2021\/07\/Technical-parameter-of-peanut-sheller-removing-machine-768x384.jpg 768w, https:\/\/www.agriculture-machine.com\/wp-content\/uploads\/2021\/07\/Technical-parameter-of-peanut-sheller-removing-machine.jpg 900w\" sizes=\"auto, (max-width: 720px) 100vw, 720px\" \/><figcaption class=\"wp-element-caption\">Technische Parameter der Erdnusssch\u00e4lmaschine<\/figcaption><\/figure>    <p class=\"translation-block\">Oben ist die detaillierte Parameterliste dieser Maschine, die als Referenz dienen kann. Wenn Sie mehr Typen und Details zu <a href=\"https:\/\/en.wikipedia.org\/wiki\/Peanut\" target=\"_blank\" rel=\"noopener\">Erdnuss<\/a>-Sch\u00e4lmaschinen erfahren m\u00f6chten, kontaktieren Sie uns bitte frei.<\/p>","protected":false},"excerpt":{"rendered":"<p>Unsere Erdnusssch\u00e4lmaschine ist einfach zu bedienen und kann mit Strom, Benzin, Diesel betrieben werden. Es gibt viele Optionen f\u00fcr Sie.<\/p>","protected":false},"author":1,"featured_media":10896,"parent":0,"comment_status":"closed","ping_status":"closed","template":"","tags":[798,797,648,866],"product-type":[895,872],"class_list":["post-10893","product","type-product","status-publish","has-post-thumbnail","hentry","tag-groundnut","tag-peanut","tag-removing-groundnut-shell","tag-removing-peanut-shell","product-type-peanut-sheller","product-type-thresher-sheller"],"_links":{"self":[{"href":"https:\/\/www.agriculture-machine.com\/de\/wp-json\/wp\/v2\/product\/10893","targetHints":{"allow":["GET"]}}],"collection":[{"href":"https:\/\/www.agriculture-machine.com\/de\/wp-json\/wp\/v2\/product"}],"about":[{"href":"https:\/\/www.agriculture-machine.com\/de\/wp-json\/wp\/v2\/types\/product"}],"author":[{"embeddable":true,"href":"https:\/\/www.agriculture-machine.com\/de\/wp-json\/wp\/v2\/users\/1"}],"replies":[{"embeddable":true,"href":"https:\/\/www.agriculture-machine.com\/de\/wp-json\/wp\/v2\/comments?post=10893"}],"wp:featuredmedia":[{"embeddable":true,"href":"https:\/\/www.agriculture-machine.com\/de\/wp-json\/wp\/v2\/media\/10896"}],"wp:attachment":[{"href":"https:\/\/www.agriculture-machine.com\/de\/wp-json\/wp\/v2\/media?parent=10893"}],"wp:term":[{"taxonomy":"post_tag","embeddable":true,"href":"https:\/\/www.agriculture-machine.com\/de\/wp-json\/wp\/v2\/tags?post=10893"},{"taxonomy":"product-type","embeddable":true,"href":"https:\/\/www.agriculture-machine.com\/de\/wp-json\/wp\/v2\/product-type?post=10893"}],"curies":[{"name":"wp","href":"https:\/\/api.w.org\/{rel}","templated":true}]}}