{"id":10960,"date":"2021-07-30T09:28:50","date_gmt":"2021-07-30T01:28:50","guid":{"rendered":"https:\/\/www.agriculture-machine.com\/?p=10960"},"modified":"2024-09-23T11:18:08","modified_gmt":"2024-09-23T03:18:08","slug":"different-types-of-disc-harrow-for-sale","status":"publish","type":"product","link":"https:\/\/www.agriculture-machine.com\/de\/different-types-of-disc-harrow-for-sale\/","title":{"rendered":"Verschiedene Arten von Scheibeneggen zum Verkauf"},"content":{"rendered":"<h2 class=\"wp-block-heading\" id=\"h-introduction\">Einf\u00fchrung <\/h2>    <p>Die Scheibenegge besteht aus einem Rechenrahmen, einer Rechengruppe, einem Zug- oder Aufh\u00e4ngungsvorrichtung und einem Ablenkungsjustierungsmechanismus. Es ist eine Maschine, die den Boden, Kompost und Unkraut verteilt, damit sie an der Oberfl\u00e4che des Ackerlandes haften. Diese Maschine wird haupts\u00e4chlich verwendet, um den Boden nach dem Eggen zu lockern, um die agronomischen Anforderungen der Bodenbearbeitung vor dem S\u00e4en zu erf\u00fcllen. Sie wird auch zum Unkrautj\u00e4ten oder f\u00fcr flaches Pfl\u00fcgen und Stoppelentfernung nach der Ernte eingesetzt.<\/p>    <figure class=\"wp-block-image size-large is-resized\"><img loading=\"lazy\" decoding=\"async\" src=\"https:\/\/www.agriculture-machine.com\/wp-content\/uploads\/2021\/07\/disc-harrow-2-344x540.jpg\" alt=\"Scheibenegge\" class=\"wp-image-10982\" width=\"839\" height=\"1317\" srcset=\"https:\/\/www.agriculture-machine.com\/wp-content\/uploads\/2021\/07\/disc-harrow-2-344x540.jpg 344w, https:\/\/www.agriculture-machine.com\/wp-content\/uploads\/2021\/07\/disc-harrow-2-172x270.jpg 172w, https:\/\/www.agriculture-machine.com\/wp-content\/uploads\/2021\/07\/disc-harrow-2.jpg 720w\" sizes=\"auto, (max-width: 839px) 100vw, 839px\" \/><figcaption>Scheibenegge<\/figcaption><\/figure>    <h2 class=\"wp-block-heading\" id=\"h-the-main-difference-between-disc-harrow-and-disc-plow\">Der Hauptunterschied zwischen Scheibenegge und Scheibenpflug:<\/h2>    <p class=\"translation-block\">Da der <a href=\"https:\/\/www.agriculture-machine.com\/de\/disc-plough-disc-plow-for-sale\/\">Scheibenpflug<\/a> und die Scheibenegge \u00e4hnliche Namen haben, verwechseln viele Menschen die beiden Werkzeuge und denken, dass sie die gleiche Funktion haben. Tats\u00e4chlich gibt es viele Unterschiede. Hier unterscheiden wir sie haupts\u00e4chlich anhand dieser Aspekte:<\/p>    <p>1. Die Objekte, an denen sie arbeiten, und die Funktionen der Maschinen sind unterschiedlich: Der Scheibenegge wird haupts\u00e4chlich zum Eggen unbebauter Fl\u00e4chen verwendet, und die Scheibenegge dient zum Zerkleinern und Ebnen des kultivierten Landes.<\/p>    <p>2. Die Verbindungsmethode mit dem Motor ist unterschiedlich: Der Scheibenpflug ist ein Dreipunktaufh\u00e4ngungstyp, und die Scheibenegge hat einen gro\u00dfen Traktions- und einen kleinen Aufh\u00e4ngungstyp.<\/p>    <p>3. Die Struktur der Maschine und die Kraft w\u00e4hrend des Betriebs sind unterschiedlich: Der Scheibenegge ist wie die Position, an der die Pflugschar auf dem Dreipunktaufh\u00e4ngungspflug installiert ist, anstatt zwei oder mehrere Scheibeneggenk\u00f6rper und Bodenwenderplatten zu installieren.<\/p>    <h2 class=\"wp-block-heading\" id=\"h-advantages-of-disc-harrow\">Vorteile der Scheibenegge<\/h2>    <ol class=\"wp-block-list\"><li>Die Scheibenegge ist wie ein aufstrebender Stern der landwirtschaftlichen Maschinen und wird in den meisten L\u00e4ndern und Regionen der Welt weit verbreitet eingesetzt. Heutzutage ist die Bedeutung der Scheibenegge in einer betr\u00e4chtlichen Anzahl von L\u00e4ndern nicht weniger wichtig als die des Pflugs. <\/li><li>Sie ben\u00f6tigt weniger Leistung und hat eine hohe Betriebseffizienz. Sie kann auch Energie sparen, \u00fcberm\u00e4\u00dfiges Pfl\u00fcgen des Bodens vermeiden und der Boden nach dem Eggen kann vollst\u00e4ndig gemischt werden, was die Aktivit\u00e4t und chemische Zersetzung der Mikroorganismen im Boden f\u00f6rdert. <\/li><li>Sie hat den Vorteil einer starken Stoppelentfernungsf\u00e4higkeit, guten Bodenzerkleinerungseffekt, niedrigen Arbeitswiderstand, hoher Produktionseffizienz, niedrigen Betriebskosten und ist gut f\u00fcr die Feuchtigkeitsbewahrung geeignet und kann die Aussaatqualit\u00e4t verbessern.<\/li><\/ol>    <h2 class=\"wp-block-heading\" id=\"h-three-types\">Drei Typen <\/h2>    <h3 class=\"wp-block-heading\">Wir haben drei verschiedene Arten von Scheibeneggen mit unterschiedlichen Eigenschaften, Sie k\u00f6nnen die passende Art w\u00e4hlen, um Ihre Bed\u00fcrfnisse zu erf\u00fcllen.<\/h3>    <p>Sie hat eine unvoreingenommene Traktion, hohe Betriebseffizienz, vern\u00fcnftige Kraftstoffnutzung und eine starke F\u00e4higkeit, den Boden zu durchdringen und zu zerkleinern. Die Bodenoberfl\u00e4che ist nach dem Eggen eben und der Boden ist locker. Die gegen\u00fcberliegende leichte Scheibenegge ist geeignet f\u00fcr schwere B\u00f6den, \u00d6dland und Unkraut. Die gegen\u00fcberliegende leichte Scheibenegge in Verbindung mit hoher PS-Zahl.<\/p>    <figure class=\"wp-block-gallery columns-2 is-cropped wp-block-gallery-2 is-layout-flex wp-block-gallery-is-layout-flex\"><ul class=\"blocks-gallery-grid\"><li class=\"blocks-gallery-item\"><figure><img loading=\"lazy\" decoding=\"async\" width=\"540\" height=\"540\" src=\"https:\/\/www.agriculture-machine.com\/wp-content\/uploads\/2021\/07\/Opposed-light-disc-harrow3-540x540.jpg\" alt=\"Opposed\u00a0light disc harrow\" data-id=\"10986\" data-full-url=\"https:\/\/www.agriculture-machine.com\/wp-content\/uploads\/2021\/07\/Opposed-light-disc-harrow3.jpg\" data-link=\"https:\/\/www.agriculture-machine.com\/different-types-of-disc-harrow-for-sale\/opposed-light-disc-harrow3\/\" class=\"wp-image-10986\" srcset=\"https:\/\/www.agriculture-machine.com\/wp-content\/uploads\/2021\/07\/Opposed-light-disc-harrow3-540x540.jpg 540w, https:\/\/www.agriculture-machine.com\/wp-content\/uploads\/2021\/07\/Opposed-light-disc-harrow3-270x270.jpg 270w, https:\/\/www.agriculture-machine.com\/wp-content\/uploads\/2021\/07\/Opposed-light-disc-harrow3.jpg 750w\" sizes=\"auto, (max-width: 540px) 100vw, 540px\" \/><\/figure><\/li><li class=\"blocks-gallery-item\"><figure><img loading=\"lazy\" decoding=\"async\" width=\"408\" height=\"540\" src=\"https:\/\/www.agriculture-machine.com\/wp-content\/uploads\/2021\/07\/Opposed-light-disc-harrow-2-1-408x540.jpg\" alt=\"Opposed\u00a0light disc harrow\" data-id=\"10985\" data-full-url=\"https:\/\/www.agriculture-machine.com\/wp-content\/uploads\/2021\/07\/Opposed-light-disc-harrow-2-1.jpg\" data-link=\"https:\/\/www.agriculture-machine.com\/different-types-of-disc-harrow-for-sale\/opposed-light-disc-harrow-2-2\/\" class=\"wp-image-10985\" srcset=\"https:\/\/www.agriculture-machine.com\/wp-content\/uploads\/2021\/07\/Opposed-light-disc-harrow-2-1-408x540.jpg 408w, https:\/\/www.agriculture-machine.com\/wp-content\/uploads\/2021\/07\/Opposed-light-disc-harrow-2-1-204x270.jpg 204w, https:\/\/www.agriculture-machine.com\/wp-content\/uploads\/2021\/07\/Opposed-light-disc-harrow-2-1.jpg 720w\" sizes=\"auto, (max-width: 408px) 100vw, 408px\" \/><\/figure><\/li><\/ul><\/figure>    <p>Technische Parameter der gegens\u00e4tzlichen Leichtscheibenegge<\/p>    <figure class=\"wp-block-table is-style-stripes\"><table><tbody><tr><td>Modell<\/td><td>1BQDX-1.3<\/td><td>1BQDX-1.6<\/td><td>1BQDX-2.0<\/td><td>1BQDX-2.4<\/td><td>1BQDX-2.8<\/td><td>1BQDX-3.0<\/td><\/tr><tr><td>Schnittbreite (mm)<\/td><td>1300<\/td><td>1600<\/td><td>2000<\/td><td>2400<\/td><td>2800<\/td><td>3000<\/td><\/tr><tr><td>Q&#8217; ty of disc<\/td><td>16<\/td><td>20<\/td><td>24<\/td><td>28<\/td><td>32<\/td><td>36<\/td><\/tr><tr><td>Gewicht (kg)<\/td><td>330<\/td><td>390<\/td><td>460<\/td><td>560<\/td><td>600<\/td><td>650<\/td><\/tr><tr><td>Traktorleistung (PS)<\/td><td>35-40<\/td><td>40-45<\/td><td>50-60<\/td><td>60-75<\/td><td>75-85<\/td><td>85-100<\/td><\/tr><\/tbody><\/table><\/figure>    <h3 class=\"wp-block-heading\">Montierte Leichtscheibenegge<\/h3>    <p>Diese Art der Scheibenegge ist haupts\u00e4chlich geeignet zum Zerkleinern des Bodens nach dem Pfl\u00fcgen, zur Bodenbearbeitung vor dem S\u00e4en, zum Lockern des Bodens, zum Mischen von Boden und D\u00fcnger und f\u00fcr Stoppelentfernungsarbeiten bei leichtem Boden. Die Maschine hat die Eigenschaften einer vern\u00fcnftigen Struktur, Robustheit und Langlebigkeit, bequeme Bedienung, einfache Wartung, starke Bodenzerkleinerungsf\u00e4higkeit und eine glatte Bodenoberfl\u00e4che nach dem Rechen. Die passende PS-Zahl ist etwas kleiner, und die Schnittiefe der montierten Leichtscheibenegge ist kleiner als bei den anderen beiden.<\/p>    <figure class=\"wp-block-gallery columns-2 is-cropped wp-block-gallery-3 is-layout-flex wp-block-gallery-is-layout-flex\"><ul class=\"blocks-gallery-grid\"><li class=\"blocks-gallery-item\"><figure><img loading=\"lazy\" decoding=\"async\" width=\"720\" height=\"540\" src=\"https:\/\/www.agriculture-machine.com\/wp-content\/uploads\/2021\/07\/Mounted-light-duty-disc-harrow-1.jpg\" alt=\"Verschiedene Arten von Scheibeneggen zum Verkauf - Drei Haupttypen von Scheibeneggen\" data-id=\"10987\" data-full-url=\"https:\/\/www.agriculture-machine.com\/wp-content\/uploads\/2021\/07\/Mounted-light-duty-disc-harrow-1.jpg\" data-link=\"https:\/\/www.agriculture-machine.com\/different-types-of-disc-harrow-for-sale\/mounted-light-duty-disc-harrow-3\/\" class=\"wp-image-10987\" srcset=\"https:\/\/www.agriculture-machine.com\/wp-content\/uploads\/2021\/07\/Mounted-light-duty-disc-harrow-1.jpg 720w, https:\/\/www.agriculture-machine.com\/wp-content\/uploads\/2021\/07\/Mounted-light-duty-disc-harrow-1-360x270.jpg 360w, https:\/\/www.agriculture-machine.com\/wp-content\/uploads\/2021\/07\/Mounted-light-duty-disc-harrow-1-240x180.jpg 240w\" sizes=\"auto, (max-width: 720px) 100vw, 720px\" \/><figcaption class=\"blocks-gallery-item__caption\">Details der Maschine<\/figcaption><\/figure><\/li><li class=\"blocks-gallery-item\"><figure><img loading=\"lazy\" decoding=\"async\" width=\"720\" height=\"540\" src=\"https:\/\/www.agriculture-machine.com\/wp-content\/uploads\/2021\/07\/Mounted-light-duty-disc-harrow-2-1.jpg\" alt=\"Details der Maschine 2\" data-id=\"10988\" data-full-url=\"https:\/\/www.agriculture-machine.com\/wp-content\/uploads\/2021\/07\/Mounted-light-duty-disc-harrow-2-1.jpg\" data-link=\"https:\/\/www.agriculture-machine.com\/different-types-of-disc-harrow-for-sale\/mounted-light-duty-disc-harrow-2-2\/\" class=\"wp-image-10988\" srcset=\"https:\/\/www.agriculture-machine.com\/wp-content\/uploads\/2021\/07\/Mounted-light-duty-disc-harrow-2-1.jpg 720w, https:\/\/www.agriculture-machine.com\/wp-content\/uploads\/2021\/07\/Mounted-light-duty-disc-harrow-2-1-360x270.jpg 360w, https:\/\/www.agriculture-machine.com\/wp-content\/uploads\/2021\/07\/Mounted-light-duty-disc-harrow-2-1-240x180.jpg 240w\" sizes=\"auto, (max-width: 720px) 100vw, 720px\" \/><\/figure><\/li><\/ul><\/figure>    <p>Technische Parameter der montierten Leichtscheibenegge<\/p>    <figure class=\"wp-block-table is-style-stripes\"><table><tbody><tr><td>Modell<\/td><td>1BQX-1.1<\/td><td>1BQX-1.3<\/td><td>1BQX-1.5<\/td><td>1BQX-1.7<\/td><td>1BQX-1.9<\/td><td>1BQX-2.3<\/td><\/tr><tr><td>Schnittbreite (mm)<\/td><td>1100<\/td><td>1300<\/td><td>1500<\/td><td>1700<\/td><td>1900<\/td><td>2300<\/td><\/tr><tr><td>Q&#8217; ty of disc<\/td><td>12<\/td><td>14<\/td><td>16<\/td><td>18<\/td><td>20<\/td><td>24<\/td><\/tr><tr><td>Gewicht (kg)<\/td><td>200<\/td><td>220<\/td><td>240<\/td><td>260<\/td><td>310<\/td><td>360<\/td><\/tr><tr><td>Traktorleistung (PS)<\/td><td>15<\/td><td>18<\/td><td>25<\/td><td>40<\/td><td>50<\/td><td>60<\/td><\/tr><\/tbody><\/table><\/figure>    <h3 class=\"wp-block-heading\">Montierte Mittelschwere-Scheibenegge<\/h3>    <p>Die 1BJX montierte Mittelschwere-Scheibenegge verwendet gezahnte Klingen, und die hintere Eggegruppe verwendet Scheibeneggenklingen. Sie eignet sich zum Entfernen von Stoppeln vor dem Eggen auf trockenem Ackerland, zum Zerkleinern des Bodens nach dem Eggen und f\u00fcr leichtes Bodenbearbeitung mit Egge anstelle des Pflugs. Die von uns hergestellten Rechenklingen dieser Serie sind von guter Qualit\u00e4t und haben eine lange Lebensdauer. Die gesamte Maschine hat sch\u00f6ne Linien, vielf\u00e4ltige Farben und vollst\u00e4ndige Sorten, geeignet f\u00fcr die Riemen von Vierradtraktoren mit unterschiedlicher PS-Zahl. Die glatte Oberfl\u00e4che kann die Anforderungen des intensiven Landbaus erf\u00fcllen.<\/p>    <figure class=\"wp-block-gallery columns-2 is-cropped wp-block-gallery-4 is-layout-flex wp-block-gallery-is-layout-flex\"><ul class=\"blocks-gallery-grid\"><li class=\"blocks-gallery-item\"><figure><img loading=\"lazy\" decoding=\"async\" width=\"720\" height=\"540\" src=\"https:\/\/www.agriculture-machine.com\/wp-content\/uploads\/2021\/07\/Mounted-middle-duty-disc-harrow-1.jpg\" alt=\"Montierte Mittelschwere-Scheibenegge\" data-id=\"10989\" data-full-url=\"https:\/\/www.agriculture-machine.com\/wp-content\/uploads\/2021\/07\/Mounted-middle-duty-disc-harrow-1.jpg\" data-link=\"https:\/\/www.agriculture-machine.com\/different-types-of-disc-harrow-for-sale\/mounted-middle-duty-disc-harrow-3\/\" class=\"wp-image-10989\" srcset=\"https:\/\/www.agriculture-machine.com\/wp-content\/uploads\/2021\/07\/Mounted-middle-duty-disc-harrow-1.jpg 720w, https:\/\/www.agriculture-machine.com\/wp-content\/uploads\/2021\/07\/Mounted-middle-duty-disc-harrow-1-360x270.jpg 360w, https:\/\/www.agriculture-machine.com\/wp-content\/uploads\/2021\/07\/Mounted-middle-duty-disc-harrow-1-240x180.jpg 240w\" sizes=\"auto, (max-width: 720px) 100vw, 720px\" \/><figcaption class=\"blocks-gallery-item__caption\">Montierte Mittelschwere-Scheibenegge<\/figcaption><\/figure><\/li><li class=\"blocks-gallery-item\"><figure><img loading=\"lazy\" decoding=\"async\" width=\"720\" height=\"540\" src=\"https:\/\/www.agriculture-machine.com\/wp-content\/uploads\/2021\/07\/Mounted-middle-duty-disc-harrow-2-1.jpg\" alt=\"Montierte Mittelschwere-Scheibenegge\" data-id=\"10990\" data-full-url=\"https:\/\/www.agriculture-machine.com\/wp-content\/uploads\/2021\/07\/Mounted-middle-duty-disc-harrow-2-1.jpg\" data-link=\"https:\/\/www.agriculture-machine.com\/different-types-of-disc-harrow-for-sale\/mounted-middle-duty-disc-harrow-2-2\/\" class=\"wp-image-10990\" srcset=\"https:\/\/www.agriculture-machine.com\/wp-content\/uploads\/2021\/07\/Mounted-middle-duty-disc-harrow-2-1.jpg 720w, https:\/\/www.agriculture-machine.com\/wp-content\/uploads\/2021\/07\/Mounted-middle-duty-disc-harrow-2-1-360x270.jpg 360w, https:\/\/www.agriculture-machine.com\/wp-content\/uploads\/2021\/07\/Mounted-middle-duty-disc-harrow-2-1-240x180.jpg 240w\" sizes=\"auto, (max-width: 720px) 100vw, 720px\" \/><figcaption class=\"blocks-gallery-item__caption\">Montierte Mittelschwere-Scheibenegge<\/figcaption><\/figure><\/li><\/ul><\/figure>    <p>Technische Parameter der montierten Mittelschwere-Scheibenegge<\/p>    <figure class=\"wp-block-table is-style-stripes\"><table><tbody><tr><td>Modell<\/td><td>1BJX-1.6<\/td><td>1BJX-1.8<\/td><td>1BJX-2.0<\/td><td>1BJX-2.2<\/td><td>1BJX-2.4<\/td><td>1BJX-2.5<\/td><\/tr><tr><td>Schnittbreite (mm)<\/td><td>1600<\/td><td>1800<\/td><td>2000<\/td><td>2200<\/td><td>2400<\/td><td>2500<\/td><\/tr><tr><td>Q&#8217; ty of disc<\/td><td>14<\/td><td>16<\/td><td>18<\/td><td>20<\/td><td>22<\/td><td>24<\/td><\/tr><tr><td>Gewicht (kg)<\/td><td>350<\/td><td>380<\/td><td>420<\/td><td>470<\/td><td>540<\/td><td>650<\/td><\/tr><tr><td>Traktorleistung (PS)<\/td><td>30<\/td><td>40<\/td><td>50<\/td><td>60<\/td><td>70<\/td><td>80<\/td><\/tr><\/tbody><\/table><\/figure>    <h2 class=\"wp-block-heading\" id=\"h-precautions\">Vorsichtsma\u00dfnahmen<\/h2>    <ol class=\"wp-block-list\"><li>\u00dcberpr\u00fcfen Sie vor dem Gebrauch, ob die Befestigungsbolzen und -muttern locker sind, insbesondere die Sechskantmuttern der Welle, die festgezogen werden m\u00fcssen. Die Mutter am Ende der Sechskantwelle sollte festgezogen und verriegelt werden. Es darf kein Wackeln des Rechenklingen geben, sonst nagt das Innere der Rechenklinge an der Sechskantwelle.<\/li><li>Das Anheben und Absenken der h\u00e4ngenden Egge sollte langsam und stabil erfolgen. \u00dcberm\u00e4\u00dfiger Betrieb ist nicht erlaubt, und der menschliche K\u00f6rper darf das Gewicht der Egge nicht erh\u00f6hen, um die Egge in den Boden zu dr\u00fccken.<\/li><li>W\u00e4hrend des Betriebs ist es streng verboten, den Rechen zu reparieren, zu inspizieren und einzustellen. Wenn der Traktor mit einem Rechen arbeitet, sind scharfe Kurven verboten, und die Traktionsegge darf nicht r\u00fcckw\u00e4rts gefahren werden. <\/li><li>Bei schwerem Bodenerosion und Schlepperei sollten die Ursachen analysiert und beseitigt werden, und ein erzwungener Betrieb ist nicht erlaubt. Wenn der Rechen nah am Boden ist, d\u00fcrfen die Rechenklingen die Kante, Steinkante usw. nicht ber\u00fchren. <\/li><li>Beim Plotwechsel oder bei Kurzstreckentransport muss der Arbeitsmechanismus des Rechens auf die h\u00f6chste Position gehoben und verriegelt werden, damit das landwirtschaftliche Ger\u00e4t in Transportstellung ist, und die Begrenzungskette wird gespannt. <\/li><\/ol>    <h2 class=\"wp-block-heading\" id=\"h-our-service\">Unser Service<\/h2>    <p>Wir sind eine Fabrik, die seit vielen Jahren besteht. Die Maschinen, die wir produzieren, bestehen aus hochwertigen Materialien und wurden mehrfach gepr\u00fcft, um eine zuverl\u00e4ssige Qualit\u00e4t zu gew\u00e4hrleisten. Unsere Mitarbeiter sind ebenfalls erfahrene Veteranen mit langj\u00e4hriger Erfahrung, mit gutem Service und hoher Arbeitseffizienz. Wenn Sie an unseren Produkten interessiert sind und mehr Details \u00fcber unsere Maschinen erfahren m\u00f6chten, k\u00f6nnen Sie Ihre Kontaktdaten hinterlassen, unser Personal wird Sie innerhalb von 24 Stunden kontaktieren. Willkommen zur Beratung.<\/p>","protected":false},"excerpt":{"rendered":"<p>Introduction Disc harrow is composed of a raked frame, a rake group, a traction or suspension device, and a deflection adjustment mechanism. It is a machine that spreads the ground, compost, and weeds to make them adhere to the surface of the farmland. This machine is mainly used to loosen the soil after plowing\u00a0to meet [&hellip;]<\/p>\n","protected":false},"author":1,"featured_media":10991,"parent":0,"comment_status":"closed","ping_status":"closed","template":"","tags":[698],"product-type":[878],"class_list":["post-10960","product","type-product","status-publish","has-post-thumbnail","hentry","tag-tractor","product-type-manual-tractor"],"_links":{"self":[{"href":"https:\/\/www.agriculture-machine.com\/de\/wp-json\/wp\/v2\/product\/10960","targetHints":{"allow":["GET"]}}],"collection":[{"href":"https:\/\/www.agriculture-machine.com\/de\/wp-json\/wp\/v2\/product"}],"about":[{"href":"https:\/\/www.agriculture-machine.com\/de\/wp-json\/wp\/v2\/types\/product"}],"author":[{"embeddable":true,"href":"https:\/\/www.agriculture-machine.com\/de\/wp-json\/wp\/v2\/users\/1"}],"replies":[{"embeddable":true,"href":"https:\/\/www.agriculture-machine.com\/de\/wp-json\/wp\/v2\/comments?post=10960"}],"wp:featuredmedia":[{"embeddable":true,"href":"https:\/\/www.agriculture-machine.com\/de\/wp-json\/wp\/v2\/media\/10991"}],"wp:attachment":[{"href":"https:\/\/www.agriculture-machine.com\/de\/wp-json\/wp\/v2\/media?parent=10960"}],"wp:term":[{"taxonomy":"post_tag","embeddable":true,"href":"https:\/\/www.agriculture-machine.com\/de\/wp-json\/wp\/v2\/tags?post=10960"},{"taxonomy":"product-type","embeddable":true,"href":"https:\/\/www.agriculture-machine.com\/de\/wp-json\/wp\/v2\/product-type?post=10960"}],"curies":[{"name":"wp","href":"https:\/\/api.w.org\/{rel}","templated":true}]}}