{"id":10993,"date":"2021-08-16T17:44:40","date_gmt":"2021-08-16T09:44:40","guid":{"rendered":"https:\/\/www.agriculture-machine.com\/?p=10993"},"modified":"2024-08-20T17:43:17","modified_gmt":"2024-08-20T09:43:17","slug":"potato-harvester-two-models-of-potato-harvester","status":"publish","type":"product","link":"https:\/\/www.agriculture-machine.com\/de\/potato-harvester-two-models-of-potato-harvester\/","title":{"rendered":"Zwei Modelle von Kartoffelerntemaschinen zum Verkauf"},"content":{"rendered":"<p class=\"translation-block\">Der <strong>Kartoffelernter<\/strong> wird haupts\u00e4chlich verwendet, um die Ernte von unterirdischen Kartoffeln abzuschlie\u00dfen, zu denen Kartoffeln, S\u00fc\u00dfkartoffeln, Karotten usw. geh\u00f6ren. Er ist f\u00fcr verschiedene Bodentypen geeignet: Sandboden, Lehmboden und mittelcoh\u00e4siver Boden. <\/p>    <p>Die Maschine kann die Fr\u00fcchte aus dem Boden heben und zu einem Haufen formen, was den Arbeitsaufwand reduziert und das Aufsammeln erleichtert. Aufgrund der gro\u00dfen Grabtiefe verursacht sie keine Sch\u00e4den an den Kartoffeln.<\/p>    <figure class=\"wp-block-embed aligncenter is-type-video is-provider-youtube wp-block-embed-youtube wp-embed-aspect-16-9 wp-has-aspect-ratio\"><div class=\"wp-block-embed__wrapper\"> <iframe loading=\"lazy\" title=\"Maximieren Sie die Kartoffelernteeffizienz mit unserem fortschrittlichen kombinierten Kartoffelernter#Ernte\" width=\"500\" height=\"281\" src=\"https:\/\/www.youtube.com\/embed\/4WllxEhKSvg?feature=oembed\" frameborder=\"0\" allow=\"accelerometer; autoplay; clipboard-write; encrypted-media; gyroscope; picture-in-picture; web-share\" referrerpolicy=\"strict-origin-when-cross-origin\" allowfullscreen><\/iframe> <\/div><figcaption class=\"wp-element-caption\">Arbeitsvideo des Kartoffelroders<\/figcaption><\/figure>    <p class=\"translation-block\">Dieses Ger\u00e4t ist in vielen L\u00e4ndern beliebt, darunter die Niederlande, die USA, Kanada, Deutschland, Frankreich, Russland usw. (<strong><em><a href=\"https:\/\/www.agriculture-machine.com\/de\/automatic-potato-harvesting-machine\/\">Warum automatische Kartoffelernter in kanadischen L\u00e4ndern beliebt sind<\/a><\/em><\/strong>). Hier sind verschiedene Arbeitsszenarien.<\/p>    <figure class=\"wp-block-image aligncenter size-full\"><img loading=\"lazy\" decoding=\"async\" width=\"720\" height=\"540\" src=\"https:\/\/www.agriculture-machine.com\/wp-content\/uploads\/2021\/07\/working-scene.jpg\" alt=\"Arbeitsszene\" class=\"wp-image-10998\" srcset=\"https:\/\/www.agriculture-machine.com\/wp-content\/uploads\/2021\/07\/working-scene.jpg 720w, https:\/\/www.agriculture-machine.com\/wp-content\/uploads\/2021\/07\/working-scene-360x270.jpg 360w, https:\/\/www.agriculture-machine.com\/wp-content\/uploads\/2021\/07\/working-scene-240x180.jpg 240w\" sizes=\"auto, (max-width: 720px) 100vw, 720px\" \/><figcaption class=\"wp-element-caption\">Arbeitsszene der Kartoffelerntemaschine<\/figcaption><\/figure>    <h2 class=\"wp-block-heading\" id=\"h-introduction-about-our-potato-harvester\">Einf\u00fchrung in unseren Kartoffelernter<\/h2>    <p>The harvester machine can help people harvest the crop efficiently. Our potato harvester equipment is specially designed according to our country&#8217;s characteristics of potato planting. The yield that the machine can harvest is more than a dozen people can harvest.<\/p>    <p>Der gesamte Arbeitsprozess ist reibungslos. Die Maschine ist einfach zu verbinden und zu bedienen. Sie ist flexibel, praktisch, hoch in der Ernteeffizienz, verursacht wenig vergrabene Kartoffeln und sch\u00e4digt die Kartoffeln nicht. <\/p>    <figure class=\"wp-block-image aligncenter size-large\"><img loading=\"lazy\" decoding=\"async\" width=\"720\" height=\"539\" src=\"https:\/\/www.agriculture-machine.com\/wp-content\/uploads\/2021\/07\/potato-harvester-2.jpg\" alt=\"Kartoffelernter\" class=\"wp-image-11003\" srcset=\"https:\/\/www.agriculture-machine.com\/wp-content\/uploads\/2021\/07\/potato-harvester-2.jpg 720w, https:\/\/www.agriculture-machine.com\/wp-content\/uploads\/2021\/07\/potato-harvester-2-360x270.jpg 360w, https:\/\/www.agriculture-machine.com\/wp-content\/uploads\/2021\/07\/potato-harvester-2-240x180.jpg 240w\" sizes=\"auto, (max-width: 720px) 100vw, 720px\" \/><figcaption class=\"wp-element-caption\">Kartoffelrodermaschine<\/figcaption><\/figure>    <p>The machine can turn over the soil. The remaining agricultural film is turned directly on the ground, which is more convenient to clean up. It is also conducive to the growth of the next season&#8217;s crops. So our potato reaping machine is favored by users everywhere.<\/p>    <figure class=\"wp-block-image aligncenter size-large\"><img loading=\"lazy\" decoding=\"async\" width=\"720\" height=\"530\" src=\"https:\/\/www.agriculture-machine.com\/wp-content\/uploads\/2021\/07\/potato-harvester-2-1.jpg\" alt=\"\" class=\"wp-image-11004\" srcset=\"https:\/\/www.agriculture-machine.com\/wp-content\/uploads\/2021\/07\/potato-harvester-2-1.jpg 720w, https:\/\/www.agriculture-machine.com\/wp-content\/uploads\/2021\/07\/potato-harvester-2-1-360x265.jpg 360w\" sizes=\"auto, (max-width: 720px) 100vw, 720px\" \/><figcaption class=\"wp-element-caption\">Kartoffelernter zum Verkauf<\/figcaption><\/figure>    <h2 class=\"wp-block-heading\">Funktionsprinzip des Kartoffelroders<\/h2>    <ol class=\"wp-block-list\"> <li>Vor der Arbeit die Maschine an den Traktor anschlie\u00dfen. Verschiedene Kartoffelernter m\u00fcssen mit Traktoren unterschiedlicher Leistung abgestimmt werden.<\/li>    <li>Wenn der Traktor vorw\u00e4rts f\u00e4hrt, sollte die Kartoffelerntemaschine gleichzeitig in Betrieb genommen werden.<\/li>    <li>Das Funktionsprinzip besteht darin, dass die Erde und die Knollen durch die Vibration des Vibrationssiebs getrennt werden, wobei die Erde in den Spalt des Siebs f\u00e4llt und die Kartoffeln auf dem Sieb verbleiben.<\/li> <\/ol>    <h2 class=\"wp-block-heading\">Potato harvesting machine&#8217;s main structure <\/h2>    <p>Der Kartoffelernter umfasst mehrere Teile: Rad, Heckradst\u00fctzrahmen, Vibrationssieb, Schutzabdeckung, Zugrahmen, PTO und Aufh\u00e4ngungspin. Weitere Details finden Sie im untenstehenden Bild.<\/p>    <figure class=\"wp-block-image aligncenter size-full\"><img loading=\"lazy\" decoding=\"async\" width=\"720\" height=\"528\" src=\"https:\/\/www.agriculture-machine.com\/wp-content\/uploads\/2021\/07\/structure-2.jpg\" alt=\"Struktur\" class=\"wp-image-11002\" srcset=\"https:\/\/www.agriculture-machine.com\/wp-content\/uploads\/2021\/07\/structure-2.jpg 720w, https:\/\/www.agriculture-machine.com\/wp-content\/uploads\/2021\/07\/structure-2-360x264.jpg 360w\" sizes=\"auto, (max-width: 720px) 100vw, 720px\" \/><figcaption class=\"wp-element-caption\">Aufbau der Erntemaschine<\/figcaption><\/figure>    <h2 class=\"wp-block-heading\">Technische Parameter<\/h2>    <p>Wir haben zwei Modelle des Kartoffelernters: Einzelreihen- und Doppelreihenmaschinen. Detaillierte Informationen erhalten Sie im Datenblatt. F\u00fcr weitere Details wenden Sie sich bitte an unser Personal.<\/p>    <figure class=\"wp-block-gallery has-nested-images columns-default is-cropped wp-block-gallery-2 is-layout-flex wp-block-gallery-is-layout-flex\"> <figure class=\"wp-block-image size-large\"><img loading=\"lazy\" decoding=\"async\" width=\"720\" height=\"540\" data-id=\"11005\" src=\"https:\/\/www.agriculture-machine.com\/wp-content\/uploads\/2021\/07\/single-row.jpg\" alt=\"Einzelreihe\" class=\"wp-image-11005\" srcset=\"https:\/\/www.agriculture-machine.com\/wp-content\/uploads\/2021\/07\/single-row.jpg 720w, https:\/\/www.agriculture-machine.com\/wp-content\/uploads\/2021\/07\/single-row-360x270.jpg 360w, https:\/\/www.agriculture-machine.com\/wp-content\/uploads\/2021\/07\/single-row-240x180.jpg 240w\" sizes=\"auto, (max-width: 720px) 100vw, 720px\" \/><figcaption class=\"wp-element-caption\">Einzelreihe<\/figcaption><\/figure>    <figure class=\"wp-block-image size-large\"><img loading=\"lazy\" decoding=\"async\" width=\"720\" height=\"540\" data-id=\"11006\" src=\"https:\/\/www.agriculture-machine.com\/wp-content\/uploads\/2021\/07\/two-rows.jpg\" alt=\"zwei Reihen\" class=\"wp-image-11006\" srcset=\"https:\/\/www.agriculture-machine.com\/wp-content\/uploads\/2021\/07\/two-rows.jpg 720w, https:\/\/www.agriculture-machine.com\/wp-content\/uploads\/2021\/07\/two-rows-360x270.jpg 360w, https:\/\/www.agriculture-machine.com\/wp-content\/uploads\/2021\/07\/two-rows-240x180.jpg 240w\" sizes=\"auto, (max-width: 720px) 100vw, 720px\" \/><figcaption class=\"wp-element-caption\">zwei Reihen<\/figcaption><\/figure> <\/figure>    <figure class=\"wp-block-table is-style-stripes\"><table><tbody><tr><td>Modell<\/td><td>4U-1<\/td><td>4U-2<\/td><\/tr><tr><td>Erntereihen<\/td><td>1<\/td><td>2<\/td><\/tr><tr><td>Schnittbreite (mm)<\/td><td>600<\/td><td>900\/1300\/1600\/1800<\/td><\/tr><tr><td>Schnitttiefe (mm)<\/td><td>100-250<\/td><td>100-250<\/td><\/tr><tr><td>PTO-Drehzahl (U\/min)<\/td><td>540-720<\/td><td>540-720<\/td><\/tr><tr><td>Gewicht (kg)<\/td><td>160<\/td><td>260\/335\/390\/440<\/td><\/tr><tr><td>Traktorleistung (hp)<\/td><td>20-30<\/td><td>40\/50\/70\/80<\/td><\/tr><tr><td>Montierte Kat<\/td><td>Dreipunktaufh\u00e4ngung Kat \u2161<\/td><td>Dreipunktaufh\u00e4ngung Kat \u2161<\/td><\/tr><\/tbody><\/table><figcaption class=\"wp-element-caption\">Parametrische Informationen f\u00fcr beide Erntermodelle<\/figcaption><\/figure>    <h2 class=\"wp-block-heading\">Vorbereitungen vor der Arbeit<\/h2>    <ol class=\"wp-block-list\"> <li>Vor dem Einsatz die verschiedenen Teile des Kartoffelernters zerlegen und reinigen, und w\u00e4hrend des Reinigungsprozesses Schmierfett auf die Lagerteile auftragen, um den normalen Betrieb zu gew\u00e4hrleisten.<\/li>    <li>Beim Arbeiten im Boden ist sicherzustellen, dass keine gro\u00dfen Steine, auff\u00e4llige Steine usw. vorhanden sind. Ziel ist es, Sch\u00e4den an den Zahnr\u00e4dern und Messern durch Steine zu vermeiden.<\/li> <\/ol>    <h2 class=\"wp-block-heading\">Vorteile des Ernters<\/h2>    <ol class=\"wp-block-list\"> <li>Hoch effizient, diese Maschine kann etwa 0,27 Hektar pro Stunde ernten und hat eine F\u00f6rderkapazit\u00e4t von etwa 180 kg\/s.<\/li>    <li>Der Kartoffelernter verliert schnell Erde, verursacht aber keine Sch\u00e4den an der Kartoffelhaut. Die Hilfsspeicherung ist ordentlich, und die Erntequote ist hoch.<\/li>    <li>Der Restfilm wird sauber wiedergewonnen, und die Maschine kann die Kartoffelernte effizient und schnell in einem Durchgang durchf\u00fchren.<\/li>    <li>Die F\u00f6rderkette verwendet ein spezielles Design und ist langlebig.<\/li>    <li>Er besteht aus einem Rahmen, wodurch der Kartoffelroder leicht, langlebig und einfacher zu installieren ist.<\/li>    <li>Das Gesamtdesign folgt den Prinzipien der Mechanik nach langj\u00e4hrigen wiederholten Experimenten. Es hat eine breite Anpassungsf\u00e4higkeit, hohe Arbeitseffizienz, niedrigen Leistungsbedarf, schnelle Erholung und ist f\u00fcr verschiedene B\u00f6den geeignet.<\/li> <\/ol>    <figure class=\"wp-block-gallery has-nested-images columns-default is-cropped wp-block-gallery-3 is-layout-flex wp-block-gallery-is-layout-flex\"> <figure class=\"wp-block-image size-large\"><img loading=\"lazy\" decoding=\"async\" width=\"720\" height=\"540\" data-id=\"15509\" src=\"https:\/\/www.agriculture-machine.com\/wp-content\/uploads\/2021\/08\/potato-digging-machine.webp\" alt=\"Kartoffelerntemaschine\" class=\"wp-image-15509\" srcset=\"https:\/\/www.agriculture-machine.com\/wp-content\/uploads\/2021\/08\/potato-digging-machine.webp 720w, https:\/\/www.agriculture-machine.com\/wp-content\/uploads\/2021\/08\/potato-digging-machine-360x270.webp 360w, https:\/\/www.agriculture-machine.com\/wp-content\/uploads\/2021\/08\/potato-digging-machine-240x180.webp 240w\" sizes=\"auto, (max-width: 720px) 100vw, 720px\" \/><figcaption class=\"wp-element-caption\">Kartoffelerntemaschine<\/figcaption><\/figure>    <figure class=\"wp-block-image size-large\"><img loading=\"lazy\" decoding=\"async\" width=\"720\" height=\"540\" data-id=\"15510\" src=\"https:\/\/www.agriculture-machine.com\/wp-content\/uploads\/2021\/08\/potato-harvesting-machine-for-sale.webp\" alt=\"Kartoffelernter zum Verkauf\" class=\"wp-image-15510\" srcset=\"https:\/\/www.agriculture-machine.com\/wp-content\/uploads\/2021\/08\/potato-harvesting-machine-for-sale.webp 720w, https:\/\/www.agriculture-machine.com\/wp-content\/uploads\/2021\/08\/potato-harvesting-machine-for-sale-360x270.webp 360w, https:\/\/www.agriculture-machine.com\/wp-content\/uploads\/2021\/08\/potato-harvesting-machine-for-sale-240x180.webp 240w\" sizes=\"auto, (max-width: 720px) 100vw, 720px\" \/><figcaption class=\"wp-element-caption\">Kartoffelernter zum Verkauf<\/figcaption><\/figure> <\/figure>    <h2 class=\"wp-block-heading\">Technische Wartung und Lagerung<\/h2>    <ol class=\"wp-block-list\"> <li>Nach jeder Schicht sollte der Boden in jedem Teil der Maschine entfernt werden.<\/li>    <li>\u00dcberpr\u00fcfen Sie die Befestigungen der verschiedenen Teile und ziehen Sie sie rechtzeitig fest, wenn sie locker sind.<\/li>    <li>Pr\u00fcfen Sie, ob die rotierenden Teile beweglich sind. Falls nicht, sollten Sie sie rechtzeitig einstellen und beseitigen.<\/li>    <li>Wenn die Maschine l\u00e4ngere Zeit nicht benutzt wird, sollte auf Regen gesch\u00fctzt und Kontakt mit sauren Substanzen vermieden werden, um Korrosion zu verhindern. Die Messer sollten mit \u00d6l behandelt werden.<\/li> <\/ol>    <p>Wenn Sie an unserem fortschrittlichen Kartoffelernter interessiert sind, k\u00f6nnen Sie gerne unser professionelles Team f\u00fcr weitere Details und Anpassungsoptionen kontaktieren. Wir freuen uns darauf, von Ihnen zu h\u00f6ren und Ihnen die am besten geeignete L\u00f6sung anzubieten.<\/p>","protected":false},"excerpt":{"rendered":"<p>Der Kartoffel- oder S\u00fc\u00dfkartoffelernter wird h\u00e4ufig in gro\u00dfen Feldern eingesetzt. Es gibt Einzel- und Doppelreihenmodelle, die die Produktivit\u00e4t bei der Kartoffelernte verbessern k\u00f6nnen.<\/p>","protected":false},"author":1,"featured_media":11000,"parent":0,"comment_status":"closed","ping_status":"closed","template":"","tags":[843,842],"product-type":[871],"class_list":["post-10993","product","type-product","status-publish","has-post-thumbnail","hentry","tag-potatoes","tag-sweet-potatoes","product-type-harvester"],"_links":{"self":[{"href":"https:\/\/www.agriculture-machine.com\/de\/wp-json\/wp\/v2\/product\/10993","targetHints":{"allow":["GET"]}}],"collection":[{"href":"https:\/\/www.agriculture-machine.com\/de\/wp-json\/wp\/v2\/product"}],"about":[{"href":"https:\/\/www.agriculture-machine.com\/de\/wp-json\/wp\/v2\/types\/product"}],"author":[{"embeddable":true,"href":"https:\/\/www.agriculture-machine.com\/de\/wp-json\/wp\/v2\/users\/1"}],"replies":[{"embeddable":true,"href":"https:\/\/www.agriculture-machine.com\/de\/wp-json\/wp\/v2\/comments?post=10993"}],"wp:featuredmedia":[{"embeddable":true,"href":"https:\/\/www.agriculture-machine.com\/de\/wp-json\/wp\/v2\/media\/11000"}],"wp:attachment":[{"href":"https:\/\/www.agriculture-machine.com\/de\/wp-json\/wp\/v2\/media?parent=10993"}],"wp:term":[{"taxonomy":"post_tag","embeddable":true,"href":"https:\/\/www.agriculture-machine.com\/de\/wp-json\/wp\/v2\/tags?post=10993"},{"taxonomy":"product-type","embeddable":true,"href":"https:\/\/www.agriculture-machine.com\/de\/wp-json\/wp\/v2\/product-type?post=10993"}],"curies":[{"name":"wp","href":"https:\/\/api.w.org\/{rel}","templated":true}]}}