{"id":11043,"date":"2021-08-07T16:29:49","date_gmt":"2021-08-07T08:29:49","guid":{"rendered":"https:\/\/www.agriculture-machine.com\/?p=11043"},"modified":"2024-09-26T09:28:27","modified_gmt":"2024-09-26T01:28:27","slug":"heavy-disc-harrow-hydraulic-trailed-heavy-duty-harrow","status":"publish","type":"product","link":"https:\/\/www.agriculture-machine.com\/de\/heavy-disc-harrow-hydraulic-trailed-heavy-duty-harrow\/","title":{"rendered":"Schwerer Scheibenegge | Hydraulisch gezogene Heavy-Duty-Eggen"},"content":{"rendered":"<p>Der Zug-Heavy-Disk-Haufen ist ein Bodenbearbeitungsger\u00e4t. Es hat eine Reihengruppe, die aus mehreren konkaven Scheiben besteht. Diese Scheiben sind an einer Horizontalwelle als Arbeitsteil befestigt. Es hat eine starke Anpassungsf\u00e4higkeit an schweren Boden, \u00d6dland und unkrautbewachsene Fl\u00e4chen.<\/p>    <p>Es wird haupts\u00e4chlich zum Pfl\u00fcgen unbebauten Landes verwendet, auch zum Stoppelentfernen vor dem Pfl\u00fcgen, zum Eggen nach dem Pfl\u00fcgen, zum Lockern des Bodens usw. Wenn der schwere Scheibenhaufen arbeitet, kann er die Oberfl\u00e4chen-D\u00fcnger und Pestizide mit der Oberfl\u00e4chenboden vermischen, um die Ebenheit und Feuchtigkeitsbindung zu erreichen.<\/p>    <figure class=\"wp-block-embed aligncenter is-type-video is-provider-youtube wp-block-embed-youtube wp-embed-aspect-16-9 wp-has-aspect-ratio\"><div class=\"wp-block-embed__wrapper\"> <iframe loading=\"lazy\" title=\"Arbeitsvideo des hydraulisch gezogenen schweren Rechens|Feedback-Video des Scheibenhaufens\" width=\"500\" height=\"281\" src=\"https:\/\/www.youtube.com\/embed\/VSU8fbMLO7A?feature=oembed\" frameborder=\"0\" allow=\"accelerometer; autoplay; clipboard-write; encrypted-media; gyroscope; picture-in-picture; web-share\" referrerpolicy=\"strict-origin-when-cross-origin\" allowfullscreen><\/iframe> <\/div><figcaption class=\"wp-element-caption\">Arbeitsvideo des landwirtschaftlichen Heavy-Disk-Haufens<\/figcaption><\/figure>    <h2 class=\"wp-block-heading\">Struktur des Scheibenhaufens<\/h2>    <p>Der Scheibenhaufen besteht im Allgemeinen aus einer Rechengruppe, Rechenrahmen, Ablenkungs-Justiermechanismus und Hakenvorrichtung.<\/p>    <h3 class=\"wp-block-heading\" id=\"h-rake-group\">Rechengruppe<\/h3>    <p>Die Rechengruppe besteht aus Rechenklingen, Zwischenrohren, quadratischen Wellen, Lagern und Schabern. Rechenklingen sind im Allgemeinen kugelf\u00f6rmige Scheiben. Es gibt zwei Arten von Scheiben: Vollklingen und gezackte Klingen. Die erste ist einfach herzustellen und leicht zu schleifen. Die zweite hat eine starke F\u00e4higkeit, in den Boden einzudringen. Dies hilft, Erde und Stoppelweeds zu schneiden.<\/p>    <p>Und die Mitte der Klinge ist ein quadratisches Loch durch die quadratische Welle. Beim Arbeiten drehen sich die Rechenklingen zusammen mit der quadratischen Welle. Diese ist \u00fcber einen Lager mit dem Rechenrahmen verbunden, und die Rechenklingen auf derselben Welle sind durch eine Zwischenrohr getrennt.<\/p>    <figure class=\"wp-block-gallery has-nested-images columns-2 is-cropped wp-block-gallery-2 is-layout-flex wp-block-gallery-is-layout-flex\"> <figure class=\"wp-block-image size-large\"><a href=\"https:\/\/www.agriculture-machine.com\/wp-content\/uploads\/2021\/08\/\u5168\u5203.jpg\"><img loading=\"lazy\" decoding=\"async\" width=\"720\" height=\"540\" data-id=\"11053\" src=\"https:\/\/www.agriculture-machine.com\/wp-content\/uploads\/2021\/08\/\u5168\u5203.jpg\" alt=\"Vollklingen-Scheibe\" class=\"wp-image-11053\" srcset=\"https:\/\/www.agriculture-machine.com\/wp-content\/uploads\/2021\/08\/\u5168\u5203.jpg 720w, https:\/\/www.agriculture-machine.com\/wp-content\/uploads\/2021\/08\/\u5168\u5203-360x270.jpg 360w, https:\/\/www.agriculture-machine.com\/wp-content\/uploads\/2021\/08\/\u5168\u5203-240x180.jpg 240w\" sizes=\"auto, (max-width: 720px) 100vw, 720px\" \/><\/a><figcaption class=\"wp-element-caption\">Vollklingen-Scheibe<\/figcaption><\/figure>    <figure class=\"wp-block-image size-large\"><a href=\"https:\/\/www.agriculture-machine.com\/wp-content\/uploads\/2021\/08\/\u7f3a\u53e3\u5203.jpg\"><img loading=\"lazy\" decoding=\"async\" width=\"720\" height=\"540\" data-id=\"11054\" src=\"https:\/\/www.agriculture-machine.com\/wp-content\/uploads\/2021\/08\/\u7f3a\u53e3\u5203.jpg\" alt=\"Gezackte Klingen Scheiben\" class=\"wp-image-11054\" srcset=\"https:\/\/www.agriculture-machine.com\/wp-content\/uploads\/2021\/08\/\u7f3a\u53e3\u5203.jpg 720w, https:\/\/www.agriculture-machine.com\/wp-content\/uploads\/2021\/08\/\u7f3a\u53e3\u5203-360x270.jpg 360w, https:\/\/www.agriculture-machine.com\/wp-content\/uploads\/2021\/08\/\u7f3a\u53e3\u5203-240x180.jpg 240w\" sizes=\"auto, (max-width: 720px) 100vw, 720px\" \/><\/a><figcaption class=\"wp-element-caption\">Gezackte Klingen Scheiben<\/figcaption><\/figure> <\/figure>    <h3 class=\"wp-block-heading\" id=\"h-rake-frame\"> Rechenrahmen<\/h3>    <p>Der Rechenrahmen wird verwendet, um die Scheibenhaufen-Gruppe, Einstellmechanismus, Hakenvorrichtung und andere Komponenten zu montieren. <\/p>    <p>Einige Rechenrahmen sind auch mit einer Lastbox ausgestattet, so dass bei Bedarf Gegengewichte hinzugef\u00fcgt werden k\u00f6nnen, um die Tiefe des Rechens zu erh\u00f6hen und zu halten. <\/p>    <p>Der Ablenkungswinkel-Justiermechanismus wird verwendet, um den Ablenkungswinkel des Heavy-Disk-Haufens einzustellen, um die Anforderungen verschiedener Rechentiefen zu erf\u00fcllen.<\/p>    <figure class=\"wp-block-gallery has-nested-images columns-default is-cropped wp-block-gallery-3 is-layout-flex wp-block-gallery-is-layout-flex\"> <figure class=\"wp-block-image size-large\"><a href=\"https:\/\/www.agriculture-machine.com\/wp-content\/uploads\/2021\/08\/4.jpg\"><img loading=\"lazy\" decoding=\"async\" width=\"720\" height=\"540\" data-id=\"11052\" src=\"https:\/\/www.agriculture-machine.com\/wp-content\/uploads\/2021\/08\/4.jpg\" alt=\"Hydraulisch gezogener Gegen\u00fcber-Schwerhaufen\" class=\"wp-image-11052\" srcset=\"https:\/\/www.agriculture-machine.com\/wp-content\/uploads\/2021\/08\/4.jpg 720w, https:\/\/www.agriculture-machine.com\/wp-content\/uploads\/2021\/08\/4-360x270.jpg 360w, https:\/\/www.agriculture-machine.com\/wp-content\/uploads\/2021\/08\/4-240x180.jpg 240w\" sizes=\"auto, (max-width: 720px) 100vw, 720px\" \/><\/a><figcaption class=\"wp-element-caption\">Hydraulisch gezogener Gegen\u00fcber-Schwerhaufen<\/figcaption><\/figure>    <figure class=\"wp-block-image size-large\"><a href=\"https:\/\/www.agriculture-machine.com\/wp-content\/uploads\/2021\/08\/3.jpg\"><img loading=\"lazy\" decoding=\"async\" width=\"720\" height=\"540\" data-id=\"11051\" src=\"https:\/\/www.agriculture-machine.com\/wp-content\/uploads\/2021\/08\/3.jpg\" alt=\"Hydraulisch gezogener Gegen\u00fcber-Schwerhaufen\" class=\"wp-image-11051\" srcset=\"https:\/\/www.agriculture-machine.com\/wp-content\/uploads\/2021\/08\/3.jpg 720w, https:\/\/www.agriculture-machine.com\/wp-content\/uploads\/2021\/08\/3-360x270.jpg 360w, https:\/\/www.agriculture-machine.com\/wp-content\/uploads\/2021\/08\/3-240x180.jpg 240w\" sizes=\"auto, (max-width: 720px) 100vw, 720px\" \/><\/a><figcaption class=\"wp-element-caption\">Hydraulisch gezogener Gegen\u00fcber-Schwerhaufen<\/figcaption><\/figure> <\/figure>    <h3 class=\"wp-block-heading\" id=\"h-deflection-adjustment-mechanism\"> Ablenkungs-Justiermechanismus <\/h3>    <p>Winkelversteller umfassen Schraubentyp, Zahnplatten-Typ, hydraulischen Typ, Bolzen-Typ, Druckplatten-Typ und Handhebel-Typ.<\/p>    <p>Der Rahmen ist am Zugtr\u00e4ger befestigt, die obere und untere Schiebplatte sind am Zugrahmen befestigt und k\u00f6nnen entlang des Haupttr\u00e4gers bewegt werden, wobei die Bewegungsreichweite durch den Rahmen am Ende der Z\u00e4hne begrenzt ist.<\/p>    <h3 class=\"wp-block-heading\" id=\"h-hooking-device\">Hakenvorrichtung<\/h3>    <p>Der Anh\u00e4ngevorrichtung ist ein mit dem Traktor verbundenes Schwergewicht, das durch eine Zugvorrichtung oder eine Aufh\u00e4ngung verbunden ist.<\/p>    <h2 class=\"wp-block-heading\">Funktionsprinzip des landwirtschaftlichen Rechens<\/h2>    <ul class=\"wp-block-list\"> <li>Gruppen von konkaven Scheiben werden als Arbeitsteile verwendet.<\/li>    <li>Die Klingenkante ist senkrecht zum Boden und hat einen einstellbaren Ablenkungswinkel in Richtung der Vorw\u00e4rtsbewegung des Ger\u00e4ts.<\/li>    <li>Die Klingen des Rechens schneiden in den Boden, um Wurzeln und Pflanzenreste abzuschneiden, und der Boden wird entlang der konkaven Oberfl\u00e4che der Rechenklingen aufgeworfen und dann umgedreht.<\/li> <\/ul>    <figure class=\"wp-block-embed is-type-video is-provider-youtube wp-block-embed-youtube wp-embed-aspect-16-9 wp-has-aspect-ratio\"><div class=\"wp-block-embed__wrapper\"> <iframe loading=\"lazy\" title=\"Arbeitsvideo des hydraulisch gezogenen schweren Rechens|Feedback-Video des Scheibenhaufens\" width=\"500\" height=\"281\" src=\"https:\/\/www.youtube.com\/embed\/H3_jjq-Vs5w?feature=oembed\" frameborder=\"0\" allow=\"accelerometer; autoplay; clipboard-write; encrypted-media; gyroscope; picture-in-picture; web-share\" referrerpolicy=\"strict-origin-when-cross-origin\" allowfullscreen><\/iframe> <\/div><figcaption class=\"wp-element-caption\">Landwirtschaftlicher Heavy-Disk-Haufen Arbeitsstelle<\/figcaption><\/figure>    <h2 class=\"wp-block-heading\">Vorteile des hydraulisch gezogenen Heavy-Disk-Haufens<\/h2>    <ul class=\"wp-block-list\"> <li>Robuste, phasenweise Rahmen und langlebige Lagerh\u00e4nger verl\u00e4ngern die Arbeitslebensdauer.<\/li>    <li>Unabh\u00e4ngige Scheibengangsgruppen passen sich flie\u00dfend an.<\/li>    <li>Starker Abtrieb l\u00e4sst jede Klinge tiefer graben.<\/li>    <li>Gezackte Klingen schneiden in den Boden.<\/li>    <li>Glatte Klingen hinterlassen ein feines Finish.<\/li>    <li>Schlamm-Schaber, die Verstopfungen verhindern.<\/li> <\/ul>    <figure class=\"wp-block-image aligncenter size-full\"><img loading=\"lazy\" decoding=\"async\" width=\"720\" height=\"540\" src=\"https:\/\/www.agriculture-machine.com\/wp-content\/uploads\/2021\/08\/9.jpg\" alt=\"Verschiedene Klingentypen\" class=\"wp-image-11060\" srcset=\"https:\/\/www.agriculture-machine.com\/wp-content\/uploads\/2021\/08\/9.jpg 720w, https:\/\/www.agriculture-machine.com\/wp-content\/uploads\/2021\/08\/9-360x270.jpg 360w, https:\/\/www.agriculture-machine.com\/wp-content\/uploads\/2021\/08\/9-240x180.jpg 240w\" sizes=\"auto, (max-width: 720px) 100vw, 720px\" \/><figcaption class=\"wp-element-caption\">Verschiedene Klingentypen<\/figcaption><\/figure>    <h2 class=\"wp-block-heading\">Konfigurationsform des Traktor-Scheibenhaufens<\/h2>    <p>Je nach Konfiguration der Rechengruppe kann man sie in drei Typen unterteilen: einreihiger Gegen\u00fcber-Typ, zweireihiger Gegen\u00fcber-Typ und Offset-Typ Heavy-Disk-Haufen.<\/p>    <ol class=\"wp-block-list\"> <li><strong>Einreihiger Gegen\u00fcber-Typ<\/strong>. Die linken und rechten Seiten der Rechenkomponenten sind in einer Reihe angeordnet. Die linken und rechten Reihen bestehen jeweils aus einer oder mehreren Rechengruppen mit gegen\u00fcberliegenden konkaven Oberfl\u00e4chen. Es wird f\u00fcr flaches Land, bew\u00e4ssertes Land, Stoppel nach der Ernte und flache Bodenbearbeitung verwendet.<\/li>    <li><strong>Doppelreihiger Gegen\u00fcber-Typ. <\/strong>Jede Spalte ist symmetrisch mit zwei Reihen von Rechengruppen auf der linken und rechten Seite angeordnet. Die konkaven Oberfl\u00e4chen der Scheiben der vorderen beiden Reihengruppen sind gegen\u00fcberliegend.<\/li>    <li><strong>Offset-Typ<\/strong>. Besteht aus zwei Reihen von Rechengruppen mit gegen\u00fcberliegenden konkaven Oberfl\u00e4chen der Scheiben vorne und hinten. Die Breite der Rechenmitte kann w\u00e4hrend des Betriebs weit vom L\u00e4ngsachse des Traktors abweichen. Der breite Offset-Rechen kann mehr als 3 Meter erreichen. Bei Verwendung in einem Obstgarten kann der Offset-Rechen unter dem Kronendach arbeiten, wo der Traktor nicht hineinkommt. Da der Offset-Rechen keine fehlende Bodenbearbeitungszone hat, wird er auch in Feldoperationen weit verbreitet eingesetzt.<\/li> <\/ol>    <figure class=\"wp-block-gallery has-nested-images columns-default is-cropped wp-block-gallery-4 is-layout-flex wp-block-gallery-is-layout-flex\"> <figure class=\"wp-block-image size-large\"><img loading=\"lazy\" decoding=\"async\" width=\"720\" height=\"540\" data-id=\"11055\" src=\"https:\/\/www.agriculture-machine.com\/wp-content\/uploads\/2021\/08\/5.jpg\" alt=\"Vollklingen-Scheibenhaufen\" class=\"wp-image-11055\" srcset=\"https:\/\/www.agriculture-machine.com\/wp-content\/uploads\/2021\/08\/5.jpg 720w, https:\/\/www.agriculture-machine.com\/wp-content\/uploads\/2021\/08\/5-360x270.jpg 360w, https:\/\/www.agriculture-machine.com\/wp-content\/uploads\/2021\/08\/5-240x180.jpg 240w\" sizes=\"auto, (max-width: 720px) 100vw, 720px\" \/><figcaption class=\"wp-element-caption\">Vollklingen-Scheibenhaufen<\/figcaption><\/figure>    <figure class=\"wp-block-image size-large\"><img loading=\"lazy\" decoding=\"async\" width=\"720\" height=\"540\" data-id=\"11056\" src=\"https:\/\/www.agriculture-machine.com\/wp-content\/uploads\/2021\/08\/6.jpg\" alt=\"Gezackte Klingen Scheibenhaufen\" class=\"wp-image-11056\" srcset=\"https:\/\/www.agriculture-machine.com\/wp-content\/uploads\/2021\/08\/6.jpg 720w, https:\/\/www.agriculture-machine.com\/wp-content\/uploads\/2021\/08\/6-360x270.jpg 360w, https:\/\/www.agriculture-machine.com\/wp-content\/uploads\/2021\/08\/6-240x180.jpg 240w\" sizes=\"auto, (max-width: 720px) 100vw, 720px\" \/><figcaption class=\"wp-element-caption\">Gezackte Klingen Scheibenhaufen<\/figcaption><\/figure> <\/figure>    <h2 class=\"wp-block-heading\" id=\"h-how-to-choose-a-disc-heavy-harrow\">Wie w\u00e4hlt man die richtige Bodenbearbeitungsmaschine aus?<\/h2>    <ul class=\"wp-block-list\"> <li>Die Serie 1BZ hydraulischer Heavy-Disk-Haufen hat hohe Arbeitseffizienz und starke Bodenpenetrationsf\u00e4higkeit.<\/li>    <li>Diese Art von Rechen passt sich gut an klebrigen Boden, \u00d6dland und unkrautbewachsene Fl\u00e4chen an.<\/li>    <li>Der Rechen ist auch mit hydraulisch hebbaren Gummir\u00e4dern ausgestattet.<\/li>    <li>Dadurch kann die Produktionseffizienz und die Lebensdauer des Rechens erheblich verbessert werden.<\/li> <\/ul>    <figure class=\"wp-block-gallery has-nested-images columns-default is-cropped wp-block-gallery-5 is-layout-flex wp-block-gallery-is-layout-flex\"> <figure class=\"wp-block-image size-large\"><img loading=\"lazy\" decoding=\"async\" width=\"720\" height=\"540\" data-id=\"11057\" src=\"https:\/\/www.agriculture-machine.com\/wp-content\/uploads\/2021\/08\/7.jpg\" alt=\"Hydraulisch gezogener Fl\u00fcgel-Schwerhaufen\" class=\"wp-image-11057\" srcset=\"https:\/\/www.agriculture-machine.com\/wp-content\/uploads\/2021\/08\/7.jpg 720w, https:\/\/www.agriculture-machine.com\/wp-content\/uploads\/2021\/08\/7-360x270.jpg 360w, https:\/\/www.agriculture-machine.com\/wp-content\/uploads\/2021\/08\/7-240x180.jpg 240w\" sizes=\"auto, (max-width: 720px) 100vw, 720px\" \/><figcaption class=\"wp-element-caption\">Hydraulisch gezogener Fl\u00fcgel-Schwerhaufen<\/figcaption><\/figure>    <figure class=\"wp-block-image size-large\"><img loading=\"lazy\" decoding=\"async\" width=\"720\" height=\"540\" data-id=\"11058\" src=\"https:\/\/www.agriculture-machine.com\/wp-content\/uploads\/2021\/08\/8.jpg\" alt=\"Hydraulisch gezogener Scheibenhaufen mit schweren Fl\u00fcgeln\" class=\"wp-image-11058\" srcset=\"https:\/\/www.agriculture-machine.com\/wp-content\/uploads\/2021\/08\/8.jpg 720w, https:\/\/www.agriculture-machine.com\/wp-content\/uploads\/2021\/08\/8-360x270.jpg 360w, https:\/\/www.agriculture-machine.com\/wp-content\/uploads\/2021\/08\/8-240x180.jpg 240w\" sizes=\"auto, (max-width: 720px) 100vw, 720px\" \/><figcaption class=\"wp-element-caption\">Hydraulisch gezogener Scheibenhaufen mit schweren Fl\u00fcgeln<\/figcaption><\/figure> <\/figure>    <h2 class=\"wp-block-heading\">Parameter des Scheibenhaufens<\/h2>    <figure class=\"wp-block-table is-style-stripes\"><table><tbody><tr><td>Modell<\/td><td>Arbeitsbreite (mm)<\/td><td>Arbeitstiefe (mm)<\/td><td>Durchmesser der Scheibe (mm)<\/td><td>Anzahl der Scheiben (St\u00fcck)<\/td><td>Gewicht (kg)<\/td><td>Passende Leistung (hp)<\/td><td>Verbindung<\/td><\/tr><tr><td>1BZ-1.8<\/td><td>1800<\/td><td>200<\/td><td>660<\/td><td>16<\/td><td>1160<\/td><td>70<\/td><td>Hydraulisch gezogen mit Traktor<\/td><\/tr><tr><td>1BZ-2.2<\/td><td>2200<\/td><td>200<\/td><td>660<\/td><td>20<\/td><td>1250<\/td><td>80<\/td><td>Hydraulisch gezogen mit Traktor<\/td><\/tr><tr><td>1BZ-2.5<\/td><td>2500<\/td><td>200<\/td><td>660<\/td><td>24<\/td><td>1350<\/td><td>90<\/td><td>Hydraulisch gezogen mit Traktor<\/td><\/tr><tr><td>1BZ-3.0<\/td><td>3000<\/td><td>200<\/td><td>660<\/td><td>28<\/td><td>1430<\/td><td>100<\/td><td>Hydraulisch gezogen mit Traktor<\/td><\/tr><tr><td>1BZ-3.4<\/td><td>3400<\/td><td>200<\/td><td>660<\/td><td>32<\/td><td>1550<\/td><td>120<\/td><td>Hydraulisch gezogen mit Traktor<\/td><\/tr><tr><td>1BZ-4.0<\/td><td>4000<\/td><td>200<\/td><td>660<\/td><td>36<\/td><td>1900<\/td><td>150<\/td><td>Hydraulisch gezogen mit Traktor<\/td><\/tr><tr><td>1BZ-5.3 <\/td><td>5300<\/td><td>200<\/td><td>660<\/td><td>48<\/td><td>2500<\/td><td>180<\/td><td>Hydraulisch gezogen mit Traktor<\/td><\/tr><\/tbody><\/table><figcaption class=\"wp-element-caption\">Parameter des hydraulisch gezogenen schweren Scheibenhaufens<\/figcaption><\/figure>    <figure class=\"wp-block-table is-style-stripes\"><table><tbody><tr><td>Modell<\/td><td>1BZD-2.6<\/td><td>1BZD-3.0<\/td><td> 1BZD-3.3<\/td><td>1BZD-4.0<\/td><td>1BZD-4.3<\/td><td>1BZD-4.8<\/td><td> 1BZDF-4.5 <\/td><\/tr><tr><td>Arbeitsbreite (mm)<\/td><td>2600<\/td><td>3000<\/td><td>3300<\/td><td>4000<\/td><td>4400<\/td><td>4800<\/td><td>4500<\/td><\/tr><tr><td>Arbeitstiefe (mm)<\/td><td>200-250<\/td><td>200-250<\/td><td> 200-250 <\/td><td> 200-250 <\/td><td> 200-250 <\/td><td>200-250 <\/td><td>250<\/td><\/tr><tr><td>Durchmesser der Scheibe (mm)<\/td><td>660<\/td><td>660<\/td><td>660<\/td><td>660<\/td><td>660<\/td><td>660<\/td><td>660<\/td><\/tr><tr><td>Dicke der Scheibe (mm)<\/td><td>5<\/td><td>5<\/td><td>5<\/td><td>5<\/td><td>5<\/td><td>5<\/td><td>6<\/td><\/tr><tr><td>Anzahl der Scheiben (St\u00fcck)<\/td><td>16<\/td><td>18<\/td><td>20<\/td><td>24<\/td><td>28<\/td><td>32<\/td><td>40<\/td><\/tr><tr><td>Gewicht (kg)<\/td><td>1150<\/td><td>1250<\/td><td>1350<\/td><td>1500<\/td><td>1600<\/td><td>1800<\/td><td>3200<\/td><\/tr><tr><td>Passende Leistung (hp)<\/td><td>60-70<\/td><td>70-80<\/td><td>80-90<\/td><td><br>90-100<br><\/td><td>100-110<\/td><td>110-120<\/td><td>150-160<\/td><\/tr><tr><td>Verbindung<\/td><td>Hydraulisch gezogen mit Traktor<\/td><td>Hydraulisch gezogen mit Traktor<\/td><td>Hydraulisch gezogen mit Traktor<\/td><td>Hydraulisch gezogen mit Traktor<\/td><td>Hydraulisch gezogen mit Traktor<\/td><td>Hydraulisch gezogen mit Traktor<\/td><td>hydraulisch gezogener Klappmechanismus<\/td><\/tr><\/tbody><\/table><figcaption class=\"wp-element-caption\">Parameter des hydraulisch gezogenen Gegen\u00fcber-Schwerhaufens<\/figcaption><\/figure>    <h2 class=\"wp-block-heading\">Korrekte Verwendung und Wartung des Feldbearbeitungs-Rechens<\/h2>    <ul class=\"wp-block-list\"> <li>W\u00e4hrend des Gebrauchs regelm\u00e4\u00dfig den technischen Zustand der Rechenklinge, des Schabers, der Querschaft, der Lager, des Winkelverstellers und verschiedener Verbindungsteile \u00fcberpr\u00fcfen.<\/li>    <li>Besonders die Endmuttern des Scheibenhaufens und die Befestigungsbolzen der Lager.<\/li>    <li>Nach dem Betrieb das Rechen-Set des Heavy-Disk-Haufens reinigen und warten.<\/li>    <li>Wenn die Transportr\u00e4der nicht verwendet werden, kann dies die vorzeitige Besch\u00e4digung der Scheibenhaufen-Gruppe verursachen.<\/li>    <li>Beim Transport im Feld oder in der N\u00e4he von Schotterstra\u00dfen den Neigungswinkel auf null einstellen.<\/li> <\/ul>    <p>Wenn Sie Fragen haben oder weitere Informationen zu diesem Produkt ben\u00f6tigen, f\u00fcllen Sie bitte das Formular auf der rechten Seite aus. Wir freuen uns auf die Zusammenarbeit mit Ihnen.<\/p>","protected":false},"excerpt":{"rendered":"<p>The traction heavy disc harrow is a tillage tool. It has a rake group composed of a plurality of concave discs. These discs are fixed on a horizontal shaft as a working part. It has strong adaptability to heavy soil, wasteland, and weedy plots. It is mainly used for plowing uncultivated land, also for stubble [&hellip;]<\/p>\n","protected":false},"author":1,"featured_media":11062,"parent":0,"comment_status":"closed","ping_status":"closed","template":"","tags":[698],"product-type":[950,955,2],"class_list":["post-11043","product","type-product","status-publish","has-post-thumbnail","hentry","tag-tractor","product-type-arable-plows","product-type-arable-plows-products","product-type-products"],"_links":{"self":[{"href":"https:\/\/www.agriculture-machine.com\/de\/wp-json\/wp\/v2\/product\/11043","targetHints":{"allow":["GET"]}}],"collection":[{"href":"https:\/\/www.agriculture-machine.com\/de\/wp-json\/wp\/v2\/product"}],"about":[{"href":"https:\/\/www.agriculture-machine.com\/de\/wp-json\/wp\/v2\/types\/product"}],"author":[{"embeddable":true,"href":"https:\/\/www.agriculture-machine.com\/de\/wp-json\/wp\/v2\/users\/1"}],"replies":[{"embeddable":true,"href":"https:\/\/www.agriculture-machine.com\/de\/wp-json\/wp\/v2\/comments?post=11043"}],"wp:featuredmedia":[{"embeddable":true,"href":"https:\/\/www.agriculture-machine.com\/de\/wp-json\/wp\/v2\/media\/11062"}],"wp:attachment":[{"href":"https:\/\/www.agriculture-machine.com\/de\/wp-json\/wp\/v2\/media?parent=11043"}],"wp:term":[{"taxonomy":"post_tag","embeddable":true,"href":"https:\/\/www.agriculture-machine.com\/de\/wp-json\/wp\/v2\/tags?post=11043"},{"taxonomy":"product-type","embeddable":true,"href":"https:\/\/www.agriculture-machine.com\/de\/wp-json\/wp\/v2\/product-type?post=11043"}],"curies":[{"name":"wp","href":"https:\/\/api.w.org\/{rel}","templated":true}]}}