{"id":1105,"date":"2018-10-19T08:51:53","date_gmt":"2018-10-19T00:51:53","guid":{"rendered":"https:\/\/www.agriculture-machine.com\/?p=1105"},"modified":"2024-09-18T16:07:36","modified_gmt":"2024-09-18T08:07:36","slug":"multifunctional-thresher-machine","status":"publish","type":"product","link":"https:\/\/www.agriculture-machine.com\/de\/multifunctional-thresher-machine\/","title":{"rendered":"Multifunktionale Reinigungsmaschine"},"content":{"rendered":"<h2 class=\"wp-block-heading\">Kurze Einf\u00fchrung der Weizenrei\u00dfmaschine<\/h2>    <p>Die multifunktionale Rei\u00dfmaschine besteht aus einem Zuf\u00fchrtrichter, einer Trommel, einem Sieb und einem Regal. Sie integriert Rei\u00df-, Trenn-, Strohschneide- und kann f\u00fcr Weizen, Gerste, Reis, Sorghum, Hirse, Bohnen und Raps verwendet werden. Das spezielle Design f\u00fcr gr\u00f6\u00dfere Einl\u00e4sse macht die Platzierung der Rohstoffe bequem. Au\u00dferdem ist es besser, eine Kultur mit 80% Feuchtigkeit zu w\u00e4hlen, um Bruchraten zu reduzieren.<\/p>    <figure class=\"wp-block-embed is-type-rich is-provider-embed-handler wp-block-embed-embed-handler wp-embed-aspect-16-9 wp-has-aspect-ratio\"><div class=\"wp-block-embed__wrapper\"> <iframe loading=\"lazy\" title=\"Weizen, Gerste, Reis, Sorghum, Hirse, Bohnen und Raps Rei\u00dfmaschine\" width=\"500\" height=\"281\" src=\"https:\/\/www.youtube.com\/embed\/0Y2dKaS3GxI?feature=oembed\" frameborder=\"0\" allow=\"accelerometer; autoplay; clipboard-write; encrypted-media; gyroscope; picture-in-picture; web-share\" referrerpolicy=\"strict-origin-when-cross-origin\" allowfullscreen><\/iframe> <\/div><\/figure>    <h2 class=\"wp-block-heading\">Technische Parameter der Weizenrei\u00dfmaschine<\/h2>    <div class=\"table-responsive\"> <table class=\"table\" border=\"1\"> <tbody> <tr style=\"background-color: #f79646;\"> <td width=\"284\">Modell<\/td> <td width=\"316\">DT-60<\/td> <\/tr> <tr style=\"background-color: #fbd5b5;\"> <td rowspan=\"3\" width=\"284\">&nbsp;<br>Leistung<\/td> <td width=\"316\">&gt;3kw Motor<\/td> <\/tr> <tr> <td width=\"316\">170F Benzinmotor<\/td> <\/tr> <tr> <td width=\"316\">8PS Dieselmotor<\/td> <\/tr> <tr style=\"background-color: #fbd5b5;\"> <td width=\"284\">Kapazit\u00e4t<\/td> <td width=\"316\">800-1000kg\/h<\/td> <\/tr> <tr> <td width=\"284\">L\u00fcftergeschwindigkeit<\/td> <td width=\"316\">2450r\/min<\/td> <\/tr> <tr style=\"background-color: #fbd5b5;\"> <td width=\"284\">Maschinengr\u00f6\u00dfe<\/td> <td width=\"316\">1490*1270*1480mm<\/td> <\/tr> <tr> <td width=\"284\">Verpackungsgr\u00f6\u00dfe<\/td> <td width=\"316\">1280*960*1010mm(1.24CBM)<\/td> <\/tr> <tr style=\"background-color: #fbd5b5;\"> <td width=\"284\">Gewicht<\/td> <td width=\"316\">150kg<\/td> <\/tr> <tr> <td width=\"284\">Nationale Umsetzung der Standards<\/td> <td width=\"316\">DG\/T 016-2006<\/td> <\/tr> <tr style=\"background-color: #fbd5b5;\"> <td width=\"284\">&nbsp;<\/td> <td width=\"316\">JB\/T 9778-2008<\/td> <\/tr> <\/tbody> <\/table> <\/div>    <figure class=\"wp-block-image\"><img decoding=\"async\" src=\"https:\/\/www.agriculture-machine.com\/wp-content\/uploads\/2018\/10\/thresher-machine5.jpg\" alt=\"Rei\u00dfmaschine5\"\/><\/figure>    <h2 class=\"wp-block-heading\">Funktionsprinzip der Weizenrei\u00dfmaschine<\/h2>    <p>Wenn die Maschine arbeitet, werden die Ernteg\u00fcter kontinuierlich und gleichm\u00e4\u00dfig zugef\u00fchrt. Das Getreide wird durch Reibung, Extrusion, Kollision und Sch\u00fctteln zwischen dem Gestell auf der Trommel und dem Sieb vom St\u00e4ngel getrennt. Nachdem das Korn vom St\u00e4ngel getrennt ist, wird der St\u00e4ngel vom Zugventilator ausgeblasen. Gleichzeitig kommen die K\u00f6rner aus einem anderen Ausgang.<br><img decoding=\"async\" style=\"width: 400px; float: left; margin-right: 10px;\" src=\"https:\/\/www.agriculture-machine.com\/wp-content\/uploads\/2018\/10\/thresher-machine4.jpg\" alt=\"Rei\u00dfmaschine4\"><img decoding=\"async\" style=\"width: 400px;\" src=\"https:\/\/www.agriculture-machine.com\/wp-content\/uploads\/2018\/10\/thresher-machine3.jpg\" alt=\"Rei\u00dfmaschine3\"><\/p>    <h2 class=\"wp-block-heading\">Verletzliche Ersatzteile<\/h2>    <div class=\"table-responsive\"> <table class=\"table\" border=\"1\"> <tbody> <tr> <td width=\"189\">Name<\/td> <td width=\"189\">Bild<\/td> <td width=\"189\">Spezifikation<\/td> <\/tr> <tr> <td width=\"189\">Dreiecksriemen<\/td> <td width=\"189\"><img decoding=\"async\" src=\"https:\/\/www.agriculture-machine.com\/wp-content\/uploads\/2018\/10\/thresher-machine.jpg\" alt=\"Rei\u00dfmaschine\"><\/td> <td width=\"189\">A1473<\/td> <\/tr> <tr> <td width=\"189\">Achslaglager<\/td> <td width=\"189\"><img decoding=\"async\" src=\"https:\/\/www.agriculture-machine.com\/wp-content\/uploads\/2018\/10\/thresher-machine2-1.jpg\" alt=\"Rei\u00dfmaschine2\"><\/td> <td width=\"189\">6009 <p>&nbsp;<\/p> <p>6204<\/p> <\/td> <\/tr> <tr> <td width=\"189\">Kette<\/td> <td width=\"189\"><img decoding=\"async\" src=\"https:\/\/www.agriculture-machine.com\/wp-content\/uploads\/2018\/10\/thresher-machine3-1.jpg\" alt=\"Rei\u00dfmaschine3\"><\/td> <td width=\"189\">12.7\/960mm<\/td> <\/tr> <\/tbody> <\/table> <\/div>    <h2 class=\"wp-block-heading\">Anwendung der Weizenrei\u00dfmaschine<\/h2>    <p>Im Vergleich zu anderen Rei\u00dfmaschinen hat unsere Rei\u00dfmaschine eine breitere Anwendung und kann f\u00fcr Gerste, Hirse, Weizen, Sojabohnen, Sorghum und Raps usw. verwendet werden. Es ist notwendig, ein Sieb zu wechseln, das f\u00fcr die Gr\u00f6\u00dfe der Kultur geeignet ist.<\/p>    <h2 class=\"wp-block-heading\">Vorteile der Weizenrei\u00dfmaschine<\/h2>    <p>1. Hohe Reinigungsrate. Der zus\u00e4tzliche Ventilator am Ausgang kann die Verunreinigungen doppelt ausblasen, was die Endk\u00f6rner sauberer macht.<br>2. Geringe Verlustrate. Sie liegt bei weniger als 1,5% und fast alle K\u00f6rner k\u00f6nnen gesammelt werden.<br>3. Hohe Korrosionsbest\u00e4ndigkeit. Sie erm\u00f6glicht eine lange Lebensdauer der Maschine.<br>4. Einfach zu bedienen. Entsprechend den Spezifikationen kann jeder sie bedienen.<br>5. Bequeme Bewegung. Mit zwei R\u00e4dern ist die Rei\u00dfmaschine leicht zu bewegen.<br>6. Mehrere Funktionen. Kulturen wie Gerste, Hirse, Weizen, Sojabohnen, Sorghum und Raps sind f\u00fcr diese Maschine geeignet, die durch \u00c4ndern der Siebgr\u00f6\u00dfe erreicht werden kann.<br><img decoding=\"async\" style=\"width: 100%;\" src=\"https:\/\/www.agriculture-machine.com\/wp-content\/uploads\/2018\/10\/thresher-machine6.jpg\" alt=\"Rei\u00dfmaschine6\"><\/p>    <h2 class=\"wp-block-heading\">FAQ<\/h2>    <p>1. Sind Sie Hersteller?<br>&nbsp;Ja, wir sind es. Willkommen, unsere Fabrik zu besichtigen.<br>2. K\u00f6nnen Sie die Spannung der Maschine nach unseren W\u00fcnschen \u00e4ndern?<br>&nbsp;Ja, wir k\u00f6nnen.<br>3. Wie ist Ihr Kundendienst nach dem Verkauf?<br>&nbsp;Unser Ingenieur kann vor Ort gehen, um Ihre Arbeiter zu installieren und zu schulen.<br>4. Garantiezeit Ihrer Maschine?<br>&nbsp;1 Jahr, au\u00dfer Verbrauchsteile.<br>5. Wie sieht die Lieferzeit Ihrer Maschine aus?<br>&nbsp;In der Regel ben\u00f6tigt es 5-15 Tage f\u00fcr gro\u00dfe Maschinen oder Produktionslinien, und es wird deutlich l\u00e4nger dauern, aber innerhalb unserer verhandelten Lieferzeit.<br><img decoding=\"async\" style=\"width: 100%;\" src=\"https:\/\/www.agriculture-machine.com\/wp-content\/uploads\/2018\/10\/thresher-machine8.jpg\" alt=\"Rei\u00dfmaschine8\"><\/p>","protected":false},"excerpt":{"rendered":"<p>Brief introduction of wheat thresher machine The multipurpose thresher machine consists of a feeding hopper, a drum, a screen and a shelf.It integrates threshing, separating, straw chopping as a whole and can be used for wheat, barley, rice, sorghum, millet, beans and rapeseed.The special design towards bigger inlet make it convenient to place raw materials. [&hellip;]<\/p>\n","protected":false},"author":1,"featured_media":2037,"parent":0,"comment_status":"closed","ping_status":"closed","template":"","tags":[2614],"product-type":[894],"class_list":["post-1105","product","type-product","status-publish","has-post-thumbnail","hentry","tag-thresher","product-type-rice-and-wheat-thresher"],"_links":{"self":[{"href":"https:\/\/www.agriculture-machine.com\/de\/wp-json\/wp\/v2\/product\/1105","targetHints":{"allow":["GET"]}}],"collection":[{"href":"https:\/\/www.agriculture-machine.com\/de\/wp-json\/wp\/v2\/product"}],"about":[{"href":"https:\/\/www.agriculture-machine.com\/de\/wp-json\/wp\/v2\/types\/product"}],"author":[{"embeddable":true,"href":"https:\/\/www.agriculture-machine.com\/de\/wp-json\/wp\/v2\/users\/1"}],"replies":[{"embeddable":true,"href":"https:\/\/www.agriculture-machine.com\/de\/wp-json\/wp\/v2\/comments?post=1105"}],"wp:featuredmedia":[{"embeddable":true,"href":"https:\/\/www.agriculture-machine.com\/de\/wp-json\/wp\/v2\/media\/2037"}],"wp:attachment":[{"href":"https:\/\/www.agriculture-machine.com\/de\/wp-json\/wp\/v2\/media?parent=1105"}],"wp:term":[{"taxonomy":"post_tag","embeddable":true,"href":"https:\/\/www.agriculture-machine.com\/de\/wp-json\/wp\/v2\/tags?post=1105"},{"taxonomy":"product-type","embeddable":true,"href":"https:\/\/www.agriculture-machine.com\/de\/wp-json\/wp\/v2\/product-type?post=1105"}],"curies":[{"name":"wp","href":"https:\/\/api.w.org\/{rel}","templated":true}]}}