{"id":11066,"date":"2021-08-11T17:31:26","date_gmt":"2021-08-11T09:31:26","guid":{"rendered":"https:\/\/www.agriculture-machine.com\/?p=11066"},"modified":"2024-08-20T17:43:27","modified_gmt":"2024-08-20T09:43:27","slug":"corn-stalk-reaping-machinecorn-stalk-reapermaize-straw-reaper","status":"publish","type":"product","link":"https:\/\/www.agriculture-machine.com\/de\/corn-stalk-reaping-machinecorn-stalk-reapermaize-straw-reaper\/","title":{"rendered":"Maisst\u00e4ngelreaper f\u00fcr die Ernte"},"content":{"rendered":"<p>Die Maisst\u00e4ngelernmaschine wird auch Maisschrotter oder Maisst\u00e4ngelreaper genannt. Sie erntet aufrechte Maisst\u00e4ngel im Feld, wenn die Maisk\u00f6rner reif oder fast reif sind.<\/p>    <p>Es verf\u00fcgt \u00fcber eine Klemmkettentransportvorrichtung. Die geernteten Strohhalme werden horizontal in B\u00fcndeln am Heck oder rechts hinten des Traktors abgelegt. Es gilt f\u00fcr die waxartige Ernte von Stroh mit einem Spike oder einer K\u00f6rner\u00e4hre ohne Produktions- und Viehzuchtbereiche.<\/p>    <figure class=\"wp-block-gallery has-nested-images columns-default is-cropped wp-block-gallery-2 is-layout-flex wp-block-gallery-is-layout-flex\"> <figure class=\"wp-block-image size-large\"><a href=\"https:\/\/www.agriculture-machine.com\/wp-content\/uploads\/2021\/08\/\u753b\u677f-7.jpg\"><img loading=\"lazy\" decoding=\"async\" width=\"720\" height=\"540\" data-id=\"11087\" src=\"https:\/\/www.agriculture-machine.com\/wp-content\/uploads\/2021\/08\/\u753b\u677f-7.jpg\" alt=\"Maisst\u00e4ngelreaper\" class=\"wp-image-11087\" srcset=\"https:\/\/www.agriculture-machine.com\/wp-content\/uploads\/2021\/08\/\u753b\u677f-7.jpg 720w, https:\/\/www.agriculture-machine.com\/wp-content\/uploads\/2021\/08\/\u753b\u677f-7-360x270.jpg 360w, https:\/\/www.agriculture-machine.com\/wp-content\/uploads\/2021\/08\/\u753b\u677f-7-240x180.jpg 240w\" sizes=\"auto, (max-width: 720px) 100vw, 720px\" \/><\/a><figcaption class=\"wp-element-caption\">Maisst\u00e4ngelreaper<\/figcaption><\/figure>    <figure class=\"wp-block-image size-large\"><a href=\"https:\/\/www.agriculture-machine.com\/wp-content\/uploads\/2021\/08\/\u753b\u677f-6.jpg\"><img loading=\"lazy\" decoding=\"async\" width=\"720\" height=\"540\" data-id=\"11086\" src=\"https:\/\/www.agriculture-machine.com\/wp-content\/uploads\/2021\/08\/\u753b\u677f-6.jpg\" alt=\"Maisst\u00e4ngelernmaschine\" class=\"wp-image-11086\" srcset=\"https:\/\/www.agriculture-machine.com\/wp-content\/uploads\/2021\/08\/\u753b\u677f-6.jpg 720w, https:\/\/www.agriculture-machine.com\/wp-content\/uploads\/2021\/08\/\u753b\u677f-6-360x270.jpg 360w, https:\/\/www.agriculture-machine.com\/wp-content\/uploads\/2021\/08\/\u753b\u677f-6-240x180.jpg 240w\" sizes=\"auto, (max-width: 720px) 100vw, 720px\" \/><\/a><figcaption class=\"wp-element-caption\">Maisst\u00e4ngelernmaschine<\/figcaption><\/figure> <\/figure>    <h2 class=\"wp-block-heading\">Funktionsprinzip der Maisst\u00e4ngelreaper-Maschine<\/h2>    <p>W\u00e4hrend des Betriebs bewegt sich die Maisst\u00e4ngelerntemaschine entlang des Maisr\u00fcckens. Das Schneidmesser schneidet die Maisst\u00e4ngel. Die St\u00e4ngel werden von den oberen, mittleren und unteren F\u00f6rderketten auf der rechten Seite ausgegeben und nat\u00fcrlich abgelegt, um die Ernte abzuschlie\u00dfen.<\/p>    <figure class=\"wp-block-embed aligncenter is-type-video is-provider-youtube wp-block-embed-youtube wp-embed-aspect-16-9 wp-has-aspect-ratio\"><div class=\"wp-block-embed__wrapper\"> <iframe loading=\"lazy\" title=\"Arbeitsvideo der Maisst\u00e4ngelreaper|Maisst\u00e4ngelreaper|Maisschrotter\" width=\"500\" height=\"281\" src=\"https:\/\/www.youtube.com\/embed\/Ge8t8kxGNUQ?feature=oembed\" frameborder=\"0\" allow=\"accelerometer; autoplay; clipboard-write; encrypted-media; gyroscope; picture-in-picture; web-share\" referrerpolicy=\"strict-origin-when-cross-origin\" allowfullscreen><\/iframe> <\/div><figcaption class=\"wp-element-caption\">Funktionsweise des Strohschneidem\u00e4hers<\/figcaption><\/figure>    <h2 class=\"wp-block-heading\">Aufbau der Maisst\u00e4ngelerntemaschine<\/h2>    <p>Die Maisst\u00e4ngelerntemaschine besteht aus einer Stabschneidevorrichtung, einer F\u00f6rdereinrichtung, einem hydraulischen Hebevorrichtung usw. Sie sind jeweils vorne und rechts am Traktor angeordnet. <\/p>    <p>Es wird mit einer S\u00e4geblattklinge geschnitten und verwendet die Form des Klemmen und F\u00f6rdern. Es kann direkt aufrechte Strohhalme im Feld ernten. Das Stroh wird in B\u00fcndeln auf der rechten Seite des Traktors abgelegt.<\/p>    <figure class=\"wp-block-gallery has-nested-images columns-default is-cropped wp-block-gallery-3 is-layout-flex wp-block-gallery-is-layout-flex\"> <figure class=\"wp-block-image aligncenter size-large\"><a href=\"https:\/\/www.agriculture-machine.com\/wp-content\/uploads\/2021\/08\/\u753b\u677f-9.jpg\"><img loading=\"lazy\" decoding=\"async\" width=\"720\" height=\"540\" data-id=\"11075\" src=\"https:\/\/www.agriculture-machine.com\/wp-content\/uploads\/2021\/08\/\u753b\u677f-9.jpg\" alt=\"Hauptstruktur der Maisst\u00e4ngelerntemaschine\" class=\"wp-image-11075\" srcset=\"https:\/\/www.agriculture-machine.com\/wp-content\/uploads\/2021\/08\/\u753b\u677f-9.jpg 720w, https:\/\/www.agriculture-machine.com\/wp-content\/uploads\/2021\/08\/\u753b\u677f-9-360x270.jpg 360w, https:\/\/www.agriculture-machine.com\/wp-content\/uploads\/2021\/08\/\u753b\u677f-9-240x180.jpg 240w\" sizes=\"auto, (max-width: 720px) 100vw, 720px\" \/><\/a><figcaption class=\"wp-element-caption\">Hauptstruktur der Maisst\u00e4ngelerntemaschine<\/figcaption><\/figure> <\/figure>    <h2 class=\"wp-block-heading\">Vorteile der Maisst\u00e4ngelh\u00e4ckslermaschine<\/h2>    <ul class=\"wp-block-list\"> <li>W\u00e4hrend des Betriebs ist kein manuelles R\u00e4umen der Stra\u00dfe erforderlich, was Arbeitskraft spart und die Arbeitseffizienz erh\u00f6ht.<\/li>    <li>Der Schneidkopf wird durch den \u00d6lsylinder gesteuert, um die H\u00f6he des Stummels zu kontrollieren.<\/li>    <li>Die geernteten Strohhalme werden ordentlich in die gleiche Richtung gelegt, was die Sammlung, Lagerung und den Transport erleichtert.<\/li>    <li>Die Ernteschwindigkeit ist hoch, 5-10 Acres k\u00f6nnen pro Stunde bewirtschaftet werden.<\/li>    <li>Die Schneidmethode ist das \u00dcberlappen und Versetzt Schneiden der S\u00e4gebl\u00e4tter, die Schnittgeschwindigkeit ist hoch, der Schnitt ist vollst\u00e4ndig und es bleiben keine toten Ecken. Das Stroh wird ordentlich geschnitten, und die Vibration ist gering.<\/li> <\/ul>    <h2 class=\"wp-block-heading\">Maschinenparameter  <\/h2>    <figure class=\"wp-block-table is-style-stripes\"><table><tbody><tr><td>Unterst\u00fctzungsleistung<\/td><td>Einzylinder-Kleintraktor mit mehr als 20 PS<\/td><\/tr><tr><td>Betriebseffizienz<\/td><td>5-10 Acres\/Stunde<\/td><\/tr><tr><td>Gesamtgewicht der Maschine<\/td><td>510kg<\/td><\/tr><tr><td>Verbindungsform<\/td><td>H\u00e4ngen<\/td><\/tr><tr><td>Theoretischer Ernteabstand<\/td><td>550-650mm<\/td><\/tr><tr><td>Erntbreite<\/td><td>2,2 Meter (theoretisch 4 Reihen)<\/td><\/tr><tr><td>Energiequelle<\/td><td>Einzylinder: Keilriemen, Hinterrad<br>Mehrzylinder: Hinterausgangswelle, Hinterrad<\/td><\/tr><tr><td>F\u00f6rdermethode<\/td><td>Klemmen und F\u00f6rdern<\/td><\/tr><tr><td>Maximale H\u00f6he der S\u00e4geblattklinge vom Boden<\/td><td>300mm<\/td><\/tr><tr><td>Komponenten<\/td><td>Schneidstabvorrichtung, F\u00f6rdereinrichtung, hydraulischer Hebevorrichtung<\/td><\/tr><\/tbody><\/table><figcaption class=\"wp-element-caption\">Technische Daten der Maisst\u00e4ngelerntemaschine<\/figcaption><\/figure>    <figure class=\"wp-block-gallery has-nested-images columns-default is-cropped wp-block-gallery-4 is-layout-flex wp-block-gallery-is-layout-flex\"> <figure class=\"wp-block-image aligncenter size-large\"><a href=\"https:\/\/www.agriculture-machine.com\/wp-content\/uploads\/2021\/08\/\u753b\u677f-8.jpg\"><img loading=\"lazy\" decoding=\"async\" width=\"720\" height=\"540\" data-id=\"11076\" src=\"https:\/\/www.agriculture-machine.com\/wp-content\/uploads\/2021\/08\/\u753b\u677f-8.jpg\" alt=\"Anforderungen an die Traktorleistung der Maisst\u00e4ngelreaper\" class=\"wp-image-11076\" srcset=\"https:\/\/www.agriculture-machine.com\/wp-content\/uploads\/2021\/08\/\u753b\u677f-8.jpg 720w, https:\/\/www.agriculture-machine.com\/wp-content\/uploads\/2021\/08\/\u753b\u677f-8-360x270.jpg 360w, https:\/\/www.agriculture-machine.com\/wp-content\/uploads\/2021\/08\/\u753b\u677f-8-240x180.jpg 240w\" sizes=\"auto, (max-width: 720px) 100vw, 720px\" \/><\/a><figcaption class=\"wp-element-caption\">Anforderungen an die Traktorleistung der Maisst\u00e4ngelreaper<\/figcaption><\/figure> <\/figure>    <h2 class=\"wp-block-heading\">Unterschied zwischen Maisst\u00e4ngelerntemaschine, Strohzerkleinerungs- und Recyclingmaschine<\/h2>    <h3 class=\"wp-block-heading\" id=\"h-corn-stalk-reaping-machine\">Maisst\u00e4ngelernmaschine <\/h3>    <p>Maisschrotter ist eine spezielle Art und Zweck-Erntemaschine. Sie erntet Stroh mit oder ohne K\u00f6rner und verteilt es flach hinter oder auf der Maschine f\u00fcr eine einfache Sammlung. Es kann nicht nur zum Maisernten, sondern auch zum Ernten von Weide verwendet werden. Au\u00dferdem kann das Stroh direkt in einem St\u00fcck geerntet werden.<\/p>    <figure class=\"wp-block-gallery has-nested-images columns-default is-cropped wp-block-gallery-5 is-layout-flex wp-block-gallery-is-layout-flex\"> <figure class=\"wp-block-image size-large\"><a href=\"https:\/\/www.agriculture-machine.com\/wp-content\/uploads\/2021\/08\/\u672a\u6807\u9898-1.jpg\"><img loading=\"lazy\" decoding=\"async\" width=\"720\" height=\"540\" data-id=\"11077\" src=\"https:\/\/www.agriculture-machine.com\/wp-content\/uploads\/2021\/08\/\u672a\u6807\u9898-1.jpg\" alt=\"Maisst\u00e4ngelreaper bei der Arbeit\" class=\"wp-image-11077\" srcset=\"https:\/\/www.agriculture-machine.com\/wp-content\/uploads\/2021\/08\/\u672a\u6807\u9898-1.jpg 720w, https:\/\/www.agriculture-machine.com\/wp-content\/uploads\/2021\/08\/\u672a\u6807\u9898-1-360x270.jpg 360w, https:\/\/www.agriculture-machine.com\/wp-content\/uploads\/2021\/08\/\u672a\u6807\u9898-1-240x180.jpg 240w\" sizes=\"auto, (max-width: 720px) 100vw, 720px\" \/><\/a><figcaption class=\"wp-element-caption\">Maisst\u00e4ngelreaper bei der Arbeit<\/figcaption><\/figure>    <figure class=\"wp-block-image size-large\"><a href=\"https:\/\/www.agriculture-machine.com\/wp-content\/uploads\/2021\/08\/201903051540197185.jpgw640qm_\u526f\u672c.jpg\"><img loading=\"lazy\" decoding=\"async\" width=\"720\" height=\"540\" data-id=\"11078\" src=\"https:\/\/www.agriculture-machine.com\/wp-content\/uploads\/2021\/08\/201903051540197185.jpgw640qm_\u526f\u672c.jpg\" alt=\"Stroh geerntet mit einem Maisst\u00e4ngelreaper\" class=\"wp-image-11078\" srcset=\"https:\/\/www.agriculture-machine.com\/wp-content\/uploads\/2021\/08\/201903051540197185.jpgw640qm_\u526f\u672c.jpg 720w, https:\/\/www.agriculture-machine.com\/wp-content\/uploads\/2021\/08\/201903051540197185.jpgw640qm_\u526f\u672c-360x270.jpg 360w, https:\/\/www.agriculture-machine.com\/wp-content\/uploads\/2021\/08\/201903051540197185.jpgw640qm_\u526f\u672c-240x180.jpg 240w\" sizes=\"auto, (max-width: 720px) 100vw, 720px\" \/><\/a><figcaption class=\"wp-element-caption\">Stroh geerntet mit einem Maisst\u00e4ngelreaper<\/figcaption><\/figure> <\/figure>    <h3 class=\"wp-block-heading\" id=\"h-straw-crushing-and-recycling-machine\"><a href=\"https:\/\/www.agriculture-machine.com\/de\/silage-harvester-machine-with-tractor\/\">Strohzerkleinerungs- und Recyclingmaschine<\/a><\/h3>    <p>Die Strohzerkleinerungs- und Recyclingmaschine hat die Funktion des Zerkleinerns und Recycelns. Sie eignet sich f\u00fcr aufrechtes oder gefallenes Ernte-Stroh. Die Maschine zerdr\u00fcckt das Stroh direkt. Das zerkleinerte Stroh kommt durch die Entlade\u00f6ffnung und f\u00e4llt in die Lagerbox.<\/p>    <p>Das mit der Strohzerkleinerungs- und Recyclingmaschine geerntete gr\u00fcne Stroh kann direkt f\u00fcr Silage verwendet werden. Das trockene Stroh kann zur Biomasseenergieerzeugung genutzt werden. Es kann auch als N\u00e4hrstoff f\u00fcr essbare Pilze dienen.<\/p>    <figure class=\"wp-block-gallery has-nested-images columns-default is-cropped wp-block-gallery-6 is-layout-flex wp-block-gallery-is-layout-flex\"> <figure class=\"wp-block-image size-large\"><a href=\"https:\/\/www.agriculture-machine.com\/wp-content\/uploads\/2021\/08\/corn-silage-harvester.jpg\"><img loading=\"lazy\" decoding=\"async\" width=\"720\" height=\"540\" data-id=\"11080\" src=\"https:\/\/www.agriculture-machine.com\/wp-content\/uploads\/2021\/08\/corn-silage-harvester.jpg\" alt=\"Strohzerkleinerungs- und Recyclingmaschine\" class=\"wp-image-11080\" srcset=\"https:\/\/www.agriculture-machine.com\/wp-content\/uploads\/2021\/08\/corn-silage-harvester.jpg 720w, https:\/\/www.agriculture-machine.com\/wp-content\/uploads\/2021\/08\/corn-silage-harvester-360x270.jpg 360w, https:\/\/www.agriculture-machine.com\/wp-content\/uploads\/2021\/08\/corn-silage-harvester-240x180.jpg 240w\" sizes=\"auto, (max-width: 720px) 100vw, 720px\" \/><\/a><figcaption class=\"wp-element-caption\">Strohzerkleinerungs- und Recyclingmaschine<\/figcaption><\/figure>    <figure class=\"wp-block-image size-large\"><a href=\"https:\/\/www.agriculture-machine.com\/wp-content\/uploads\/2021\/08\/81342a0cfb04464ebfbcd713c8bdc9e7_c5_q75_864x486_\u526f\u672c.jpg\"><img loading=\"lazy\" decoding=\"async\" width=\"720\" height=\"540\" data-id=\"11079\" src=\"https:\/\/www.agriculture-machine.com\/wp-content\/uploads\/2021\/08\/81342a0cfb04464ebfbcd713c8bdc9e7_c5_q75_864x486_\u526f\u672c.jpg\" alt=\"Stroh geerntet mit Strohzerkleinerungs- und Recyclingmaschine\" class=\"wp-image-11079\" srcset=\"https:\/\/www.agriculture-machine.com\/wp-content\/uploads\/2021\/08\/81342a0cfb04464ebfbcd713c8bdc9e7_c5_q75_864x486_\u526f\u672c.jpg 720w, https:\/\/www.agriculture-machine.com\/wp-content\/uploads\/2021\/08\/81342a0cfb04464ebfbcd713c8bdc9e7_c5_q75_864x486_\u526f\u672c-360x270.jpg 360w, https:\/\/www.agriculture-machine.com\/wp-content\/uploads\/2021\/08\/81342a0cfb04464ebfbcd713c8bdc9e7_c5_q75_864x486_\u526f\u672c-240x180.jpg 240w\" sizes=\"auto, (max-width: 720px) 100vw, 720px\" \/><\/a><figcaption class=\"wp-element-caption\">Stroh geerntet mit Strohzerkleinerungs- und Recyclingmaschine<\/figcaption><\/figure> <\/figure>    <p>Beide Arten von Stroherntemaschinen haben ihre Vorteile und Verwendungszwecke. Sie k\u00f6nnen je nach Bedarf w\u00e4hlen. Gleichzeitig k\u00f6nnen wir auch das passendste Modell f\u00fcr Sie empfehlen.<\/p>    <h2 class=\"wp-block-heading\" id=\"h-corn-stalk-reaping-machine-display\">Maschinenfabrik-Display<\/h2>    <figure class=\"wp-block-gallery has-nested-images columns-2 is-cropped wp-block-gallery-7 is-layout-flex wp-block-gallery-is-layout-flex\"> <figure class=\"wp-block-image size-large\"><a href=\"https:\/\/www.agriculture-machine.com\/wp-content\/uploads\/2021\/08\/\u753b\u677f-4.jpg\"><img loading=\"lazy\" decoding=\"async\" width=\"720\" height=\"540\" data-id=\"11084\" src=\"https:\/\/www.agriculture-machine.com\/wp-content\/uploads\/2021\/08\/\u753b\u677f-4.jpg\" alt=\"Anzeige der Maisst\u00e4ngelerntemaschine \" class=\"wp-image-11084\" srcset=\"https:\/\/www.agriculture-machine.com\/wp-content\/uploads\/2021\/08\/\u753b\u677f-4.jpg 720w, https:\/\/www.agriculture-machine.com\/wp-content\/uploads\/2021\/08\/\u753b\u677f-4-360x270.jpg 360w, https:\/\/www.agriculture-machine.com\/wp-content\/uploads\/2021\/08\/\u753b\u677f-4-240x180.jpg 240w\" sizes=\"auto, (max-width: 720px) 100vw, 720px\" \/><\/a><figcaption class=\"wp-element-caption\">Anzeige der Maisst\u00e4ngelerntemaschine <\/figcaption><\/figure>    <figure class=\"wp-block-image size-large\"><a href=\"https:\/\/www.agriculture-machine.com\/wp-content\/uploads\/2021\/08\/\u753b\u677f-3.jpg\"><img loading=\"lazy\" decoding=\"async\" width=\"720\" height=\"540\" data-id=\"11083\" src=\"https:\/\/www.agriculture-machine.com\/wp-content\/uploads\/2021\/08\/\u753b\u677f-3.jpg\" alt=\"Anzeige des Maisst\u00e4ngelreapers\" class=\"wp-image-11083\" srcset=\"https:\/\/www.agriculture-machine.com\/wp-content\/uploads\/2021\/08\/\u753b\u677f-3.jpg 720w, https:\/\/www.agriculture-machine.com\/wp-content\/uploads\/2021\/08\/\u753b\u677f-3-360x270.jpg 360w, https:\/\/www.agriculture-machine.com\/wp-content\/uploads\/2021\/08\/\u753b\u677f-3-240x180.jpg 240w\" sizes=\"auto, (max-width: 720px) 100vw, 720px\" \/><\/a><figcaption class=\"wp-element-caption\">Anzeige des Maisst\u00e4ngelreapers<\/figcaption><\/figure>    <figure class=\"wp-block-image size-large\"><a href=\"https:\/\/www.agriculture-machine.com\/wp-content\/uploads\/2021\/08\/\u753b\u677f-2.jpg\"><img loading=\"lazy\" decoding=\"async\" width=\"720\" height=\"540\" data-id=\"11082\" src=\"https:\/\/www.agriculture-machine.com\/wp-content\/uploads\/2021\/08\/\u753b\u677f-2.jpg\" alt=\"Anzeige des Maisschrotters\" class=\"wp-image-11082\" srcset=\"https:\/\/www.agriculture-machine.com\/wp-content\/uploads\/2021\/08\/\u753b\u677f-2.jpg 720w, https:\/\/www.agriculture-machine.com\/wp-content\/uploads\/2021\/08\/\u753b\u677f-2-360x270.jpg 360w, https:\/\/www.agriculture-machine.com\/wp-content\/uploads\/2021\/08\/\u753b\u677f-2-240x180.jpg 240w\" sizes=\"auto, (max-width: 720px) 100vw, 720px\" \/><\/a><figcaption class=\"wp-element-caption\">Anzeige des Maisschrotters<\/figcaption><\/figure>    <figure class=\"wp-block-image size-large\"><a href=\"https:\/\/www.agriculture-machine.com\/wp-content\/uploads\/2021\/08\/\u753b\u677f-1.jpg\"><img loading=\"lazy\" decoding=\"async\" width=\"720\" height=\"540\" data-id=\"11081\" src=\"https:\/\/www.agriculture-machine.com\/wp-content\/uploads\/2021\/08\/\u753b\u677f-1.jpg\" alt=\"Anzeige des Maisstrohreapers \" class=\"wp-image-11081\" srcset=\"https:\/\/www.agriculture-machine.com\/wp-content\/uploads\/2021\/08\/\u753b\u677f-1.jpg 720w, https:\/\/www.agriculture-machine.com\/wp-content\/uploads\/2021\/08\/\u753b\u677f-1-360x270.jpg 360w, https:\/\/www.agriculture-machine.com\/wp-content\/uploads\/2021\/08\/\u753b\u677f-1-240x180.jpg 240w\" sizes=\"auto, (max-width: 720px) 100vw, 720px\" \/><\/a><figcaption class=\"wp-element-caption\">Anzeige des Maisstrohreapers <\/figcaption><\/figure> <\/figure>    <h2 class=\"wp-block-heading\">Gebrauchshinweise<\/h2>    <ul class=\"wp-block-list\"> <li>Vor dem Betrieb die Maschine debuggen, um sicherzustellen, dass sie in gutem Zustand ist.<\/li>    <li>Sie k\u00f6nnen die H\u00f6he des Stummels durch Einstellen der Schraube des HebeRahmens anpassen. Vor der Ernte die Schneidklinge so einstellen, dass sie den Boden ber\u00fchrt, und dann die Schraube f\u00fcr einen Probeschnitt arretieren, um die Schneidbedingungen zu pr\u00fcfen. Wenn sie nicht geeignet ist, passen Sie sie an die Anforderungen an und beginnen Sie mit der Ernte. Der empfohlene Stummel-H\u00f6henbereich liegt in der Regel bei mehr als 3-5cm, um Besch\u00e4digungen des Schneiders zu vermeiden.<\/li>    <li>Vor der Ernte pr\u00fcfen, ob das Getriebe \u00d6l fehlt, und bei Mangel rechtzeitig \u00d6l nachf\u00fcllen. Nach l\u00e4ngerer Nutzung der Kette auch das Schmier\u00f6l nachf\u00fcllen.<\/li>    <li>Au\u00dferdem ist eine Methode zur Effizienzsteigerung bei der Ernte, in Kreisen um das Feld zu ernten.<\/li>    <li>Nach l\u00e4ngerer Nutzung des Schneiders wird die Schneidkante stumpf. Verwenden Sie dann einen Handbohrschleifer, um die Schneidkante zu sch\u00e4rfen und so die Kraft beim Ernten zu sparen. Beim Sch\u00e4rfen die \u00dcberhitzung und das Ablaufen verhindern, um die Haltbarkeit der Schneidkante nicht zu beeintr\u00e4chtigen.<\/li> <\/ul>    <h2 class=\"wp-block-heading\" id=\"h-maintenance-of-the-machine\">Wartung der Maschine <\/h2>    <p>Nach Abschluss des Maschinenbetriebs die Maschine rechtzeitig inspizieren. \u00dcberpr\u00fcfen Sie, ob w\u00e4hrend des Betriebs Sch\u00e4den entstanden sind. Falls ja, reparieren und warten Sie sofort.<\/p>    <p>Wenn die Maschine l\u00e4ngere Zeit nicht betrieben wird und gelagert werden soll, die Lager und F\u00f6rderteile schmieren, um Rostbildung zu verhindern und die Nutzung zu erhalten.<\/p>","protected":false},"excerpt":{"rendered":"<p>Die Maisst\u00e4ngelreaper erntet alle St\u00e4ngel im Feld zur Wiederverwendung und Recycling. Es spart nicht nur Arbeitskraft, sondern erh\u00f6ht auch die Effizienz.<\/p>","protected":false},"author":1,"featured_media":11089,"parent":0,"comment_status":"closed","ping_status":"closed","template":"","tags":[961],"product-type":[871,1,2],"class_list":["post-11066","product","type-product","status-publish","has-post-thumbnail","hentry","tag-maize-straw-reaper","product-type-harvester","product-type-other","product-type-products"],"_links":{"self":[{"href":"https:\/\/www.agriculture-machine.com\/de\/wp-json\/wp\/v2\/product\/11066","targetHints":{"allow":["GET"]}}],"collection":[{"href":"https:\/\/www.agriculture-machine.com\/de\/wp-json\/wp\/v2\/product"}],"about":[{"href":"https:\/\/www.agriculture-machine.com\/de\/wp-json\/wp\/v2\/types\/product"}],"author":[{"embeddable":true,"href":"https:\/\/www.agriculture-machine.com\/de\/wp-json\/wp\/v2\/users\/1"}],"replies":[{"embeddable":true,"href":"https:\/\/www.agriculture-machine.com\/de\/wp-json\/wp\/v2\/comments?post=11066"}],"wp:featuredmedia":[{"embeddable":true,"href":"https:\/\/www.agriculture-machine.com\/de\/wp-json\/wp\/v2\/media\/11089"}],"wp:attachment":[{"href":"https:\/\/www.agriculture-machine.com\/de\/wp-json\/wp\/v2\/media?parent=11066"}],"wp:term":[{"taxonomy":"post_tag","embeddable":true,"href":"https:\/\/www.agriculture-machine.com\/de\/wp-json\/wp\/v2\/tags?post=11066"},{"taxonomy":"product-type","embeddable":true,"href":"https:\/\/www.agriculture-machine.com\/de\/wp-json\/wp\/v2\/product-type?post=11066"}],"curies":[{"name":"wp","href":"https:\/\/api.w.org\/{rel}","templated":true}]}}