{"id":11093,"date":"2021-08-18T15:50:35","date_gmt":"2021-08-18T07:50:35","guid":{"rendered":"https:\/\/www.agriculture-machine.com\/?p=11093"},"modified":"2024-09-18T16:17:13","modified_gmt":"2024-09-18T08:17:13","slug":"vibrating-sieving-machine-grain-screening-machine","status":"publish","type":"product","link":"https:\/\/www.agriculture-machine.com\/de\/vibrating-sieving-machine-grain-screening-machine\/","title":{"rendered":"Vibrationssiebmaschine | Getreidesiebmaschine"},"content":{"rendered":"<h2 class=\"wp-block-heading\">Einf\u00fchrung der Vibrationssiebmaschine<\/h2>    <p>Vibrationssiebmaschine ist eine kleine bis mittelgro\u00dfe Getreidereinigungs- und Siebmaschine, deren Ziel es ist, Bl\u00e4tter, Spreu, Staub und andere Verunreinigungen im Getreide zu entfernen. <\/p>    <p class=\"translation-block\">Nachdem Sie eine <a href=\"https:\/\/www.agriculture-machine.com\/de\/peanut-groundmut-sheller-removing-machine\/\">Sch\u00e4lmaschine<\/a> zum Sch\u00e4len der Ernte verwendet haben, k\u00f6nnen Sie eine Vibrationssiebmaschine zum Reinigen verwenden. Die Getreidesiebmaschine hat ein sch\u00f6nes Erscheinungsbild und eine kompakte Struktur. Trotz dessen ist sie bequem zu bewegen und einfach zu bedienen. Diese Maschine besitzt die Vorteile der Verunreinigungseffizienz und des niedrigen Energieverbrauchs. Das Sieb kann je nach den Anforderungen des Benutzers beliebig gewechselt werden, und die Siebe sind f\u00fcr verschiedene Materialarten geeignet.<\/p>    <figure class=\"wp-block-embed is-type-video is-provider-youtube wp-block-embed-youtube wp-embed-aspect-16-9 wp-has-aspect-ratio\"><div class=\"wp-block-embed__wrapper\"> <iframe loading=\"lazy\" title=\"Arbeitsvideo der Vibrationssiebmaschine | Getreidesiebmaschine\" width=\"500\" height=\"281\" src=\"https:\/\/www.youtube.com\/embed\/C69m_ahdRSo?feature=oembed\" frameborder=\"0\" allow=\"accelerometer; autoplay; clipboard-write; encrypted-media; gyroscope; picture-in-picture; web-share\" referrerpolicy=\"strict-origin-when-cross-origin\" allowfullscreen><\/iframe> <\/div><\/figure>    <h2 class=\"wp-block-heading\" id=\"h-components-of-vibrating-sieving-machine\">Komponenten der Vibrationssiebmaschine<\/h2>    <p>Die Maschine besteht haupts\u00e4chlich aus mehreren Teilen, darunter ein Trichter, ein Rahmen, ein Antriebsmechanismus, ein Ventilator und ein Sieb. Der Rahmenfu\u00df ist mit vier R\u00e4dern f\u00fcr einfache Bewegung ausgestattet; die Siebe k\u00f6nnen\u2026 und der Rahmen verwendet eine geteilte Struktur, die den Austausch verschiedener Teile erleichtert.<\/p>    <h2 class=\"wp-block-heading\">Maschinenparameter der Vibrationssiebmaschine<\/h2>    <p>Unser Ger\u00e4t hat zwei verschiedene Modelle, die in kleine und mittelgro\u00dfe unterteilt sind. Sie k\u00f6nnen das passende Modell entsprechend Ihren Bed\u00fcrfnissen ausw\u00e4hlen, und die detaillierten Parameter finden Sie in der untenstehenden Tabelle:<\/p>    <figure class=\"wp-block-gallery columns-2 is-cropped wp-block-gallery-2 is-layout-flex wp-block-gallery-is-layout-flex\"><ul class=\"blocks-gallery-grid\"><li class=\"blocks-gallery-item\"><figure><img loading=\"lazy\" decoding=\"async\" width=\"720\" height=\"540\" src=\"https:\/\/www.agriculture-machine.com\/wp-content\/uploads\/2021\/08\/2.jpg\" alt=\"kleine Gr\u00f6\u00dfe\" data-id=\"11099\" data-full-url=\"https:\/\/www.agriculture-machine.com\/wp-content\/uploads\/2021\/08\/2.jpg\" data-link=\"https:\/\/www.agriculture-machine.com\/?attachment_id=11099\" class=\"wp-image-11099\" srcset=\"https:\/\/www.agriculture-machine.com\/wp-content\/uploads\/2021\/08\/2.jpg 720w, https:\/\/www.agriculture-machine.com\/wp-content\/uploads\/2021\/08\/2-360x270.jpg 360w, https:\/\/www.agriculture-machine.com\/wp-content\/uploads\/2021\/08\/2-240x180.jpg 240w\" sizes=\"auto, (max-width: 720px) 100vw, 720px\" \/><figcaption class=\"blocks-gallery-item__caption\">kleine Gr\u00f6\u00dfe<\/figcaption><\/figure><\/li><li class=\"blocks-gallery-item\"><figure><img loading=\"lazy\" decoding=\"async\" width=\"720\" height=\"540\" src=\"https:\/\/www.agriculture-machine.com\/wp-content\/uploads\/2021\/08\/1-1.jpg\" alt=\"mittlere Gr\u00f6\u00dfe\" data-id=\"11100\" data-full-url=\"https:\/\/www.agriculture-machine.com\/wp-content\/uploads\/2021\/08\/1-1.jpg\" data-link=\"https:\/\/www.agriculture-machine.com\/?attachment_id=11100\" class=\"wp-image-11100\" srcset=\"https:\/\/www.agriculture-machine.com\/wp-content\/uploads\/2021\/08\/1-1.jpg 720w, https:\/\/www.agriculture-machine.com\/wp-content\/uploads\/2021\/08\/1-1-360x270.jpg 360w, https:\/\/www.agriculture-machine.com\/wp-content\/uploads\/2021\/08\/1-1-240x180.jpg 240w\" sizes=\"auto, (max-width: 720px) 100vw, 720px\" \/><figcaption class=\"blocks-gallery-item__caption\">mittlere Gr\u00f6\u00dfe<\/figcaption><\/figure><\/li><\/ul><\/figure>    <figure class=\"wp-block-table is-style-stripes\"><table><tbody><tr><td><strong>Modell <\/strong><strong><\/strong><\/td><td><strong>ZDS-1 <\/strong><strong><\/strong><\/td><td><strong>ZDS-2 <\/strong><strong><\/strong><\/td><\/tr><tr><td>Leistung<\/td><td>2,2 kW<\/td><td>2,2 kW<\/td><\/tr><tr><td>Kapazit\u00e4t<\/td><td>2t\/h<\/td><td>1t\/h<\/td><\/tr><tr><td>Bruchrate<\/td><td>\u22660,1%<\/td><td>\u22660,1%<\/td><\/tr><tr><td>Drehzahl<\/td><td>1400r\/min<\/td><td>1400r\/min<\/td><\/tr><tr><td>Gr\u00f6\u00dfe<\/td><td>1600*800*1000mm<\/td><td>2350*1100*1100mm<\/td><\/tr><tr><td>FOB Qingdao<\/td><td>&nbsp;<\/td><td>&nbsp;<\/td><\/tr><\/tbody><\/table><\/figure>    <h2 class=\"wp-block-heading\">Arbeitsprozess der Vibrationssiebmaschine<\/h2>    <ol class=\"wp-block-list\" type=\"1\"><li>Platzieren Sie die Getreidesiebmaschine in einer horizontalen Position und schalten Sie die Stromversorgung ein. Dann starten Sie den Arbeits-Schalter, um sicherzustellen, dass der Motor im Uhrzeigersinn rotiert. Es zeigt, dass die Maschine den korrekten Arbeitszustand erreicht hat.<\/li><li>Geben Sie die zu siebenden Materialien in den Trichter ein und passen Sie dann die Stopperplatte am Boden des Trichters entsprechend der Partikelgr\u00f6\u00dfe des Materials an. Ziel ist es, die Materialien gleichm\u00e4\u00dfig in das obere Sieb einzuleiten.<\/li><li>Stellen Sie sicher, dass der zylindrische Ventilator am oberen Teil des Siebs die Luft korrekt zum Entladeende des Siebs leiten kann. Der Lufteinlass befindet sich am unteren Ende des Ventilators, und er kann auch direkt an den Stoffbeutel angeschlossen werden, um die leichten Abf\u00e4lle im Getreide aufzufangen.<\/li><li>Der untere Teil des Vibrationssiebs verf\u00fcgt \u00fcber vier Lager, die jeweils im Kanalsstahl am Rahmen f\u00fcr lineare Hin- und Herbewegung befestigt sind: Das obere Grobsieb des Siebs dient dazu, gro\u00dfe Partikel von Verunreinigungen im Material zu entfernen, und das untere Fein Sieb reinigt kleine Partikel von Verunreinigungen im Material.<\/li><li>Schlie\u00dflich erhalten Sie eine saubere Ernte.<\/li><\/ol>    <h2 class=\"wp-block-heading\">Vorteile der Getreidesiebmaschine<\/h2>    <p>1. Die Maschine hat eine kompakte Struktur, einen stabilen Betrieb und einen sorgf\u00e4ltigen Sieb, sodass sie die Arbeitsbelastung erheblich reduzieren und die Arbeitseffizienz verbessern kann.<\/p>    <p>2. Die Siebe k\u00f6nnen je nach den Anforderungen des Benutzers beliebig gewechselt werden, sodass die Siebe f\u00fcr verschiedene Materialarten geeignet sind, um Reis, Erdn\u00fcsse, Mais, Sojabohnen und andere K\u00f6rner zu sieben.<\/p>    <p>3. Es ist geeignet f\u00fcr die Mehrheit der Getreidebauern und -erntearbeiter sowie Futterverarbeitungsbetriebe, und es kann alle Arten von Verunreinigungen und Staub im Getreide oder \u00d6lsaaten sauber und gr\u00fcndlich entfernen.<\/p>    <p>4. Es nimmt wenig Platz ein, und die Maschine ist mit R\u00e4dern f\u00fcr einfache Bewegung ausgestattet.<\/p>    <p>5. Die Staubabscheidung ist deutlich, der Energieverbrauch ist gering, und die Maschine ist einfach zu bedienen.<\/p>    <h2 class=\"wp-block-heading\">Vorsichtsma\u00dfnahmen bei der Verwendung der Vibrationssiebmaschine<\/h2>    <p>1. Don&#8217;t reach into the operating part of the equipment.<\/p>    <p>2. Beim Start sollte der Hauptventilator in die durch den Pfeil angegebene Richtung laufen.<\/p>    <p>3. If mechanical and electrical failure or abnormal noise occurs during the operation of the equipment, then you should shut down the machine immediately to inspect, so the hidden dangers can be eliminated before normal operation. Equipment maintenance should be carried out by professionals, and you can&#8217;t disassemble key parts at will.<\/p>    <p>4. Der Schutzdeckel darf nicht willk\u00fcrlich zerlegt werden.<\/p>    <h2 class=\"wp-block-heading\">St\u00e4rke unseres Unternehmens<\/h2>    <p>We are a company established for many years, with strong strength and rich export experience. We have enough vibrating sieving\u00a0machines in stock. Our products have sufficient inventory, and we have to check the production process. Therefore, you needn&#8217;t worry about product inventory and quality issues. Our products are sold to many countries and received unanimous praise. If you have interest in our products, you can leave your contact information and our staff will contact you within 24 hours.<\/p>    <figure class=\"wp-block-gallery columns-2 is-cropped wp-block-gallery-3 is-layout-flex wp-block-gallery-is-layout-flex\"><ul class=\"blocks-gallery-grid\"><li class=\"blocks-gallery-item\"><figure><img loading=\"lazy\" decoding=\"async\" width=\"720\" height=\"540\" src=\"https:\/\/www.agriculture-machine.com\/wp-content\/uploads\/2021\/08\/3-1.jpg\" alt=\"Vorrat\" data-id=\"11101\" data-full-url=\"https:\/\/www.agriculture-machine.com\/wp-content\/uploads\/2021\/08\/3-1.jpg\" data-link=\"https:\/\/www.agriculture-machine.com\/?attachment_id=11101\" class=\"wp-image-11101\" srcset=\"https:\/\/www.agriculture-machine.com\/wp-content\/uploads\/2021\/08\/3-1.jpg 720w, https:\/\/www.agriculture-machine.com\/wp-content\/uploads\/2021\/08\/3-1-360x270.jpg 360w, https:\/\/www.agriculture-machine.com\/wp-content\/uploads\/2021\/08\/3-1-240x180.jpg 240w\" sizes=\"auto, (max-width: 720px) 100vw, 720px\" \/><figcaption class=\"blocks-gallery-item__caption\">Vorrat<\/figcaption><\/figure><\/li><li class=\"blocks-gallery-item\"><figure><img loading=\"lazy\" decoding=\"async\" width=\"720\" height=\"540\" src=\"https:\/\/www.agriculture-machine.com\/wp-content\/uploads\/2021\/08\/4-1.jpg\" alt=\"Vorrat\" data-id=\"11102\" data-full-url=\"https:\/\/www.agriculture-machine.com\/wp-content\/uploads\/2021\/08\/4-1.jpg\" data-link=\"https:\/\/www.agriculture-machine.com\/?attachment_id=11102\" class=\"wp-image-11102\" srcset=\"https:\/\/www.agriculture-machine.com\/wp-content\/uploads\/2021\/08\/4-1.jpg 720w, https:\/\/www.agriculture-machine.com\/wp-content\/uploads\/2021\/08\/4-1-360x270.jpg 360w, https:\/\/www.agriculture-machine.com\/wp-content\/uploads\/2021\/08\/4-1-240x180.jpg 240w\" sizes=\"auto, (max-width: 720px) 100vw, 720px\" \/><figcaption class=\"blocks-gallery-item__caption\">Vorrat<\/figcaption><\/figure><\/li><\/ul><\/figure>","protected":false},"excerpt":{"rendered":"<p>Introduction of vibrating sieving machine Vibrating sieving\u00a0machine is a small and medium-sized grain cleaning, and screening machine, its aim is to remove leaves, bran husks, dust, and other sundries in the grain. After using a thresher machine to shell crops, then you can use a vibrating sieving\u00a0machine to clean them. The grain screening machine has [&hellip;]<\/p>\n","protected":false},"author":1,"featured_media":11103,"parent":0,"comment_status":"closed","ping_status":"closed","template":"","tags":[487],"product-type":[1],"class_list":["post-11093","product","type-product","status-publish","has-post-thumbnail","hentry","tag-grain","product-type-other"],"_links":{"self":[{"href":"https:\/\/www.agriculture-machine.com\/de\/wp-json\/wp\/v2\/product\/11093","targetHints":{"allow":["GET"]}}],"collection":[{"href":"https:\/\/www.agriculture-machine.com\/de\/wp-json\/wp\/v2\/product"}],"about":[{"href":"https:\/\/www.agriculture-machine.com\/de\/wp-json\/wp\/v2\/types\/product"}],"author":[{"embeddable":true,"href":"https:\/\/www.agriculture-machine.com\/de\/wp-json\/wp\/v2\/users\/1"}],"replies":[{"embeddable":true,"href":"https:\/\/www.agriculture-machine.com\/de\/wp-json\/wp\/v2\/comments?post=11093"}],"wp:featuredmedia":[{"embeddable":true,"href":"https:\/\/www.agriculture-machine.com\/de\/wp-json\/wp\/v2\/media\/11103"}],"wp:attachment":[{"href":"https:\/\/www.agriculture-machine.com\/de\/wp-json\/wp\/v2\/media?parent=11093"}],"wp:term":[{"taxonomy":"post_tag","embeddable":true,"href":"https:\/\/www.agriculture-machine.com\/de\/wp-json\/wp\/v2\/tags?post=11093"},{"taxonomy":"product-type","embeddable":true,"href":"https:\/\/www.agriculture-machine.com\/de\/wp-json\/wp\/v2\/product-type?post=11093"}],"curies":[{"name":"wp","href":"https:\/\/api.w.org\/{rel}","templated":true}]}}