{"id":11111,"date":"2021-09-09T18:22:18","date_gmt":"2021-09-09T10:22:18","guid":{"rendered":"https:\/\/www.agriculture-machine.com\/?p=11111"},"modified":"2025-08-15T16:31:49","modified_gmt":"2025-08-15T08:31:49","slug":"nursery-seeding-machine-seeder-machine-vegetable-seeder-machine","status":"publish","type":"product","link":"https:\/\/www.agriculture-machine.com\/de\/nursery-seeding-machine-seeder-machine-vegetable-seeder-machine\/","title":{"rendered":"Baumschul-S\u00e4maschine | S\u00e4maschine | Gem\u00fcses\u00e4maschine"},"content":{"rendered":"<p>Die Keimlingss\u00e4maschine ist speziell f\u00fcr die Aussaat und Kultivierung von Keimlingen konzipiert, kann verschiedene Gem\u00fcsesamen pr\u00e4zise in Kisten s\u00e4en. Durch Abdeckung, gleichm\u00e4\u00dfiges Bew\u00e4ssern und wissenschaftliches Management erm\u00f6glicht sie eine schnelle Entwicklung der Wurzeln und das Keimen der Samen in kurzer Zeit.<\/p>    <p>Im Vergleich zu herk\u00f6mmlicher manueller Keimlingszucht reduziert die Keimlingsmaschine erheblich den Arbeits- und Zeitaufwand. Sie senkt auch effektiv die Krankheitsrate, erh\u00f6ht die \u00dcberlebensrate der Keimlinge und bietet eine zuverl\u00e4ssige Unterst\u00fctzung f\u00fcr die gro\u00dffl\u00e4chige Landwirtschaft.<\/p>    <p>Egal ob in Gew\u00e4chsh\u00e4usern, Fr\u00fchbeeten oder bodenlosen Keimlingszuchtumgebungen, die Keimlingsmaschine hilft Landwirten, eine effiziente und standardisierte Keimlingsverwaltung zu erreichen, sodass die Keimlinge in unabh\u00e4ngigen R\u00e4umen gesund wachsen k\u00f6nnen, und legt eine solide Grundlage f\u00fcr die nachfolgende Transplantation.<\/p>    <figure class=\"wp-block-embed aligncenter is-type-video is-provider-youtube wp-block-embed-youtube wp-embed-aspect-16-9 wp-has-aspect-ratio\"><div class=\"wp-block-embed__wrapper\"> <iframe loading=\"lazy\" title=\"Dies ist die automatische Anzuchtkeimlingsmaschine\u4e28Anzuchtkiste S\u00e4maschine f\u00fcr Gem\u00fcse, Obst und Blumen\" width=\"500\" height=\"281\" src=\"https:\/\/www.youtube.com\/embed\/HQM1QW0KDKQ?feature=oembed\" frameborder=\"0\" allow=\"accelerometer; autoplay; clipboard-write; encrypted-media; gyroscope; picture-in-picture; web-share\" referrerpolicy=\"strict-origin-when-cross-origin\" allowfullscreen><\/iframe> <\/div><figcaption class=\"wp-element-caption\">Betriebsvideo der Anzuchtkiste<\/figcaption><\/figure>    <p>Neben dieser Form der Keimlingss\u00e4maschine haben wir eine andere Form, wie im folgenden Video gezeigt:<\/p>    <figure class=\"wp-block-embed aligncenter is-type-video is-provider-youtube wp-block-embed-youtube wp-embed-aspect-16-9 wp-has-aspect-ratio\"><div class=\"wp-block-embed__wrapper\"> <iframe loading=\"lazy\" title=\"Wie man die Gem\u00fcseg\u00e4rtners\u00e4maschine benutzt! Halbautomatische Keimlingss\u00e4maschine\" width=\"500\" height=\"281\" src=\"https:\/\/www.youtube.com\/embed\/WWb-Xub7_T4?feature=oembed\" frameborder=\"0\" allow=\"accelerometer; autoplay; clipboard-write; encrypted-media; gyroscope; picture-in-picture; web-share\" referrerpolicy=\"strict-origin-when-cross-origin\" allowfullscreen><\/iframe> <\/div><figcaption class=\"wp-element-caption\">Arbeitsvideo der automatischen Keimlingskiste<\/figcaption><\/figure>    <p>Die beiden S\u00e4maschinen haben die gleiche Funktion, unterscheiden sich jedoch im Aussehen. Kunden k\u00f6nnen je nach Bedarf w\u00e4hlen.<\/p>    <h2 class=\"wp-block-heading\" id=\"h-definition-of-nursery-seeding-machine\">Vorteile der Keimlingss\u00e4maschine<\/h2>    <ol class=\"wp-block-list\"> <li>Die Keimlingsmaschine erreicht eine pr\u00e4zise \u201eein Loch, ein Samen\u201c-Aussaat, stellt sicher, dass in jedem Keimlingsloch nur ein Keimling w\u00e4chst, und verhindert Samenverschwendung.<\/li>    <li>Verschiedene Aussaatplatten und Saugk\u00f6pfe k\u00f6nnen je nach Gr\u00f6\u00dfe der verschiedenen Samenk\u00f6rner und Aussaatanforderungen ausgetauscht werden, um die personalisierten Bed\u00fcrfnisse der Kunden flexibel zu erf\u00fcllen.<\/li>    <li>Das unabh\u00e4ngige Lochdesign bietet jedem Keimling seinen eigenen Wachstumsraum, um Interferenzen zwischen Feuchtigkeit und N\u00e4hrstoffen zu verhindern.<\/li>    <li>Der Keimlingsanbauzyklus verk\u00fcrzt sich im Vergleich zu herk\u00f6mmlichen Methoden um 10-20 Tage, was zu schnellerem Wachstum f\u00fchrt.<\/li>    <li>Das Wurzelsystem bleibt intakt und ist weniger anf\u00e4llig f\u00fcr Sch\u00e4den, was Transplantationsschock minimiert. Keimlinge sind transportabler und geeignet f\u00fcr Langstreckentransport und standardisierte Verwaltung.<\/li>    <li>Samen k\u00f6nnen gleichzeitig in Vollkisten ausges\u00e4t werden, anstatt Zeile f\u00fcr Zeile, in Verbindung mit einem importierten Rotationsventilator mit 750 Watt f\u00fcr starke Saugkraft, was einen effizienten und kontinuierlichen Betrieb gew\u00e4hrleistet.<\/li>    <li>Verschiedene Arten von Aussaatplatten und -schalen k\u00f6nnen nach Kundenwunsch angepasst werden, um verschiedene Keimlingszuchtmodi und Produktionsskalen zu erm\u00f6glichen.<\/li> <\/ol>    <figure class=\"wp-block-gallery has-nested-images columns-2 is-cropped wp-block-gallery-2 is-layout-flex wp-block-gallery-is-layout-flex\"> <figure class=\"wp-block-image size-large\"><img loading=\"lazy\" decoding=\"async\" width=\"720\" height=\"540\" data-id=\"17157\" src=\"https:\/\/www.agriculture-machine.com\/wp-content\/uploads\/2021\/09\/semi-automatic-nursery-seeder.webp\" alt=\"Halbautomatische Keimlingss\u00e4maschine\" class=\"wp-image-17157\" srcset=\"https:\/\/www.agriculture-machine.com\/wp-content\/uploads\/2021\/09\/semi-automatic-nursery-seeder.webp 720w, https:\/\/www.agriculture-machine.com\/wp-content\/uploads\/2021\/09\/semi-automatic-nursery-seeder-360x270.webp 360w, https:\/\/www.agriculture-machine.com\/wp-content\/uploads\/2021\/09\/semi-automatic-nursery-seeder-240x180.webp 240w, https:\/\/www.agriculture-machine.com\/wp-content\/uploads\/2021\/09\/semi-automatic-nursery-seeder-16x12.webp 16w\" sizes=\"auto, (max-width: 720px) 100vw, 720px\" \/><figcaption class=\"wp-element-caption\">Halbautomatische Keimlingss\u00e4maschine<\/figcaption><\/figure>    <figure class=\"wp-block-image size-large\"><img loading=\"lazy\" decoding=\"async\" width=\"720\" height=\"540\" data-id=\"17154\" src=\"https:\/\/www.agriculture-machine.com\/wp-content\/uploads\/2021\/09\/automatic-seeds-sowing-machine.webp\" alt=\"Automatische Samen-S\u00e4maschine\" class=\"wp-image-17154\" srcset=\"https:\/\/www.agriculture-machine.com\/wp-content\/uploads\/2021\/09\/automatic-seeds-sowing-machine.webp 720w, https:\/\/www.agriculture-machine.com\/wp-content\/uploads\/2021\/09\/automatic-seeds-sowing-machine-360x270.webp 360w, https:\/\/www.agriculture-machine.com\/wp-content\/uploads\/2021\/09\/automatic-seeds-sowing-machine-240x180.webp 240w, https:\/\/www.agriculture-machine.com\/wp-content\/uploads\/2021\/09\/automatic-seeds-sowing-machine-16x12.webp 16w\" sizes=\"auto, (max-width: 720px) 100vw, 720px\" \/><figcaption class=\"wp-element-caption\">Automatische Samen-S\u00e4maschine<\/figcaption><\/figure>    <figure class=\"wp-block-image size-large\"><img loading=\"lazy\" decoding=\"async\" width=\"720\" height=\"540\" data-id=\"17155\" src=\"https:\/\/www.agriculture-machine.com\/wp-content\/uploads\/2021\/09\/nursery-seeding-machines-for-sale.webp\" alt=\"Keimlingss\u00e4maschinen zum Verkauf\" class=\"wp-image-17155\" srcset=\"https:\/\/www.agriculture-machine.com\/wp-content\/uploads\/2021\/09\/nursery-seeding-machines-for-sale.webp 720w, https:\/\/www.agriculture-machine.com\/wp-content\/uploads\/2021\/09\/nursery-seeding-machines-for-sale-360x270.webp 360w, https:\/\/www.agriculture-machine.com\/wp-content\/uploads\/2021\/09\/nursery-seeding-machines-for-sale-240x180.webp 240w, https:\/\/www.agriculture-machine.com\/wp-content\/uploads\/2021\/09\/nursery-seeding-machines-for-sale-16x12.webp 16w\" sizes=\"auto, (max-width: 720px) 100vw, 720px\" \/><figcaption class=\"wp-element-caption\">Keimlingss\u00e4maschinen zum Verkauf<\/figcaption><\/figure>    <figure class=\"wp-block-image size-large\"><img loading=\"lazy\" decoding=\"async\" width=\"720\" height=\"540\" data-id=\"17156\" src=\"https:\/\/www.agriculture-machine.com\/wp-content\/uploads\/2021\/09\/PLC-type-seedling-machine.webp\" alt=\"PLC-Typ Keimlingsmaschine\" class=\"wp-image-17156\" srcset=\"https:\/\/www.agriculture-machine.com\/wp-content\/uploads\/2021\/09\/PLC-type-seedling-machine.webp 720w, https:\/\/www.agriculture-machine.com\/wp-content\/uploads\/2021\/09\/PLC-type-seedling-machine-360x270.webp 360w, https:\/\/www.agriculture-machine.com\/wp-content\/uploads\/2021\/09\/PLC-type-seedling-machine-240x180.webp 240w, https:\/\/www.agriculture-machine.com\/wp-content\/uploads\/2021\/09\/PLC-type-seedling-machine-16x12.webp 16w\" sizes=\"auto, (max-width: 720px) 100vw, 720px\" \/><figcaption class=\"wp-element-caption\">PLC-Typ Keimlingsmaschine<\/figcaption><\/figure> <\/figure>    <h2 class=\"wp-block-heading\">Zwei Arten von Keimlingsmaschinen<\/h2>    <p class=\"translation-block\">Wir haben zwei Arten von <strong><em><a href=\"https:\/\/www.agriculture-machine.com\/de\/plug-seedling-machine-seedling-machine-vegetable-seedling-machine\/\">Keimlingss\u00e4maschinen<\/a><\/em><\/strong>: eine manuelle Keimlingsmaschine und eine automatische Keimlingsmaschine. Beide haben ihre Eigenschaften und Vorteile. Im Folgenden wird eine Einf\u00fchrung anhand von zwei Modellen gegeben.<\/p>    <h3 class=\"wp-block-heading\">2BXP-5500 S\u00e4maschine<\/h3>    <ul class=\"wp-block-list\"> <li>Geeignet f\u00fcr gro\u00dfe Samen (wie Sojabohnen, Erbsen, Mais und K\u00fcrbisse), kleine Samen (wie Petunien, Sellerie und Kohl) und herk\u00f6mmliche Gem\u00fcsesamen (wie Auberginen, Paprika, Tomaten und Salat), erf\u00fcllt die Keimlingszuchtbed\u00fcrfnisse verschiedener Kulturen mit einem Ger\u00e4t.<\/li>    <li>Ein einzelner Vorgang schlie\u00dft Lochstanzen, Samengewinnung und Aussaat ab, was den Arbeitsaufwand effektiv reduziert.<\/li>    <li>Kompakte Gr\u00f6\u00dfe, leichtes Design, einfache Struktur, Betrieb mit 220V, sofort einsatzbereit.<\/li>    <li>Manuelle Bedienung ist flexibel, erm\u00f6glicht die Zusammenarbeit mehrerer Benutzer, beschleunigt die gro\u00dffl\u00e4chige Keimlingsproduktion und verbessert die Produktionseffizienz.<\/li>    <li>Pr\u00e4zise Aussaat sorgt f\u00fcr gleichm\u00e4\u00dfiges Keimwachstum in jedem Loch und f\u00f6rdert gesunde Keimlingsentwicklung.<\/li>    <li>Robuste Konstruktion, einfache Wartung, niedrige langfristige Betriebskosten, geeignet f\u00fcr Keimlingsproduktion aller Gr\u00f6\u00dfenordnungen.<\/li> <\/ul>    <figure class=\"wp-block-gallery has-nested-images columns-default is-cropped wp-block-gallery-3 is-layout-flex wp-block-gallery-is-layout-flex\"> <figure class=\"wp-block-image size-large\"><a href=\"https:\/\/www.agriculture-machine.com\/wp-content\/uploads\/2021\/08\/1-2.jpg\"><img loading=\"lazy\" decoding=\"async\" width=\"720\" height=\"540\" data-id=\"11116\" src=\"https:\/\/www.agriculture-machine.com\/wp-content\/uploads\/2021\/08\/1-2.jpg\" alt=\"YMSCX-750 Keimlingsmaschine\" class=\"wp-image-11116\" title=\"2BXP-500Y Anzuchtkeimlingsmaschine\" srcset=\"https:\/\/www.agriculture-machine.com\/wp-content\/uploads\/2021\/08\/1-2.jpg 720w, https:\/\/www.agriculture-machine.com\/wp-content\/uploads\/2021\/08\/1-2-360x270.jpg 360w, https:\/\/www.agriculture-machine.com\/wp-content\/uploads\/2021\/08\/1-2-240x180.jpg 240w\" sizes=\"auto, (max-width: 720px) 100vw, 720px\" \/><\/a><figcaption class=\"wp-element-caption\">2BXP-500Y Anzuchtkeimlingsmaschine<\/figcaption><\/figure>    <figure class=\"wp-block-image size-large\"><a href=\"https:\/\/www.agriculture-machine.com\/wp-content\/uploads\/2021\/08\/2-1.jpg\"><img loading=\"lazy\" decoding=\"async\" width=\"720\" height=\"540\" data-id=\"11117\" src=\"https:\/\/www.agriculture-machine.com\/wp-content\/uploads\/2021\/08\/2-1.jpg\" alt=\"2BXP-500 Keimlingsmaschine\" class=\"wp-image-11117\" title=\"2BXP-500 Keimlingsmaschine\" srcset=\"https:\/\/www.agriculture-machine.com\/wp-content\/uploads\/2021\/08\/2-1.jpg 720w, https:\/\/www.agriculture-machine.com\/wp-content\/uploads\/2021\/08\/2-1-360x270.jpg 360w, https:\/\/www.agriculture-machine.com\/wp-content\/uploads\/2021\/08\/2-1-240x180.jpg 240w\" sizes=\"auto, (max-width: 720px) 100vw, 720px\" \/><\/a><figcaption class=\"wp-element-caption\">2BXP-500 Keimlingsmaschine<\/figcaption><\/figure> <\/figure>    <h4 class=\"wp-block-heading\">Betriebsablauf der manuellen S\u00e4maschine<\/h4>    <p>Im ersten Schritt m\u00fcssen Sie die Anzuchterde manuell in die Stecklinge geben; im zweiten Schritt legen Sie die Stecklinge auf die Maschine und treten mit dem Fu\u00df auf die Maschine, um das Loch zu pressen und gleichzeitig zu s\u00e4en; im letzten Schritt entfernen Sie die Stecklinge und geben etwas Anzuchterde auf die Oberseite der Stecklinge.<\/p>    <h4 class=\"wp-block-heading\">Technische Parameter der 2BXP-5500<\/h4>    <figure class=\"wp-block-table is-style-stripes\"><table><tbody><tr><td>Gr\u00f6\u00dfe<\/td><td>mm<\/td><td>1140*630*840<\/td><\/tr><tr><td>Turbofan<\/td><td>w<\/td><td>750<\/td><\/tr><tr><td>Angewandte Kiste<\/td><td>mm<\/td><td>540*280<\/td><\/tr><tr><td>Insgesamt 1,5 kW (inklusive 0,75 kW Gebl\u00e4se) \/ 220V 50Hz 1-Phasen<\/td><td>v<\/td><td>220<\/td><\/tr><\/tbody><\/table><figcaption class=\"wp-element-caption\">2BXP-5500 Anzuchtkeimlingsmaschine Parameter<\/figcaption><\/figure>    <h4 class=\"wp-block-heading\">Wie funktioniert die Samen Aussaatmaschine?<\/h4>    <figure class=\"wp-block-embed aligncenter is-type-video is-provider-youtube wp-block-embed-youtube wp-embed-aspect-16-9 wp-has-aspect-ratio\"><div class=\"wp-block-embed__wrapper\"> <iframe loading=\"lazy\" title=\"Hei\u00dfer Verkauf automatische Anzuchtstation S\u00e4maschine! Gem\u00fcsegarten-S\u00e4maschine zum Verkauf\" width=\"500\" height=\"281\" src=\"https:\/\/www.youtube.com\/embed\/mKJXV0K6XBg?feature=oembed\" frameborder=\"0\" allow=\"accelerometer; autoplay; clipboard-write; encrypted-media; gyroscope; picture-in-picture; web-share\" referrerpolicy=\"strict-origin-when-cross-origin\" allowfullscreen><\/iframe> <\/div><figcaption class=\"wp-element-caption\">Halbautomatische Keimlingsmaschine Arbeitsvideo<\/figcaption><\/figure>    <h3 class=\"wp-block-heading\">YMSCX-750 Gem\u00fcse-S\u00e4maschine<\/h3>    <ul class=\"wp-block-list\"> <li>Die Haupteinheit verf\u00fcgt \u00fcber Touchscreen-Bedienung und integriert ein Bodenv\u00fcllsystem, eine Zentralsteuerung und Lochpresssystem, Aussaatsystem und Riemenantriebssystem.<\/li>    <li>Das lange Produktionslinien-Design kann etwa 750 Keimlingskisten pro Stunde fertigstellen, was den Arbeitsaufwand erheblich reduziert.<\/li>    <li>Sichert eine gleichm\u00e4\u00dfige Dicke des Bodens, der Samen und des Oberbodens, garantiert gleichm\u00e4\u00dfiges Keimen und gleichm\u00e4\u00dfiges Wachstum.<\/li>    <li>Vereinheitlichte Verwaltung der Keimlingskisten durch das F\u00f6rdersystem, mit bequemer Bedienung, geeignet f\u00fcr gro\u00df angelegte, standardisierte Produktion.<\/li> <\/ul>    <figure class=\"wp-block-gallery has-nested-images columns-default is-cropped wp-block-gallery-4 is-layout-flex wp-block-gallery-is-layout-flex\"> <figure class=\"wp-block-image size-large\"><a href=\"https:\/\/www.agriculture-machine.com\/wp-content\/uploads\/2021\/08\/3-2.jpg\"><img loading=\"lazy\" decoding=\"async\" width=\"720\" height=\"540\" data-id=\"11118\" src=\"https:\/\/www.agriculture-machine.com\/wp-content\/uploads\/2021\/08\/3-2.jpg\" alt=\"YMSCX-750 Keimlingsmaschine\" class=\"wp-image-11118\" title=\"YMSCX-750 Keimlingsmaschine\" srcset=\"https:\/\/www.agriculture-machine.com\/wp-content\/uploads\/2021\/08\/3-2.jpg 720w, https:\/\/www.agriculture-machine.com\/wp-content\/uploads\/2021\/08\/3-2-360x270.jpg 360w, https:\/\/www.agriculture-machine.com\/wp-content\/uploads\/2021\/08\/3-2-240x180.jpg 240w\" sizes=\"auto, (max-width: 720px) 100vw, 720px\" \/><\/a><figcaption class=\"wp-element-caption\">YMSCX-750 Keimlingsmaschine<\/figcaption><\/figure>    <figure class=\"wp-block-image size-large\"><a href=\"https:\/\/www.agriculture-machine.com\/wp-content\/uploads\/2021\/08\/4-2.jpg\"><img loading=\"lazy\" decoding=\"async\" width=\"720\" height=\"540\" data-id=\"11119\" src=\"https:\/\/www.agriculture-machine.com\/wp-content\/uploads\/2021\/08\/4-2.jpg\" alt=\"Die Keimlingsmaschine kann je nach Bedarf manuell oder vollautomatisch betrieben werden, erm\u00f6glicht pr\u00e4zises S\u00e4en und ist f\u00fcr verschiedene Kulturen und gro\u00df angelegte Produktion geeignet.\" class=\"wp-image-11119\" srcset=\"https:\/\/www.agriculture-machine.com\/wp-content\/uploads\/2021\/08\/4-2.jpg 720w, https:\/\/www.agriculture-machine.com\/wp-content\/uploads\/2021\/08\/4-2-360x270.jpg 360w, https:\/\/www.agriculture-machine.com\/wp-content\/uploads\/2021\/08\/4-2-240x180.jpg 240w\" sizes=\"auto, (max-width: 720px) 100vw, 720px\" \/><\/a><figcaption class=\"wp-element-caption\">YMSCX-750<\/figcaption><\/figure> <\/figure>    <h4 class=\"wp-block-heading\">Arbeitsprozess der Keimlingss\u00e4maschine<\/h4>    <ol class=\"wp-block-list\"> <li>Keimlingskisten werden automatisch auf dem F\u00f6rderband transportiert<\/li>    <li>Bodenauftragung<\/li>    <li>Pr\u00e4zise Aussaat<\/li>    <li>Oberboden auftragen<\/li>    <li>Kompakte und vollst\u00e4ndige F\u00f6rdertechnik<\/li> <\/ol>    <h4 class=\"wp-block-heading\">Technische Parameter der YMSCX-750 Keimlingsmaschine<\/h4>    <figure class=\"wp-block-table is-style-stripes\"><table><tbody><tr><td>Modell<\/td><td>YMSCX-750YMSCX-750<em><\/em><\/td><\/tr><tr><td>Aussaat-Effizienz<\/td><td>750 Kisten\/Stunde<\/td><\/tr><tr><td>Aussaatmethode<\/td><td>Nadelabsaugung mit Luftsto\u00dffunktion<\/td><\/tr><tr><td>Electric\u00a0Power<\/td><td>Angewandte Saat<em><\/em><\/td><\/tr><tr><td>Sph\u00e4risch oder nicht-sph\u00e4risch 0,1-5mm (Oberfl\u00e4che ohne Unsch\u00e4rfe)<\/td><td>Aussagegenauigkeit<em><\/em><\/td><\/tr><tr><td>Sph\u00e4risch \u226595%; Nicht-sph\u00e4risch \u226590%<\/td><td>Au\u00dfenma\u00dfe 540*280mm \uff0832 \/ 50 \/ 72 \/ 105 \/ 128 \/ 200 \/ 288 Stecklinge)<em><\/em><\/td><\/tr><tr><td>Angewandte Kiste<\/td><td>Gr\u00f6\u00dfe \/ Gewicht<em><\/em><\/td><\/tr><tr><td>3350*890*1220mm \/ 500kg<\/td><td>Luftkompressor (optional)<em><\/em><\/td><\/tr><tr><td>\u2265 0,7MPa (f\u00fcr pneumatisches Zylindermanagement) <\/td><td>Andere<em><\/em><\/td><\/tr><tr><td>KIMPO Vakuumgebl\u00e4se \/ 250w Getriebe \u2026<\/td><td>Technische Daten der Keimlingsmaschine<em><\/em><\/td><\/tr><\/tbody><\/table><figcaption class=\"wp-element-caption\">Wie s\u00e4t man die Gem\u00fcsesamen in die Kiste?<\/figcaption><\/figure>    <h4 class=\"wp-block-heading\">Neuester Arbeitsvideo der Keimlingsmaschine<\/h4>    <figure class=\"wp-block-embed aligncenter is-type-video is-provider-youtube wp-block-embed-youtube wp-embed-aspect-16-9 wp-has-aspect-ratio\"><div class=\"wp-block-embed__wrapper\"> <iframe loading=\"lazy\" title=\"Gro\u00dfartig! Zambianische Kunden besuchen unsere Keimlingss\u00e4maschinen! automatische Kistens\u00e4maschine\" width=\"500\" height=\"281\" src=\"https:\/\/www.youtube.com\/embed\/evlRL2rkh8A?feature=oembed\" frameborder=\"0\" allow=\"accelerometer; autoplay; clipboard-write; encrypted-media; gyroscope; picture-in-picture; web-share\" referrerpolicy=\"strict-origin-when-cross-origin\" allowfullscreen><\/iframe> <\/div><figcaption class=\"wp-element-caption\">Newest nursery seedling machine&#8217;s working video<\/figcaption><\/figure>    <h2 class=\"wp-block-heading\">Unser Verkaufsleiter Winnie hat alle Fragen zum Keimlingskisten-Transplanter mit dem Kunden besprochen, einschlie\u00dflich Produktionskapazit\u00e4t, Saugnadeln, Samenarten, Spannung, Versandagenten und mehr. Dann sagte der Kunde, er w\u00fcrde in unsere Fabrik zur\u00fcckkehren.<\/h2>    <p class=\"translation-block\">Ein Kunde aus <a href=\"https:\/\/en.wikipedia.org\/wiki\/Zambia\" target=\"_blank\" rel=\"noopener\">Sambia<\/a> hat bei uns eine <strong><em><a href=\"https:\/\/www.agriculture-machine.com\/de\/tzy-79-nursery-seeding-machine\/\">automatische S\u00e4maschine<\/a><\/em><\/strong> gekauft. Der Kunde ist ein ausl\u00e4ndischer Maschinenh\u00e4ndler. Neben der Keimlingss\u00e4maschine hat der Kunde auch Schalen bei uns gekauft. <\/p>    <p>Hier ist ein Video vom Kundenbesuch im G\u00e4rtnerei- und Fabrikbereich. Abonnieren Sie gerne unseren YouTube-Kanal und fragen Sie nach unseren Keimlingsmaschinen! <\/p>    <p>Zambianischer Kunde besucht unsere Fabrik und Keimlingsmaschine<\/p>    <figure class=\"wp-block-embed aligncenter is-type-video is-provider-youtube wp-block-embed-youtube wp-embed-aspect-16-9 wp-has-aspect-ratio\"><div class=\"wp-block-embed__wrapper\"> <iframe loading=\"lazy\" title=\"Jordanischer Agrarwirtschaftskauf 78-2 Gem\u00fcsekisten-Keimlingss\u00e4maschinen\" width=\"500\" height=\"281\" src=\"https:\/\/www.youtube.com\/embed\/QHEQr4dqUUc?feature=oembed\" frameborder=\"0\" allow=\"accelerometer; autoplay; clipboard-write; encrypted-media; gyroscope; picture-in-picture; web-share\" referrerpolicy=\"strict-origin-when-cross-origin\" allowfullscreen><\/iframe> <\/div><figcaption class=\"wp-element-caption\">Fabrik und Lieferung<\/figcaption><\/figure>    <h2 class=\"wp-block-heading\">Unsere Fabrik ist stark und hat ausreichenden Lagerbestand. Unsere Arbeiter verf\u00fcgen \u00fcber reiche Erfahrung und legen gro\u00dfen Wert auf die Qualit\u00e4t der Produkte. Jedes Produkt wurde auf verschiedenen Ebenen gepr\u00fcft, und die Qualit\u00e4t wird streng kontrolliert. F\u00fcr die Lieferung verwenden wir Holzkisten f\u00fcr Verpackung und Versand.<\/h2>    <p>Fabrik <\/p>    <figure class=\"wp-block-gallery has-nested-images columns-2 is-cropped wp-block-gallery-5 is-layout-flex wp-block-gallery-is-layout-flex\"> <figure class=\"wp-block-image size-large\"><a href=\"https:\/\/www.agriculture-machine.com\/wp-content\/uploads\/2021\/08\/5-2.jpg\"><img loading=\"lazy\" decoding=\"async\" width=\"720\" height=\"540\" data-id=\"11120\" src=\"https:\/\/www.agriculture-machine.com\/wp-content\/uploads\/2021\/08\/5-2.jpg\" alt=\"Lager\" class=\"wp-image-11120\" srcset=\"https:\/\/www.agriculture-machine.com\/wp-content\/uploads\/2021\/08\/5-2.jpg 720w, https:\/\/www.agriculture-machine.com\/wp-content\/uploads\/2021\/08\/5-2-360x270.jpg 360w, https:\/\/www.agriculture-machine.com\/wp-content\/uploads\/2021\/08\/5-2-240x180.jpg 240w\" sizes=\"auto, (max-width: 720px) 100vw, 720px\" \/><\/a><figcaption class=\"wp-element-caption\">Lager<\/figcaption><\/figure>    <figure class=\"wp-block-image size-large\"><a href=\"https:\/\/www.agriculture-machine.com\/wp-content\/uploads\/2021\/08\/6-1.jpg\"><img loading=\"lazy\" decoding=\"async\" width=\"720\" height=\"540\" data-id=\"11121\" src=\"https:\/\/www.agriculture-machine.com\/wp-content\/uploads\/2021\/08\/6-1.jpg\" alt=\"Transportmodus\" class=\"wp-image-11121\" srcset=\"https:\/\/www.agriculture-machine.com\/wp-content\/uploads\/2021\/08\/6-1.jpg 720w, https:\/\/www.agriculture-machine.com\/wp-content\/uploads\/2021\/08\/6-1-360x270.jpg 360w, https:\/\/www.agriculture-machine.com\/wp-content\/uploads\/2021\/08\/6-1-240x180.jpg 240w\" sizes=\"auto, (max-width: 720px) 100vw, 720px\" \/><\/a><figcaption class=\"wp-element-caption\">Transportmodus<\/figcaption><\/figure>    <figure class=\"wp-block-image size-large\"><a href=\"https:\/\/www.agriculture-machine.com\/wp-content\/uploads\/2021\/08\/7-1.jpg\"><img loading=\"lazy\" decoding=\"async\" width=\"720\" height=\"540\" data-id=\"11122\" src=\"https:\/\/www.agriculture-machine.com\/wp-content\/uploads\/2021\/08\/7-1.jpg\" alt=\"Verpackung\" class=\"wp-image-11122\" srcset=\"https:\/\/www.agriculture-machine.com\/wp-content\/uploads\/2021\/08\/7-1.jpg 720w, https:\/\/www.agriculture-machine.com\/wp-content\/uploads\/2021\/08\/7-1-360x270.jpg 360w, https:\/\/www.agriculture-machine.com\/wp-content\/uploads\/2021\/08\/7-1-240x180.jpg 240w\" sizes=\"auto, (max-width: 720px) 100vw, 720px\" \/><\/a><figcaption class=\"wp-element-caption\">Verpackung<\/figcaption><\/figure>    <figure class=\"wp-block-image size-large\"><a href=\"https:\/\/www.agriculture-machine.com\/wp-content\/uploads\/2021\/08\/8-1.jpg\"><img loading=\"lazy\" decoding=\"async\" width=\"720\" height=\"540\" data-id=\"11123\" src=\"https:\/\/www.agriculture-machine.com\/wp-content\/uploads\/2021\/08\/8-1.jpg\" alt=\"Die Verpackung jedes Produkts ist \u00e4u\u00dferst sorgf\u00e4ltig, um sicherzustellen, dass das Produkt unversehrt beim Kunden ankommt. Wenn Sie an unseren Keimlingsmaschinen interessiert sind, k\u00f6nnen Sie Ihre Kontaktdaten hinterlassen, und unser Verkaufsberater wird sich innerhalb von 24 Stunden bei Ihnen melden.\" class=\"wp-image-11123\" srcset=\"https:\/\/www.agriculture-machine.com\/wp-content\/uploads\/2021\/08\/8-1.jpg 720w, https:\/\/www.agriculture-machine.com\/wp-content\/uploads\/2021\/08\/8-1-360x270.jpg 360w, https:\/\/www.agriculture-machine.com\/wp-content\/uploads\/2021\/08\/8-1-240x180.jpg 240w\" sizes=\"auto, (max-width: 720px) 100vw, 720px\" \/><\/a><figcaption class=\"wp-element-caption\">Die Verpackung jedes Produkts ist \u00e4u\u00dferst sorgf\u00e4ltig, um sicherzustellen, dass das Produkt unversehrt beim Kunden ankommt. Wenn Sie an unseren Keimlingsmaschinen interessiert sind, k\u00f6nnen Sie Ihre Kontaktdaten hinterlassen, und unser Verkaufsberater wird sich innerhalb von 24 Stunden bei Ihnen melden.<\/figcaption><\/figure> <\/figure>    <p>Vorteile der Keimlingsmaschine<\/p>","protected":false},"excerpt":{"rendered":"<p>Keimlingss\u00e4maschine Automatische Samen-S\u00e4uger\u00e4te<\/p>","protected":false},"author":1,"featured_media":14624,"parent":0,"comment_status":"closed","ping_status":"closed","template":"","tags":[2598],"product-type":[915],"class_list":["post-11111","product","type-product","status-publish","has-post-thumbnail","hentry","tag-seedling","product-type-nursery-seedlings-machine"],"_links":{"self":[{"href":"https:\/\/www.agriculture-machine.com\/de\/wp-json\/wp\/v2\/product\/11111","targetHints":{"allow":["GET"]}}],"collection":[{"href":"https:\/\/www.agriculture-machine.com\/de\/wp-json\/wp\/v2\/product"}],"about":[{"href":"https:\/\/www.agriculture-machine.com\/de\/wp-json\/wp\/v2\/types\/product"}],"author":[{"embeddable":true,"href":"https:\/\/www.agriculture-machine.com\/de\/wp-json\/wp\/v2\/users\/1"}],"replies":[{"embeddable":true,"href":"https:\/\/www.agriculture-machine.com\/de\/wp-json\/wp\/v2\/comments?post=11111"}],"wp:featuredmedia":[{"embeddable":true,"href":"https:\/\/www.agriculture-machine.com\/de\/wp-json\/wp\/v2\/media\/14624"}],"wp:attachment":[{"href":"https:\/\/www.agriculture-machine.com\/de\/wp-json\/wp\/v2\/media?parent=11111"}],"wp:term":[{"taxonomy":"post_tag","embeddable":true,"href":"https:\/\/www.agriculture-machine.com\/de\/wp-json\/wp\/v2\/tags?post=11111"},{"taxonomy":"product-type","embeddable":true,"href":"https:\/\/www.agriculture-machine.com\/de\/wp-json\/wp\/v2\/product-type?post=11111"}],"curies":[{"name":"wp","href":"https:\/\/api.w.org\/{rel}","templated":true}]}}