{"id":1116,"date":"2018-10-19T09:18:57","date_gmt":"2018-10-19T01:18:57","guid":{"rendered":"https:\/\/www.agriculture-machine.com\/?p=1116"},"modified":"2024-09-23T11:12:25","modified_gmt":"2024-09-23T03:12:25","slug":"almond-kernel-separator-machine","status":"publish","type":"product","link":"https:\/\/www.agriculture-machine.com\/de\/almond-kernel-separator-machine\/","title":{"rendered":"Mandelkern-Trennmaschine"},"content":{"rendered":"<p>Die Mandelkern-Trennmaschine ist eine wesentliche Maschine f\u00fcr die Verwendung von Mandel- und Walnuss-Knackmaschinen. Wenn die Mandeln zerkleinert werden, werden die Rohmaterialien zusammen mit der zerdr\u00fcckten Schale und dem Kern in eine Maschine gegeben, um die Aprikosenh\u00fclle von den Mandeln zu trennen.<\/p> <p>Die Mandelmaschine besteht aus Bauteilen wie dem F\u00fctterungseinlass, dem Sch\u00fcttelsieb, dem Ventilator, dem Geh\u00e4userahmen und anderen Teilen. Wir verwenden Gummilager, die langlebiger, stabiler und sto\u00dfd\u00e4mpfender sind.<\/p> <p><img decoding=\"async\" style=\"width: 345px; margin-right: 10px; float: left;\" src=\"https:\/\/www.agriculture-machine.com\/wp-content\/uploads\/2018\/10\/almond-kernel-separator-machine-1.jpg\" \/><img decoding=\"async\" style=\"width: 345px;\" src=\"https:\/\/www.agriculture-machine.com\/wp-content\/uploads\/2018\/10\/almond-kernel-separator-machine-3.jpg\" \/><\/p> <p>Die Mandelmaschine nutzt den Unterschied in der spezifischen Dichte und der Suspension zwischen Schale und Kern und f\u00f6rdert die Trennung der Schalen mittels eines Gasstroms, der durch den Spalt der Partikel nach oben str\u00f6mt. Einfach zu bedienen; geringen Platzbedarf und einfache Montage der Produktionslinie.<\/p> <p>Im Allgemeinen ist die Mandelkern-Trennmaschine eine gute Hilfe f\u00fcr Landwirte zur Verarbeitung von Mandeln und Waln\u00fcssen.<\/p> <p class=\"translation-block\"><span style=\"font-size: 32px; color: red;\"><strong>Technical parameter <\/strong><\/span><br \/> <img decoding=\"async\" style=\"width: 345px; margin-right: 10px; float: left;\" src=\"https:\/\/www.agriculture-machine.com\/wp-content\/uploads\/2018\/10\/almond-kernel-separator-machine-5.jpg\" \/><img decoding=\"async\" style=\"width: 345px;\" src=\"https:\/\/www.agriculture-machine.com\/wp-content\/uploads\/2018\/10\/almond-kernel-separator-machine-6.jpg\" \/><\/p> <div class=\"table-responsive\"> <table class=\"table\" border=\"1\"> <tbody> <tr> <td width=\"259\"><strong><b>Modell<\/b><\/strong><\/td> <td width=\"362\"><strong><b>XF-500<\/b><\/strong><\/td> <\/tr> <tr> <td width=\"259\">Leistung<\/td> <td width=\"362\">3 kW<\/td> <\/tr> <tr> <td width=\"259\">Ausgabe des Kernels<\/td> <td width=\"362\">200-400 kg \/ h<\/td> <\/tr> <tr> <td width=\"259\">Gewicht<\/td> <td width=\"362\">200 kg<\/td> <\/tr> <tr> <td width=\"259\">Abmessungen<\/td> <td width=\"362\">2540*900*1500 mm<\/td> <\/tr> <\/tbody> <\/table> <\/div>","protected":false},"excerpt":{"rendered":"<p>The almond kernel separator machine\u00a0is an essential machine for the use of almond and walnut cracked machine . When the almonds are pulverized, the raw materials mixed with the crushed shell and the kernel are placed in a machine to separate the apricot shell from the almonds. The almond machine\u00a0consists of such parts as the [&hellip;]<\/p>\n","protected":false},"author":1,"featured_media":1120,"parent":0,"comment_status":"closed","ping_status":"closed","template":"","tags":[2628],"product-type":[918,1],"class_list":["post-1116","product","type-product","status-publish","has-post-thumbnail","hentry","tag-almond","product-type-almond-cracker-and-separator","product-type-other"],"_links":{"self":[{"href":"https:\/\/www.agriculture-machine.com\/de\/wp-json\/wp\/v2\/product\/1116","targetHints":{"allow":["GET"]}}],"collection":[{"href":"https:\/\/www.agriculture-machine.com\/de\/wp-json\/wp\/v2\/product"}],"about":[{"href":"https:\/\/www.agriculture-machine.com\/de\/wp-json\/wp\/v2\/types\/product"}],"author":[{"embeddable":true,"href":"https:\/\/www.agriculture-machine.com\/de\/wp-json\/wp\/v2\/users\/1"}],"replies":[{"embeddable":true,"href":"https:\/\/www.agriculture-machine.com\/de\/wp-json\/wp\/v2\/comments?post=1116"}],"wp:featuredmedia":[{"embeddable":true,"href":"https:\/\/www.agriculture-machine.com\/de\/wp-json\/wp\/v2\/media\/1120"}],"wp:attachment":[{"href":"https:\/\/www.agriculture-machine.com\/de\/wp-json\/wp\/v2\/media?parent=1116"}],"wp:term":[{"taxonomy":"post_tag","embeddable":true,"href":"https:\/\/www.agriculture-machine.com\/de\/wp-json\/wp\/v2\/tags?post=1116"},{"taxonomy":"product-type","embeddable":true,"href":"https:\/\/www.agriculture-machine.com\/de\/wp-json\/wp\/v2\/product-type?post=1116"}],"curies":[{"name":"wp","href":"https:\/\/api.w.org\/{rel}","templated":true}]}}