{"id":11169,"date":"2021-09-11T15:39:47","date_gmt":"2021-09-11T07:39:47","guid":{"rendered":"https:\/\/www.agriculture-machine.com\/?p=11169"},"modified":"2025-10-14T17:31:48","modified_gmt":"2025-10-14T09:31:48","slug":"horizontal-tmr-feed-mixer-for-sale-forage-mixer-mash-mixer","status":"publish","type":"product","link":"https:\/\/www.agriculture-machine.com\/de\/horizontal-tmr-feed-mixer-for-sale-forage-mixer-mash-mixer\/","title":{"rendered":"Horizontaler TMR-Futtermischer zum Verkauf | Mash-Futtermischmaschine"},"content":{"rendered":"<p>Der horizontale TMR-Futtermischer ist ein Mischger\u00e4t, das speziell f\u00fcr moderne Ranches und Futterwerke entwickelt wurde und drei Hauptfunktionen integriert: Mahlen, R\u00fchren und Vermengen. <\/p>    <p>Er kann 3 bis 10 Tonnen Silage und Grobfutter pro Stunde verarbeiten, w\u00e4hrend er gleichzeitig Grobfutter, Konzentrate und verschiedene N\u00e4hrstoffzus\u00e4tze (wie Mineralien und Vitamine) mischt, um wissenschaftlich ausgewogene Total-Mixed-Rationen zu erreichen. <\/p>    <p>Mit einem Doppelspiral-Schneid- und Mischsystem erreicht es eine Mischungsuniformit\u00e4t von \u00fcber 95 %, erh\u00f6ht die Futteraufnahme von Rindern und Schafen um 20 % und senkt die Futterkosten um 15 %. Dies macht es zu einer idealen L\u00f6sung zur Steigerung der Rentabilit\u00e4t in modernen Viehzuchtbetrieben.<\/p>    <figure class=\"wp-block-embed aligncenter is-type-video is-provider-youtube wp-block-embed-youtube wp-embed-aspect-16-9 wp-has-aspect-ratio\"><div class=\"wp-block-embed__wrapper\"> <iframe loading=\"lazy\" title=\"Silage-Mischer: Zeit sparen und den N\u00e4hrwert Ihres Viehfutters maximieren!\" width=\"500\" height=\"281\" src=\"https:\/\/www.youtube.com\/embed\/gefgc3TXZ3Y?feature=oembed\" frameborder=\"0\" allow=\"accelerometer; autoplay; clipboard-write; encrypted-media; gyroscope; picture-in-picture; web-share\" referrerpolicy=\"strict-origin-when-cross-origin\" allowfullscreen><\/iframe> <\/div><figcaption class=\"wp-element-caption\">Arbeitsvideo des Silage-Futtermischers<\/figcaption><\/figure>    <h2 class=\"wp-block-heading\">Vorteile des horizontalen Futtermischers<\/h2>    <ul class=\"wp-block-list\"> <li>Hochfestes, langlebiges Geh\u00e4use: verf\u00fcgt \u00fcber hochlegierte Stahl-Schneidklingen, die verschlei\u00df- und sto\u00dffest sind, was eine stabile Struktur, reibungslosen Betrieb und eine verl\u00e4ngerte Lebensdauer gew\u00e4hrleistet.<\/li>    <li>Hochleistungs-Doppelgeschwindigkeitsantriebssystem: Unabh\u00e4ngige Doppelgeschwindigkeits\u00fcbertragung f\u00fcr Schneiden und Mischen steigert die Effizienz um 40 %, reduziert Arbeits- und Zeitkosten erheblich.<\/li>    <li>Intelligente Pr\u00e4zisionsmischung: automatisches Zuf\u00fchren und optimiertes Entladesystem erreichen \u226595 % Mischungsuniformit\u00e4t, was eine pr\u00e4zise und gleichm\u00e4\u00dfige Futterzusammensetzung gew\u00e4hrleistet.<\/li>    <li>Einfache Wartung, niedrige Kosten: Modulares Design f\u00fcr einfache Demontage und Inspektion; duales hydraulisches und mechanisches Antriebssystem minimiert Ausfallraten und verk\u00fcrzt Wartungszyklen um 30 %.<\/li>    <li>Breite Anwendbarkeit: verarbeitet verschiedene grobe Futtermittel wie Maisst\u00e4ngel, Weidegras und Silage, w\u00e4hrend es Additive direkt integriert, ohne die Faserstruktur zu besch\u00e4digen.<\/li>    <li>Flexible Anpassung: Passen Sie Kapazit\u00e4t, Zuf\u00fchrmethoden, Entladeeinrichtungen und Energiequellen (Elektromotor oder Dieselmotor) an die Betriebsgr\u00f6\u00dfe und Bed\u00fcrfnisse der Ranch an.<\/li> <\/ul>    <figure class=\"wp-block-gallery has-nested-images columns-default is-cropped wp-block-gallery-2 is-layout-flex wp-block-gallery-is-layout-flex\"> <figure class=\"wp-block-image size-large\"><a href=\"https:\/\/www.agriculture-machine.com\/wp-content\/uploads\/2021\/08\/Customer-specific.jpg\"><img loading=\"lazy\" decoding=\"async\" width=\"720\" height=\"540\" data-id=\"11178\" src=\"https:\/\/www.agriculture-machine.com\/wp-content\/uploads\/2021\/08\/Customer-specific.jpg\" alt=\"Kundenspezifisch\" class=\"wp-image-11178\" srcset=\"https:\/\/www.agriculture-machine.com\/wp-content\/uploads\/2021\/08\/Customer-specific.jpg 720w, https:\/\/www.agriculture-machine.com\/wp-content\/uploads\/2021\/08\/Customer-specific-360x270.jpg 360w, https:\/\/www.agriculture-machine.com\/wp-content\/uploads\/2021\/08\/Customer-specific-240x180.jpg 240w\" sizes=\"auto, (max-width: 720px) 100vw, 720px\" \/><\/a><figcaption class=\"wp-element-caption\">Kundenspezifisch<\/figcaption><\/figure>    <figure class=\"wp-block-image size-large\"><a href=\"https:\/\/www.agriculture-machine.com\/wp-content\/uploads\/2021\/08\/Customer-specific-2.jpg\"><img loading=\"lazy\" decoding=\"async\" width=\"720\" height=\"540\" data-id=\"11179\" src=\"https:\/\/www.agriculture-machine.com\/wp-content\/uploads\/2021\/08\/Customer-specific-2.jpg\" alt=\"Kundenspezifisch\" class=\"wp-image-11179\" srcset=\"https:\/\/www.agriculture-machine.com\/wp-content\/uploads\/2021\/08\/Customer-specific-2.jpg 720w, https:\/\/www.agriculture-machine.com\/wp-content\/uploads\/2021\/08\/Customer-specific-2-360x270.jpg 360w, https:\/\/www.agriculture-machine.com\/wp-content\/uploads\/2021\/08\/Customer-specific-2-240x180.jpg 240w\" sizes=\"auto, (max-width: 720px) 100vw, 720px\" \/><\/a><figcaption class=\"wp-element-caption\">Kundenspezifisch<\/figcaption><\/figure> <\/figure>    <h2 class=\"wp-block-heading\" id=\"h-structure-of-tmr-feed-mixer\">Struktur des TMR-Futtermischers<\/h2>    <p>Der Futtermischer besteht aus mehreren Teilen. Weitere Informationen finden Sie im untenstehenden Bild.<\/p>    <figure class=\"wp-block-gallery has-nested-images columns-default is-cropped wp-block-gallery-3 is-layout-flex wp-block-gallery-is-layout-flex\"> <figure class=\"wp-block-image aligncenter size-large\"><a href=\"https:\/\/www.agriculture-machine.com\/wp-content\/uploads\/2021\/08\/structure.png\"><img loading=\"lazy\" decoding=\"async\" width=\"720\" height=\"540\" data-id=\"11175\" src=\"https:\/\/www.agriculture-machine.com\/wp-content\/uploads\/2021\/08\/structure.png\" alt=\"Struktur\" class=\"wp-image-11175\" srcset=\"https:\/\/www.agriculture-machine.com\/wp-content\/uploads\/2021\/08\/structure.png 720w, https:\/\/www.agriculture-machine.com\/wp-content\/uploads\/2021\/08\/structure-360x270.png 360w, https:\/\/www.agriculture-machine.com\/wp-content\/uploads\/2021\/08\/structure-240x180.png 240w\" sizes=\"auto, (max-width: 720px) 100vw, 720px\" \/><\/a><figcaption class=\"wp-element-caption\">Struktur<\/figcaption><\/figure> <\/figure>    <h3 class=\"wp-block-heading\">Internes System<\/h3>    <p>Das interne System des horizontalen Futtermischers besteht haupts\u00e4chlich aus drei Schnecken: einer Hauptschnecke und zwei Hilfsschnecken, die dar\u00fcber angeordnet sind.<\/p>    <p class=\"translation-block\">Nach dem Zerkleinern der Maisst\u00e4ngel mit einer <a href=\"https:\/\/www.agriculture-machine.com\/de\/corn-stalk-reaping-machinecorn-stalk-reapermaize-straw-reaper\/\">Maisst\u00e4ngel-Erntemaschine<\/a> k\u00f6nnen Sie sie in den horizontalen Futtermischer einspeisen. Im Inneren rotieren und r\u00fchren die Materialien von beiden Enden in Richtung Mitte. <\/p>    <p>Die Klingen schneiden und vermengen dann die verschiedenen faserigen Futtermittel und Stroh, w\u00e4hrend sie sich bewegen. Dieser Prozess hilft, die Total-Mixed-Ration effektiv zu pulverisieren und zu vermengen.<\/p>    <figure class=\"wp-block-gallery has-nested-images columns-default is-cropped wp-block-gallery-4 is-layout-flex wp-block-gallery-is-layout-flex\"> <figure class=\"wp-block-image size-large\"><a href=\"https:\/\/www.agriculture-machine.com\/wp-content\/uploads\/2021\/08\/Internal-system.jpg\"><img loading=\"lazy\" decoding=\"async\" width=\"720\" height=\"540\" data-id=\"11173\" src=\"https:\/\/www.agriculture-machine.com\/wp-content\/uploads\/2021\/08\/Internal-system.jpg\" alt=\"Internes System\" class=\"wp-image-11173\" srcset=\"https:\/\/www.agriculture-machine.com\/wp-content\/uploads\/2021\/08\/Internal-system.jpg 720w, https:\/\/www.agriculture-machine.com\/wp-content\/uploads\/2021\/08\/Internal-system-360x270.jpg 360w, https:\/\/www.agriculture-machine.com\/wp-content\/uploads\/2021\/08\/Internal-system-240x180.jpg 240w\" sizes=\"auto, (max-width: 720px) 100vw, 720px\" \/><\/a><figcaption class=\"wp-element-caption\">Internes System<\/figcaption><\/figure>    <figure class=\"wp-block-image size-large\"><a href=\"https:\/\/www.agriculture-machine.com\/wp-content\/uploads\/2021\/08\/three-augers.jpg\"><img loading=\"lazy\" decoding=\"async\" width=\"720\" height=\"540\" data-id=\"11174\" src=\"https:\/\/www.agriculture-machine.com\/wp-content\/uploads\/2021\/08\/three-augers.jpg\" alt=\"drei Schnecken\" class=\"wp-image-11174\" srcset=\"https:\/\/www.agriculture-machine.com\/wp-content\/uploads\/2021\/08\/three-augers.jpg 720w, https:\/\/www.agriculture-machine.com\/wp-content\/uploads\/2021\/08\/three-augers-360x270.jpg 360w, https:\/\/www.agriculture-machine.com\/wp-content\/uploads\/2021\/08\/three-augers-240x180.jpg 240w\" sizes=\"auto, (max-width: 720px) 100vw, 720px\" \/><\/a><figcaption class=\"wp-element-caption\">drei Schnecken<\/figcaption><\/figure> <\/figure>    <h3 class=\"wp-block-heading\">Entladesystem<\/h3>    <p>Das Steuerungssystem f\u00fcr das Entladetor umfasst einen Hydraulikzylinder, eine feste Unterst\u00fctzung, eine Verbindungsst\u00fctze und eine schiebbare Entladeklappe. <\/p>    <p>The sliding baffle for discharging is mounted on the reciprocating shaft of the hydraulic oil cylinder, allowing it to either open for discharge or close to acting as a stopper. The outlet can be positioned on either the left or right side based on the user&#8217;s requirements.<\/p>    <figure class=\"wp-block-gallery has-nested-images columns-default is-cropped wp-block-gallery-5 is-layout-flex wp-block-gallery-is-layout-flex\"> <figure class=\"wp-block-image size-large\"><a href=\"https:\/\/www.agriculture-machine.com\/wp-content\/uploads\/2021\/08\/Outlet.jpg\"><img loading=\"lazy\" decoding=\"async\" width=\"720\" height=\"540\" data-id=\"11180\" src=\"https:\/\/www.agriculture-machine.com\/wp-content\/uploads\/2021\/08\/Outlet.jpg\" alt=\"Auslass\" class=\"wp-image-11180\" srcset=\"https:\/\/www.agriculture-machine.com\/wp-content\/uploads\/2021\/08\/Outlet.jpg 720w, https:\/\/www.agriculture-machine.com\/wp-content\/uploads\/2021\/08\/Outlet-360x270.jpg 360w, https:\/\/www.agriculture-machine.com\/wp-content\/uploads\/2021\/08\/Outlet-240x180.jpg 240w\" sizes=\"auto, (max-width: 720px) 100vw, 720px\" \/><\/a><figcaption class=\"wp-element-caption\">Auslass<\/figcaption><\/figure>    <figure class=\"wp-block-image size-large\"><a href=\"https:\/\/www.agriculture-machine.com\/wp-content\/uploads\/2021\/08\/Outlet-2.jpg\"><img loading=\"lazy\" decoding=\"async\" width=\"720\" height=\"540\" data-id=\"11181\" src=\"https:\/\/www.agriculture-machine.com\/wp-content\/uploads\/2021\/08\/Outlet-2.jpg\" alt=\"Auslass\" class=\"wp-image-11181\" srcset=\"https:\/\/www.agriculture-machine.com\/wp-content\/uploads\/2021\/08\/Outlet-2.jpg 720w, https:\/\/www.agriculture-machine.com\/wp-content\/uploads\/2021\/08\/Outlet-2-360x270.jpg 360w, https:\/\/www.agriculture-machine.com\/wp-content\/uploads\/2021\/08\/Outlet-2-240x180.jpg 240w\" sizes=\"auto, (max-width: 720px) 100vw, 720px\" \/><\/a><figcaption class=\"wp-element-caption\">Auslass<\/figcaption><\/figure> <\/figure>    <h3 class=\"wp-block-heading\">Futterzusatzsystem<\/h3>    <p>Die Maschine verf\u00fcgt \u00fcber einen fortschrittlichen Graszuf\u00fchrmechanismus sowie eine einzigartige Graszuf\u00fchrwalze. Sie bietet automatische Zuf\u00fchrung, sorgt f\u00fcr reibungsloses Grasf\u00fcttern und weist eine hohe Produktionseffizienz auf.<\/p>    <h3 class=\"wp-block-heading\">Wieg- und Messsystem<\/h3>    <p>Das System besteht aus vier Br\u00fcckenlastsensoren sowie einem Lastanzeige-Controller. Es arbeitet mit einer 220V Stromquelle, die Signale an die W\u00e4geanzeige \u00fcber einen vieradrigen Br\u00fcckenw\u00e4gesensor \u00fcbertr\u00e4gt. <\/p>    <p>Das prim\u00e4re Ziel ist es, Bruttogewicht, Nettogewicht, Spitzenwert und Nettogewicht anzuzeigen. Das Wiege- und Messsystem ist au\u00dferdem mit einer \u00dcberlastalarmfunktion ausgestattet.<\/p>    <h2 class=\"wp-block-heading\">Funktionsprinzip des Silage-Mischers<\/h2>    <ol class=\"wp-block-list\"> <li>W\u00e4hrend des Betriebs werden Maisst\u00e4ngel, Silage, Konzentrate und Zus\u00e4tze in die Trichter in bestimmten Verh\u00e4ltnissen eingespeist.<\/li>    <li>Die Ausr\u00fcstung greift automatisch die Rohstoffe durch die Zuf\u00fchrung und lockert sie. Im Inneren zerkleinert eine hochgeschwindigkeitsrotierende Spiralwellenklinge grobe Fasern, kontrolliert die Materiall\u00e4nge auf \u22645cm, um eine gleichm\u00e4\u00dfige Vermischung zu erleichtern.<\/li>    <li>Anschlie\u00dfend drehen sich spiralartige Mischklingen abwechselnd vorw\u00e4rts und r\u00fcckw\u00e4rts, um das Material zu komprimieren, zu schneiden und zu wenden, wodurch eine gr\u00fcndliche Penetration und Integration von Feuchtigkeit und N\u00e4hrstoffen gew\u00e4hrleistet wird.<\/li>    <li>Nach Abschluss des Mischvorgangs entl\u00e4dt das hydraulische System oder das elektrisch gesteuerte Entladetor das fertige Futter schnell. Dieses Produkt ist sofort einsatzbereit oder kann gelagert werden, was einen hoch effizienten Dauerbetrieb erm\u00f6glicht.<\/li> <\/ol>    <figure class=\"wp-block-embed aligncenter is-type-video is-provider-youtube wp-block-embed-youtube wp-embed-aspect-16-9 wp-has-aspect-ratio\"><div class=\"wp-block-embed__wrapper\"> <iframe loading=\"lazy\" title=\"Horizontaler Futtermischer|Arbeitsvideo des horizontalen Futtermischers f\u00fcr Heim- oder Landwirtschaft\" width=\"500\" height=\"281\" src=\"https:\/\/www.youtube.com\/embed\/uB7qDZ2-q9o?feature=oembed\" frameborder=\"0\" allow=\"accelerometer; autoplay; clipboard-write; encrypted-media; gyroscope; picture-in-picture; web-share\" referrerpolicy=\"strict-origin-when-cross-origin\" allowfullscreen><\/iframe> <\/div><figcaption class=\"wp-element-caption\">Arbeitsvideo des Silage-Futtermischers<\/figcaption><\/figure>    <h2 class=\"wp-block-heading\">Parameter des Silage-Futtermischers<\/h2>    <p>Wir bieten drei Arten von Futtermischern an. Detaillierte Informationen finden Sie im untenstehenden Blatt.<\/p>    <figure class=\"wp-block-table is-style-stripes\"><table><tbody><tr><td>Modell<\/td><td>\/<\/td><td>TMR-5<\/td><td>TMR-9<\/td><td>TMR-12<\/td><\/tr><tr><td>Abmessung<\/td><td>mm<\/td><td>3930*1850*2260<\/td><td>4820*2130*2480<\/td><td>5.6*2.4*2.5<\/td><\/tr><tr><td>Gewicht<\/td><td>kg<\/td><td>1600<\/td><td>3300<\/td><td>4500<\/td><\/tr><tr><td>Drehzahl des Schneckenf\u00f6rderers<\/td><td>U\/min<\/td><td>23.5<\/td><td>23.5<\/td><td>23.5<\/td><\/tr><tr><td>Volumen der Mischkammer<\/td><td>Kubikmeter<\/td><td>5<\/td><td>9<\/td><td>12<\/td><\/tr><tr><td>Strukturtyp<\/td><td>\/<\/td><td>fest<\/td><td>fest<\/td><td>mobil<\/td><\/tr><tr><td>Unterst\u00fctzender Leistungsbereich<\/td><td>kw<\/td><td>11\u201415<\/td><td>22\u201430<\/td><td>50-75<\/td><\/tr><tr><td>Unterst\u00fctzungsleistungsform<\/td><td>\/<\/td><td>Elektromotor<\/td><td>Elektromotor<\/td><td>Elektromotor<\/td><\/tr><\/tbody><\/table><figcaption class=\"wp-element-caption\">Silage-Futtermischer technische Daten<\/figcaption><\/figure>    <p class=\"translation-block\">Zusammenfassend dient unser <a href=\"https:\/\/en.wikipedia.org\/wiki\/Silage\" target=\"_blank\" rel=\"noopener\">Silage<\/a>-Mischer als wertvolles Werkzeug zur Verbesserung der Futterqualit\u00e4t, Reduzierung der Landwirtschaftskosten und Unterst\u00fctzung eines gesunden Tierwachstums. Egal, ob Sie einen gro\u00dfen Bauernhof oder einen kleinen Familienbetrieb f\u00fchren, z\u00f6gern Sie nicht, uns zu kontaktieren. Gemeinsam finden wir die passende L\u00f6sung f\u00fcr Ihre Ger\u00e4tebed\u00fcrfnisse.<\/p>","protected":false},"excerpt":{"rendered":"<p>Der horizontale Futtermischer kombiniert die Funktionen Zerkleinern, Mischen und Vermengen in einer Maschine. Er kann effizient 3-10 Tonnen Silagematerial pro Stunde mit einer Mischungsuniformit\u00e4t von bis zu 95 % verarbeiten.<\/p>","protected":false},"author":1,"featured_media":11175,"parent":0,"comment_status":"closed","ping_status":"closed","template":"","tags":[2630,591],"product-type":[1],"class_list":["post-11169","product","type-product","status-publish","has-post-thumbnail","hentry","tag-feed","tag-silage","product-type-other"],"_links":{"self":[{"href":"https:\/\/www.agriculture-machine.com\/de\/wp-json\/wp\/v2\/product\/11169","targetHints":{"allow":["GET"]}}],"collection":[{"href":"https:\/\/www.agriculture-machine.com\/de\/wp-json\/wp\/v2\/product"}],"about":[{"href":"https:\/\/www.agriculture-machine.com\/de\/wp-json\/wp\/v2\/types\/product"}],"author":[{"embeddable":true,"href":"https:\/\/www.agriculture-machine.com\/de\/wp-json\/wp\/v2\/users\/1"}],"replies":[{"embeddable":true,"href":"https:\/\/www.agriculture-machine.com\/de\/wp-json\/wp\/v2\/comments?post=11169"}],"wp:featuredmedia":[{"embeddable":true,"href":"https:\/\/www.agriculture-machine.com\/de\/wp-json\/wp\/v2\/media\/11175"}],"wp:attachment":[{"href":"https:\/\/www.agriculture-machine.com\/de\/wp-json\/wp\/v2\/media?parent=11169"}],"wp:term":[{"taxonomy":"post_tag","embeddable":true,"href":"https:\/\/www.agriculture-machine.com\/de\/wp-json\/wp\/v2\/tags?post=11169"},{"taxonomy":"product-type","embeddable":true,"href":"https:\/\/www.agriculture-machine.com\/de\/wp-json\/wp\/v2\/product-type?post=11169"}],"curies":[{"name":"wp","href":"https:\/\/api.w.org\/{rel}","templated":true}]}}