{"id":11221,"date":"2021-08-30T14:37:38","date_gmt":"2021-08-30T06:37:38","guid":{"rendered":"https:\/\/www.agriculture-machine.com\/?p=11221"},"modified":"2024-09-23T11:24:20","modified_gmt":"2024-09-23T03:24:20","slug":"grain-winnower-machine-seed-winnowerseed-winnowing-machine","status":"publish","type":"product","link":"https:\/\/www.agriculture-machine.com\/de\/grain-winnower-machine-seed-winnowerseed-winnowing-machine\/","title":{"rendered":"Getreideentstauber | Saatgut-Entstauber | Saatgut-Entstaubungsmaschine"},"content":{"rendered":"<p>Yangchang, ein chinesisches Wort, wird als die Verwendung von Holzschaufeln und anderen landwirtschaftlichen Werkzeugen zum Verstreuen von Getreide, Bohnen usw. interpretiert, wobei der Wind zum Entfernen von Schalen, Bl\u00e4ttern und Staub genutzt wird. Die derzeit in der Anbauszene verwendete Maschine wird als Getreideentstauber bezeichnet.<\/p>    <figure class=\"wp-block-gallery columns-2 is-cropped wp-block-gallery-2 is-layout-flex wp-block-gallery-is-layout-flex\"><ul class=\"blocks-gallery-grid\"><li class=\"blocks-gallery-item\"><figure><img loading=\"lazy\" decoding=\"async\" width=\"720\" height=\"540\" src=\"https:\/\/www.agriculture-machine.com\/wp-content\/uploads\/2021\/08\/The-scene-of-raising-grains-to-remove-dust-by-wind.png\" alt=\"Szene des Getreideanbaus zum Entfernen von Staub durch Wind\" data-id=\"11235\" data-full-url=\"https:\/\/www.agriculture-machine.com\/wp-content\/uploads\/2021\/08\/The-scene-of-raising-grains-to-remove-dust-by-wind.png\" data-link=\"https:\/\/www.agriculture-machine.com\/?attachment_id=11235\" class=\"wp-image-11235\" srcset=\"https:\/\/www.agriculture-machine.com\/wp-content\/uploads\/2021\/08\/The-scene-of-raising-grains-to-remove-dust-by-wind.png 720w, https:\/\/www.agriculture-machine.com\/wp-content\/uploads\/2021\/08\/The-scene-of-raising-grains-to-remove-dust-by-wind-360x270.png 360w, https:\/\/www.agriculture-machine.com\/wp-content\/uploads\/2021\/08\/The-scene-of-raising-grains-to-remove-dust-by-wind-240x180.png 240w\" sizes=\"auto, (max-width: 720px) 100vw, 720px\" \/><figcaption class=\"blocks-gallery-item__caption\">Szene des Getreideanbaus zum Entfernen von Staub durch Wind<\/figcaption><\/figure><\/li><li class=\"blocks-gallery-item\"><figure><img loading=\"lazy\" decoding=\"async\" width=\"720\" height=\"540\" src=\"https:\/\/www.agriculture-machine.com\/wp-content\/uploads\/2021\/08\/the-scene-of-YangChang.jpg\" alt=\"Szene von YangChang\" data-id=\"11234\" data-full-url=\"https:\/\/www.agriculture-machine.com\/wp-content\/uploads\/2021\/08\/the-scene-of-YangChang.jpg\" data-link=\"https:\/\/www.agriculture-machine.com\/?attachment_id=11234\" class=\"wp-image-11234\" srcset=\"https:\/\/www.agriculture-machine.com\/wp-content\/uploads\/2021\/08\/the-scene-of-YangChang.jpg 720w, https:\/\/www.agriculture-machine.com\/wp-content\/uploads\/2021\/08\/the-scene-of-YangChang-360x270.jpg 360w, https:\/\/www.agriculture-machine.com\/wp-content\/uploads\/2021\/08\/the-scene-of-YangChang-240x180.jpg 240w\" sizes=\"auto, (max-width: 720px) 100vw, 720px\" \/><figcaption class=\"blocks-gallery-item__caption\">Szene von YangChang<\/figcaption><\/figure><\/li><\/ul><\/figure>    <h2 class=\"wp-block-heading\" id=\"h-introduction-to-grain-winnower-machine\">Einf\u00fchrung in die Getreideentstauber-Maschine<\/h2>    <p>Die Getreideentstauber-Maschine ist eine Art Ger\u00e4t zur einfachen Reinigung von Getreide. Es kann leichte Verunreinigungen und gro\u00dfe Verunreinigungen im Getreide entfernen sowie das Getreide zur leichteren Lagerung sortieren und klassifizieren.<\/p>    <figure class=\"wp-block-gallery columns-2 is-cropped wp-block-gallery-3 is-layout-flex wp-block-gallery-is-layout-flex\"><ul class=\"blocks-gallery-grid\"><li class=\"blocks-gallery-item\"><figure><img loading=\"lazy\" decoding=\"async\" width=\"720\" height=\"540\" src=\"https:\/\/www.agriculture-machine.com\/wp-content\/uploads\/2021\/08\/Seed-winnowing-machine.jpg\" alt=\"Saatgut-Entstauber-Maschine\" data-id=\"11238\" data-full-url=\"https:\/\/www.agriculture-machine.com\/wp-content\/uploads\/2021\/08\/Seed-winnowing-machine.jpg\" data-link=\"https:\/\/www.agriculture-machine.com\/?attachment_id=11238\" class=\"wp-image-11238\" srcset=\"https:\/\/www.agriculture-machine.com\/wp-content\/uploads\/2021\/08\/Seed-winnowing-machine.jpg 720w, https:\/\/www.agriculture-machine.com\/wp-content\/uploads\/2021\/08\/Seed-winnowing-machine-360x270.jpg 360w, https:\/\/www.agriculture-machine.com\/wp-content\/uploads\/2021\/08\/Seed-winnowing-machine-240x180.jpg 240w\" sizes=\"auto, (max-width: 720px) 100vw, 720px\" \/><figcaption class=\"blocks-gallery-item__caption\">Saatgut-Entstauber-Maschine<\/figcaption><\/figure><\/li><li class=\"blocks-gallery-item\"><figure><img loading=\"lazy\" decoding=\"async\" width=\"720\" height=\"540\" src=\"https:\/\/www.agriculture-machine.com\/wp-content\/uploads\/2021\/08\/Seed-winnower.jpg\" alt=\"Saatgut-Entstauber\" data-id=\"11237\" data-full-url=\"https:\/\/www.agriculture-machine.com\/wp-content\/uploads\/2021\/08\/Seed-winnower.jpg\" data-link=\"https:\/\/www.agriculture-machine.com\/?attachment_id=11237\" class=\"wp-image-11237\" srcset=\"https:\/\/www.agriculture-machine.com\/wp-content\/uploads\/2021\/08\/Seed-winnower.jpg 720w, https:\/\/www.agriculture-machine.com\/wp-content\/uploads\/2021\/08\/Seed-winnower-360x270.jpg 360w, https:\/\/www.agriculture-machine.com\/wp-content\/uploads\/2021\/08\/Seed-winnower-240x180.jpg 240w\" sizes=\"auto, (max-width: 720px) 100vw, 720px\" \/><figcaption class=\"blocks-gallery-item__caption\">Saatgut-Entstauber<\/figcaption><\/figure><\/li><\/ul><\/figure>    <h2 class=\"wp-block-heading\">Funktion der Saatgut-Entstauber-Maschine<\/h2>    <p>The seed winnowing machine uses the principle of wind resistance to removing the bark, sand, etc. from the grain. What&#8217;s more, this grain winnower machine is a dual-purpose flashlight. And it is equipped with an adjustable speed switch to adjust the wind speed. Most importantly, it uses a high-quality motor and is durable. In addition, the machine can be used in manual mode when there is no electricity. You can use it to remove impurities from grains such as corn, wheat, rice, buckwheat, sorghum, soybeans, etc. Thus, it is widely used in individual farmers, small and medium-sized grain harvesters, granaries, etc. for gross grain cleaning and fine grain selection.<\/p>    <figure class=\"wp-block-gallery columns-1 is-cropped wp-block-gallery-4 is-layout-flex wp-block-gallery-is-layout-flex\"><ul class=\"blocks-gallery-grid\"><li class=\"blocks-gallery-item\"><figure><img loading=\"lazy\" decoding=\"async\" width=\"720\" height=\"540\" src=\"https:\/\/www.agriculture-machine.com\/wp-content\/uploads\/2021\/08\/application-of-grain-winnower-machine.jpg\" alt=\"Anwendung der Getreideentstauber-Maschine\" data-id=\"11236\" data-full-url=\"https:\/\/www.agriculture-machine.com\/wp-content\/uploads\/2021\/08\/application-of-grain-winnower-machine.jpg\" data-link=\"https:\/\/www.agriculture-machine.com\/?attachment_id=11236\" class=\"wp-image-11236\" srcset=\"https:\/\/www.agriculture-machine.com\/wp-content\/uploads\/2021\/08\/application-of-grain-winnower-machine.jpg 720w, https:\/\/www.agriculture-machine.com\/wp-content\/uploads\/2021\/08\/application-of-grain-winnower-machine-360x270.jpg 360w, https:\/\/www.agriculture-machine.com\/wp-content\/uploads\/2021\/08\/application-of-grain-winnower-machine-240x180.jpg 240w\" sizes=\"auto, (max-width: 720px) 100vw, 720px\" \/><figcaption class=\"blocks-gallery-item__caption\">Anwendung der Getreideentstauber-Maschine<\/figcaption><\/figure><\/li><\/ul><\/figure>    <h2 class=\"wp-block-heading\">Arbeitsprinzip der Saatgut-Entstauber-Maschine<\/h2>    <p>Unter Verwendung des Prinzips des Luftwiderstands, da die Luftwiderstandsfaktoren von Getreide, Rinde und Sand unterschiedlich sind. Beim Hochheben des Getreides f\u00e4llt die Rinde in die N\u00e4he, das Getreide in die Mitte, und der Sand f\u00e4llt in die Ferne.<br>Unter dem Antrieb von schnell rotierenden R\u00e4dern und Riemen wirft die Mischung aus Getreide, Kleie und einer kleinen Menge zerbrochener Steine aus. Da die Wurfgeschwindigkeit gleich ist, ist die kinetische Energie einer gro\u00dfen Masse gro\u00df, und die Entfernung, um den Luftwiderstand zu \u00fcberwinden, ist gro\u00df. Daher ist die Bewegungsdistanz mit einer kleinen Masse ebenfalls klein. So wird das Ziel der Trennung erreicht. In der N\u00e4he ist die Spreu. In der Mitte ist das Getreide. Und in der Ferne sind Kieselsteine, je schwerer der Stein, desto weiter wirft er aus.<\/p>    <h2 class=\"wp-block-heading\">Vorteile der Saatgut-Entstauber-Maschine<\/h2>    <p>Manuell und elektrisch dual verwendbar<br>Geringer Energieverbrauch<br>Zeit und Energie sparen<br>Einfache und bequeme Bedienung<br>Eine Saatgut-Entstauber-Maschine mit mehreren Funktionen kann eine Vielzahl von Getreidearten reinigen und klassifizieren.<\/p>    <h2 class=\"wp-block-heading\">Aufbau der Getreideentstauber-Maschine<\/h2>    <p>Der Hauptaufbau der Getreideentstauber-Maschine ist der Motor-Windm\u00fchlenrotor, Halterung, Trichter, Kanal, Schalter, Auslass, Einlass.<\/p>    <figure class=\"wp-block-gallery columns-1 is-cropped wp-block-gallery-5 is-layout-flex wp-block-gallery-is-layout-flex\"><ul class=\"blocks-gallery-grid\"><li class=\"blocks-gallery-item\"><figure><img loading=\"lazy\" decoding=\"async\" width=\"720\" height=\"540\" src=\"https:\/\/www.agriculture-machine.com\/wp-content\/uploads\/2021\/08\/structure-of-Seed-winnower.gif\" alt=\"Struktur der Saatgut-Entstauber-Maschine\" data-id=\"11231\" data-full-url=\"https:\/\/www.agriculture-machine.com\/wp-content\/uploads\/2021\/08\/structure-of-Seed-winnower.gif\" data-link=\"https:\/\/www.agriculture-machine.com\/?attachment_id=11231\" class=\"wp-image-11231\"\/><figcaption class=\"blocks-gallery-item__caption\">Struktur der Saatgut-Entstauber-Maschine<\/figcaption><\/figure><\/li><\/ul><\/figure>    <h2 class=\"wp-block-heading\">Notwendigkeit der Verwendung einer Saatgut-Entstauber-Maschine<\/h2>    <p>Der Einsatz intelligenter und automatisierter Betriebsverfahren wird ein unvermeidlicher Trend in der landwirtschaftlichen Entwicklung sein. Es wird auch eine effektive Methode sein, um in Zukunft effiziente und energiesparende landwirtschaftliche Maschinen zu entwickeln. Tats\u00e4chlich haben L\u00e4nder mit relativ entwickelter Landwirtschaft hochintensive automatisierte mechanische Operationen \u00fcbernommen. Dies verbessert nicht nur die Arbeitseffizienz, sondern reduziert auch die Betriebskosten. Gleichzeitig erh\u00f6ht es ihre absolute Wettbewerbsf\u00e4higkeit bei Menge und Preis landwirtschaftlicher Produkte auf dem internationalen Markt. Daher hat die Saatgut-Entstauber-Maschine gro\u00dfe Bedeutung f\u00fcr die Entwicklung der Landwirtschaft.<\/p>    <h2 class=\"wp-block-heading\">Arbeitsvideo<\/h2>    <figure class=\"wp-block-embed is-type-video is-provider-youtube wp-block-embed-youtube wp-embed-aspect-16-9 wp-has-aspect-ratio\"><div class=\"wp-block-embed__wrapper\"> <iframe loading=\"lazy\" title=\"Arbeitsvideo der Getreideentstauber-Maschine | Getreidesortiermaschine f\u00fcr Saatgutreinigung und -entstaubung\" width=\"500\" height=\"281\" src=\"https:\/\/www.youtube.com\/embed\/Vf-7DVgkHV8?feature=oembed\" frameborder=\"0\" allow=\"accelerometer; autoplay; clipboard-write; encrypted-media; gyroscope; picture-in-picture; web-share\" referrerpolicy=\"strict-origin-when-cross-origin\" allowfullscreen><\/iframe> <\/div><\/figure>    <h2 class=\"wp-block-heading\">Parameter<\/h2>    <figure class=\"wp-block-table\"><table><tbody><tr><td>Modell<\/td><td>TZYC-1<\/td><td>Ersatzteile <\/td><\/tr><tr><td>Leistung<\/td><td>1,5 kW <\/td><td>2 R\u00e4der, 2 Siebe<\/td><\/tr><tr><td>Kapazit\u00e4t<\/td><td>1500-2000kg\/h <\/td><td>2 R\u00e4der, 2 Siebe<\/td><\/tr><tr><td>Gewicht<\/td><td>18kg <\/td><td>2 R\u00e4der, 2 Siebe<\/td><\/tr><tr><td> Gr\u00f6\u00dfe <\/td><td>1100*<em>500<\/em>*1000mm<\/td><td>2 R\u00e4der, 2 Siebe<\/td><\/tr><\/tbody><\/table><\/figure>","protected":false},"excerpt":{"rendered":"<p>Yangchang, a Chinese word, is interpreted as the use of wooden shovels and other agricultural tools to spread grains, beans, etc., and use the wind to remove shells, leaves, and dust. Now, the machine currently used in the raising field is called a grain winnower machine. Introduction to grain winnower machine The grain winnower machine [&hellip;]<\/p>\n","protected":false},"author":1,"featured_media":11257,"parent":0,"comment_status":"closed","ping_status":"closed","template":"","tags":[487,486,2616],"product-type":[1],"class_list":["post-11221","product","type-product","status-publish","has-post-thumbnail","hentry","tag-grain","tag-seed","tag-winnower","product-type-other"],"_links":{"self":[{"href":"https:\/\/www.agriculture-machine.com\/de\/wp-json\/wp\/v2\/product\/11221","targetHints":{"allow":["GET"]}}],"collection":[{"href":"https:\/\/www.agriculture-machine.com\/de\/wp-json\/wp\/v2\/product"}],"about":[{"href":"https:\/\/www.agriculture-machine.com\/de\/wp-json\/wp\/v2\/types\/product"}],"author":[{"embeddable":true,"href":"https:\/\/www.agriculture-machine.com\/de\/wp-json\/wp\/v2\/users\/1"}],"replies":[{"embeddable":true,"href":"https:\/\/www.agriculture-machine.com\/de\/wp-json\/wp\/v2\/comments?post=11221"}],"wp:featuredmedia":[{"embeddable":true,"href":"https:\/\/www.agriculture-machine.com\/de\/wp-json\/wp\/v2\/media\/11257"}],"wp:attachment":[{"href":"https:\/\/www.agriculture-machine.com\/de\/wp-json\/wp\/v2\/media?parent=11221"}],"wp:term":[{"taxonomy":"post_tag","embeddable":true,"href":"https:\/\/www.agriculture-machine.com\/de\/wp-json\/wp\/v2\/tags?post=11221"},{"taxonomy":"product-type","embeddable":true,"href":"https:\/\/www.agriculture-machine.com\/de\/wp-json\/wp\/v2\/product-type?post=11221"}],"curies":[{"name":"wp","href":"https:\/\/api.w.org\/{rel}","templated":true}]}}