{"id":11227,"date":"2021-09-08T18:08:17","date_gmt":"2021-09-08T10:08:17","guid":{"rendered":"https:\/\/www.agriculture-machine.com\/?p=11227"},"modified":"2024-09-18T16:17:45","modified_gmt":"2024-09-18T08:17:45","slug":"wheat-planter-wheat-seeder-wheat-grain-drill-for-sale","status":"publish","type":"product","link":"https:\/\/www.agriculture-machine.com\/de\/wheat-planter-wheat-seeder-wheat-grain-drill-for-sale\/","title":{"rendered":"Weizenpflanzer | Weizens\u00e4maschine | Weizengrannd\u00fcnger zum Verkauf"},"content":{"rendered":"<p>Derzeit ist der Einsatz landwirtschaftlicher Maschinen relativ verbreitet, und die effiziente Anwendung des Weizenpflanzers im Prozess des Weizenanbaus kann die Arbeitsbelastung der Landwirte verringern und gleichzeitig die Arbeitszeit verk\u00fcrzen, wodurch die Arbeitseffizienz der Landwirte deutlich verbessert wird.<\/p>    <h2 class=\"wp-block-heading\">Einf\u00fchrung des Weizenpflanzers<\/h2>    <p>Der Weizens\u00e4maschine ist eine Art mechanische Ausr\u00fcstung, die Weizensamen durch ein Pflanzsystem in den Boden setzt. Derzeit werden Traktoren zum Anpflanzen der Weizenpflanzer verwendet, und die K\u00f6rnerdrille kann mit D\u00fcngemaschinen kombiniert werden. <\/p>    <p>The machine is suitable for fertilizing and planting wheat in plain and hilly areas. It has the characteristics of good general performance, a wide application range, and uniform seeding. Compared with traditional farming methods, the wheat planter can reduce the amount of seed input and ensure the uniformity of seeding. At the same time, the soil covering effect is relatively high. It can not only reduce the farmer&#8217;s planting input cost but also ensure the quality of wheat planting.<\/p>    <figure class=\"wp-block-gallery columns-2 is-cropped wp-block-gallery-2 is-layout-flex wp-block-gallery-is-layout-flex\"><ul class=\"blocks-gallery-grid\"><li class=\"blocks-gallery-item\"><figure><img loading=\"lazy\" decoding=\"async\" width=\"720\" height=\"540\" src=\"https:\/\/www.agriculture-machine.com\/wp-content\/uploads\/2021\/08\/4-4.jpg\" alt=\"Weizenpflanzer\" data-id=\"11239\" data-full-url=\"https:\/\/www.agriculture-machine.com\/wp-content\/uploads\/2021\/08\/4-4.jpg\" data-link=\"https:\/\/www.agriculture-machine.com\/?attachment_id=11239\" class=\"wp-image-11239\" srcset=\"https:\/\/www.agriculture-machine.com\/wp-content\/uploads\/2021\/08\/4-4.jpg 720w, https:\/\/www.agriculture-machine.com\/wp-content\/uploads\/2021\/08\/4-4-360x270.jpg 360w, https:\/\/www.agriculture-machine.com\/wp-content\/uploads\/2021\/08\/4-4-240x180.jpg 240w\" sizes=\"auto, (max-width: 720px) 100vw, 720px\" \/><figcaption class=\"blocks-gallery-item__caption\">Weizenpflanzer<\/figcaption><\/figure><\/li><li class=\"blocks-gallery-item\"><figure><img loading=\"lazy\" decoding=\"async\" width=\"720\" height=\"540\" src=\"https:\/\/www.agriculture-machine.com\/wp-content\/uploads\/2021\/08\/6-2.jpg\" alt=\"Arbeitsszene\" data-id=\"11240\" data-full-url=\"https:\/\/www.agriculture-machine.com\/wp-content\/uploads\/2021\/08\/6-2.jpg\" data-link=\"https:\/\/www.agriculture-machine.com\/?attachment_id=11240\" class=\"wp-image-11240\" srcset=\"https:\/\/www.agriculture-machine.com\/wp-content\/uploads\/2021\/08\/6-2.jpg 720w, https:\/\/www.agriculture-machine.com\/wp-content\/uploads\/2021\/08\/6-2-360x270.jpg 360w, https:\/\/www.agriculture-machine.com\/wp-content\/uploads\/2021\/08\/6-2-240x180.jpg 240w\" sizes=\"auto, (max-width: 720px) 100vw, 720px\" \/><figcaption class=\"blocks-gallery-item__caption\">Arbeitsszene<\/figcaption><\/figure><\/li><\/ul><\/figure>    <h2 class=\"wp-block-heading\" id=\"h-features-of-the-our-wheat-planter\">Merkmale unseres Weizenpflanzers<\/h2>    <p>1. Das Ger\u00e4t ist gro\u00df und sollte mit gro\u00dfen und mittleren Traktoren verbunden werden. Es befindet sich in einem Dreipunktaufh\u00e4ngungszustand, entspricht der Verbindungsl\u00e4nge des Weizens und ist einfach in der Zusammenarbeit.<\/p>    <p>2. Dieser Weizengranntreiber kann allein zum S\u00e4en verwendet werden oder mit einer D\u00fcngerkiste erg\u00e4nzt werden, sodass Saat und D\u00fcngung gleichzeitig durchgef\u00fchrt werden k\u00f6nnen.<\/p>    <p>3. Dieses Ger\u00e4t kann nicht nur Weizensamen, sondern auch andere Samen wie Upland-Reis, Hirse und Spinat usw. s\u00e4en.<\/p>    <p>4. Das Ger\u00e4t ist mit einem Unterdr\u00fcckungsrad ausgestattet, das nach dem S\u00e4en direkt mit Erde bedeckt werden kann, um die Aussaat abzuschlie\u00dfen.<\/p>    <p>5. Der Weizenpflanzer f\u00fchrt eine lineare Aussaat durch, s\u00e4ht 20 Reihen gleichzeitig, wodurch die Aussaat sehr effizient ist.<\/p>    <figure class=\"wp-block-gallery columns-2 is-cropped wp-block-gallery-3 is-layout-flex wp-block-gallery-is-layout-flex\"><ul class=\"blocks-gallery-grid\"><li class=\"blocks-gallery-item\"><figure><img loading=\"lazy\" decoding=\"async\" width=\"720\" height=\"540\" src=\"https:\/\/www.agriculture-machine.com\/wp-content\/uploads\/2021\/08\/1-3.jpg\" alt=\"2BXF-20\" data-id=\"11241\" data-full-url=\"https:\/\/www.agriculture-machine.com\/wp-content\/uploads\/2021\/08\/1-3.jpg\" data-link=\"https:\/\/www.agriculture-machine.com\/?attachment_id=11241\" class=\"wp-image-11241\" srcset=\"https:\/\/www.agriculture-machine.com\/wp-content\/uploads\/2021\/08\/1-3.jpg 720w, https:\/\/www.agriculture-machine.com\/wp-content\/uploads\/2021\/08\/1-3-360x270.jpg 360w, https:\/\/www.agriculture-machine.com\/wp-content\/uploads\/2021\/08\/1-3-240x180.jpg 240w\" sizes=\"auto, (max-width: 720px) 100vw, 720px\" \/><figcaption class=\"blocks-gallery-item__caption\">2BXF-20<\/figcaption><\/figure><\/li><li class=\"blocks-gallery-item\"><figure><img loading=\"lazy\" decoding=\"async\" width=\"720\" height=\"540\" src=\"https:\/\/www.agriculture-machine.com\/wp-content\/uploads\/2021\/08\/2-2.jpg\" alt=\"Details zu 2BXF-20\" data-id=\"11242\" data-full-url=\"https:\/\/www.agriculture-machine.com\/wp-content\/uploads\/2021\/08\/2-2.jpg\" data-link=\"https:\/\/www.agriculture-machine.com\/?attachment_id=11242\" class=\"wp-image-11242\" srcset=\"https:\/\/www.agriculture-machine.com\/wp-content\/uploads\/2021\/08\/2-2.jpg 720w, https:\/\/www.agriculture-machine.com\/wp-content\/uploads\/2021\/08\/2-2-360x270.jpg 360w, https:\/\/www.agriculture-machine.com\/wp-content\/uploads\/2021\/08\/2-2-240x180.jpg 240w\" sizes=\"auto, (max-width: 720px) 100vw, 720px\" \/><figcaption class=\"blocks-gallery-item__caption\">Details zu 2BXF-20<\/figcaption><\/figure><\/li><\/ul><\/figure>    <h2 class=\"wp-block-heading\">Funktionsprinzip des Weizenpflanzers<\/h2>    <p>Der Weizenpflanzer wird vom Traktor gezogen, und die Kraft des Traktors wird durch das Kraft\u00fcbertragungsger\u00e4t auf die Drehbearbeitungsvorrichtung \u00fcbertragen, um den Boden zu wenden und den H\u00fcgel zu unterst\u00fctzen. Angetrieben durch die Kraft treibt die Zugvorrichtung den Weizenpflanzer zum Gehen, wodurch die Saat- und D\u00fcngemittel\u00f6ffner den Graben \u00f6ffnen. <\/p>    <p>Gleichzeitig zieht der Traktor das Unterdr\u00fcckungsrad nach vorne und treibt die Kette an, wodurch die Drehung der D\u00fcngemittelwelle und der Aussaatwelle angetrieben wird, sodass die Samen und der D\u00fcnger aus der D\u00fcngerkiste austreten und entlang des Rohrs in den D\u00fcngungs- und Aussaat\u00f6ffner gelangen. Schlie\u00dflich flie\u00dfen sie in die Furche und werden vom Unterdr\u00fcckungsrad, das den Boden bedeckt, unterdr\u00fcckt, um die Aussaat des Weizens abzuschlie\u00dfen.<\/p>    <p>Das Hauptmerkmal des Weizens ist, dass nur der Boden umgegraben wird, der bepflanzt werden muss, was die St\u00f6rung des Landes reduziert, und alle Aussaatverfahren auf einmal durchf\u00fchrt, was Zeit spart und Kosten senkt.<\/p>    <h2 class=\"wp-block-heading\">Betriebsanweisungen<\/h2>    <p>1. Vor dem Betrieb Hindernisse im Feld entfernen.<\/p>    <p>2. Bei der Inspektion, Reparatur, Einstellung, Wartung usw. den Traktor zuerst ausschalten.<\/p>    <p>3. Bei Kurven, R\u00fcckw\u00e4rtsfahren und Transfers muss die Maschine angehoben werden.<\/p>    <p>4. W\u00e4hrend des Betriebs nicht zur\u00fcckweichen und unn\u00f6tiges Parken vermeiden, um die Ansammlung von Samen oder D\u00fcngemitteln oder das Brechen der H\u00fcgel zu vermeiden.<\/p>    <p>5. Bei starkem Wind, Regen und einem relativen Bodenfeuchtigkeitsgehalt von \u00fcber 70 % ist der Betrieb verboten.<\/p>","protected":false},"excerpt":{"rendered":"<p>At present, the application of agricultural machinery is relatively common, and the efficient application of wheat planter in the process of wheat planting can reduce the labor intensity of farmers, at the same time it can&nbsp;shorten the labor time so that the work efficiency of farmers has been significantly improved. Introduction of wheat planter The [&hellip;]<\/p>\n","protected":false},"author":1,"featured_media":0,"parent":0,"comment_status":"closed","ping_status":"closed","template":"","tags":[492,158],"product-type":[870,883],"class_list":["post-11227","product","type-product","status-publish","hentry","tag-planter","tag-wheat","product-type-planter","product-type-wheat-planter"],"_links":{"self":[{"href":"https:\/\/www.agriculture-machine.com\/de\/wp-json\/wp\/v2\/product\/11227","targetHints":{"allow":["GET"]}}],"collection":[{"href":"https:\/\/www.agriculture-machine.com\/de\/wp-json\/wp\/v2\/product"}],"about":[{"href":"https:\/\/www.agriculture-machine.com\/de\/wp-json\/wp\/v2\/types\/product"}],"author":[{"embeddable":true,"href":"https:\/\/www.agriculture-machine.com\/de\/wp-json\/wp\/v2\/users\/1"}],"replies":[{"embeddable":true,"href":"https:\/\/www.agriculture-machine.com\/de\/wp-json\/wp\/v2\/comments?post=11227"}],"wp:attachment":[{"href":"https:\/\/www.agriculture-machine.com\/de\/wp-json\/wp\/v2\/media?parent=11227"}],"wp:term":[{"taxonomy":"post_tag","embeddable":true,"href":"https:\/\/www.agriculture-machine.com\/de\/wp-json\/wp\/v2\/tags?post=11227"},{"taxonomy":"product-type","embeddable":true,"href":"https:\/\/www.agriculture-machine.com\/de\/wp-json\/wp\/v2\/product-type?post=11227"}],"curies":[{"name":"wp","href":"https:\/\/api.w.org\/{rel}","templated":true}]}}