{"id":1128,"date":"2018-10-19T09:37:33","date_gmt":"2018-10-19T01:37:33","guid":{"rendered":"https:\/\/www.agriculture-machine.com\/?p=1128"},"modified":"2026-02-25T17:08:07","modified_gmt":"2026-02-25T09:08:07","slug":"rice-mill","status":"publish","type":"product","link":"https:\/\/www.agriculture-machine.com\/de\/rice-mill\/","title":{"rendered":"Reism\u00fchle Maschine | Reissch\u00e4ler | Reism\u00fchle Maschine"},"content":{"rendered":"<p class=\"translation-block\">Die <strong>Reismaschine<\/strong> wird f\u00fcr die Verarbeitung von Reisspelzen verwendet. Sie besteht aus einem Zuf\u00fchrtrichter, einer Schaleinheit, einer Trennungseinheit f\u00fcr braunen Reis und Spreu, einer Mahlereinheit und einem Luftstrahlgebl\u00e4se usw. Wir haben 4 Typen von SB-Reism\u00fchlenmaschinen, n\u00e4mlich SB-05, SB-10, SB-30, SB-50. Verschiedene Typen haben unterschiedliche Kapazit\u00e4ten, und Sie k\u00f6nnen den passenden entsprechend Ihren Anforderungen w\u00e4hlen.<\/p>    <figure class=\"wp-block-embed is-type-rich is-provider-embed-handler wp-block-embed-embed-handler wp-embed-aspect-16-9 wp-has-aspect-ratio\"><div class=\"wp-block-embed__wrapper\"> <iframe loading=\"lazy\" title=\"G\u00fcnstige wei\u00dfe Reism\u00fchle \/ Reispflanzenm\u00fchle \/ Reisschale \/ Reisschale\" width=\"500\" height=\"281\" src=\"https:\/\/www.youtube.com\/embed\/hUoRDbPM0K4?feature=oembed\" frameborder=\"0\" allow=\"accelerometer; autoplay; clipboard-write; encrypted-media; gyroscope; picture-in-picture; web-share\" referrerpolicy=\"strict-origin-when-cross-origin\" allowfullscreen><\/iframe> <\/div><figcaption class=\"wp-element-caption\">Vier Arten von kleinen Reism\u00fchlenmaschinen Video<\/figcaption><\/figure>    <p><br>Die SB-30 Kombireism\u00fchle ist eine umfassende Ausr\u00fcstung f\u00fcr die Reisverarbeitung. Der Reis wird durch den Vibrationssieb und das Magnetger\u00e4t in die Maschine eingebracht. Unter der Wirkung der Gummiwalze, des Sogs und der Windselektion wird die Schale vom Reis entfernt und sp\u00e4ter poliert. H\u00fclse und andere Verunreinigungen wie Spreu werden ausgeblasen. Schlie\u00dflich wird wei\u00dfer Reis ausgegeben. <\/p>    <p>Die Reisschale ist mit einem umfassenden Layout, vern\u00fcnftigem Design, kompakter Struktur, einfacher und zuverl\u00e4ssiger Bedienung sowie geringem Ger\u00e4uschpegel ausgestattet. Die Pr\u00e4zision beim Wei\u00dfreis-Mahlen kann den Standards entsprechen. Mit geringem Energieverbrauch und hoher Arbeitseffizienz ist sie eine neue Generation von kombinierten Reism\u00fchlenmaschinen.<\/p>    <h2 class=\"wp-block-heading\" id=\"h-parameter-of-rice-milling-machine\">Parameter der Reism\u00fchle<\/h2>    <div class=\"table-responsive\" style=\"border: 1 px solir #f79646;\"> <table class=\"table table-striped\"> <tbody> <tr style=\"background-color: #f79646;\"> <td width=\"116\">Modell<\/td> <td width=\"79\">SB-05D<\/td> <td width=\"123\">SB-10D<\/td> <td width=\"230\">SB-30D<\/td> <td width=\"107\">SB-50D<\/td> <\/tr> <tr style=\"background-color: #fbd5b5;\"> <td width=\"116\">Leistung<\/td> <td width=\"79\">10hp \/ 5,5 KW<\/td> <td width=\"123\">15hp \/ 11KW<\/td> <td width=\"230\">&nbsp;&nbsp;&nbsp;&nbsp;18hp \/ 15 KW<\/td> <td width=\"107\">30hp \/ 22KW<\/td> <\/tr> <tr> <td width=\"116\">Kapazit\u00e4t<\/td> <td width=\"79\">400-600kg\/h<\/td> <td width=\"123\">700-1000kg\/h<\/td> <td width=\"230\">&nbsp;&nbsp;&nbsp;1100-1500kg\/h<\/td> <td width=\"107\">1800-2300kg\/h<\/td> <\/tr> <tr style=\"background-color: #fbd5b5;\"> <td width=\"116\">Nettogewicht<\/td> <td width=\"79\">130kg<\/td> <td width=\"123\">230 kg<\/td> <td width=\"230\">&nbsp;&nbsp;&nbsp;&nbsp;&nbsp;270kg<\/td> <td width=\"107\">530kg<\/td> <\/tr> <tr> <td width=\"116\">Bruttogewicht<\/td> <td width=\"79\">160kg<\/td> <td width=\"123\">&nbsp;285kg<\/td> <td width=\"230\">&nbsp;&nbsp;&nbsp;&nbsp;&nbsp;300kg<\/td> <td width=\"107\">580kg<\/td> <\/tr> <tr style=\"background-color: #fbd5b5;\"> <td width=\"116\">Gesamtabmessungen<\/td> <td width=\"79\">860*692*1290mm<\/td> <td width=\"123\">760*730*1735mm<\/td> <td width=\"230\">1070*760*1760mm<\/td> <td width=\"107\">2400*1080*2080mm<\/td> <\/tr> <tr> <td width=\"116\">Lade-Menge\/20GP<\/td> <td width=\"79\">27 Sets<\/td> <td width=\"123\">24 Sets<\/td> <td width=\"230\">18 Sets<\/td> <td width=\"107\">12 Sets<\/td> <\/tr> <\/tbody> <\/table> <\/div>    <h2 class=\"wp-block-heading\" id=\"h-working-principle-of-rice-milling-machine\">Funktionsprinzip der Reism\u00fchlenmaschine<\/h2>    <p>Der Reisspelz gelangt zuerst durch ein Vibrationssieb und Magnetger\u00e4t in die Maschine und passiert dann die Gummiwalze zum Schalen. Nach Luftblasen und Luftstrahl zum Mahlraum kann die Reism\u00fchle den Reinigungsvorgang, das H\u00fcllen, das Luftblasen, die Selektion, das Mahlen und das Polieren nacheinander abschlie\u00dfen. Die H\u00fclse, Spreu, Bruchreis und wei\u00dfer Reis werden jeweils aus der Maschine gedr\u00fcckt. Es ist besser, einen Beh\u00e4lter unter dem Ausgang zu stellen, um den Reis aufzufangen.<\/p>    <figure class=\"wp-block-image aligncenter\"><img decoding=\"async\" src=\"https:\/\/www.agriculture-machine.com\/wp-content\/uploads\/2018\/10\/Rice-mill5.jpg\" alt=\"Reismaschine\"\/><figcaption class=\"wp-element-caption\">Reismaschine<\/figcaption><\/figure>    <h2 class=\"wp-block-heading\" id=\"h-rice-mills-machines-advantage\">Rice mill machines&#8217; advantage<\/h2>    <ul class=\"wp-block-list\"> <li>Reism\u00fchlenmaschinen sind mit einem vern\u00fcnftigen Layout, kompakter Struktur und geringem Ger\u00e4uschpegel im Betrieb ausgestattet.<\/li>    <li>Die Reverarbeitung ist leicht und einfach zu bedienen, mit geringem Energieverbrauch und hoher Produktivit\u00e4t.<\/li>    <li>Reism\u00fchlenmaschinen k\u00f6nnen wei\u00dfen Reis mit hoher Reinheit produzieren, der den nationalen Standards entspricht, und enthalten weniger Spreu und Bruchreis, daher ist sie eine sehr gute Maschine f\u00fcr die Reispflanzenverarbeitung auf dem Land.<\/li>    <li>Hohe Kapazit\u00e4t. Die gr\u00f6\u00dfte Kapazit\u00e4t dieser Serie betr\u00e4gt 2,3 t\/h, was die Arbeitszeit verk\u00fcrzt.<\/li>    <li>Niedrige Bruchrate (3%). Fast alle Reisk\u00f6rner bleiben intakt.<\/li>    <li>Reism\u00fchlenmaschinen k\u00f6nnen nicht nur Reis mahlen, sondern auch polieren, sodass der endg\u00fcltige Reis hell und wei\u00df ist.<\/li>    <li>Verschiedene Modelle haben unterschiedliche Kapazit\u00e4ten, daher w\u00e4hlen Sie das passende basierend auf Ihrer tats\u00e4chlichen Situation.<\/li>    <li>Die Maschine ist tragbar und f\u00fcr den Hausgebrauch geeignet, die Aussichten einer Reism\u00fchle sind gut.<\/li> <\/ul>    <figure class=\"wp-block-image alignnone\"><img decoding=\"async\" src=\"https:\/\/www.agriculture-machine.com\/wp-content\/uploads\/2018\/10\/Rice-mill1.jpg\" alt=\"Innerer Aufbau der Reism\u00fchle\"\/><figcaption class=\"wp-element-caption\">Rice milling machine&#8217;s inner structure<\/figcaption><\/figure>    <h2 class=\"wp-block-heading\" id=\"h-the-prospect-of-rice-milling-machine\">Aussichten einer Reism\u00fchle<\/h2>    <p>Der Marktpreis f\u00fcr Reis ist vielf\u00e4ltig, was ist der Unterschied zwischen diesen Reissorten?<\/p>    <ul class=\"wp-block-list\"> <li>Neuer Reis: Neuer Reis bezieht sich auf den in diesem Jahr geernteten Reis, der kurz nach der Ernte gesch\u00e4lt und poliert wurde. Das gr\u00f6\u00dfte Merkmal von neuem Reis ist, dass er ein Aroma mit gro\u00dfem Geschmack hat. Die Suppe mit neuem Reis ist voller Aroma, und der frische ged\u00e4mpfte Reis ist klebrig und z\u00e4h.<\/li>    <li>Alter Reis: Es ist Reis, der \u00fcber viele Jahre gelagert wurde, und sein Geschmack ist aufgrund von Temperatur, Feuchtigkeit und anderen Faktoren nicht gut. Die N\u00e4hrstoffe des alten Reises sind schlechter als die des neuen Reises.<\/li> <\/ul>    <figure class=\"wp-block-image aligncenter\"><img decoding=\"async\" src=\"https:\/\/www.agriculture-machine.com\/wp-content\/uploads\/2018\/10\/Rice-mill3.jpg\" alt=\"Reisschale\"\/><figcaption class=\"wp-element-caption\">Reisschale<\/figcaption><\/figure>    <p>Es gibt noch viele Unterschiede zwischen dem neuen und dem alten Reis. Der billige Reis im Supermarkt ist mit altem Reis vermischt. Im Allgemeinen k\u00f6nnen die Menschen diesen Unterschied nicht erkennen, was sch\u00e4dlich f\u00fcr unsere Gesundheit ist. Die Taizy SB-Serie von Reism\u00fchlenmaschinen ist klein und exquisit und hat wettbewerbsf\u00e4hige Preise f\u00fcr Privatpersonen oder die Lebensmittelindustrie. Sie werden es nicht bereuen, wenn Sie eine solche Maschine f\u00fcr Zuhause oder den gewerblichen Gebrauch kaufen m\u00f6chten.<\/p>    <figure class=\"wp-block-image aligncenter\"><img decoding=\"async\" src=\"https:\/\/www.agriculture-machine.com\/wp-content\/uploads\/2018\/10\/Rice-mill6.jpg\" alt=\"Sch\u00e4lmaschine f\u00fcr Reis\"\/><figcaption class=\"wp-element-caption\">Sch\u00e4lmaschine f\u00fcr Reis<\/figcaption><\/figure>    <h2 class=\"wp-block-heading\" id=\"h-how-to-use-a-rice-mill-machine\">Wie benutzt man eine Reismaschine?<\/h2>    <ul class=\"wp-block-list\"> <li>Verdrahtungsanforderungen: Die Reism\u00fchle darf nicht mit dem urspr\u00fcnglichen Beleuchtungskreis geteilt werden. Sie muss direkt vom Hauptschalter mit Kupfer- oder Aluminiumkabel mit 4 Quadratmillimeter oder mehr verbunden werden. Das Verwenden eines Steckers ist nicht erlaubt, es wird empfohlen, den 10A- oder st\u00e4rkeren Messerschalter zu verwenden.<\/li>    <li>Betriebsanleitung: Bevor die Reisschale gestartet wird, \u00fcberpr\u00fcfen die Bediener sorgf\u00e4ltig, ob alle Befestigungen in allen Teilen fest sitzen, und \u00f6ffnen die Abdeckung, um den Abstand der Walze zu pr\u00fcfen.<\/li>    <li>Der Bediener sollte den Schalter einschalten und die Maschine 1-3 Minuten im Leerlauf laufen lassen. Benutzer k\u00f6nnen die Maschine verwenden, wenn alles normal ist. Beim Einschalten des Steckers sollte der Benutzer langsam die Last erh\u00f6hen, sonst kann es zu einer Blockade kommen.<\/li>    <li>Der Benutzer sollte zuerst den Zufahrtsport schlie\u00dfen und die Reisschale vor Beendigung des Mahlvorgangs stoppen.<\/li>    <li>Wenn Sie eine h\u00f6here Kapazit\u00e4t w\u00fcnschen <a href=\"https:\/\/www.agriculture-machine.com\/de\/rice-milling-plant-machine\/\"><strong>Reism\u00fchlenmaschine<\/strong><\/a>Bitte \u00f6ffnen Sie den folgenden Link, um eine 10t-Kombireism\u00fchle in gro\u00dfer Gr\u00f6\u00dfe zu sehen.<br><\/li> <\/ul>    <h2 class=\"wp-block-heading\" id=\"h-the-successful-case-of-rice-mill-machine\">Erfolgsfall einer Reism\u00fchle<\/h2>    <p>Diese Woche haben wir 5 S\u00e4tze Reism\u00fchlenmaschinen nach S\u00fcdafrika verkauft, und dieser Kunde ist ein H\u00e4ndler, der sie an die lokalen Landwirte verkaufen m\u00f6chte. F\u00fcr die erste Zusammenarbeit hat er nur 5 S\u00e4tze als Probebestellung gekauft, und er wird mehr kaufen, wenn die Maschinen gut laufen. Wir sind zuversichtlich, dass er wieder bei uns bestellen wird, da die Qualit\u00e4t unserer Maschinen sehr gut ist, und freuen uns auf die n\u00e4chste Zusammenarbeit.<\/p>    <h2 class=\"wp-block-heading\" id=\"h-faq\">FAQ<\/h2>   <div id=\"rank-math-faq\" class=\"rank-math-block\"> <div class=\"rank-math-list\"> <div id=\"faq-question-1772010427656\" class=\"rank-math-list-item\"> <h3 class=\"rank-math-question\">Was ist der Unterschied zwischen den 4 Arten von Reism\u00fchlenmaschinen?<\/h3> <div class=\"rank-math-answer\">  <p> Ihre Kapazit\u00e4ten sind unterschiedlich, daher passen sie zu verschiedenen Motoren.<\/p>  <\/div> <\/div> <div id=\"faq-question-1772010435622\" class=\"rank-math-list-item\"> <h3 class=\"rank-math-question\">Enth\u00e4lt der fertige Reis einige Bruchreis?<\/h3> <div class=\"rank-math-answer\">  <p> Die Bruchrate ist weniger als 1%.<\/p>  <\/div> <\/div> <div id=\"faq-question-1772010447825\" class=\"rank-math-list-item\"> <h3 class=\"rank-math-question\">Was sind die anf\u00e4lligen Ersatzteile?<\/h3> <div class=\"rank-math-answer\">  <p>Gummiwalze, F\u00f6rderkopf, sechseckiges Sieb, Reiskern, Ventilatorblatt, Ventilatorschutzliner.<\/p>  <\/div> <\/div> <\/div> <\/div>   <figure class=\"wp-block-image aligncenter size-large is-resized\"><img loading=\"lazy\" decoding=\"async\" width=\"418\" height=\"540\" src=\"https:\/\/www.agriculture-machine.com\/wp-content\/uploads\/2018\/10\/Rice-mill7-418x540.jpg\" alt=\"Reism\u00fchle7\" class=\"wp-image-1991\" srcset=\"https:\/\/www.agriculture-machine.com\/wp-content\/uploads\/2018\/10\/Rice-mill7-418x540.jpg 418w, https:\/\/www.agriculture-machine.com\/wp-content\/uploads\/2018\/10\/Rice-mill7-209x270.jpg 209w, https:\/\/www.agriculture-machine.com\/wp-content\/uploads\/2018\/10\/Rice-mill7.jpg 750w\" sizes=\"auto, (max-width: 418px) 100vw, 418px\" \/><\/figure>    <p>Wenn Sie an unserer Reisschale interessiert sind, kontaktieren Sie uns bitte gerne und besuchen Sie unsere Fabrik. Unser professionelles Team wird Ihnen gerne detaillierte Produktinformationen bereitstellen. Wir freuen uns darauf, unsere fortschrittliche Technologie und exzellente Qualit\u00e4t mit Ihnen zu teilen, um die beste L\u00f6sung f\u00fcr Ihre wei\u00dfe Reiserzeugung zu bieten.<\/p>","protected":false},"excerpt":{"rendered":"<p>Effiziente und pr\u00e4zise Reism\u00fchlenmaschinen verarbeiten Reisspelzen durch die Schritte des H\u00fcllens, Entbr\u00e4unens und Mahlens zu hochwertigem wei\u00dfen Reis. Es gibt verschiedene Typen zur Auswahl, und Sie k\u00f6nnen sich durch diesen Beitrag besser informieren.<\/p>","protected":false},"author":1,"featured_media":1135,"parent":0,"comment_status":"closed","ping_status":"closed","template":"","tags":[796],"product-type":[905],"class_list":["post-1128","product","type-product","status-publish","has-post-thumbnail","hentry","tag-rice","product-type-small-rice-mill"],"_links":{"self":[{"href":"https:\/\/www.agriculture-machine.com\/de\/wp-json\/wp\/v2\/product\/1128","targetHints":{"allow":["GET"]}}],"collection":[{"href":"https:\/\/www.agriculture-machine.com\/de\/wp-json\/wp\/v2\/product"}],"about":[{"href":"https:\/\/www.agriculture-machine.com\/de\/wp-json\/wp\/v2\/types\/product"}],"author":[{"embeddable":true,"href":"https:\/\/www.agriculture-machine.com\/de\/wp-json\/wp\/v2\/users\/1"}],"replies":[{"embeddable":true,"href":"https:\/\/www.agriculture-machine.com\/de\/wp-json\/wp\/v2\/comments?post=1128"}],"wp:featuredmedia":[{"embeddable":true,"href":"https:\/\/www.agriculture-machine.com\/de\/wp-json\/wp\/v2\/media\/1135"}],"wp:attachment":[{"href":"https:\/\/www.agriculture-machine.com\/de\/wp-json\/wp\/v2\/media?parent=1128"}],"wp:term":[{"taxonomy":"post_tag","embeddable":true,"href":"https:\/\/www.agriculture-machine.com\/de\/wp-json\/wp\/v2\/tags?post=1128"},{"taxonomy":"product-type","embeddable":true,"href":"https:\/\/www.agriculture-machine.com\/de\/wp-json\/wp\/v2\/product-type?post=1128"}],"curies":[{"name":"wp","href":"https:\/\/api.w.org\/{rel}","templated":true}]}}