{"id":11285,"date":"2021-09-03T14:01:03","date_gmt":"2021-09-03T06:01:03","guid":{"rendered":"https:\/\/www.agriculture-machine.com\/?p=11285"},"modified":"2024-09-23T11:18:32","modified_gmt":"2024-09-23T03:18:32","slug":"electric-grain-hammer-mill-grain-mill-grinder-grain-grinding","status":"publish","type":"product","link":"https:\/\/www.agriculture-machine.com\/de\/electric-grain-hammer-mill-grain-mill-grinder-grain-grinding\/","title":{"rendered":"Elektrische Getreidehammerm\u00fchle|Getreidem\u00fchlenzerkleinerer|Getreidezerkleinerung"},"content":{"rendered":"<p>Die Getreidem\u00fchlenm\u00fchle ist die am weitesten verbreitete Art von M\u00fchle. Sie ist vielseitig einsetzbar. Wenn Metallfremdk\u00f6rper in die Zerkleinerung gelangen, zerst\u00f6rt sie nur die Siebe. Es treten keine gr\u00f6\u00dferen Unf\u00e4lle auf, und ihre Struktur besteht aus drei Teilen: Zuf\u00fchrmechanismus, Zerkleinerungsraum und Entladeeinheit.<\/p>    <figure class=\"wp-block-embed is-type-video is-provider-youtube wp-block-embed-youtube wp-embed-aspect-16-9 wp-has-aspect-ratio\"><div class=\"wp-block-embed__wrapper\"> <iframe loading=\"lazy\" title=\"Arbeitsvideo der elektrischen Getreideh\u00e4mmerm\u00fchle | Getreidem\u00fchlenmischer\" width=\"500\" height=\"281\" src=\"https:\/\/www.youtube.com\/embed\/LrGfvzii4tI?feature=oembed\" frameborder=\"0\" allow=\"accelerometer; autoplay; clipboard-write; encrypted-media; gyroscope; picture-in-picture; web-share\" referrerpolicy=\"strict-origin-when-cross-origin\" allowfullscreen><\/iframe> <\/div><figcaption class=\"wp-element-caption\">Hochleistungsf\u00e4higes Video der Getreidem\u00fchlenm\u00fchle<\/figcaption><\/figure>    <h2 class=\"wp-block-heading\">Die Funktion der Getreidem\u00fchlenm\u00fchle<\/h2>    <p><font style=\"vertical-align: inherit;\"><font style=\"vertical-align: inherit;\">Getreidem\u00fchlen werden in pharmazeutischen, lebensmitteltechnischen, chemischen, wissenschaftlichen und anderen industriellen Sektoren zur Verarbeitung st\u00e4rkehaltiger Materialien eingesetzt. Sie k\u00f6nnen Pulver mit einer elektrischen Getreideh\u00e4mmerm\u00fchle herstellen. Die Substanz wird durch die Schleifwirkung der Schleifscheibe zu Pulver verarbeitet.<\/font><\/font><\/p>    <p>Das Ger\u00e4t ist mit einem Staubsauger ausgestattet, wodurch keine Staubverschmutzung entsteht. Es zeichnet sich durch niedrige Temperatur, geringe Ger\u00e4uschentwicklung und hohe Effizienz aus. Es eignet sich zum Zerkleinern trockener und spr\u00f6der Materialien, wie chemischer Stoffe und chinesischer Heilkr\u00e4uter.<\/p>    <figure class=\"wp-block-gallery has-nested-images columns-default is-cropped wp-block-gallery-2 is-layout-flex wp-block-gallery-is-layout-flex\"> <figure class=\"wp-block-image size-large\"><img loading=\"lazy\" decoding=\"async\" width=\"720\" height=\"540\" data-id=\"11288\" src=\"https:\/\/www.agriculture-machine.com\/wp-content\/uploads\/2021\/08\/5-3.jpg\" alt=\"Getreidem\u00fchle\" class=\"wp-image-11288\" srcset=\"https:\/\/www.agriculture-machine.com\/wp-content\/uploads\/2021\/08\/5-3.jpg 720w, https:\/\/www.agriculture-machine.com\/wp-content\/uploads\/2021\/08\/5-3-360x270.jpg 360w, https:\/\/www.agriculture-machine.com\/wp-content\/uploads\/2021\/08\/5-3-240x180.jpg 240w\" sizes=\"auto, (max-width: 720px) 100vw, 720px\" \/><figcaption class=\"wp-element-caption\">Getreidem\u00fchle<\/figcaption><\/figure>    <figure class=\"wp-block-image size-large\"><img loading=\"lazy\" decoding=\"async\" width=\"720\" height=\"540\" data-id=\"11289\" src=\"https:\/\/www.agriculture-machine.com\/wp-content\/uploads\/2021\/08\/6-3.jpg\" alt=\"elektrische Getreidem\u00fchlenm\u00fchle\" class=\"wp-image-11289\" srcset=\"https:\/\/www.agriculture-machine.com\/wp-content\/uploads\/2021\/08\/6-3.jpg 720w, https:\/\/www.agriculture-machine.com\/wp-content\/uploads\/2021\/08\/6-3-360x270.jpg 360w, https:\/\/www.agriculture-machine.com\/wp-content\/uploads\/2021\/08\/6-3-240x180.jpg 240w\" sizes=\"auto, (max-width: 720px) 100vw, 720px\" \/><figcaption class=\"wp-element-caption\">elektrische Getreidem\u00fchlenm\u00fchle<\/figcaption><\/figure> <\/figure>    <h2 class=\"wp-block-heading\" id=\"h-working-principle\">Funktionsprinzip<\/h2>    <p>Nachdem der Motor gestartet ist, wird die Kraft \u00fcber den Keilriemen auf die Riemenscheibe \u00fcbertragen, die die Hauptwelle antreibt und die bewegliche und die feste Schleifscheibe relativ zueinander bewegen l\u00e4sst, um Quetsch- und Schleifwirkungen zu erzeugen, sodass die Mitte der Schleifscheibe die Materialien darin gr\u00fcndlich zerdr\u00fcckt.  <\/p>    <figure class=\"wp-block-gallery has-nested-images columns-default is-cropped wp-block-gallery-3 is-layout-flex wp-block-gallery-is-layout-flex\"> <figure class=\"wp-block-image size-large\"><img loading=\"lazy\" decoding=\"async\" width=\"720\" height=\"540\" data-id=\"11396\" src=\"https:\/\/www.agriculture-machine.com\/wp-content\/uploads\/2021\/09\/IMG_20210730_112620_\u526f\u672c.jpg\" alt=\"Scheibenzerkleinerer\" class=\"wp-image-11396\" srcset=\"https:\/\/www.agriculture-machine.com\/wp-content\/uploads\/2021\/09\/IMG_20210730_112620_\u526f\u672c.jpg 720w, https:\/\/www.agriculture-machine.com\/wp-content\/uploads\/2021\/09\/IMG_20210730_112620_\u526f\u672c-360x270.jpg 360w, https:\/\/www.agriculture-machine.com\/wp-content\/uploads\/2021\/09\/IMG_20210730_112620_\u526f\u672c-240x180.jpg 240w\" sizes=\"auto, (max-width: 720px) 100vw, 720px\" \/><figcaption class=\"wp-element-caption\">Scheibenzerkleinerer<\/figcaption><\/figure>    <figure class=\"wp-block-image size-large\"><img loading=\"lazy\" decoding=\"async\" width=\"720\" height=\"540\" data-id=\"11397\" src=\"https:\/\/www.agriculture-machine.com\/wp-content\/uploads\/2021\/09\/IMG_20210730_112641_\u526f\u672c.jpg\" alt=\"Scheibenzerkleinerer\" class=\"wp-image-11397\" srcset=\"https:\/\/www.agriculture-machine.com\/wp-content\/uploads\/2021\/09\/IMG_20210730_112641_\u526f\u672c.jpg 720w, https:\/\/www.agriculture-machine.com\/wp-content\/uploads\/2021\/09\/IMG_20210730_112641_\u526f\u672c-360x270.jpg 360w, https:\/\/www.agriculture-machine.com\/wp-content\/uploads\/2021\/09\/IMG_20210730_112641_\u526f\u672c-240x180.jpg 240w\" sizes=\"auto, (max-width: 720px) 100vw, 720px\" \/><figcaption class=\"wp-element-caption\">Scheibenzerkleinerer<\/figcaption><\/figure> <\/figure>    <h2 class=\"wp-block-heading\">Betriebsverfahren<\/h2>    <p>1. This grain mill grinder&#8217;s package is as a whole. After unpacking, move it to an appropriate location, then place it steadily, and connect it to the power supply for trial use.<\/p>    <p>2. Before use, check whether there is any looseness and other abnormal phenomena in the transmission part of the machine. The direction of the machine&#8217;s operation should be consistent with the direction shown by the arrow.<\/p>    <p>3. Vor dem Gebrauch 1-2 Minuten ohne Last testen und warten, bis keine abnormalen Ph\u00e4nomene auftreten, bevor die Zuf\u00fchrung erfolgt. Das Material beim Zuf\u00fchren allm\u00e4hlich steigern, den Stromverbrauch und den Betrieb des Motors jederzeit beobachten.<\/p>    <p>4. Wenn das Material zu feucht und klebrig ist, was die Pulverausgabe beeintr\u00e4chtigt, sollte das Material getrocknet oder mit einem dickeren Sieb ersetzt werden.<\/p>    <p>5. Vor dem Anhalten der Maschine den Zuf\u00fchrvorgang stoppen und die Maschine 5-20 Minuten laufen lassen, bevor sie gestoppt wird. Ziel ist es, R\u00fcckst\u00e4nde zu reduzieren.<\/p>    <h2 class=\"wp-block-heading\">Vorteile der Getreidem\u00fchlenm\u00fchle<\/h2>    <p>1. Hohe Effizienz und starke Zerkleinerungsf\u00e4higkeit.<\/p>    <p>2. Die schnell rotierende Schleifscheibe \u00fcbt einen starken Einfluss auf die Partikel des Materials aus, was eine starke Mahleffekt gew\u00e4hrleistet.<\/p>    <p>3. Hohe Flexibilit\u00e4t im Produktionsprozess: Unser Hammerm\u00fchle kann mit verschiedenen Sieben kombiniert werden, sodass sie zum Zerkleinern, Grob- und Feinmahlen verwendet werden kann.<\/p>    <p>4. Einfach zu bedienen, sicher im Gebrauch und leicht zu warten. <\/p>    <p class=\"translation-block\">5. Die Maschine ist vielseitig einsetzbar, sie eignet sich f\u00fcr <a href=\"https:\/\/www.agriculture-machine.com\/de\/corn-grinder-machine\/\">Maismahlung<\/a>, Tofu, St\u00e4rke und Reismehl, und kann auch in anderen Lebensmittelindustrien verwendet werden. Sie kann <a href=\"https:\/\/www.agriculture-machine.com\/de\/corn-grits-making-machine\/\">Maismahlung<\/a>, Weizen, Reis, Sorghum, Sojabohnen und andere Ernteg\u00fcter in Trockenpulver verwandeln.\u00a0<\/p>    <figure class=\"wp-block-gallery has-nested-images columns-default is-cropped wp-block-gallery-4 is-layout-flex wp-block-gallery-is-layout-flex\"> <figure class=\"wp-block-image size-large\"><img loading=\"lazy\" decoding=\"async\" width=\"720\" height=\"540\" data-id=\"11292\" src=\"https:\/\/www.agriculture-machine.com\/wp-content\/uploads\/2021\/08\/1-4.jpg\" alt=\"Ergebnis\" class=\"wp-image-11292\" srcset=\"https:\/\/www.agriculture-machine.com\/wp-content\/uploads\/2021\/08\/1-4.jpg 720w, https:\/\/www.agriculture-machine.com\/wp-content\/uploads\/2021\/08\/1-4-360x270.jpg 360w, https:\/\/www.agriculture-machine.com\/wp-content\/uploads\/2021\/08\/1-4-240x180.jpg 240w\" sizes=\"auto, (max-width: 720px) 100vw, 720px\" \/><figcaption class=\"wp-element-caption\">Ergebnis<\/figcaption><\/figure>    <figure class=\"wp-block-image size-large\"><img loading=\"lazy\" decoding=\"async\" width=\"720\" height=\"540\" data-id=\"11293\" src=\"https:\/\/www.agriculture-machine.com\/wp-content\/uploads\/2021\/08\/2-3.jpg\" alt=\"folgend\" class=\"wp-image-11293\" srcset=\"https:\/\/www.agriculture-machine.com\/wp-content\/uploads\/2021\/08\/2-3.jpg 720w, https:\/\/www.agriculture-machine.com\/wp-content\/uploads\/2021\/08\/2-3-360x270.jpg 360w, https:\/\/www.agriculture-machine.com\/wp-content\/uploads\/2021\/08\/2-3-240x180.jpg 240w\" sizes=\"auto, (max-width: 720px) 100vw, 720px\" \/><figcaption class=\"wp-element-caption\">folgend<\/figcaption><\/figure> <\/figure>    <h2 class=\"wp-block-heading\">Wartung der Getreidem\u00fchlenm\u00fchle<\/h2>    <p>1. \u00dcberpr\u00fcfen Sie regelm\u00e4\u00dfig die Lager und ersetzen Sie das Hochgeschwindigkeitsfett, um den normalen Betrieb der Maschine zu gew\u00e4hrleisten. \u00dcberpr\u00fcfen Sie h\u00e4ufig die Verschlei\u00dfteile. Bei ernsthaften Abnutzungen diese rechtzeitig austauschen.<\/p>    <p>2. Wenn die Drehzahl der Spindel beim Gebrauch allm\u00e4hlich abnimmt, sollte der Motor nach unten eingestellt werden. Dann kann die Maschine die vorgegebene Geschwindigkeit erreichen. Bei Abnormalit\u00e4ten die Maschine ausschalten und inspizieren.<\/p>    <p>3. Metallische Materialien wie N\u00e4gel, Eisenkl\u00f6tze usw. d\u00fcrfen beim Einschalten der Maschine keinesfalls in die Maschine gelangen. Nach Beendigung der Arbeit alle R\u00fcckst\u00e4nde in der Maschine reinigen. Bei l\u00e4ngerer Stilllegung die Maschine reinigen und mit einer Plane abdecken.<\/p>    <h2 class=\"wp-block-heading\">Effizienzsteigerungsprogramm<\/h2>    <p>Der Einsatz von Hilfsma\u00dfnahmen kann die Arbeitsleistung des Zerkleinerers effektiv verbessern. Ein Bel\u00fcftungssystem in den Zerkleinerungsprozess integrieren, um das Durchlassen der Materialien durch die Sieb\u00f6ffnungen zu erleichtern. Dies kann die Siebeffizienz verbessern und den Druck im Zerkleinerungsprozess verringern.<\/p>","protected":false},"excerpt":{"rendered":"<p>Diese Getreidem\u00fchle ist eine Maschine, die Weizen, Reis, Mais, Sorghum, Sojabohnen und andere Ernteg\u00fcter in Trockenpulver mahlt.\u00a0<\/p>","protected":false},"author":1,"featured_media":11289,"parent":0,"comment_status":"closed","ping_status":"closed","template":"","tags":[2631],"product-type":[873],"class_list":["post-11285","product","type-product","status-publish","has-post-thumbnail","hentry","tag-hammer","product-type-corn-grains-grinding-equipment"],"_links":{"self":[{"href":"https:\/\/www.agriculture-machine.com\/de\/wp-json\/wp\/v2\/product\/11285","targetHints":{"allow":["GET"]}}],"collection":[{"href":"https:\/\/www.agriculture-machine.com\/de\/wp-json\/wp\/v2\/product"}],"about":[{"href":"https:\/\/www.agriculture-machine.com\/de\/wp-json\/wp\/v2\/types\/product"}],"author":[{"embeddable":true,"href":"https:\/\/www.agriculture-machine.com\/de\/wp-json\/wp\/v2\/users\/1"}],"replies":[{"embeddable":true,"href":"https:\/\/www.agriculture-machine.com\/de\/wp-json\/wp\/v2\/comments?post=11285"}],"wp:featuredmedia":[{"embeddable":true,"href":"https:\/\/www.agriculture-machine.com\/de\/wp-json\/wp\/v2\/media\/11289"}],"wp:attachment":[{"href":"https:\/\/www.agriculture-machine.com\/de\/wp-json\/wp\/v2\/media?parent=11285"}],"wp:term":[{"taxonomy":"post_tag","embeddable":true,"href":"https:\/\/www.agriculture-machine.com\/de\/wp-json\/wp\/v2\/tags?post=11285"},{"taxonomy":"product-type","embeddable":true,"href":"https:\/\/www.agriculture-machine.com\/de\/wp-json\/wp\/v2\/product-type?post=11285"}],"curies":[{"name":"wp","href":"https:\/\/api.w.org\/{rel}","templated":true}]}}