{"id":11394,"date":"2021-09-07T14:23:39","date_gmt":"2021-09-07T06:23:39","guid":{"rendered":"https:\/\/www.agriculture-machine.com\/?p=11394"},"modified":"2026-02-25T17:31:26","modified_gmt":"2026-02-25T09:31:26","slug":"rice-miller-machine-small-household-rice-mill-rice-milling-machine","status":"publish","type":"product","link":"https:\/\/www.agriculture-machine.com\/de\/rice-miller-machine-small-household-rice-mill-rice-milling-machine\/","title":{"rendered":"Reism\u00fchle Maschine | Kleine Haushaltsreism\u00fchle | Reism\u00fchle Maschine"},"content":{"rendered":"<h2 class=\"wp-block-heading\" id=\"h-introduction-of-rice-miller-machine\">Einf\u00fchrung in die Reismaschine<\/h2>    <p>Die Reismaschine ist ein Ger\u00e4t, das die Kraft mechanischer Ger\u00e4te nutzt, um braunen Reis zu sch\u00e4len und zu veredeln.<\/p>    <h2 class=\"wp-block-heading\">Funktionsprinzip der Reism\u00fchlenmaschine<\/h2>    <p>Wenn der braune Reis aus dem Trichter in die Wei\u00dfw\u00e4scherkammer flie\u00dft, wird der braune Reis aufgrund des Innendrucks des Press-Thalliums und der mechanischen Kraft in der Wei\u00dfw\u00e4scherkammer zusammengedr\u00fcckt. <\/p>    <p>Nach Reibung und der Reibung zwischen dem braunen Reis und dem Schleifrad kann die Hautschicht des braunen Reises schnell entfernt werden, um innerhalb einer bestimmten Einstellzeit die Feinwei\u00dfheit von wei\u00dfem Reis zu erreichen.<\/p>    <figure class=\"wp-block-embed is-type-video is-provider-youtube wp-block-embed-youtube wp-embed-aspect-4-3 wp-has-aspect-ratio\"><div class=\"wp-block-embed__wrapper\"> <iframe loading=\"lazy\" title=\"Motorisierte Reism\u00fchle | Hochleistung-Reism\u00fchle |Direktverkauf-Reism\u00fchle\" width=\"500\" height=\"375\" src=\"https:\/\/www.youtube.com\/embed\/BxvKOok0_f4?feature=oembed\" frameborder=\"0\" allow=\"accelerometer; autoplay; clipboard-write; encrypted-media; gyroscope; picture-in-picture; web-share\" referrerpolicy=\"strict-origin-when-cross-origin\" allowfullscreen><\/iframe> <\/div><\/figure>    <h2 class=\"wp-block-heading\">Aufbau der Reismaschine<\/h2>    <p>Die Reismaschine besteht aus einem Trichter, einer Reism\u00fchle, einem Entladeventil und einem Einstellhebel usw.<\/p>    <h2 class=\"wp-block-heading\">Vorteile der Reismaschine<\/h2>    <p>Die Reism\u00fchle ist kompakt gebaut und hat ein sch\u00f6nes Erscheinungsbild. Die kleine Gr\u00f6\u00dfe macht sie leicht beweglich. Geringerer Energieverbrauch sorgt f\u00fcr eine lange Lebensdauer. Einfach zu bedienen und zu warten. Au\u00dferdem k\u00f6nnen verschiedene Reissorten verarbeitet werden, um die Reisschale und den Reiskern zu trennen. <\/p>    <p>Im Allgemeinen liegt die Reisertragsrate bei \u00fcber 95 %, und die Bruchreissrate ist niedrig. Dadurch ist der verarbeitete Fertigreiss gl\u00e4nzend, wei\u00df, duftend und sehr lecker. Kleine Haushaltsreism\u00fchlen k\u00f6nnen auch f\u00fcr das Entschalen von Mais, Weizen, Gerste, Mungbohnen, Buchweizen und Kaffee verwendet werden. <\/p>    <p>Thus, it becomes a good machine for individual households, urban supermarkets, grain shops, farmers&#8217; markets, etc., for on-site processing.<\/p>    <h2 class=\"wp-block-heading\">Modelle der Reism\u00fchle <\/h2>    <p>Derzeit haben wir drei verschiedene Reism\u00fchlen, n\u00e4mlich das Basismodell, das aufger\u00fcstete Modell und das neueste Modell.<\/p>    <p>The basic model can meet daily production needs, but the upgraded model has been upgraded in color and function. The broken rice rate is low, so the rice milling efficiency is higher, and the performance is better. What&#8217;s more, the latest model adds the stone removal function compared to the upgraded model. <\/p>    <p>Denn wenn harte Gegenst\u00e4nde wie Steine oder Eisenbl\u00f6cke in die Reism\u00fchle gelangen, verursachen sie irreversible Sch\u00e4den an den Arbeitsteilen der Reism\u00fchle und verringern somit die Lebensdauer der Reism\u00fchle. <\/p>    <p>Daher kann die Erh\u00f6hung der Steinentfernungsteile der neuesten Reism\u00fchle diesen Schaden verringern und ihre Lebensdauer verl\u00e4ngern. Gleichzeitig wird der gemahlene Reis transparenter und wei\u00dfer.<\/p>    <h3 class=\"wp-block-heading\">Das Basismodell<\/h3>    <figure class=\"wp-block-gallery has-nested-images columns-2 is-cropped wp-block-gallery-2 is-layout-flex wp-block-gallery-is-layout-flex\"> <figure class=\"wp-block-image size-large\"><a href=\"https:\/\/www.agriculture-machine.com\/wp-content\/uploads\/2021\/09\/the-basic-model-rice-miller-machine-40x.jpg\"><img loading=\"lazy\" decoding=\"async\" width=\"720\" height=\"540\" data-id=\"11410\" src=\"https:\/\/www.agriculture-machine.com\/wp-content\/uploads\/2021\/09\/the-basic-model-rice-miller-machine-40x.jpg\" alt=\"das-basismodell-reismaschine-40x\" class=\"wp-image-11410\" srcset=\"https:\/\/www.agriculture-machine.com\/wp-content\/uploads\/2021\/09\/the-basic-model-rice-miller-machine-40x.jpg 720w, https:\/\/www.agriculture-machine.com\/wp-content\/uploads\/2021\/09\/the-basic-model-rice-miller-machine-40x-360x270.jpg 360w, https:\/\/www.agriculture-machine.com\/wp-content\/uploads\/2021\/09\/the-basic-model-rice-miller-machine-40x-240x180.jpg 240w\" sizes=\"auto, (max-width: 720px) 100vw, 720px\" \/><\/a><figcaption class=\"wp-element-caption\">das-basismodell-reismaschine-40x<\/figcaption><\/figure>    <figure class=\"wp-block-image size-large\"><a href=\"https:\/\/www.agriculture-machine.com\/wp-content\/uploads\/2021\/09\/the-basic-model-rice-mill-40B.jpg\"><img loading=\"lazy\" decoding=\"async\" width=\"720\" height=\"540\" data-id=\"11409\" src=\"https:\/\/www.agriculture-machine.com\/wp-content\/uploads\/2021\/09\/the-basic-model-rice-mill-40B.jpg\" alt=\"das-basismodell-reism\u00fchle-40B\" class=\"wp-image-11409\" srcset=\"https:\/\/www.agriculture-machine.com\/wp-content\/uploads\/2021\/09\/the-basic-model-rice-mill-40B.jpg 720w, https:\/\/www.agriculture-machine.com\/wp-content\/uploads\/2021\/09\/the-basic-model-rice-mill-40B-360x270.jpg 360w, https:\/\/www.agriculture-machine.com\/wp-content\/uploads\/2021\/09\/the-basic-model-rice-mill-40B-240x180.jpg 240w\" sizes=\"auto, (max-width: 720px) 100vw, 720px\" \/><\/a><figcaption class=\"wp-element-caption\">das-basismodell-reism\u00fchle-40B<\/figcaption><\/figure>    <figure class=\"wp-block-image size-large\"><a href=\"https:\/\/www.agriculture-machine.com\/wp-content\/uploads\/2021\/09\/The-basic-model-rice-milling-machine-80.jpg\"><img loading=\"lazy\" decoding=\"async\" width=\"720\" height=\"540\" data-id=\"11411\" src=\"https:\/\/www.agriculture-machine.com\/wp-content\/uploads\/2021\/09\/The-basic-model-rice-milling-machine-80.jpg\" alt=\"Das-basismodell-reism\u00fchle-80\" class=\"wp-image-11411\" srcset=\"https:\/\/www.agriculture-machine.com\/wp-content\/uploads\/2021\/09\/The-basic-model-rice-milling-machine-80.jpg 720w, https:\/\/www.agriculture-machine.com\/wp-content\/uploads\/2021\/09\/The-basic-model-rice-milling-machine-80-360x270.jpg 360w, https:\/\/www.agriculture-machine.com\/wp-content\/uploads\/2021\/09\/The-basic-model-rice-milling-machine-80-240x180.jpg 240w\" sizes=\"auto, (max-width: 720px) 100vw, 720px\" \/><\/a><figcaption class=\"wp-element-caption\">Das-basismodell-reism\u00fchle-80<\/figcaption><\/figure>    <figure class=\"wp-block-image size-large\"><a href=\"https:\/\/www.agriculture-machine.com\/wp-content\/uploads\/2021\/09\/the-basic-model-Direct-connected-rice-mill.jpg\"><img loading=\"lazy\" decoding=\"async\" width=\"720\" height=\"540\" data-id=\"11408\" src=\"https:\/\/www.agriculture-machine.com\/wp-content\/uploads\/2021\/09\/the-basic-model-Direct-connected-rice-mill.jpg\" alt=\"Das Basismodell Direktverbundene Reism\u00fchle\" class=\"wp-image-11408\" srcset=\"https:\/\/www.agriculture-machine.com\/wp-content\/uploads\/2021\/09\/the-basic-model-Direct-connected-rice-mill.jpg 720w, https:\/\/www.agriculture-machine.com\/wp-content\/uploads\/2021\/09\/the-basic-model-Direct-connected-rice-mill-360x270.jpg 360w, https:\/\/www.agriculture-machine.com\/wp-content\/uploads\/2021\/09\/the-basic-model-Direct-connected-rice-mill-240x180.jpg 240w\" sizes=\"auto, (max-width: 720px) 100vw, 720px\" \/><\/a><figcaption class=\"wp-element-caption\">Das Basismodell Direktverbundene Reism\u00fchle<\/figcaption><\/figure> <\/figure>    <h3 class=\"wp-block-heading\">Das aufger\u00fcstete Modell<\/h3>    <figure class=\"wp-block-gallery has-nested-images columns-default is-cropped wp-block-gallery-3 is-layout-flex wp-block-gallery-is-layout-flex\"> <figure class=\"wp-block-image size-large\"><a href=\"https:\/\/www.agriculture-machine.com\/wp-content\/uploads\/2021\/09\/The-upgraded-model-rice-mill.jpg\"><img loading=\"lazy\" decoding=\"async\" width=\"720\" height=\"540\" data-id=\"11415\" src=\"https:\/\/www.agriculture-machine.com\/wp-content\/uploads\/2021\/09\/The-upgraded-model-rice-mill.jpg\" alt=\"Das aufger\u00fcstete Modell der Reism\u00fchle\" class=\"wp-image-11415\" srcset=\"https:\/\/www.agriculture-machine.com\/wp-content\/uploads\/2021\/09\/The-upgraded-model-rice-mill.jpg 720w, https:\/\/www.agriculture-machine.com\/wp-content\/uploads\/2021\/09\/The-upgraded-model-rice-mill-360x270.jpg 360w, https:\/\/www.agriculture-machine.com\/wp-content\/uploads\/2021\/09\/The-upgraded-model-rice-mill-240x180.jpg 240w\" sizes=\"auto, (max-width: 720px) 100vw, 720px\" \/><\/a><figcaption class=\"wp-element-caption\">Das aufger\u00fcstete Modell der Reism\u00fchle<\/figcaption><\/figure>    <figure class=\"wp-block-image size-large\"><a href=\"https:\/\/www.agriculture-machine.com\/wp-content\/uploads\/2021\/09\/Upgraded-rice-mill-with-grinding-and-refining-function.jpg\"><img loading=\"lazy\" decoding=\"async\" width=\"720\" height=\"540\" data-id=\"11416\" src=\"https:\/\/www.agriculture-machine.com\/wp-content\/uploads\/2021\/09\/Upgraded-rice-mill-with-grinding-and-refining-function.jpg\" alt=\"Aufger\u00fcstete Reism\u00fchle mit Mahl- und Veredelungsfunktion\" class=\"wp-image-11416\" srcset=\"https:\/\/www.agriculture-machine.com\/wp-content\/uploads\/2021\/09\/Upgraded-rice-mill-with-grinding-and-refining-function.jpg 720w, https:\/\/www.agriculture-machine.com\/wp-content\/uploads\/2021\/09\/Upgraded-rice-mill-with-grinding-and-refining-function-360x270.jpg 360w, https:\/\/www.agriculture-machine.com\/wp-content\/uploads\/2021\/09\/Upgraded-rice-mill-with-grinding-and-refining-function-240x180.jpg 240w\" sizes=\"auto, (max-width: 720px) 100vw, 720px\" \/><\/a><figcaption class=\"wp-element-caption\">Aufger\u00fcstete Reism\u00fchle mit Mahl- und Veredelungsfunktion<\/figcaption><\/figure> <\/figure>    <h3 class=\"wp-block-heading\">Das neueste Modell<\/h3>    <figure class=\"wp-block-gallery has-nested-images columns-default is-cropped wp-block-gallery-4 is-layout-flex wp-block-gallery-is-layout-flex\"> <figure class=\"wp-block-image size-large\"><a href=\"https:\/\/www.agriculture-machine.com\/wp-content\/uploads\/2021\/09\/The-latest-model-rice-mill-with-stone-remover.jpg\"><img loading=\"lazy\" decoding=\"async\" width=\"720\" height=\"540\" data-id=\"11417\" src=\"https:\/\/www.agriculture-machine.com\/wp-content\/uploads\/2021\/09\/The-latest-model-rice-mill-with-stone-remover.jpg\" alt=\"Das neueste Modell der Reism\u00fchle mit Steinentferner\" class=\"wp-image-11417\" srcset=\"https:\/\/www.agriculture-machine.com\/wp-content\/uploads\/2021\/09\/The-latest-model-rice-mill-with-stone-remover.jpg 720w, https:\/\/www.agriculture-machine.com\/wp-content\/uploads\/2021\/09\/The-latest-model-rice-mill-with-stone-remover-360x270.jpg 360w, https:\/\/www.agriculture-machine.com\/wp-content\/uploads\/2021\/09\/The-latest-model-rice-mill-with-stone-remover-240x180.jpg 240w\" sizes=\"auto, (max-width: 720px) 100vw, 720px\" \/><\/a><figcaption class=\"wp-element-caption\">Das neueste Modell der Reism\u00fchle mit Steinentferner<\/figcaption><\/figure>    <figure class=\"wp-block-image size-large\"><a href=\"https:\/\/www.agriculture-machine.com\/wp-content\/uploads\/2021\/09\/The-latest-model-rice-milling-machine-with-stone-remover.jpg\"><img loading=\"lazy\" decoding=\"async\" width=\"720\" height=\"540\" data-id=\"11413\" src=\"https:\/\/www.agriculture-machine.com\/wp-content\/uploads\/2021\/09\/The-latest-model-rice-milling-machine-with-stone-remover.jpg\" alt=\"Das neueste Modell der Reism\u00fchle mit Steinentferner\" class=\"wp-image-11413\" srcset=\"https:\/\/www.agriculture-machine.com\/wp-content\/uploads\/2021\/09\/The-latest-model-rice-milling-machine-with-stone-remover.jpg 720w, https:\/\/www.agriculture-machine.com\/wp-content\/uploads\/2021\/09\/The-latest-model-rice-milling-machine-with-stone-remover-360x270.jpg 360w, https:\/\/www.agriculture-machine.com\/wp-content\/uploads\/2021\/09\/The-latest-model-rice-milling-machine-with-stone-remover-240x180.jpg 240w\" sizes=\"auto, (max-width: 720px) 100vw, 720px\" \/><\/a><figcaption class=\"wp-element-caption\">Das neueste Modell der Reism\u00fchle mit Steinentferner<\/figcaption><\/figure> <\/figure>    <h2 class=\"wp-block-heading\" id=\"h-working-video-of-rice-mill\">Arbeitsvideo der Reism\u00fchle<\/h2>    <figure class=\"wp-block-embed is-type-video is-provider-youtube wp-block-embed-youtube wp-embed-aspect-4-3 wp-has-aspect-ratio\"><div class=\"wp-block-embed__wrapper\"> <iframe loading=\"lazy\" title=\"Benzinbetriebene Reism\u00fchle|Reismaschine|Reism\u00fchle|Hocheffizienz-Reism\u00fchle\" width=\"500\" height=\"375\" src=\"https:\/\/www.youtube.com\/embed\/qViU3o8LdnQ?feature=oembed\" frameborder=\"0\" allow=\"accelerometer; autoplay; clipboard-write; encrypted-media; gyroscope; picture-in-picture; web-share\" referrerpolicy=\"strict-origin-when-cross-origin\" allowfullscreen><\/iframe> <\/div><\/figure>    <h2 class=\"wp-block-heading\">Parameter der Reism\u00fchle<\/h2>    <figure class=\"wp-block-table\"><table><tbody><tr><td>Modell <\/td><td>Typ 80 Reism\u00fchle<\/td><\/tr><tr><td>Wendeldrehzahl <\/td><td>1600 U\/min<\/td><\/tr><tr><td>Meter-Rollendurchmesser<\/td><td>80mm<\/td><\/tr><tr><td>Produktivit\u00e4t<\/td><td>\u2265150 kg\/h<\/td><\/tr><tr><td>Reisausbeute<\/td><td>\u226565%<\/td><\/tr><tr><td>Bruchreismenge<\/td><td>\u226430%<\/td><\/tr><tr><td>Stromverbrauch pro Tonne Material <\/td><td>\u226412 kWh\/t<\/td><\/tr><tr><td>Spannung<\/td><td>220V<\/td><\/tr><tr><td>Nennleistung <\/td><td>2,2KW<\/td><\/tr><tr><td>Zubeh\u00f6r <\/td><td>Ein- und Auslauftrichter, Motor, Riemen<\/td><\/tr><tr><td>Abmessungen (mm) <\/td><td>670x400x1090<\/td><\/tr><tr><td>Verpackungsgr\u00f6\u00dfe (mm) <\/td><td>590x660x340<\/td><\/tr><tr><td>Gewicht<\/td><td>30 kg<\/td><\/tr><\/tbody><\/table><\/figure>    <h2 class=\"wp-block-heading\">Verschiedene Konfigurationen der Reism\u00fchle<\/h2>    <p>Sie k\u00f6nnen je nach Bedarf auch eine Shakron-Staubabsaugvorrichtung und eine Selbstansaugungseinrichtung hinzuf\u00fcgen. Au\u00dferdem kann bei fehlender Stromversorgung auch ein Benzinmotor installiert werden.<\/p>    <figure class=\"wp-block-gallery has-nested-images columns-default is-cropped wp-block-gallery-5 is-layout-flex wp-block-gallery-is-layout-flex\"> <figure class=\"wp-block-image size-large\"><a href=\"https:\/\/www.agriculture-machine.com\/wp-content\/uploads\/2021\/09\/Rice-mill-with-Shacron-dust-removal-device.jpg\"><img loading=\"lazy\" decoding=\"async\" width=\"720\" height=\"540\" data-id=\"11418\" src=\"https:\/\/www.agriculture-machine.com\/wp-content\/uploads\/2021\/09\/Rice-mill-with-Shacron-dust-removal-device.jpg\" alt=\"Reism\u00fchle mit Shakron-Staubabsaugvorrichtung\" class=\"wp-image-11418\" srcset=\"https:\/\/www.agriculture-machine.com\/wp-content\/uploads\/2021\/09\/Rice-mill-with-Shacron-dust-removal-device.jpg 720w, https:\/\/www.agriculture-machine.com\/wp-content\/uploads\/2021\/09\/Rice-mill-with-Shacron-dust-removal-device-360x270.jpg 360w, https:\/\/www.agriculture-machine.com\/wp-content\/uploads\/2021\/09\/Rice-mill-with-Shacron-dust-removal-device-240x180.jpg 240w\" sizes=\"auto, (max-width: 720px) 100vw, 720px\" \/><\/a><figcaption class=\"wp-element-caption\">Reism\u00fchle mit Shakron-Staubabsaugvorrichtung<\/figcaption><\/figure> <\/figure>","protected":false},"excerpt":{"rendered":"<p>Introduction of rice miller machine The rice miller machine is a device that uses the force of mechanical equipment to peel and whitens brown rice. Working principle of the rice miller machine When the brown rice flows from the hopper into the whitening chamber, due to the internal pressure of the pressing thallium and the [&hellip;]<\/p>\n","protected":false},"author":1,"featured_media":11421,"parent":0,"comment_status":"closed","ping_status":"closed","template":"","tags":[796],"product-type":[875],"class_list":["post-11394","product","type-product","status-publish","has-post-thumbnail","hentry","tag-rice","product-type-rice-mill-category"],"_links":{"self":[{"href":"https:\/\/www.agriculture-machine.com\/de\/wp-json\/wp\/v2\/product\/11394","targetHints":{"allow":["GET"]}}],"collection":[{"href":"https:\/\/www.agriculture-machine.com\/de\/wp-json\/wp\/v2\/product"}],"about":[{"href":"https:\/\/www.agriculture-machine.com\/de\/wp-json\/wp\/v2\/types\/product"}],"author":[{"embeddable":true,"href":"https:\/\/www.agriculture-machine.com\/de\/wp-json\/wp\/v2\/users\/1"}],"replies":[{"embeddable":true,"href":"https:\/\/www.agriculture-machine.com\/de\/wp-json\/wp\/v2\/comments?post=11394"}],"wp:featuredmedia":[{"embeddable":true,"href":"https:\/\/www.agriculture-machine.com\/de\/wp-json\/wp\/v2\/media\/11421"}],"wp:attachment":[{"href":"https:\/\/www.agriculture-machine.com\/de\/wp-json\/wp\/v2\/media?parent=11394"}],"wp:term":[{"taxonomy":"post_tag","embeddable":true,"href":"https:\/\/www.agriculture-machine.com\/de\/wp-json\/wp\/v2\/tags?post=11394"},{"taxonomy":"product-type","embeddable":true,"href":"https:\/\/www.agriculture-machine.com\/de\/wp-json\/wp\/v2\/product-type?post=11394"}],"curies":[{"name":"wp","href":"https:\/\/api.w.org\/{rel}","templated":true}]}}