{"id":11439,"date":"2021-09-10T11:36:56","date_gmt":"2021-09-10T03:36:56","guid":{"rendered":"https:\/\/www.agriculture-machine.com\/?p=11439"},"modified":"2024-09-18T15:52:14","modified_gmt":"2024-09-18T07:52:14","slug":"combined-rice-mill-rice-milling-and-crushing-machine","status":"publish","type":"product","link":"https:\/\/www.agriculture-machine.com\/de\/combined-rice-mill-rice-milling-and-crushing-machine\/","title":{"rendered":"Kombinierte Reism\u00fchle | Reism\u00fchle und Zerkleinerungsmaschine"},"content":{"rendered":"<h2 class=\"wp-block-heading\" id=\"h-introduction-of-rice-milling-and-crushing-combined-machine\">Einf\u00fchrung der kombinierten Reism\u00fchle und Zerkleinerungsmaschine<\/h2>    <p>Die kombinierte Reism\u00fchle f\u00fcgt der Reismaschine einen Zerkleinerer hinzu, sodass eine Maschine zwei verschiedene Funktionen hat. Damit kann nicht nur eine Maschine f\u00fcr mehrere Zwecke genutzt werden, sondern auch die Produktionskosten der Kunden reduziert werden.<\/p>    <figure class=\"wp-block-embed is-type-video is-provider-youtube wp-block-embed-youtube wp-embed-aspect-16-9 wp-has-aspect-ratio\"><div class=\"wp-block-embed__wrapper\"> <iframe loading=\"lazy\" title=\"Geh\u00e4use-typ-Reis-Mahl- und Zerkleinerungs-Kombinationsmaschine | einfache Lagerung, kombinierte Reism\u00fchle\" width=\"500\" height=\"281\" src=\"https:\/\/www.youtube.com\/embed\/Tc7TcedbRMQ?feature=oembed\" frameborder=\"0\" allow=\"accelerometer; autoplay; clipboard-write; encrypted-media; gyroscope; picture-in-picture; web-share\" referrerpolicy=\"strict-origin-when-cross-origin\" allowfullscreen><\/iframe> <\/div><figcaption class=\"wp-element-caption\">Arbeitsplatz der kombinierten Reism\u00fchle<\/figcaption><\/figure>    <p class=\"translation-block\">Gleichzeitig verwenden zwei Maschinen einen Motor, was effizienter ist. Es eignet sich zum Zerkleinern von Mais, Sojabohnen, Pfeffer, Heilpflanzen, Gew\u00fcrzen usw. <a href=\"https:\/\/www.agriculture-machine.com\/de\/uses-and-maintenance-of-rice-mill-machine\/\">Es wird in Fabriken, l\u00e4ndlichen Haushalten, Futtermittelverarbeitungsbetrieben, kleinen Unternehmen und anderen Orten breit eingesetzt<\/a>. Au\u00dferdem k\u00f6nnen Kunden je nach Bedarf verschiedene Modelle und Ausgaben w\u00e4hlen.<\/p>    <h2 class=\"wp-block-heading\">Struktur der kombinierten Reism\u00fchle und Zerkleinerer<\/h2>    <p>Die Maschine besteht haupts\u00e4chlich aus vier Teilen: Reismaschine, Zerkleinerer, Motor und Rahmen. Die kombinierte Reism\u00fchle besteht aus einer Maschinendeckel, einer Reisscheibe, einem Reissieb, einer Klinge, einem Zuf\u00fchrer, einem Separator, einer Riemenscheibe und einer Einstellvorrichtung. Der Zerkleinerer besteht aus einem Zuf\u00fchrtrichter, einer Zerkleinerungszone, einer Entlade\u00f6ffnung, einem Rahmen und anderen Teilen.<\/p>    <figure class=\"wp-block-gallery has-nested-images columns-2 is-cropped wp-block-gallery-2 is-layout-flex wp-block-gallery-is-layout-flex\"> <figure class=\"wp-block-image size-large\"><a href=\"https:\/\/www.agriculture-machine.com\/wp-content\/uploads\/2021\/09\/structure-of-the-rice-mill-part-of-the-combined-rice-mill.jpg\"><img loading=\"lazy\" decoding=\"async\" width=\"720\" height=\"540\" data-id=\"11445\" src=\"https:\/\/www.agriculture-machine.com\/wp-content\/uploads\/2021\/09\/structure-of-the-rice-mill-part-of-the-combined-rice-mill.jpg\" alt=\"Struktur des Reism\u00fchlen-Teils der kombinierten Reism\u00fchle\" class=\"wp-image-11445\" srcset=\"https:\/\/www.agriculture-machine.com\/wp-content\/uploads\/2021\/09\/structure-of-the-rice-mill-part-of-the-combined-rice-mill.jpg 720w, https:\/\/www.agriculture-machine.com\/wp-content\/uploads\/2021\/09\/structure-of-the-rice-mill-part-of-the-combined-rice-mill-360x270.jpg 360w, https:\/\/www.agriculture-machine.com\/wp-content\/uploads\/2021\/09\/structure-of-the-rice-mill-part-of-the-combined-rice-mill-240x180.jpg 240w\" sizes=\"auto, (max-width: 720px) 100vw, 720px\" \/><\/a><figcaption class=\"wp-element-caption\">Kombinierte Reism\u00fchle<\/figcaption><\/figure>    <figure class=\"wp-block-image size-large\"><a href=\"https:\/\/www.agriculture-machine.com\/wp-content\/uploads\/2021\/09\/structure-of-the-rice-mill-part-of-the-rice-milling-and-crushing-machine.jpg\"><img loading=\"lazy\" decoding=\"async\" width=\"720\" height=\"540\" data-id=\"11446\" src=\"https:\/\/www.agriculture-machine.com\/wp-content\/uploads\/2021\/09\/structure-of-the-rice-mill-part-of-the-rice-milling-and-crushing-machine.jpg\" alt=\"Struktur des Reism\u00fchlen-Teils der Reis-Mahl- und Zerkleinerungsmaschine\" class=\"wp-image-11446\" srcset=\"https:\/\/www.agriculture-machine.com\/wp-content\/uploads\/2021\/09\/structure-of-the-rice-mill-part-of-the-rice-milling-and-crushing-machine.jpg 720w, https:\/\/www.agriculture-machine.com\/wp-content\/uploads\/2021\/09\/structure-of-the-rice-mill-part-of-the-rice-milling-and-crushing-machine-360x270.jpg 360w, https:\/\/www.agriculture-machine.com\/wp-content\/uploads\/2021\/09\/structure-of-the-rice-mill-part-of-the-rice-milling-and-crushing-machine-240x180.jpg 240w\" sizes=\"auto, (max-width: 720px) 100vw, 720px\" \/><\/a><figcaption class=\"wp-element-caption\">Reismaschine<\/figcaption><\/figure>    <figure class=\"wp-block-image size-large\"><a href=\"https:\/\/www.agriculture-machine.com\/wp-content\/uploads\/2021\/09\/structure-of-the-crushing-part-of-the-combined-rice-mill-1.jpg\"><img loading=\"lazy\" decoding=\"async\" width=\"720\" height=\"540\" data-id=\"11449\" src=\"https:\/\/www.agriculture-machine.com\/wp-content\/uploads\/2021\/09\/structure-of-the-crushing-part-of-the-combined-rice-mill-1.jpg\" alt=\"Struktur des Zerkleinerungsteils der kombinierten Reism\u00fchle-1\" class=\"wp-image-11449\" srcset=\"https:\/\/www.agriculture-machine.com\/wp-content\/uploads\/2021\/09\/structure-of-the-crushing-part-of-the-combined-rice-mill-1.jpg 720w, https:\/\/www.agriculture-machine.com\/wp-content\/uploads\/2021\/09\/structure-of-the-crushing-part-of-the-combined-rice-mill-1-360x270.jpg 360w, https:\/\/www.agriculture-machine.com\/wp-content\/uploads\/2021\/09\/structure-of-the-crushing-part-of-the-combined-rice-mill-1-240x180.jpg 240w\" sizes=\"auto, (max-width: 720px) 100vw, 720px\" \/><\/a><figcaption class=\"wp-element-caption\">Reisverarbeitungsmaschine f\u00fcr Reispaddy<\/figcaption><\/figure>    <figure class=\"wp-block-image size-large\"><a href=\"https:\/\/www.agriculture-machine.com\/wp-content\/uploads\/2021\/09\/structure-of-the-crushing-part-of-the-rice-milling-and-crushing-machine.jpg\"><img loading=\"lazy\" decoding=\"async\" width=\"720\" height=\"540\" data-id=\"11450\" src=\"https:\/\/www.agriculture-machine.com\/wp-content\/uploads\/2021\/09\/structure-of-the-crushing-part-of-the-rice-milling-and-crushing-machine.jpg\" alt=\"Struktur des Zerkleinerungsteils der Reis-Mahl- und Zerkleinerungsmaschine\" class=\"wp-image-11450\" srcset=\"https:\/\/www.agriculture-machine.com\/wp-content\/uploads\/2021\/09\/structure-of-the-crushing-part-of-the-rice-milling-and-crushing-machine.jpg 720w, https:\/\/www.agriculture-machine.com\/wp-content\/uploads\/2021\/09\/structure-of-the-crushing-part-of-the-rice-milling-and-crushing-machine-360x270.jpg 360w, https:\/\/www.agriculture-machine.com\/wp-content\/uploads\/2021\/09\/structure-of-the-crushing-part-of-the-rice-milling-and-crushing-machine-240x180.jpg 240w\" sizes=\"auto, (max-width: 720px) 100vw, 720px\" \/><\/a><figcaption class=\"wp-element-caption\">Wei\u00df-Reis-Herstellungsmaschine<\/figcaption><\/figure> <\/figure>    <h2 class=\"wp-block-heading\">Vorteile der kombinierten Reism\u00fchle <\/h2>    <ol class=\"wp-block-list\"> <li>Der Reism\u00fchlen-Teil dieser Maschine kann Reis auf einmal zu Reis verarbeiten und gleichzeitig die Trennung von Reis, Kleie und Bruchreis abschlie\u00dfen. Der zerkleinerte Teil kann zum Zerkleinern von Reis, Mais, Sorghum, Bohnen, Kartoffeln und St\u00e4ngeln verwendet werden.<\/li>    <li>Der Rahmen besteht aus hochwertigen Materialien, dicker Stahlplatte, robust und langlebig, sch\u00f6n und elegant.<\/li>    <li>Ausgezeichneter Motor, mit starker und stabiler Leistung.<\/li>    <li>Diese kombinierte Reism\u00fchle bietet die Vorteile einer vern\u00fcnftigen Struktur, eines kompakten Modells, einfacher Bedienung, bequemer Wartung, schneller Reismahlgeschwindigkeit, geringem Energieverbrauch, Sicherheit und Zuverl\u00e4ssigkeit.<\/li>    <li>Der Reism\u00fchlenraum ist aus einem St\u00fcck gegossen, und das Design der Unterst\u00fctzung an beiden Enden macht die Reissrolle stabiler, reduziert die Bruchrate effektiv und verl\u00e4ngert die Lebensdauer der Reissrolle.<\/li>    <li>Das Design des Reisschneiders, der an beiden Enden gest\u00fctzt wird, macht die Reissrolle w\u00e4hrend des Betriebs stabiler, reduziert effektiv die Bruchrate und verl\u00e4ngert die Lebensdauer der Reissrolle.<\/li>    <li>Die traditionellen Reismesser werden durch Reissrollen aus Edelstahl ersetzt, die eine \u00fcberlegene Leistung aufweisen. Das Stahlgebl\u00e4setube ist langlebiger, bricht nicht leicht und hat eine lange Lebensdauer.<\/li>    <li>Sie k\u00f6nnen die L\u00fcckenweite des Reissiebs f\u00fcr die Installation w\u00e4hlen.<\/li> <\/ol>    <h2 class=\"wp-block-heading\">Funktionsprinzip der Reism\u00fchle und Zerkleinerungsmaschine<\/h2>    <h3 class=\"wp-block-heading\">Reism\u00fchlen-Teil:<\/h3>    <p>Der Reis gelangt durch den Zuf\u00fchrer in die Reism\u00fchle, wird dann durch Lager und Reisschneidebl\u00e4tter gepresst. In diesem Schritt wird der Reis geh\u00fcllt und zur Entlade\u00f6ffnung entlassen. <\/p>    <p>Das einzigartige Entladeport-Design trennt den ganzen Reis vom Bruchreis. Gleichzeitig gelangt die Brankohle in die Kleiebag durch den Sieb, und der Benutzer kann die Kleie als Futter verwenden.<\/p>    <figure class=\"wp-block-gallery has-nested-images columns-default is-cropped wp-block-gallery-3 is-layout-flex wp-block-gallery-is-layout-flex\"> <figure class=\"wp-block-image size-large\"><a href=\"https:\/\/www.agriculture-machine.com\/wp-content\/uploads\/2021\/09\/The-rice-milling-part-of-the-combined-rice-mill-scaled.jpg\"><img loading=\"lazy\" decoding=\"async\" width=\"720\" height=\"480\" data-id=\"11531\" src=\"https:\/\/www.agriculture-machine.com\/wp-content\/uploads\/2021\/09\/The-rice-milling-part-of-the-combined-rice-mill-720x480.jpg\" alt=\"Der Reism\u00fchlen-Teil der kombinierten Reism\u00fchle\" class=\"wp-image-11531\" srcset=\"https:\/\/www.agriculture-machine.com\/wp-content\/uploads\/2021\/09\/The-rice-milling-part-of-the-combined-rice-mill-720x480.jpg 720w, https:\/\/www.agriculture-machine.com\/wp-content\/uploads\/2021\/09\/The-rice-milling-part-of-the-combined-rice-mill-360x240.jpg 360w, https:\/\/www.agriculture-machine.com\/wp-content\/uploads\/2021\/09\/The-rice-milling-part-of-the-combined-rice-mill-768x512.jpg 768w, https:\/\/www.agriculture-machine.com\/wp-content\/uploads\/2021\/09\/The-rice-milling-part-of-the-combined-rice-mill-1536x1024.jpg 1536w, https:\/\/www.agriculture-machine.com\/wp-content\/uploads\/2021\/09\/The-rice-milling-part-of-the-combined-rice-mill-2048x1365.jpg 2048w\" sizes=\"auto, (max-width: 720px) 100vw, 720px\" \/><\/a><figcaption class=\"wp-element-caption\">Der Reism\u00fchlen-Teil <\/figcaption><\/figure> <\/figure>    <h3 class=\"wp-block-heading\">Zerkleinerungsteil:<\/h3>    <p>Das Rohmaterial wird st\u00e4ndig in der hochgeschwindigkeitsrotierenden Zahnscheibe getroffen und wird dann pulverf\u00f6rmig. Verschiedene Siebeins\u00e4tze kontrollieren die Partikelgr\u00f6\u00dfe des Pulvers.<\/p>    <figure class=\"wp-block-gallery has-nested-images columns-default is-cropped wp-block-gallery-4 is-layout-flex wp-block-gallery-is-layout-flex\"> <figure class=\"wp-block-image size-large\"><a href=\"https:\/\/www.agriculture-machine.com\/wp-content\/uploads\/2021\/09\/The-crushing-part-of-the-combined-rice-mill-scaled.jpg\"><img loading=\"lazy\" decoding=\"async\" width=\"720\" height=\"540\" data-id=\"11532\" src=\"https:\/\/www.agriculture-machine.com\/wp-content\/uploads\/2021\/09\/The-crushing-part-of-the-combined-rice-mill-720x540.jpg\" alt=\"Der Zerkleinerungsteil der kombinierten Reism\u00fchle\" class=\"wp-image-11532\" srcset=\"https:\/\/www.agriculture-machine.com\/wp-content\/uploads\/2021\/09\/The-crushing-part-of-the-combined-rice-mill-720x540.jpg 720w, https:\/\/www.agriculture-machine.com\/wp-content\/uploads\/2021\/09\/The-crushing-part-of-the-combined-rice-mill-360x270.jpg 360w, https:\/\/www.agriculture-machine.com\/wp-content\/uploads\/2021\/09\/The-crushing-part-of-the-combined-rice-mill-240x180.jpg 240w, https:\/\/www.agriculture-machine.com\/wp-content\/uploads\/2021\/09\/The-crushing-part-of-the-combined-rice-mill-768x576.jpg 768w, https:\/\/www.agriculture-machine.com\/wp-content\/uploads\/2021\/09\/The-crushing-part-of-the-combined-rice-mill-1536x1152.jpg 1536w, https:\/\/www.agriculture-machine.com\/wp-content\/uploads\/2021\/09\/The-crushing-part-of-the-combined-rice-mill-2048x1536.jpg 2048w\" sizes=\"auto, (max-width: 720px) 100vw, 720px\" \/><\/a><figcaption class=\"wp-element-caption\">Der Zerkleinerungsteil<\/figcaption><\/figure> <\/figure>    <h2 class=\"wp-block-heading\">Arbeitsvideo der Reism\u00fchle<\/h2>    <figure class=\"wp-block-embed is-type-video is-provider-youtube wp-block-embed-youtube wp-embed-aspect-16-9 wp-has-aspect-ratio\"><div class=\"wp-block-embed__wrapper\"> <iframe loading=\"lazy\" title=\"Kombinierte Reism\u00fchle |\u00a0Reis-Mahl- und Zerkleinerungsmaschine|Reis-Mahl- und Zerkleinerungskombination\" width=\"500\" height=\"281\" src=\"https:\/\/www.youtube.com\/embed\/ZmceG6M6LfY?feature=oembed\" frameborder=\"0\" allow=\"accelerometer; autoplay; clipboard-write; encrypted-media; gyroscope; picture-in-picture; web-share\" referrerpolicy=\"strict-origin-when-cross-origin\" allowfullscreen><\/iframe> <\/div><figcaption class=\"wp-element-caption\">Integrierter Reissch\u00e4lprozess<\/figcaption><\/figure>    <h2 class=\"wp-block-heading\">Parameter der kombinierten Reism\u00fchle<\/h2>    <figure class=\"wp-block-table is-style-stripes\"><table><tbody><tr><td>Modell<\/td><td>6N80-9FZ23-Kombinierte-Reism\u00fchle<\/td><\/tr><tr><td>Nennmotorleistung <\/td><td>1600 U\/min<br><\/td><\/tr><tr><td>Meter-Rollendurchmesser <\/td><td>80mm<\/td><\/tr><tr><td>Produktivit\u00e4t der Reismaschine <\/td><td>\u2265150 kg\/h<\/td><\/tr><tr><td>Reisausbeute <\/td><td>\u226565%<\/td><\/tr><tr><td>Bruchreismenge <\/td><td>\u226430%<\/td><\/tr><tr><td>Durchmesser des Siebrings <\/td><td>\u2265150 kg\/h<\/td><\/tr><tr><td>Rotordurchmesser <\/td><td>230mm<\/td><\/tr><tr><td>Durchmesser des Siegrings <\/td><td>280mm<\/td><\/tr><tr><td>Siebl\u00e4nge (mm) <\/td><td>840\u00d7100<\/td><\/tr><tr><td>Zubeh\u00f6r <\/td><td>Ein- und Auslass des Trichters, 2 Sets Siebe, Schutzabdeckung, Motorrad, Keilriemen<\/td><\/tr><\/tbody><\/table><figcaption class=\"wp-element-caption\">Technische Daten der Reispaddy-Mahlmaschine<\/figcaption><\/figure>    <h2 class=\"wp-block-heading\">Modell und Konfiguration<\/h2>    <p>Unter den bestehenden Basismodellen k\u00f6nnen Sie Einzelbeh\u00e4lter- oder Doppelbeh\u00e4lter-Reis-Mahl- und Zerkleinerungskombinationen, Kombinationsmaschinen und Geh\u00e4use-typ-Reis-Mahl- und Zerkleinerungssysteme w\u00e4hlen. Au\u00dferdem k\u00f6nnen Sie im aufger\u00fcsteten Modell die mit Klauenmei\u00dfel ausgestattete Variante oder die mit Mahl- und Verfeinerungsfunktion w\u00e4hlen. Gleichzeitig ist die Leistungswahl unserer kombinierten Reism\u00fchle ein hochwertiger Motor, der die Lebensdauer Ihrer Maschine verl\u00e4ngern kann.<\/p>    <figure class=\"wp-block-gallery has-nested-images columns-3 is-cropped wp-block-gallery-5 is-layout-flex wp-block-gallery-is-layout-flex\"> <figure class=\"wp-block-image size-large\"><a href=\"https:\/\/www.agriculture-machine.com\/wp-content\/uploads\/2021\/09\/type-100-30-double-bucket-rice-milling-and-crushing-combined-machine.jpg\"><img loading=\"lazy\" decoding=\"async\" width=\"720\" height=\"540\" data-id=\"11524\" src=\"https:\/\/www.agriculture-machine.com\/wp-content\/uploads\/2021\/09\/type-100-30-double-bucket-rice-milling-and-crushing-combined-machine.jpg\" alt=\"Typ-100-30-Doppelbeh\u00e4lter-Reis-Mahl- und Zerkleinerungs-Kombinationsmaschine\" class=\"wp-image-11524\" srcset=\"https:\/\/www.agriculture-machine.com\/wp-content\/uploads\/2021\/09\/type-100-30-double-bucket-rice-milling-and-crushing-combined-machine.jpg 720w, https:\/\/www.agriculture-machine.com\/wp-content\/uploads\/2021\/09\/type-100-30-double-bucket-rice-milling-and-crushing-combined-machine-360x270.jpg 360w, https:\/\/www.agriculture-machine.com\/wp-content\/uploads\/2021\/09\/type-100-30-double-bucket-rice-milling-and-crushing-combined-machine-240x180.jpg 240w\" sizes=\"auto, (max-width: 720px) 100vw, 720px\" \/><\/a><figcaption class=\"wp-element-caption\">Typ-100-30-Doppelbeh\u00e4lter-Reis-Mahl- und Zerkleinerungs-Kombinationsmaschine<\/figcaption><\/figure>    <figure class=\"wp-block-image size-large\"><a href=\"https:\/\/www.agriculture-machine.com\/wp-content\/uploads\/2021\/09\/ZLN4-21-combined-rice-mill.jpg\"><img loading=\"lazy\" decoding=\"async\" width=\"720\" height=\"540\" data-id=\"11527\" src=\"https:\/\/www.agriculture-machine.com\/wp-content\/uploads\/2021\/09\/ZLN4-21-combined-rice-mill.jpg\" alt=\"ZLN4-21-Kombinierte-Reism\u00fchle\" class=\"wp-image-11527\" srcset=\"https:\/\/www.agriculture-machine.com\/wp-content\/uploads\/2021\/09\/ZLN4-21-combined-rice-mill.jpg 720w, https:\/\/www.agriculture-machine.com\/wp-content\/uploads\/2021\/09\/ZLN4-21-combined-rice-mill-360x270.jpg 360w, https:\/\/www.agriculture-machine.com\/wp-content\/uploads\/2021\/09\/ZLN4-21-combined-rice-mill-240x180.jpg 240w\" sizes=\"auto, (max-width: 720px) 100vw, 720px\" \/><\/a><figcaption class=\"wp-element-caption\">ZLN4-21-Kombinierte-Reism\u00fchle<\/figcaption><\/figure>    <figure class=\"wp-block-image size-large\"><a href=\"https:\/\/www.agriculture-machine.com\/wp-content\/uploads\/2021\/09\/type-40B-20-combined-rice-mill.jpg\"><img loading=\"lazy\" decoding=\"async\" width=\"720\" height=\"540\" data-id=\"11523\" src=\"https:\/\/www.agriculture-machine.com\/wp-content\/uploads\/2021\/09\/type-40B-20-combined-rice-mill.jpg\" alt=\"Typ-40B-20-Kombinierte-Reism\u00fchle\" class=\"wp-image-11523\" srcset=\"https:\/\/www.agriculture-machine.com\/wp-content\/uploads\/2021\/09\/type-40B-20-combined-rice-mill.jpg 720w, https:\/\/www.agriculture-machine.com\/wp-content\/uploads\/2021\/09\/type-40B-20-combined-rice-mill-360x270.jpg 360w, https:\/\/www.agriculture-machine.com\/wp-content\/uploads\/2021\/09\/type-40B-20-combined-rice-mill-240x180.jpg 240w\" sizes=\"auto, (max-width: 720px) 100vw, 720px\" \/><\/a><figcaption class=\"wp-element-caption\">Typ-40B-20-Kombinierte-Reism\u00fchle<\/figcaption><\/figure>    <figure class=\"wp-block-image size-large\"><a href=\"https:\/\/www.agriculture-machine.com\/wp-content\/uploads\/2021\/09\/Upgraded-combined-rice-mill-with-claw-crusher.jpg\"><img loading=\"lazy\" decoding=\"async\" width=\"720\" height=\"540\" data-id=\"11525\" src=\"https:\/\/www.agriculture-machine.com\/wp-content\/uploads\/2021\/09\/Upgraded-combined-rice-mill-with-claw-crusher.jpg\" alt=\"Aufger\u00fcstete-Kombinierte-Reism\u00fchle-mit-Klauenzerkleinerer\" class=\"wp-image-11525\" srcset=\"https:\/\/www.agriculture-machine.com\/wp-content\/uploads\/2021\/09\/Upgraded-combined-rice-mill-with-claw-crusher.jpg 720w, https:\/\/www.agriculture-machine.com\/wp-content\/uploads\/2021\/09\/Upgraded-combined-rice-mill-with-claw-crusher-360x270.jpg 360w, https:\/\/www.agriculture-machine.com\/wp-content\/uploads\/2021\/09\/Upgraded-combined-rice-mill-with-claw-crusher-240x180.jpg 240w\" sizes=\"auto, (max-width: 720px) 100vw, 720px\" \/><\/a><figcaption class=\"wp-element-caption\">Aufger\u00fcstete-Kombinierte-Reism\u00fchle-mit-Klauenzerkleinerer<\/figcaption><\/figure>    <figure class=\"wp-block-image size-large\"><a href=\"https:\/\/www.agriculture-machine.com\/wp-content\/uploads\/2021\/09\/Combined-rice-mill-with-grinding-and-refining-function.jpg\"><img loading=\"lazy\" decoding=\"async\" width=\"720\" height=\"540\" data-id=\"11522\" src=\"https:\/\/www.agriculture-machine.com\/wp-content\/uploads\/2021\/09\/Combined-rice-mill-with-grinding-and-refining-function.jpg\" alt=\"Kombinierte-Reism\u00fchle-mit-Mahl- und Verfeinerungsfunktion\" class=\"wp-image-11522\" srcset=\"https:\/\/www.agriculture-machine.com\/wp-content\/uploads\/2021\/09\/Combined-rice-mill-with-grinding-and-refining-function.jpg 720w, https:\/\/www.agriculture-machine.com\/wp-content\/uploads\/2021\/09\/Combined-rice-mill-with-grinding-and-refining-function-360x270.jpg 360w, https:\/\/www.agriculture-machine.com\/wp-content\/uploads\/2021\/09\/Combined-rice-mill-with-grinding-and-refining-function-240x180.jpg 240w\" sizes=\"auto, (max-width: 720px) 100vw, 720px\" \/><\/a><figcaption class=\"wp-element-caption\">Kombinierte-Reism\u00fchle-mit-Mahl- und Verfeinerungsfunktion<\/figcaption><\/figure>    <figure class=\"wp-block-image size-large\"><a href=\"https:\/\/www.agriculture-machine.com\/wp-content\/uploads\/2021\/09\/Cabinet-type-rice-milling-and-crushing-machine.jpg\"><img loading=\"lazy\" decoding=\"async\" width=\"720\" height=\"540\" data-id=\"11521\" src=\"https:\/\/www.agriculture-machine.com\/wp-content\/uploads\/2021\/09\/Cabinet-type-rice-milling-and-crushing-machine.jpg\" alt=\"Geh\u00e4use-typ-Reis-Mahl- und Zerkleinerungsmaschine\" class=\"wp-image-11521\" srcset=\"https:\/\/www.agriculture-machine.com\/wp-content\/uploads\/2021\/09\/Cabinet-type-rice-milling-and-crushing-machine.jpg 720w, https:\/\/www.agriculture-machine.com\/wp-content\/uploads\/2021\/09\/Cabinet-type-rice-milling-and-crushing-machine-360x270.jpg 360w, https:\/\/www.agriculture-machine.com\/wp-content\/uploads\/2021\/09\/Cabinet-type-rice-milling-and-crushing-machine-240x180.jpg 240w\" sizes=\"auto, (max-width: 720px) 100vw, 720px\" \/><\/a><figcaption class=\"wp-element-caption\">Geh\u00e4use-typ-Reis-Mahl- und Zerkleinerungsmaschine<\/figcaption><\/figure> <\/figure>    <h2 class=\"wp-block-heading\">Kontaktieren Sie uns jederzeit<\/h2>    <p>Wenn Sie an unserer fortschrittlichen kombinierten Reism\u00fchle interessiert sind, wenden Sie sich bitte an unser professionelles Team f\u00fcr weitere Details. Wir freuen uns, Ihnen ma\u00dfgeschneiderte L\u00f6sungen anzubieten, um Ihre Reisverarbeitungsbed\u00fcrfnisse zu erf\u00fcllen.<\/p>","protected":false},"excerpt":{"rendered":"<p>Mit verbesserter Mahlleistung und feiner Reiskontrolle stellen unsere fortschrittlichen kombinierten Reism\u00fchlen sicher, dass die Qualit\u00e4t und der Geschmack des fertigen Reises optimal sind.<\/p>","protected":false},"author":1,"featured_media":15235,"parent":0,"comment_status":"closed","ping_status":"closed","template":"","tags":[796],"product-type":[875],"class_list":["post-11439","product","type-product","status-publish","has-post-thumbnail","hentry","tag-rice","product-type-rice-mill-category"],"_links":{"self":[{"href":"https:\/\/www.agriculture-machine.com\/de\/wp-json\/wp\/v2\/product\/11439","targetHints":{"allow":["GET"]}}],"collection":[{"href":"https:\/\/www.agriculture-machine.com\/de\/wp-json\/wp\/v2\/product"}],"about":[{"href":"https:\/\/www.agriculture-machine.com\/de\/wp-json\/wp\/v2\/types\/product"}],"author":[{"embeddable":true,"href":"https:\/\/www.agriculture-machine.com\/de\/wp-json\/wp\/v2\/users\/1"}],"replies":[{"embeddable":true,"href":"https:\/\/www.agriculture-machine.com\/de\/wp-json\/wp\/v2\/comments?post=11439"}],"wp:featuredmedia":[{"embeddable":true,"href":"https:\/\/www.agriculture-machine.com\/de\/wp-json\/wp\/v2\/media\/15235"}],"wp:attachment":[{"href":"https:\/\/www.agriculture-machine.com\/de\/wp-json\/wp\/v2\/media?parent=11439"}],"wp:term":[{"taxonomy":"post_tag","embeddable":true,"href":"https:\/\/www.agriculture-machine.com\/de\/wp-json\/wp\/v2\/tags?post=11439"},{"taxonomy":"product-type","embeddable":true,"href":"https:\/\/www.agriculture-machine.com\/de\/wp-json\/wp\/v2\/product-type?post=11439"}],"curies":[{"name":"wp","href":"https:\/\/api.w.org\/{rel}","templated":true}]}}