{"id":11660,"date":"2021-10-15T16:29:24","date_gmt":"2021-10-15T08:29:24","guid":{"rendered":"https:\/\/www.agriculture-machine.com\/?p=11660"},"modified":"2026-02-11T17:21:38","modified_gmt":"2026-02-11T09:21:38","slug":"peanut-planter-peanut-planting-machine","status":"publish","type":"product","link":"https:\/\/www.agriculture-machine.com\/de\/peanut-planter-peanut-planting-machine\/","title":{"rendered":"Erdnuss-Pflanzer Groundnut-Samen-S\u00e4maschine"},"content":{"rendered":"<p>Der Erdnuss-Pflanzer integriert D\u00fcngen, S\u00e4en und Bodenbedeckung in eine Einheit. Optional k\u00f6nnen Funktionen wie Spr\u00fchen, Mulchen, Walzen und Rototillern je nach Pflanzanforderungen ausgew\u00e4hlt werden, um Mehrzweckbetrieb zu erm\u00f6glichen und mehrere Prozesse in einem Durchgang abzuschlie\u00dfen.<\/p>    <p>Das Ger\u00e4t bietet mehrere Konfigurationen, darunter 2-Reihen-, 4-Reihen-, 6-Reihen- und 8-Reihen-Modelle, mit anpassbarer Reihenanzahl. Es unterst\u00fctzt verschiedene Pflanzmethoden wie H\u00fcgelkultivierung, Plastikmulchpflanzung und Flachlandpflanzung.<\/p>    <p>Mechanized operation significantly boosts planting efficiency. Compared to traditional manual methods, it saves substantial labor time, reduces farmers&#8217; workload intensity, and enhances planting standardization, making it the ideal equipment for modern large-scale peanut cultivation.<\/p>    <figure class=\"wp-block-embed aligncenter is-type-video is-provider-youtube wp-block-embed-youtube wp-embed-aspect-16-9 wp-has-aspect-ratio\"><div class=\"wp-block-embed__wrapper\"> <iframe loading=\"lazy\" title=\"Neue moderne landwirtschaftliche Technologie! Die Erdnuss-Pflanzmaschine hilft beim Ernten mit einem Klick \ud83c\udf31\ud83d\ude9c#erdnuss #pflanzmaschine\" width=\"500\" height=\"281\" src=\"https:\/\/www.youtube.com\/embed\/s8vec3aw-vU?feature=oembed\" frameborder=\"0\" allow=\"accelerometer; autoplay; clipboard-write; encrypted-media; gyroscope; picture-in-picture; web-share\" referrerpolicy=\"strict-origin-when-cross-origin\" allowfullscreen><\/iframe> <\/div><figcaption class=\"wp-element-caption\">Schnelle und pr\u00e4zise Pflanztechniken f\u00fcr Erdnusspflanzmaschinen.<\/figcaption><\/figure>    <h2 class=\"wp-block-heading\" id=\"h-what-is-peanut-planter\">Was sind die Funktionen der Erdnuss-Pflanzmaschine?<\/h2>    <p id=\"Peanut-planter\">Die Erdnuss-Pflanzmaschine ist eine Dreipunkt-Schleppmaschine f\u00fcr umfassende Erdnuss-Pflanzarbeiten. Diese Maschine muss mit einem Traktor betrieben werden. Mit dieser Erdnuss-Pflanzmaschine k\u00f6nnen gleichzeitig Arbeiten wie Graben, H\u00fcgelbildung, Aussaat, D\u00fcngung, Spr\u00fchen, Vergraben von Tropfbew\u00e4sserungsschl\u00e4uchen, Folienmulchen und Bodenbedeckung durchgef\u00fchrt werden.<\/p>    <p id=\"Peanut-planter\">Also, this peanut planter&#8217;s ridge width, ridge height, seeding depth, seed number, row spacing, ridge distance, film width, and hanging position are all adjustable. Compared with manual operation, it can improve work efficiency by more than 20 times and can ensure consistent seeding row spacing, plant spacing, and depth.<\/p>    <figure class=\"wp-block-gallery has-nested-images columns-default is-cropped wp-block-gallery-2 is-layout-flex wp-block-gallery-is-layout-flex\"> <figure class=\"wp-block-image size-large\"><img loading=\"lazy\" decoding=\"async\" width=\"720\" height=\"540\" data-id=\"15656\" src=\"https:\/\/www.agriculture-machine.com\/wp-content\/uploads\/2021\/10\/6-row-groundnut-planting-machine.webp\" alt=\"6-Reihen-Erdnuss-Pflanzmaschine\" class=\"wp-image-15656\" srcset=\"https:\/\/www.agriculture-machine.com\/wp-content\/uploads\/2021\/10\/6-row-groundnut-planting-machine.webp 720w, https:\/\/www.agriculture-machine.com\/wp-content\/uploads\/2021\/10\/6-row-groundnut-planting-machine-360x270.webp 360w, https:\/\/www.agriculture-machine.com\/wp-content\/uploads\/2021\/10\/6-row-groundnut-planting-machine-240x180.webp 240w\" sizes=\"auto, (max-width: 720px) 100vw, 720px\" \/><figcaption class=\"wp-element-caption\">6-Reihen-Erdnuss-Pflanzmaschine<\/figcaption><\/figure>    <figure class=\"wp-block-image size-large\"><img loading=\"lazy\" decoding=\"async\" width=\"720\" height=\"540\" data-id=\"15657\" src=\"https:\/\/www.agriculture-machine.com\/wp-content\/uploads\/2021\/10\/tractor-driven-planter.webp\" alt=\"Traktorgetriebene Pflanzmaschine\" class=\"wp-image-15657\" srcset=\"https:\/\/www.agriculture-machine.com\/wp-content\/uploads\/2021\/10\/tractor-driven-planter.webp 720w, https:\/\/www.agriculture-machine.com\/wp-content\/uploads\/2021\/10\/tractor-driven-planter-360x270.webp 360w, https:\/\/www.agriculture-machine.com\/wp-content\/uploads\/2021\/10\/tractor-driven-planter-240x180.webp 240w\" sizes=\"auto, (max-width: 720px) 100vw, 720px\" \/><figcaption class=\"wp-element-caption\">Traktorgetriebene Pflanzmaschine<\/figcaption><\/figure> <\/figure>    <h2 class=\"wp-block-heading\">Vorteile der Erdnuss-S\u00e4maschine<\/h2>    <ul class=\"wp-block-list\"> <li>In der Lage, mehrere Prozesse in einem Durchgang abzuschlie\u00dfen, einschlie\u00dflich S\u00e4en, D\u00fcngen, Nivellieren, Spr\u00fchen, Mulchen, Mulchpressen und Bodenbedeckung.<\/li>    <li>Erh\u00e4ltlich in Konfigurationen mit 2, 4, 6 und 8 Reihen, mit anpassbarer Reihenanzahl, um unterschiedliche Pflanzenskalen abzudecken.<\/li>    <li>Verf\u00fcgt \u00fcber hochpr\u00e4zise Samendispensersysteme f\u00fcr gleichm\u00e4\u00dfiges S\u00e4en, minimiert Aussetzer und Samensch\u00e4den und stellt sicher, dass der Pflanzabstand den agronomischen Standards entspricht.<\/li>    <li>Geringer mechanischer Widerstand reduziert den Energieverbrauch um etwa 30 %, spart Stromkosten.<\/li>    <li>Hohe Anpassungsf\u00e4higkeit sorgt f\u00fcr einen stabilen Betrieb, selbst in Feldern mit Unkraut oder suboptimaler Bodenbearbeitung.<\/li>    <li>Ausgestattet mit einem Folienpressmechanismus, der manuelle Arbeit eliminiert, verhindert effektiv, dass Plastikmulch durch starken Wind angehoben wird, und erh\u00f6ht die Pflanzstabilit\u00e4t.<\/li> <\/ul>    <figure class=\"wp-block-gallery has-nested-images columns-2 is-cropped wp-block-gallery-3 is-layout-flex wp-block-gallery-is-layout-flex\"> <figure class=\"wp-block-image size-large\"><img loading=\"lazy\" decoding=\"async\" width=\"720\" height=\"540\" data-id=\"12760\" src=\"https:\/\/www.agriculture-machine.com\/wp-content\/uploads\/2022\/03\/4-rows-peanut-planter2.jpg\" alt=\"4-Reihen-Erdnuss-Pflanzmaschine\" class=\"wp-image-12760\" title=\"4-Reihen-Erdnuss-Pflanzmaschine\" srcset=\"https:\/\/www.agriculture-machine.com\/wp-content\/uploads\/2022\/03\/4-rows-peanut-planter2.jpg 720w, https:\/\/www.agriculture-machine.com\/wp-content\/uploads\/2022\/03\/4-rows-peanut-planter2-360x270.jpg 360w, https:\/\/www.agriculture-machine.com\/wp-content\/uploads\/2022\/03\/4-rows-peanut-planter2-240x180.jpg 240w\" sizes=\"auto, (max-width: 720px) 100vw, 720px\" \/><figcaption class=\"wp-element-caption\">4-Reihen-Erdnuss-Pflanzmaschine<\/figcaption><\/figure>    <figure class=\"wp-block-image size-large\"><img loading=\"lazy\" decoding=\"async\" width=\"720\" height=\"540\" data-id=\"12761\" src=\"https:\/\/www.agriculture-machine.com\/wp-content\/uploads\/2022\/03\/gronudnut-planter2.jpg\" alt=\"Erdnuss-Pflanzmaschine\" class=\"wp-image-12761\" title=\"Erdnuss-Pflanzmaschine\" srcset=\"https:\/\/www.agriculture-machine.com\/wp-content\/uploads\/2022\/03\/gronudnut-planter2.jpg 720w, https:\/\/www.agriculture-machine.com\/wp-content\/uploads\/2022\/03\/gronudnut-planter2-360x270.jpg 360w, https:\/\/www.agriculture-machine.com\/wp-content\/uploads\/2022\/03\/gronudnut-planter2-240x180.jpg 240w\" sizes=\"auto, (max-width: 720px) 100vw, 720px\" \/><figcaption class=\"wp-element-caption\">Erdnuss-Pflanzmaschine<\/figcaption><\/figure>    <figure class=\"wp-block-image size-large\"><img loading=\"lazy\" decoding=\"async\" width=\"720\" height=\"540\" data-id=\"12762\" src=\"https:\/\/www.agriculture-machine.com\/wp-content\/uploads\/2022\/03\/peanut-seeder2.jpg\" alt=\"Erdnuss-S\u00e4maschine\" class=\"wp-image-12762\" title=\"Erdnuss-S\u00e4maschine\" srcset=\"https:\/\/www.agriculture-machine.com\/wp-content\/uploads\/2022\/03\/peanut-seeder2.jpg 720w, https:\/\/www.agriculture-machine.com\/wp-content\/uploads\/2022\/03\/peanut-seeder2-360x270.jpg 360w, https:\/\/www.agriculture-machine.com\/wp-content\/uploads\/2022\/03\/peanut-seeder2-240x180.jpg 240w\" sizes=\"auto, (max-width: 720px) 100vw, 720px\" \/><figcaption class=\"wp-element-caption\">Erdnuss-S\u00e4maschine<\/figcaption><\/figure>    <figure class=\"wp-block-image size-large\"><img loading=\"lazy\" decoding=\"async\" width=\"720\" height=\"540\" data-id=\"12763\" src=\"https:\/\/www.agriculture-machine.com\/wp-content\/uploads\/2022\/03\/peanut-sowing-machine2.jpg\" alt=\"Erdnuss-Aussaatmaschine\" class=\"wp-image-12763\" title=\"Erdnuss-Aussaatmaschine\" srcset=\"https:\/\/www.agriculture-machine.com\/wp-content\/uploads\/2022\/03\/peanut-sowing-machine2.jpg 720w, https:\/\/www.agriculture-machine.com\/wp-content\/uploads\/2022\/03\/peanut-sowing-machine2-360x270.jpg 360w, https:\/\/www.agriculture-machine.com\/wp-content\/uploads\/2022\/03\/peanut-sowing-machine2-240x180.jpg 240w\" sizes=\"auto, (max-width: 720px) 100vw, 720px\" \/><figcaption class=\"wp-element-caption\">Erdnuss-Aussaatmaschine<\/figcaption><\/figure> <figcaption class=\"blocks-gallery-caption wp-element-caption\">S\u00e4maschine f\u00fcr Erdn\u00fcsse<\/figcaption><\/figure>    <h2 class=\"wp-block-heading\">Groundnut planter&#8217;s working process<\/h2>    <p>Zuerst gelangt der D\u00fcnger im D\u00fcngerbeh\u00e4lter durch die \u00e4u\u00dfere Radnut-D\u00fcgeleinrichtung in den D\u00fcngerschaufel. Die Schaufel gr\u00e4bt die Bodenschicht, w\u00e4hrend sie den D\u00fcnger auf den Boden aufbringt. <\/p>    <p>Wenn die Pflanzmaschine den D\u00fcngungsprozess abschlie\u00dft, gelangen die Samen im Samenz\u00e4hler unter Antrieb des Zahnrads in den Graben. Die Samen im Aussaatkasten gelangen so in die Pflanzmaschine.<\/p>    <p>Das Abwurfsystem f\u00fcr Gr\u00e4ben s\u00e4t die Erdnusssamen gleichm\u00e4\u00dfig in die beiden Gr\u00e4ben, w\u00e4hrend es Erde und Graben auswirft, um den S\u00e4hvorgang abzuschlie\u00dfen.<\/p>    <p>Der Herbizidbeh\u00e4lter ist an der Vorderseite des Traktors montiert, und das Luftansaugende ist am Luftauslass des Luftspeicherbeh\u00e4lters des Traktor-Kompressors angebracht. Der Traktor kann einen bestimmten Luftdruck aufbringen, um das Spr\u00fchen zu erm\u00f6glichen und gleichzeitig das H\u00fcgelbild zu erstellen.<\/p>    <figure class=\"wp-block-embed aligncenter is-type-video is-provider-youtube wp-block-embed-youtube wp-embed-aspect-16-9 wp-has-aspect-ratio\"><div class=\"wp-block-embed__wrapper\"> <iframe loading=\"lazy\" title=\"Erdnuss-Pflanzmaschine \/ Erdnuss-Pflanzer \/ 4-Reihen-Erdnuss-Pflanzer\" width=\"500\" height=\"281\" src=\"https:\/\/www.youtube.com\/embed\/g6o8jZJtyzg?list=PL58YSJlfYgUlCsCeUwNyy0Ae_f8BI3080\" frameborder=\"0\" allow=\"accelerometer; autoplay; clipboard-write; encrypted-media; gyroscope; picture-in-picture; web-share\" referrerpolicy=\"strict-origin-when-cross-origin\" allowfullscreen><\/iframe> <\/div><figcaption class=\"wp-element-caption\">Multi-functional peanut planter&#8217;s working video<\/figcaption><\/figure>    <h2 class=\"wp-block-heading\" id=\"h-peanut-planting-machine-s-model\">Peanut planting machine&#8217;s model<\/h2>    <p>2BH-2 Typ (eine Reihe, zwei Reihen), 2BH-4 Typ (zwei Reihen, vier Reihen), 2BH-6 Typ (drei Reihen, sechs Reihen)<\/p>    <p>Dies sind die beliebteren Modelle. Nat\u00fcrlich haben wir auch 8-Reihen-Modelle und bem\u00fchen uns, Ihre Bed\u00fcrfnisse bestm\u00f6glich zu erf\u00fcllen.<\/p>    <figure class=\"wp-block-gallery has-nested-images columns-3 is-cropped wp-block-gallery-4 is-layout-flex wp-block-gallery-is-layout-flex\"> <figure class=\"wp-block-image size-large\"><img loading=\"lazy\" decoding=\"async\" width=\"720\" height=\"540\" data-id=\"12767\" src=\"https:\/\/www.agriculture-machine.com\/wp-content\/uploads\/2022\/03\/2-row-groundnut-seed-planter1.jpg\" alt=\"2-Reihen-Erdnuss-S\u00e4maschine\" class=\"wp-image-12767\" title=\"2-Reihen-Erdnuss-S\u00e4maschine\" srcset=\"https:\/\/www.agriculture-machine.com\/wp-content\/uploads\/2022\/03\/2-row-groundnut-seed-planter1.jpg 720w, https:\/\/www.agriculture-machine.com\/wp-content\/uploads\/2022\/03\/2-row-groundnut-seed-planter1-360x270.jpg 360w, https:\/\/www.agriculture-machine.com\/wp-content\/uploads\/2022\/03\/2-row-groundnut-seed-planter1-240x180.jpg 240w\" sizes=\"auto, (max-width: 720px) 100vw, 720px\" \/><figcaption class=\"wp-element-caption\">2-Reihen-Erdnuss-S\u00e4maschine<\/figcaption><\/figure>    <figure class=\"wp-block-image size-large\"><img loading=\"lazy\" decoding=\"async\" width=\"720\" height=\"540\" data-id=\"12769\" src=\"https:\/\/www.agriculture-machine.com\/wp-content\/uploads\/2022\/03\/tractor-drive-peanut-seeder1.jpg\" alt=\"Traktorgetriebene Erdnuss-S\u00e4maschine\" class=\"wp-image-12769\" title=\"Traktorgetriebene Erdnuss-S\u00e4maschine\" srcset=\"https:\/\/www.agriculture-machine.com\/wp-content\/uploads\/2022\/03\/tractor-drive-peanut-seeder1.jpg 720w, https:\/\/www.agriculture-machine.com\/wp-content\/uploads\/2022\/03\/tractor-drive-peanut-seeder1-360x270.jpg 360w, https:\/\/www.agriculture-machine.com\/wp-content\/uploads\/2022\/03\/tractor-drive-peanut-seeder1-240x180.jpg 240w\" sizes=\"auto, (max-width: 720px) 100vw, 720px\" \/><figcaption class=\"wp-element-caption\">Traktorgetriebene Erdnuss-S\u00e4maschine<\/figcaption><\/figure>    <figure class=\"wp-block-image size-large\"><img loading=\"lazy\" decoding=\"async\" width=\"720\" height=\"540\" data-id=\"12770\" src=\"https:\/\/www.agriculture-machine.com\/wp-content\/uploads\/2022\/03\/6-row-groundnut-seeder1.jpg\" alt=\"6-Reihen-Erdnuss-S\u00e4maschine\" class=\"wp-image-12770\" title=\"6-Reihen-Erdnuss-S\u00e4maschine\" srcset=\"https:\/\/www.agriculture-machine.com\/wp-content\/uploads\/2022\/03\/6-row-groundnut-seeder1.jpg 720w, https:\/\/www.agriculture-machine.com\/wp-content\/uploads\/2022\/03\/6-row-groundnut-seeder1-360x270.jpg 360w, https:\/\/www.agriculture-machine.com\/wp-content\/uploads\/2022\/03\/6-row-groundnut-seeder1-240x180.jpg 240w\" sizes=\"auto, (max-width: 720px) 100vw, 720px\" \/><figcaption class=\"wp-element-caption\">6-Reihen-Erdnuss-S\u00e4maschine<\/figcaption><\/figure> <figcaption class=\"blocks-gallery-caption wp-element-caption\">Erdnuss-Pflanzmaschine<\/figcaption><\/figure>    <h2 class=\"wp-block-heading\">Technische Parameter der Groundnut-Pflanzmaschine<\/h2>    <figure class=\"wp-block-table is-style-stripes\"><table><tbody><tr><td>Modell<\/td><td>2BHMF-2<\/td><td>2BHMF-4<\/td><td>2BHMF-6<\/td><\/tr><tr><td>abgestimmte Leistung<\/td><td>20-40PS<\/td><td>40-70PS<\/td><td>60-90PS<\/td><\/tr><tr><td>Gr\u00f6\u00dfe<\/td><td>2940\u00d71200\u00d71300mm<\/td><td>2940\u00d71600\u00d71300mm<\/td><td>2940\u00d71900\u00d71300mm<\/td><\/tr><tr><td>Gewicht<\/td><td>180kg<\/td><td>350kg<\/td><td>450kg<\/td><\/tr><tr><td>Kapazit\u00e4t des Samenbeh\u00e4lters<\/td><td>10kg*2<\/td><td>10kg*4<\/td><td>10kg*6<\/td><\/tr><tr><td>Anzahl der Reihen<\/td><td>2<\/td><td>4<\/td><td>6<\/td><\/tr><tr><td>Reihenabstand<\/td><td>300-350mm<\/td><td>300-350mm<\/td><td>300-350mm<\/td><\/tr><tr><td>Samenraum<\/td><td>80-300mm<\/td><td>80-300mm<\/td><td>80-300mm<\/td><\/tr><tr><td>Produktivit\u00e4t<\/td><td>0,5-0,8 Acre\/h<\/td><td>0,8-1,6 Acre\/h<\/td><td>1,6-3,2 Acre\/h<\/td><\/tr><tr><td>Aussaatrate<\/td><td>&gt;98%<\/td><td>&gt;98%<\/td><td>&gt;98%<\/td><\/tr><\/tbody><\/table><figcaption class=\"wp-element-caption\">peanut planter&#8217;s parameter<\/figcaption><\/figure>    <p>Mit der kontinuierlichen Erweiterung der Anbaufl\u00e4chen f\u00fcr Erdn\u00fcsse und der weitverbreiteten Anwendung von Erdn\u00fcssen in Lebensmitteln, Speise\u00f6l und anderen Sektoren ist die maschinelle Pflanzung zu einem unvermeidlichen Trend geworden. <\/p>    <p class=\"translation-block\">Dieser Erdnuss-Pflanzer kann mit <a href=\"https:\/\/www.agriculture-machine.com\/de\/peanut-harvester\/\">Erdnuss-Erntemaschinen<\/a>, <a href=\"https:\/\/www.agriculture-machine.com\/de\/peanut-picker-machine\/\">Erdnuss-Erntesystemen<\/a>, <a href=\"https:\/\/www.agriculture-machine.com\/de\/peanut-groundnut-shell-removing-machine\/\">Erdnuss-Sch\u00e4lmaschinen<\/a>, <a href=\"https:\/\/www.agriculture-machine.com\/de\/screw-oil-press-machine-screw-press-oil-extraction\/\">Schrauben-\u00d6lpressemaschinen<\/a> und anderen Maschinen integriert werden, um eine umfassende mechanisierte L\u00f6sung f\u00fcr die Erdnussindustrie zu bilden.<\/p>    <h2 class=\"wp-block-heading\" id=\"h-normal-problem\">FAQ<\/h2>   <div id=\"rank-math-faq\" class=\"rank-math-block\"> <div class=\"rank-math-list\"> <div id=\"faq-question-1706253089235\" class=\"rank-math-list-item\"> <h3 class=\"rank-math-question\">Welche Pferdest\u00e4rke ben\u00f6tigt der Traktor f\u00fcr diesen Erdnuss-Pflanzer?<\/h3> <div class=\"rank-math-answer\">  <p>In der Regel wird ein Traktor mit 20\u201380 Pferdest\u00e4rken empfohlen (je nach Reihenanzahl). Wir k\u00f6nnen die passende Leistungsstufe basierend auf Ihrem Traktormodell empfehlen.<\/p>  <\/div> <\/div> <div id=\"faq-question-1706253093178\" class=\"rank-math-list-item\"> <h3 class=\"rank-math-question\">Kann die Anzahl der Reihen an meine Pflanzbed\u00fcrfnisse angepasst werden?<\/h3> <div class=\"rank-math-answer\">  <p>Ja. Die Maschine bietet 2-, 4-, 6- und 8-Reihen-Modelle und kann entsprechend Ihrer Anbaufl\u00e4che und Reihenabstandsanforderungen angepasst werden.<\/p>  <\/div> <\/div> <div id=\"faq-question-1706253101674\" class=\"rank-math-list-item\"> <h3 class=\"rank-math-question\">Unterst\u00fctzt er die Plastikmulchpflanzung?<\/h3> <div class=\"rank-math-answer\">  <p>Ja. Optionale Mulchverlegungs- und Versiegelungsfunktionen erm\u00f6glichen gleichzeitiges S\u00e4en und Mulchen, was die Feuchtigkeitsbindung und die Keimrate der Setzlinge verbessert.<\/p>  <\/div> <\/div> <div id=\"faq-question-1770799273998\" class=\"rank-math-list-item\"> <h3 class=\"rank-math-question\">Sind die S\u00e4abstand- und -tiefe einstellbar?<\/h3> <div class=\"rank-math-answer\">  <p>Ja. Der Pflanzabstand, der Reihenabstand und die S\u00e4etiefe k\u00f6nnen angepasst werden, um den agronomischen Anforderungen und regionalen Pflanzstandards zu entsprechen.<\/p>  <\/div> <\/div> <div id=\"faq-question-1770800036248\" class=\"rank-math-list-item\"> <h3 class=\"rank-math-question\">Kann die Maschine auf Feldern mit starkem Unkraut oder unebenem Boden normal arbeiten?<\/h3> <div class=\"rank-math-answer\">  <p>Ja. Das Ger\u00e4t verf\u00fcgt \u00fcber eine gut gestaltete Struktur mit hoher Anpassungsf\u00e4higkeit und arbeitet unter typischen Bodenbearbeitungsbedingungen stabil.<\/p>  <\/div> <\/div> <\/div> <\/div>   <p>Wenn Sie an unseren Produkten interessiert sind oder Fragen haben, k\u00f6nnen Sie uns gerne kontaktieren. Unser professionelles Team stellt Ihnen gerne detaillierte Produktinformationen zur Verf\u00fcgung und beantwortet alle Ihre Fragen.<\/p>","protected":false},"excerpt":{"rendered":"<p>Der Erdnuss-Pflanzer integriert mehrere Funktionen, einschlie\u00dflich S\u00e4en, D\u00fcngen, Bodenbedeckung und Mulchfolienverlegung. Erh\u00e4ltlich in Konfigurationen mit 2\u20138 Reihen, ist er sowohl f\u00fcr H\u00fcgelpflanzung als auch f\u00fcr Flachlandkultivierung geeignet.<\/p>","protected":false},"author":1,"featured_media":12758,"parent":0,"comment_status":"closed","ping_status":"closed","template":"","tags":[797,976,492],"product-type":[884],"class_list":["post-11660","product","type-product","status-publish","has-post-thumbnail","hentry","tag-peanut","tag-peanutplanter","tag-planter","product-type-peanut-planter"],"_links":{"self":[{"href":"https:\/\/www.agriculture-machine.com\/de\/wp-json\/wp\/v2\/product\/11660","targetHints":{"allow":["GET"]}}],"collection":[{"href":"https:\/\/www.agriculture-machine.com\/de\/wp-json\/wp\/v2\/product"}],"about":[{"href":"https:\/\/www.agriculture-machine.com\/de\/wp-json\/wp\/v2\/types\/product"}],"author":[{"embeddable":true,"href":"https:\/\/www.agriculture-machine.com\/de\/wp-json\/wp\/v2\/users\/1"}],"replies":[{"embeddable":true,"href":"https:\/\/www.agriculture-machine.com\/de\/wp-json\/wp\/v2\/comments?post=11660"}],"wp:featuredmedia":[{"embeddable":true,"href":"https:\/\/www.agriculture-machine.com\/de\/wp-json\/wp\/v2\/media\/12758"}],"wp:attachment":[{"href":"https:\/\/www.agriculture-machine.com\/de\/wp-json\/wp\/v2\/media?parent=11660"}],"wp:term":[{"taxonomy":"post_tag","embeddable":true,"href":"https:\/\/www.agriculture-machine.com\/de\/wp-json\/wp\/v2\/tags?post=11660"},{"taxonomy":"product-type","embeddable":true,"href":"https:\/\/www.agriculture-machine.com\/de\/wp-json\/wp\/v2\/product-type?post=11660"}],"curies":[{"name":"wp","href":"https:\/\/api.w.org\/{rel}","templated":true}]}}