{"id":11740,"date":"2021-10-20T16:27:11","date_gmt":"2021-10-20T08:27:11","guid":{"rendered":"https:\/\/www.agriculture-machine.com\/?p=11740"},"modified":"2023-05-12T14:36:48","modified_gmt":"2023-05-12T06:36:48","slug":"planteur-darachide","status":"publish","type":"product","link":"https:\/\/www.agriculture-machine.com\/de\/planteur-darachide\/","title":{"rendered":"Arbeitsprozess"},"content":{"rendered":"<p>Les arachides ont un rendement \u00e9lev\u00e9 et une large gamme de produits comestibles.&nbsp;Ce sont des noix que les gens mangent souvent dans la vie quotidienne.&nbsp;Ils peuvent \u00eatre press\u00e9s dans l&#8217;huile et transform\u00e9s en condiments.&nbsp;Favorise le m\u00e9tabolisme du corps, peut nourrir l&#8217;intelligence, r\u00e9sister au vieillissement, prolonger la vie et avoir une valeur nutritionnelle \u00e9lev\u00e9e.&nbsp;Il peut \u00eatre cultiv\u00e9 sur billons, paill\u00e9 et \u00e0 plat sur le sol.&nbsp;De nos jours, les arachides sont plant\u00e9es \u00e0 grande \u00e9chelle et l&#8217;utilisation de machines peut am\u00e9liorer l&#8217;efficacit\u00e9 du travail, raccourcir le temps de travail et r\u00e9duire la charge de travail des agriculteurs.<\/p>    <h2 class=\"wp-block-heading\" id=\"h-introduction-de-planteur-d-arachide\">Introduction de planteur d&#8217;arachide<\/h2>    <figure class=\"wp-block-image\"><img loading=\"lazy\" decoding=\"async\" width=\"720\" height=\"540\" src=\"https:\/\/www.agriculture-machine.com\/wp-content\/uploads\/2021\/10\/4-rows-peanut-planter-side-720x540.jpg?v=1634119862\" alt=\"\" class=\"wp-image-11673\" srcset=\"https:\/\/www.agriculture-machine.com\/wp-content\/uploads\/2021\/10\/4-rows-peanut-planter-side-720x540.jpg 720w, https:\/\/www.agriculture-machine.com\/wp-content\/uploads\/2021\/10\/4-rows-peanut-planter-side-360x270.jpg 360w, https:\/\/www.agriculture-machine.com\/wp-content\/uploads\/2021\/10\/4-rows-peanut-planter-side-240x180.jpg 240w, https:\/\/www.agriculture-machine.com\/wp-content\/uploads\/2021\/10\/4-rows-peanut-planter-side-768x576.jpg 768w, https:\/\/www.agriculture-machine.com\/wp-content\/uploads\/2021\/10\/4-rows-peanut-planter-side-1536x1152.jpg 1536w, https:\/\/www.agriculture-machine.com\/wp-content\/uploads\/2021\/10\/4-rows-peanut-planter-side-2048x1536.jpg 2048w\" sizes=\"auto, (max-width: 720px) 100vw, 720px\" \/><figcaption>C\u00f4t\u00e9 planteur d&#8217;arachide<\/figcaption><\/figure>    <p id=\"Peanut-planter\" class=\"translation-block\"><strong><a href=\"https:\/\/www-agriculture--machine-com.translate.goog\/peanut-groundmut-sheller-removing-machine\/?_x_tr_sl=en&amp;_x_tr_tl=fr&amp;_x_tr_hl=en-US&amp;_x_tr_pto=nui\" target=\"_blank\" rel=\"noopener\">Cacahu\u00e8te<\/a>&nbsp;<\/strong>La planteuse est une machine sp\u00e9cialement utilis\u00e9e pour planter des arachides. \u00c0 l&#8217;heure actuelle, nos mod\u00e8les de planteuses d&#8217;arachides sont complets. En plus des fonctions de base de la fertilisation, du semis et de la couverture du sol, des fonctions suppl\u00e9mentaires telles que la pulv\u00e9risation, la couverture, le pressage du sol et le travail du sol rotatif peuvent \u00e9galement \u00eatre ajout\u00e9es pour r\u00e9pondre aux diff\u00e9rents besoins de plantation des clients. Le planteur d&#8217;arachides est une machine d&#8217;op\u00e9ration compl\u00e8te de plantation d&#8217;arachides \u00e0 suspension \u00e0 trois points associ\u00e9e \u00e0 un tracteur. Cette machine peut effectuer des op\u00e9rations telles que l&#8217;amerrissage, le billonnage, l&#8217;ensemencement, la fertilisation, la pulv\u00e9risation, le tuyau d&#8217;irrigation goutte \u00e0 goutte enterr\u00e9, le paillage de film et la couverture du sol, etc. en m\u00eame temps. La largeur du billon de la machine, la hauteur du billon, la profondeur de semis, le nombre de graines, l&#8217;espacement des rangs, la distance du billon, la largeur du film et la position de suspension sont tous r\u00e9glables. Par rapport au fonctionnement manuel,il peut am\u00e9liorer l&#8217;efficacit\u00e9 du travail de plus de 20 fois et peut assurer un espacement des rangs de semis, un espacement des plantes et une profondeur constants.<\/p>    <h2 class=\"wp-block-heading\" id=\"h-structure-de-la-machine\">Maschinenstruktur<\/h2>    <p>&nbsp;Gr\u00e4ben graben, d\u00fcngen, s\u00e4en, spritzen, mit Folie abdecken und mit Erde abdecken.<\/p>    <figure class=\"wp-block-image\"><img loading=\"lazy\" decoding=\"async\" width=\"720\" height=\"540\" src=\"https:\/\/www.agriculture-machine.com\/wp-content\/uploads\/2021\/10\/4-rows-peanut-planter3-720x540.jpg?v=1634363805\" alt=\"\" class=\"wp-image-11689\" srcset=\"https:\/\/www.agriculture-machine.com\/wp-content\/uploads\/2021\/10\/4-rows-peanut-planter3-720x540.jpg 720w, https:\/\/www.agriculture-machine.com\/wp-content\/uploads\/2021\/10\/4-rows-peanut-planter3-360x270.jpg 360w, https:\/\/www.agriculture-machine.com\/wp-content\/uploads\/2021\/10\/4-rows-peanut-planter3-240x180.jpg 240w, https:\/\/www.agriculture-machine.com\/wp-content\/uploads\/2021\/10\/4-rows-peanut-planter3-768x576.jpg 768w, https:\/\/www.agriculture-machine.com\/wp-content\/uploads\/2021\/10\/4-rows-peanut-planter3-1536x1152.jpg 1536w, https:\/\/www.agriculture-machine.com\/wp-content\/uploads\/2021\/10\/4-rows-peanut-planter3-2048x1536.jpg 2048w\" sizes=\"auto, (max-width: 720px) 100vw, 720px\" \/><figcaption>Arbeitsprozess<\/figcaption><\/figure>    <h2 class=\"wp-block-heading\">Der D\u00fcnger in der D\u00fcngerkiste gelangt \u00fcber den \u00e4u\u00dferen Radschlitzd\u00fcngeranwendung in die D\u00fcngeschaufel. Die Schaufel gr\u00e4bt die Bodenschicht, w\u00e4hrend sie den D\u00fcnger auf den Boden auftr\u00e4gt. Nach Abschluss des D\u00fcngungsprozesses gelangen die Samen im Samendosierer unter dem Antrieb des Getriebes in den Graben. Die Samen in der Saatgutbox gelangen in den S\u00e4maschine, und das Grabenentladeger\u00e4t s\u00e4t die Erdn\u00fcsse gleichm\u00e4\u00dfig in die beiden Gr\u00e4ben, w\u00e4hrend es den Boden entl\u00e4dt und Gr\u00e4ben gr\u00e4bt, um den Aussaatprozess abzuschlie\u00dfen. Der Herbizidbeh\u00e4lter ist an der Vorderseite des Traktors installiert, und der Lufteinlass ist an der Luftauslass\u00f6ffnung des Luftspeicherbeh\u00e4lters des Traktors angebracht. Der Traktor kann ihm einen gewissen Luftdruck geben, um das Spritzziel zu erreichen, und somit die Bodenbearbeitung in einem Schritt abzuschlie\u00dfen. , Aussaat, D\u00fcngung, Spritzung und Mulchen.<\/h2>    <p>L&#8217;engrais dans la bo\u00eete \u00e0 engrais p\u00e9n\u00e8tre dans la pelle \u00e0 fertiliser par l&#8217;applicateur d&#8217;engrais \u00e0 rainure de roue ext\u00e9rieure. La pelle creuse la couche de sol tout en appliquant l&#8217;engrais au sol. Une fois le processus de fertilisation termin\u00e9, les graines dans le doseur de graines p\u00e9n\u00e8trent dans le foss\u00e9 sous l&#8217;entra\u00eenement de l&#8217;engrenage. Les graines dans la bo\u00eete de semis entrent dans le semoir et le dispositif de d\u00e9charge de foss\u00e9 s\u00e8me les graines d&#8217;arachide uniform\u00e9ment dans les deux foss\u00e9s tout en d\u00e9chargeant le sol et en creusant des foss\u00e9s pour terminer le processus de semis. Le baril d&#8217;herbicide est install\u00e9 \u00e0 l&#8217;avant du tracteur et l&#8217;extr\u00e9mit\u00e9 d&#8217;entr\u00e9e d&#8217;air est install\u00e9e sur la sortie d&#8217;air du baril de stockage d&#8217;air du compresseur d&#8217;air du tracteur. Le tracteur peut lui donner une certaine pression d&#8217;air pour atteindre le but de la pulv\u00e9risation, compl\u00e9tant ainsi le buttage en une seule fois. , Semis, fertilisation, pulv\u00e9risation,et le paillage.<\/p>    <figure class=\"wp-block-image\"><img loading=\"lazy\" decoding=\"async\" width=\"720\" height=\"540\" src=\"https:\/\/www.agriculture-machine.com\/wp-content\/uploads\/2021\/10\/6624e802527befa472ea09fa8701311-720x540.jpg?v=1634631525\" alt=\"\" class=\"wp-image-11704\" srcset=\"https:\/\/www.agriculture-machine.com\/wp-content\/uploads\/2021\/10\/6624e802527befa472ea09fa8701311-720x540.jpg 720w, https:\/\/www.agriculture-machine.com\/wp-content\/uploads\/2021\/10\/6624e802527befa472ea09fa8701311-360x270.jpg 360w, https:\/\/www.agriculture-machine.com\/wp-content\/uploads\/2021\/10\/6624e802527befa472ea09fa8701311-240x180.jpg 240w, https:\/\/www.agriculture-machine.com\/wp-content\/uploads\/2021\/10\/6624e802527befa472ea09fa8701311-768x576.jpg 768w, https:\/\/www.agriculture-machine.com\/wp-content\/uploads\/2021\/10\/6624e802527befa472ea09fa8701311-1536x1152.jpg 1536w, https:\/\/www.agriculture-machine.com\/wp-content\/uploads\/2021\/10\/6624e802527befa472ea09fa8701311-2048x1536.jpg 2048w\" sizes=\"auto, (max-width: 720px) 100vw, 720px\" \/><\/figure>    <h2 class=\"wp-block-heading\" id=\"h-vid-o-de-travail-du-planteur-de-cacahu-tes\">Maschinenmodell<\/h2>    <figure class=\"wp-block-image\"><img decoding=\"async\" src=\"https:\/\/i.ytimg.com\/vi\/g6o8jZJtyzg\/hqdefault.jpg\" alt=\"\"\/><\/figure>    <h2 class=\"wp-block-heading\" id=\"h-mod-le-de-machine\">Typ 2BH-2 (ein Bollen und zwei Reihen), Typ 2BH-4 (zwei Bollen und vier Reihen), Typ 2BH-6 (3 Bollen und 6 Reihen)<\/h2>    <p>&nbsp;Vorteile der Maschinen<\/p>    <h2 class=\"wp-block-heading\" id=\"h-avantages-des-machines\">1. Es kann mehrere Prozesse wie Aussaat, Anwendung von chemischem D\u00fcnger, Nivellierung der Oberfl\u00e4che des Bollen, Spritzung von Herbiziden, Abdeckung mit einer Mulchfolie und Pressen der Samen sowie Abdeckung des Bodens auf der Folie gleichzeitig durchf\u00fchren.<\/h2>    <p>1. Il peut effectuer plusieurs processus tels que le semis, l&#8217;application d&#8217;engrais chimique, le nivellement de la surface de la cr\u00eate, la pulv\u00e9risation d&#8217;herbicide, le rev\u00eatement avec un film de paillage et le pressage des graines, et le rev\u00eatement du sol sur le film en m\u00eame temps.<\/p>    <p>2. Haut degr\u00e9 de standardisation et de pr\u00e9cision, et l&#8217;espacement des trous r\u00e9pond aux exigences agronomiques.<\/p>    <p>3. Les parcelles avec une mauvaise qualit\u00e9 de pr\u00e9paration du terrain et les mauvaises herbes ou les cultures r\u00e9siduelles dans le champ n&#8217;affectent pas les op\u00e9rations normales.<\/p>    <p>4. Il n&#8217;est pas n\u00e9cessaire de pelleter manuellement le sol avec une machine pour presser le film, ce qui peut emp\u00eacher efficacement le film d&#8217;\u00eatre enlev\u00e9 par un vent fort.<\/p>    <p>5. La r\u00e9sistance de fonctionnement m\u00e9canique est faible, ce qui peut r\u00e9duire la consommation d&#8217;\u00e9nergie d&#8217;environ 30 %.<\/p>    <h2 class=\"wp-block-heading\" id=\"h-probl-me-normal\">1. K\u00f6nnen Erdnusskerne mit D\u00fcnger gemischt werden?<\/h2>    <p>1. Les graines d&#8217;arachide peuvent-elles \u00eatre m\u00e9lang\u00e9es avec de l&#8217;engrais ?<\/p>    <p>Non, vous ne pouvez pas, l&#8217;engrais endommagera les semis de ma\u00efs<\/p>    <p>2. Combien de personnes sont n\u00e9cessaires pour l&#8217;op\u00e9ration ?<\/p>    <p>3. K\u00f6nnen der Reihenabstand und der Pflanzenabstand angepasst werden?<\/p>    <p>3. L&#8217;espacement des rangs et l&#8217;espacement des plants peuvent-ils \u00eatre ajust\u00e9s&nbsp;?<\/p>    <p>Erdnussplanter<\/p>","protected":false},"excerpt":{"rendered":"<p>Les arachides ont un rendement \u00e9lev\u00e9 et une large gamme de produits comestibles.&nbsp;Ce sont des noix que les gens mangent souvent dans la vie quotidienne.&nbsp;Ils peuvent \u00eatre press\u00e9s dans l&#8217;huile et transform\u00e9s en condiments.&nbsp;Favorise le m\u00e9tabolisme du corps, peut nourrir l&#8217;intelligence, r\u00e9sister au vieillissement, prolonger la vie et avoir une valeur nutritionnelle \u00e9lev\u00e9e.&nbsp;Il peut \u00eatre [&hellip;]<\/p>\n","protected":false},"author":1,"featured_media":11684,"parent":0,"comment_status":"open","ping_status":"open","template":"","tags":[],"product-type":[1],"class_list":["post-11740","product","type-product","status-publish","has-post-thumbnail","hentry","product-type-other"],"_links":{"self":[{"href":"https:\/\/www.agriculture-machine.com\/de\/wp-json\/wp\/v2\/product\/11740","targetHints":{"allow":["GET"]}}],"collection":[{"href":"https:\/\/www.agriculture-machine.com\/de\/wp-json\/wp\/v2\/product"}],"about":[{"href":"https:\/\/www.agriculture-machine.com\/de\/wp-json\/wp\/v2\/types\/product"}],"author":[{"embeddable":true,"href":"https:\/\/www.agriculture-machine.com\/de\/wp-json\/wp\/v2\/users\/1"}],"replies":[{"embeddable":true,"href":"https:\/\/www.agriculture-machine.com\/de\/wp-json\/wp\/v2\/comments?post=11740"}],"wp:featuredmedia":[{"embeddable":true,"href":"https:\/\/www.agriculture-machine.com\/de\/wp-json\/wp\/v2\/media\/11684"}],"wp:attachment":[{"href":"https:\/\/www.agriculture-machine.com\/de\/wp-json\/wp\/v2\/media?parent=11740"}],"wp:term":[{"taxonomy":"post_tag","embeddable":true,"href":"https:\/\/www.agriculture-machine.com\/de\/wp-json\/wp\/v2\/tags?post=11740"},{"taxonomy":"product-type","embeddable":true,"href":"https:\/\/www.agriculture-machine.com\/de\/wp-json\/wp\/v2\/product-type?post=11740"}],"curies":[{"name":"wp","href":"https:\/\/api.w.org\/{rel}","templated":true}]}}