{"id":11750,"date":"2021-10-28T17:12:13","date_gmt":"2021-10-28T09:12:13","guid":{"rendered":"https:\/\/www.agriculture-machine.com\/?p=11750"},"modified":"2025-05-26T17:18:03","modified_gmt":"2025-05-26T09:18:03","slug":"screw-oil-press-machine-screw-press-oil-extraction","status":"publish","type":"product","link":"https:\/\/www.agriculture-machine.com\/de\/screw-oil-press-machine-screw-press-oil-extraction\/","title":{"rendered":"Schrauben-\u00d6lpresse f\u00fcr Erdn\u00fcsse, Sesam, \u00d6lsaaten-Extraktion"},"content":{"rendered":"<p class=\"translation-block\">Die automatische <strong>Schrauben\u00f6lpresse<\/strong> ist eine effiziente und energiesparende \u00d6lextraktionsanlage, die weit verbreitet ist in kleinen und mittleren \u00d6lm\u00fchlen sowie Familienwerkst\u00e4tten mit einer \u00d6lausbeute von 20%-50%.<\/p>    <p>Im Vergleich zur herk\u00f6mmlichen \u00d6lextraktionsmethode wurde die \u00d6l-Ausbeute dieses Ger\u00e4ts um 4% bis 6% erh\u00f6ht, der Energieverbrauch um etwa 60% reduziert, was die Produktionseffizienz und die wirtschaftlichen Vorteile deutlich verbessert.<\/p>    <figure class=\"wp-block-image aligncenter size-full\" id=\"screw-oil-press-machine\"><img loading=\"lazy\" decoding=\"async\" width=\"720\" height=\"540\" src=\"https:\/\/www.agriculture-machine.com\/wp-content\/uploads\/2021\/10\/lQDPDhrQf3GNo9_NAu7NAu6wz-R60YbSrb4Bgth7WIAfAA_750_750.jpg\" alt=\"Schrauben-\u00d6lpresse\" class=\"wp-image-11898\" title=\"Schrauben-\u00d6lpresse\" srcset=\"https:\/\/www.agriculture-machine.com\/wp-content\/uploads\/2021\/10\/lQDPDhrQf3GNo9_NAu7NAu6wz-R60YbSrb4Bgth7WIAfAA_750_750.jpg 720w, https:\/\/www.agriculture-machine.com\/wp-content\/uploads\/2021\/10\/lQDPDhrQf3GNo9_NAu7NAu6wz-R60YbSrb4Bgth7WIAfAA_750_750-360x270.jpg 360w, https:\/\/www.agriculture-machine.com\/wp-content\/uploads\/2021\/10\/lQDPDhrQf3GNo9_NAu7NAu6wz-R60YbSrb4Bgth7WIAfAA_750_750-240x180.jpg 240w\" sizes=\"auto, (max-width: 720px) 100vw, 720px\" \/><figcaption class=\"wp-element-caption\">Schrauben-\u00d6lpresse<\/figcaption><\/figure>    <p>Diese Serie von \u00d6lpressen ist einfach zu bedienen, nimmt wenig Platz ein und eignet sich f\u00fcr das Hei\u00df- und Kaltpressen verschiedener \u00d6lsaaten. Sie ist geeignet f\u00fcr mehr als 30 \u00d6lsaaten wie Erdnuss, Soja, Sesam, Raps usw. Der Rest\u00f6lgehalt des trockenen Kakes liegt bei nur 0,5%-3,5%, und die Produktionskapazit\u00e4t der Einzelmaschine reicht von 15kg\/h bis 550kg\/h.<\/p>    <figure class=\"wp-block-embed aligncenter is-type-video is-provider-youtube wp-block-embed-youtube wp-embed-aspect-16-9 wp-has-aspect-ratio\"><div class=\"wp-block-embed__wrapper\"> <iframe loading=\"lazy\" title=\"Arbeitsvideo zur Gewinnung von Raps\u00f6l und Filtration von Raps\u00f6l mit einer Schrauben-\u00d6lexpeller\" width=\"500\" height=\"281\" src=\"https:\/\/www.youtube.com\/embed\/7A41hiwDkj4?feature=oembed\" frameborder=\"0\" allow=\"accelerometer; autoplay; clipboard-write; encrypted-media; gyroscope; picture-in-picture; web-share\" referrerpolicy=\"strict-origin-when-cross-origin\" allowfullscreen><\/iframe> <\/div><figcaption class=\"wp-element-caption\">Screw oil press machine&#8217;s working video<\/figcaption><\/figure>    <p>Je nach unterschiedlichen Produktionsanforderungen sind verschiedene Modelle erh\u00e4ltlich, z.B. 6YL-60, 6YL-70, 6YL-80, 6YL-100, 6YL-125 usw., um die vielf\u00e4ltigen Bed\u00fcrfnisse der Nutzer zu erf\u00fcllen.<\/p>    <h2 class=\"wp-block-heading\" id=\"h-introduction-of-screw-oil-press-machine\">Bestseller-Schrauben\u00f6lpresse<\/h2>    <p>Die automatische Schrauben\u00f6lpresse kann Vakuumfiltration realisieren. Verschiedene Temperaturen k\u00f6nnen je nach Material eingestellt werden.<\/p>    <p>Durch Drehen des Griffs kann der Druck angepasst werden, den die Person zum Auspressen des Materials ben\u00f6tigt. Die gleichzeitig ausgepresste \u00d6lmenge variiert je nach Druck, und die Dicke des \u00d6lcakes ist ebenfalls unterschiedlich. <\/p>    <figure class=\"wp-block-image aligncenter size-large is-resized\"><img loading=\"lazy\" decoding=\"async\" width=\"540\" height=\"540\" src=\"https:\/\/www.agriculture-machine.com\/wp-content\/uploads\/2021\/10\/\u5fae\u4fe1\u56fe\u7247_2021090216442810-540x540.jpg?v=1635402250\" alt=\"Schrauben-\u00d6lpresse\" class=\"wp-image-11903\" title=\"Schrauben-\u00d6lpresse\" srcset=\"https:\/\/www.agriculture-machine.com\/wp-content\/uploads\/2021\/10\/\u5fae\u4fe1\u56fe\u7247_2021090216442810-540x540.jpg 540w, https:\/\/www.agriculture-machine.com\/wp-content\/uploads\/2021\/10\/\u5fae\u4fe1\u56fe\u7247_2021090216442810-270x270.jpg 270w, https:\/\/www.agriculture-machine.com\/wp-content\/uploads\/2021\/10\/\u5fae\u4fe1\u56fe\u7247_2021090216442810-768x768.jpg 768w, https:\/\/www.agriculture-machine.com\/wp-content\/uploads\/2021\/10\/\u5fae\u4fe1\u56fe\u7247_2021090216442810-1536x1536.jpg 1536w, https:\/\/www.agriculture-machine.com\/wp-content\/uploads\/2021\/10\/\u5fae\u4fe1\u56fe\u7247_2021090216442810-2048x2048.jpg 2048w\" sizes=\"auto, (max-width: 540px) 100vw, 540px\" \/><figcaption class=\"wp-element-caption\">Schrauben-\u00d6lpresse<\/figcaption><\/figure>    <h2 class=\"wp-block-heading\">Materialien, die mit der Schrauben-\u00d6lexpeller verarbeitet werden k\u00f6nnen<\/h2>    <p>Unsere Schrauben\u00f6lpresse ist geeignet f\u00fcr Erdn\u00fcsse, Leinsamen, Sesam, Raps, Sonnenblumen\u00f6l, Baumwollsamen, Sojabohnen, Waln\u00fcsse, Pfeffersamen, Tung-Samen, Rizinus, Mandeln usw.<\/p>    <figure class=\"wp-block-image aligncenter size-large is-resized\"><img loading=\"lazy\" decoding=\"async\" width=\"502\" height=\"540\" src=\"https:\/\/www.agriculture-machine.com\/wp-content\/uploads\/2021\/10\/\u672a\u6807\u9898-1_05-502x540.jpg?v=1635402522\" alt=\"Schrauben-\u00d6lpresse\" class=\"wp-image-11904\" title=\"\" srcset=\"https:\/\/www.agriculture-machine.com\/wp-content\/uploads\/2021\/10\/\u672a\u6807\u9898-1_05-502x540.jpg 502w, https:\/\/www.agriculture-machine.com\/wp-content\/uploads\/2021\/10\/\u672a\u6807\u9898-1_05-251x270.jpg 251w, https:\/\/www.agriculture-machine.com\/wp-content\/uploads\/2021\/10\/\u672a\u6807\u9898-1_05.jpg 750w\" sizes=\"auto, (max-width: 502px) 100vw, 502px\" \/><figcaption class=\"wp-element-caption\">Schrauben-\u00d6lpresse<\/figcaption><\/figure>    <h2 class=\"wp-block-heading\">Struktur der Schrauben-Press\u00f6lpressen<\/h2>    <p>Die Struktur der Schrauben-\u00d6lpresse umfasst einen Temperaturregler, Rauchabzug, Staubverteilungs-Kabinett, \u00d6laufnahmestelle, Getriebe, Motor, Zuf\u00fchr\u00f6ffnung, Einstellbereich, Heizelement, \u00d6laufgang, Pressenteil, Vakuum\u00f6lfilter usw.<\/p>    <figure class=\"wp-block-image aligncenter size-large is-resized\"><img loading=\"lazy\" decoding=\"async\" width=\"410\" height=\"540\" src=\"https:\/\/www.agriculture-machine.com\/wp-content\/uploads\/2021\/10\/\u672a\u6807\u9898-1_02-410x540.jpg?v=1635402558\" alt=\"Maschinenstruktur\" class=\"wp-image-11905\" srcset=\"https:\/\/www.agriculture-machine.com\/wp-content\/uploads\/2021\/10\/\u672a\u6807\u9898-1_02-410x540.jpg 410w, https:\/\/www.agriculture-machine.com\/wp-content\/uploads\/2021\/10\/\u672a\u6807\u9898-1_02-205x270.jpg 205w, https:\/\/www.agriculture-machine.com\/wp-content\/uploads\/2021\/10\/\u672a\u6807\u9898-1_02.jpg 750w\" sizes=\"auto, (max-width: 410px) 100vw, 410px\" \/><figcaption class=\"wp-element-caption\">machine&#8217;s structure<\/figcaption><\/figure>    <h2 class=\"wp-block-heading\">Funktionsprinzip des Schrauben-\u00d6lextraktors<\/h2>    <p>In einer Schrauben-\u00d6lpresse gelangen Rohstoffe aus dem Trichter in die Pressekammer. Dann werden sie durch die Schraube zum Pressen nach innen gedr\u00fcckt.<\/p>    <p>Der hohe Druck und die Reibung zwischen Material, Schraube und Kammer erzeugen relative Bewegungen und W\u00e4rme, was den \u00d6lgewinnungsprozess unterst\u00fctzt.<\/p>    <p>The screw&#8217;s increasing diameter and decreasing pitch push the material forward and outward. While frictional heat helps denature proteins, increase plasticity, and reduce viscosity, thereby improving the oil yield and allowing oil to flow out through gaps in the press.<\/p>    <figure class=\"wp-block-embed aligncenter is-type-video is-provider-youtube wp-block-embed-youtube wp-embed-aspect-16-9 wp-has-aspect-ratio\"><div class=\"wp-block-embed__wrapper\"> <iframe loading=\"lazy\" title=\"\u00d6lextraktionsmagie: Entdecken Sie die Kraft unserer \u00d6lexpeller-Pressmaschine!#\u00f6l #\u00f6lpresse\" width=\"500\" height=\"281\" src=\"https:\/\/www.youtube.com\/embed\/c8tV-bTnv3k?feature=oembed\" frameborder=\"0\" allow=\"accelerometer; autoplay; clipboard-write; encrypted-media; gyroscope; picture-in-picture; web-share\" referrerpolicy=\"strict-origin-when-cross-origin\" allowfullscreen><\/iframe> <\/div><figcaption class=\"wp-element-caption\">Arbeitsvideo der Schrauben-\u00d6lextraktionsmaschine<\/figcaption><\/figure>    <h2 class=\"wp-block-heading\">Parameter der Schrauben-Press\u00f6lpresse<\/h2>    <figure class=\"wp-block-table\"><table class=\"has-black-color has-pale-cyan-blue-background-color has-text-color has-background\"><tbody><tr><td><strong>Modell<\/strong><\/td><td><strong>6YL-60<\/strong><\/td><td><strong>6YL-70<\/strong><\/td><td><strong>6YL-80<\/strong><\/td><td><strong>6YL-100<\/strong><\/td><td><strong>6YL-125<\/strong><\/td><\/tr><tr><td>Schraubendurchmesser (mm)<\/td><td>\u03a655<\/td><td>\u03a665<\/td><td>\u03a680<\/td><td>\u03a6100<\/td><td>\u03a6125<\/td><\/tr><tr><td>Drehzahl der Schraube (U\/min)<\/td><td>64<\/td><td>38<\/td><td>35<\/td><td>37<\/td><td>34<\/td><\/tr><tr><td>Hauptleistung (kw)<\/td><td>2.2<\/td><td>3<\/td><td>4<\/td><td>7.5<\/td><td>15<\/td><\/tr><tr><td>Vakuumpumpenleistung (kw)<\/td><td>0.75<\/td><td>0.75<\/td><td>0.55<\/td><td>0.75<\/td><td>0.75<\/td><\/tr><tr><td>Heizleistung (kw)<\/td><td>0.9<\/td><td>1.8<\/td><td>2.2<\/td><td>3<\/td><td>3.75<\/td><\/tr><tr><td>Kapazit\u00e4t(kg\/h)<\/td><td>40-60<\/td><td>50-70<\/td><td>80-120<\/td><td>150-230<\/td><td>300-350<\/td><\/tr><tr><td>Gewicht (kg)<\/td><td>240<\/td><td>280<\/td><td>880<\/td><td>1100<\/td><td>1400<\/td><\/tr><tr><td>Abmessungen (mm)<\/td><td>1200*480*1100<\/td><td>1400*500*1200<\/td><td>1700*110*1600<\/td><td>1900*1200*1300<\/td><td>2600*1300*2300<\/td><\/tr><\/tbody><\/table><figcaption class=\"wp-element-caption\">Screw press oil extraction&#8217;s parameter <\/figcaption><\/figure>    <h2 class=\"wp-block-heading\">Vorteile der Schrauben-\u00d6lsaaten-Extraktionsmaschine<\/h2>    <ul class=\"wp-block-list\"> <li>Hoher \u00d6l-Ertrag: Im Vergleich zu \u00e4lteren Ger\u00e4ten kann die \u00d6l-Ausbeute um 2-3 Prozentpunkte erh\u00f6ht werden. F\u00fcr 100 Pfund verarbeiteter Erdn\u00fcsse k\u00f6nnen durchschnittlich 2-6 Pfund \u00d6l gewonnen werden.<\/li>    <li>Energieeinsparung und Umweltschutz: 40% weniger Strom bei gleicher Leistung.<\/li>    <li>Arbeitsersparnis und hohe Effizienz: 60% weniger Arbeit bei gleicher Leistung, 1-2 Personen k\u00f6nnen bedienen.<\/li>    <li>Breites Anwendungsspektrum: Eine Maschine ist multifunktional, kann mehr als 30 Arten von \u00d6lsaaten pressen (wie Erdnuss, Sesam, Sonnenblume, Baumwollsamen, Soja usw.).<\/li>    <li>Reines \u00d6l: Der R\u00fcckstand wird vakuumgefiltert, die \u00d6lqualit\u00e4t ist rein und entspricht den hygienischen Quarant\u00e4nestandards.<\/li>    <li>Kleiner Platzbedarf: Die Presswerkstatt ben\u00f6tigt nur 10-20 Quadratmeter, um die Produktionsanforderungen zu erf\u00fcllen.<\/li>    <li>Intelligente Temperaturregelung: Ein Infrarot-Temperaturkontrollsystem wird verwendet, um die Press-Temperatur und Feuchtigkeit automatisch zu steuern, die \u00d6lmolek\u00fcle werden direkt erweicht und aktiviert, was die \u00d6l-Ausbeute erheblich erh\u00f6ht.<\/li>    <li>Hochleistungsfiltration: Verwendung eines mehrstufigen Pr\u00e4zisionsfiltrationssystems zur Erh\u00f6hung des \u00d6lfiltrationsdrucks und der Roh\u00f6ltemperatur, die \u00d6lqualit\u00e4t ist reiner und die Filtration schneller.<\/li> <\/ul>    <figure class=\"wp-block-image aligncenter size-full is-resized\"><img loading=\"lazy\" decoding=\"async\" width=\"661\" height=\"496\" src=\"https:\/\/www.agriculture-machine.com\/wp-content\/uploads\/2021\/10\/EM\u622a\u56fe_201681154127.png\" alt=\"Schrauben-\u00d6lpresse\" class=\"wp-image-11906\" title=\"Schrauben-\u00d6lpresse\" srcset=\"https:\/\/www.agriculture-machine.com\/wp-content\/uploads\/2021\/10\/EM\u622a\u56fe_201681154127.png 661w, https:\/\/www.agriculture-machine.com\/wp-content\/uploads\/2021\/10\/EM\u622a\u56fe_201681154127-360x270.png 360w, https:\/\/www.agriculture-machine.com\/wp-content\/uploads\/2021\/10\/EM\u622a\u56fe_201681154127-240x180.png 240w\" sizes=\"auto, (max-width: 661px) 100vw, 661px\" \/><figcaption class=\"wp-element-caption\">Schrauben-Press\u00f6lpresse<\/figcaption><\/figure>    <figure class=\"wp-block-image aligncenter size-full\"><img loading=\"lazy\" decoding=\"async\" width=\"720\" height=\"540\" src=\"https:\/\/www.agriculture-machine.com\/wp-content\/uploads\/2021\/10\/press-oil-extractor-for-sale.webp\" alt=\"Press\u00f6l-Extraktor zum Verkauf\" class=\"wp-image-16303\" srcset=\"https:\/\/www.agriculture-machine.com\/wp-content\/uploads\/2021\/10\/press-oil-extractor-for-sale.webp 720w, https:\/\/www.agriculture-machine.com\/wp-content\/uploads\/2021\/10\/press-oil-extractor-for-sale-360x270.webp 360w, https:\/\/www.agriculture-machine.com\/wp-content\/uploads\/2021\/10\/press-oil-extractor-for-sale-240x180.webp 240w, https:\/\/www.agriculture-machine.com\/wp-content\/uploads\/2021\/10\/press-oil-extractor-for-sale-16x12.webp 16w\" sizes=\"auto, (max-width: 720px) 100vw, 720px\" \/><figcaption class=\"wp-element-caption\">Press\u00f6l-Extraktor zum Verkauf<\/figcaption><\/figure>    <h2 class=\"wp-block-heading\">Screw oil mill&#8217;s instructions for use<\/h2>    <ul class=\"wp-block-list\"> <li>\u00dcberpr\u00fcfen Sie vor der Verwendung die Befestigungselemente, um sicherzustellen, dass keine Lockerheit besteht; drehen Sie manuell den Griff und die Riemenscheibe, um die flexible Bedienung und das Fehlen ungew\u00f6hnlicher Ger\u00e4usche zu gew\u00e4hrleisten.<\/li>    <li>F\u00fcllen Sie das Getriebe mit 30# \u00d6l. Die Maschine muss vor dem Start zuverl\u00e4ssig geerdet werden.<\/li>    <li>Verbinden Sie die Maschine mit einer Dreiphasen-Vierleiter-Stromversorgung, und die Spindel sollte nach dem Einschalten gegen den Uhrzeigersinn rotieren.<\/li>    <li>Stellen Sie den Thermostat auf 120\u00b0C-160\u00b0C ein (je nach \u00d6l), schalten Sie die Heizung des Hauptger\u00e4ts ein und heizen Sie das Ger\u00e4t vor.<\/li>    <li>Nach der Installation der neuen Maschine muss sie 4-8 Stunden eingefahren werden: Das trockene \u00d6lcake langsam aus dem Trichter einf\u00fcllen, wiederholt pressen, um die Presskammer zu polieren.<\/li>    <li>Das Futtermaterial gleichm\u00e4\u00dfig halten, Vermeidung von Materialbruch oder zu viel Material, die Maschine normal beladen, reibungslos laufen lassen, rhythmisch klingeln.<\/li>    <li>Vor dem Anhalten der Maschine den Zuf\u00fchrvorgang stoppen, eine kleine Menge Cake-R\u00fcckst\u00e4nde einf\u00fcllen, warten, bis das Restmaterial in der Pressekammer entladen ist, und die Maschine nach dem Austritt des Cakes ausschalten.<\/li>    <li>Nach dem Abschalten der Maschine den Einstellschraube im Uhrzeigersinn 1-3 Umdrehungen drehen, dann die Stromversorgung trennen.<\/li> <\/ul>    <figure class=\"wp-block-image aligncenter size-large\"><img loading=\"lazy\" decoding=\"async\" width=\"720\" height=\"540\" src=\"https:\/\/www.agriculture-machine.com\/wp-content\/uploads\/2021\/10\/\u65b0\u5efa\u6587\u4ef6\u5939-2IMG_20160528_152744-720x540.jpg?v=1635404815\" alt=\"Schrauben-\u00d6lpresse\" class=\"wp-image-11910\" title=\"Schrauben-\u00d6lpresse\" srcset=\"https:\/\/www.agriculture-machine.com\/wp-content\/uploads\/2021\/10\/\u65b0\u5efa\u6587\u4ef6\u5939-2IMG_20160528_152744-720x540.jpg 720w, https:\/\/www.agriculture-machine.com\/wp-content\/uploads\/2021\/10\/\u65b0\u5efa\u6587\u4ef6\u5939-2IMG_20160528_152744-360x270.jpg 360w, https:\/\/www.agriculture-machine.com\/wp-content\/uploads\/2021\/10\/\u65b0\u5efa\u6587\u4ef6\u5939-2IMG_20160528_152744-240x180.jpg 240w, https:\/\/www.agriculture-machine.com\/wp-content\/uploads\/2021\/10\/\u65b0\u5efa\u6587\u4ef6\u5939-2IMG_20160528_152744-768x576.jpg 768w, https:\/\/www.agriculture-machine.com\/wp-content\/uploads\/2021\/10\/\u65b0\u5efa\u6587\u4ef6\u5939-2IMG_20160528_152744-1536x1152.jpg 1536w, https:\/\/www.agriculture-machine.com\/wp-content\/uploads\/2021\/10\/\u65b0\u5efa\u6587\u4ef6\u5939-2IMG_20160528_152744-2048x1536.jpg 2048w\" sizes=\"auto, (max-width: 720px) 100vw, 720px\" \/><figcaption class=\"wp-element-caption\">Schrauben-\u00d6lpresse<\/figcaption><\/figure>    <figure class=\"wp-block-image aligncenter size-full\"><img loading=\"lazy\" decoding=\"async\" width=\"720\" height=\"540\" src=\"https:\/\/www.agriculture-machine.com\/wp-content\/uploads\/2021\/10\/oil-mill-machines.webp\" alt=\"\u00d6lm\u00fchlenmaschinen\" class=\"wp-image-16304\" srcset=\"https:\/\/www.agriculture-machine.com\/wp-content\/uploads\/2021\/10\/oil-mill-machines.webp 720w, https:\/\/www.agriculture-machine.com\/wp-content\/uploads\/2021\/10\/oil-mill-machines-360x270.webp 360w, https:\/\/www.agriculture-machine.com\/wp-content\/uploads\/2021\/10\/oil-mill-machines-240x180.webp 240w, https:\/\/www.agriculture-machine.com\/wp-content\/uploads\/2021\/10\/oil-mill-machines-16x12.webp 16w\" sizes=\"auto, (max-width: 720px) 100vw, 720px\" \/><figcaption class=\"wp-element-caption\">\u00d6lm\u00fchlenmaschinen<\/figcaption><\/figure>    <p class=\"translation-block\">Unsere Fabrik produziert andere Arten von <a href=\"https:\/\/en.wikipedia.org\/wiki\/Oil\" target=\"_blank\" rel=\"noopener\">\u00d6l<\/a>-Pressen, wie hydraulische \u00d6lpresse (<a href=\"https:\/\/www.agriculture-machine.com\/de\/oil-extraction-machine-screw-oil-expellerhydraulic-oil-mill\/\"><strong><em>\u00d6lextraktionsmaschine |Schrauben\u00f6lpressen|Hydraulische \u00d6lm\u00fchle<\/em><\/strong><\/a>). Bei Interesse k\u00f6nnen Sie das Formular rechts ausf\u00fcllen und uns Ihre Rohstoffe und spezifischen Bed\u00fcrfnisse mitteilen. Wir geben Ihnen die passende Empfehlung, damit Ihr \u00d6lpressgesch\u00e4ft reibungslos l\u00e4uft.<\/p>","protected":false},"excerpt":{"rendered":"<p>Automatic screw oil press, vacuum filtration, automatic temperature control function. Adjust the pressure required to squeeze the material by rotating the handle. The product oil squeezed out by this machine has good quality, fragrant taste and high oil yield, and is generally welcomed by many people.<\/p>","protected":false},"author":1,"featured_media":11898,"parent":0,"comment_status":"closed","ping_status":"closed","template":"","tags":[2597,963,830,2599],"product-type":[162],"class_list":["post-11750","product","type-product","status-publish","has-post-thumbnail","hentry","tag-oil","tag-oil-press","tag-peanut-oil","tag-sesame-oil","product-type-other-type"],"_links":{"self":[{"href":"https:\/\/www.agriculture-machine.com\/de\/wp-json\/wp\/v2\/product\/11750","targetHints":{"allow":["GET"]}}],"collection":[{"href":"https:\/\/www.agriculture-machine.com\/de\/wp-json\/wp\/v2\/product"}],"about":[{"href":"https:\/\/www.agriculture-machine.com\/de\/wp-json\/wp\/v2\/types\/product"}],"author":[{"embeddable":true,"href":"https:\/\/www.agriculture-machine.com\/de\/wp-json\/wp\/v2\/users\/1"}],"replies":[{"embeddable":true,"href":"https:\/\/www.agriculture-machine.com\/de\/wp-json\/wp\/v2\/comments?post=11750"}],"wp:featuredmedia":[{"embeddable":true,"href":"https:\/\/www.agriculture-machine.com\/de\/wp-json\/wp\/v2\/media\/11898"}],"wp:attachment":[{"href":"https:\/\/www.agriculture-machine.com\/de\/wp-json\/wp\/v2\/media?parent=11750"}],"wp:term":[{"taxonomy":"post_tag","embeddable":true,"href":"https:\/\/www.agriculture-machine.com\/de\/wp-json\/wp\/v2\/tags?post=11750"},{"taxonomy":"product-type","embeddable":true,"href":"https:\/\/www.agriculture-machine.com\/de\/wp-json\/wp\/v2\/product-type?post=11750"}],"curies":[{"name":"wp","href":"https:\/\/api.w.org\/{rel}","templated":true}]}}