{"id":1178,"date":"2018-10-20T03:23:39","date_gmt":"2018-10-19T19:23:39","guid":{"rendered":"https:\/\/www.agriculture-machine.com\/?p=1178"},"modified":"2024-09-23T11:19:36","modified_gmt":"2024-09-23T03:19:36","slug":"electric-olive-picking-machine","status":"publish","type":"product","link":"https:\/\/www.agriculture-machine.com\/de\/electric-olive-picking-machine\/","title":{"rendered":"Elektrische Olivenpfl\u00fcckmaschine Nussfruchtpfl\u00fccker"},"content":{"rendered":"<p>Die elektrische Olivenpfl\u00fcckmaschine ist speziell f\u00fcr das Pfl\u00fccken und Ernten an Nussb\u00e4umen im Obstgarten konzipiert. Die Maschine hat eine kompakte Struktur, eine sch\u00f6ne Form und eine einfache Bedienung. Au\u00dferdem sind interne und externe Rohre aus hochfestem Aluminiumlegierung gefertigt und k\u00f6nnen leicht eingestellt werden, das hei\u00dft, 2170-3000mm.<\/p> <p>Der Fruchtpfl\u00fccker ist leicht und stark, und wird h\u00e4ufig bei N\u00fcssen wie Oliven, Jujube, Datteln usw. eingesetzt.<\/p> <h2><strong><b>Typ eins: GL-1 elektrische Fruchtpfl\u00fcckmaschine<\/b><\/strong><\/h2> <p>Der Kopf der elektrischen Olivenpfl\u00fcckmaschine ist ein hochfestes Teil, das langlebig ist. Die Olivenpfl\u00fcckmaschine verwendet eine 12V-Batterie, und Haushaltsstrom, kleine Generatoren und andere Energiequellen sind alle geeignet. Es ist bequem und praktisch in der Anwendung.<\/p> <figure id=\"attachment_3052\" aria-describedby=\"caption-attachment-3052\" style=\"width: 400px\" class=\"wp-caption aligncenter\"><img loading=\"lazy\" decoding=\"async\" class=\"wp-image-3052 size-full\" src=\"https:\/\/www.agriculture-machine.com\/wp-content\/uploads\/2018\/10\/99.jpg\" alt=\"Olivenernte-Maschine\" width=\"400\" height=\"500\" srcset=\"https:\/\/www.agriculture-machine.com\/wp-content\/uploads\/2018\/10\/99.jpg 400w, https:\/\/www.agriculture-machine.com\/wp-content\/uploads\/2018\/10\/99-216x270.jpg 216w\" sizes=\"auto, (max-width: 400px) 100vw, 400px\" \/><figcaption id=\"caption-attachment-3052\" class=\"wp-caption-text\">Olivenernte-Maschine<\/figcaption><\/figure> <h3>Technische Parameter des Fruchtpfl\u00fcckens<\/h3> <table> <tbody> <tr> <td width=\"284\">Modell<\/td> <td width=\"284\">GL-1<\/td> <\/tr> <tr> <td width=\"284\">Batterie<\/td> <td width=\"284\">12V<\/td> <\/tr> <tr> <td width=\"284\">L\u00e4nge<\/td> <td width=\"284\">2170-3000mm<\/td> <\/tr> <tr> <td width=\"284\">Kopffl\u00e4che<\/td> <td width=\"284\">260mm<\/td> <\/tr> <tr> <td width=\"284\">Drahtl\u00e4nge<\/td> <td width=\"284\">12m<\/td> <\/tr> <tr> <td width=\"284\">Geschwindigkeit<\/td> <td width=\"284\">820r\/min<\/td> <\/tr> <tr> <td width=\"284\">Verpackungsgr\u00f6\u00dfe<\/td> <td width=\"284\">2170*160*260mm<\/td> <\/tr> <tr> <td width=\"284\">N.W\/G.W<\/td> <td width=\"284\">7,5kg\/11kg<\/td> <\/tr> <tr> <td width=\"284\">Bemerkung<\/td> <td width=\"284\">Der K\u00e4ufer sollte die Batterie selbst kaufen.<\/td> <\/tr> <\/tbody> <\/table> <h3><strong><b>Aufbau der Fruchtpfl\u00fcckmaschine<\/b><\/strong><\/h3> <ul> <li>Rechen<\/li> <li>Motorgeh\u00e4use durch Abdeckung gesch\u00fctzt<\/li> <li>Welle<\/li> <li>Griff<\/li> <li>Sicherungssockel (10 Ampere)<\/li> <li>Gleichstrom-Klemme<\/li> <li>Anschlusskabel (15m)<\/li> <li>2-3m teleskopischer Wellenstab<\/li> <li>5 bis 2,2m teleskopischer Wellenstab<\/li> <li>2m festes Wellenst\u00fcck<\/li> <\/ul> <div id='gallery-1' class='gallery galleryid-1178 gallery-columns-2 gallery-size-full'><figure class='gallery-item'> \t\t\t<div class='gallery-icon portrait'> \t\t\t\t<a href='https:\/\/www.agriculture-machine.com\/de\/electric-olive-picking-machine\/attachment\/88-3\/'><img loading=\"lazy\" decoding=\"async\" width=\"400\" height=\"500\" src=\"https:\/\/www.agriculture-machine.com\/wp-content\/uploads\/2018\/10\/88-1.jpg\" class=\"attachment-full size-full\" alt=\"Einf\u00fchrung der Olivenernte-Maschine\" aria-describedby=\"gallery-1-3051\" srcset=\"https:\/\/www.agriculture-machine.com\/wp-content\/uploads\/2018\/10\/88-1.jpg 400w, https:\/\/www.agriculture-machine.com\/wp-content\/uploads\/2018\/10\/88-1-216x270.jpg 216w\" sizes=\"auto, (max-width: 400px) 100vw, 400px\" \/><\/a> \t\t\t<\/div> \t\t\t\t<figcaption class='wp-caption-text gallery-caption' id='gallery-1-3051'> \t\t\t\tEinf\u00fchrung der Olivenernte-Maschine \t\t\t\t<\/figcaption><\/figure><figure class='gallery-item'> \t\t\t<div class='gallery-icon portrait'> \t\t\t\t<a href='https:\/\/www.agriculture-machine.com\/de\/electric-olive-picking-machine\/attachment\/77-3\/'><img loading=\"lazy\" decoding=\"async\" width=\"400\" height=\"500\" src=\"https:\/\/www.agriculture-machine.com\/wp-content\/uploads\/2018\/10\/77-1.jpg\" class=\"attachment-full size-full\" alt=\"Olivenernte-Maschine-2\" aria-describedby=\"gallery-1-3050\" srcset=\"https:\/\/www.agriculture-machine.com\/wp-content\/uploads\/2018\/10\/77-1.jpg 400w, https:\/\/www.agriculture-machine.com\/wp-content\/uploads\/2018\/10\/77-1-216x270.jpg 216w\" sizes=\"auto, (max-width: 400px) 100vw, 400px\" \/><\/a> \t\t\t<\/div> \t\t\t\t<figcaption class='wp-caption-text gallery-caption' id='gallery-1-3050'> \t\t\t\tOlivenernte-Maschine-2 \t\t\t\t<\/figcaption><\/figure> \t\t<\/div>  <p class=\"translation-block\"><strong><b>\u00a0<\/b><\/strong><\/p> <p class=\"translation-block\"><strong><b>\u00a0<\/b><\/strong><\/p> <h2><strong><b>Typ zwei: GL-2 elektrische Fruchtpfl\u00fcckmaschine<\/b><\/strong><\/h2> <p>Dieses elektrische\u00a0Fruchtpfl\u00fcckger\u00e4t\u00a0ist wie ein Ball mit langen Z\u00e4hnen, betrieben durch eine 12V-Batterie, spart vollst\u00e4ndig Arbeitszeit; seine Wellenl\u00e4nge betr\u00e4gt 2500mm, und die Kopfbreite ist 100mm. Die 10m Kabel macht die Ernte bequem.<\/p> <div id='gallery-2' class='gallery galleryid-1178 gallery-columns-2 gallery-size-full'><figure class='gallery-item'> \t\t\t<div class='gallery-icon portrait'> \t\t\t\t<a href='https:\/\/www.agriculture-machine.com\/de\/electric-olive-picking-machine\/attachment\/222-2\/'><img loading=\"lazy\" decoding=\"async\" width=\"400\" height=\"500\" src=\"https:\/\/www.agriculture-machine.com\/wp-content\/uploads\/2018\/10\/222.jpg\" class=\"attachment-full size-full\" alt=\"Details der Olivenernte-Maschine\" aria-describedby=\"gallery-2-3054\" srcset=\"https:\/\/www.agriculture-machine.com\/wp-content\/uploads\/2018\/10\/222.jpg 400w, https:\/\/www.agriculture-machine.com\/wp-content\/uploads\/2018\/10\/222-216x270.jpg 216w\" sizes=\"auto, (max-width: 400px) 100vw, 400px\" \/><\/a> \t\t\t<\/div> \t\t\t\t<figcaption class='wp-caption-text gallery-caption' id='gallery-2-3054'> \t\t\t\tDetails der Olivenernte-Maschine \t\t\t\t<\/figcaption><\/figure><figure class='gallery-item'> \t\t\t<div class='gallery-icon portrait'> \t\t\t\t<a href='https:\/\/www.agriculture-machine.com\/de\/electric-olive-picking-machine\/attachment\/111-2\/'><img loading=\"lazy\" decoding=\"async\" width=\"400\" height=\"500\" src=\"https:\/\/www.agriculture-machine.com\/wp-content\/uploads\/2018\/10\/111.jpg\" class=\"attachment-full size-full\" alt=\"Olivenernte-Maschine Detail-2\" srcset=\"https:\/\/www.agriculture-machine.com\/wp-content\/uploads\/2018\/10\/111.jpg 400w, https:\/\/www.agriculture-machine.com\/wp-content\/uploads\/2018\/10\/111-216x270.jpg 216w\" sizes=\"auto, (max-width: 400px) 100vw, 400px\" \/><\/a> \t\t\t<\/div><\/figure> \t\t<\/div>  <h3>Technische Parameter der Fruchtpfl\u00fcckmaschine<\/h3> <table> <tbody> <tr> <td width=\"284\">Modell<\/td> <td width=\"284\">GL-2<\/td> <\/tr> <tr> <td width=\"284\">Batterie<\/td> <td width=\"284\">12V<\/td> <\/tr> <tr> <td width=\"284\">L\u00e4nge<\/td> <td width=\"284\">2500mm<\/td> <\/tr> <tr> <td width=\"284\">Kopffl\u00e4che<\/td> <td width=\"284\">100mm<\/td> <\/tr> <tr> <td width=\"284\">Drahtl\u00e4nge<\/td> <td width=\"284\">10m<\/td> <\/tr> <tr> <td width=\"284\">Geschwindigkeit<\/td> <td width=\"284\">1800r\/min<\/td> <\/tr> <tr> <td width=\"284\">Verpackungsgr\u00f6\u00dfe<\/td> <td width=\"284\">2040*110*130mm<\/p> <p>380*255*215mm<\/td> <\/tr> <tr> <td width=\"284\">N.W\/G.W<\/td> <td width=\"284\">2,5kg\/ 3,35kg<\/td> <\/tr> <tr> <td width=\"284\">Bemerkung<\/td> <td width=\"284\">Der K\u00e4ufer sollte die Batterie selbst kaufen.<\/td> <\/tr> <\/tbody> <\/table> <h2><strong><b>Typ drei<\/b><\/strong><strong><b>: GL-3 Benzinmotor-Fruchtpfl\u00fcckmaschine <\/b><\/strong><\/h2> <p>Es ist eine 2-Takt-Oliven-Sch\u00fcttelmaschine, angetrieben von einem 43cc Benzinmotor mit 700ml Kraftstofftank. Die Nennleistung betr\u00e4gt 1,4kw\/7500rpm, der Haken-Durchmesser ist 44mm und kann nicht eingestellt werden, w\u00e4hrend die Rohrl\u00e4nge von 150cm bis 225cm reicht. Hohe Arbeitseffizienz und niedrige Bruchrate sind zwei herausragende Merkmale.<\/p> <div id='gallery-3' class='gallery galleryid-1178 gallery-columns-2 gallery-size-full'><figure class='gallery-item'> \t\t\t<div class='gallery-icon portrait'> \t\t\t\t<a href='https:\/\/www.agriculture-machine.com\/de\/electric-olive-picking-machine\/attachment\/44-2\/'><img loading=\"lazy\" decoding=\"async\" width=\"400\" height=\"500\" src=\"https:\/\/www.agriculture-machine.com\/wp-content\/uploads\/2018\/10\/44-1.jpg\" class=\"attachment-full size-full\" alt=\"Benzinmotor-Fruchtpfl\u00fcckmaschine-1\" aria-describedby=\"gallery-3-3047\" srcset=\"https:\/\/www.agriculture-machine.com\/wp-content\/uploads\/2018\/10\/44-1.jpg 400w, https:\/\/www.agriculture-machine.com\/wp-content\/uploads\/2018\/10\/44-1-216x270.jpg 216w\" sizes=\"auto, (max-width: 400px) 100vw, 400px\" \/><\/a> \t\t\t<\/div> \t\t\t\t<figcaption class='wp-caption-text gallery-caption' id='gallery-3-3047'> \t\t\t\tBenzinmotor-Fruchtpfl\u00fcckmaschine-1 \t\t\t\t<\/figcaption><\/figure><figure class='gallery-item'> \t\t\t<div class='gallery-icon portrait'> \t\t\t\t<a href='https:\/\/www.agriculture-machine.com\/de\/electric-olive-picking-machine\/attachment\/55-3\/'><img loading=\"lazy\" decoding=\"async\" width=\"400\" height=\"500\" src=\"https:\/\/www.agriculture-machine.com\/wp-content\/uploads\/2018\/10\/55-1.jpg\" class=\"attachment-full size-full\" alt=\"Benzinmotor-Fruchtpfl\u00fcckmaschine-2\" aria-describedby=\"gallery-3-3048\" srcset=\"https:\/\/www.agriculture-machine.com\/wp-content\/uploads\/2018\/10\/55-1.jpg 400w, https:\/\/www.agriculture-machine.com\/wp-content\/uploads\/2018\/10\/55-1-216x270.jpg 216w\" sizes=\"auto, (max-width: 400px) 100vw, 400px\" \/><\/a> \t\t\t<\/div> \t\t\t\t<figcaption class='wp-caption-text gallery-caption' id='gallery-3-3048'> \t\t\t\tBenzinmotor-Fruchtpfl\u00fcckmaschine-2 \t\t\t\t<\/figcaption><\/figure> \t\t<\/div>  <h3>Technische Parameter der Fruchtpfl\u00fcckmaschine<\/h3> <table> <tbody> <tr> <td width=\"284\">Modell<\/td> <td width=\"284\">GL-3<\/td> <\/tr> <tr> <td width=\"284\">Leistung<\/td> <td width=\"284\">Benzinmotor<\/td> <\/tr> <tr> <td width=\"284\">Motortyp<\/td> <td width=\"284\">2-Takt<\/td> <\/tr> <tr> <td width=\"284\">Hubraum<\/td> <td width=\"284\">43cc<\/td> <\/tr> <tr> <td width=\"284\">Nennleistung<\/td> <td width=\"284\">1,4kw\/7500rpm<\/td> <\/tr> <tr> <td width=\"284\">Kraftstofftank-Kapazit\u00e4t<\/td> <td width=\"284\">700ml<\/td> <\/tr> <tr> <td width=\"284\">Haken-Durchmesser<\/td> <td width=\"284\">44mm<\/td> <\/tr> <tr> <td width=\"284\">Sch\u00fcttler-L\u00e4nge-Rohr<\/td> <td width=\"284\">150cm-225cm<\/td> <\/tr> <tr> <td width=\"284\">Verpackung<\/td> <td width=\"284\">360*300*240mm<\/p> <p>150*120*120mm<\/td> <\/tr> <tr> <td width=\"284\">Verpackungsgewicht<\/td> <td width=\"284\">8,0 kg<\/td> <\/tr> <\/tbody> <\/table> <h3>Vorteile der Fruchtpfl\u00fcckmaschine (f\u00fcr drei Typen)<\/h3> <ol> <li>Breite Anwendung. Oliven-Erntemaschine kann auch Datteln, Jujube, Pekann\u00fcsse, Kastanien, Jujube und andere kleine Fr\u00fcchte pfl\u00fccken.<\/li> <li>Es hat eine flexible Welle und ist einfach, die L\u00e4nge des Kopfes anzupassen.<\/li> <li>Einfach zu bedienen. Fruchtpfl\u00fccken, betrieben durch Elektrizit\u00e4t oder Benzinmotor, mit einfacher Bedienung.<\/li> <li>Hohe Erntequote. Alle Fr\u00fcchte k\u00f6nnen gepfl\u00fcckt werden.<\/li> <li>Die Fr\u00fcchte bleiben nach der Ernte unzerbrechlich.<\/li> <\/ol> <h3>Erfolgreicher Fall einer Fruchtpfl\u00fcckmaschine<\/h3> <p>Mit einfacher Handhabung und hoher Kapazit\u00e4t ist dieser\u00a0Fr\u00fcchtesch\u00fcttler\u00a0in den afrikanischen Markt beliebt. Im Oktober 2018 wurden f\u00fcr die Olivenernte 20GP-Container-Oliven-Sch\u00fcttler nach Libanon geliefert. Dieser Kunde w\u00fcrde alle Maschinen an lokale Landwirte verteilen, nachdem er sie erhalten hat, und die folgenden Details sind die Packbilder.<\/p> <div id='gallery-4' class='gallery galleryid-1178 gallery-columns-2 gallery-size-full'><figure class='gallery-item'> \t\t\t<div class='gallery-icon portrait'> \t\t\t\t<a href='https:\/\/www.agriculture-machine.com\/de\/electric-olive-picking-machine\/attachment\/22-2\/'><img loading=\"lazy\" decoding=\"async\" width=\"400\" height=\"500\" src=\"https:\/\/www.agriculture-machine.com\/wp-content\/uploads\/2018\/10\/22-1.jpg\" class=\"attachment-full size-full\" alt=\"Versandbild-2\" aria-describedby=\"gallery-4-3044\" srcset=\"https:\/\/www.agriculture-machine.com\/wp-content\/uploads\/2018\/10\/22-1.jpg 400w, https:\/\/www.agriculture-machine.com\/wp-content\/uploads\/2018\/10\/22-1-216x270.jpg 216w\" sizes=\"auto, (max-width: 400px) 100vw, 400px\" \/><\/a> \t\t\t<\/div> \t\t\t\t<figcaption class='wp-caption-text gallery-caption' id='gallery-4-3044'> \t\t\t\tVersandbild-2 \t\t\t\t<\/figcaption><\/figure><figure class='gallery-item'> \t\t\t<div class='gallery-icon portrait'> \t\t\t\t<a href='https:\/\/www.agriculture-machine.com\/de\/electric-olive-picking-machine\/attachment\/66-3\/'><img loading=\"lazy\" decoding=\"async\" width=\"400\" height=\"500\" src=\"https:\/\/www.agriculture-machine.com\/wp-content\/uploads\/2018\/10\/66-1.jpg\" class=\"attachment-full size-full\" alt=\"Versandbild-3\" aria-describedby=\"gallery-4-3049\" srcset=\"https:\/\/www.agriculture-machine.com\/wp-content\/uploads\/2018\/10\/66-1.jpg 400w, https:\/\/www.agriculture-machine.com\/wp-content\/uploads\/2018\/10\/66-1-216x270.jpg 216w\" sizes=\"auto, (max-width: 400px) 100vw, 400px\" \/><\/a> \t\t\t<\/div> \t\t\t\t<figcaption class='wp-caption-text gallery-caption' id='gallery-4-3049'> \t\t\t\tVersandbild-3 \t\t\t\t<\/figcaption><\/figure> \t\t<\/div>  <h3>FAQ<\/h3> <ol> <li>Was ist der Unterschied zwischen den 3 Arten der Fruchtpfl\u00fcckmaschine?<\/li> <\/ol> <p>Die ersten beiden Typen sind elektrisch, und der letzte wird vom Benzinmotor angetrieben.<\/p> <ol start=\"2\"> <li>Welche Arten von Fr\u00fcchten k\u00f6nnen mit dieser Maschine gepfl\u00fcckt werden?<\/li> <li>Das Rohmaterial kann Oliven, Datteln, Jujube, Pekann\u00fcsse, Kastanien, Jujube und andere kleine Fr\u00fcchte sein.<\/li> <li>Wie hoch ist die Erntequote der Maschine?<\/li> <\/ol> <p>Dieser Fruchtpfl\u00fccker kann mit hoher Effizienz arbeiten, und alle Fr\u00fcchte am Baum k\u00f6nnen w\u00e4hrend des Betriebs geerntet werden.<\/p> <ol start=\"5\"> <li>Werden die Fr\u00fcchte nach der Ernte zerbrochen?<\/li> <\/ol> <p>Nein, die Erntemaschine kann die Frucht vollst\u00e4ndig ernten, ohne die Frucht selbst zu besch\u00e4digen.<\/p>","protected":false},"excerpt":{"rendered":"<p>Electric olive picking machine is specially designed for the nut tree picking and harvesting in the orchard. Machine bears compact structure, beautiful shape and simple operation. What\u2019s more, internal and external tubes is made of high-strength aluminum alloy and can be adjusted easily, that is, 2170-3000mm. Fruit picker\u00a0is\u00a0light in weight and good in strength, widely [&hellip;]<\/p>\n","protected":false},"author":1,"featured_media":3064,"parent":0,"comment_status":"closed","ping_status":"closed","template":"","tags":[2633,2632],"product-type":[892],"class_list":["post-1178","product","type-product","status-publish","has-post-thumbnail","hentry","tag-olive","tag-picker","product-type-olive-picker"],"_links":{"self":[{"href":"https:\/\/www.agriculture-machine.com\/de\/wp-json\/wp\/v2\/product\/1178","targetHints":{"allow":["GET"]}}],"collection":[{"href":"https:\/\/www.agriculture-machine.com\/de\/wp-json\/wp\/v2\/product"}],"about":[{"href":"https:\/\/www.agriculture-machine.com\/de\/wp-json\/wp\/v2\/types\/product"}],"author":[{"embeddable":true,"href":"https:\/\/www.agriculture-machine.com\/de\/wp-json\/wp\/v2\/users\/1"}],"replies":[{"embeddable":true,"href":"https:\/\/www.agriculture-machine.com\/de\/wp-json\/wp\/v2\/comments?post=1178"}],"wp:featuredmedia":[{"embeddable":true,"href":"https:\/\/www.agriculture-machine.com\/de\/wp-json\/wp\/v2\/media\/3064"}],"wp:attachment":[{"href":"https:\/\/www.agriculture-machine.com\/de\/wp-json\/wp\/v2\/media?parent=1178"}],"wp:term":[{"taxonomy":"post_tag","embeddable":true,"href":"https:\/\/www.agriculture-machine.com\/de\/wp-json\/wp\/v2\/tags?post=1178"},{"taxonomy":"product-type","embeddable":true,"href":"https:\/\/www.agriculture-machine.com\/de\/wp-json\/wp\/v2\/product-type?post=1178"}],"curies":[{"name":"wp","href":"https:\/\/api.w.org\/{rel}","templated":true}]}}