{"id":1190,"date":"2018-10-20T03:40:51","date_gmt":"2018-10-19T19:40:51","guid":{"rendered":"https:\/\/www.agriculture-machine.com\/?p=1190"},"modified":"2024-09-23T11:14:26","modified_gmt":"2024-09-23T03:14:26","slug":"cassava-slicer-machine","status":"publish","type":"product","link":"https:\/\/www.agriculture-machine.com\/de\/cassava-slicer-machine\/","title":{"rendered":"Cassava-Scheibmaschine \/ S\u00fc\u00dfkartoffelschneider"},"content":{"rendered":"<p>Manuelle Mani Cassava-Scheibmaschine kann Cassava sch\u00e4len und dann in Scheiben schneiden, wodurch Sch\u00e4len und Schneiden gleichzeitig erreicht werden. Die endg\u00fcltigen Scheiben sind sehr sauber ohne \u00e4u\u00dfere H\u00fclle, und ihre Dicke kann nach Ihren Anforderungen angepasst werden.<\/p> <div align=\"center\"><\/div> <p>&nbsp;<\/p> <p>&nbsp;<\/p> <h2>Funktionsprinzip des S\u00fc\u00dfkartoffelschneiders<\/h2> <ol> <li>Zuerst gelangt die Cassava in eine lange R\u00f6hre mit Loch.<\/li> <li>Sie rotieren st\u00e4ndig unter der Kraft des Motors f\u00fcr mehrere Minuten, und ihre Haut wird entfernt.<\/li> <li>W\u00e4hrend des Betriebs kann der Bediener die Auslass\u00f6ffnung des Rollers abdecken, um zu verhindern, dass einige Cassavas vorzeitig herauskommen.<\/li> <li>Schlie\u00dflich wird die Cassava ohne Haut durch eine scharfe Klinge gesch\u00e4lt.<\/li> <li>Es ist besser, eine T\u00fcte an der Auslass\u00f6ffnung der Maschine zu platzieren, um die Cassava-St\u00fccke aufzufangen.<\/li> <\/ol> <figure id=\"attachment_3110\" aria-describedby=\"caption-attachment-3110\" style=\"width: 667px\" class=\"wp-caption alignnone\"><img loading=\"lazy\" decoding=\"async\" class=\"wp-image-3110\" src=\"https:\/\/www.agriculture-machine.com\/wp-content\/uploads\/2018\/10\/cassava-peeling-machine-1.jpg\" alt=\"\" width=\"667\" height=\"667\" srcset=\"https:\/\/www.agriculture-machine.com\/wp-content\/uploads\/2018\/10\/cassava-peeling-machine-1.jpg 750w, https:\/\/www.agriculture-machine.com\/wp-content\/uploads\/2018\/10\/cassava-peeling-machine-1-270x270.jpg 270w, https:\/\/www.agriculture-machine.com\/wp-content\/uploads\/2018\/10\/cassava-peeling-machine-1-540x540.jpg 540w\" sizes=\"auto, (max-width: 667px) 100vw, 667px\" \/><figcaption id=\"caption-attachment-3110\" class=\"wp-caption-text\">Cassava-Sch\u00e4lmaschine<\/figcaption><\/figure> <h2>Vorteile des S\u00fc\u00dfkartoffelschneiders<\/h2> <ol> <li>Hohe Kapazit\u00e4t. Die Maschinenkapazit\u00e4t betr\u00e4gt 4t\/h.<\/li> <li>Breite Anwendung. Es wird f\u00fcr Cassava, S\u00fc\u00dfkartoffel und Kartoffeln usw. verwendet.<\/li> <li>Die Cassava-Sch\u00e4lmaschine kann je nach Kundenanforderungen mit einem 3kW-Motor oder einem 8PS-Dieselaggregat ausgestattet werden.<\/li> <li>Die Dicke des S\u00fc\u00dfkartoffelschneiders ist einstellbar: von 5mm bis 20mm.<\/li> <li>Der S\u00fc\u00dfkartoffelschneider ist einfach zu bedienen, hoch effizient und verbraucht wenig Energie.<\/li> <li>Die Maschine ist aufgrund zweier gro\u00dfer R\u00e4der leicht zu bewegen.<\/li> <\/ol> <figure id=\"attachment_3117\" aria-describedby=\"caption-attachment-3117\" style=\"width: 634px\" class=\"wp-caption alignnone\"><img loading=\"lazy\" decoding=\"async\" class=\"wp-image-3117\" src=\"https:\/\/www.agriculture-machine.com\/wp-content\/uploads\/2018\/10\/cassava-peeling-machine-8.jpg\" alt=\"\" width=\"634\" height=\"634\" srcset=\"https:\/\/www.agriculture-machine.com\/wp-content\/uploads\/2018\/10\/cassava-peeling-machine-8.jpg 750w, https:\/\/www.agriculture-machine.com\/wp-content\/uploads\/2018\/10\/cassava-peeling-machine-8-270x270.jpg 270w, https:\/\/www.agriculture-machine.com\/wp-content\/uploads\/2018\/10\/cassava-peeling-machine-8-540x540.jpg 540w\" sizes=\"auto, (max-width: 634px) 100vw, 634px\" \/><figcaption id=\"caption-attachment-3117\" class=\"wp-caption-text\">Cassava-Sch\u00e4lmaschine<\/figcaption><\/figure> <figure id=\"attachment_3118\" aria-describedby=\"caption-attachment-3118\" style=\"width: 650px\" class=\"wp-caption alignnone\"><img loading=\"lazy\" decoding=\"async\" class=\"wp-image-3118\" src=\"https:\/\/www.agriculture-machine.com\/wp-content\/uploads\/2018\/10\/cassava-peeling-machine-9.jpg\" alt=\"\" width=\"650\" height=\"650\" srcset=\"https:\/\/www.agriculture-machine.com\/wp-content\/uploads\/2018\/10\/cassava-peeling-machine-9.jpg 750w, https:\/\/www.agriculture-machine.com\/wp-content\/uploads\/2018\/10\/cassava-peeling-machine-9-270x270.jpg 270w, https:\/\/www.agriculture-machine.com\/wp-content\/uploads\/2018\/10\/cassava-peeling-machine-9-540x540.jpg 540w\" sizes=\"auto, (max-width: 650px) 100vw, 650px\" \/><figcaption id=\"caption-attachment-3118\" class=\"wp-caption-text\">Cassava-Sch\u00e4lmaschine<\/figcaption><\/figure> <h2>Technische Parameter des S\u00fc\u00dfkartoffelschneiders<\/h2> <p>&nbsp;<\/p> <table> <tbody> <tr> <td width=\"284\">Modell<\/td> <td width=\"284\">SL-04<\/td> <\/tr> <tr> <td width=\"284\">Leistung<\/td> <td width=\"284\">3kW-Motor oder 8PS-Dieselmaschine<\/td> <\/tr> <tr> <td width=\"284\">Kapazit\u00e4t<\/td> <td width=\"284\">4t\/h<\/td> <\/tr> <tr> <td width=\"284\">Gewicht<\/td> <td width=\"284\">150kg<\/td> <\/tr> <tr> <td width=\"284\">Gr\u00f6\u00dfe<\/td> <td width=\"284\">1650*800*1200mm<\/td> <\/tr> <\/tbody> <\/table> <h2>Erfolgreicher Fall des S\u00fc\u00dfkartoffelschneiders<\/h2> <p>Drei Kunden aus Kongo bestellten 50 Sets S\u00fc\u00dfkartoffelschneider im Jahr 2018. Sie besuchten zuerst unsere Fabrik, um das Ger\u00e4t eingehend kennenzulernen, und testeten es mit ihrem Rohmaterial. Beeindruckt von seiner hohen Kapazit\u00e4t und hervorragenden Arbeitsleistung, t\u00e4tigten sie nach dem Test sofort die Zahlung, was nur die erste Zusammenarbeit zwischen uns ist.<\/p> <h3>Das Bild der Kunden<\/h3> <figure id=\"attachment_3115\" aria-describedby=\"caption-attachment-3115\" style=\"width: 598px\" class=\"wp-caption alignnone\"><img loading=\"lazy\" decoding=\"async\" class=\"wp-image-3115\" src=\"https:\/\/www.agriculture-machine.com\/wp-content\/uploads\/2018\/10\/cassava-peeling-machine-6.jpg\" alt=\"\" width=\"598\" height=\"598\" srcset=\"https:\/\/www.agriculture-machine.com\/wp-content\/uploads\/2018\/10\/cassava-peeling-machine-6.jpg 750w, https:\/\/www.agriculture-machine.com\/wp-content\/uploads\/2018\/10\/cassava-peeling-machine-6-270x270.jpg 270w, https:\/\/www.agriculture-machine.com\/wp-content\/uploads\/2018\/10\/cassava-peeling-machine-6-540x540.jpg 540w\" sizes=\"auto, (max-width: 598px) 100vw, 598px\" \/><figcaption id=\"caption-attachment-3115\" class=\"wp-caption-text\">Cassava-Sch\u00e4lmaschine<\/figcaption><\/figure> <figure id=\"attachment_3114\" aria-describedby=\"caption-attachment-3114\" style=\"width: 592px\" class=\"wp-caption alignnone\"><img loading=\"lazy\" decoding=\"async\" class=\"wp-image-3114\" src=\"https:\/\/www.agriculture-machine.com\/wp-content\/uploads\/2018\/10\/cassava-peeling-machine-5.jpg\" alt=\"\" width=\"592\" height=\"592\" srcset=\"https:\/\/www.agriculture-machine.com\/wp-content\/uploads\/2018\/10\/cassava-peeling-machine-5.jpg 750w, https:\/\/www.agriculture-machine.com\/wp-content\/uploads\/2018\/10\/cassava-peeling-machine-5-270x270.jpg 270w, https:\/\/www.agriculture-machine.com\/wp-content\/uploads\/2018\/10\/cassava-peeling-machine-5-540x540.jpg 540w\" sizes=\"auto, (max-width: 592px) 100vw, 592px\" \/><figcaption id=\"caption-attachment-3114\" class=\"wp-caption-text\">Cassava-Sch\u00e4lmaschine<\/figcaption><\/figure> <h3>Lieferbild des S\u00fc\u00dfkartoffelschneiders<\/h3> <figure id=\"attachment_3111\" aria-describedby=\"caption-attachment-3111\" style=\"width: 593px\" class=\"wp-caption alignnone\"><img loading=\"lazy\" decoding=\"async\" class=\"wp-image-3111\" src=\"https:\/\/www.agriculture-machine.com\/wp-content\/uploads\/2018\/10\/cassava-peeling-machine-2.jpg\" alt=\"\" width=\"593\" height=\"593\" srcset=\"https:\/\/www.agriculture-machine.com\/wp-content\/uploads\/2018\/10\/cassava-peeling-machine-2.jpg 750w, https:\/\/www.agriculture-machine.com\/wp-content\/uploads\/2018\/10\/cassava-peeling-machine-2-270x270.jpg 270w, https:\/\/www.agriculture-machine.com\/wp-content\/uploads\/2018\/10\/cassava-peeling-machine-2-540x540.jpg 540w\" sizes=\"auto, (max-width: 593px) 100vw, 593px\" \/><figcaption id=\"caption-attachment-3111\" class=\"wp-caption-text\">Cassava-Sch\u00e4lmaschine<\/figcaption><\/figure> <figure id=\"attachment_3112\" aria-describedby=\"caption-attachment-3112\" style=\"width: 594px\" class=\"wp-caption alignnone\"><img loading=\"lazy\" decoding=\"async\" class=\"wp-image-3112\" src=\"https:\/\/www.agriculture-machine.com\/wp-content\/uploads\/2018\/10\/cassava-peeling-machine-3.jpg\" alt=\"\" width=\"594\" height=\"594\" srcset=\"https:\/\/www.agriculture-machine.com\/wp-content\/uploads\/2018\/10\/cassava-peeling-machine-3.jpg 750w, https:\/\/www.agriculture-machine.com\/wp-content\/uploads\/2018\/10\/cassava-peeling-machine-3-270x270.jpg 270w, https:\/\/www.agriculture-machine.com\/wp-content\/uploads\/2018\/10\/cassava-peeling-machine-3-540x540.jpg 540w\" sizes=\"auto, (max-width: 594px) 100vw, 594px\" \/><figcaption id=\"caption-attachment-3112\" class=\"wp-caption-text\">Cassava-Sch\u00e4lmaschine<\/figcaption><\/figure> <figure id=\"attachment_3113\" aria-describedby=\"caption-attachment-3113\" style=\"width: 589px\" class=\"wp-caption alignnone\"><img loading=\"lazy\" decoding=\"async\" class=\"wp-image-3113\" src=\"https:\/\/www.agriculture-machine.com\/wp-content\/uploads\/2018\/10\/cassava-peeling-machine-4.jpg\" alt=\"\" width=\"589\" height=\"589\" srcset=\"https:\/\/www.agriculture-machine.com\/wp-content\/uploads\/2018\/10\/cassava-peeling-machine-4.jpg 750w, https:\/\/www.agriculture-machine.com\/wp-content\/uploads\/2018\/10\/cassava-peeling-machine-4-270x270.jpg 270w, https:\/\/www.agriculture-machine.com\/wp-content\/uploads\/2018\/10\/cassava-peeling-machine-4-540x540.jpg 540w\" sizes=\"auto, (max-width: 589px) 100vw, 589px\" \/><figcaption id=\"caption-attachment-3113\" class=\"wp-caption-text\">Cassava-Sch\u00e4lmaschine<\/figcaption><\/figure> <h2>FAQ<\/h2> <ol> <li>Was ist das Rohmaterial der S\u00fc\u00dfkartoffelsch\u00e4lmaschine?<\/li> <\/ol> <p>Das Rohmaterial kann Cassava, Kartoffeln und S\u00fc\u00dfkartoffeln sein.<\/p> <ol start=\"2\"> <li>Ist die Dicke einstellbar?<\/li> <\/ol> <p>Ja, nat\u00fcrlich, es reicht von 5mm bis 20mm.<\/p> <ol start=\"3\"> <li>Kann die Maschine die Schale des Rohmaterials vollst\u00e4ndig entfernen?<\/li> <\/ol> <p>Die Hautentfernungsrate betr\u00e4gt 95 %, was bedeutet, dass fast alle Rinden im Rollentyp entfernt werden k\u00f6nnen.<\/p> <ol start=\"4\"> <li>Gibt es besch\u00e4digte Cassava-St\u00fccke?<\/li> <\/ol> <p>Nein, alle St\u00fccke k\u00f6nnen intakt bleiben.<\/p> <p>Der Lagerbestand des S\u00fc\u00dfkartoffelschneiders<\/p> <p>&nbsp;<\/p>","protected":false},"excerpt":{"rendered":"<p>Cassava slicing\u00a0machine\u00a0can peel cassava and then cut them\u00a0into slices, achieving\u00a0peeling and slicing\u00a0at the same time.\u00a0The final slices are very clean without outer husk, and its thickness can be adjusted according to your requirement. &nbsp; &nbsp; Working principle of sweet potato slicer The cassava\u00a0firstly goes into a long barrel with hole. They constantly rotate under the [&hellip;]<\/p>\n","protected":false},"author":1,"featured_media":3110,"parent":0,"comment_status":"closed","ping_status":"closed","template":"","tags":[2629],"product-type":[1],"class_list":["post-1190","product","type-product","status-publish","has-post-thumbnail","hentry","tag-slicer","product-type-other"],"_links":{"self":[{"href":"https:\/\/www.agriculture-machine.com\/de\/wp-json\/wp\/v2\/product\/1190","targetHints":{"allow":["GET"]}}],"collection":[{"href":"https:\/\/www.agriculture-machine.com\/de\/wp-json\/wp\/v2\/product"}],"about":[{"href":"https:\/\/www.agriculture-machine.com\/de\/wp-json\/wp\/v2\/types\/product"}],"author":[{"embeddable":true,"href":"https:\/\/www.agriculture-machine.com\/de\/wp-json\/wp\/v2\/users\/1"}],"replies":[{"embeddable":true,"href":"https:\/\/www.agriculture-machine.com\/de\/wp-json\/wp\/v2\/comments?post=1190"}],"wp:featuredmedia":[{"embeddable":true,"href":"https:\/\/www.agriculture-machine.com\/de\/wp-json\/wp\/v2\/media\/3110"}],"wp:attachment":[{"href":"https:\/\/www.agriculture-machine.com\/de\/wp-json\/wp\/v2\/media?parent=1190"}],"wp:term":[{"taxonomy":"post_tag","embeddable":true,"href":"https:\/\/www.agriculture-machine.com\/de\/wp-json\/wp\/v2\/tags?post=1190"},{"taxonomy":"product-type","embeddable":true,"href":"https:\/\/www.agriculture-machine.com\/de\/wp-json\/wp\/v2\/product-type?post=1190"}],"curies":[{"name":"wp","href":"https:\/\/api.w.org\/{rel}","templated":true}]}}