{"id":12031,"date":"2021-11-09T17:47:22","date_gmt":"2021-11-09T09:47:22","guid":{"rendered":"https:\/\/www.agriculture-machine.com\/?p=12031"},"modified":"2024-09-23T11:22:40","modified_gmt":"2024-09-23T03:22:40","slug":"hand-held-gasoline-corn-planter","status":"publish","type":"product","link":"https:\/\/www.agriculture-machine.com\/de\/hand-held-gasoline-corn-planter\/","title":{"rendered":"Benzin-Handerdnuss- und Mais-S\u00e4maschine"},"content":{"rendered":"<h2 class=\"wp-block-heading\">Kurze Einf\u00fchrung der benzinhaltigen Handpflanzmaschinen<\/h2>    <p class=\"translation-block\">Benzinbetriebene Handpflanzmaschinen basieren auf traditionellen <a href=\"https:\/\/www.agriculture-machine.com\/de\/hand-operated-maize-corn-planter-machine-peanut-plant\/\">Handpflanzmaschinen<\/a> mit Benzinmotor. Und im Vergleich zu Maschinen, die vollst\u00e4ndig auf menschliches S\u00e4en angewiesen sind, spart es Zeit und M\u00fche.<\/p>    <p>Au\u00dferdem ist diese Maschine auch f\u00fcr das S\u00e4en in trockenen Feldern geeignet. Sie k\u00f6nnen granulare Samen wie Bohnen, K\u00f6rner und Gem\u00fcsesamen usw. s\u00e4en. Und die Maschine zeichnet sich durch einfachen Start, leichtes Gewicht, Robustheit, weniger Staub und weniger Verwicklung aus. Sie ist f\u00fcr alle Kulturen auf trockenem Land geeignet und ein guter Helfer f\u00fcr Landwirte beim Ackerbau.<\/p>    <figure class=\"wp-block-image size-large\"><img loading=\"lazy\" decoding=\"async\" width=\"720\" height=\"540\" src=\"https:\/\/www.agriculture-machine.com\/wp-content\/uploads\/2021\/11\/IMG_20190320_141834-720x540.jpg?v=1636449682\" alt=\"\" class=\"wp-image-12035\" srcset=\"https:\/\/www.agriculture-machine.com\/wp-content\/uploads\/2021\/11\/IMG_20190320_141834-720x540.jpg 720w, https:\/\/www.agriculture-machine.com\/wp-content\/uploads\/2021\/11\/IMG_20190320_141834-360x270.jpg 360w, https:\/\/www.agriculture-machine.com\/wp-content\/uploads\/2021\/11\/IMG_20190320_141834-240x180.jpg 240w, https:\/\/www.agriculture-machine.com\/wp-content\/uploads\/2021\/11\/IMG_20190320_141834-768x576.jpg 768w, https:\/\/www.agriculture-machine.com\/wp-content\/uploads\/2021\/11\/IMG_20190320_141834-1536x1152.jpg 1536w, https:\/\/www.agriculture-machine.com\/wp-content\/uploads\/2021\/11\/IMG_20190320_141834-2048x1536.jpg 2048w\" sizes=\"auto, (max-width: 720px) 100vw, 720px\" \/><figcaption>Handgehaltene Benzin-Maispflanzmaschine<\/figcaption><\/figure>    <h2 class=\"wp-block-heading\" id=\"h-main-functions-of-hand-held-corn-planter-with-gasoline-power\">Hauptfunktionen der handgehaltenen Maispflanzmaschine mit Benzinmotor<\/h2>    <ol class=\"wp-block-list\" type=\"1\"><li>Die Samen in das Land s\u00e4en.<\/li><li>D\u00fcngen Sie neben den Samen.<\/li><li>Das Bodenlockern beim S\u00e4en.<\/li><li>Graben vor dem Pflanzen.<\/li><\/ol>    <h2 class=\"wp-block-heading\">Anwendungsspektrum des walk-behind Maispflanzers&nbsp;<\/h2>    <p>1. Es kann granulare Samen wie Weizen, Sojabohnen, Rote Bohnen, Erbsen, Mais, Saubohnen, Bohnen, Sorghum, Hirse usw. s\u00e4en.<\/p>    <p>2. Es kann auch d\u00fcngen.<\/p>    <p>3. Und wir k\u00f6nnen auch die Menge des Saatguts, die D\u00fcngermenge und die Pflanztiefe einstellen.<\/p>    <figure class=\"wp-block-image size-large\"><img loading=\"lazy\" decoding=\"async\" width=\"720\" height=\"540\" src=\"https:\/\/www.agriculture-machine.com\/wp-content\/uploads\/2021\/11\/IMG_20190320_141116-720x540.jpg?v=1636449780\" alt=\"\" class=\"wp-image-12036\" srcset=\"https:\/\/www.agriculture-machine.com\/wp-content\/uploads\/2021\/11\/IMG_20190320_141116-720x540.jpg 720w, https:\/\/www.agriculture-machine.com\/wp-content\/uploads\/2021\/11\/IMG_20190320_141116-360x270.jpg 360w, https:\/\/www.agriculture-machine.com\/wp-content\/uploads\/2021\/11\/IMG_20190320_141116-240x180.jpg 240w, https:\/\/www.agriculture-machine.com\/wp-content\/uploads\/2021\/11\/IMG_20190320_141116-768x576.jpg 768w, https:\/\/www.agriculture-machine.com\/wp-content\/uploads\/2021\/11\/IMG_20190320_141116-1536x1152.jpg 1536w, https:\/\/www.agriculture-machine.com\/wp-content\/uploads\/2021\/11\/IMG_20190320_141116-2048x1536.jpg 2048w\" sizes=\"auto, (max-width: 720px) 100vw, 720px\" \/><figcaption>Benzinbetriebene Hand-Peanut-Pflanzmaschine<\/figcaption><\/figure>    <h2 class=\"wp-block-heading\">Die Struktur der handgehaltenen Benzin-Bohnenpflanzmaschine<\/h2>    <p>Beschleunigersteuergriff, Handbremse, Schubgriff, Aussaatkasten, Feinaussaat-Scheibe, Kettenfeder, tiefe und flache Feder, hinteres Gummirad, Rahmen, unterer Saatwinkel, Kraftstofftank, Keilriemenkasten, vorderes Eisenschwungrad.<\/p>    <figure class=\"wp-block-gallery columns-3 is-cropped wp-block-gallery-2 is-layout-flex wp-block-gallery-is-layout-flex\"><ul class=\"blocks-gallery-grid\"><li class=\"blocks-gallery-item\"><figure><img loading=\"lazy\" decoding=\"async\" width=\"720\" height=\"540\" src=\"https:\/\/www.agriculture-machine.com\/wp-content\/uploads\/2021\/11\/IMG_20190320_140522-720x540.jpg?v=1636450074\" alt=\"\" data-id=\"12044\" data-link=\"https:\/\/www.agriculture-machine.com\/?attachment_id=12044\" class=\"wp-image-12044\" srcset=\"https:\/\/www.agriculture-machine.com\/wp-content\/uploads\/2021\/11\/IMG_20190320_140522-720x540.jpg 720w, https:\/\/www.agriculture-machine.com\/wp-content\/uploads\/2021\/11\/IMG_20190320_140522-360x270.jpg 360w, https:\/\/www.agriculture-machine.com\/wp-content\/uploads\/2021\/11\/IMG_20190320_140522-240x180.jpg 240w, https:\/\/www.agriculture-machine.com\/wp-content\/uploads\/2021\/11\/IMG_20190320_140522-768x576.jpg 768w, https:\/\/www.agriculture-machine.com\/wp-content\/uploads\/2021\/11\/IMG_20190320_140522-1536x1152.jpg 1536w, https:\/\/www.agriculture-machine.com\/wp-content\/uploads\/2021\/11\/IMG_20190320_140522-2048x1536.jpg 2048w\" sizes=\"auto, (max-width: 720px) 100vw, 720px\" \/><figcaption class=\"blocks-gallery-item__caption\">rhdr<\/figcaption><\/figure><\/li><li class=\"blocks-gallery-item\"><figure><img loading=\"lazy\" decoding=\"async\" width=\"720\" height=\"540\" src=\"https:\/\/www.agriculture-machine.com\/wp-content\/uploads\/2021\/11\/IMG_20190320_140528-720x540.jpg?v=1636450106\" alt=\"\" data-id=\"12049\" data-link=\"https:\/\/www.agriculture-machine.com\/?attachment_id=12049\" class=\"wp-image-12049\" srcset=\"https:\/\/www.agriculture-machine.com\/wp-content\/uploads\/2021\/11\/IMG_20190320_140528-720x540.jpg 720w, https:\/\/www.agriculture-machine.com\/wp-content\/uploads\/2021\/11\/IMG_20190320_140528-360x270.jpg 360w, https:\/\/www.agriculture-machine.com\/wp-content\/uploads\/2021\/11\/IMG_20190320_140528-240x180.jpg 240w, https:\/\/www.agriculture-machine.com\/wp-content\/uploads\/2021\/11\/IMG_20190320_140528-768x576.jpg 768w, https:\/\/www.agriculture-machine.com\/wp-content\/uploads\/2021\/11\/IMG_20190320_140528-1536x1152.jpg 1536w, https:\/\/www.agriculture-machine.com\/wp-content\/uploads\/2021\/11\/IMG_20190320_140528-2048x1536.jpg 2048w\" sizes=\"auto, (max-width: 720px) 100vw, 720px\" \/><figcaption class=\"blocks-gallery-item__caption\">rhdr<\/figcaption><\/figure><\/li><li class=\"blocks-gallery-item\"><figure><img loading=\"lazy\" decoding=\"async\" width=\"720\" height=\"540\" src=\"https:\/\/www.agriculture-machine.com\/wp-content\/uploads\/2021\/11\/IMG_20190320_140541-720x540.jpg?v=1636450145\" alt=\"\" data-id=\"12051\" data-link=\"https:\/\/www.agriculture-machine.com\/?attachment_id=12051\" class=\"wp-image-12051\" srcset=\"https:\/\/www.agriculture-machine.com\/wp-content\/uploads\/2021\/11\/IMG_20190320_140541-720x540.jpg 720w, https:\/\/www.agriculture-machine.com\/wp-content\/uploads\/2021\/11\/IMG_20190320_140541-360x270.jpg 360w, https:\/\/www.agriculture-machine.com\/wp-content\/uploads\/2021\/11\/IMG_20190320_140541-240x180.jpg 240w, https:\/\/www.agriculture-machine.com\/wp-content\/uploads\/2021\/11\/IMG_20190320_140541-768x576.jpg 768w, https:\/\/www.agriculture-machine.com\/wp-content\/uploads\/2021\/11\/IMG_20190320_140541-1536x1152.jpg 1536w, https:\/\/www.agriculture-machine.com\/wp-content\/uploads\/2021\/11\/IMG_20190320_140541-2048x1536.jpg 2048w\" sizes=\"auto, (max-width: 720px) 100vw, 720px\" \/><figcaption class=\"blocks-gallery-item__caption\">oznor<\/figcaption><\/figure><\/li><li class=\"blocks-gallery-item\"><figure><img loading=\"lazy\" decoding=\"async\" width=\"720\" height=\"540\" src=\"https:\/\/www.agriculture-machine.com\/wp-content\/uploads\/2021\/11\/IMG_20190320_140550-720x540.jpg?v=1636450174\" alt=\"\" data-id=\"12053\" data-link=\"https:\/\/www.agriculture-machine.com\/?attachment_id=12053\" class=\"wp-image-12053\" srcset=\"https:\/\/www.agriculture-machine.com\/wp-content\/uploads\/2021\/11\/IMG_20190320_140550-720x540.jpg 720w, https:\/\/www.agriculture-machine.com\/wp-content\/uploads\/2021\/11\/IMG_20190320_140550-360x270.jpg 360w, https:\/\/www.agriculture-machine.com\/wp-content\/uploads\/2021\/11\/IMG_20190320_140550-240x180.jpg 240w, https:\/\/www.agriculture-machine.com\/wp-content\/uploads\/2021\/11\/IMG_20190320_140550-768x576.jpg 768w, https:\/\/www.agriculture-machine.com\/wp-content\/uploads\/2021\/11\/IMG_20190320_140550-1536x1152.jpg 1536w, https:\/\/www.agriculture-machine.com\/wp-content\/uploads\/2021\/11\/IMG_20190320_140550-2048x1536.jpg 2048w\" sizes=\"auto, (max-width: 720px) 100vw, 720px\" \/><figcaption class=\"blocks-gallery-item__caption\">oznor<\/figcaption><\/figure><\/li><li class=\"blocks-gallery-item\"><figure><img loading=\"lazy\" decoding=\"async\" width=\"720\" height=\"540\" src=\"https:\/\/www.agriculture-machine.com\/wp-content\/uploads\/2021\/11\/IMG_20190320_140937-1-720x540.jpg?v=1636450464\" alt=\"\" data-id=\"12054\" data-full-url=\"https:\/\/www.agriculture-machine.com\/wp-content\/uploads\/2021\/11\/IMG_20190320_140937-1-scaled.jpg?v=1636450464\" data-link=\"https:\/\/www.agriculture-machine.com\/?attachment_id=12054\" class=\"wp-image-12054\" srcset=\"https:\/\/www.agriculture-machine.com\/wp-content\/uploads\/2021\/11\/IMG_20190320_140937-1-720x540.jpg 720w, https:\/\/www.agriculture-machine.com\/wp-content\/uploads\/2021\/11\/IMG_20190320_140937-1-360x270.jpg 360w, https:\/\/www.agriculture-machine.com\/wp-content\/uploads\/2021\/11\/IMG_20190320_140937-1-240x180.jpg 240w, https:\/\/www.agriculture-machine.com\/wp-content\/uploads\/2021\/11\/IMG_20190320_140937-1-768x576.jpg 768w, https:\/\/www.agriculture-machine.com\/wp-content\/uploads\/2021\/11\/IMG_20190320_140937-1-1536x1152.jpg 1536w, https:\/\/www.agriculture-machine.com\/wp-content\/uploads\/2021\/11\/IMG_20190320_140937-1-2048x1536.jpg 2048w\" sizes=\"auto, (max-width: 720px) 100vw, 720px\" \/><figcaption class=\"blocks-gallery-item__caption\">smacap_Bright<\/figcaption><\/figure><\/li><\/ul><\/figure>    <h2 class=\"wp-block-heading\">Der Arbeitsprozess der benzinhaltigen Hand-Samenpflanzmaschine<\/h2>    <ol class=\"wp-block-list\" type=\"1\"><li>Zuerst w\u00e4hlen Sie die Samen, die Sie ben\u00f6tigen. Und legen Sie die Samen in den Samenbeh\u00e4lter.<\/li><li>Dann starten Sie den Benzinmotor.<\/li><li>Als n\u00e4chstes halten Sie den Griff dieser Maschine. Und gehen Sie gleichzeitig mit der Maschine mit konstantem Tempo.<\/li><li>Schlie\u00dflich, nach dem S\u00e4en der Samen, den Benzinmotor ausschalten und die Maschine ordnungsgem\u00e4\u00df lagern.<\/li><\/ol>    <h2 class=\"wp-block-heading\">Merkmale der benzinhaltigen Hand-Maispflanzmaschine&nbsp;<\/h2>    <p>1. Kleine Gr\u00f6\u00dfe, leichtes Gewicht, flexible und bequeme Bedienung. Es ist geeignet f\u00fcr den Einsatz in Gew\u00e4chsh\u00e4usern, Obstg\u00e4rten, Weinbergen, Terrassen, H\u00e4ngen und kleinen Fl\u00e4chen.<\/p>    <p>2. Der Griff kann in H\u00f6he und L\u00e4nge verstellt werden, geeignet f\u00fcr jeden.<\/p>    <p>3. Das S\u00e4en und D\u00fcngen kann doppelt, einfach, vor und nach der Verwendung erfolgen.<\/p>    <p>4. Sie k\u00f6nnen verschiedene Kulturen pflanzen, indem Sie den Samenbeh\u00e4lter wechseln. Die Qualit\u00e4t ist stabil und zuverl\u00e4ssig.<\/p>    <p>5. Hat mehrere Funktionen. Diese Maschine kann eine Vielzahl von Feldarbeiten wie Pflanzen und D\u00fcngen nur durch den Austausch des Arbeitswerkzeugs ausf\u00fchren.<\/p>    <p>6. Sowohl M\u00e4nner als auch Frauen k\u00f6nnen diese Maschine verwenden. Die Qualit\u00e4t ist stabil und zuverl\u00e4ssig.<\/p>    <h2 class=\"wp-block-heading\">Produktvorteile der handbetriebenen Benzin-Maispflanzmaschine<\/h2>    <p>1. Die Maschine hat keinen Kettenantrieb, und die Schaufel ersetzt die Warrant. Das S\u00e4en ist genau und der Abstand der L\u00f6cher ist gleichm\u00e4\u00dfig.<\/p>    <p>2. Verwenden Sie diese Maschine, um die Produktion zu steigern. Da die L\u00f6cher gleichm\u00e4\u00dfig verteilt sind, gibt es eine gute Bel\u00fcftung und ausreichende N\u00e4hrstoffe, was die Produktion um 10-20 % steigern kann.<\/p>    <p>3. Diese Maschine ist mit begrenzten Tiefenr\u00e4dern ausgestattet. Stellen Sie das Tiefenbegrenzungsrad der Pflanzmaschine vor dem Pflanzen ein, damit die Pflanztiefe jeder Reihe gleich bleibt.<\/p>    <p>5. Die Maschine ist neu im Design und einfach in der Struktur. Sie ist einfach zu bedienen, leicht einzustellen und hat fast keine Fehler.<\/p>    <p>6. Gro\u00dfe Einstellreichweite f\u00fcr Reihen- und Pflanzenabstand. Es kann den idealen Effekt erzielen, dass die S\u00e4mlinge im Wesentlichen nicht mehr gezupft werden m\u00fcssen. Es kann die Anforderungen verschiedener Nutzer an unterschiedliche Samen erf\u00fcllen.<\/p>    <figure class=\"wp-block-image size-large\"><img loading=\"lazy\" decoding=\"async\" width=\"720\" height=\"540\" src=\"https:\/\/www.agriculture-machine.com\/wp-content\/uploads\/2021\/11\/IMG_20190320_134914-720x540.jpg?v=1636450727\" alt=\"Benzinbetriebene Handpflanzmaschinen basieren auf traditionellen Handpflanzmaschinen mit Benzinmotor. Und im Vergleich zu Maschinen, die vollst\u00e4ndig auf menschliches S\u00e4en angewiesen sind, spart es Zeit und M\u00fche. Au\u00dferdem ist diese Maschine geeignet f\u00fcr das S\u00e4en in trockenen Feldern.\" class=\"wp-image-12057\" srcset=\"https:\/\/www.agriculture-machine.com\/wp-content\/uploads\/2021\/11\/IMG_20190320_134914-720x540.jpg 720w, https:\/\/www.agriculture-machine.com\/wp-content\/uploads\/2021\/11\/IMG_20190320_134914-360x270.jpg 360w, https:\/\/www.agriculture-machine.com\/wp-content\/uploads\/2021\/11\/IMG_20190320_134914-240x180.jpg 240w, https:\/\/www.agriculture-machine.com\/wp-content\/uploads\/2021\/11\/IMG_20190320_134914-768x576.jpg 768w, https:\/\/www.agriculture-machine.com\/wp-content\/uploads\/2021\/11\/IMG_20190320_134914-1536x1152.jpg 1536w, https:\/\/www.agriculture-machine.com\/wp-content\/uploads\/2021\/11\/IMG_20190320_134914-2048x1536.jpg 2048w\" sizes=\"auto, (max-width: 720px) 100vw, 720px\" \/><figcaption>Benzinbetriebene Hand-Samenpflanzmaschine<\/figcaption><\/figure>","protected":false},"excerpt":{"rendered":"<p>Gasoline hand-held planters are based on traditional hand-held planters with gasoline power. And compared with machines that completely rely on human sowing, it saves time and effort.<br \/> Also this machine is suitable for sowing seeds in dry fields.<\/p>","protected":false},"author":1,"featured_media":12034,"parent":0,"comment_status":"closed","ping_status":"closed","template":"","tags":[491,797,492],"product-type":[870],"class_list":["post-12031","product","type-product","status-publish","has-post-thumbnail","hentry","tag-corn","tag-peanut","tag-planter","product-type-planter"],"_links":{"self":[{"href":"https:\/\/www.agriculture-machine.com\/de\/wp-json\/wp\/v2\/product\/12031","targetHints":{"allow":["GET"]}}],"collection":[{"href":"https:\/\/www.agriculture-machine.com\/de\/wp-json\/wp\/v2\/product"}],"about":[{"href":"https:\/\/www.agriculture-machine.com\/de\/wp-json\/wp\/v2\/types\/product"}],"author":[{"embeddable":true,"href":"https:\/\/www.agriculture-machine.com\/de\/wp-json\/wp\/v2\/users\/1"}],"replies":[{"embeddable":true,"href":"https:\/\/www.agriculture-machine.com\/de\/wp-json\/wp\/v2\/comments?post=12031"}],"wp:featuredmedia":[{"embeddable":true,"href":"https:\/\/www.agriculture-machine.com\/de\/wp-json\/wp\/v2\/media\/12034"}],"wp:attachment":[{"href":"https:\/\/www.agriculture-machine.com\/de\/wp-json\/wp\/v2\/media?parent=12031"}],"wp:term":[{"taxonomy":"post_tag","embeddable":true,"href":"https:\/\/www.agriculture-machine.com\/de\/wp-json\/wp\/v2\/tags?post=12031"},{"taxonomy":"product-type","embeddable":true,"href":"https:\/\/www.agriculture-machine.com\/de\/wp-json\/wp\/v2\/product-type?post=12031"}],"curies":[{"name":"wp","href":"https:\/\/api.w.org\/{rel}","templated":true}]}}