{"id":12065,"date":"2021-11-10T18:14:42","date_gmt":"2021-11-10T10:14:42","guid":{"rendered":"https:\/\/www.agriculture-machine.com\/?p=12065"},"modified":"2024-09-18T16:22:35","modified_gmt":"2024-09-18T08:22:35","slug":"corn-planter-4-row-corn-planter-corn-planter-tractor-supply-sweet-corn-planter","status":"publish","type":"product","link":"https:\/\/www.agriculture-machine.com\/de\/corn-planter-4-row-corn-planter-corn-planter-tractor-supply-sweet-corn-planter\/","title":{"rendered":"4-Reihiger Maispflanzer f\u00fcr Traktorausr\u00fcstung"},"content":{"rendered":"<p>Heutzutage wird der Maispflanzer von vielen Landwirten breit eingesetzt. Aufgrund der Ebenen m\u00fcssen Landwirte gro\u00dfe Fl\u00e4chen Mais pflanzen. Sie m\u00fcssen viel Arbeitskraft aufwenden, um manuell zu s\u00e4en und zu d\u00fcngen.<\/p>    <p class=\"translation-block\">Corn is one of the most widely planted crops in the world, and it is also the world&#8217;s most productive food crop. Therefore, the <strong>corn planter<\/strong> is a machine that can realize the mechanized planting of corn. It can complete the processes of digging, spotting, and fertilizing all at once. <\/p>    <figure class=\"wp-block-image aligncenter size-full\"><img loading=\"lazy\" decoding=\"async\" width=\"720\" height=\"540\" src=\"https:\/\/www.agriculture-machine.com\/wp-content\/uploads\/2021\/11\/corn-planter-for-sale.webp\" alt=\"Maispflanzer zum Verkauf\" class=\"wp-image-15689\" srcset=\"https:\/\/www.agriculture-machine.com\/wp-content\/uploads\/2021\/11\/corn-planter-for-sale.webp 720w, https:\/\/www.agriculture-machine.com\/wp-content\/uploads\/2021\/11\/corn-planter-for-sale-360x270.webp 360w, https:\/\/www.agriculture-machine.com\/wp-content\/uploads\/2021\/11\/corn-planter-for-sale-240x180.webp 240w\" sizes=\"auto, (max-width: 720px) 100vw, 720px\" \/><figcaption class=\"wp-element-caption\">Maispflanzer zum Verkauf<\/figcaption><\/figure>    <p class=\"translation-block\">Die Maschine zeichnet sich durch hohe Effizienz, Zeitersparnis, Arbeitsersparnis, pr\u00e4zises S\u00e4en, hohe Keimlingsrate und gleichm\u00e4\u00dfigen Pflanzenabstand aus. Au\u00dferdem kann der <a href=\"https:\/\/www.agriculture-machine.com\/de\/maize-peeler-and-thresher\/\"><strong><em>Maisdrescher<\/em><\/strong><\/a> die Mechanisierung der Landwirtschaft unterst\u00fctzen.<\/p>    <h2 class=\"wp-block-heading\" id=\"h-introduction-of-the-corn-planter\">Einf\u00fchrung des Maispflanzers<\/h2>    <p>Der Maispflanzer ist eine Pflanzmaschine, die die Maisk\u00f6rner als Aussaatobjekt verwendet. Und der Maispflanzer kann effizient die Anforderungen an das Graben und Pflanzen von Mais erf\u00fcllen. Dieses Ger\u00e4t kann hochwertige Maispflanzungen realisieren.<\/p>    <p>Hochwertige mechanisierte Pflanzarbeiten sind nicht nur gut f\u00fcr die Keimung und das Wachstum der Samen. Es ist auch vorteilhafter f\u00fcr die Durchf\u00fchrung von nachfolgenden mechanisierten Pflanzenschutz-, D\u00fcngungs-, Ernte- und anderen Operationen.<\/p>    <figure class=\"wp-block-image aligncenter size-large\"><img loading=\"lazy\" decoding=\"async\" width=\"720\" height=\"480\" src=\"https:\/\/www.agriculture-machine.com\/wp-content\/uploads\/2021\/11\/IMG_6381-720x480.jpg?v=1636534021\" alt=\"Maispflanzer ist eine Pflanzmaschine, die Maisk\u00f6rner als Aussaatobjekt verwendet. Und der Maispflanzer kann effizient die Anforderungen an das Graben und Pflanzen von Mais erf\u00fcllen. Dieses Ger\u00e4t kann hochwertige Maispflanzungen realisieren.\" class=\"wp-image-12069\" title=\"Maispflanzer\" srcset=\"https:\/\/www.agriculture-machine.com\/wp-content\/uploads\/2021\/11\/IMG_6381-720x480.jpg 720w, https:\/\/www.agriculture-machine.com\/wp-content\/uploads\/2021\/11\/IMG_6381-360x240.jpg 360w, https:\/\/www.agriculture-machine.com\/wp-content\/uploads\/2021\/11\/IMG_6381-768x512.jpg 768w, https:\/\/www.agriculture-machine.com\/wp-content\/uploads\/2021\/11\/IMG_6381-1536x1024.jpg 1536w, https:\/\/www.agriculture-machine.com\/wp-content\/uploads\/2021\/11\/IMG_6381-2048x1365.jpg 2048w\" sizes=\"auto, (max-width: 720px) 100vw, 720px\" \/><figcaption class=\"wp-element-caption\">Maispflanzer<\/figcaption><\/figure>    <h2 class=\"wp-block-heading\">Aufbau des 4-Reihen-Maispflanzers<\/h2>    <p>Der Hauptaufbau des Maispflanzers umfasst eine Samenkiste, einen Graben\u00f6ffner, einen Samenmeter, eine D\u00fcngerkiste, einen D\u00fcngerauslauf und eine Bodenbedeckungs- und Unterdr\u00fcckungsvorrichtung.<\/p>    <figure class=\"wp-block-gallery has-nested-images columns-default is-cropped wp-block-gallery-2 is-layout-flex wp-block-gallery-is-layout-flex\"> <figure class=\"wp-block-image size-large\"><img loading=\"lazy\" decoding=\"async\" width=\"720\" height=\"480\" data-id=\"12070\" src=\"https:\/\/www.agriculture-machine.com\/wp-content\/uploads\/2021\/11\/IMG_6392-720x480.jpg\" alt=\"4-Reihen-Maispflanzer\" class=\"wp-image-12070\" srcset=\"https:\/\/www.agriculture-machine.com\/wp-content\/uploads\/2021\/11\/IMG_6392-720x480.jpg 720w, https:\/\/www.agriculture-machine.com\/wp-content\/uploads\/2021\/11\/IMG_6392-360x240.jpg 360w, https:\/\/www.agriculture-machine.com\/wp-content\/uploads\/2021\/11\/IMG_6392-768x512.jpg 768w, https:\/\/www.agriculture-machine.com\/wp-content\/uploads\/2021\/11\/IMG_6392-1536x1024.jpg 1536w, https:\/\/www.agriculture-machine.com\/wp-content\/uploads\/2021\/11\/IMG_6392-2048x1365.jpg 2048w\" sizes=\"auto, (max-width: 720px) 100vw, 720px\" \/><\/figure>    <figure class=\"wp-block-image size-large\"><img loading=\"lazy\" decoding=\"async\" width=\"720\" height=\"480\" data-id=\"12072\" src=\"https:\/\/www.agriculture-machine.com\/wp-content\/uploads\/2021\/11\/IMG_6393-720x480.jpg\" alt=\"Maispflanzer zum Verkauf\" class=\"wp-image-12072\" srcset=\"https:\/\/www.agriculture-machine.com\/wp-content\/uploads\/2021\/11\/IMG_6393-720x480.jpg 720w, https:\/\/www.agriculture-machine.com\/wp-content\/uploads\/2021\/11\/IMG_6393-360x240.jpg 360w, https:\/\/www.agriculture-machine.com\/wp-content\/uploads\/2021\/11\/IMG_6393-768x512.jpg 768w, https:\/\/www.agriculture-machine.com\/wp-content\/uploads\/2021\/11\/IMG_6393-1536x1024.jpg 1536w, https:\/\/www.agriculture-machine.com\/wp-content\/uploads\/2021\/11\/IMG_6393-2048x1365.jpg 2048w\" sizes=\"auto, (max-width: 720px) 100vw, 720px\" \/><\/figure>    <figure class=\"wp-block-image size-large\"><img loading=\"lazy\" decoding=\"async\" width=\"720\" height=\"480\" data-id=\"12075\" src=\"https:\/\/www.agriculture-machine.com\/wp-content\/uploads\/2021\/11\/IMG_6394-720x480.jpg\" alt=\"Maispflanzer Maschine\" class=\"wp-image-12075\" srcset=\"https:\/\/www.agriculture-machine.com\/wp-content\/uploads\/2021\/11\/IMG_6394-720x480.jpg 720w, https:\/\/www.agriculture-machine.com\/wp-content\/uploads\/2021\/11\/IMG_6394-360x240.jpg 360w, https:\/\/www.agriculture-machine.com\/wp-content\/uploads\/2021\/11\/IMG_6394-768x512.jpg 768w, https:\/\/www.agriculture-machine.com\/wp-content\/uploads\/2021\/11\/IMG_6394-1536x1024.jpg 1536w, https:\/\/www.agriculture-machine.com\/wp-content\/uploads\/2021\/11\/IMG_6394-2048x1365.jpg 2048w\" sizes=\"auto, (max-width: 720px) 100vw, 720px\" \/><\/figure> <figcaption class=\"blocks-gallery-caption wp-element-caption\">Aufbau des Maispflanzers<\/figcaption><\/figure>    <figure class=\"wp-block-gallery has-nested-images columns-default is-cropped wp-block-gallery-3 is-layout-flex wp-block-gallery-is-layout-flex\"> <figure class=\"wp-block-image size-large\"><img loading=\"lazy\" decoding=\"async\" width=\"360\" height=\"540\" data-id=\"12076\" src=\"https:\/\/www.agriculture-machine.com\/wp-content\/uploads\/2021\/11\/IMG_6414-360x540.jpg\" alt=\"Maschinendetails\" class=\"wp-image-12076\" srcset=\"https:\/\/www.agriculture-machine.com\/wp-content\/uploads\/2021\/11\/IMG_6414-360x540.jpg 360w, https:\/\/www.agriculture-machine.com\/wp-content\/uploads\/2021\/11\/IMG_6414-180x270.jpg 180w, https:\/\/www.agriculture-machine.com\/wp-content\/uploads\/2021\/11\/IMG_6414-768x1152.jpg 768w, https:\/\/www.agriculture-machine.com\/wp-content\/uploads\/2021\/11\/IMG_6414-1024x1536.jpg 1024w, https:\/\/www.agriculture-machine.com\/wp-content\/uploads\/2021\/11\/IMG_6414-1365x2048.jpg 1365w, https:\/\/www.agriculture-machine.com\/wp-content\/uploads\/2021\/11\/IMG_6414-scaled.jpg 1707w\" sizes=\"auto, (max-width: 360px) 100vw, 360px\" \/><\/figure>    <figure class=\"wp-block-image size-large\"><img loading=\"lazy\" decoding=\"async\" width=\"360\" height=\"540\" data-id=\"12077\" src=\"https:\/\/www.agriculture-machine.com\/wp-content\/uploads\/2021\/11\/IMG_6415-360x540.jpg\" alt=\"Details zum Maispflanzer-Traktor\" class=\"wp-image-12077\" srcset=\"https:\/\/www.agriculture-machine.com\/wp-content\/uploads\/2021\/11\/IMG_6415-360x540.jpg 360w, https:\/\/www.agriculture-machine.com\/wp-content\/uploads\/2021\/11\/IMG_6415-180x270.jpg 180w, https:\/\/www.agriculture-machine.com\/wp-content\/uploads\/2021\/11\/IMG_6415-768x1152.jpg 768w, https:\/\/www.agriculture-machine.com\/wp-content\/uploads\/2021\/11\/IMG_6415-1024x1536.jpg 1024w, https:\/\/www.agriculture-machine.com\/wp-content\/uploads\/2021\/11\/IMG_6415-1365x2048.jpg 1365w, https:\/\/www.agriculture-machine.com\/wp-content\/uploads\/2021\/11\/IMG_6415-scaled.jpg 1707w\" sizes=\"auto, (max-width: 360px) 100vw, 360px\" \/><\/figure>    <figure class=\"wp-block-image size-large\"><img loading=\"lazy\" decoding=\"async\" width=\"360\" height=\"540\" data-id=\"12078\" src=\"https:\/\/www.agriculture-machine.com\/wp-content\/uploads\/2021\/11\/IMG_6416-360x540.jpg\" alt=\"Anzeige des Maispflanzers\" class=\"wp-image-12078\" srcset=\"https:\/\/www.agriculture-machine.com\/wp-content\/uploads\/2021\/11\/IMG_6416-360x540.jpg 360w, https:\/\/www.agriculture-machine.com\/wp-content\/uploads\/2021\/11\/IMG_6416-180x270.jpg 180w, https:\/\/www.agriculture-machine.com\/wp-content\/uploads\/2021\/11\/IMG_6416-768x1152.jpg 768w, https:\/\/www.agriculture-machine.com\/wp-content\/uploads\/2021\/11\/IMG_6416-1024x1536.jpg 1024w, https:\/\/www.agriculture-machine.com\/wp-content\/uploads\/2021\/11\/IMG_6416-1365x2048.jpg 1365w, https:\/\/www.agriculture-machine.com\/wp-content\/uploads\/2021\/11\/IMG_6416-scaled.jpg 1707w\" sizes=\"auto, (max-width: 360px) 100vw, 360px\" \/><\/figure> <figcaption class=\"blocks-gallery-caption wp-element-caption\">Aufbau des Maispflanzers<\/figcaption><\/figure>    <h2 class=\"wp-block-heading\">Funktionsprinzip des Maispflanzers Traktorausstattung<\/h2>    <p>W\u00e4hrend der Pflanzoperationen stammt die Hauptleistung des Pflanzers vom hinteren Antriebswellen des Traktors.<\/p>    <p>Unter der Zugkraft des Traktors \u00f6ffnet der \u00d6ffner einen Graben zum S\u00e4en und D\u00fcngen innerhalb einer voreingestellten Tiefe.<\/p>    <p>Aufgrund der Reibungskraft rollt das Bodenrad kontinuierlich und treibt die Samen- und D\u00fcngerausgabeeinrichtung w\u00e4hrend des Vorw\u00e4rtsfahrens an. Dann werden Samen und D\u00fcnger durch verschiedene Pipelines in den Graben geleitet. Schlie\u00dflich wird mit dem Bodenbedeckungs- und Unterdr\u00fcckungsger\u00e4t die Bodenbedeckung und Verdichtung erreicht.<\/p>    <h2 class=\"wp-block-heading\">Arbeitsvideo des S\u00fc\u00dfmaispflanzers<\/h2>    <figure class=\"wp-block-embed is-type-video is-provider-youtube wp-block-embed-youtube wp-embed-aspect-16-9 wp-has-aspect-ratio\"><div class=\"wp-block-embed__wrapper\"> <iframe loading=\"lazy\" title=\"Maispflanzer \/ 4-Reihen-Maispflanzer \/ Maispflanzer Traktorausstattung \/ S\u00fc\u00dfer Maispflanzer \/ Maispflanzer Maschine\" width=\"500\" height=\"281\" src=\"https:\/\/www.youtube.com\/embed\/snO8WSZ3oug?feature=oembed\" frameborder=\"0\" allow=\"accelerometer; autoplay; clipboard-write; encrypted-media; gyroscope; picture-in-picture; web-share\" referrerpolicy=\"strict-origin-when-cross-origin\" allowfullscreen><\/iframe> <\/div><figcaption class=\"wp-element-caption\">Arbeitsvideo des Maispflanzers<\/figcaption><\/figure>    <h2 class=\"wp-block-heading\">Parameter der Maispflanzenausr\u00fcstung<\/h2>    <figure class=\"wp-block-table is-style-stripes\"><table><tbody><tr><td>Modell<\/td><td>Gesamtabmessung (mm)<\/td><td>Reihen<\/td><td>Reihenabstand (mm)<\/td><td>Grubentiefe (mm)<\/td><td>D\u00fcngung<br>(mm)<\/td><td>Aussaattiefe (mm)<\/td><td>Gewicht (kg)<\/td><td>Passende Leistung (HP)<\/td><\/tr><tr><td>2BYSF-4<\/td><td>1620*2350*1200<\/td><td>4<\/td><td>428-570<\/td><td>60-80<\/td><td>60-80<\/td><td>30-50<\/td><td>270<\/td><td>25-40<\/td><\/tr><\/tbody><\/table><figcaption class=\"wp-element-caption\">Technische Daten der Maispflanzmaschine<\/figcaption><\/figure>    <h2 class=\"wp-block-heading\">Vorteile des Maispflanzers<\/h2>    <p>1. Zeit- und Arbeitsersparnis. Der Maispflanzer kann die Prozesse Graben, Spotten und D\u00fcngen gleichzeitig durchf\u00fchren.<\/p>    <p>2. Neben der Maispflanzung kann er auch f\u00fcr Bohnen, Sorghum und andere Pflanzen verwendet werden, die gepflanzt werden m\u00fcssen.<\/p>    <p>3. Die Maschine ist flexibel und spart Dieselkraftstoff. Die kompakte Bauweise macht sie beim Wenden flexibler. Gleichzeitig wird die unterst\u00fctzende Kraft bei der Konstruktion ebenfalls reduziert, was den Dieselverbrauch verringern kann. Au\u00dferdem ist keine gro\u00dfe Leistung erforderlich, um die Maschine zu ziehen.<\/p>    <p>4. Der Reihen- und Pflanzenabstand des Ger\u00e4ts ist verstellbar. Auch die Saatstiefe kann angepasst werden. Es kann die Aussaatanforderungen verschiedener B\u00f6den erf\u00fcllen.<\/p>    <p>5. Die Samen werden gleichm\u00e4\u00dfig ges\u00e4t. Es kann sichergestellt werden, dass die Saatstiefe einheitlich ist, und es wird keine Situation geben, bei der eine tief und die andere flach ist.<\/p>    <p>6. Die Keimrate ist hoch. Mit einem Pflanzer kann man Mais in relativ weichem Boden pflanzen, sodass die Keimlingsrate eine gewisse Garantie hat.<\/p>    <figure class=\"wp-block-image aligncenter size-full\"><img loading=\"lazy\" decoding=\"async\" width=\"720\" height=\"540\" src=\"https:\/\/www.agriculture-machine.com\/wp-content\/uploads\/2021\/11\/maize-planting-machine.webp\" alt=\"Maispflanzmaschine\" class=\"wp-image-15690\" srcset=\"https:\/\/www.agriculture-machine.com\/wp-content\/uploads\/2021\/11\/maize-planting-machine.webp 720w, https:\/\/www.agriculture-machine.com\/wp-content\/uploads\/2021\/11\/maize-planting-machine-360x270.webp 360w, https:\/\/www.agriculture-machine.com\/wp-content\/uploads\/2021\/11\/maize-planting-machine-240x180.webp 240w\" sizes=\"auto, (max-width: 720px) 100vw, 720px\" \/><figcaption class=\"wp-element-caption\">Maispflanzmaschine<\/figcaption><\/figure>    <h2 class=\"wp-block-heading\">Beim richtigen Gebrauch des Pflanzers auf folgende Punkte achten<\/h2>    <h3 class=\"wp-block-heading\">Vor dem Pflanzen<\/h3>    <div class=\"wp-block-group is-layout-flow wp-block-group-is-layout-flow\"> <ul class=\"wp-block-list\"> <li>Wartung vor dem Betreten des Feldes. Entfernen Sie die R\u00fcckst\u00e4nde im Samenkasten sowie das verhedderte Gras und den Boden am \u00d6ffner. Au\u00dferdem sollten Sie Schmier\u00f6l auf die \u00dcbertragungs- und Drehteile des Traktors und des Pflanzers auftragen, gem\u00e4\u00df den Anweisungen im Handbuch. Besonders auf die Schmierung und Spannung der Kette achten. Und vor jeder Operation die Schrauben am Pflanzer nachziehen.<\/li>    <li>Der Rahmen kann nicht gekippt werden. Nach dem Ankuppeln des Pflanzers an den Traktor darf er nicht gekippt werden. Beim Arbeiten sollten die Vorder- und R\u00fcckseite des Gestells eben sein.<\/li>    <li>Verschiedene Einstellungen vornehmen. Die Saatmenge und den Reihenabstand des \u00d6ffners entsprechend den Anweisungen anpassen.<\/li>    <li>Beim Hinzuf\u00fcgen der Samen aufpassen. Die Samen im Samenkasten sollten frei von Verunreinigungen und schlechten Samen sein. Um die Wirksamkeit der Samen zu gew\u00e4hrleisten. Au\u00dferdem sollte die Saatmenge im Samenkasten mindestens die Eingangs\u00f6ffnung bedecken, um einen reibungslosen Ablauf zu gew\u00e4hrleisten.<\/li>    <li>Probelauf. Um die Qualit\u00e4t der Aussaat zu sichern. Vor der gro\u00dffl\u00e4chigen Pflanzung m\u00fcssen wir 20 Meter Probe pflanzen. Dann den Betrieb des Pflanzers beobachten. Nach Best\u00e4tigung, dass es den lokalen agronomischen Anforderungen entspricht, erfolgt die gro\u00dffl\u00e4chige Pflanzung.<\/li> <\/ul> <\/div>    <h3 class=\"wp-block-heading\">W\u00e4hrend des Pflanzens<\/h3>    <div class=\"wp-block-group is-layout-flow wp-block-group-is-layout-flow\"> <ul class=\"wp-block-list\"> <li>Beim Fahren in gerader Linie mit konstanter Geschwindigkeit aufpassen. Beim S\u00e4en sollte der Landwirt auf Geradlinigkeit bei gleichbleibender Geschwindigkeit achten. Nicht zu schnell, zu langsam oder mitten im Weg anhalten, um verpasste Aussaaten zu vermeiden. Um das Verstopfen des \u00d6ffners zu verhindern, sollte das Anheben und Absenken des Pflanzers w\u00e4hrend der Bewegung erfolgen. Heben Sie den Pflanzer beim R\u00fcckw\u00e4rtsfahren oder Wenden an.<\/li>    <li>Zuerst den Boden vorbereiten. Den Boden horizontal s\u00e4en, um eine Verh\u00e4rtung des Bodens und zu flache Aussaat zu vermeiden.<\/li>    <li>H\u00e4ufig beobachten. Beim S\u00e4en sollten die Arbeitsbedingungen des Dosierger\u00e4ts, des \u00d6ffners, des Abdeckers und des \u00dcbertragungsmechanismus stets \u00fcberpr\u00fcft werden. Wenn Ton, verheddertes Gras oder Samenbedeckung nicht fest sitzen, rechtzeitig entfernen. Anpassungen, Reparaturen, Schmierung oder Reinigung des verhedderten Grases m\u00fcssen nach dem Parken erfolgen.<\/li>    <li>Sch\u00fctzen Sie die Maschinenteile. Beim Arbeiten mit dem Pflanzer ist es streng verboten, r\u00fcckw\u00e4rts zu fahren oder scharfe Kurven zu machen. Das Anheben oder Absenken des Pflanzers sollte langsam erfolgen, um Sch\u00e4den an den Teilen zu vermeiden.<\/li>    <li>Auf die Samenkiste achten. W\u00e4hrend des Betriebs d\u00fcrfen die Samen in der Samenkiste nicht weniger als 1\/5 des Volumens der Kiste ausmachen. Beim Transport oder Plot-Wechsel d\u00fcrfen keine Samen oder andere schwere Gegenst\u00e4nde in der Kiste sein.<\/li> <\/ul> <\/div>    <p>F\u00fcr weitere Informationen \u00fcber die Maschine k\u00f6nnen Sie uns gerne kontaktieren.<\/p>","protected":false},"excerpt":{"rendered":"<p>Maispflanzer ist eine Pflanzmaschine, die Maisk\u00f6rner als Aussaatobjekt verwendet. Und der Maispflanzer kann effizient die Anforderungen an das Graben und Pflanzen von Mais erf\u00fcllen. Dieses Ger\u00e4t kann hochwertige Maispflanzungen realisieren.<\/p>","protected":false},"author":1,"featured_media":12081,"parent":0,"comment_status":"closed","ping_status":"closed","template":"","tags":[491,492,698],"product-type":[882,870],"class_list":["post-12065","product","type-product","status-publish","has-post-thumbnail","hentry","tag-corn","tag-planter","tag-tractor","product-type-corn-planter","product-type-planter"],"_links":{"self":[{"href":"https:\/\/www.agriculture-machine.com\/de\/wp-json\/wp\/v2\/product\/12065","targetHints":{"allow":["GET"]}}],"collection":[{"href":"https:\/\/www.agriculture-machine.com\/de\/wp-json\/wp\/v2\/product"}],"about":[{"href":"https:\/\/www.agriculture-machine.com\/de\/wp-json\/wp\/v2\/types\/product"}],"author":[{"embeddable":true,"href":"https:\/\/www.agriculture-machine.com\/de\/wp-json\/wp\/v2\/users\/1"}],"replies":[{"embeddable":true,"href":"https:\/\/www.agriculture-machine.com\/de\/wp-json\/wp\/v2\/comments?post=12065"}],"wp:featuredmedia":[{"embeddable":true,"href":"https:\/\/www.agriculture-machine.com\/de\/wp-json\/wp\/v2\/media\/12081"}],"wp:attachment":[{"href":"https:\/\/www.agriculture-machine.com\/de\/wp-json\/wp\/v2\/media?parent=12065"}],"wp:term":[{"taxonomy":"post_tag","embeddable":true,"href":"https:\/\/www.agriculture-machine.com\/de\/wp-json\/wp\/v2\/tags?post=12065"},{"taxonomy":"product-type","embeddable":true,"href":"https:\/\/www.agriculture-machine.com\/de\/wp-json\/wp\/v2\/product-type?post=12065"}],"curies":[{"name":"wp","href":"https:\/\/api.w.org\/{rel}","templated":true}]}}