{"id":1207,"date":"2018-10-22T05:52:41","date_gmt":"2018-10-21T21:52:41","guid":{"rendered":"https:\/\/www.agriculture-machine.com\/?p=1207"},"modified":"2026-02-25T17:00:43","modified_gmt":"2026-02-25T09:00:43","slug":"corn-grinder-machine","status":"publish","type":"product","link":"https:\/\/www.agriculture-machine.com\/de\/corn-grinder-machine\/","title":{"rendered":"Mais-Mahlmaschine | Mahlmaschine"},"content":{"rendered":"<p class=\"translation-block\"><strong>Maism\u00fchlenmaschine<\/strong>kann Getreide zu Mehl verarbeiten, wird in der Lebensmittelverarbeitungsindustrie weit verbreitet eingesetzt. Mit der Entwicklung der Landwirtschaft hat sich die Getreideproduktion erheblich erh\u00f6ht. <\/p>    <figure class=\"wp-block-embed is-type-video is-provider-youtube wp-block-embed-youtube wp-embed-aspect-16-9 wp-has-aspect-ratio\"><div class=\"wp-block-embed__wrapper\"> <iframe loading=\"lazy\" title=\"Sehr feines Pulver! Scheiben- oder Scheibenm\u00fchle, Maism\u00fchle\/Maiszerkleinerer.\" width=\"500\" height=\"281\" src=\"https:\/\/www.youtube.com\/embed\/GpSOvkaJMOE?feature=oembed\" frameborder=\"0\" allow=\"accelerometer; autoplay; clipboard-write; encrypted-media; gyroscope; picture-in-picture; web-share\" referrerpolicy=\"strict-origin-when-cross-origin\" allowfullscreen><\/iframe> <\/div><figcaption class=\"wp-element-caption\">Scheibenm\u00fchle f\u00fcr die Getreidemehlherstellung.<\/figcaption><\/figure>    <p class=\"translation-block\">Und die landwirtschaftliche Maschinenausr\u00fcstung wird breit eingesetzt. Wir k\u00f6nnen die landwirtschaftliche Maschine bei verschiedenen Kulturen verwenden, wie Mais, Weizen, Bohnen, Reis usw. Zum Beispiel k\u00f6nnen wir Maisk\u00f6rner mit dem Maispflanzer in den Boden setzen. Nach der Ernte des Maises k\u00f6nnen wir den <a href=\"https:\/\/www.agriculture-machine.com\/de\/maize-peeler-and-thresher\/\"><strong>Maispeeler und Drescher<\/strong><\/a> verwenden, um den Mais zu verarbeiten. So sparen wir viel Zeit und Energie. <\/p>    <p>Au\u00dferdem k\u00f6nnen wir zum Verarbeiten des Mais in Maismehl die Maism\u00fchle verwenden. Sie eignet sich f\u00fcr Saatgutverarbeitungsbetriebe, Getreide- und \u00d6lm\u00e4rkte, Superm\u00e4rkte, Schulen, Institutionen, Kantinen und andere Einheiten. Sie ist eine gute Hilfe f\u00fcr die Menschen. <\/p>    <h2 class=\"wp-block-heading\">\u00dcberblick \u00fcber die Maism\u00fchlenmaschine.<\/h2>    <p class=\"translation-block\">Die von unserem Unternehmen produzierte TZ-Serie <strong>Getreidem\u00fchle<\/strong> ist eine vielseitige Maschine und bekannt f\u00fcr ihre hervorragende Zerkleinerungswirkung. <\/p>    <p>Der Weizenm\u00fchle hat eine kompakte Struktur, ein sch\u00f6nes Erscheinungsbild, zuverl\u00e4ssige Nutzung, einfache Wartung und Installation, und wird breit bei Mais, Reis, Mais, Bohnen, Weizen usw. eingesetzt. <\/p>    <p>Die Gr\u00f6\u00dfe des Siebs kann nach Ihren Anforderungen angepasst werden. Nach der Verarbeitung erhalten Sie sehr feines Mehl.<\/p>    <figure class=\"wp-block-gallery aligncenter has-nested-images columns-2 is-cropped wp-block-gallery-2 is-layout-flex wp-block-gallery-is-layout-flex\"> <figure class=\"wp-block-image size-large\"><img loading=\"lazy\" decoding=\"async\" width=\"360\" height=\"540\" data-id=\"1210\" src=\"https:\/\/www.agriculture-machine.com\/wp-content\/uploads\/2018\/10\/corn-grinder-machine2-360x540.jpg\" alt=\"Maism\u00fchlenmaschine2.\" class=\"wp-image-1210\" srcset=\"https:\/\/www.agriculture-machine.com\/wp-content\/uploads\/2018\/10\/corn-grinder-machine2-360x540.jpg 360w, https:\/\/www.agriculture-machine.com\/wp-content\/uploads\/2018\/10\/corn-grinder-machine2-180x270.jpg 180w, https:\/\/www.agriculture-machine.com\/wp-content\/uploads\/2018\/10\/corn-grinder-machine2.jpg 500w\" sizes=\"auto, (max-width: 360px) 100vw, 360px\" \/><figcaption class=\"wp-element-caption\">Maism\u00fchlenmaschine2.<\/figcaption><\/figure>    <figure class=\"wp-block-image size-large\"><img loading=\"lazy\" decoding=\"async\" width=\"360\" height=\"540\" data-id=\"1209\" src=\"https:\/\/www.agriculture-machine.com\/wp-content\/uploads\/2018\/10\/corn-grinder-machine1-360x540.jpg\" alt=\"Maism\u00fchlenmaschine1.\" class=\"wp-image-1209\" srcset=\"https:\/\/www.agriculture-machine.com\/wp-content\/uploads\/2018\/10\/corn-grinder-machine1-360x540.jpg 360w, https:\/\/www.agriculture-machine.com\/wp-content\/uploads\/2018\/10\/corn-grinder-machine1-180x270.jpg 180w, https:\/\/www.agriculture-machine.com\/wp-content\/uploads\/2018\/10\/corn-grinder-machine1.jpg 500w\" sizes=\"auto, (max-width: 360px) 100vw, 360px\" \/><figcaption class=\"wp-element-caption\">Maism\u00fchlenmaschine1.<\/figcaption><\/figure> <\/figure>    <h2 class=\"wp-block-heading\">Technische Parameter der Getreidezerkleinerungsmaschine.<\/h2>    <figure class=\"wp-block-table is-style-stripes\"><table><tbody><tr><td>Modell<\/td><td>9FZ-280.<\/td><\/tr><tr><td>Kapazit\u00e4t<\/td><td>300-500kg\/h.<\/td><\/tr><tr><td>Gewicht<\/td><td>&nbsp;60kg<\/td><\/tr><tr><td>Gr\u00f6\u00dfe<\/td><td>530*420*440mm.<\/td><\/tr><\/tbody><\/table><figcaption class=\"wp-element-caption\">Technische Daten des meistverkauften Modells der Getreidescheibenm\u00fchle.<\/figcaption><\/figure>    <h2 class=\"wp-block-heading\">Vorteile einer Getreidem\u00fchle.<\/h2>    <ol class=\"wp-block-list\"> <li>Sehr feines Mehl. Das Getreide, das mit der Maism\u00fchlenmaschine verarbeitet wird, ist sehr fein.<\/li>    <li>Sie k\u00f6nnen je nach Ihren Anforderungen verschiedene Modelle und Kapazit\u00e4ten w\u00e4hlen. Wir haben viele Arten dieser Maschine, und Sie haben viele Optionen.<\/li>    <li>Breite Anwendung. Das Rohmaterial kann Mais, Reis, Mais, Bohnen, Weizen usw. sein.<\/li>    <li>Hohe Kapazit\u00e4t, gro\u00dfartige Leistung und einfache Bedienung.<\/li> <\/ol>    <figure class=\"wp-block-gallery has-nested-images columns-2 is-cropped wp-block-gallery-3 is-layout-flex wp-block-gallery-is-layout-flex\"> <figure class=\"wp-block-image size-large\"><img loading=\"lazy\" decoding=\"async\" width=\"500\" height=\"333\" data-id=\"1212\" src=\"https:\/\/www.agriculture-machine.com\/wp-content\/uploads\/2018\/10\/corn-grinder-machine4.jpg\" alt=\"Maism\u00fchlenmaschine4.\" class=\"wp-image-1212\" srcset=\"https:\/\/www.agriculture-machine.com\/wp-content\/uploads\/2018\/10\/corn-grinder-machine4.jpg 500w, https:\/\/www.agriculture-machine.com\/wp-content\/uploads\/2018\/10\/corn-grinder-machine4-360x240.jpg 360w\" sizes=\"auto, (max-width: 500px) 100vw, 500px\" \/><figcaption class=\"wp-element-caption\">Maism\u00fchlenmaschine4.<\/figcaption><\/figure>    <figure class=\"wp-block-image size-large\"><img loading=\"lazy\" decoding=\"async\" width=\"500\" height=\"333\" data-id=\"1211\" src=\"https:\/\/www.agriculture-machine.com\/wp-content\/uploads\/2018\/10\/corn-grinder-machine3.jpg\" alt=\"Maism\u00fchlenmaschine3.\" class=\"wp-image-1211\" srcset=\"https:\/\/www.agriculture-machine.com\/wp-content\/uploads\/2018\/10\/corn-grinder-machine3.jpg 500w, https:\/\/www.agriculture-machine.com\/wp-content\/uploads\/2018\/10\/corn-grinder-machine3-360x240.jpg 360w\" sizes=\"auto, (max-width: 500px) 100vw, 500px\" \/><figcaption class=\"wp-element-caption\">Maism\u00fchlenmaschine3.<\/figcaption><\/figure> <\/figure>    <h2 class=\"wp-block-heading\">Tipps zur Scheibenm\u00fchle.<\/h2>    <ol class=\"wp-block-list\"> <li>Es ist eine Scheibenm\u00fchle f\u00fcr die Getreidevermahlung.<\/li>    <li>Der innere Aufbau.<\/li>    <li>Der runde Sieb und die Scheibenplatte sind zwei wichtige Teile.<\/li>    <li>Die Rohstoffe umfassen Pfeffer, Sorghum, Weizen, Sternanis usw.<\/li>    <li>Es ist eine Mais-Verkostungsstation.<\/li>    <li>Gie\u00dfen Sie den Mais in den Einlass.<\/li>    <li>Die Maschine arbeitet jetzt.<\/li>    <li>Sie kann von einem Motor angetrieben werden.<\/li>    <li>Die Maschine l\u00e4uft w\u00e4hrend des Betriebs stabil und wird von Landwirten aus verschiedenen L\u00e4ndern gesch\u00e4tzt.<\/li>    <li>Das endg\u00fcltige Maispulver ist sehr fein und kann zur Tierf\u00fctterung verwendet werden.<\/li>    <li>Seine Kapazit\u00e4t betr\u00e4gt 300kg\/h und ist sehr gut f\u00fcr den Hausgebrauch geeignet.<\/li>    <li>Siebe k\u00f6nnen je nach Gr\u00f6\u00dfe verschiedener Kulturen gewechselt werden.<\/li> <\/ol>    <h2 class=\"wp-block-heading\"><span style=\"font-size: 24px; font-weight: bold;\">Erfolgsfall der Getreidem\u00fchle.<\/span><\/h2>    <figure class=\"wp-block-gallery has-nested-images columns-2 is-cropped wp-block-gallery-4 is-layout-flex wp-block-gallery-is-layout-flex\"> <figure class=\"wp-block-image size-large\"><img loading=\"lazy\" decoding=\"async\" width=\"500\" height=\"500\" data-id=\"2991\" src=\"https:\/\/www.agriculture-machine.com\/wp-content\/uploads\/2018\/07\/333.jpg\" alt=\"Versandbild.\" class=\"wp-image-2991\" srcset=\"https:\/\/www.agriculture-machine.com\/wp-content\/uploads\/2018\/07\/333.jpg 500w, https:\/\/www.agriculture-machine.com\/wp-content\/uploads\/2018\/07\/333-270x270.jpg 270w\" sizes=\"auto, (max-width: 500px) 100vw, 500px\" \/><figcaption class=\"wp-element-caption\">Versandbild.<\/figcaption><\/figure>    <figure class=\"wp-block-image size-large\"><img loading=\"lazy\" decoding=\"async\" width=\"500\" height=\"500\" data-id=\"2990\" src=\"https:\/\/www.agriculture-machine.com\/wp-content\/uploads\/2018\/07\/222.jpg\" alt=\"Versandbild.\" class=\"wp-image-2990\" srcset=\"https:\/\/www.agriculture-machine.com\/wp-content\/uploads\/2018\/07\/222.jpg 500w, https:\/\/www.agriculture-machine.com\/wp-content\/uploads\/2018\/07\/222-270x270.jpg 270w\" sizes=\"auto, (max-width: 500px) 100vw, 500px\" \/><figcaption class=\"wp-element-caption\">Versandbild.<\/figcaption><\/figure> <\/figure>    <h2 class=\"wp-block-heading\">FAQ zur Scheibenm\u00fchle.<\/h2>   <div id=\"rank-math-faq\" class=\"rank-math-block\"> <div class=\"rank-math-list\"> <div id=\"faq-question-1772009959207\" class=\"rank-math-list-item\"> <h3 class=\"rank-math-question\"><strong>Wie hoch ist die Kapazit\u00e4t der Zauberm\u00fchle-Weizenm\u00fchle?<\/strong><\/h3> <div class=\"rank-math-answer\">  <p>Diese Maschinenserie hat viele verschiedene Kapazit\u00e4ten, und Sie k\u00f6nnen sie nach Ihren Bed\u00fcrfnissen anpassen.<\/p>  <\/div> <\/div> <div id=\"faq-question-1772009967837\" class=\"rank-math-list-item\"> <h3 class=\"rank-math-question\"><strong>Was ist das Rohmaterial?<\/strong><\/h3> <div class=\"rank-math-answer\">  <p>Mais, Reis, Mais, Bohnen, Weizen.<\/p>  <\/div> <\/div> <div id=\"faq-question-1772009974632\" class=\"rank-math-list-item\"> <h3 class=\"rank-math-question\"><strong>Wie ist der Zerkleinerungseffekt?<\/strong><\/h3> <div class=\"rank-math-answer\">  <p>Der Zerkleinerungseffekt ist sehr gut, und Sie erhalten ausgezeichnetes Mehl.<\/p>  <\/div> <\/div> <\/div> <\/div>   <h2 class=\"wp-block-heading\">Kontaktieren Sie uns jederzeit<\/h2>    <p>Vielen Dank f\u00fcr das Lesen unserer Einf\u00fchrung in die Scheibenm\u00fchle. Wenn Sie an unseren Produkten interessiert sind oder Fragen haben, z\u00f6gern Sie nicht, uns zu kontaktieren. Unser professionelles Team hilft Ihnen gerne mit detaillierten Informationen und l\u00e4dt Sie ein, unsere Fabrik zu besuchen, um unsere fortschrittliche Technologie und hochwertige Ausr\u00fcstung zu erleben. Wir freuen uns darauf, Ihnen exzellenten Service zu bieten!<\/p>","protected":false},"excerpt":{"rendered":"<p>Diese Maism\u00fchlenmaschine zeichnet sich durch ihr effizientes und vielseitiges Design aus. Sie liefert nicht nur hochwertiges, gleichm\u00e4\u00dfiges Mehl, sondern bietet auch pr\u00e4zise Einstellm\u00f6glichkeiten und eine zuverl\u00e4ssige, langlebige Konstruktion, was sie ideal f\u00fcr die moderne Getreideverarbeitung macht.<\/p>","protected":false},"author":1,"featured_media":1213,"parent":0,"comment_status":"closed","ping_status":"closed","template":"","tags":[491,924],"product-type":[898],"class_list":["post-1207","product","type-product","status-publish","has-post-thumbnail","hentry","tag-corn","tag-flour","product-type-disk-mill"],"_links":{"self":[{"href":"https:\/\/www.agriculture-machine.com\/de\/wp-json\/wp\/v2\/product\/1207","targetHints":{"allow":["GET"]}}],"collection":[{"href":"https:\/\/www.agriculture-machine.com\/de\/wp-json\/wp\/v2\/product"}],"about":[{"href":"https:\/\/www.agriculture-machine.com\/de\/wp-json\/wp\/v2\/types\/product"}],"author":[{"embeddable":true,"href":"https:\/\/www.agriculture-machine.com\/de\/wp-json\/wp\/v2\/users\/1"}],"replies":[{"embeddable":true,"href":"https:\/\/www.agriculture-machine.com\/de\/wp-json\/wp\/v2\/comments?post=1207"}],"wp:featuredmedia":[{"embeddable":true,"href":"https:\/\/www.agriculture-machine.com\/de\/wp-json\/wp\/v2\/media\/1213"}],"wp:attachment":[{"href":"https:\/\/www.agriculture-machine.com\/de\/wp-json\/wp\/v2\/media?parent=1207"}],"wp:term":[{"taxonomy":"post_tag","embeddable":true,"href":"https:\/\/www.agriculture-machine.com\/de\/wp-json\/wp\/v2\/tags?post=1207"},{"taxonomy":"product-type","embeddable":true,"href":"https:\/\/www.agriculture-machine.com\/de\/wp-json\/wp\/v2\/product-type?post=1207"}],"curies":[{"name":"wp","href":"https:\/\/api.w.org\/{rel}","templated":true}]}}