{"id":12085,"date":"2021-11-11T17:59:48","date_gmt":"2021-11-11T09:59:48","guid":{"rendered":"https:\/\/www.agriculture-machine.com\/?p=12085"},"modified":"2024-05-22T18:10:09","modified_gmt":"2024-05-22T10:10:09","slug":"wheat-planter-wheat-seed-planter-wheat-planting-machine-automatic-wheat-planter-6rows-wheat-planter","status":"publish","type":"product","link":"https:\/\/www.agriculture-machine.com\/de\/wheat-planter-wheat-seed-planter-wheat-planting-machine-automatic-wheat-planter-6rows-wheat-planter\/","title":{"rendered":"Automatischer Weizen-Saatgutpflanzmaschine 6-Reihen-Weizenpflanzer"},"content":{"rendered":"<p class=\"translation-block\">Der <strong>Weizenpflanzer<\/strong> ist eine Art Saatwerkzeug, das speziell f\u00fcr das Auss\u00e4en von Weizen entwickelt wurde. Es kann Samen s\u00e4en und gleichzeitig d\u00fcngen. Es sollte mit dem Traktor zusammenarbeiten, um das Weizenauss\u00e4en automatisch abzuschlie\u00dfen.<\/p>    <p>And because farmers plant wheat mostly in plains and hills, and the planting area is large. So if people plant wheat, the efficiency is low and the labor intensity is high. Also, the effect of planting may not meet people&#8217;s expectations.<\/p>    <figure class=\"wp-block-embed aligncenter is-type-video is-provider-youtube wp-block-embed-youtube wp-embed-aspect-16-9 wp-has-aspect-ratio\"><div class=\"wp-block-embed__wrapper\"> <iframe loading=\"lazy\" title=\"Verwandle deinen Weizenanbau! \ud83c\udf3e Ultimatives Weizens\u00e4maschine enth\u00fcllt!#Weizen\" width=\"500\" height=\"281\" src=\"https:\/\/www.youtube.com\/embed\/Kssx3U4HezI?start=8&#038;feature=oembed\" frameborder=\"0\" allow=\"accelerometer; autoplay; clipboard-write; encrypted-media; gyroscope; picture-in-picture; web-share\" referrerpolicy=\"strict-origin-when-cross-origin\" allowfullscreen><\/iframe> <\/div><figcaption class=\"wp-element-caption\">Weizensaatgutstreuer Arbeitsvideo<\/figcaption><\/figure>    <p class=\"translation-block\">Der Weizenpflanzer ist hoch effizient und wirtschaftlich, mit guter Saatqualit\u00e4t und hoher Effizienz, was viel Zeit und Arbeit spart. Nach Abschluss Ihrer Reissaat k\u00f6nnen Sie unseren <strong><em><a href=\"https:\/\/www.agriculture-machine.com\/de\/combined-wheat-rice-harvester\/\">Reis- und Weizenrechen zum Ernten<\/a><\/em><\/strong> ausw\u00e4hlen.<\/p>    <h2 class=\"wp-block-heading\" id=\"h-brief-introduction-of-the-wheat-planter\">Kurze Einf\u00fchrung des Weizenpflanzers<\/h2>    <p class=\"translation-block\"><strong>Der Weizenpflanzer <\/strong>ist eine Art mechanische Ausr\u00fcstung, die Weizensamen mithilfe eines Pflanzmechanismus in den Boden setzt. Und er besitzt Merkmale wie gute allgemeine Leistung, breites Anwendungsgebiet und gleichm\u00e4\u00dfiges S\u00e4en.<\/p>    <p>Der Weizenpflanzer eignet sich f\u00fcr den direkten Betrieb nach der Rotationsbodenbearbeitung, ohne Boden vorzubereiten, spart Zeit und M\u00fche. Eine einzelne Bedienung kann Aufgaben wie Nivellieren, Feuchtigkeit vereinen, S\u00e4en, Bedecken, Unterdr\u00fccken und vertikale Randlinien errichten durchf\u00fchren.<\/p>    <p>Traktoren fahren die Weizensaatgutstreuer zum Pflanzen. Je nach Kundenbedarf gibt es haupts\u00e4chlich 12 Reihen, 14 Reihen, 16 Reihen und 20 Reihen. Wir haben auch andere Modelle, um verschiedene Pflanzbed\u00fcrfnisse zu erf\u00fcllen. Verschiedene Funktionen k\u00f6nnen mit dem Weizenstreuer kombiniert werden, wie Rotationsbodenbearbeitung und D\u00fcngung, um Ihre unterschiedlichen Anforderungen zu erf\u00fcllen.<\/p>    <figure class=\"wp-block-image aligncenter size-large\"><img loading=\"lazy\" decoding=\"async\" width=\"720\" height=\"540\" src=\"https:\/\/www.agriculture-machine.com\/wp-content\/uploads\/2021\/11\/IMG_20210325_111430-720x540.jpg?v=1636621891\" alt=\"Weizenpflanzer\" class=\"wp-image-12093\" srcset=\"https:\/\/www.agriculture-machine.com\/wp-content\/uploads\/2021\/11\/IMG_20210325_111430-720x540.jpg 720w, https:\/\/www.agriculture-machine.com\/wp-content\/uploads\/2021\/11\/IMG_20210325_111430-360x270.jpg 360w, https:\/\/www.agriculture-machine.com\/wp-content\/uploads\/2021\/11\/IMG_20210325_111430-240x180.jpg 240w, https:\/\/www.agriculture-machine.com\/wp-content\/uploads\/2021\/11\/IMG_20210325_111430-768x576.jpg 768w, https:\/\/www.agriculture-machine.com\/wp-content\/uploads\/2021\/11\/IMG_20210325_111430-1536x1152.jpg 1536w, https:\/\/www.agriculture-machine.com\/wp-content\/uploads\/2021\/11\/IMG_20210325_111430-2048x1536.jpg 2048w\" sizes=\"auto, (max-width: 720px) 100vw, 720px\" \/><figcaption class=\"wp-element-caption\">Weizenpflanzer<\/figcaption><\/figure>    <h2 class=\"wp-block-heading\">Aufbau des Weizensaatgutstreuers<\/h2>    <p>Der Weizenpflanzer hat Teile wie einen Rahmen, eine Saatbox, eine D\u00fcngerkiste, einen Scheiben\u00f6ffner, eine dr\u00fcckenderotierende Trommel, eine Bodendeckblende usw.<\/p>    <p>Au\u00dferdem verwendet der Rahmen hochwertige Vierkantrohre, und alle Funktionsbauteile sind darauf montiert. \u00dcber die oberen und unteren Aufh\u00e4ngungsarme des Rahmens kann die Maschine mit dem Traktor kombiniert werden. Verlassen Sie sich auf die Hubsteuerung des Traktors, um Pflanzen zu setzen und Parzellen zu \u00fcbertragen.<\/p>    <ul class=\"wp-block-list\"> <li>Der Rahmen ist \u00fcberwiegend einzelner Balkentyp. Alle Arbeitskomponenten werden darauf montiert und die gesamte Maschine wird getragen.<\/li>    <li>S\u00e4komponenten. Der Saatkasten ist mit einer mechanischen oder pneumatischen Saatmessvorrichtung verbunden, die pr\u00e4zises S\u00e4en erm\u00f6glicht. Er ist auch mit einem verstellbaren Saat-Scheuerer und einem Saatdrucker verbunden.<\/li>    <li>D\u00fcngerausbringeteile, einschlie\u00dflich Ausbringskasten, Ausbringvorrichtung, D\u00fcngerr\u00f6hre und D\u00fcngerpflug.<\/li>    <li>Bodenkonstruction. Es umfasst einen Graben\u00f6ffner, Erddeckung, Profilierrolle, Druckrolle, Saatpressrolle und deren Kopplungsmechanismus usw.<\/li> <\/ul>    <figure class=\"wp-block-gallery has-nested-images columns-default is-cropped wp-block-gallery-2 is-layout-flex wp-block-gallery-is-layout-flex\"> <figure class=\"wp-block-image size-large\"><img loading=\"lazy\" decoding=\"async\" width=\"720\" height=\"540\" data-id=\"12098\" src=\"https:\/\/www.agriculture-machine.com\/wp-content\/uploads\/2021\/11\/IMG_20210325_105551-1-720x540.jpg\" alt=\"\" class=\"wp-image-12098\" srcset=\"https:\/\/www.agriculture-machine.com\/wp-content\/uploads\/2021\/11\/IMG_20210325_105551-1-720x540.jpg 720w, https:\/\/www.agriculture-machine.com\/wp-content\/uploads\/2021\/11\/IMG_20210325_105551-1-360x270.jpg 360w, https:\/\/www.agriculture-machine.com\/wp-content\/uploads\/2021\/11\/IMG_20210325_105551-1-240x180.jpg 240w, https:\/\/www.agriculture-machine.com\/wp-content\/uploads\/2021\/11\/IMG_20210325_105551-1-768x576.jpg 768w, https:\/\/www.agriculture-machine.com\/wp-content\/uploads\/2021\/11\/IMG_20210325_105551-1-1536x1152.jpg 1536w, https:\/\/www.agriculture-machine.com\/wp-content\/uploads\/2021\/11\/IMG_20210325_105551-1-2048x1536.jpg 2048w\" sizes=\"auto, (max-width: 720px) 100vw, 720px\" \/><\/figure>    <figure class=\"wp-block-image size-large\"><img loading=\"lazy\" decoding=\"async\" width=\"720\" height=\"540\" data-id=\"12101\" src=\"https:\/\/www.agriculture-machine.com\/wp-content\/uploads\/2021\/11\/IMG_20210325_105615-1-720x540.jpg\" alt=\"\" class=\"wp-image-12101\" srcset=\"https:\/\/www.agriculture-machine.com\/wp-content\/uploads\/2021\/11\/IMG_20210325_105615-1-720x540.jpg 720w, https:\/\/www.agriculture-machine.com\/wp-content\/uploads\/2021\/11\/IMG_20210325_105615-1-360x270.jpg 360w, https:\/\/www.agriculture-machine.com\/wp-content\/uploads\/2021\/11\/IMG_20210325_105615-1-240x180.jpg 240w, https:\/\/www.agriculture-machine.com\/wp-content\/uploads\/2021\/11\/IMG_20210325_105615-1-768x576.jpg 768w, https:\/\/www.agriculture-machine.com\/wp-content\/uploads\/2021\/11\/IMG_20210325_105615-1-1536x1152.jpg 1536w, https:\/\/www.agriculture-machine.com\/wp-content\/uploads\/2021\/11\/IMG_20210325_105615-1-2048x1536.jpg 2048w\" sizes=\"auto, (max-width: 720px) 100vw, 720px\" \/><\/figure>    <figure class=\"wp-block-image size-large\"><img loading=\"lazy\" decoding=\"async\" width=\"720\" height=\"540\" data-id=\"12103\" src=\"https:\/\/www.agriculture-machine.com\/wp-content\/uploads\/2021\/11\/IMG_20210325_111410-2-720x540.jpg\" alt=\"\" class=\"wp-image-12103\" srcset=\"https:\/\/www.agriculture-machine.com\/wp-content\/uploads\/2021\/11\/IMG_20210325_111410-2-720x540.jpg 720w, https:\/\/www.agriculture-machine.com\/wp-content\/uploads\/2021\/11\/IMG_20210325_111410-2-360x270.jpg 360w, https:\/\/www.agriculture-machine.com\/wp-content\/uploads\/2021\/11\/IMG_20210325_111410-2-240x180.jpg 240w, https:\/\/www.agriculture-machine.com\/wp-content\/uploads\/2021\/11\/IMG_20210325_111410-2-768x576.jpg 768w, https:\/\/www.agriculture-machine.com\/wp-content\/uploads\/2021\/11\/IMG_20210325_111410-2-1536x1152.jpg 1536w, https:\/\/www.agriculture-machine.com\/wp-content\/uploads\/2021\/11\/IMG_20210325_111410-2-2048x1536.jpg 2048w\" sizes=\"auto, (max-width: 720px) 100vw, 720px\" \/><\/figure> <\/figure>    <h2 class=\"wp-block-heading\">Arbeitsablauf des Weizenpflanzers<\/h2>    <p>Der Traktor zieht die S\u00e4vorrichtung und D\u00fcngervorrichtung des Weizenpflanzers, um das Land zu d\u00fcngen und zu s\u00e4en.<\/p>    <p>Zuerst f\u00e4hrt der Traktor den Pflug, um den Boden zu \u00f6ffnen. Und die D\u00fcngerleitung tritt in den \u00d6ffner ein, um den bereits ge\u00f6ffneten Graben zu d\u00fcngen. Dann wird die S\u00e4vorrichtung aktiviert, um in den Boden zu s\u00e4en. Schlie\u00dflich lockert das Verdichtungsrad den Boden im Graben und verdichtet ihn, um den Weizenpflanzungsprozess abzuschlie\u00dfen.<\/p>    <h2 class=\"wp-block-heading\">Arbeitsvideo des automatischen Weizenpflanzers<\/h2>    <figure class=\"wp-block-embed is-type-video is-provider-youtube wp-block-embed-youtube wp-embed-aspect-16-9 wp-has-aspect-ratio\"><div class=\"wp-block-embed__wrapper\"> <iframe loading=\"lazy\" title=\"Weizenpflanzer\/Weizensaatgutstreuer\/Weizenpflanzmaschine\/automatischer Weizenpflanzer\/6-Reihen-Weizenpflanzer\" width=\"500\" height=\"281\" src=\"https:\/\/www.youtube.com\/embed\/NVatr6EXLnE?feature=oembed\" frameborder=\"0\" allow=\"accelerometer; autoplay; clipboard-write; encrypted-media; gyroscope; picture-in-picture; web-share\" referrerpolicy=\"strict-origin-when-cross-origin\" allowfullscreen><\/iframe> <\/div><figcaption class=\"wp-element-caption\">Arbeitsvideo des Weizensaatgutstreuers<\/figcaption><\/figure>    <h2 class=\"wp-block-heading\">Parameter der Maschine<\/h2>    <figure class=\"wp-block-table is-style-stripes\"><table><tbody><tr><td>Modell<\/td><td>2BXF-9<\/td><td> 2BXF-12<\/td><td> 2BXF-14<\/td><td> 2BXF-16<\/td><td> 2BXF-20 <\/td><\/tr><tr><td>Saatreihen<\/td><td>9<\/td><td>12<\/td><td>14<\/td><td>16<\/td><td>20<\/td><\/tr><tr><td>Gesamtabmessungen(mm)<\/td><td>1630*1750*1100<\/td><td>1630*2250*1100<\/td><td>1630*2450*1100<\/td><td>1630*2750*1300<\/td><td>1955*3486*1550<\/td><\/tr><tr><td>Gewicht (kg)<\/td><td>298<\/td><td>360<\/td><td>450<\/td><td>520<\/td><td>1200<\/td><\/tr><tr><td>Erforderliche Leistung (Stoff)?<\/td><td>18-30 PS<br>13,2-22 kW<\/td><td>35-70 PS<br>25,7-36,7 kW<\/td><td>45-85 PS<br>33-62,5 kW<\/td><td>65-110 PS<br>47,7-80,8 kW<\/td><td>95-150 PS<br>70-11okw<\/td><\/tr><tr><td>Zeilenabstand (mm) <\/td><td>160<\/td><td>150<\/td><td>160<\/td><td>150<\/td><td>150<\/td><\/tr><\/tbody><\/table><figcaption class=\"wp-element-caption\">Technische Daten des Weizensaatgutstreuers<\/figcaption><\/figure>    <h2 class=\"wp-block-heading\">Vorteile der Weizenpflanzenausr\u00fcstung<\/h2>    <ul class=\"wp-block-list\"> <li>Stellen Sie sicher, dass die Samen am sinnvollsten im Feld liegen und dass die Aussaatmenge genau ist.<\/li>    <li>Die Saattiefe ist \u00fcberall gleich, schafft die besten Bedingungen f\u00fcr Wachstum und Entwicklung der Samen. Dadurch l\u00e4sst sich viel Saatgut sparen, der Arbeitsaufwand f\u00fcr Feldsetzlinge reduzieren und eine stabile, hohe Ernte sicherstellen.<\/li>    <li>Die Reihung ist stabil, bedeckt die Samen sehr gut, spart Samen und die Arbeitseffizienz ist hoch.<\/li>    <li>Sanfter Betrieb und hohe Aussaatqualit\u00e4t.<\/li> <\/ul>    <h2 class=\"wp-block-heading\">Eigenschaften des Mehrreihen-Weizenpflanzers<\/h2>    <ul class=\"wp-block-list\"> <li>Das zweite Paar gerillter Walzen ist ein Bauteil, das miteinander verbunden ist, und jede Scheibe kann eigenst\u00e4ndig arbeiten.<\/li>    <li>Der obere Rand jeder Grabenlage ist mit Einstellgriffen ausgestattet, die bequem und schnell sind.<\/li>    <li>Der Grabenlege-Scheibe ist mit einem Tiefenbegrenzungsrad ausgestattet, um eine gleichm\u00e4\u00dfige Tiefe zu gew\u00e4hrleisten.<\/li>    <li>Es gibt eine Satz Einstellgriffe f\u00fcr die Bodenzerdr\u00fcckungsrad und die Erddeckungstafel, die bequem und schnell sind. Jede Satz Abdeckplatten ist mit einer Feder ausgestattet. Die Breite entspricht der Jungpflanzenbreite und der Spalt ist klein; die Abdeckung des Bodens und die Unterdr\u00fcckung wirken gut.<\/li>    <li>Der verl\u00e4ngerte Balken ist einfach zu installieren und zu verwenden.<\/li> <\/ul>    <figure class=\"wp-block-gallery has-nested-images columns-default is-cropped wp-block-gallery-3 is-layout-flex wp-block-gallery-is-layout-flex\"> <figure class=\"wp-block-image size-large\"><img loading=\"lazy\" decoding=\"async\" width=\"720\" height=\"540\" data-id=\"16066\" src=\"https:\/\/www.agriculture-machine.com\/wp-content\/uploads\/2021\/11\/rice-wheat-planter.webp\" alt=\"Reis-Weizen-Pflanzer\" class=\"wp-image-16066\" srcset=\"https:\/\/www.agriculture-machine.com\/wp-content\/uploads\/2021\/11\/rice-wheat-planter.webp 720w, https:\/\/www.agriculture-machine.com\/wp-content\/uploads\/2021\/11\/rice-wheat-planter-360x270.webp 360w, https:\/\/www.agriculture-machine.com\/wp-content\/uploads\/2021\/11\/rice-wheat-planter-240x180.webp 240w, https:\/\/www.agriculture-machine.com\/wp-content\/uploads\/2021\/11\/rice-wheat-planter-16x12.webp 16w\" sizes=\"auto, (max-width: 720px) 100vw, 720px\" \/><figcaption class=\"wp-element-caption\">Reis-Weizen-Pflanzer<\/figcaption><\/figure>    <figure class=\"wp-block-image size-large\"><img loading=\"lazy\" decoding=\"async\" width=\"720\" height=\"540\" data-id=\"16067\" src=\"https:\/\/www.agriculture-machine.com\/wp-content\/uploads\/2021\/11\/wheat-seeds-sowing-machine.webp\" alt=\"Weizensaatgutstreuer\" class=\"wp-image-16067\" srcset=\"https:\/\/www.agriculture-machine.com\/wp-content\/uploads\/2021\/11\/wheat-seeds-sowing-machine.webp 720w, https:\/\/www.agriculture-machine.com\/wp-content\/uploads\/2021\/11\/wheat-seeds-sowing-machine-360x270.webp 360w, https:\/\/www.agriculture-machine.com\/wp-content\/uploads\/2021\/11\/wheat-seeds-sowing-machine-240x180.webp 240w, https:\/\/www.agriculture-machine.com\/wp-content\/uploads\/2021\/11\/wheat-seeds-sowing-machine-16x12.webp 16w\" sizes=\"auto, (max-width: 720px) 100vw, 720px\" \/><figcaption class=\"wp-element-caption\">Weizensaatgutstreuer<\/figcaption><\/figure> <\/figure>    <h2 class=\"wp-block-heading\">Wartung des 6-Reihen-Weizenpflanzer<\/h2>    <p class=\"translation-block\">Der Einsatz von <a href=\"https:\/\/en.wikipedia.org\/wiki\/Wheat\" target=\"_blank\" rel=\"noopener\">Weizen<\/a>-Plantern zeigt eine starke Saisonalit\u00e4t. Die Wartung der Ausr\u00fcstung soll sie in einen guten Betriebszustand versetzen, Ausf\u00e4lle reduzieren und die Arbeitseffizienz verbessern.<\/p>    <ul class=\"wp-block-list\"> <li>Wenn die Maschine mit hoher Geschwindigkeit auf der Stra\u00dfe f\u00e4hrt, muss der Traktorrechen gesperrt sein. Es ist streng verboten, die Maschine durch Ziehen zu fahren.<\/li>    <li>\u00dcberpr\u00fcfen Sie alle Befestigungen und Verbindungen vor dem Pflanzen. Bei Lockerungen diese rechtzeitig festziehen.<\/li>    <li>W\u00e4hrend des Betriebs muss der Bediener streng den Sicherheitsanweisungen folgen, um unn\u00f6tige Verschlei\u00df am Ger\u00e4t zu vermeiden.<\/li>    <li>Nach jeder Schicht muss der Boden von allen Teilen der Maschine entfernt werden.<\/li>    <li>\u00dcberpr\u00fcfen Sie h\u00e4ufig die Bewegung jedes Rotationspaares. Wenn der Verschlei\u00df stark ist, sollten die entsprechenden Teile rechtzeitig ausgetauscht werden. Abgeblasene Teile sollten neu gestrichen werden.<\/li>    <li>Nach jeder Saison sollte er rechtzeitig gereinigt und gewartet werden. Sp\u00fclen Sie unbedingt den D\u00fcnger aus, pr\u00fcfen Sie alle Teile und f\u00fcgen Sie Rostschutz\u00f6l hinzu. Dann lagern Sie ihn ein.<\/li> <\/ul>","protected":false},"excerpt":{"rendered":"<p>The wheat planter is suitable for direct operation after rotary tillage, without soil preparation, saving time and effort. And a single operation can complete operations such as leveling, combining moisture, sowing, covering, suppressing, and erecting vertical borders.<\/p>","protected":false},"author":1,"featured_media":12210,"parent":0,"comment_status":"closed","ping_status":"closed","template":"","tags":[158],"product-type":[1],"class_list":["post-12085","product","type-product","status-publish","has-post-thumbnail","hentry","tag-wheat","product-type-other"],"_links":{"self":[{"href":"https:\/\/www.agriculture-machine.com\/de\/wp-json\/wp\/v2\/product\/12085","targetHints":{"allow":["GET"]}}],"collection":[{"href":"https:\/\/www.agriculture-machine.com\/de\/wp-json\/wp\/v2\/product"}],"about":[{"href":"https:\/\/www.agriculture-machine.com\/de\/wp-json\/wp\/v2\/types\/product"}],"author":[{"embeddable":true,"href":"https:\/\/www.agriculture-machine.com\/de\/wp-json\/wp\/v2\/users\/1"}],"replies":[{"embeddable":true,"href":"https:\/\/www.agriculture-machine.com\/de\/wp-json\/wp\/v2\/comments?post=12085"}],"wp:featuredmedia":[{"embeddable":true,"href":"https:\/\/www.agriculture-machine.com\/de\/wp-json\/wp\/v2\/media\/12210"}],"wp:attachment":[{"href":"https:\/\/www.agriculture-machine.com\/de\/wp-json\/wp\/v2\/media?parent=12085"}],"wp:term":[{"taxonomy":"post_tag","embeddable":true,"href":"https:\/\/www.agriculture-machine.com\/de\/wp-json\/wp\/v2\/tags?post=12085"},{"taxonomy":"product-type","embeddable":true,"href":"https:\/\/www.agriculture-machine.com\/de\/wp-json\/wp\/v2\/product-type?post=12085"}],"curies":[{"name":"wp","href":"https:\/\/api.w.org\/{rel}","templated":true}]}}