{"id":12112,"date":"2021-11-12T18:33:28","date_gmt":"2021-11-12T10:33:28","guid":{"rendered":"https:\/\/www.agriculture-machine.com\/?p=12112"},"modified":"2024-09-23T11:23:30","modified_gmt":"2024-09-23T03:23:30","slug":"gasoline-self-propelled-vegetable-planter-six-row-push-seeder-wholesale-gasoline-vegetable-seeder","status":"publish","type":"product","link":"https:\/\/www.agriculture-machine.com\/de\/gasoline-self-propelled-vegetable-planter-six-row-push-seeder-wholesale-gasoline-vegetable-seeder\/","title":{"rendered":"Benzinbetriebene selbstfahrende sechereihige Gem\u00fcsepflanzmaschine"},"content":{"rendered":"<p><\/p>    <p>Mit der Entwicklung des gro\u00dffl\u00e4chigen Gem\u00fcseanbaus pflanzen viele Landwirte verschiedene Gem\u00fcsesorten in Ebenen, H\u00fcgeln und Gew\u00e4chsh\u00e4usern. Daher verwenden Landwirte weit verbreitet selbstfahrende Gem\u00fcsepflanzmaschinen. <\/p>    <p>Die selbstfahrende Gem\u00fcsepflanzmaschine ist geeignet f\u00fcr Ebenen, H\u00fcgel, Obstg\u00e4rten, Gew\u00e4chsh\u00e4user, Gem\u00fcsefelde, Trockenland und bergiges Gel\u00e4nde. Diese Maschine kann verschiedene Gem\u00fcsesorten pflanzen, wie Kohl, Karotten, Radieschen, Spinat, Salat, Sellerie usw. Au\u00dferdem verf\u00fcgt die Maschine \u00fcber Antriebskraft, leichte Bedienung, spart Arbeitskraft. Der Aufbau der Maschine ist einfach und leicht zu bedienen. Zudem ist sie klein und platzsparend. Die Aussaatqualit\u00e4t ist gut, und die Aussaattechnologie entspricht agronomischen Standards.<\/p>    <h2 class=\"wp-block-heading\" id=\"h-introduction-of-the-self-propelled-vegetable-planter\">Einf\u00fchrung der selbstfahrenden Gem\u00fcsepflanzmaschine<\/h2>    <p>Die selbstfahrende Gem\u00fcsepflanzmaschine ist f\u00fcr gro\u00dffl\u00e4chige Eins\u00e4tze geeignet. Sie kann gleichzeitig graben, s\u00e4en, den Boden bedecken und den Drucksprung ausl\u00f6sen. Die Maschine hat eigene Kraft, einfache manuelle Bedienung und hohe Effizienz. Das Saatrad aus speziellem Material kann Samen genau abwerfen, die Abwurfquote betr\u00e4gt 100 %. An beiden Seiten der Maschine befinden sich bewegliche Gummir\u00e4der, was das Bewegen in den Lagerraum erleichtert, wenn sie nicht in Betrieb ist.<\/p>    <figure class=\"wp-block-image size-large\"><img loading=\"lazy\" decoding=\"async\" width=\"720\" height=\"540\" src=\"https:\/\/www.agriculture-machine.com\/wp-content\/uploads\/2021\/11\/\u5fae\u4fe1\u56fe\u7247_20201228103823-720x540.jpg?v=1636712471\" alt=\"\" class=\"wp-image-12116\" srcset=\"https:\/\/www.agriculture-machine.com\/wp-content\/uploads\/2021\/11\/\u5fae\u4fe1\u56fe\u7247_20201228103823-720x540.jpg 720w, https:\/\/www.agriculture-machine.com\/wp-content\/uploads\/2021\/11\/\u5fae\u4fe1\u56fe\u7247_20201228103823-360x270.jpg 360w, https:\/\/www.agriculture-machine.com\/wp-content\/uploads\/2021\/11\/\u5fae\u4fe1\u56fe\u7247_20201228103823-240x180.jpg 240w, https:\/\/www.agriculture-machine.com\/wp-content\/uploads\/2021\/11\/\u5fae\u4fe1\u56fe\u7247_20201228103823-768x576.jpg 768w, https:\/\/www.agriculture-machine.com\/wp-content\/uploads\/2021\/11\/\u5fae\u4fe1\u56fe\u7247_20201228103823.jpg 1440w\" sizes=\"auto, (max-width: 720px) 100vw, 720px\" \/><figcaption><br>6-Reihige manuelle Benzingem\u00fcse-S\u00e4maschine<\/figcaption><\/figure>    <h2 class=\"wp-block-heading\">Anwendbare Felder des sechsreihigen Push-Gem\u00fcse-S\u00e4ers<\/h2>    <h3 class=\"wp-block-heading\"><strong>Geeignete Fl\u00e4chen<\/strong><\/h3>    <p>Berge, H\u00fcgel, Gew\u00e4chsh\u00e4user, Obstg\u00e4rten, Gem\u00fcsefelde, Trockenland usw.<\/p>    <h3 class=\"wp-block-heading\"><strong>Anwendungsbereich der selbstfahrenden Gem\u00fcsepflanzmaschine<\/strong><\/h3>    <p>Rote Beete, Gr\u00fcnkohl, Brokkoli, Senf, Sellerie, Amaranth, Bok Choy, Rucola, Yu Choi, Taiwan-Kohl, Spinat, Mangold, Fr\u00fchlingszwiebeln, Lauch, Koriander, Kan Kong, Napa-Kohl, Karotten, Radieschen, R\u00fcben, usw.<\/p>    <h3 class=\"wp-block-heading\"><strong>Anwendbare Felder<\/strong><\/h3>    <p>Landwirtschaft, landwirtschaftliches S\u00e4en.<\/p>    <h2 class=\"wp-block-heading\">Aufbau des sechereihigen Push-S\u00e4ers<\/h2>    <p>Die Maschine umfasst das Grundger\u00fcst, die Antriebseinheit, das Grabenwerkzeug und die Aussaatvorrichtung.<\/p>    <p>1. Das Grundger\u00fcst umfasst den Rahmen, das vordere Antriebsrad, das hintere Antriebsrad, die linke Seitenbox, die rechte Seitenbox, die Bodenplatte, den Hebearm, die vordere Schutzstange und die Armlehne.<\/p>    <p>2. Die Bodenplatte h\u00e4lt die Antriebseinheit.<\/p>    <p>3. Der Hebearm verf\u00fcgt \u00fcber eine Aussaatvorrichtung, die \u00fcber Scharniere mit den linken und rechten Seitenboxen verbunden ist.<\/p>    <p>4. An der entsprechenden Stelle des Saatger\u00e4ts wird das Grabenwerkzeug am Rahmen installiert. Es kann die Tiefe des Grabens beim S\u00e4en kontrollieren. Es ist bequem, die Samen zu s\u00e4ubern, ohne sie zu verpassen, und verschwendet somit keine Samen. Gleichzeitig kann es flexibel im Feld wenden oder zwischen Gew\u00e4chsh\u00e4usern transferieren.<\/p>    <figure class=\"wp-block-gallery columns-3 is-cropped wp-block-gallery-2 is-layout-flex wp-block-gallery-is-layout-flex\"><ul class=\"blocks-gallery-grid\"><li class=\"blocks-gallery-item\"><figure><img loading=\"lazy\" decoding=\"async\" width=\"720\" height=\"540\" src=\"https:\/\/www.agriculture-machine.com\/wp-content\/uploads\/2021\/11\/\u5fae\u4fe1\u56fe\u7247_20210111140404-720x540.jpg?v=1636712551\" alt=\"\" data-id=\"12117\" data-link=\"https:\/\/www.agriculture-machine.com\/?attachment_id=12117\" class=\"wp-image-12117\" srcset=\"https:\/\/www.agriculture-machine.com\/wp-content\/uploads\/2021\/11\/\u5fae\u4fe1\u56fe\u7247_20210111140404-720x540.jpg 720w, https:\/\/www.agriculture-machine.com\/wp-content\/uploads\/2021\/11\/\u5fae\u4fe1\u56fe\u7247_20210111140404-360x270.jpg 360w, https:\/\/www.agriculture-machine.com\/wp-content\/uploads\/2021\/11\/\u5fae\u4fe1\u56fe\u7247_20210111140404-240x180.jpg 240w, https:\/\/www.agriculture-machine.com\/wp-content\/uploads\/2021\/11\/\u5fae\u4fe1\u56fe\u7247_20210111140404-768x576.jpg 768w, https:\/\/www.agriculture-machine.com\/wp-content\/uploads\/2021\/11\/\u5fae\u4fe1\u56fe\u7247_20210111140404-1536x1152.jpg 1536w, https:\/\/www.agriculture-machine.com\/wp-content\/uploads\/2021\/11\/\u5fae\u4fe1\u56fe\u7247_20210111140404-2048x1536.jpg 2048w\" sizes=\"auto, (max-width: 720px) 100vw, 720px\" \/><\/figure><\/li><li class=\"blocks-gallery-item\"><figure><img loading=\"lazy\" decoding=\"async\" width=\"405\" height=\"540\" src=\"https:\/\/www.agriculture-machine.com\/wp-content\/uploads\/2021\/11\/\u5fae\u4fe1\u56fe\u7247_20210111140314-405x540.jpg?v=1636712725\" alt=\"\" data-id=\"12118\" data-link=\"https:\/\/www.agriculture-machine.com\/?attachment_id=12118\" class=\"wp-image-12118\" srcset=\"https:\/\/www.agriculture-machine.com\/wp-content\/uploads\/2021\/11\/\u5fae\u4fe1\u56fe\u7247_20210111140314-405x540.jpg 405w, https:\/\/www.agriculture-machine.com\/wp-content\/uploads\/2021\/11\/\u5fae\u4fe1\u56fe\u7247_20210111140314-203x270.jpg 203w, https:\/\/www.agriculture-machine.com\/wp-content\/uploads\/2021\/11\/\u5fae\u4fe1\u56fe\u7247_20210111140314-768x1024.jpg 768w, https:\/\/www.agriculture-machine.com\/wp-content\/uploads\/2021\/11\/\u5fae\u4fe1\u56fe\u7247_20210111140314-1152x1536.jpg 1152w, https:\/\/www.agriculture-machine.com\/wp-content\/uploads\/2021\/11\/\u5fae\u4fe1\u56fe\u7247_20210111140314-1536x2048.jpg 1536w, https:\/\/www.agriculture-machine.com\/wp-content\/uploads\/2021\/11\/\u5fae\u4fe1\u56fe\u7247_20210111140314-scaled.jpg 1920w\" sizes=\"auto, (max-width: 405px) 100vw, 405px\" \/><\/figure><\/li><li class=\"blocks-gallery-item\"><figure><img loading=\"lazy\" decoding=\"async\" width=\"405\" height=\"540\" src=\"https:\/\/www.agriculture-machine.com\/wp-content\/uploads\/2021\/11\/\u5fae\u4fe1\u56fe\u7247_202101111403145-405x540.jpg?v=1636712766\" alt=\"\" data-id=\"12119\" data-link=\"https:\/\/www.agriculture-machine.com\/?attachment_id=12119\" class=\"wp-image-12119\" srcset=\"https:\/\/www.agriculture-machine.com\/wp-content\/uploads\/2021\/11\/\u5fae\u4fe1\u56fe\u7247_202101111403145-405x540.jpg 405w, https:\/\/www.agriculture-machine.com\/wp-content\/uploads\/2021\/11\/\u5fae\u4fe1\u56fe\u7247_202101111403145-203x270.jpg 203w, https:\/\/www.agriculture-machine.com\/wp-content\/uploads\/2021\/11\/\u5fae\u4fe1\u56fe\u7247_202101111403145-768x1024.jpg 768w, https:\/\/www.agriculture-machine.com\/wp-content\/uploads\/2021\/11\/\u5fae\u4fe1\u56fe\u7247_202101111403145-1152x1536.jpg 1152w, https:\/\/www.agriculture-machine.com\/wp-content\/uploads\/2021\/11\/\u5fae\u4fe1\u56fe\u7247_202101111403145-1536x2048.jpg 1536w, https:\/\/www.agriculture-machine.com\/wp-content\/uploads\/2021\/11\/\u5fae\u4fe1\u56fe\u7247_202101111403145-scaled.jpg 1920w\" sizes=\"auto, (max-width: 405px) 100vw, 405px\" \/><\/figure><\/li><li class=\"blocks-gallery-item\"><figure><img loading=\"lazy\" decoding=\"async\" width=\"720\" height=\"540\" src=\"https:\/\/www.agriculture-machine.com\/wp-content\/uploads\/2021\/11\/\u5fae\u4fe1\u56fe\u7247_20210111140109-720x540.jpg?v=1636712791\" alt=\"\" data-id=\"12120\" data-link=\"https:\/\/www.agriculture-machine.com\/?attachment_id=12120\" class=\"wp-image-12120\" srcset=\"https:\/\/www.agriculture-machine.com\/wp-content\/uploads\/2021\/11\/\u5fae\u4fe1\u56fe\u7247_20210111140109-720x540.jpg 720w, https:\/\/www.agriculture-machine.com\/wp-content\/uploads\/2021\/11\/\u5fae\u4fe1\u56fe\u7247_20210111140109-360x270.jpg 360w, https:\/\/www.agriculture-machine.com\/wp-content\/uploads\/2021\/11\/\u5fae\u4fe1\u56fe\u7247_20210111140109-240x180.jpg 240w, https:\/\/www.agriculture-machine.com\/wp-content\/uploads\/2021\/11\/\u5fae\u4fe1\u56fe\u7247_20210111140109-768x576.jpg 768w, https:\/\/www.agriculture-machine.com\/wp-content\/uploads\/2021\/11\/\u5fae\u4fe1\u56fe\u7247_20210111140109-1536x1152.jpg 1536w, https:\/\/www.agriculture-machine.com\/wp-content\/uploads\/2021\/11\/\u5fae\u4fe1\u56fe\u7247_20210111140109-2048x1536.jpg 2048w\" sizes=\"auto, (max-width: 720px) 100vw, 720px\" \/><\/figure><\/li><li class=\"blocks-gallery-item\"><figure><img loading=\"lazy\" decoding=\"async\" width=\"720\" height=\"540\" src=\"https:\/\/www.agriculture-machine.com\/wp-content\/uploads\/2021\/11\/\u5fae\u4fe1\u56fe\u7247_202012281038235-1-720x540.jpg?v=1636712819\" alt=\"\" data-id=\"12122\" data-link=\"https:\/\/www.agriculture-machine.com\/?attachment_id=12122\" class=\"wp-image-12122\" srcset=\"https:\/\/www.agriculture-machine.com\/wp-content\/uploads\/2021\/11\/\u5fae\u4fe1\u56fe\u7247_202012281038235-1-720x540.jpg 720w, https:\/\/www.agriculture-machine.com\/wp-content\/uploads\/2021\/11\/\u5fae\u4fe1\u56fe\u7247_202012281038235-1-360x270.jpg 360w, https:\/\/www.agriculture-machine.com\/wp-content\/uploads\/2021\/11\/\u5fae\u4fe1\u56fe\u7247_202012281038235-1-240x180.jpg 240w, https:\/\/www.agriculture-machine.com\/wp-content\/uploads\/2021\/11\/\u5fae\u4fe1\u56fe\u7247_202012281038235-1-768x576.jpg 768w, https:\/\/www.agriculture-machine.com\/wp-content\/uploads\/2021\/11\/\u5fae\u4fe1\u56fe\u7247_202012281038235-1.jpg 1440w\" sizes=\"auto, (max-width: 720px) 100vw, 720px\" \/><\/figure><\/li><li class=\"blocks-gallery-item\"><figure><img loading=\"lazy\" decoding=\"async\" width=\"249\" height=\"540\" src=\"https:\/\/www.agriculture-machine.com\/wp-content\/uploads\/2021\/11\/\u5fae\u4fe1\u56fe\u7247_202101111401094-249x540.jpg?v=1636712835\" alt=\"\" data-id=\"12123\" data-full-url=\"https:\/\/www.agriculture-machine.com\/wp-content\/uploads\/2021\/11\/\u5fae\u4fe1\u56fe\u7247_202101111401094.jpg?v=1636712835\" data-link=\"https:\/\/www.agriculture-machine.com\/?attachment_id=12123\" class=\"wp-image-12123\" srcset=\"https:\/\/www.agriculture-machine.com\/wp-content\/uploads\/2021\/11\/\u5fae\u4fe1\u56fe\u7247_202101111401094-249x540.jpg 249w, https:\/\/www.agriculture-machine.com\/wp-content\/uploads\/2021\/11\/\u5fae\u4fe1\u56fe\u7247_202101111401094-125x270.jpg 125w, https:\/\/www.agriculture-machine.com\/wp-content\/uploads\/2021\/11\/\u5fae\u4fe1\u56fe\u7247_202101111401094-768x1662.jpg 768w, https:\/\/www.agriculture-machine.com\/wp-content\/uploads\/2021\/11\/\u5fae\u4fe1\u56fe\u7247_202101111401094-710x1536.jpg 710w, https:\/\/www.agriculture-machine.com\/wp-content\/uploads\/2021\/11\/\u5fae\u4fe1\u56fe\u7247_202101111401094.jpg 887w\" sizes=\"auto, (max-width: 249px) 100vw, 249px\" \/><\/figure><\/li><\/ul><\/figure>    <h2 class=\"wp-block-heading\">Funktionsprinzip des Gro\u00dfhandels-Benzingem\u00fcse-S\u00e4ers <\/h2>    <p>Durch die pr\u00e4zise Steuerung der Saatmenge mittels des Saatkontrollsystems bestimmt die Maschine den Abstand beim S\u00e4en und entl\u00e4dt die relativ gleichm\u00e4\u00dfigen einzelnen Samen in die Bodenschicht, was eine bessere Keimlingsumgebung schafft. Der Abstand zwischen den Keimlingen ist vern\u00fcnftig, und die Arbeit des k\u00fcnstlichen B\u00fcckens und Ausd\u00fcnnens wird reduziert. Die Aussaatleistung ist mehr als 15-mal h\u00f6her als bei manueller Aussaat.<\/p>    <p><\/p>    <h2 class=\"wp-block-heading\">Das Arbeitsvideo der benzinbetriebenen Hand-Gem\u00fcsepflanzmaschine<\/h2>    <figure class=\"wp-block-embed is-type-video is-provider-youtube wp-block-embed-youtube wp-embed-aspect-16-9 wp-has-aspect-ratio\"><div class=\"wp-block-embed__wrapper\"> <iframe loading=\"lazy\" title=\"Benzinbetriebene selbstfahrende Gem\u00fcsepflanzmaschine \/ sechereihiger Push-S\u00e4er\" width=\"500\" height=\"281\" src=\"https:\/\/www.youtube.com\/embed\/xFGatr9bXmw?feature=oembed\" frameborder=\"0\" allow=\"accelerometer; autoplay; clipboard-write; encrypted-media; gyroscope; picture-in-picture; web-share\" referrerpolicy=\"strict-origin-when-cross-origin\" allowfullscreen><\/iframe> <\/div><figcaption>Das Arbeitsvideo der benzinbetriebenen Hand-Gem\u00fcsepflanzmaschine <\/figcaption><\/figure>    <h2 class=\"wp-block-heading\">Vorteile der benzinbetriebenen Hand-Gem\u00fcsepflanzmaschine<\/h2>    <p>Das S\u00e4en (Reihenabstand, Pflanzabstand, S\u00e4htiefe, mehrere Samen pro Loch) ist kontrollierbar. Und diese Maschine kann gleichzeitig graben, s\u00e4en, den Boden bedecken und den Drucksprung ausl\u00f6sen, was die Arbeit erheblich spart.<\/p>    <p class=\"translation-block\"><strong>Merkmale:<\/strong><\/p>    <ol class=\"wp-block-list\"><li>Die selbstbetriebene Pflanzmaschine eignet sich f\u00fcr gro\u00dffl\u00e4chige Eins\u00e4tze.<\/li><\/ol>    <p>2. Intensive Aussaat kleiner Samen ist besser.<\/p>    <p>3. Der Betrieb ist einfach und die Wendigkeit ist hoch.<\/p>    <p>4. Das Saatrad aus Aluminiummaterial erzeugt keine statische Elektrizit\u00e4t und haftet nicht an den Samen. Es ist hochglatt, pr\u00e4zise beim Pflanzen und hat eine hohe Pflanzrate.<\/p>    <p>5. Aussaatmethode: Saatradtyp, frei montierbar, abnehmbar, um die Anzahl der Reihen zu erh\u00f6hen oder zu verringern.<\/p>    <p>6. Das Verdichtungsrad ist f\u00fcr nicht klebrigen Boden konzipiert, um den Widerstand zu verringern, und das S\u00e4en mit vorderem und hinterem Rad ist arbeitsersparend.<\/p>    <p>7. Beide Seiten sind mit beweglichen Gummir\u00e4dern ausgestattet, was das Bewegen der Maschine in den Lagerraum erleichtert, wenn sie nicht in Betrieb ist.<\/p>    <h2 class=\"wp-block-heading\">Wie man eine benzinbetriebene, selbstfahrende Gem\u00fcsepflanzmaschine wartet<\/h2>    <p>1. Entfernen Sie den Boden in allen Teilen der benzinbetriebenen, selbstfahrenden Gem\u00fcsepflanzmaschine.<\/p>    <p>2. Entfernen Sie die Samen aus dem D\u00fcngemittelbeh\u00e4lter.<\/p>    <p>3. \u00dcberpr\u00fcfen Sie, ob die Pflanzmaschine besch\u00e4digte oder abgenutzte Teile hat, ersetzen oder reparieren Sie diese bei Bedarf. Bei abbl\u00e4tternder Farbe streichen Sie die Farbe neu.<\/p>    <p>4. Nach l\u00e4ngerer Lagerung der Pflanzmaschine, vor der n\u00e4chsten Pflanzsaison, Wartung und Reparatur der Maschine im Voraus durchf\u00fchren, um die technische Betriebsf\u00e4higkeit zu erhalten.<\/p>    <figure class=\"wp-block-image size-large\"><img loading=\"lazy\" decoding=\"async\" width=\"720\" height=\"540\" src=\"https:\/\/www.agriculture-machine.com\/wp-content\/uploads\/2021\/11\/\u5fae\u4fe1\u56fe\u7247_202101111403146-720x540.jpg?v=1636713138\" alt=\"\" class=\"wp-image-12125\" srcset=\"https:\/\/www.agriculture-machine.com\/wp-content\/uploads\/2021\/11\/\u5fae\u4fe1\u56fe\u7247_202101111403146-720x540.jpg 720w, https:\/\/www.agriculture-machine.com\/wp-content\/uploads\/2021\/11\/\u5fae\u4fe1\u56fe\u7247_202101111403146-360x270.jpg 360w, https:\/\/www.agriculture-machine.com\/wp-content\/uploads\/2021\/11\/\u5fae\u4fe1\u56fe\u7247_202101111403146-240x180.jpg 240w, https:\/\/www.agriculture-machine.com\/wp-content\/uploads\/2021\/11\/\u5fae\u4fe1\u56fe\u7247_202101111403146-768x576.jpg 768w, https:\/\/www.agriculture-machine.com\/wp-content\/uploads\/2021\/11\/\u5fae\u4fe1\u56fe\u7247_202101111403146-1536x1152.jpg 1536w, https:\/\/www.agriculture-machine.com\/wp-content\/uploads\/2021\/11\/\u5fae\u4fe1\u56fe\u7247_202101111403146-2048x1536.jpg 2048w\" sizes=\"auto, (max-width: 720px) 100vw, 720px\" \/><\/figure>    <h2 class=\"wp-block-heading\">Vorsichtsma\u00dfnahmen bei der Verwendung der manuellen Benzingem\u00fcse-S\u00e4maschine<\/h2>    <ol class=\"wp-block-list\"><li>Lagern Sie den manuellen Benzin-Gem\u00fcse-S\u00e4maschinen in einem trockenen und bel\u00fcfteten Lager oder Schuppen. Vermeiden Sie die Lagerung im Freien.<\/li><\/ol>    <p>2. Beim Lagern die St\u00e4nder fest unterst\u00fctzen. Die \u00d6ffner und Abdeckungen mit Platten polstern und nicht direkt den Boden ber\u00fchren. Die Druckfeder am \u00d6ffner sollte entspannt und im freien Zustand gehalten werden.<\/p>    <p>3. Nach der Reinigung der Bodenarbeitsger\u00e4te (wie \u00d6ffner) Butter oder Alt\u00f6l auftragen, um Rost zu vermeiden.<\/p>    <p>4. Es ist streng verboten, w\u00e4hrend des Pflanzvorgangs Anpassungen, Reparaturen und Schmierungen vorzunehmen.<\/p>    <p>5. Der Bediener sollte den Betriebsstatus der Pflanzmaschine jederzeit beobachten. Besonders auf die Saatmengenz\u00e4hlung, Blockierung des Samenrohrs und ausreichende Samen im Samenbeh\u00e4lter achten.<\/p>    <p>6. Beim Pflanzen von Samen, die mit Pestiziden gemischt sind, sollten Schutzkleidung wie Handschuhe, Masken, Schutzbrillen usw. getragen werden.<\/p>    <p>7. W\u00e4hrend des Betriebs sollten Wartung der Maschinen und Werkzeuge sowie die Reinigung von Ablagerungen durchgef\u00fchrt werden, wenn die Einheit geparkt und stabilisiert ist.<\/p>","protected":false},"excerpt":{"rendered":"<p>The self-propelled vegetable planter is suitable for large-area operations. And this machine can complete ditching, seeding, soil covering, and burst pressure at one time. The machine has its own power, easy manual operation and high efficiency.<\/p>","protected":false},"author":1,"featured_media":12115,"parent":0,"comment_status":"closed","ping_status":"closed","template":"","tags":[492,484],"product-type":[885],"class_list":["post-12112","product","type-product","status-publish","has-post-thumbnail","hentry","tag-planter","tag-vegetable","product-type-vegetable-planter"],"_links":{"self":[{"href":"https:\/\/www.agriculture-machine.com\/de\/wp-json\/wp\/v2\/product\/12112","targetHints":{"allow":["GET"]}}],"collection":[{"href":"https:\/\/www.agriculture-machine.com\/de\/wp-json\/wp\/v2\/product"}],"about":[{"href":"https:\/\/www.agriculture-machine.com\/de\/wp-json\/wp\/v2\/types\/product"}],"author":[{"embeddable":true,"href":"https:\/\/www.agriculture-machine.com\/de\/wp-json\/wp\/v2\/users\/1"}],"replies":[{"embeddable":true,"href":"https:\/\/www.agriculture-machine.com\/de\/wp-json\/wp\/v2\/comments?post=12112"}],"wp:featuredmedia":[{"embeddable":true,"href":"https:\/\/www.agriculture-machine.com\/de\/wp-json\/wp\/v2\/media\/12115"}],"wp:attachment":[{"href":"https:\/\/www.agriculture-machine.com\/de\/wp-json\/wp\/v2\/media?parent=12112"}],"wp:term":[{"taxonomy":"post_tag","embeddable":true,"href":"https:\/\/www.agriculture-machine.com\/de\/wp-json\/wp\/v2\/tags?post=12112"},{"taxonomy":"product-type","embeddable":true,"href":"https:\/\/www.agriculture-machine.com\/de\/wp-json\/wp\/v2\/product-type?post=12112"}],"curies":[{"name":"wp","href":"https:\/\/api.w.org\/{rel}","templated":true}]}}