{"id":12134,"date":"2021-11-19T15:10:56","date_gmt":"2021-11-19T07:10:56","guid":{"rendered":"https:\/\/www.agriculture-machine.com\/?p=12134"},"modified":"2026-03-20T16:15:41","modified_gmt":"2026-03-20T08:15:41","slug":"automatic-square-straw-picking-and-strapping-machine","status":"publish","type":"product","link":"https:\/\/www.agriculture-machine.com\/de\/automatic-square-straw-picking-and-strapping-machine\/","title":{"rendered":"Automatischer quadratischer Stroh-Ernte- und B\u00fcndelmaschine"},"content":{"rendered":"<p>Die automatische quadratische Strohaufnahme- und B\u00e4nderungsmaschine kann mit einem Traktor zusammenarbeiten, um die Ernte und B\u00fcndelung von Futter, Sojabohnen, Reisst\u00e4ngeln, Weizen, Mais und anderen Kulturst\u00e4ngeln durchzuf\u00fchren.<\/p>    <p>Die resultierenden Ballen sind klein, kompakt, innen locker und au\u00dfen fest. Au\u00dferdem hat der Ballen eine gute Luftdurchl\u00e4ssigkeit, was den Transport und die Lagerung erleichtert. Die Maschine hat eine Baling-Rate von \u00fcber 99 %.<\/p>    <figure class=\"wp-block-embed aligncenter is-type-video is-provider-youtube wp-block-embed-youtube wp-embed-aspect-16-9 wp-has-aspect-ratio\"><div class=\"wp-block-embed__wrapper\"> <iframe loading=\"lazy\" title=\"Effiziente Ernte- und B\u00e4lgeinbindung! Quadratische Heupresse zum Verkauf\" width=\"500\" height=\"281\" src=\"https:\/\/www.youtube.com\/embed\/VuYooF-GE2I?start=54&#038;feature=oembed\" frameborder=\"0\" allow=\"accelerometer; autoplay; clipboard-write; encrypted-media; gyroscope; picture-in-picture; web-share\" referrerpolicy=\"strict-origin-when-cross-origin\" allowfullscreen><\/iframe> <\/div><figcaption class=\"wp-element-caption\">Szene der Heupresse, die effizient Stroh auf gro\u00dffl\u00e4chigem Ackerland aufnimmt.<\/figcaption><\/figure>    <p>Die Verbreitung dieser Maschine hat eine gro\u00dfe Rolle bei der L\u00f6sung des Stroh-Recyclings gespielt. Es verbessert auch die Umweltbedingungen, die durch das Verbrennen von Stroh in l\u00e4ndlichen Gebieten verursacht werden. Dies verbessert die Nutzung der Strohqualit\u00e4t. <\/p>    <p>Sie ist eine ideale Ausr\u00fcstung f\u00fcr die Futtererfassung und -b\u00fcndelung. Seit der Einf\u00fchrung dieser Maschine ist sie die Lieblingsmaschine der Landwirte. Und ein guter Helfer, um ein Verm\u00f6gen zu machen.<\/p>    <p class=\"translation-block\">F\u00fcr das Balen und die Konservierung von feuchtem Futter k\u00f6nnen Sie unsere <strong><a href=\"https:\/\/www.agriculture-machine.com\/de\/full-automatic-silage-baling-machine\/\">Silagepresse<\/a><\/strong> verwenden.<\/p>    <figure class=\"wp-block-image aligncenter size-large\"><img loading=\"lazy\" decoding=\"async\" width=\"720\" height=\"540\" src=\"https:\/\/www.agriculture-machine.com\/wp-content\/uploads\/2021\/11\/f0a30682d1d11e67c29d2a87d5b9e75-720x540.jpg?v=1637292670\" alt=\"Automatische quadratische Strohaufnahme- und B\u00e4nderungsmaschine\" class=\"wp-image-12140\" srcset=\"https:\/\/www.agriculture-machine.com\/wp-content\/uploads\/2021\/11\/f0a30682d1d11e67c29d2a87d5b9e75-720x540.jpg 720w, https:\/\/www.agriculture-machine.com\/wp-content\/uploads\/2021\/11\/f0a30682d1d11e67c29d2a87d5b9e75-360x270.jpg 360w, https:\/\/www.agriculture-machine.com\/wp-content\/uploads\/2021\/11\/f0a30682d1d11e67c29d2a87d5b9e75-240x180.jpg 240w, https:\/\/www.agriculture-machine.com\/wp-content\/uploads\/2021\/11\/f0a30682d1d11e67c29d2a87d5b9e75-768x576.jpg 768w, https:\/\/www.agriculture-machine.com\/wp-content\/uploads\/2021\/11\/f0a30682d1d11e67c29d2a87d5b9e75-1536x1152.jpg 1536w, https:\/\/www.agriculture-machine.com\/wp-content\/uploads\/2021\/11\/f0a30682d1d11e67c29d2a87d5b9e75-2048x1536.jpg 2048w\" sizes=\"auto, (max-width: 720px) 100vw, 720px\" \/><figcaption class=\"wp-element-caption\">Quadratische Aufnahme- und B\u00e4nderungsmaschine<\/figcaption><\/figure>    <h2 class=\"wp-block-heading\">Strohballen-Details der Ballenpresse f\u00fcr Recyclingmaschinen<\/h2>    <p>Diese automatische quadratische Strohaufnahme- und B\u00e4nderungsmaschine verwendet zwei B\u00fcndel Plastikseil, um insgesamt etwa 1.000 Ballen herzustellen, mit einer Fertigung von 15-20 pro Stunde.<\/p>    <figure class=\"wp-block-image aligncenter size-full\"><img loading=\"lazy\" decoding=\"async\" width=\"720\" height=\"540\" src=\"https:\/\/www.agriculture-machine.com\/wp-content\/uploads\/2021\/11\/silage-harvester-baler-plastic-rope.webp\" alt=\"Silage-Erntemaschine Ballenplastikseil\" class=\"wp-image-15607\" srcset=\"https:\/\/www.agriculture-machine.com\/wp-content\/uploads\/2021\/11\/silage-harvester-baler-plastic-rope.webp 720w, https:\/\/www.agriculture-machine.com\/wp-content\/uploads\/2021\/11\/silage-harvester-baler-plastic-rope-360x270.webp 360w, https:\/\/www.agriculture-machine.com\/wp-content\/uploads\/2021\/11\/silage-harvester-baler-plastic-rope-240x180.webp 240w\" sizes=\"auto, (max-width: 720px) 100vw, 720px\" \/><figcaption class=\"wp-element-caption\">Silage-Erntemaschine Ballenplastikseil<\/figcaption><\/figure>    <p>Die maximale Erntbreite der Maschine betr\u00e4gt 2 Meter, die Ballengr\u00f6\u00dfe ist 114*40*30cm, und das Gewicht jedes Ballens liegt bei 25-35kg. Es kann mit einer einfachen Ballenwickelmaschine ausgestattet werden.<\/p>    <figure class=\"wp-block-image aligncenter size-full\"><img loading=\"lazy\" decoding=\"async\" width=\"720\" height=\"540\" src=\"https:\/\/www.agriculture-machine.com\/wp-content\/uploads\/2021\/11\/silage-bale-wrapping-machine.webp\" alt=\"Silageballenwickelmaschine\" class=\"wp-image-15600\" srcset=\"https:\/\/www.agriculture-machine.com\/wp-content\/uploads\/2021\/11\/silage-bale-wrapping-machine.webp 720w, https:\/\/www.agriculture-machine.com\/wp-content\/uploads\/2021\/11\/silage-bale-wrapping-machine-360x270.webp 360w, https:\/\/www.agriculture-machine.com\/wp-content\/uploads\/2021\/11\/silage-bale-wrapping-machine-240x180.webp 240w\" sizes=\"auto, (max-width: 720px) 100vw, 720px\" \/><figcaption class=\"wp-element-caption\">Silageballenwickelmaschine<\/figcaption><\/figure>    <h2 class=\"wp-block-heading\">Struktur der automatischen quadratischen Strohaufnahme- und B\u00e4nderungsmaschine<\/h2>    <p>Die Komponenten der Strohaufnahme- und Balenmaschine: Ein Zugstrahl, ein Ernteger\u00e4t, ein Schneckenf\u00f6rderer, ein Zuf\u00fchrmechanismus, ein Kolben, eine Balenkammer, ein Balenmechanismus, eine Baledichte-Einstellvorrichtung und ein Antriebssystem.<\/p>    <ul class=\"wp-block-list\"> <li>Die Funktion des Pickers besteht darin, die auf dem Boden liegenden Grasstreifen aufzusammeln. Und dann die Zuf\u00fchrplattform anzuheben. Der Picker verwendet eine Vier-Reihen-Federzahnwalze.<\/li>    <li>Die Funktion des F\u00f6rder- und Zuf\u00fchrmechanismus besteht darin, die Materialien seitlich zu sammeln. Und sie dann in die Balenkammer zuzuf\u00fchren. Er umfasst auch einen Schneckenf\u00f6rderer und einen Zuf\u00fchrhakenmechanismus.<\/li>    <li>Die Funktion des Kolbens und der Balenkammer besteht darin, das Material zu komprimieren. Anschlie\u00dfend wird es in die Balenkammer gef\u00fcttert. Der Kolben ist eine Kurbelverbindungsgelenkmechanismus. Die Bindungskammer ist eine rechteckige Hohlraum, die durch Schwei\u00dfen von Stahlplatten gebildet wird.<\/li>    <li>Die Funktion des Baledichte-Reglers besteht darin, die Baledichte anzupassen. Je nach Futterart und Feuchtigkeit kann der Bediener die Federspannung einstellen, um eine m\u00e4\u00dfig feste Bale zu erhalten.<\/li> <\/ul>    <figure class=\"wp-block-image aligncenter size-large is-resized\"><img loading=\"lazy\" decoding=\"async\" width=\"498\" height=\"540\" src=\"https:\/\/www.agriculture-machine.com\/wp-content\/uploads\/2021\/11\/XQ_14-498x540.jpg?v=1637292715\" alt=\"\" class=\"wp-image-12141\" srcset=\"https:\/\/www.agriculture-machine.com\/wp-content\/uploads\/2021\/11\/XQ_14-498x540.jpg 498w, https:\/\/www.agriculture-machine.com\/wp-content\/uploads\/2021\/11\/XQ_14-249x270.jpg 249w, https:\/\/www.agriculture-machine.com\/wp-content\/uploads\/2021\/11\/XQ_14.jpg 750w\" sizes=\"auto, (max-width: 498px) 100vw, 498px\" \/><figcaption class=\"wp-element-caption\"> Struktur der automatischen quadratischen Strohaufnahme- und B\u00e4nderungsmaschine <\/figcaption><\/figure>    <h2 class=\"wp-block-heading\">Funktionsprinzip der Strohaufnahme- und Balenmaschine<\/h2>   <div id=\"rank-math-howto\" class=\"rank-math-block\" > <div class=\"rank-math-howto-description\">  <p>Automatic square straw picking and strapping machine work through the tractor&#8217;s powder. In the process of field operations, the spring teeth of the picker pick up the ground grass strips.<\/p>  <\/div>  <div class=\"rank-math-steps\"> <div id=\"howto-step-1723021088729\" class=\"rank-math-step\"> <div class=\"rank-math-step-content\"><p>Der symmetrische Schneckenf\u00f6rderer schiebt das Material von beiden Seiten der Plattform zum Zuf\u00fchrungsstutzen.<\/p> <\/div> <\/div> <div id=\"howto-step-1723021129739\" class=\"rank-math-step\"> <div class=\"rank-math-step-content\"><p>Der Zuf\u00fchrhaken f\u00fcgt w\u00e4hrend des Arbeitsprozesses die angesammelten Strohhalme am Zuf\u00fchrungsstutzen in die Balenkammer ein. Unter der Aufw\u00e4rtsbewegung des Kolbens wird das Stroh allm\u00e4hlich verdichtet.<\/p> <\/div> <\/div> <div id=\"howto-step-1723021134530\" class=\"rank-math-step\"> <div class=\"rank-math-step-content\"><p>Wenn die L\u00e4nge des Ballens die eingestellte L\u00e4nge erreicht. Beginnt die B\u00e4nderungskupplung den B\u00e4nderungsprozess. W\u00e4hrend des Knotervorgangs umh\u00fcllen die beiden Seilb\u00fcndel den Ballen.<\/p> <\/div> <\/div> <div id=\"howto-step-1723021141074\" class=\"rank-math-step\"> <div class=\"rank-math-step-content\"><p>Dann schieben die nachfolgenden Materialien die geb\u00fcndelten Ballen allm\u00e4hlich zum Ausgang der Balenkammer. Und fallen dann durch die Balingplatte auf den Boden.<\/p> <\/div> <\/div> <\/div> <\/div>       <figure class=\"wp-block-embed aligncenter is-type-video is-provider-youtube wp-block-embed-youtube wp-embed-aspect-4-3 wp-has-aspect-ratio\"><div class=\"wp-block-embed__wrapper\"> <iframe loading=\"lazy\" title=\"Automatische quadratische Strohaufnahme- und B\u00e4nderungsmaschine\" width=\"500\" height=\"375\" src=\"https:\/\/www.youtube.com\/embed\/SpJXV_r_7yE?feature=oembed\" frameborder=\"0\" allow=\"accelerometer; autoplay; clipboard-write; encrypted-media; gyroscope; picture-in-picture; web-share\" referrerpolicy=\"strict-origin-when-cross-origin\" allowfullscreen><\/iframe> <\/div><figcaption class=\"wp-element-caption\">Stroh in ordentliche, kompakte Pakete pressen.<\/figcaption><\/figure>    <h2 class=\"wp-block-heading\">Parameter der quadratischen Strohaufnahme- und B\u00e4nderungsmaschine<\/h2>    <figure class=\"wp-block-table is-style-stripes\"><table><tbody><tr><td>Modell<\/td><td>Picker mit<\/td><td>Picker-Strukturtyp<\/td><td>Knotertyp<\/td><td>Anzahl der Knotervorrichtungen<\/td><td>Wiederholungszeiten des geb\u00fcndelten Kolbens<\/td><td>Abmessungen<\/td><td>Unterst\u00fctzungsleistung<\/td><\/tr><tr><td>9YFQ-2.2<\/td><td>2240mm<\/td><td>Federzahn<\/td><td>D<\/td><td>2<\/td><td>100\/min<\/td><td>4150*2850*1800mm<\/td><td>\u226536,7 kW<\/td><\/tr><\/tbody><\/table><figcaption class=\"wp-element-caption\">Parameter der automatischen Maisst\u00e4ngel-Erntemaschine und B\u00e4nderung <\/figcaption><\/figure>    <figure class=\"wp-block-image aligncenter size-large is-resized\"><img loading=\"lazy\" decoding=\"async\" width=\"538\" height=\"540\" src=\"https:\/\/www.agriculture-machine.com\/wp-content\/uploads\/2021\/11\/XQ_05-538x540.jpg?v=1637292767\" alt=\"\" class=\"wp-image-12142\" srcset=\"https:\/\/www.agriculture-machine.com\/wp-content\/uploads\/2021\/11\/XQ_05-538x540.jpg 538w, https:\/\/www.agriculture-machine.com\/wp-content\/uploads\/2021\/11\/XQ_05-269x270.jpg 269w, https:\/\/www.agriculture-machine.com\/wp-content\/uploads\/2021\/11\/XQ_05.jpg 750w\" sizes=\"auto, (max-width: 538px) 100vw, 538px\" \/><figcaption class=\"wp-element-caption\"> Strohaufnahme- und Balenmaschine <\/figcaption><\/figure>    <h2 class=\"wp-block-heading\">Hauptmerkmale der Strohballen-Erntemaschine<\/h2>    <ol class=\"wp-block-list\"> <li>Knotevorrichtung importiert aus Deutschland (Rasboa, Deutschland hergestellt). Die automatische quadratische Strohaufnahme- und B\u00e4nderungsmaschine hat eine hohe B\u00fcndelungsdichte, und die B\u00fcndelungsrate betr\u00e4gt bis zu 99 %.<\/li>    <li>Die gesamte Maschine verwendet das symmetrische Strukturdesign der L\u00e4ngsachse: Mittig montierte Zugkraft, gute Fahrstabilit\u00e4t und ein kleiner Wendekreis.<\/li>    <li>Verwendung einer hohlen Schneckenstruktur, um die Futterzufuhr reibungsloser zu gestalten. Keine Ansammlung, kein Verheddern.<\/li>    <li>Eine doppelseitige Bremsb\u00fcndelungsd\u00e4mpfungseinrichtung macht die B\u00fcndelungsaktion stabiler. Die Doppelreihenkette macht die Maschine f\u00fcr schwere B\u00fcndelungsarbeiten besser geeignet. Breite Reifen sorgen f\u00fcr einen stabileren Lauf. <\/li>    <li>Es kann den Lagerraum erheblich reduzieren, die Transportkapazit\u00e4t verbessern und die Brandgefahr verringern.<\/li>    <li>Einfach zu lagern. Das geb\u00fcndelte Grasvolumen ist zwei Drittel kleiner als das ungeb\u00fcndelte Gras, was die Weidefl\u00e4che erheblich reduzieren kann.<\/li>    <li>Praktisch f\u00fcr Laden, Entladen und Transport. Die Maschine kann die Tragf\u00e4higkeit des Transportmittels voll ausnutzen. Die Transportkapazit\u00e4t kann generell um 2-3 Mal erh\u00f6ht werden. Es kann auch Arbeits- und Transportkosten um mehr als 50 % einsparen.<\/li> <\/ol>    <figure class=\"wp-block-image aligncenter size-full\"><img loading=\"lazy\" decoding=\"async\" width=\"720\" height=\"540\" src=\"https:\/\/www.agriculture-machine.com\/wp-content\/uploads\/2021\/11\/automatic-square-straw-picking-and-strapping-machine.webp\" alt=\"Automatische quadratische Strohaufnahme- und B\u00e4nderungsmaschine\" class=\"wp-image-15604\" srcset=\"https:\/\/www.agriculture-machine.com\/wp-content\/uploads\/2021\/11\/automatic-square-straw-picking-and-strapping-machine.webp 720w, https:\/\/www.agriculture-machine.com\/wp-content\/uploads\/2021\/11\/automatic-square-straw-picking-and-strapping-machine-360x270.webp 360w, https:\/\/www.agriculture-machine.com\/wp-content\/uploads\/2021\/11\/automatic-square-straw-picking-and-strapping-machine-240x180.webp 240w\" sizes=\"auto, (max-width: 720px) 100vw, 720px\" \/><figcaption class=\"wp-element-caption\">Automatische quadratische Strohaufnahme- und B\u00e4nderungsmaschine<\/figcaption><\/figure>    <figure class=\"wp-block-image aligncenter size-large\"><img loading=\"lazy\" decoding=\"async\" width=\"665\" height=\"540\" src=\"https:\/\/www.agriculture-machine.com\/wp-content\/uploads\/2021\/11\/XQ_17-665x540.jpg?v=1637292853\" alt=\"Anwendung der Strohballen-Recyclingmaschine\" class=\"wp-image-12144\" srcset=\"https:\/\/www.agriculture-machine.com\/wp-content\/uploads\/2021\/11\/XQ_17-665x540.jpg 665w, https:\/\/www.agriculture-machine.com\/wp-content\/uploads\/2021\/11\/XQ_17-333x270.jpg 333w, https:\/\/www.agriculture-machine.com\/wp-content\/uploads\/2021\/11\/XQ_17.jpg 750w\" sizes=\"auto, (max-width: 665px) 100vw, 665px\" \/><figcaption class=\"wp-element-caption\">Anwendung der Strohballen-Recyclingmaschine<\/figcaption><\/figure>    <h2 class=\"wp-block-heading\">Kontaktieren Sie uns jederzeit<\/h2>    <p>Vielen Dank, dass Sie diesen Artikel \u00fcber unsere automatische quadratische Strohaufnahme- und B\u00e4nderungsmaschine gelesen haben. Wenn Sie Fragen haben oder detaillierte Informationen zu dieser Maschine ben\u00f6tigen, wenden Sie sich bitte an unser professionelles Team. Sie k\u00f6nnen uns Ihre spezifischen Bed\u00fcrfnisse \u00fcber das Nachrichtenformular rechts senden. Wir hoffen, Ihnen die passende Ausr\u00fcstung f\u00fcr Ihr Stroh-Recycling-Programm bereitstellen zu k\u00f6nnen.<\/p>","protected":false},"excerpt":{"rendered":"<p>Die automatische quadratische Strohaufnahme- und B\u00e4nderungsmaschine kann mit einem Traktor zusammenarbeiten, um die Ernte und B\u00fcndelung von Futter, St\u00e4ngeln durchzuf\u00fchren. Dieser Artikel beschreibt detailliert die Struktur, das Funktionsprinzip und das Video der Maschine.<\/p>","protected":false},"author":1,"featured_media":17575,"parent":0,"comment_status":"closed","ping_status":"closed","template":"","tags":[591],"product-type":[876,908],"class_list":["post-12134","product","type-product","status-publish","has-post-thumbnail","hentry","tag-silage","product-type-silage-machine","product-type-sliage-baler"],"_links":{"self":[{"href":"https:\/\/www.agriculture-machine.com\/de\/wp-json\/wp\/v2\/product\/12134","targetHints":{"allow":["GET"]}}],"collection":[{"href":"https:\/\/www.agriculture-machine.com\/de\/wp-json\/wp\/v2\/product"}],"about":[{"href":"https:\/\/www.agriculture-machine.com\/de\/wp-json\/wp\/v2\/types\/product"}],"author":[{"embeddable":true,"href":"https:\/\/www.agriculture-machine.com\/de\/wp-json\/wp\/v2\/users\/1"}],"replies":[{"embeddable":true,"href":"https:\/\/www.agriculture-machine.com\/de\/wp-json\/wp\/v2\/comments?post=12134"}],"wp:featuredmedia":[{"embeddable":true,"href":"https:\/\/www.agriculture-machine.com\/de\/wp-json\/wp\/v2\/media\/17575"}],"wp:attachment":[{"href":"https:\/\/www.agriculture-machine.com\/de\/wp-json\/wp\/v2\/media?parent=12134"}],"wp:term":[{"taxonomy":"post_tag","embeddable":true,"href":"https:\/\/www.agriculture-machine.com\/de\/wp-json\/wp\/v2\/tags?post=12134"},{"taxonomy":"product-type","embeddable":true,"href":"https:\/\/www.agriculture-machine.com\/de\/wp-json\/wp\/v2\/product-type?post=12134"}],"curies":[{"name":"wp","href":"https:\/\/api.w.org\/{rel}","templated":true}]}}