{"id":12170,"date":"2021-11-20T16:23:34","date_gmt":"2021-11-20T08:23:34","guid":{"rendered":"https:\/\/www.agriculture-machine.com\/?p=12170"},"modified":"2026-03-20T16:33:56","modified_gmt":"2026-03-20T08:33:56","slug":"round-straw-harvester-and-baler-machine-picking-and-bundling-machine","status":"publish","type":"product","link":"https:\/\/www.agriculture-machine.com\/de\/round-silage-straw-harvester-and-baler-machine-picking-and-bundling-machine\/","title":{"rendered":"Runder Silage-Stroh-Ernter und Ballenpresse, Sammel- und B\u00fcndelmaschine"},"content":{"rendered":"<p>Die runde Stroh-Erntemaschine und Ballenpresse kombiniert mehrere Funktionen in einer Einheit, ist in der Lage, Feldstroh zu zerkleinern, zu sammeln und zu balen, was die Arbeits- und Transportkosten erheblich reduziert. <\/p>    <p>Sein kompaktes und stromlinienf\u00f6rmiges Design sorgt f\u00fcr einfache Bedienung und hohe Effizienz, geeignet f\u00fcr Bauernh\u00f6fe unterschiedlicher Gr\u00f6\u00dfe und komplexer Gel\u00e4nde. Ob bei der Verarbeitung von Maisst\u00e4ngeln, Weizestroh, Luzerne, Baumwollst\u00e4ngeln oder anderen Pflanzenresten, diese Ausr\u00fcstung liefert schnelle und effiziente Ernte und Ballenbildung. Sie bietet eine zuverl\u00e4ssige Rohstoffversorgung f\u00fcr Landwirte, Viehzuchtbetriebe und Stroh-Kraftwerke.<\/p>    <figure class=\"wp-block-embed aligncenter is-type-video is-provider-youtube wp-block-embed-youtube wp-embed-aspect-16-9 wp-has-aspect-ratio\"><div class=\"wp-block-embed__wrapper\"> <iframe loading=\"lazy\" title=\"Strohzerkleinerungs- und Ballenpresse | Arbeitsstelle der Strohschneide- und Baler-Maschine\" width=\"500\" height=\"281\" src=\"https:\/\/www.youtube.com\/embed\/zbVtbyUgH64?feature=oembed\" frameborder=\"0\" allow=\"accelerometer; autoplay; clipboard-write; encrypted-media; gyroscope; picture-in-picture; web-share\" referrerpolicy=\"strict-origin-when-cross-origin\" allowfullscreen><\/iframe> <\/div><figcaption class=\"wp-element-caption\">Arbeitsvideo der Strohernte- und Ballenpresse<\/figcaption><\/figure>    <h2 class=\"wp-block-heading\">Anwendungsbereich der runden Stroh-Erntemaschine und Ballenpresse<\/h2>    <p>Der Silage-Strohzerkleinerer, Picker und Baler bietet breite Anwendbarkeit und arbeitet effizient in verschiedenen Umgebungen:<\/p>    <ul class=\"wp-block-list\"> <li>Ernte- und Strohballen: Maisst\u00e4ngel, Weizestroh, Reistroh, Baumwollst\u00e4ngel, Schafgras, Schilf usw.<\/li>    <li>Futterpflanzen: Luzerne, Rotschwingel, Hafergras und andere Futterkulturen.<\/li>    <li>Geeignete Szenarien: Bauernh\u00f6fe, Weiden, Silageverarbeitungsst\u00e4tten, Viehzuchtbetriebe, Stroh-Recyclinganlagen und Brennstoffversorgung f\u00fcr Stroh-Kraftwerke.<\/li>    <li>Betriebsbedingungen: verarbeitet sowohl aufrechte als auch liegende Stroh. F\u00fcr Vorernte-Feldarbeiten und Nachernte-R\u00fcckgewinnung geeignet.<\/li> <\/ul>    <figure class=\"wp-block-image aligncenter size-large is-resized\"><img loading=\"lazy\" decoding=\"async\" width=\"540\" height=\"540\" src=\"https:\/\/www.agriculture-machine.com\/wp-content\/uploads\/2021\/11\/\u5fae\u4fe1\u56fe\u7247_202105051657083-540x540.jpg?v=1637396272\" alt=\"\" class=\"wp-image-12177\" srcset=\"https:\/\/www.agriculture-machine.com\/wp-content\/uploads\/2021\/11\/\u5fae\u4fe1\u56fe\u7247_202105051657083-540x540.jpg 540w, https:\/\/www.agriculture-machine.com\/wp-content\/uploads\/2021\/11\/\u5fae\u4fe1\u56fe\u7247_202105051657083-270x270.jpg 270w, https:\/\/www.agriculture-machine.com\/wp-content\/uploads\/2021\/11\/\u5fae\u4fe1\u56fe\u7247_202105051657083-768x768.jpg 768w, https:\/\/www.agriculture-machine.com\/wp-content\/uploads\/2021\/11\/\u5fae\u4fe1\u56fe\u7247_202105051657083.jpg 800w\" sizes=\"auto, (max-width: 540px) 100vw, 540px\" \/><figcaption class=\"wp-element-caption\"> runde Zerkleinerungs-, Sammel- und B\u00e4ndelmaschine <\/figcaption><\/figure>    <h2 class=\"wp-block-heading\">Aufbau der Futterzerkleinerungs- und Aufnahmepresse<\/h2>    <p>Diese runde Stroh-Erntemaschine und Ballenpresse umfasst eine PTO, Zerkleinerungsmechanismus, Picker, Zuf\u00fchrmechanismus, B\u00fcndelungsmechanismus und andere Teile.<\/p>    <ul class=\"wp-block-list\"> <li>PTO: Anschluss an den Traktor \u00fcber eine splined Welle (8 Schl\u00fcssel). Zuerst den Traktor starten. Dann \u00fcbertragen Sie die Kraft durch die Zahnwelle auf die Maschine.<\/li>    <li>Zerkleinerungsmechanismus: zerbricht das Stroh zuerst.<\/li>    <li>Picker: hebt das zerdr\u00fcckte Stroh auf und hebt es in die Zuf\u00fchrplattform.<\/li>    <li>F\u00fctterungsmechanismus: f\u00fchrt das Stroh in den Binde-Mechanismus ein.<\/li>    <li>B\u00fcndelungsmechanismus: Der Kolben und die Balleinheit komprimieren und formen das Stroh.<\/li> <\/ul>    <figure class=\"wp-block-image aligncenter size-large\"><img loading=\"lazy\" decoding=\"async\" width=\"524\" height=\"540\" src=\"https:\/\/www.agriculture-machine.com\/wp-content\/uploads\/2021\/11\/XQ_08-524x540.jpg?v=1637396324\" alt=\"\" class=\"wp-image-12178\" srcset=\"https:\/\/www.agriculture-machine.com\/wp-content\/uploads\/2021\/11\/XQ_08-524x540.jpg 524w, https:\/\/www.agriculture-machine.com\/wp-content\/uploads\/2021\/11\/XQ_08-262x270.jpg 262w, https:\/\/www.agriculture-machine.com\/wp-content\/uploads\/2021\/11\/XQ_08.jpg 750w\" sizes=\"auto, (max-width: 524px) 100vw, 524px\" \/><figcaption class=\"wp-element-caption\"> Aufbau der Futterzerkleinerungs- und Aufnahmepresse <\/figcaption><\/figure>    <h2 class=\"wp-block-heading\">Wie funktioniert die Silage-Schneide-, Sammel- und Binde-Maschine?<\/h2>    <p>Zuerst knetet und zerdr\u00fcckt die runde Stroh-Erntemaschine das Stroh. Danach wirft das Material in den Schneckenf\u00f6rderer unter der Tr\u00e4gheit der Maschine. Der Schneckenf\u00f6rderer schiebt das Material zum Zuf\u00fchrungsport.<\/p>    <p>Dann schickt die Zuf\u00fchrgabel das Material in die Kompressionskammer der runden Stroh-Erntemaschine und Ballenpresse. <\/p>    <p>Schlie\u00dflich wird der Lagerraum hydraulisch ge\u00f6ffnet und geb\u00fcndelt. Das geb\u00fcndelte Futter ist bequem f\u00fcr Transport, Lagerung und Weiterverarbeitung. <\/p>    <figure class=\"wp-block-embed is-type-video is-provider-youtube wp-block-embed-youtube wp-embed-aspect-16-9 wp-has-aspect-ratio\"><div class=\"wp-block-embed__wrapper\"> <iframe loading=\"lazy\" title=\"Effiziente Strohballenbildung: Feedback zur runden Picker- und Ballenpresse in Simbabwe!\" width=\"500\" height=\"281\" src=\"https:\/\/www.youtube.com\/embed\/fIpf3MBS6U4?feature=oembed\" frameborder=\"0\" allow=\"accelerometer; autoplay; clipboard-write; encrypted-media; gyroscope; picture-in-picture; web-share\" referrerpolicy=\"strict-origin-when-cross-origin\" allowfullscreen><\/iframe> <\/div><figcaption class=\"wp-element-caption\">Video der Arbeitsweise der runden Stroh-Erntemaschine und Ballenpresse<\/figcaption><\/figure>    <p>Die Antriebswelle des Traktors \u00fcbertr\u00e4gt die Kraft durch eine Kardankupplung auf die Eingangsachse der runden Stroh-Erntemaschine und Ballenpresse. <\/p>    <p>Danach treiben das Ketten- und Zahnradgetriebe die Walzen- und Pressrollenmechanik sowie den Strohpicker an. <\/p>    <p>Dann steuert die hydraulische Schnittstelle des Traktors die Ausdehnung und Kontraktion des Zylinderkolbens, um das Ballenentwinden zu realisieren.<\/p>    <figure class=\"wp-block-image aligncenter size-full\"><img loading=\"lazy\" decoding=\"async\" width=\"720\" height=\"540\" src=\"https:\/\/www.agriculture-machine.com\/wp-content\/uploads\/2021\/11\/straw-picking-and-crushing-baler.webp\" alt=\"Stroh-Erntemaschine und Zerkleinerungs-Ballenpresse\" class=\"wp-image-16319\" srcset=\"https:\/\/www.agriculture-machine.com\/wp-content\/uploads\/2021\/11\/straw-picking-and-crushing-baler.webp 720w, https:\/\/www.agriculture-machine.com\/wp-content\/uploads\/2021\/11\/straw-picking-and-crushing-baler-360x270.webp 360w, https:\/\/www.agriculture-machine.com\/wp-content\/uploads\/2021\/11\/straw-picking-and-crushing-baler-240x180.webp 240w, https:\/\/www.agriculture-machine.com\/wp-content\/uploads\/2021\/11\/straw-picking-and-crushing-baler-16x12.webp 16w\" sizes=\"auto, (max-width: 720px) 100vw, 720px\" \/><figcaption class=\"wp-element-caption\">Stroh-Erntemaschine und Zerkleinerungs-Ballenpresse<\/figcaption><\/figure>    <h2 class=\"wp-block-heading\">Parameter der automatischen Maisst\u00e4ngel-Erntemaschine und Ballenpresse<\/h2>    <figure class=\"wp-block-table is-style-stripes\"><table><tbody><tr><td>Modell<\/td><td>Erfassungsbreite (mm)<\/td><td>Arbeitsleistung (Acker\/Tag)<\/td><td>Leistung (kW\/m)<\/td><\/tr><tr><td>9YY-0.5<\/td><td>1650<\/td><td>30-50<\/td><td>&gt;50<\/td><\/tr><tr><td>9YY-0.7<\/td><td>1800<\/td><td>50-90<\/td><td>&gt;50<\/td><\/tr><\/tbody><\/table><figcaption class=\"wp-element-caption\">Parameter der automatischen Gras-Erntemaschine und Ballenpresse <\/figcaption><\/figure>    <figure class=\"wp-block-image aligncenter size-full is-resized\"><img loading=\"lazy\" decoding=\"async\" width=\"720\" height=\"540\" src=\"https:\/\/www.agriculture-machine.com\/wp-content\/uploads\/2021\/11\/straw-harvester-machine-with-tractor.webp\" alt=\"Runde Stroh-Erntemaschine und Ballenpresse mit Traktor\" class=\"wp-image-16317\" style=\"width:720px;height:auto\" srcset=\"https:\/\/www.agriculture-machine.com\/wp-content\/uploads\/2021\/11\/straw-harvester-machine-with-tractor.webp 720w, https:\/\/www.agriculture-machine.com\/wp-content\/uploads\/2021\/11\/straw-harvester-machine-with-tractor-360x270.webp 360w, https:\/\/www.agriculture-machine.com\/wp-content\/uploads\/2021\/11\/straw-harvester-machine-with-tractor-240x180.webp 240w, https:\/\/www.agriculture-machine.com\/wp-content\/uploads\/2021\/11\/straw-harvester-machine-with-tractor-16x12.webp 16w\" sizes=\"auto, (max-width: 720px) 100vw, 720px\" \/><figcaption class=\"wp-element-caption\">Stroh-Erntemaschine mit Traktor<\/figcaption><\/figure>    <h2 class=\"wp-block-heading\">Merkmal der runden St\u00e4ngelzerkleinerungs-, Sammel- und B\u00e4ndelmaschine<\/h2>    <ul class=\"wp-block-list\"> <li>Alles in einem: Zerkleinert, sammelt und baltet gleichzeitig, spart Arbeit und vereinfacht die Prozesse.<\/li>    <li>Hocheffizienter Betrieb: verarbeitet 0,82\u20131,3 Acres Pflanzenreste pro Durchgang, steigert die Produktivit\u00e4t erheblich.<\/li>    <li>Verstellbare Ballenbildung: flexibel anpassbar in L\u00e4nge und Abmessungen, um Transport- und Lageranforderungen zu erf\u00fcllen.<\/li>    <li>Betriebliche Flexibilit\u00e4t: Kompaktes Design f\u00fcr kleine Fl\u00e4chen, leicht von einer Person zu bedienen.<\/li>    <li>Hohe Anpassungsf\u00e4higkeit: kompatibel mit kleinen bis mittelgro\u00dfen Vier-Rad-Traktoren, liefert stabile Leistung und breite Anwendbarkeit.<\/li>    <li>Sicher und zuverl\u00e4ssig: ausgestattet mit einer Sicherheitskupplung und Scherbolzenmechanismus, der bei \u00dcberlast automatisch die Kraft trennt, um Sch\u00e4den zu vermeiden.<\/li>    <li>Ausgezeichnete Ballenqualit\u00e4t: Produziert dichte, aber atmungsaktive Ballen, ideal f\u00fcr Lagerung, Transport und sp\u00e4tere Nutzung.<\/li>    <li>Einfache Wartung: einfache Konstruktion mit niedriger Ausfallrate, minimiert Routinewartung und Reparaturkosten.<\/li> <\/ul>    <figure class=\"wp-block-image aligncenter size-large is-resized\"><img loading=\"lazy\" decoding=\"async\" width=\"720\" height=\"512\" src=\"https:\/\/www.agriculture-machine.com\/wp-content\/uploads\/2021\/11\/SL_04-720x512.jpg?v=1637396482\" alt=\"\" class=\"wp-image-12180\" style=\"width:536px;height:381px\" srcset=\"https:\/\/www.agriculture-machine.com\/wp-content\/uploads\/2021\/11\/SL_04-720x512.jpg 720w, https:\/\/www.agriculture-machine.com\/wp-content\/uploads\/2021\/11\/SL_04-360x256.jpg 360w, https:\/\/www.agriculture-machine.com\/wp-content\/uploads\/2021\/11\/SL_04.jpg 750w\" sizes=\"auto, (max-width: 720px) 100vw, 720px\" \/><\/figure>    <h2 class=\"wp-block-heading\">Warum unsere Strohschneide-, Sammel- und B\u00e4ndelmaschine w\u00e4hlen?<\/h2>    <p class=\"translation-block\">Ob f\u00fcr <a href=\"https:\/\/en.wikipedia.org\/wiki\/Straw\" target=\"_blank\" rel=\"noopener\">Stroh<\/a> Silagef\u00fctterung, Viehfutterreserven oder Stroh als Brennstoffversorgung, unsere Ger\u00e4te helfen Ihnen, Zeit- und Arbeitskosten zu sparen und gleichzeitig Herausforderungen bei Transport und Lagerung von Stroh zu bew\u00e4ltigen. <\/p>    <p class=\"translation-block\">Mit stabilem Betrieb und breiter Anwendbarkeit ist es die ideale Wahl f\u00fcr Landwirte und gro\u00df angelegte Viehzuchtbetriebe. Wir haben auch <strong><em><a href=\"https:\/\/www.agriculture-machine.com\/de\/automatic-square-straw-picking-and-strapping-machine\/\">quadratische Ballen-Strohaufnehmer-Ballenpressen<\/a><\/em><\/strong> im Angebot. Kontaktieren Sie uns noch heute f\u00fcr weitere Maschinendetails und ma\u00dfgeschneiderte L\u00f6sungsofferten!<\/p>","protected":false},"excerpt":{"rendered":"<p>Die runde Stroh-Erntemaschine und Ballenpresse integriert Zerkleinerung, Sammeln und B\u00fcndelung. Sie verarbeitet effizient Mais, Weizen, Luzerne und andere Kulturen und findet breite Anwendung auf Bauernh\u00f6fen, in Viehzuchtbetrieben und bei Stroh-Recyclinganlagen.<\/p>","protected":false},"author":1,"featured_media":17579,"parent":0,"comment_status":"closed","ping_status":"closed","template":"","tags":[591,761],"product-type":[876,908],"class_list":["post-12170","product","type-product","status-publish","has-post-thumbnail","hentry","tag-silage","tag-straw","product-type-silage-machine","product-type-sliage-baler"],"_links":{"self":[{"href":"https:\/\/www.agriculture-machine.com\/de\/wp-json\/wp\/v2\/product\/12170","targetHints":{"allow":["GET"]}}],"collection":[{"href":"https:\/\/www.agriculture-machine.com\/de\/wp-json\/wp\/v2\/product"}],"about":[{"href":"https:\/\/www.agriculture-machine.com\/de\/wp-json\/wp\/v2\/types\/product"}],"author":[{"embeddable":true,"href":"https:\/\/www.agriculture-machine.com\/de\/wp-json\/wp\/v2\/users\/1"}],"replies":[{"embeddable":true,"href":"https:\/\/www.agriculture-machine.com\/de\/wp-json\/wp\/v2\/comments?post=12170"}],"wp:featuredmedia":[{"embeddable":true,"href":"https:\/\/www.agriculture-machine.com\/de\/wp-json\/wp\/v2\/media\/17579"}],"wp:attachment":[{"href":"https:\/\/www.agriculture-machine.com\/de\/wp-json\/wp\/v2\/media?parent=12170"}],"wp:term":[{"taxonomy":"post_tag","embeddable":true,"href":"https:\/\/www.agriculture-machine.com\/de\/wp-json\/wp\/v2\/tags?post=12170"},{"taxonomy":"product-type","embeddable":true,"href":"https:\/\/www.agriculture-machine.com\/de\/wp-json\/wp\/v2\/product-type?post=12170"}],"curies":[{"name":"wp","href":"https:\/\/api.w.org\/{rel}","templated":true}]}}